{"id":40309,"date":"2026-04-23T14:06:02","date_gmt":"2026-04-23T14:06:02","guid":{"rendered":"https:\/\/site.utm.ro\/?page_id=40309"},"modified":"2026-04-23T14:11:12","modified_gmt":"2026-04-23T14:11:12","slug":"admitere-inscriere-online","status":"publish","type":"page","link":"https:\/\/site.utm.ro\/en\/admitere\/admitere-inscriere-online\/","title":{"rendered":"Admitere &#8211; \u00censcriere online"},"content":{"rendered":"<div data-elementor-type=\"wp-page\" data-elementor-id=\"40309\" class=\"elementor elementor-40309\" data-elementor-post-type=\"page\">\n\t\t\t\t\t\t<section class=\"elementor-section elementor-top-section elementor-element elementor-element-ca6d189 elementor-section-height-min-height elementor-section-full_width elementor-section-height-default elementor-section-items-middle\" data-id=\"ca6d189\" data-element_type=\"section\" data-e-type=\"section\" data-settings=\"{&quot;background_background&quot;:&quot;classic&quot;}\">\n\t\t\t\t\t\t\t<div class=\"elementor-background-overlay\"><\/div>\n\t\t\t\t\t\t\t<div class=\"elementor-container elementor-column-gap-default\">\n\t\t\t\t\t<div class=\"elementor-column elementor-col-100 elementor-top-column elementor-element elementor-element-38edf46\" data-id=\"38edf46\" data-element_type=\"column\" data-e-type=\"column\" data-settings=\"{&quot;background_background&quot;:&quot;classic&quot;}\">\n\t\t\t<div class=\"elementor-widget-wrap\">\n\t\t\t\t\t\t\t<\/div>\n\t\t<\/div>\n\t\t\t\t\t<\/div>\n\t\t<\/section>\n\t\t\t\t<section class=\"elementor-section elementor-top-section elementor-element elementor-element-d2d73bc elementor-section-boxed elementor-section-height-default elementor-section-height-default\" data-id=\"d2d73bc\" data-element_type=\"section\" data-e-type=\"section\">\n\t\t\t\t\t\t<div class=\"elementor-container elementor-column-gap-no\">\n\t\t\t\t\t<div class=\"elementor-column elementor-col-50 elementor-top-column elementor-element elementor-element-dd5caa7 animated-fast elementor-invisible\" data-id=\"dd5caa7\" data-element_type=\"column\" data-e-type=\"column\" data-settings=\"{&quot;background_background&quot;:&quot;classic&quot;,&quot;animation&quot;:&quot;fadeIn&quot;,&quot;animation_tablet&quot;:&quot;none&quot;,&quot;animation_mobile&quot;:&quot;none&quot;,&quot;animation_delay&quot;:100}\">\n\t\t\t<div class=\"elementor-widget-wrap elementor-element-populated\">\n\t\t\t\t\t\t<div class=\"elementor-element elementor-element-863d211 elementor-widget elementor-widget-heading\" data-id=\"863d211\" data-element_type=\"widget\" data-e-type=\"widget\" data-widget_type=\"heading.default\">\n\t\t\t\t<div class=\"elementor-widget-container\">\n\t\t\t\t\t<h1 class=\"elementor-heading-title elementor-size-default\">Online registration<\/h1>\t\t\t\t<\/div>\n\t\t\t\t<\/div>\n\t\t\t\t\t<\/div>\n\t\t<\/div>\n\t\t\t\t<div class=\"elementor-column elementor-col-50 elementor-top-column elementor-element elementor-element-a0ad7d2 elementor-hidden-desktop elementor-hidden-tablet elementor-hidden-phone\" data-id=\"a0ad7d2\" data-element_type=\"column\" data-e-type=\"column\">\n\t\t\t<div class=\"elementor-widget-wrap\">\n\t\t\t\t\t\t\t<\/div>\n\t\t<\/div>\n\t\t\t\t\t<\/div>\n\t\t<\/section>\n\t\t\t\t<section class=\"elementor-section elementor-top-section elementor-element elementor-element-c483e7c elementor-section-boxed elementor-section-height-default elementor-section-height-default\" data-id=\"c483e7c\" data-element_type=\"section\" data-e-type=\"section\">\n\t\t\t\t\t\t<div class=\"elementor-container elementor-column-gap-default\">\n\t\t\t\t\t<div class=\"elementor-column elementor-col-100 elementor-top-column elementor-element elementor-element-f2d85fa\" data-id=\"f2d85fa\" data-element_type=\"column\" data-e-type=\"column\">\n\t\t\t<div class=\"elementor-widget-wrap elementor-element-populated\">\n\t\t\t\t\t\t<div class=\"elementor-element elementor-element-03f5df5 elementor-widget elementor-widget-text-editor\" data-id=\"03f5df5\" data-element_type=\"widget\" data-e-type=\"widget\" data-widget_type=\"text-editor.default\">\n\t\t\t\t<div class=\"elementor-widget-container\">\n\t\t\t\t\t\t\t\t\t<p style=\"font-weight: 400;\">\u00censcrierea la concursul de admitere <strong>se poate face online, <\/strong>pentru orice program de studiu care fac obiectul Regulamentului de admitere pentru 2026 &#8211; 2027, pe baza <strong>portalului de ADMITERE<\/strong> pus la dispozi\u021bie de c\u0103tre UTM.<\/p><p style=\"font-weight: 400;\">\u00a0<\/p><p style=\"font-weight: 400;\">\u00censcrierea online la concursul de admitere se realizeaz\u0103 prin \u00eenc\u0103rcarea documentelor (scanate) de c\u0103tre candida\u021bi pe portalul ADMITERE 2026 al UTM, care poate fi accesat de la link.ul <a href=\"https:\/\/admitere.utm.ro\/\" data-ogsc=\"\" target=\"_blank\" rel=\"noopener\">https:\/\/admitere.utm.ro\/<\/a>.<\/p><p style=\"font-weight: 400;\">\u00a0<\/p><p style=\"font-weight: 400;\">Candida\u021bii \u00ee\u0219i asum\u0103 r\u0103spunderea cu privire la exactitatea, veridicitatea \u0219i corectitudinea datelor, precum \u0219i cu privire la coresponden\u021ba dintre documentele scanate \u0219i cele originale.<\/p><p style=\"font-weight: 400;\">\u00a0<\/p><p style=\"font-weight: 400;\">Candida\u021bii cet\u0103\u021beni str\u0103ini (indiferent de cet\u0103\u021benie), rom\u00e2ni de pretutindeni, refugia\u021bi, apatrizi \u0219i cei afla\u021bi sub protec\u021bie subsidiar\u0103 \u00een Rom\u00e2nia \u0219i cet\u0103\u021benii rom\u00e2ni cu studii \u00een alte sisteme educa\u021bionale se pot \u00eenscrie <strong>exclusiv online, <\/strong>conform Metodologiei prev\u0103zute la art. 1 alin. (3) din prezentul Regulament (<em>Metodologia privind \u00eenscrierea la concursul de admitere \u00een programele de studii universitare \u0219i postuniversitare a cet\u0103\u021benilor str\u0103ini, rom\u00e2nilor de pretutindeni \u0219i a absolven\u021bilor \u00eenv\u0103\u021b\u0103m\u00e2ntului liceal\/universitar din sisteme interna\u021bionale acreditate \u0219i recunoscute, pentru anul universitar 2024-2025 &#8211; \u00een vigoare<\/em>).<\/p><p style=\"font-weight: 400;\">\u00a0<\/p><p style=\"font-weight: 400;\">Pentru respectarea prevederilor legale \u00een vigoare privind regimul actelor de studii \u00een sistemul de \u00eenv\u0103\u021b\u0103m\u00e2nt universitar din Rom\u00e2nia, to\u021bi candida\u021bii se vor \u00eenscrie la concursul de admitere cu numele din certificatul de na\u0219tere. Prin excep\u021bie, <strong>candida\u021bii cet\u0103\u021beni ai statelor ter\u021be (non UE)<\/strong> se vor \u00eenscrie la concursul de admitere cu numele din pa\u0219aport. Dac\u0103 numele \u0219i prenumele candidatului de pe diploma de bacalaureat\/licen\u021b\u0103 sau echivalent nu sunt identice cu numele \u0219i prenumele a\u0219a cum apar \u00een actul de identitate \u0219i\/sau \u00een certificatul de na\u0219tere, candidatul este obligat s\u0103 depun\u0103 un document justificativ, cum ar fi certificatul de c\u0103s\u0103torie\/divor\u021b, o dispozi\u021bie de schimbare a numelui, o not\u0103 explicativ\u0103 oferit\u0103 de ambasada\/consulat sau un alt document oficial. \u00a0<\/p><p style=\"font-weight: 400;\">\u00a0<\/p><p style=\"font-weight: 400;\">Pentru dosarele depuse pe portalul de admitere, etapele de validare a unui dosar sunt:<\/p><p>a) verificare date candidat: secretariatul facult\u0103\u021bii verific\u0103 dac\u0103 datele de pe profilul candidatului sunt identice cu cele din documentele \u00eenc\u0103rcate pe portal<\/p><p>b) verificare documente la dosar: secretariatul facult\u0103\u021bii verific\u0103 dac\u0103 documentele \u00eenc\u0103rcate pe portal sunt lizibile, corecte si complete<\/p><p>c) prevalidare dosar: dac\u0103 ambele puncte a) \u0219i b) sunt \u00eendeplinite, atunci secretariatul facult\u0103\u021bii prevalideaz\u0103 dosarul candidatului \u00een vederea achit\u0103rii taxei de admitere<\/p><p>d) dup\u0103 prevalidare, candidatul prime\u0219te automat un email de informare, conform ANEXA 6.1. la <a href=\"https:\/\/site.utm.ro\/wp-content\/uploads\/2026\/04\/Regulament-admitere-in-an-univ.-2026-2027.pdf\">Regulamentul de admitere 2026 \u2013 2027<\/a>, \u0219i poate achita online taxa de admitere<\/p><p>e) \u00een cazul \u00een care dup\u0103 prevalidare se constant\u0103 ne\u00eendeplinirea punctelor a) \u0219i\/sau b), secretariatul facult\u0103\u021bii va deprevalida dosarul, candidatul primind email de informare conform ANEXA 6.2 la <a href=\"https:\/\/site.utm.ro\/wp-content\/uploads\/2026\/04\/Regulament-admitere-in-an-univ.-2026-2027.pdf\">Regulamentul de admitere 2026 \u2013 2027<\/a>, iar dup\u0103 efectuarea corec\u021biilor \u00een portal, secretariatul facult\u0103\u021bii va relua pa\u0219ii \u00eencep\u00e2nd cu punctul c).<\/p><p>f) dac\u0103 achitarea taxei de admitere se realizeaz\u0103 online pe portalul de admitere, dosarul este validat automat \u0219i se genereaz\u0103 automat un num\u0103r de \u00eenregistrare al dosarului, iar candidatul prime\u0219te un email de informare, conform ANEXA 6.3. la <a href=\"https:\/\/site.utm.ro\/wp-content\/uploads\/2026\/04\/Regulament-admitere-in-an-univ.-2026-2027.pdf\">Regulamentul de admitere 2026 \u2013 2027<\/a> .<\/p><p>g) dac\u0103 achitarea taxei de admitere se realizeaz\u0103 prin alte mijloace (nu online pe portalul de admitere), atunci biroul de taxe va valida \u00eencasarea taxei de admitere pe dosarul candidatului \u00eentr-un interval de 1 \u2013 3 zile lucr\u0103toare, dup\u0103 care, automat, dosarul este validat \u0219i se genereaz\u0103 un num\u0103r de \u00eenregistrare al dosarului, iar candidatul prime\u0219te un email de informare, conform ANEXA 6.3. la <a href=\"https:\/\/site.utm.ro\/wp-content\/uploads\/2026\/04\/Regulament-admitere-in-an-univ.-2026-2027.pdf\">Regulamentul de admitere 2026 \u2013 2027<\/a><\/p>\t\t\t\t\t\t\t\t<\/div>\n\t\t\t\t<\/div>\n\t\t\t\t\t<\/div>\n\t\t<\/div>\n\t\t\t\t\t<\/div>\n\t\t<\/section>\n\t\t\t\t<section class=\"elementor-section elementor-top-section elementor-element elementor-element-87b031b elementor-section-boxed elementor-section-height-default elementor-section-height-default\" data-id=\"87b031b\" data-element_type=\"section\" data-e-type=\"section\" data-settings=\"{&quot;background_background&quot;:&quot;classic&quot;}\">\n\t\t\t\t\t\t<div class=\"elementor-container elementor-column-gap-default\">\n\t\t\t\t\t<div class=\"elementor-column elementor-col-33 elementor-top-column elementor-element elementor-element-944d8c2\" data-id=\"944d8c2\" data-element_type=\"column\" data-e-type=\"column\">\n\t\t\t<div class=\"elementor-widget-wrap elementor-element-populated\">\n\t\t\t\t\t\t<div class=\"elementor-element elementor-element-02bf1fe elementor-widget__width-initial elementor-widget elementor-widget-heading\" data-id=\"02bf1fe\" data-element_type=\"widget\" data-e-type=\"widget\" data-widget_type=\"heading.default\">\n\t\t\t\t<div class=\"elementor-widget-container\">\n\t\t\t\t\t<h3 class=\"elementor-heading-title elementor-size-default\">Go to <br>Admissions Portal<\/h3>\t\t\t\t<\/div>\n\t\t\t\t<\/div>\n\t\t\t\t\t<\/div>\n\t\t<\/div>\n\t\t\t\t<div class=\"elementor-column elementor-col-33 elementor-top-column elementor-element elementor-element-fa2844e\" data-id=\"fa2844e\" data-element_type=\"column\" data-e-type=\"column\">\n\t\t\t<div class=\"elementor-widget-wrap\">\n\t\t\t\t\t\t\t<\/div>\n\t\t<\/div>\n\t\t\t\t<div class=\"elementor-column elementor-col-33 elementor-top-column elementor-element elementor-element-7736d50\" data-id=\"7736d50\" data-element_type=\"column\" data-e-type=\"column\" data-settings=\"{&quot;background_background&quot;:&quot;classic&quot;}\">\n\t\t\t<div class=\"elementor-widget-wrap elementor-element-populated\">\n\t\t\t\t\t\t<div class=\"elementor-element elementor-element-fd7b9b0 elementor-align-justify elementor-mobile-align-left elementor-widget elementor-widget-button\" data-id=\"fd7b9b0\" data-element_type=\"widget\" data-e-type=\"widget\" data-widget_type=\"button.default\">\n\t\t\t\t<div class=\"elementor-widget-container\">\n\t\t\t\t\t\t\t\t\t<div class=\"elementor-button-wrapper\">\n\t\t\t\t\t<a class=\"elementor-button elementor-button-link elementor-size-sm\" href=\"https:\/\/admitere.utm.ro\/\" target=\"_blank\" rel=\"noopener\">\n\t\t\t\t\t\t<span class=\"elementor-button-content-wrapper\">\n\t\t\t\t\t\t<span class=\"elementor-button-icon\">\n\t\t\t\t<i aria-hidden=\"true\" class=\"vamtamtheme- vamtam-theme-arrow-right\"><\/i>\t\t\t<\/span>\n\t\t\t\t\t\t\t\t\t<span class=\"elementor-button-text\">To portal<\/span>\n\t\t\t\t\t<\/span>\n\t\t\t\t\t<\/a>\n\t\t\t\t<\/div>\n\t\t\t\t\t\t\t\t<\/div>\n\t\t\t\t<\/div>\n\t\t\t\t\t<\/div>\n\t\t<\/div>\n\t\t\t\t\t<\/div>\n\t\t<\/section>\n\t\t\t\t<section class=\"elementor-section elementor-top-section elementor-element elementor-element-89631bd elementor-section-boxed elementor-section-height-default elementor-section-height-default\" data-id=\"89631bd\" data-element_type=\"section\" data-e-type=\"section\">\n\t\t\t\t\t\t<div class=\"elementor-container elementor-column-gap-default\">\n\t\t\t\t\t<div class=\"elementor-column elementor-col-100 elementor-top-column elementor-element elementor-element-1aee640\" data-id=\"1aee640\" data-element_type=\"column\" data-e-type=\"column\">\n\t\t\t<div class=\"elementor-widget-wrap elementor-element-populated\">\n\t\t\t\t\t\t<div class=\"elementor-element elementor-element-e35386e elementor-widget elementor-widget-spacer\" data-id=\"e35386e\" data-element_type=\"widget\" data-e-type=\"widget\" data-widget_type=\"spacer.default\">\n\t\t\t\t<div class=\"elementor-widget-container\">\n\t\t\t\t\t\t\t<div class=\"elementor-spacer\">\n\t\t\t<div class=\"elementor-spacer-inner\"><\/div>\n\t\t<\/div>\n\t\t\t\t\t\t<\/div>\n\t\t\t\t<\/div>\n\t\t\t\t\t<\/div>\n\t\t<\/div>\n\t\t\t\t\t<\/div>\n\t\t<\/section>\n\t\t\t\t<\/div>","protected":false},"excerpt":{"rendered":"<p>\u00censcriere online \u00censcrierea la concursul de admitere se poate face online, pentru orice program de studiu care fac obiectul Regulamentului de admitere pentru 2026 &#8211; 2027, pe baza portalului de ADMITERE pus la dispozi\u021bie de c\u0103tre UTM. \u00a0 \u00censcrierea online la concursul de admitere se realizeaz\u0103 prin \u00eenc\u0103rcarea documentelor (scanate) de c\u0103tre candida\u021bi pe portalul&#8230;<\/p>","protected":false},"author":1,"featured_media":0,"parent":29486,"menu_order":0,"comment_status":"closed","ping_status":"closed","template":"","meta":{"footnotes":""},"class_list":["post-40309","page","type-page","status-publish","hentry"],"_links":{"self":[{"href":"https:\/\/site.utm.ro\/en\/wp-json\/wp\/v2\/pages\/40309","targetHints":{"allow":["GET"]}}],"collection":[{"href":"https:\/\/site.utm.ro\/en\/wp-json\/wp\/v2\/pages"}],"about":[{"href":"https:\/\/site.utm.ro\/en\/wp-json\/wp\/v2\/types\/page"}],"author":[{"embeddable":true,"href":"https:\/\/site.utm.ro\/en\/wp-json\/wp\/v2\/users\/1"}],"replies":[{"embeddable":true,"href":"https:\/\/site.utm.ro\/en\/wp-json\/wp\/v2\/comments?post=40309"}],"version-history":[{"count":4,"href":"https:\/\/site.utm.ro\/en\/wp-json\/wp\/v2\/pages\/40309\/revisions"}],"predecessor-version":[{"id":40314,"href":"https:\/\/site.utm.ro\/en\/wp-json\/wp\/v2\/pages\/40309\/revisions\/40314"}],"up":[{"embeddable":true,"href":"https:\/\/site.utm.ro\/en\/wp-json\/wp\/v2\/pages\/29486"}],"wp:attachment":[{"href":"https:\/\/site.utm.ro\/en\/wp-json\/wp\/v2\/media?parent=40309"}],"curies":[{"name":"wp","href":"https:\/\/api.w.org\/{rel}","templated":true}]}}