{"id":40267,"date":"2026-04-23T13:37:41","date_gmt":"2026-04-23T13:37:41","guid":{"rendered":"https:\/\/site.utm.ro\/?page_id=40267"},"modified":"2026-04-23T13:41:44","modified_gmt":"2026-04-23T13:41:44","slug":"tax","status":"publish","type":"page","link":"https:\/\/site.utm.ro\/en\/admitere\/taxe\/","title":{"rendered":"Admitere &#8211; Taxe"},"content":{"rendered":"<div data-elementor-type=\"wp-page\" data-elementor-id=\"40267\" class=\"elementor elementor-40267\" data-elementor-post-type=\"page\">\n\t\t\t\t\t\t<section class=\"elementor-section elementor-top-section elementor-element elementor-element-ca6d189 elementor-section-height-min-height elementor-section-full_width elementor-section-height-default elementor-section-items-middle\" data-id=\"ca6d189\" data-element_type=\"section\" data-e-type=\"section\" data-settings=\"{&quot;background_background&quot;:&quot;classic&quot;}\">\n\t\t\t\t\t\t\t<div class=\"elementor-background-overlay\"><\/div>\n\t\t\t\t\t\t\t<div class=\"elementor-container elementor-column-gap-default\">\n\t\t\t\t\t<div class=\"elementor-column elementor-col-100 elementor-top-column elementor-element elementor-element-38edf46\" data-id=\"38edf46\" data-element_type=\"column\" data-e-type=\"column\" data-settings=\"{&quot;background_background&quot;:&quot;classic&quot;}\">\n\t\t\t<div class=\"elementor-widget-wrap\">\n\t\t\t\t\t\t\t<\/div>\n\t\t<\/div>\n\t\t\t\t\t<\/div>\n\t\t<\/section>\n\t\t\t\t<section class=\"elementor-section elementor-top-section elementor-element elementor-element-d2d73bc elementor-section-boxed elementor-section-height-default elementor-section-height-default\" data-id=\"d2d73bc\" data-element_type=\"section\" data-e-type=\"section\">\n\t\t\t\t\t\t<div class=\"elementor-container elementor-column-gap-no\">\n\t\t\t\t\t<div class=\"elementor-column elementor-col-50 elementor-top-column elementor-element elementor-element-dd5caa7 animated-fast elementor-invisible\" data-id=\"dd5caa7\" data-element_type=\"column\" data-e-type=\"column\" data-settings=\"{&quot;background_background&quot;:&quot;classic&quot;,&quot;animation&quot;:&quot;fadeIn&quot;,&quot;animation_tablet&quot;:&quot;none&quot;,&quot;animation_mobile&quot;:&quot;none&quot;,&quot;animation_delay&quot;:100}\">\n\t\t\t<div class=\"elementor-widget-wrap elementor-element-populated\">\n\t\t\t\t\t\t<div class=\"elementor-element elementor-element-863d211 elementor-widget elementor-widget-heading\" data-id=\"863d211\" data-element_type=\"widget\" data-e-type=\"widget\" data-widget_type=\"heading.default\">\n\t\t\t\t<div class=\"elementor-widget-container\">\n\t\t\t\t\t<h1 class=\"elementor-heading-title elementor-size-default\">Tax<\/h1>\t\t\t\t<\/div>\n\t\t\t\t<\/div>\n\t\t\t\t\t<\/div>\n\t\t<\/div>\n\t\t\t\t<div class=\"elementor-column elementor-col-50 elementor-top-column elementor-element elementor-element-a0ad7d2 elementor-hidden-desktop elementor-hidden-tablet elementor-hidden-phone\" data-id=\"a0ad7d2\" data-element_type=\"column\" data-e-type=\"column\">\n\t\t\t<div class=\"elementor-widget-wrap\">\n\t\t\t\t\t\t\t<\/div>\n\t\t<\/div>\n\t\t\t\t\t<\/div>\n\t\t<\/section>\n\t\t\t\t<section class=\"elementor-section elementor-top-section elementor-element elementor-element-c483e7c elementor-section-boxed elementor-section-height-default elementor-section-height-default\" data-id=\"c483e7c\" data-element_type=\"section\" data-e-type=\"section\">\n\t\t\t\t\t\t<div class=\"elementor-container elementor-column-gap-default\">\n\t\t\t\t\t<div class=\"elementor-column elementor-col-100 elementor-top-column elementor-element elementor-element-f2d85fa\" data-id=\"f2d85fa\" data-element_type=\"column\" data-e-type=\"column\">\n\t\t\t<div class=\"elementor-widget-wrap elementor-element-populated\">\n\t\t\t\t\t\t<div class=\"elementor-element elementor-element-36168de vamtam-theme-table-styles elementor-widget elementor-widget-toggle\" data-id=\"36168de\" data-element_type=\"widget\" data-e-type=\"widget\" data-widget_type=\"toggle.default\">\n\t\t\t\t<div class=\"elementor-widget-container\">\n\t\t\t\t\t\t\t<div class=\"elementor-toggle\">\n\t\t\t\t\t\t\t<div class=\"elementor-toggle-item\">\n\t\t\t\t\t<h3 id=\"elementor-tab-title-5671\" class=\"elementor-tab-title\" data-tab=\"1\" role=\"button\" aria-controls=\"elementor-tab-content-5671\" aria-expanded=\"false\">\n\t\t\t\t\t\t\t\t\t\t\t\t<span class=\"elementor-toggle-icon elementor-toggle-icon-right\" aria-hidden=\"true\">\n\t\t\t\t\t\t\t\t\t\t\t\t\t\t\t<span class=\"elementor-toggle-icon-closed\"><i class=\"vamtamtheme- vamtam-theme-arrow-down\"><\/i><\/span>\n\t\t\t\t\t\t\t\t<span class=\"elementor-toggle-icon-opened\"><i class=\"elementor-toggle-icon-opened vamtamtheme- vamtam-theme-arrow-up\"><\/i><\/span>\n\t\t\t\t\t\t\t\t\t\t\t\t\t<\/span>\n\t\t\t\t\t\t\t\t\t\t\t\t<a class=\"elementor-toggle-title\" tabindex=\"0\">Taxa de \u00eenscriere<\/a>\n\t\t\t\t\t<\/h3>\n\n\t\t\t\t\t<div id=\"elementor-tab-content-5671\" class=\"elementor-tab-content elementor-clearfix\" data-tab=\"1\" role=\"region\" aria-labelledby=\"elementor-tab-title-5671\"><p style=\"font-weight: 400;\"><strong><u>\u00cenv\u0103\u021b\u0103m\u00e2nt cu frecven\u021b\u0103:<\/u><\/strong><\/p>\n<p style=\"font-weight: 400;\">\u00a0<\/p>\n<p style=\"font-weight: 400;\">Facultatea de Drept, Psihologie, Informatic\u0103, \u0218tiin\u021be Economice, Drept \u0219i \u0218tiin\u021be Economice din T\u00e2rgu Jiu<\/p>\n<p style=\"font-weight: 400;\">Taxa de admitere pentru cet\u0103\u021beni rom\u00e2ni\/ UE: \u00a0\u00a0\u00a0\u00a0\u00a0\u00a0\u00a0\u00a0\u00a0\u00a0\u00a0\u00a0\u00a0\u00a0\u00a0\u00a0\u00a0\u00a0\u00a0\u00a0\u00a0\u00a0\u00a0 450 lei<\/p>\n<p style=\"font-weight: 400;\">Taxa de admitere pentru cet\u0103\u021beni din state ter\u021be UE: \u00a0\u00a0\u00a0\u00a0\u00a0\u00a0\u00a0\u00a0\u00a0\u00a0\u00a0 450 lei<\/p>\n<p style=\"font-weight: 400;\">\u00a0<\/p>\n<p style=\"font-weight: 400;\">Programele de studii <span data-ogsc=\"black\">Asisten\u0163\u0103 medical\u0103 general\u0103, Medicin\u0103, Medicin\u0103 dentar\u0103, Tehnic\u0103 dentar\u0103, Farmacie, Asisten\u021b\u0103 Medical\u0103 din T\u00e2rgu Jiu<\/span><\/p>\n<p style=\"font-weight: 400;\">Taxa de admitere pentru cet\u0103\u021beni rom\u00e2ni\/ UE: \u00a0\u00a0\u00a0\u00a0\u00a0\u00a0\u00a0\u00a0\u00a0\u00a0\u00a0\u00a0\u00a0\u00a0\u00a0\u00a0\u00a0\u00a0\u00a0\u00a0\u00a0\u00a0\u00a0 600 lei<\/p>\n<p style=\"font-weight: 400;\">Taxa de admitere pentru cet\u0103\u021beni din state ter\u021be UE: \u00a0\u00a0\u00a0\u00a0\u00a0\u00a0\u00a0\u00a0\u00a0\u00a0\u00a0 750 lei<\/p>\n<p style=\"font-weight: 400;\">\u00a0<\/p>\n<p style=\"font-weight: 400;\">Programele de studii <span data-ogsc=\"black\">Medicin\u0103 \u00een limba englez\u0103, Medicin\u0103 dentar\u0103 \u00een limba englez\u0103<\/span><\/p>\n<p style=\"font-weight: 400;\">Taxa de admitere pentru cet\u0103\u021beni rom\u00e2ni\/ UE: \u00a0\u00a0\u00a0\u00a0\u00a0\u00a0\u00a0\u00a0\u00a0\u00a0\u00a0\u00a0\u00a0\u00a0\u00a0\u00a0\u00a0\u00a0\u00a0\u00a0\u00a0\u00a0\u00a0 750 lei<\/p>\n<p style=\"font-weight: 400;\">Taxa de admitere pentru cet\u0103\u021beni din state ter\u021be UE: \u00a0\u00a0\u00a0\u00a0\u00a0\u00a0\u00a0\u00a0\u00a0\u00a0\u00a0 750 lei<\/p>\n<p style=\"font-weight: 400;\">\u00a0<\/p>\n<p style=\"font-weight: 400;\">Faculty of <span data-ogsc=\"black\">\u0218tiin\u021bele Educa\u021biei, Comunicare \u0219i Rela\u021bii Interna\u021bionale<\/span><\/p>\n<p style=\"font-weight: 400;\">Taxa de admitere pentru cet\u0103\u021beni rom\u00e2ni\/ UE: \u00a0\u00a0\u00a0\u00a0\u00a0\u00a0\u00a0\u00a0\u00a0\u00a0\u00a0\u00a0\u00a0\u00a0\u00a0\u00a0\u00a0\u00a0\u00a0\u00a0\u00a0\u00a0\u00a0 450 lei<\/p>\n<p style=\"font-weight: 400;\">Taxa de admitere pentru cet\u0103\u021beni din state ter\u021be UE: \u00a0\u00a0\u00a0\u00a0\u00a0\u00a0\u00a0\u00a0\u00a0\u00a0\u00a0 600 lei<\/p>\n<p style=\"font-weight: 400;\">\u00a0<\/p>\n<p style=\"font-weight: 400;\"><strong><u>\u00cenv\u0103\u021b\u0103m\u00e2nt la distan\u021b\u0103:<\/u><\/strong><\/p>\n<p style=\"font-weight: 400;\"><strong><u>\u00a0<\/u><\/strong><\/p>\n<p style=\"font-weight: 400;\">Pentru toate programele ID<\/p>\n<p style=\"font-weight: 400;\">Taxa de admitere: \u00a0 450 lei<\/p>\n<p style=\"font-weight: 400;\">\u00a0<\/p>\n<p style=\"font-weight: 400;\"><strong><u>Master<\/u><\/strong><\/p>\n<p style=\"font-weight: 400;\">\u00a0<\/p>\n<p style=\"font-weight: 400;\">Pentru facult\u0103\u021bile: Drept, Psihologie, \u0218tiin\u021be Economice, Informatic\u0103, Drept \u0219i \u0218tiin\u021be Economice din T\u00e2rgu Jiu<\/p>\n<p style=\"font-weight: 400;\">Taxa de admitere: 450 lei<\/p>\n<p style=\"font-weight: 400;\">\u00a0<\/p>\n<p style=\"font-weight: 400;\">Pentru Facultatea de Medicin\u0103 Dentar\u0103<\/p>\n<p style=\"font-weight: 400;\">Taxa de admitere pentru cet\u0103\u021beni rom\u00e2ni\/ UE: 600 lei<\/p>\n<p style=\"font-weight: 400;\">Taxa de admitere pentru cet\u0103\u021beni din state ter\u021be UE: 750 lei<\/p>\n<p style=\"font-weight: 400;\">\u00a0<\/p>\n<p style=\"font-weight: 400;\">Pentru Facultatea de \u0218tiin\u021bele Educa\u021biei, Comunicare \u0219i Rela\u021bii Interna\u021bionale<\/p>\n<p style=\"font-weight: 400;\">Taxa de admitere pentru cet\u0103\u0219eni rom\u00e2ni\/ UE: 450 lei<\/p>\n<p style=\"font-weight: 400;\">Taxa de admitere pentru cet\u0103\u021beni din state ter\u021be UE: 600 lei<\/p>\n<p style=\"font-weight: 400;\">\u00a0<\/p>\n<p style=\"font-weight: 400;\"><strong><u>Departamentului de Specialitate cu Profil Psihopedagogic:<\/u><\/strong><\/p>\n<p style=\"font-weight: 400;\"><strong>\u00a0<\/strong><\/p>\n<p style=\"font-weight: 400;\"><span data-ogsc=\"black\">Tax\u0103 de admitere pentru \u00a0cet\u0103\u021beni rom\u00e2ni\/ \u00a0UE: \u00a0\u00a0\u00a0\u00a0\u00a0\u00a0\u00a0\u00a0\u00a0\u00a0\u00a0\u00a0\u00a0\u00a0\u00a0\u00a0\u00a0\u00a0\u00a0\u00a0 450 lei<\/span><\/p>\n<p style=\"font-weight: 400;\"><span data-ogsc=\"black\">Tax\u0103 de admitere pentru cet\u0103\u021beni din state ter\u021be UE: \u00a0\u00a0\u00a0\u00a0\u00a0\u00a0\u00a0\u00a0\u00a0\u00a0 600 lei<\/span><\/p>\n<p style=\"font-weight: 400;\"><strong>\u00a0<\/strong><\/p>\n<p style=\"font-weight: 400;\"><strong><u>Anul preg\u0103titor de limba rom\u00e2n\u0103 pentru candida\u021bii cet\u0103\u021beni str\u0103ini:<\/u><\/strong><\/p>\n<p style=\"font-weight: 400;\"><strong>\u00a0<\/strong><\/p>\n<p style=\"font-weight: 400;\">Tax\u0103 de admitere: 600 lei<\/p><\/div>\n\t\t\t\t<\/div>\n\t\t\t\t\t\t\t<div class=\"elementor-toggle-item\">\n\t\t\t\t\t<h3 id=\"elementor-tab-title-5672\" class=\"elementor-tab-title\" data-tab=\"2\" role=\"button\" aria-controls=\"elementor-tab-content-5672\" aria-expanded=\"false\">\n\t\t\t\t\t\t\t\t\t\t\t\t<span class=\"elementor-toggle-icon elementor-toggle-icon-right\" aria-hidden=\"true\">\n\t\t\t\t\t\t\t\t\t\t\t\t\t\t\t<span class=\"elementor-toggle-icon-closed\"><i class=\"vamtamtheme- vamtam-theme-arrow-down\"><\/i><\/span>\n\t\t\t\t\t\t\t\t<span class=\"elementor-toggle-icon-opened\"><i class=\"elementor-toggle-icon-opened vamtamtheme- vamtam-theme-arrow-up\"><\/i><\/span>\n\t\t\t\t\t\t\t\t\t\t\t\t\t<\/span>\n\t\t\t\t\t\t\t\t\t\t\t\t<a class=\"elementor-toggle-title\" tabindex=\"0\">Taxa de studii<\/a>\n\t\t\t\t\t<\/h3>\n\n\t\t\t\t\t<div id=\"elementor-tab-content-5672\" class=\"elementor-tab-content elementor-clearfix\" data-tab=\"2\" role=\"region\" aria-labelledby=\"elementor-tab-title-5672\"><\/div>\n\t\t\t\t<\/div>\n\t\t\t\t\t\t\t\t<\/div>\n\t\t\t\t\t\t<\/div>\n\t\t\t\t<\/div>\n\t\t\t\t\t<\/div>\n\t\t<\/div>\n\t\t\t\t\t<\/div>\n\t\t<\/section>\n\t\t\t\t<section class=\"elementor-section elementor-top-section elementor-element elementor-element-89631bd elementor-section-boxed elementor-section-height-default elementor-section-height-default\" data-id=\"89631bd\" data-element_type=\"section\" data-e-type=\"section\">\n\t\t\t\t\t\t<div class=\"elementor-container elementor-column-gap-default\">\n\t\t\t\t\t<div class=\"elementor-column elementor-col-100 elementor-top-column elementor-element elementor-element-1aee640\" data-id=\"1aee640\" data-element_type=\"column\" data-e-type=\"column\">\n\t\t\t<div class=\"elementor-widget-wrap elementor-element-populated\">\n\t\t\t\t\t\t<div class=\"elementor-element elementor-element-e35386e elementor-widget elementor-widget-spacer\" data-id=\"e35386e\" data-element_type=\"widget\" data-e-type=\"widget\" data-widget_type=\"spacer.default\">\n\t\t\t\t<div class=\"elementor-widget-container\">\n\t\t\t\t\t\t\t<div class=\"elementor-spacer\">\n\t\t\t<div class=\"elementor-spacer-inner\"><\/div>\n\t\t<\/div>\n\t\t\t\t\t\t<\/div>\n\t\t\t\t<\/div>\n\t\t\t\t\t<\/div>\n\t\t<\/div>\n\t\t\t\t\t<\/div>\n\t\t<\/section>\n\t\t\t\t<\/div>","protected":false},"excerpt":{"rendered":"<p>Taxe Taxa de \u00eenscriere \u00cenv\u0103\u021b\u0103m\u00e2nt cu frecven\u021b\u0103: \u00a0 Facultatea de Drept, Psihologie, Informatic\u0103, \u0218tiin\u021be Economice, Drept \u0219i \u0218tiin\u021be Economice din T\u00e2rgu Jiu Taxa de admitere pentru cet\u0103\u021beni rom\u00e2ni\/ UE: \u00a0\u00a0\u00a0\u00a0\u00a0\u00a0\u00a0\u00a0\u00a0\u00a0\u00a0\u00a0\u00a0\u00a0\u00a0\u00a0\u00a0\u00a0\u00a0\u00a0\u00a0\u00a0\u00a0 450 lei Taxa de admitere pentru cet\u0103\u021beni din state ter\u021be UE: \u00a0\u00a0\u00a0\u00a0\u00a0\u00a0\u00a0\u00a0\u00a0\u00a0\u00a0 450 lei \u00a0 Programele de studii Asisten\u0163\u0103 medical\u0103 general\u0103, Medicin\u0103, Medicin\u0103 dentar\u0103, Tehnic\u0103&#8230;<\/p>","protected":false},"author":1,"featured_media":0,"parent":29486,"menu_order":0,"comment_status":"closed","ping_status":"closed","template":"","meta":{"footnotes":""},"class_list":["post-40267","page","type-page","status-publish","hentry"],"_links":{"self":[{"href":"https:\/\/site.utm.ro\/en\/wp-json\/wp\/v2\/pages\/40267","targetHints":{"allow":["GET"]}}],"collection":[{"href":"https:\/\/site.utm.ro\/en\/wp-json\/wp\/v2\/pages"}],"about":[{"href":"https:\/\/site.utm.ro\/en\/wp-json\/wp\/v2\/types\/page"}],"author":[{"embeddable":true,"href":"https:\/\/site.utm.ro\/en\/wp-json\/wp\/v2\/users\/1"}],"replies":[{"embeddable":true,"href":"https:\/\/site.utm.ro\/en\/wp-json\/wp\/v2\/comments?post=40267"}],"version-history":[{"count":5,"href":"https:\/\/site.utm.ro\/en\/wp-json\/wp\/v2\/pages\/40267\/revisions"}],"predecessor-version":[{"id":40274,"href":"https:\/\/site.utm.ro\/en\/wp-json\/wp\/v2\/pages\/40267\/revisions\/40274"}],"up":[{"embeddable":true,"href":"https:\/\/site.utm.ro\/en\/wp-json\/wp\/v2\/pages\/29486"}],"wp:attachment":[{"href":"https:\/\/site.utm.ro\/en\/wp-json\/wp\/v2\/media?parent=40267"}],"curies":[{"name":"wp","href":"https:\/\/api.w.org\/{rel}","templated":true}]}}