{"id":40266,"date":"2026-04-23T13:42:45","date_gmt":"2026-04-23T13:42:45","guid":{"rendered":"https:\/\/site.utm.ro\/?page_id=40266"},"modified":"2026-04-23T13:44:57","modified_gmt":"2026-04-23T13:44:57","slug":"finalizarea-concursului-de-admitere","status":"publish","type":"page","link":"https:\/\/site.utm.ro\/en\/admitere\/finalizarea-concursului-de-admitere\/","title":{"rendered":"Finalizarea concursului de admitere"},"content":{"rendered":"<div data-elementor-type=\"wp-page\" data-elementor-id=\"40266\" class=\"elementor elementor-40266\" data-elementor-post-type=\"page\">\n\t\t\t\t\t\t<section class=\"elementor-section elementor-top-section elementor-element elementor-element-ca6d189 elementor-section-height-min-height elementor-section-full_width elementor-section-height-default elementor-section-items-middle\" data-id=\"ca6d189\" data-element_type=\"section\" data-e-type=\"section\" data-settings=\"{&quot;background_background&quot;:&quot;classic&quot;}\">\n\t\t\t\t\t\t\t<div class=\"elementor-background-overlay\"><\/div>\n\t\t\t\t\t\t\t<div class=\"elementor-container elementor-column-gap-default\">\n\t\t\t\t\t<div class=\"elementor-column elementor-col-100 elementor-top-column elementor-element elementor-element-38edf46\" data-id=\"38edf46\" data-element_type=\"column\" data-e-type=\"column\" data-settings=\"{&quot;background_background&quot;:&quot;classic&quot;}\">\n\t\t\t<div class=\"elementor-widget-wrap\">\n\t\t\t\t\t\t\t<\/div>\n\t\t<\/div>\n\t\t\t\t\t<\/div>\n\t\t<\/section>\n\t\t\t\t<section class=\"elementor-section elementor-top-section elementor-element elementor-element-d2d73bc elementor-section-boxed elementor-section-height-default elementor-section-height-default\" data-id=\"d2d73bc\" data-element_type=\"section\" data-e-type=\"section\">\n\t\t\t\t\t\t<div class=\"elementor-container elementor-column-gap-no\">\n\t\t\t\t\t<div class=\"elementor-column elementor-col-50 elementor-top-column elementor-element elementor-element-dd5caa7 animated-fast elementor-invisible\" data-id=\"dd5caa7\" data-element_type=\"column\" data-e-type=\"column\" data-settings=\"{&quot;background_background&quot;:&quot;classic&quot;,&quot;animation&quot;:&quot;fadeIn&quot;,&quot;animation_tablet&quot;:&quot;none&quot;,&quot;animation_mobile&quot;:&quot;none&quot;,&quot;animation_delay&quot;:100}\">\n\t\t\t<div class=\"elementor-widget-wrap elementor-element-populated\">\n\t\t\t\t\t\t<div class=\"elementor-element elementor-element-863d211 elementor-widget elementor-widget-heading\" data-id=\"863d211\" data-element_type=\"widget\" data-e-type=\"widget\" data-widget_type=\"heading.default\">\n\t\t\t\t<div class=\"elementor-widget-container\">\n\t\t\t\t\t<h1 class=\"elementor-heading-title elementor-size-default\">Finalizarea concursului de admitere<\/h1>\t\t\t\t<\/div>\n\t\t\t\t<\/div>\n\t\t\t\t\t<\/div>\n\t\t<\/div>\n\t\t\t\t<div class=\"elementor-column elementor-col-50 elementor-top-column elementor-element elementor-element-a0ad7d2 elementor-hidden-desktop elementor-hidden-tablet elementor-hidden-phone\" data-id=\"a0ad7d2\" data-element_type=\"column\" data-e-type=\"column\">\n\t\t\t<div class=\"elementor-widget-wrap\">\n\t\t\t\t\t\t\t<\/div>\n\t\t<\/div>\n\t\t\t\t\t<\/div>\n\t\t<\/section>\n\t\t\t\t<section class=\"elementor-section elementor-top-section elementor-element elementor-element-c404e4a elementor-section-boxed elementor-section-height-default elementor-section-height-default\" data-id=\"c404e4a\" data-element_type=\"section\" data-e-type=\"section\">\n\t\t\t\t\t\t<div class=\"elementor-container elementor-column-gap-default\">\n\t\t\t\t\t<div class=\"elementor-column elementor-col-100 elementor-top-column elementor-element elementor-element-232831e\" data-id=\"232831e\" data-element_type=\"column\" data-e-type=\"column\">\n\t\t\t<div class=\"elementor-widget-wrap elementor-element-populated\">\n\t\t\t\t\t\t<div class=\"elementor-element elementor-element-fe250dc elementor-widget elementor-widget-text-editor\" data-id=\"fe250dc\" data-element_type=\"widget\" data-e-type=\"widget\" data-widget_type=\"text-editor.default\">\n\t\t\t\t<div class=\"elementor-widget-container\">\n\t\t\t\t\t\t\t\t\t<p style=\"font-weight: 400;\">Dup\u0103 \u00eencheierea concursului de admitere \u0219i \u00eenaintea contesta\u021biilor privind rezultatul probelor scrise, comisia de admitere pe facultate \u00eentocme\u0219te cel pu\u021bin dou\u0103 categorii de liste: a) lista provizorie cu candida\u021bii declara\u021bi admi\u0219i, <em>\u00een ordinea descresc\u0103toare a mediilor generale ob\u021binute la concursul de admitere<\/em>, b) lista provizorie cu candida\u021bii declara\u021bi respin\u0219i, <em>\u00een ordinea alfabetic\u0103<\/em><\/p>\n<p style=\"font-weight: 400;\">\u00a0<\/p>\n<p style=\"font-weight: 400;\">Rezultatele concursului de admitere se vor \u00eenc\u0103rca pe portalul de admitere de c\u0103tre comisia de admitere. \u00cen portal, clasamentul provizoriu se va genera, se va verifica \u0219i se va valida de c\u0103tre comisia de admitere a facult\u0103\u021bii. Validarea clasamentului provizoriu determin\u0103 trimiterea rezultatului concursului de admitere, automat, pe adresa de email a candidatului, \u00eenrolat\u0103 pe portal, conform <strong>ANEXA 6.5<\/strong> the <a href=\"https:\/\/site.utm.ro\/wp-content\/uploads\/2026\/04\/Regulament-admitere-in-an-univ.-2026-2027.pdf\"><strong>Regulamentul de admitere pentru anul universitar 2026 \u2013 2027<\/strong><\/a>.<\/p>\n<p style=\"font-weight: 400;\"><span data-ogsc=\"red\">\u00a0<\/span><\/p>\n<p style=\"font-weight: 400;\"><span data-ogsc=\"black\">Contesta\u021biile privind rezultatele probelor scrise (punctaj\/not\u0103) sau privind modul de calcul al mediei generale de admitere se trimit pe adresa de e-mail a facult\u0103\u021bii \u00een termen de 24 de ore de la afi\u0219area rezultatelor (\u00eencep\u00e2nd cu ora \u0219i data afi\u0219\u0103rii acestora). Dup\u0103 acest termen nu mai este posibil\u0103 contestarea rezultatelor probelor scrise, sau al modului de calcul a mediei generale de admitere. Candida\u021bii pot contesta doar propriile rezultate. Contestatorii trebuie s\u0103 specifice \u00een contesta\u021bie numele din certificatul de na\u0219tere, ini\u021biala (ini\u021bialele) tat\u0103lui (sau ale mamei, dac\u0103 tat\u0103l este necunoscut) \u0219i prenumele. Contesta\u021biile se analizeaz\u0103 de c\u0103tre Comisia de analiz\u0103 \u0219i solu\u021bionare a contesta\u021biilor privind rezultatele probelor scrise. Comunicarea rezultatelor la contesta\u021bii se face pe adresa de e-mail a contestatorului, \u00een termen de 48 de ore de la expirarea termenului de depunere a contesta\u021biei. Decizia comisiei este definitiv\u0103. <\/span><\/p>\n<p style=\"font-weight: 400;\"><span data-ogsc=\"black\">\u00a0<\/span><\/p>\n<p style=\"font-weight: 400;\"><span data-ogsc=\"black\">Comisia de admitere pe facultate \u00eentocme\u0219te <strong>listele definitive<\/strong> cu rezultatele concursului, generate dup\u0103 solu\u021bionarea contesta\u021biilor.<\/span><\/p>\n<p style=\"font-weight: 400;\"><span data-ogsc=\"black\">\u00cen portal, clasamentul definitiv se va genera, se va verifica \u0219i se va valida de c\u0103tre comisia de admitere a facult\u0103\u021bii. Validarea clasamentului definitiv determin\u0103 trimiterea rezultatului definitiv al concursului de admitere, automat, pe adresa de email a candidatului, \u00eenregistrat\u0103 pe portalul de admitere, conform <strong>ANEXA 6.6 \u0219i 6.7<\/strong> the <\/span><a href=\"https:\/\/site.utm.ro\/wp-content\/uploads\/2026\/04\/Regulament-admitere-in-an-univ.-2026-2027.pdf\"><strong>Regulamentul de admitere pentru anul universitar 2026 \u2013 2027<\/strong><\/a>.<\/p>\n<p style=\"font-weight: 400;\"><span data-ogsc=\"black\">\u00a0<\/span><\/p>\n<p style=\"font-weight: 400;\"><span data-ogsc=\"black\">Listele se afi\u0219eaz\u0103 anonimizat pe paginile web de admitere ale facult\u0103\u021bilor.<\/span><\/p>\n<p style=\"font-weight: 400;\">\u00a0<\/p>\n<p style=\"font-weight: 400;\">For further details, please consult <a href=\"https:\/\/site.utm.ro\/wp-content\/uploads\/2026\/04\/Regulament-admitere-in-an-univ.-2026-2027.pdf\"><strong>Regulamentul de admitere pentru anul universitar 2026 \u2013 2027<\/strong><\/a>.<\/p>\t\t\t\t\t\t\t\t<\/div>\n\t\t\t\t<\/div>\n\t\t\t\t\t<\/div>\n\t\t<\/div>\n\t\t\t\t\t<\/div>\n\t\t<\/section>\n\t\t\t\t<section class=\"elementor-section elementor-top-section elementor-element elementor-element-89631bd elementor-section-boxed elementor-section-height-default elementor-section-height-default\" data-id=\"89631bd\" data-element_type=\"section\" data-e-type=\"section\">\n\t\t\t\t\t\t<div class=\"elementor-container elementor-column-gap-default\">\n\t\t\t\t\t<div class=\"elementor-column elementor-col-100 elementor-top-column elementor-element elementor-element-1aee640\" data-id=\"1aee640\" data-element_type=\"column\" data-e-type=\"column\">\n\t\t\t<div class=\"elementor-widget-wrap elementor-element-populated\">\n\t\t\t\t\t\t<div class=\"elementor-element elementor-element-e35386e elementor-widget elementor-widget-spacer\" data-id=\"e35386e\" data-element_type=\"widget\" data-e-type=\"widget\" data-widget_type=\"spacer.default\">\n\t\t\t\t<div class=\"elementor-widget-container\">\n\t\t\t\t\t\t\t<div class=\"elementor-spacer\">\n\t\t\t<div class=\"elementor-spacer-inner\"><\/div>\n\t\t<\/div>\n\t\t\t\t\t\t<\/div>\n\t\t\t\t<\/div>\n\t\t\t\t\t<\/div>\n\t\t<\/div>\n\t\t\t\t\t<\/div>\n\t\t<\/section>\n\t\t\t\t<\/div>","protected":false},"excerpt":{"rendered":"<p>Finalizarea concursului de admitere Dup\u0103 \u00eencheierea concursului de admitere \u0219i \u00eenaintea contesta\u021biilor privind rezultatul probelor scrise, comisia de admitere pe facultate \u00eentocme\u0219te cel pu\u021bin dou\u0103 categorii de liste: a) lista provizorie cu candida\u021bii declara\u021bi admi\u0219i, \u00een ordinea descresc\u0103toare a mediilor generale ob\u021binute la concursul de admitere, b) lista provizorie cu candida\u021bii declara\u021bi respin\u0219i, \u00een ordinea&#8230;<\/p>","protected":false},"author":1,"featured_media":0,"parent":29486,"menu_order":0,"comment_status":"closed","ping_status":"closed","template":"","meta":{"footnotes":""},"class_list":["post-40266","page","type-page","status-publish","hentry"],"_links":{"self":[{"href":"https:\/\/site.utm.ro\/en\/wp-json\/wp\/v2\/pages\/40266","targetHints":{"allow":["GET"]}}],"collection":[{"href":"https:\/\/site.utm.ro\/en\/wp-json\/wp\/v2\/pages"}],"about":[{"href":"https:\/\/site.utm.ro\/en\/wp-json\/wp\/v2\/types\/page"}],"author":[{"embeddable":true,"href":"https:\/\/site.utm.ro\/en\/wp-json\/wp\/v2\/users\/1"}],"replies":[{"embeddable":true,"href":"https:\/\/site.utm.ro\/en\/wp-json\/wp\/v2\/comments?post=40266"}],"version-history":[{"count":4,"href":"https:\/\/site.utm.ro\/en\/wp-json\/wp\/v2\/pages\/40266\/revisions"}],"predecessor-version":[{"id":40279,"href":"https:\/\/site.utm.ro\/en\/wp-json\/wp\/v2\/pages\/40266\/revisions\/40279"}],"up":[{"embeddable":true,"href":"https:\/\/site.utm.ro\/en\/wp-json\/wp\/v2\/pages\/29486"}],"wp:attachment":[{"href":"https:\/\/site.utm.ro\/en\/wp-json\/wp\/v2\/media?parent=40266"}],"curies":[{"name":"wp","href":"https:\/\/api.w.org\/{rel}","templated":true}]}}