{"id":40147,"date":"2026-04-14T09:11:10","date_gmt":"2026-04-14T09:11:10","guid":{"rendered":"https:\/\/site.utm.ro\/?page_id=40147"},"modified":"2026-04-14T09:14:04","modified_gmt":"2026-04-14T09:14:04","slug":"admitere-medicina-dentara-in-engleza","status":"publish","type":"page","link":"https:\/\/site.utm.ro\/en\/international\/admitere-medicina-dentara-in-engleza\/","title":{"rendered":"Admitere &#8211; Medicin\u0103 dentar\u0103 \u00een englez\u0103"},"content":{"rendered":"<div data-elementor-type=\"wp-page\" data-elementor-id=\"40147\" class=\"elementor elementor-40147\" data-elementor-post-type=\"page\">\n\t\t\t\t\t\t<section class=\"elementor-section elementor-top-section elementor-element elementor-element-cbf27b0 elementor-section-height-min-height elementor-section-boxed elementor-section-height-default elementor-section-items-middle\" data-id=\"cbf27b0\" data-element_type=\"section\" data-e-type=\"section\" data-settings=\"{&quot;background_background&quot;:&quot;classic&quot;}\">\n\t\t\t\t\t\t\t<div class=\"elementor-background-overlay\"><\/div>\n\t\t\t\t\t\t\t<div class=\"elementor-container elementor-column-gap-default\">\n\t\t\t\t\t<div class=\"elementor-column elementor-col-100 elementor-top-column elementor-element elementor-element-5ca93ec\" data-id=\"5ca93ec\" data-element_type=\"column\" data-e-type=\"column\" data-settings=\"{&quot;background_background&quot;:&quot;classic&quot;}\">\n\t\t\t<div class=\"elementor-widget-wrap\">\n\t\t\t\t\t\t\t<\/div>\n\t\t<\/div>\n\t\t\t\t\t<\/div>\n\t\t<\/section>\n\t\t\t\t<section class=\"elementor-section elementor-top-section elementor-element elementor-element-475dcf6 elementor-section-boxed elementor-section-height-default elementor-section-height-default\" data-id=\"475dcf6\" data-element_type=\"section\" data-e-type=\"section\">\n\t\t\t\t\t\t<div class=\"elementor-container elementor-column-gap-no\">\n\t\t\t\t\t<div class=\"elementor-column elementor-col-50 elementor-top-column elementor-element elementor-element-43748d5 animated-fast elementor-invisible\" data-id=\"43748d5\" data-element_type=\"column\" data-e-type=\"column\" data-settings=\"{&quot;background_background&quot;:&quot;classic&quot;,&quot;animation&quot;:&quot;fadeIn&quot;,&quot;animation_tablet&quot;:&quot;none&quot;,&quot;animation_mobile&quot;:&quot;none&quot;,&quot;animation_delay&quot;:100}\">\n\t\t\t<div class=\"elementor-widget-wrap elementor-element-populated\">\n\t\t\t\t\t\t<div class=\"elementor-element elementor-element-996ba13 elementor-widget elementor-widget-heading\" data-id=\"996ba13\" data-element_type=\"widget\" data-e-type=\"widget\" data-widget_type=\"heading.default\">\n\t\t\t\t<div class=\"elementor-widget-container\">\n\t\t\t\t\t<h1 class=\"elementor-heading-title elementor-size-default\">Dental medicine in English<\/h1>\t\t\t\t<\/div>\n\t\t\t\t<\/div>\n\t\t\t\t\t<\/div>\n\t\t<\/div>\n\t\t\t\t<div class=\"elementor-column elementor-col-50 elementor-top-column elementor-element elementor-element-7e09e92 elementor-hidden-desktop elementor-hidden-tablet elementor-hidden-phone\" data-id=\"7e09e92\" data-element_type=\"column\" data-e-type=\"column\">\n\t\t\t<div class=\"elementor-widget-wrap\">\n\t\t\t\t\t\t\t<\/div>\n\t\t<\/div>\n\t\t\t\t\t<\/div>\n\t\t<\/section>\n\t\t\t\t<section class=\"elementor-section elementor-top-section elementor-element elementor-element-cb20d86 elementor-section-boxed elementor-section-height-default elementor-section-height-default\" data-id=\"cb20d86\" data-element_type=\"section\" data-e-type=\"section\" data-settings=\"{&quot;animation&quot;:&quot;none&quot;,&quot;animation_tablet&quot;:&quot;none&quot;,&quot;animation_mobile&quot;:&quot;none&quot;,&quot;animation_delay&quot;:300}\">\n\t\t\t\t\t\t<div class=\"elementor-container elementor-column-gap-no\">\n\t\t\t\t\t<div class=\"elementor-column elementor-col-100 elementor-top-column elementor-element elementor-element-efb0d98\" data-id=\"efb0d98\" data-element_type=\"column\" data-e-type=\"column\">\n\t\t\t<div class=\"elementor-widget-wrap elementor-element-populated\">\n\t\t\t\t\t\t<div class=\"elementor-element elementor-element-c2b6a9c vamtam-theme-table-styles elementor-widget elementor-widget-toggle\" data-id=\"c2b6a9c\" data-element_type=\"widget\" data-e-type=\"widget\" data-widget_type=\"toggle.default\">\n\t\t\t\t<div class=\"elementor-widget-container\">\n\t\t\t\t\t\t\t<div class=\"elementor-toggle\">\n\t\t\t\t\t\t\t<div class=\"elementor-toggle-item\">\n\t\t\t\t\t<h2 id=\"elementor-tab-title-2041\" class=\"elementor-tab-title\" data-tab=\"1\" role=\"button\" aria-controls=\"elementor-tab-content-2041\" aria-expanded=\"false\">\n\t\t\t\t\t\t\t\t\t\t\t\t<span class=\"elementor-toggle-icon elementor-toggle-icon-right\" aria-hidden=\"true\">\n\t\t\t\t\t\t\t\t\t\t\t\t\t\t\t<span class=\"elementor-toggle-icon-closed\"><i class=\"vamtamtheme- vamtam-theme-arrow-down\"><\/i><\/span>\n\t\t\t\t\t\t\t\t<span class=\"elementor-toggle-icon-opened\"><i class=\"elementor-toggle-icon-opened vamtamtheme- vamtam-theme-arrow-up\"><\/i><\/span>\n\t\t\t\t\t\t\t\t\t\t\t\t\t<\/span>\n\t\t\t\t\t\t\t\t\t\t\t\t<a class=\"elementor-toggle-title\" tabindex=\"0\"><\/a>\n\t\t\t\t\t<\/h2>\n\n\t\t\t\t\t<div id=\"elementor-tab-content-2041\" class=\"elementor-tab-content elementor-clearfix\" data-tab=\"1\" role=\"region\" aria-labelledby=\"elementor-tab-title-2041\"><\/div>\n\t\t\t\t<\/div>\n\t\t\t\t\t\t\t\t<\/div>\n\t\t\t\t\t\t<\/div>\n\t\t\t\t<\/div>\n\t\t\t\t\t<\/div>\n\t\t<\/div>\n\t\t\t\t\t<\/div>\n\t\t<\/section>\n\t\t\t\t<section class=\"elementor-section elementor-top-section elementor-element elementor-element-8eb6594 elementor-section-boxed elementor-section-height-default elementor-section-height-default\" data-id=\"8eb6594\" data-element_type=\"section\" data-e-type=\"section\">\n\t\t\t\t\t\t<div class=\"elementor-container elementor-column-gap-default\">\n\t\t\t\t\t<div class=\"elementor-column elementor-col-100 elementor-top-column elementor-element elementor-element-9c1d12e\" data-id=\"9c1d12e\" data-element_type=\"column\" data-e-type=\"column\">\n\t\t\t<div class=\"elementor-widget-wrap elementor-element-populated\">\n\t\t\t\t\t\t<div class=\"elementor-element elementor-element-c253791 elementor-widget elementor-widget-spacer\" data-id=\"c253791\" data-element_type=\"widget\" data-e-type=\"widget\" data-widget_type=\"spacer.default\">\n\t\t\t\t<div class=\"elementor-widget-container\">\n\t\t\t\t\t\t\t<div class=\"elementor-spacer\">\n\t\t\t<div class=\"elementor-spacer-inner\"><\/div>\n\t\t<\/div>\n\t\t\t\t\t\t<\/div>\n\t\t\t\t<\/div>\n\t\t\t\t\t<\/div>\n\t\t<\/div>\n\t\t\t\t\t<\/div>\n\t\t<\/section>\n\t\t\t\t<\/div>","protected":false},"excerpt":{"rendered":"<p>Dental medicine in English<\/p>","protected":false},"author":1,"featured_media":0,"parent":24378,"menu_order":0,"comment_status":"closed","ping_status":"closed","template":"","meta":{"footnotes":""},"class_list":["post-40147","page","type-page","status-publish","hentry"],"_links":{"self":[{"href":"https:\/\/site.utm.ro\/en\/wp-json\/wp\/v2\/pages\/40147","targetHints":{"allow":["GET"]}}],"collection":[{"href":"https:\/\/site.utm.ro\/en\/wp-json\/wp\/v2\/pages"}],"about":[{"href":"https:\/\/site.utm.ro\/en\/wp-json\/wp\/v2\/types\/page"}],"author":[{"embeddable":true,"href":"https:\/\/site.utm.ro\/en\/wp-json\/wp\/v2\/users\/1"}],"replies":[{"embeddable":true,"href":"https:\/\/site.utm.ro\/en\/wp-json\/wp\/v2\/comments?post=40147"}],"version-history":[{"count":4,"href":"https:\/\/site.utm.ro\/en\/wp-json\/wp\/v2\/pages\/40147\/revisions"}],"predecessor-version":[{"id":40158,"href":"https:\/\/site.utm.ro\/en\/wp-json\/wp\/v2\/pages\/40147\/revisions\/40158"}],"up":[{"embeddable":true,"href":"https:\/\/site.utm.ro\/en\/wp-json\/wp\/v2\/pages\/24378"}],"wp:attachment":[{"href":"https:\/\/site.utm.ro\/en\/wp-json\/wp\/v2\/media?parent=40147"}],"curies":[{"name":"wp","href":"https:\/\/api.w.org\/{rel}","templated":true}]}}