{"id":38760,"date":"2026-03-23T11:04:03","date_gmt":"2026-03-23T11:04:03","guid":{"rendered":"https:\/\/site.utm.ro\/?page_id=38760"},"modified":"2026-03-23T11:06:46","modified_gmt":"2026-03-23T11:06:46","slug":"news","status":"publish","type":"page","link":"https:\/\/site.utm.ro\/en\/international\/noutati\/","title":{"rendered":"International \u2013 News"},"content":{"rendered":"<div data-elementor-type=\"wp-page\" data-elementor-id=\"38760\" class=\"elementor elementor-38760\" data-elementor-post-type=\"page\">\n\t\t\t\t\t\t<section class=\"elementor-section elementor-top-section elementor-element elementor-element-ca6d189 elementor-section-height-min-height elementor-section-full_width elementor-section-height-default elementor-section-items-middle\" data-id=\"ca6d189\" data-element_type=\"section\" data-e-type=\"section\" data-settings=\"{&quot;background_background&quot;:&quot;classic&quot;}\">\n\t\t\t\t\t\t\t<div class=\"elementor-background-overlay\"><\/div>\n\t\t\t\t\t\t\t<div class=\"elementor-container elementor-column-gap-default\">\n\t\t\t\t\t<div class=\"elementor-column elementor-col-100 elementor-top-column elementor-element elementor-element-38edf46\" data-id=\"38edf46\" data-element_type=\"column\" data-e-type=\"column\" data-settings=\"{&quot;background_background&quot;:&quot;classic&quot;}\">\n\t\t\t<div class=\"elementor-widget-wrap\">\n\t\t\t\t\t\t\t<\/div>\n\t\t<\/div>\n\t\t\t\t\t<\/div>\n\t\t<\/section>\n\t\t\t\t<section class=\"elementor-section elementor-top-section elementor-element elementor-element-d2d73bc elementor-section-boxed elementor-section-height-default elementor-section-height-default\" data-id=\"d2d73bc\" data-element_type=\"section\" data-e-type=\"section\">\n\t\t\t\t\t\t<div class=\"elementor-container elementor-column-gap-no\">\n\t\t\t\t\t<div class=\"elementor-column elementor-col-50 elementor-top-column elementor-element elementor-element-dd5caa7 animated-fast elementor-invisible\" data-id=\"dd5caa7\" data-element_type=\"column\" data-e-type=\"column\" data-settings=\"{&quot;background_background&quot;:&quot;classic&quot;,&quot;animation&quot;:&quot;fadeIn&quot;,&quot;animation_tablet&quot;:&quot;none&quot;,&quot;animation_mobile&quot;:&quot;none&quot;,&quot;animation_delay&quot;:100}\">\n\t\t\t<div class=\"elementor-widget-wrap elementor-element-populated\">\n\t\t\t\t\t\t<div class=\"elementor-element elementor-element-863d211 elementor-widget elementor-widget-heading\" data-id=\"863d211\" data-element_type=\"widget\" data-e-type=\"widget\" data-widget_type=\"heading.default\">\n\t\t\t\t<div class=\"elementor-widget-container\">\n\t\t\t\t\t<h1 class=\"elementor-heading-title elementor-size-default\">News<\/h1>\t\t\t\t<\/div>\n\t\t\t\t<\/div>\n\t\t\t\t\t<\/div>\n\t\t<\/div>\n\t\t\t\t<div class=\"elementor-column elementor-col-50 elementor-top-column elementor-element elementor-element-a0ad7d2 elementor-hidden-desktop elementor-hidden-tablet elementor-hidden-phone\" data-id=\"a0ad7d2\" data-element_type=\"column\" data-e-type=\"column\">\n\t\t\t<div class=\"elementor-widget-wrap\">\n\t\t\t\t\t\t\t<\/div>\n\t\t<\/div>\n\t\t\t\t\t<\/div>\n\t\t<\/section>\n\t\t\t\t<section class=\"elementor-section elementor-top-section elementor-element elementor-element-8d97079 elementor-section-boxed elementor-section-height-default elementor-section-height-default\" data-id=\"8d97079\" data-element_type=\"section\" data-e-type=\"section\">\n\t\t\t\t\t\t<div class=\"elementor-container elementor-column-gap-no\">\n\t\t\t\t\t<div class=\"elementor-column elementor-col-100 elementor-top-column elementor-element elementor-element-c63aad2\" data-id=\"c63aad2\" data-element_type=\"column\" data-e-type=\"column\">\n\t\t\t<div class=\"elementor-widget-wrap elementor-element-populated\">\n\t\t\t\t\t\t<div class=\"elementor-element elementor-element-820e4d9 animated-fast elementor-grid-3 elementor-grid-tablet-2 elementor-grid-mobile-1 elementor-posts--thumbnail-top load-more-align-center elementor-invisible elementor-widget elementor-widget-posts\" data-id=\"820e4d9\" data-element_type=\"widget\" data-e-type=\"widget\" data-settings=\"{&quot;classic_row_gap&quot;:{&quot;unit&quot;:&quot;px&quot;,&quot;size&quot;:60,&quot;sizes&quot;:[]},&quot;_animation&quot;:&quot;fadeIn&quot;,&quot;classic_row_gap_mobile&quot;:{&quot;unit&quot;:&quot;px&quot;,&quot;size&quot;:50,&quot;sizes&quot;:[]},&quot;pagination_type&quot;:&quot;load_more_on_click&quot;,&quot;classic_columns&quot;:&quot;3&quot;,&quot;classic_columns_tablet&quot;:&quot;2&quot;,&quot;classic_columns_mobile&quot;:&quot;1&quot;,&quot;classic_row_gap_tablet&quot;:{&quot;unit&quot;:&quot;px&quot;,&quot;size&quot;:&quot;&quot;,&quot;sizes&quot;:[]},&quot;load_more_spinner&quot;:{&quot;value&quot;:&quot;fas fa-spinner&quot;,&quot;library&quot;:&quot;fa-solid&quot;}}\" data-widget_type=\"posts.classic\">\n\t\t\t\t<div class=\"elementor-widget-container\">\n\t\t\t\t\t\t\t<div class=\"elementor-posts-container elementor-posts elementor-posts--skin-classic elementor-grid\" role=\"list\">\n\t\t\t\t<article class=\"elementor-post elementor-grid-item post-37627 post type-post status-publish format-standard has-post-thumbnail hentry category-international-erasmus category-ro category-stiri-evenimente\" role=\"listitem\">\n\t\t\t\t<a class=\"elementor-post__thumbnail__link\" href=\"https:\/\/site.utm.ro\/en\/erasmus-cafe-3-martie-2026\/\" tabindex=\"-1\">\n\t\t\t<div class=\"elementor-post__thumbnail\"><img fetchpriority=\"high\" decoding=\"async\" width=\"1485\" height=\"1485\" src=\"https:\/\/site.utm.ro\/wp-content\/uploads\/2026\/02\/Erasmus-Cafe-UTM-2026.png\" class=\"attachment-full size-full wp-image-37628\" alt=\"\" srcset=\"https:\/\/site.utm.ro\/wp-content\/uploads\/2026\/02\/Erasmus-Cafe-UTM-2026.png 1485w, https:\/\/site.utm.ro\/wp-content\/uploads\/2026\/02\/Erasmus-Cafe-UTM-2026-300x300.png 300w, https:\/\/site.utm.ro\/wp-content\/uploads\/2026\/02\/Erasmus-Cafe-UTM-2026-1024x1024.png 1024w, https:\/\/site.utm.ro\/wp-content\/uploads\/2026\/02\/Erasmus-Cafe-UTM-2026-150x150.png 150w, https:\/\/site.utm.ro\/wp-content\/uploads\/2026\/02\/Erasmus-Cafe-UTM-2026-768x768.png 768w, https:\/\/site.utm.ro\/wp-content\/uploads\/2026\/02\/Erasmus-Cafe-UTM-2026-12x12.png 12w, https:\/\/site.utm.ro\/wp-content\/uploads\/2026\/02\/Erasmus-Cafe-UTM-2026-840x840.png 840w, https:\/\/site.utm.ro\/wp-content\/uploads\/2026\/02\/Erasmus-Cafe-UTM-2026-1260x1260.png 1260w, https:\/\/site.utm.ro\/wp-content\/uploads\/2026\/02\/Erasmus-Cafe-UTM-2026-420x420.png 420w, https:\/\/site.utm.ro\/wp-content\/uploads\/2026\/02\/Erasmus-Cafe-UTM-2026-630x630.png 630w, https:\/\/site.utm.ro\/wp-content\/uploads\/2026\/02\/Erasmus-Cafe-UTM-2026-315x315.png 315w\" sizes=\"(max-width: 1485px) 100vw, 1485px\" \/><\/div>\n\t\t<\/a>\n\t\t\t\t<div class=\"elementor-post__text\">\n\t\t\t\t<h4 class=\"elementor-post__title\">\n\t\t\t<a href=\"https:\/\/site.utm.ro\/en\/erasmus-cafe-3-martie-2026\/\">\n\t\t\t\tErasmus Caf\u00e9 \u2013 March 3, 2026\t\t\t<\/a>\n\t\t<\/h4>\n\t\t\t\t<div class=\"elementor-post__meta-data\">\n\t\t\t\t\t<span class=\"elementor-post-date\">\n\t\t\tFebruary 25, 2026\t\t<\/span>\n\t\t\t\t<\/div>\n\t\t\t\t<div class=\"elementor-post__excerpt\">\n\t\t\t<p>\u00a0 Erasmus Caf\u00e9 March 3, 2026 Titu Maiorescu University invites you to Erasmus Caf\u00e9, an event dedicated to everyone interested in the Erasmus+ Program. You will have<\/p>\n\t\t<\/div>\n\t\t\n\t\t<a class=\"elementor-post__read-more\" href=\"https:\/\/site.utm.ro\/en\/erasmus-cafe-3-martie-2026\/\" aria-label=\"Read more about Erasmus Caf\u00e9 &#8211; 3 martie 2026\" tabindex=\"-1\">\n\t\t\t\t\t<\/a>\n\n\t\t\t\t<\/div>\n\t\t\t\t<\/article>\n\t\t\t\t<article class=\"elementor-post elementor-grid-item post-37629 post type-post status-publish format-standard has-post-thumbnail hentry category-international-erasmus category-ro category-stiri-evenimente\" role=\"listitem\">\n\t\t\t\t<a class=\"elementor-post__thumbnail__link\" href=\"https:\/\/site.utm.ro\/en\/succesul-cursului-inteligenta-artificiala-integrata-si-tehnologii-digitale-avansate-un-weekend-sub-semnul-inovatiei\/\" tabindex=\"-1\">\n\t\t\t<div class=\"elementor-post__thumbnail\"><img decoding=\"async\" width=\"1485\" height=\"1485\" src=\"https:\/\/site.utm.ro\/wp-content\/uploads\/2026\/02\/inteligenta-artificiala-integrata-curs.jpeg\" class=\"attachment-full size-full wp-image-37630\" alt=\"\" srcset=\"https:\/\/site.utm.ro\/wp-content\/uploads\/2026\/02\/inteligenta-artificiala-integrata-curs.jpeg 1485w, https:\/\/site.utm.ro\/wp-content\/uploads\/2026\/02\/inteligenta-artificiala-integrata-curs-300x300.jpeg 300w, https:\/\/site.utm.ro\/wp-content\/uploads\/2026\/02\/inteligenta-artificiala-integrata-curs-1024x1024.jpeg 1024w, https:\/\/site.utm.ro\/wp-content\/uploads\/2026\/02\/inteligenta-artificiala-integrata-curs-150x150.jpeg 150w, https:\/\/site.utm.ro\/wp-content\/uploads\/2026\/02\/inteligenta-artificiala-integrata-curs-768x768.jpeg 768w, https:\/\/site.utm.ro\/wp-content\/uploads\/2026\/02\/inteligenta-artificiala-integrata-curs-12x12.jpeg 12w, https:\/\/site.utm.ro\/wp-content\/uploads\/2026\/02\/inteligenta-artificiala-integrata-curs-840x840.jpeg 840w, https:\/\/site.utm.ro\/wp-content\/uploads\/2026\/02\/inteligenta-artificiala-integrata-curs-1260x1260.jpeg 1260w, https:\/\/site.utm.ro\/wp-content\/uploads\/2026\/02\/inteligenta-artificiala-integrata-curs-420x420.jpeg 420w, https:\/\/site.utm.ro\/wp-content\/uploads\/2026\/02\/inteligenta-artificiala-integrata-curs-630x630.jpeg 630w, https:\/\/site.utm.ro\/wp-content\/uploads\/2026\/02\/inteligenta-artificiala-integrata-curs-315x315.jpeg 315w\" sizes=\"(max-width: 1485px) 100vw, 1485px\" \/><\/div>\n\t\t<\/a>\n\t\t\t\t<div class=\"elementor-post__text\">\n\t\t\t\t<h4 class=\"elementor-post__title\">\n\t\t\t<a href=\"https:\/\/site.utm.ro\/en\/succesul-cursului-inteligenta-artificiala-integrata-si-tehnologii-digitale-avansate-un-weekend-sub-semnul-inovatiei\/\">\n\t\t\t\tSuccess of the course \u201eEmbedded Artificial Intelligence and Advanced Digital Technologies\u201d \u2013 a weekend of innovation\t\t\t<\/a>\n\t\t<\/h4>\n\t\t\t\t<div class=\"elementor-post__meta-data\">\n\t\t\t\t\t<span class=\"elementor-post-date\">\n\t\t\tFebruary 23, 2026\t\t<\/span>\n\t\t\t\t<\/div>\n\t\t\t\t<div class=\"elementor-post__excerpt\">\n\t\t\t<p>Success of the course \u201eIntegrated Artificial Intelligence and Advanced Digital Technologies\u201d a weekend of innovation On the weekend of February 21\u201322, 2026, the Faculty of Informatics hosted the course<\/p>\n\t\t<\/div>\n\t\t\n\t\t<a class=\"elementor-post__read-more\" href=\"https:\/\/site.utm.ro\/en\/succesul-cursului-inteligenta-artificiala-integrata-si-tehnologii-digitale-avansate-un-weekend-sub-semnul-inovatiei\/\" aria-label=\"Read more about Succesul cursului \u201eInteligen\u021b\u0103 Artificial\u0103 Integrat\u0103 \u0219i Tehnologii Digitale Avansate\u201d \u2013 un weekend sub semnul inova\u021biei\" tabindex=\"-1\">\n\t\t\t\t\t<\/a>\n\n\t\t\t\t<\/div>\n\t\t\t\t<\/article>\n\t\t\t\t<article class=\"elementor-post elementor-grid-item post-37656 post type-post status-publish format-standard has-post-thumbnail hentry category-international-erasmus category-ro category-stiri-evenimente\" role=\"listitem\">\n\t\t\t\t<a class=\"elementor-post__thumbnail__link\" href=\"https:\/\/site.utm.ro\/en\/concurs-my-erasmus-story-goes-on\/\" tabindex=\"-1\">\n\t\t\t<div class=\"elementor-post__thumbnail\"><img decoding=\"async\" width=\"1080\" height=\"1080\" src=\"https:\/\/site.utm.ro\/wp-content\/uploads\/2026\/02\/Erasmus-Foto-contest.jpeg\" class=\"attachment-full size-full wp-image-37657\" alt=\"\" srcset=\"https:\/\/site.utm.ro\/wp-content\/uploads\/2026\/02\/Erasmus-Foto-contest.jpeg 1080w, https:\/\/site.utm.ro\/wp-content\/uploads\/2026\/02\/Erasmus-Foto-contest-300x300.jpeg 300w, https:\/\/site.utm.ro\/wp-content\/uploads\/2026\/02\/Erasmus-Foto-contest-1024x1024.jpeg 1024w, https:\/\/site.utm.ro\/wp-content\/uploads\/2026\/02\/Erasmus-Foto-contest-150x150.jpeg 150w, https:\/\/site.utm.ro\/wp-content\/uploads\/2026\/02\/Erasmus-Foto-contest-768x768.jpeg 768w, https:\/\/site.utm.ro\/wp-content\/uploads\/2026\/02\/Erasmus-Foto-contest-12x12.jpeg 12w, https:\/\/site.utm.ro\/wp-content\/uploads\/2026\/02\/Erasmus-Foto-contest-840x840.jpeg 840w, https:\/\/site.utm.ro\/wp-content\/uploads\/2026\/02\/Erasmus-Foto-contest-420x420.jpeg 420w, https:\/\/site.utm.ro\/wp-content\/uploads\/2026\/02\/Erasmus-Foto-contest-630x630.jpeg 630w, https:\/\/site.utm.ro\/wp-content\/uploads\/2026\/02\/Erasmus-Foto-contest-315x315.jpeg 315w\" sizes=\"(max-width: 1080px) 100vw, 1080px\" \/><\/div>\n\t\t<\/a>\n\t\t\t\t<div class=\"elementor-post__text\">\n\t\t\t\t<h4 class=\"elementor-post__title\">\n\t\t\t<a href=\"https:\/\/site.utm.ro\/en\/concurs-my-erasmus-story-goes-on\/\">\n\t\t\t\tContest: My Erasmus Story Continues!\t\t\t<\/a>\n\t\t<\/h4>\n\t\t\t\t<div class=\"elementor-post__meta-data\">\n\t\t\t\t\t<span class=\"elementor-post-date\">\n\t\t\t17 February 2026\t\t<\/span>\n\t\t\t\t<\/div>\n\t\t\t\t<div class=\"elementor-post__excerpt\">\n\t\t\t<p>\u00a0 Contest: My Erasmus Story Goes On! Your Erasmus story could be a winning one! Did you have an unforgettable Erasmus experience? Did you capture it in a<\/p>\n\t\t<\/div>\n\t\t\n\t\t<a class=\"elementor-post__read-more\" href=\"https:\/\/site.utm.ro\/en\/concurs-my-erasmus-story-goes-on\/\" aria-label=\"Read more about Concurs: My Erasmus Story Goes On!\" tabindex=\"-1\">\n\t\t\t\t\t<\/a>\n\n\t\t\t\t<\/div>\n\t\t\t\t<\/article>\n\t\t\t\t<article class=\"elementor-post elementor-grid-item post-37700 post type-post status-publish format-standard has-post-thumbnail hentry category-international-erasmus category-ro category-stiri-evenimente\" role=\"listitem\">\n\t\t\t\t<a class=\"elementor-post__thumbnail__link\" href=\"https:\/\/site.utm.ro\/en\/utm-a-castigat-premiul-i-la-competitia-de-postere-din-cadrul-eracon-2025\/\" tabindex=\"-1\">\n\t\t\t<div class=\"elementor-post__thumbnail\"><img loading=\"lazy\" decoding=\"async\" width=\"1485\" height=\"1485\" src=\"https:\/\/site.utm.ro\/wp-content\/uploads\/2025\/11\/UTM-@-ERACON.png\" class=\"attachment-full size-full wp-image-37701\" alt=\"\" srcset=\"https:\/\/site.utm.ro\/wp-content\/uploads\/2025\/11\/UTM-@-ERACON.png 1485w, https:\/\/site.utm.ro\/wp-content\/uploads\/2025\/11\/UTM-@-ERACON-300x300.png 300w, https:\/\/site.utm.ro\/wp-content\/uploads\/2025\/11\/UTM-@-ERACON-1024x1024.png 1024w, https:\/\/site.utm.ro\/wp-content\/uploads\/2025\/11\/UTM-@-ERACON-150x150.png 150w, https:\/\/site.utm.ro\/wp-content\/uploads\/2025\/11\/UTM-@-ERACON-768x768.png 768w, https:\/\/site.utm.ro\/wp-content\/uploads\/2025\/11\/UTM-@-ERACON-12x12.png 12w, https:\/\/site.utm.ro\/wp-content\/uploads\/2025\/11\/UTM-@-ERACON-840x840.png 840w, https:\/\/site.utm.ro\/wp-content\/uploads\/2025\/11\/UTM-@-ERACON-1260x1260.png 1260w, https:\/\/site.utm.ro\/wp-content\/uploads\/2025\/11\/UTM-@-ERACON-420x420.png 420w, https:\/\/site.utm.ro\/wp-content\/uploads\/2025\/11\/UTM-@-ERACON-630x630.png 630w, https:\/\/site.utm.ro\/wp-content\/uploads\/2025\/11\/UTM-@-ERACON-315x315.png 315w\" sizes=\"(max-width: 1485px) 100vw, 1485px\" \/><\/div>\n\t\t<\/a>\n\t\t\t\t<div class=\"elementor-post__text\">\n\t\t\t\t<h4 class=\"elementor-post__title\">\n\t\t\t<a href=\"https:\/\/site.utm.ro\/en\/utm-a-castigat-premiul-i-la-competitia-de-postere-din-cadrul-eracon-2025\/\">\n\t\t\t\tUTM won first prize at the poster competition during ERACON 2025\t\t\t<\/a>\n\t\t<\/h4>\n\t\t\t\t<div class=\"elementor-post__meta-data\">\n\t\t\t\t\t<span class=\"elementor-post-date\">\n\t\t\t13 November 2025\t\t<\/span>\n\t\t\t\t<\/div>\n\t\t\t\t<div class=\"elementor-post__excerpt\">\n\t\t\t<p>UTM won first prize at the poster competition during ERACON 2025. We invite you to watch a short presentation video made by<\/p>\n\t\t<\/div>\n\t\t\n\t\t<a class=\"elementor-post__read-more\" href=\"https:\/\/site.utm.ro\/en\/utm-a-castigat-premiul-i-la-competitia-de-postere-din-cadrul-eracon-2025\/\" aria-label=\"Read more about UTM a c\u00e2\u0219tigat premiul I la competi\u021bia de postere din cadrul ERACON 2025\" tabindex=\"-1\">\n\t\t\t\t\t<\/a>\n\n\t\t\t\t<\/div>\n\t\t\t\t<\/article>\n\t\t\t\t<article class=\"elementor-post elementor-grid-item post-37702 post type-post status-publish format-standard has-post-thumbnail hentry category-international-erasmus category-ro category-stiri-evenimente\" role=\"listitem\">\n\t\t\t\t<a class=\"elementor-post__thumbnail__link\" href=\"https:\/\/site.utm.ro\/en\/universitatea-titu-maiorescu-a-intampinat-cu-bucurie-delegatia-universitatii-chulalongkorn-din-thailanda\/\" tabindex=\"-1\">\n\t\t\t<div class=\"elementor-post__thumbnail\"><img loading=\"lazy\" decoding=\"async\" width=\"1024\" height=\"1024\" src=\"https:\/\/site.utm.ro\/wp-content\/uploads\/2025\/11\/Vizita-Thailanda-1024x1024-1.png\" class=\"attachment-full size-full wp-image-37703\" alt=\"\" srcset=\"https:\/\/site.utm.ro\/wp-content\/uploads\/2025\/11\/Vizita-Thailanda-1024x1024-1.png 1024w, https:\/\/site.utm.ro\/wp-content\/uploads\/2025\/11\/Vizita-Thailanda-1024x1024-1-300x300.png 300w, https:\/\/site.utm.ro\/wp-content\/uploads\/2025\/11\/Vizita-Thailanda-1024x1024-1-150x150.png 150w, https:\/\/site.utm.ro\/wp-content\/uploads\/2025\/11\/Vizita-Thailanda-1024x1024-1-768x768.png 768w, https:\/\/site.utm.ro\/wp-content\/uploads\/2025\/11\/Vizita-Thailanda-1024x1024-1-12x12.png 12w, https:\/\/site.utm.ro\/wp-content\/uploads\/2025\/11\/Vizita-Thailanda-1024x1024-1-840x840.png 840w, https:\/\/site.utm.ro\/wp-content\/uploads\/2025\/11\/Vizita-Thailanda-1024x1024-1-420x420.png 420w, https:\/\/site.utm.ro\/wp-content\/uploads\/2025\/11\/Vizita-Thailanda-1024x1024-1-630x630.png 630w, https:\/\/site.utm.ro\/wp-content\/uploads\/2025\/11\/Vizita-Thailanda-1024x1024-1-315x315.png 315w\" sizes=\"(max-width: 1024px) 100vw, 1024px\" \/><\/div>\n\t\t<\/a>\n\t\t\t\t<div class=\"elementor-post__text\">\n\t\t\t\t<h4 class=\"elementor-post__title\">\n\t\t\t<a href=\"https:\/\/site.utm.ro\/en\/universitatea-titu-maiorescu-a-intampinat-cu-bucurie-delegatia-universitatii-chulalongkorn-din-thailanda\/\">\n\t\t\t\tTitu Maiorescu University welcomed the delegation from Chulalongkorn University in Thailand with joy.\t\t\t<\/a>\n\t\t<\/h4>\n\t\t\t\t<div class=\"elementor-post__meta-data\">\n\t\t\t\t\t<span class=\"elementor-post-date\">\n\t\t\t5 November 2025\t\t<\/span>\n\t\t\t\t<\/div>\n\t\t\t\t<div class=\"elementor-post__excerpt\">\n\t\t\t<p>\u00a0 Titu Maiorescu University welcomed the delegation from Chulalongkorn University of Thailand with joy. Titu Maiorescu University in Bucharest had the honor today to<\/p>\n\t\t<\/div>\n\t\t\n\t\t<a class=\"elementor-post__read-more\" href=\"https:\/\/site.utm.ro\/en\/universitatea-titu-maiorescu-a-intampinat-cu-bucurie-delegatia-universitatii-chulalongkorn-din-thailanda\/\" aria-label=\"Read more about Universitatea Titu Maiorescu a \u00eentampinat cu bucurie delega\u021bia Universit\u0103\u021bii Chulalongkorn din Thailanda\" tabindex=\"-1\">\n\t\t\t\t\t<\/a>\n\n\t\t\t\t<\/div>\n\t\t\t\t<\/article>\n\t\t\t\t<article class=\"elementor-post elementor-grid-item post-37780 post type-post status-publish format-standard has-post-thumbnail hentry category-international-erasmus category-ro category-stiri-evenimente\" role=\"listitem\">\n\t\t\t\t<a class=\"elementor-post__thumbnail__link\" href=\"https:\/\/site.utm.ro\/en\/erasmus-cafe-utm-3-martie-2025\/\" tabindex=\"-1\">\n\t\t\t<div class=\"elementor-post__thumbnail\"><img loading=\"lazy\" decoding=\"async\" width=\"1890\" height=\"1890\" src=\"https:\/\/site.utm.ro\/wp-content\/uploads\/2025\/02\/Erasmus-Cafe-UTM-2025.png\" class=\"attachment-full size-full wp-image-37781\" alt=\"\" srcset=\"https:\/\/site.utm.ro\/wp-content\/uploads\/2025\/02\/Erasmus-Cafe-UTM-2025.png 1890w, https:\/\/site.utm.ro\/wp-content\/uploads\/2025\/02\/Erasmus-Cafe-UTM-2025-300x300.png 300w, https:\/\/site.utm.ro\/wp-content\/uploads\/2025\/02\/Erasmus-Cafe-UTM-2025-1024x1024.png 1024w, https:\/\/site.utm.ro\/wp-content\/uploads\/2025\/02\/Erasmus-Cafe-UTM-2025-150x150.png 150w, https:\/\/site.utm.ro\/wp-content\/uploads\/2025\/02\/Erasmus-Cafe-UTM-2025-768x768.png 768w, https:\/\/site.utm.ro\/wp-content\/uploads\/2025\/02\/Erasmus-Cafe-UTM-2025-1536x1536.png 1536w, https:\/\/site.utm.ro\/wp-content\/uploads\/2025\/02\/Erasmus-Cafe-UTM-2025-12x12.png 12w, https:\/\/site.utm.ro\/wp-content\/uploads\/2025\/02\/Erasmus-Cafe-UTM-2025-840x840.png 840w, https:\/\/site.utm.ro\/wp-content\/uploads\/2025\/02\/Erasmus-Cafe-UTM-2025-1260x1260.png 1260w, https:\/\/site.utm.ro\/wp-content\/uploads\/2025\/02\/Erasmus-Cafe-UTM-2025-420x420.png 420w, https:\/\/site.utm.ro\/wp-content\/uploads\/2025\/02\/Erasmus-Cafe-UTM-2025-630x630.png 630w, https:\/\/site.utm.ro\/wp-content\/uploads\/2025\/02\/Erasmus-Cafe-UTM-2025-315x315.png 315w\" sizes=\"(max-width: 1890px) 100vw, 1890px\" \/><\/div>\n\t\t<\/a>\n\t\t\t\t<div class=\"elementor-post__text\">\n\t\t\t\t<h4 class=\"elementor-post__title\">\n\t\t\t<a href=\"https:\/\/site.utm.ro\/en\/erasmus-cafe-utm-3-martie-2025\/\">\n\t\t\t\tErasmus Caf\u00e9UTM \u2013 March 3, 2025\t\t\t<\/a>\n\t\t<\/h4>\n\t\t\t\t<div class=\"elementor-post__meta-data\">\n\t\t\t\t\t<span class=\"elementor-post-date\">\n\t\t\t24 February 2025\t\t<\/span>\n\t\t\t\t<\/div>\n\t\t\t\t<div class=\"elementor-post__excerpt\">\n\t\t\t<p>Erasmus Caf\u00e9 Dear students, Titu Maiorescu University is organizing Erasmus Caf\u00e9, an event during which students interested in the Erasmus+ Program have the opportunity to interact with their colleagues from UTM<\/p>\n\t\t<\/div>\n\t\t\n\t\t<a class=\"elementor-post__read-more\" href=\"https:\/\/site.utm.ro\/en\/erasmus-cafe-utm-3-martie-2025\/\" aria-label=\"Read more about Erasmus Caf\u00e9\u00a0UTM &#8211; 3 martie 2025\" tabindex=\"-1\">\n\t\t\t\t\t<\/a>\n\n\t\t\t\t<\/div>\n\t\t\t\t<\/article>\n\t\t\t\t<\/div>\n\t\t\t\t\t<span class=\"e-load-more-spinner\">\n\t\t\t\t<i aria-hidden=\"true\" class=\"fas fa-spinner\"><\/i>\t\t\t<\/span>\n\t\t\n\t\t\t\t<div class=\"e-load-more-anchor\" data-page=\"1\" data-max-page=\"5\" data-next-page=\"https:\/\/site.utm.ro\/en\/wp-json\/wp\/v2\/pages\/38760\/page\/2\/\"><\/div>\n\t\t\t\t<div class=\"elementor-button-wrapper\">\n\t\t\t<a class=\"elementor-button elementor-size-sm\" role=\"button\">\n\t\t\t\t\t\t<span class=\"elementor-button-content-wrapper\">\n\t\t\t\t\t\t\t\t\t<span class=\"elementor-button-text\">More<\/span>\n\t\t\t\t\t<\/span>\n\t\t\t\t\t<\/a>\n\t\t<\/div>\n\t\t\t\t<div class=\"e-load-more-message\"><\/div>\n\t\t\t\t\t\t<\/div>\n\t\t\t\t<\/div>\n\t\t\t\t\t<\/div>\n\t\t<\/div>\n\t\t\t\t\t<\/div>\n\t\t<\/section>\n\t\t\t\t<section class=\"elementor-section elementor-top-section elementor-element elementor-element-49fb5a1 elementor-section-boxed elementor-section-height-default elementor-section-height-default\" data-id=\"49fb5a1\" data-element_type=\"section\" data-e-type=\"section\">\n\t\t\t\t\t\t<div class=\"elementor-container elementor-column-gap-default\">\n\t\t\t\t\t<div class=\"elementor-column elementor-col-100 elementor-top-column elementor-element elementor-element-76381b7\" data-id=\"76381b7\" data-element_type=\"column\" data-e-type=\"column\">\n\t\t\t<div class=\"elementor-widget-wrap elementor-element-populated\">\n\t\t\t\t\t\t<div class=\"elementor-element elementor-element-92d624c elementor-widget elementor-widget-spacer\" data-id=\"92d624c\" data-element_type=\"widget\" data-e-type=\"widget\" data-widget_type=\"spacer.default\">\n\t\t\t\t<div class=\"elementor-widget-container\">\n\t\t\t\t\t\t\t<div class=\"elementor-spacer\">\n\t\t\t<div class=\"elementor-spacer-inner\"><\/div>\n\t\t<\/div>\n\t\t\t\t\t\t<\/div>\n\t\t\t\t<\/div>\n\t\t\t\t\t<\/div>\n\t\t<\/div>\n\t\t\t\t\t<\/div>\n\t\t<\/section>\n\t\t\t\t<\/div>","protected":false},"excerpt":{"rendered":"<p>News<\/p>","protected":false},"author":1,"featured_media":0,"parent":24378,"menu_order":0,"comment_status":"closed","ping_status":"closed","template":"","meta":{"footnotes":""},"class_list":["post-38760","page","type-page","status-publish","hentry"],"_links":{"self":[{"href":"https:\/\/site.utm.ro\/en\/wp-json\/wp\/v2\/pages\/38760","targetHints":{"allow":["GET"]}}],"collection":[{"href":"https:\/\/site.utm.ro\/en\/wp-json\/wp\/v2\/pages"}],"about":[{"href":"https:\/\/site.utm.ro\/en\/wp-json\/wp\/v2\/types\/page"}],"author":[{"embeddable":true,"href":"https:\/\/site.utm.ro\/en\/wp-json\/wp\/v2\/users\/1"}],"replies":[{"embeddable":true,"href":"https:\/\/site.utm.ro\/en\/wp-json\/wp\/v2\/comments?post=38760"}],"version-history":[{"count":0,"href":"https:\/\/site.utm.ro\/en\/wp-json\/wp\/v2\/pages\/38760\/revisions"}],"up":[{"embeddable":true,"href":"https:\/\/site.utm.ro\/en\/wp-json\/wp\/v2\/pages\/24378"}],"wp:attachment":[{"href":"https:\/\/site.utm.ro\/en\/wp-json\/wp\/v2\/media?parent=38760"}],"curies":[{"name":"wp","href":"https:\/\/api.w.org\/{rel}","templated":true}]}}