{"id":37376,"date":"2026-03-17T12:54:47","date_gmt":"2026-03-17T12:54:47","guid":{"rendered":"https:\/\/site.utm.ro\/?page_id=37376"},"modified":"2026-03-17T12:56:03","modified_gmt":"2026-03-17T12:56:03","slug":"finalizing-studies","status":"publish","type":"page","link":"https:\/\/site.utm.ro\/en\/facultatea-de-asistenta-medicala-tg-jiu\/finalizare-studii\/","title":{"rendered":"FAM &#8211; Finalizare studii"},"content":{"rendered":"<div data-elementor-type=\"wp-page\" data-elementor-id=\"37376\" class=\"elementor elementor-37376\" data-elementor-post-type=\"page\">\n\t\t\t\t\t\t<section class=\"elementor-section elementor-top-section elementor-element elementor-element-c3cec2f elementor-section-full_width elementor-section-height-default elementor-section-height-default\" data-id=\"c3cec2f\" data-element_type=\"section\" data-e-type=\"section\">\n\t\t\t\t\t\t<div class=\"elementor-container elementor-column-gap-default\">\n\t\t\t\t\t<div class=\"elementor-column elementor-col-100 elementor-top-column elementor-element elementor-element-31e9079\" data-id=\"31e9079\" data-element_type=\"column\" data-e-type=\"column\">\n\t\t\t<div class=\"elementor-widget-wrap elementor-element-populated\">\n\t\t\t\t\t\t<div class=\"elementor-element elementor-element-ead7223 elementor-widget elementor-widget-template\" data-id=\"ead7223\" data-element_type=\"widget\" data-e-type=\"widget\" data-widget_type=\"template.default\">\n\t\t\t\t<div class=\"elementor-widget-container\">\n\t\t\t\t\t\t\t<div class=\"elementor-template\">\n\t\t\t\t\t<div data-elementor-type=\"section\" data-elementor-id=\"37278\" class=\"elementor elementor-37278\" data-elementor-post-type=\"elementor_library\">\n\t\t\t\t\t<section class=\"elementor-section elementor-top-section elementor-element elementor-element-30b361f4 elementor-section-full_width elementor-section-height-default elementor-section-height-default\" data-id=\"30b361f4\" data-element_type=\"section\" data-e-type=\"section\">\n\t\t\t\t\t\t<div class=\"elementor-container elementor-column-gap-default\">\n\t\t\t\t\t<div class=\"elementor-column elementor-col-100 elementor-top-column elementor-element elementor-element-170f6fff\" data-id=\"170f6fff\" data-element_type=\"column\" data-e-type=\"column\">\n\t\t\t<div class=\"elementor-widget-wrap elementor-element-populated\">\n\t\t\t\t\t\t<div class=\"elementor-element elementor-element-224e85d9 elementor--h-position-center elementor--v-position-middle elementor-pagination-position-inside elementor-widget elementor-widget-slides\" data-id=\"224e85d9\" data-element_type=\"widget\" data-e-type=\"widget\" data-settings=\"{&quot;navigation&quot;:&quot;dots&quot;,&quot;autoplay&quot;:&quot;yes&quot;,&quot;pause_on_hover&quot;:&quot;yes&quot;,&quot;pause_on_interaction&quot;:&quot;yes&quot;,&quot;autoplay_speed&quot;:5000,&quot;infinite&quot;:&quot;yes&quot;,&quot;transition&quot;:&quot;slide&quot;,&quot;transition_speed&quot;:500}\" data-widget_type=\"slides.default\">\n\t\t\t\t<div class=\"elementor-widget-container\">\n\t\t\t\t\t\t\t\t<div class=\"elementor-swiper\">\n\t\t\t\t<div class=\"elementor-slides-wrapper elementor-main-swiper swiper-container\" dir=\"ltr\" data-animation=\"fadeInUp\">\n\t\t\t\t\t<div class=\"swiper-wrapper elementor-slides\">\n\t\t\t\t\t\t\t\t\t\t\t\t<div class=\"elementor-repeater-item-301adab swiper-slide\"><div class=\"swiper-slide-bg\" role=\"img\"><\/div><div class=\"swiper-slide-inner\" ><div class=\"swiper-slide-contents\"><\/div><\/div><\/div>\t\t\t\t\t<\/div>\n\t\t\t\t\t\t\t\t\t<\/div>\n\t\t\t<\/div>\n\t\t\t\t\t\t\t<\/div>\n\t\t\t\t<\/div>\n\t\t\t\t\t<\/div>\n\t\t<\/div>\n\t\t\t\t\t<\/div>\n\t\t<\/section>\n\t\t\t\t<\/div>\n\t\t\t\t<\/div>\n\t\t\t\t\t\t<\/div>\n\t\t\t\t<\/div>\n\t\t\t\t\t<\/div>\n\t\t<\/div>\n\t\t\t\t\t<\/div>\n\t\t<\/section>\n\t\t\t\t<section class=\"elementor-section elementor-top-section elementor-element elementor-element-6fd4297 elementor-section-boxed elementor-section-height-default elementor-section-height-default\" data-id=\"6fd4297\" data-element_type=\"section\" data-e-type=\"section\">\n\t\t\t\t\t\t<div class=\"elementor-container elementor-column-gap-no\">\n\t\t\t\t\t<div class=\"elementor-column elementor-col-50 elementor-top-column elementor-element elementor-element-4a4cd63 animated-fast elementor-invisible\" data-id=\"4a4cd63\" data-element_type=\"column\" data-e-type=\"column\" data-settings=\"{&quot;background_background&quot;:&quot;classic&quot;,&quot;animation&quot;:&quot;fadeIn&quot;,&quot;animation_tablet&quot;:&quot;none&quot;,&quot;animation_mobile&quot;:&quot;none&quot;,&quot;animation_delay&quot;:100}\">\n\t\t\t<div class=\"elementor-widget-wrap elementor-element-populated\">\n\t\t\t\t\t\t<div class=\"elementor-element elementor-element-38f8663 elementor-widget elementor-widget-heading\" data-id=\"38f8663\" data-element_type=\"widget\" data-e-type=\"widget\" data-widget_type=\"heading.default\">\n\t\t\t\t<div class=\"elementor-widget-container\">\n\t\t\t\t\t<h1 class=\"elementor-heading-title elementor-size-default\">Finalizing studies<\/h1>\t\t\t\t<\/div>\n\t\t\t\t<\/div>\n\t\t\t\t\t<\/div>\n\t\t<\/div>\n\t\t\t\t<div class=\"elementor-column elementor-col-50 elementor-top-column elementor-element elementor-element-eb3a6b6 elementor-hidden-desktop elementor-hidden-tablet elementor-hidden-phone\" data-id=\"eb3a6b6\" data-element_type=\"column\" data-e-type=\"column\">\n\t\t\t<div class=\"elementor-widget-wrap\">\n\t\t\t\t\t\t\t<\/div>\n\t\t<\/div>\n\t\t\t\t\t<\/div>\n\t\t<\/section>\n\t\t\t\t<section class=\"elementor-section elementor-top-section elementor-element elementor-element-8de4e3d elementor-section-boxed elementor-section-height-default elementor-section-height-default\" data-id=\"8de4e3d\" data-element_type=\"section\" data-e-type=\"section\">\n\t\t\t\t\t\t<div class=\"elementor-container elementor-column-gap-default\">\n\t\t\t\t\t<div class=\"elementor-column elementor-col-100 elementor-top-column elementor-element elementor-element-f291b46\" data-id=\"f291b46\" data-element_type=\"column\" data-e-type=\"column\">\n\t\t\t<div class=\"elementor-widget-wrap elementor-element-populated\">\n\t\t\t\t\t\t<div class=\"elementor-element elementor-element-42ee6b6 elementor-widget elementor-widget-text-editor\" data-id=\"42ee6b6\" data-element_type=\"widget\" data-e-type=\"widget\" data-widget_type=\"text-editor.default\">\n\t\t\t\t<div class=\"elementor-widget-container\">\n\t\t\t\t\t\t\t\t\t<p align=\"center\"><strong>EXAMEN DE LICEN\u021a\u0102<\/strong><\/p>\n<p>&nbsp;<\/p>\n<p><strong>FACULTATEA&nbsp; DE&nbsp; ASISTEN\u021a\u0102&nbsp; MEDICAL\u0102<\/strong><\/p>\n<p><strong>Calendar examen de finalizare studii de Licen\u021b\u0103 \u2013 sesiunea septembrie 2025<\/strong><\/p>\n<p><strong><u>SPECIALIZAREA ASISTEN\u021a\u0102 MEDICAL\u0102 GENERAL\u0102<\/u><\/strong><\/p>\n<p><strong>&nbsp;<\/strong><\/p>\n<ul>\n<li><strong>PROBA I<\/strong>&nbsp;\u2013&nbsp;<em><u>Written exam<\/u><\/em>:&nbsp;<strong>11 SEPTEMBRIE 2025<\/strong>&nbsp;\u2013 ora&nbsp;<strong>08,00&nbsp;&nbsp;<\/strong><strong>Facultatea de Asisten<\/strong><strong>\u021b\u0103 Medical\u0103 Tg Jiu<\/strong>&nbsp;<strong>(Bld. Ecaterina Teodoroiu, nr. 100, Tg. Jiu, jud. Gorj)<\/strong><\/li>\n<\/ul>\n<p><strong>Prezentarea la sal\u0103 se va face \u00eencep\u00e2nd cu ora 07,30 cu Cartea de identitate\/ Pasaport&nbsp;&nbsp;&nbsp;&nbsp;&nbsp;&nbsp;&nbsp;&nbsp;&nbsp;&nbsp;&nbsp;&nbsp;&nbsp;&nbsp;&nbsp;&nbsp;&nbsp;&nbsp;&nbsp;&nbsp;&nbsp;&nbsp;&nbsp;&nbsp;&nbsp;&nbsp;&nbsp;&nbsp;&nbsp;&nbsp;&nbsp;&nbsp;&nbsp;&nbsp;&nbsp;&nbsp;&nbsp;&nbsp;<\/strong><\/p>\n<p><strong>&nbsp;&nbsp;&nbsp;&nbsp;&nbsp;&nbsp;&nbsp;&nbsp;&nbsp;&nbsp;&nbsp; &nbsp;&nbsp;&nbsp;&nbsp;&nbsp;&nbsp;&nbsp;<\/strong>\u2013&nbsp;<em><u>Practical test<\/u><\/em>:&nbsp;<strong>13 SEPTEMBRIE 2024<\/strong>&nbsp; \u2013 ora&nbsp;<strong>09.00<\/strong>&nbsp;<strong>Sediul \u0218coala Sanitar\u0103 \u201dOmenia\u201d Tg. Jiu&nbsp;<\/strong><strong>(Strada 1 Decembrie 1918, nr. 46, Tg. Jiu, jud. Gorj)<\/strong><\/p>\n<p><strong>&nbsp;&nbsp;&nbsp;&nbsp;&nbsp;&nbsp;&nbsp;&nbsp;&nbsp;&nbsp;&nbsp;&nbsp;&nbsp;&nbsp;&nbsp;&nbsp;&nbsp;&nbsp;&nbsp;&nbsp;&nbsp;&nbsp;&nbsp;&nbsp;&nbsp;&nbsp;&nbsp;<\/strong><\/p>\n<ul>\n<li><strong>PROBA II<\/strong>&nbsp;\u2013&nbsp;<em><u>Presentation and defense of the bachelor's thesis<\/u><\/em>:&nbsp;<strong>14 SEPTEMBRIE 2024<\/strong>&nbsp;\u2013 ora&nbsp;<strong>09,00&nbsp;&nbsp;<\/strong><strong>Sediul \u0218coala Sanitar\u0103 \u201dOmenia\u201d Tg. Jiu&nbsp;<\/strong><strong>(Strada 1 Decembrie 1918, nr. 46, Tg. Jiu, jud. Gorj)<\/strong><\/li>\n<\/ul>\n<p>&nbsp;<\/p>\n<ol>\n<li><strong><u>\u00censcrierea la examenul de finalizare studii de licen\u021b\u0103<\/u><\/strong><\/li>\n<\/ol>\n<p><strong>\u00censcrierile la examenul de finalizare studii de licen\u021b\u0103 se realizeaz\u0103 \u00een perioada&nbsp;1-7 septembrie 2025. Dosarul pentru \u00eenscrierea la examenul de finalizare studii de licen\u021b\u0103 trebuie s\u0103 cuprind\u0103:<\/strong><\/p>\n<ul>\n<li>Birth certificate \u2013 legalized copy\/copy conforming to the original (in the student's file)<\/li>\n<li>Marriage Certificate \u2013 Notarized Copy\/Certified True Copy (if applicable) (in student's file)<\/li>\n<li>Copy of ID \/ passport (to student file)<\/li>\n<li>Original high school diploma and a legalized copy\/copy certified as true to the original (in the student's file)<\/li>\n<li>3 fotografii<strong>&nbsp;\u00be<\/strong>&nbsp;h\u00e2rtie foto color neadeziv\u0103<\/li>\n<li>Fi\u015fa de lichidare (de la secretariat)<\/li>\n<li>Formular GDPR -not\u0103 de informare \u0219i formular de consim\u021b\u0103m\u00e2nt pentru prelucrarea datelor cu caracter personal<\/li>\n<li>Application for the bachelor's degree exam<\/li>\n<li>Atestat de competen\u021b\u0103 lingvistic\u0103 pentru o limb\u0103 de circula\u021bie interna\u021bional\u0103(francez\u0103) \u2013 se emite de c\u0103tre Universitatea Titu Maiorescu.<\/li>\n<li>Declara\u021bie pe propria r\u0103spundere a candidatului privind originalitatea lucr\u0103rii de licen\u021b\u0103<\/li>\n<li>Referat semnat de coordonatorul \u0219tiin\u021bific al lucr\u0103rii de licen\u021b\u0103<\/li>\n<li>Lucrarea de licen\u021b\u0103 printat\u0103 + suport electronic (CD, stick de memorie)<\/li>\n<li>Chitan\u0163a care atest\u0103 plata taxei de licen\u021b\u0103 \u00een cuantum de 2.000 lei<\/li>\n<\/ul>\n<p>&nbsp;<\/p>\n<p><strong>Tematica pentru Examenul de Licen\u0163\u0103 A<\/strong><strong>sisten\u021b\u0103 Medical\u0103 General\u0103 \u2013&nbsp;<\/strong><strong>Proba Practic\u0103<\/strong><\/p>\n<p><strong><a href=\"\/wp-content\/uploads\/2026\/03\/Tematica-examen-finalizare-studii-de-licenta-AMG-PROBA-PRACTICA-2025.pdf\">&nbsp;&gt;&gt;&gt; CLICK AICI &lt;&lt;&lt;<\/a><\/strong><\/p>\n<p>&nbsp;<\/p>\n<p>&nbsp;<\/p>\n<p><strong>NORME&nbsp; PRIVIND&nbsp; ELABORAREA \u0218I REDACTAREA&nbsp; LUCR\u0102RII DE LICEN\u021a\u0102<\/strong><\/p>\n<p><strong>PENTRU PROMO\u021aIA&nbsp;&nbsp; 2022 \u2013 2023<\/strong><\/p>\n<p><strong>&nbsp;<\/strong><\/p>\n<p><strong><em>1.Condi\u021bii de redactare<\/em><\/strong><\/p>\n<p>\u2013 lucrarea de licen\u021b\u0103 va cuprinde \u00eentre 30-50 pagini (excluz\u00eend bibliografia) \u00een format ISO A4(210 x 297 mm) cu margini de 2,5 cm.<\/p>\n<p>-pentru redactarea con\u021binutului lucr\u0103rii se utilizeaz\u0103 caractere Times New Roman de 12 p la 1,5 r\u0103nduri.Titlurile capitolelor se vor scrie&nbsp;<strong>bold<\/strong>, cu caractere de 14 p.<\/p>\n<p>\u2013 se utilizeaz\u0103 diacriticele specifice &nbsp;limbii rom\u00e2ne.<\/p>\n<p>\u2013 alinierea textului \u00een cadrul paragrafelor se va face&nbsp;<strong><em>justified<\/em><\/strong>.<\/p>\n<p>\u2013 numerotarea paginilor va \u00eencepe cu pagina de titlu \u0219i va continua p\u00e2n\u0103 la ultima pagin\u0103, dar num\u0103rul paginii va ap\u0103rea vizibil \u00eencep\u00e2nd cu&nbsp;<strong>Cuprinsul<\/strong>; num\u0103rul paginilor va fi inserat centrat \u00een subsolul paginii.<\/p>\n<p>\u2013 tip\u0103rirea paginilor se va realiza doar pe o fa\u021b\u0103 a fiec\u0103rei foi.<\/p>\n<p><strong><em>2.Structura lucr\u0103rii<\/em><\/strong><\/p>\n<p>Lucrarea de Licen\u021b\u0103 va fi structurat\u0103 pe capitole \u0219i va include obligatoriu urm\u0103toarele elemente:<\/p>\n<p><strong><u>a) Pagina de titlu<\/u><\/strong><\/p>\n<p><strong><u>b) Cuprins<\/u><\/strong><strong><u>:<\/u><\/strong>&nbsp;va con\u021bine titlurile capitolelor \u0219i subcapitolelor, \u00eenso\u021bite de num\u0103rul de pagin\u0103 la care \u00eencepe fiecare capitol \u0219i subcapitol.<\/p>\n<p><u><strong>c) Partea general\u0103:<\/strong><\/u><\/p>\n<p>\u2013 Reprezint\u0103 un referat general despre tema abordat\u0103, care va reprezenta stadiul cercet\u0103rilor \u00een domeniu.<\/p>\n<p>\u2013 Este interzis\u0103, sub sanc\u021biunea plagiatului, copierea de fragmente extinse din lucr\u0103rile consultate f\u0103r\u0103 precizarea sursei bibliografice.<\/p>\n<p>-Va reprezenta minim 25% \u0219i maxim 50% din con\u021binutul lucr\u0103rii.<\/p>\n<p><strong><u>d) Partea special\u0103:<\/u><\/strong><\/p>\n<p>\u2013 va reprezenta minim 50% \u0219i maxim 75% din con\u021binutul lucr\u0103rii.<\/p>\n<p>\u2013 poate fi reprezentat\u0103 de un studiu clinic \/ studiu&nbsp; statistic&nbsp; \/ studiu experimental \/ review din literatura &nbsp;de specialitate.<\/p>\n<p>\u2013 va cuprinde :<\/p>\n<p><strong>I&nbsp;<\/strong>\u2013&nbsp;<strong>introducere&nbsp;<\/strong>\u00een care se va preciza motiva\u021bia alegerii temei<\/p>\n<p><strong>II<\/strong>&nbsp;\u2013<strong>material \u0219i metod\u0103<\/strong>&nbsp;( ce tip de studiu s-a efectuat, &nbsp;unde s-a desf\u0103\u0219urat, &nbsp;modul de selectare a participan\u021bilor la studiu, criteriu &nbsp;de includere \u0219i excludere a participan\u021bilor, &nbsp;modul de colectare a datelor, etc)<\/p>\n<p><strong>&nbsp;<\/strong><strong>III \u2013rezultate&nbsp;<\/strong>ob\u021binute \u00een urma studiului (&nbsp;<strong><em>NU se includ citate din literatur\u0103 \u00een acest capitol&nbsp;&nbsp;<\/em><\/strong>)<\/p>\n<p>Figurile se numeroteaz\u0103 cu cifre arabe \u0219i tabelele se numeroteaz\u0103 cu cifre romane \u00een ordinea apari\u021biei \u00een text \u00een cadrul fiec\u0103rui capitol ( exemplu : Figura 3.5 este a cincea figur\u0103 &nbsp;din capitolul 3). &nbsp;Legenda tabelelor \u0219i &nbsp;figurilor se centreaz\u0103 \u0219i se scrie cu caractere de 10 p la un r\u00e2nd.<\/p>\n<p>\u00cen cazul \u00een care cercetarea personal\u0103&nbsp; este un studiu&nbsp; clinic, \u00een acest subcapitol vor fi incluse minim trei cazuri clinice.<\/p>\n<p><strong>&nbsp;IV \u2013 discu\u021bii<\/strong>&nbsp;\u2013 se vor compara rezultatele ob\u021binute \u00een urma studiului cu cele ob\u021binute \u00een studii similare. &nbsp;Se pot men\u021biona limitele studiului \u0219i implica\u021biile clinice ale rezultatelor ob\u021binute.<\/p>\n<p><strong>&nbsp;V- concluzii<\/strong>&nbsp;\u2013se vor redacta concis, &nbsp;pe 3-5 puncte, &nbsp;cu referire strict la propriile rezultate&nbsp; ob\u021binute.<\/p>\n<p><strong><u>e) Bibliografia:<\/u><\/strong><\/p>\n<p>\u2013 Titlurile bibliografice vor fi numerotate \u0219i &nbsp;men\u021bionate \u00een ordinea apari\u021biei \u00een text.<\/p>\n<p>-Redactarea referin\u021belor bibliografice va respecta modelul&nbsp;<strong><em>National library of medicine*s Citing Medicine<\/em><\/strong>, disponibil la&nbsp;<a href=\"http:\/\/www.ncbi.nlm.nih.gov\/books\/NBK7256\/?amp=&amp;depth=2\" target=\"_blank\" rel=\"noopener\"><strong>http:\/\/www.ncbi.nlm.nih.gov\/books\/NBK7256\/?amp=&amp;depth=2<\/strong><\/a><\/p>\n<p>-Dac\u0103 referin\u021ba bibliografic\u0103 are mai mult de 6 autori se citeaz\u0103 primii 6 urma\u021bi de men\u021biunea \u201eet al\u201d.<\/p>\n<p>&nbsp;<\/p>\t\t\t\t\t\t\t\t<\/div>\n\t\t\t\t<\/div>\n\t\t\t\t\t<\/div>\n\t\t<\/div>\n\t\t\t\t\t<\/div>\n\t\t<\/section>\n\t\t\t\t<section class=\"elementor-section elementor-top-section elementor-element elementor-element-eda82d3 elementor-section-boxed elementor-section-height-default elementor-section-height-default\" data-id=\"eda82d3\" data-element_type=\"section\" data-e-type=\"section\">\n\t\t\t\t\t\t<div class=\"elementor-container elementor-column-gap-default\">\n\t\t\t\t\t<div class=\"elementor-column elementor-col-100 elementor-top-column elementor-element elementor-element-876d3c3\" data-id=\"876d3c3\" data-element_type=\"column\" data-e-type=\"column\">\n\t\t\t<div class=\"elementor-widget-wrap elementor-element-populated\">\n\t\t\t\t\t\t<div class=\"elementor-element elementor-element-49015e4 elementor-widget elementor-widget-spacer\" data-id=\"49015e4\" data-element_type=\"widget\" data-e-type=\"widget\" data-widget_type=\"spacer.default\">\n\t\t\t\t<div class=\"elementor-widget-container\">\n\t\t\t\t\t\t\t<div class=\"elementor-spacer\">\n\t\t\t<div class=\"elementor-spacer-inner\"><\/div>\n\t\t<\/div>\n\t\t\t\t\t\t<\/div>\n\t\t\t\t<\/div>\n\t\t\t\t\t<\/div>\n\t\t<\/div>\n\t\t\t\t\t<\/div>\n\t\t<\/section>\n\t\t\t\t<\/div>","protected":false},"excerpt":{"rendered":"<p>Finalizare studii EXAMEN DE LICEN\u021a\u0102 &nbsp; FACULTATEA&nbsp; DE&nbsp; ASISTEN\u021a\u0102&nbsp; MEDICAL\u0102 Calendar examen de finalizare studii de Licen\u021b\u0103 \u2013 sesiunea septembrie 2025 SPECIALIZAREA ASISTEN\u021a\u0102 MEDICAL\u0102 GENERAL\u0102 &nbsp; PROBA I&nbsp;\u2013&nbsp;Proba scris\u0103:&nbsp;11 SEPTEMBRIE 2025&nbsp;\u2013 ora&nbsp;08,00&nbsp;&nbsp;Facultatea de Asisten\u021b\u0103 Medical\u0103 Tg Jiu&nbsp;(Bld. Ecaterina Teodoroiu, nr. 100, Tg. Jiu, jud. Gorj) Prezentarea la sal\u0103 se va face \u00eencep\u00e2nd cu ora 07,30&#8230;<\/p>","protected":false},"author":1,"featured_media":0,"parent":25004,"menu_order":0,"comment_status":"closed","ping_status":"closed","template":"","meta":{"footnotes":""},"class_list":["post-37376","page","type-page","status-publish","hentry"],"_links":{"self":[{"href":"https:\/\/site.utm.ro\/en\/wp-json\/wp\/v2\/pages\/37376","targetHints":{"allow":["GET"]}}],"collection":[{"href":"https:\/\/site.utm.ro\/en\/wp-json\/wp\/v2\/pages"}],"about":[{"href":"https:\/\/site.utm.ro\/en\/wp-json\/wp\/v2\/types\/page"}],"author":[{"embeddable":true,"href":"https:\/\/site.utm.ro\/en\/wp-json\/wp\/v2\/users\/1"}],"replies":[{"embeddable":true,"href":"https:\/\/site.utm.ro\/en\/wp-json\/wp\/v2\/comments?post=37376"}],"version-history":[{"count":0,"href":"https:\/\/site.utm.ro\/en\/wp-json\/wp\/v2\/pages\/37376\/revisions"}],"up":[{"embeddable":true,"href":"https:\/\/site.utm.ro\/en\/wp-json\/wp\/v2\/pages\/25004"}],"wp:attachment":[{"href":"https:\/\/site.utm.ro\/en\/wp-json\/wp\/v2\/media?parent=37376"}],"curies":[{"name":"wp","href":"https:\/\/api.w.org\/{rel}","templated":true}]}}