{"id":37341,"date":"2026-03-17T12:20:03","date_gmt":"2026-03-17T12:20:03","guid":{"rendered":"https:\/\/site.utm.ro\/?page_id=37341"},"modified":"2026-03-17T12:21:40","modified_gmt":"2026-03-17T12:21:40","slug":"public-interest-documents","status":"publish","type":"page","link":"https:\/\/site.utm.ro\/en\/facultatea-de-asistenta-medicala-tg-jiu\/documente-de-interes-public\/","title":{"rendered":"FAM &#8211; Documente de interes public"},"content":{"rendered":"<div data-elementor-type=\"wp-page\" data-elementor-id=\"37341\" class=\"elementor elementor-37341\" data-elementor-post-type=\"page\">\n\t\t\t\t\t\t<section class=\"elementor-section elementor-top-section elementor-element elementor-element-c3cec2f elementor-section-full_width elementor-section-height-default elementor-section-height-default\" data-id=\"c3cec2f\" data-element_type=\"section\" data-e-type=\"section\">\n\t\t\t\t\t\t<div class=\"elementor-container elementor-column-gap-default\">\n\t\t\t\t\t<div class=\"elementor-column elementor-col-100 elementor-top-column elementor-element elementor-element-31e9079\" data-id=\"31e9079\" data-element_type=\"column\" data-e-type=\"column\">\n\t\t\t<div class=\"elementor-widget-wrap elementor-element-populated\">\n\t\t\t\t\t\t<div class=\"elementor-element elementor-element-ead7223 elementor-widget elementor-widget-template\" data-id=\"ead7223\" data-element_type=\"widget\" data-e-type=\"widget\" data-widget_type=\"template.default\">\n\t\t\t\t<div class=\"elementor-widget-container\">\n\t\t\t\t\t\t\t<div class=\"elementor-template\">\n\t\t\t\t\t<div data-elementor-type=\"section\" data-elementor-id=\"37278\" class=\"elementor elementor-37278\" data-elementor-post-type=\"elementor_library\">\n\t\t\t\t\t<section class=\"elementor-section elementor-top-section elementor-element elementor-element-30b361f4 elementor-section-full_width elementor-section-height-default elementor-section-height-default\" data-id=\"30b361f4\" data-element_type=\"section\" data-e-type=\"section\">\n\t\t\t\t\t\t<div class=\"elementor-container elementor-column-gap-default\">\n\t\t\t\t\t<div class=\"elementor-column elementor-col-100 elementor-top-column elementor-element elementor-element-170f6fff\" data-id=\"170f6fff\" data-element_type=\"column\" data-e-type=\"column\">\n\t\t\t<div class=\"elementor-widget-wrap elementor-element-populated\">\n\t\t\t\t\t\t<div class=\"elementor-element elementor-element-224e85d9 elementor--h-position-center elementor--v-position-middle elementor-pagination-position-inside elementor-widget elementor-widget-slides\" data-id=\"224e85d9\" data-element_type=\"widget\" data-e-type=\"widget\" data-settings=\"{&quot;navigation&quot;:&quot;dots&quot;,&quot;autoplay&quot;:&quot;yes&quot;,&quot;pause_on_hover&quot;:&quot;yes&quot;,&quot;pause_on_interaction&quot;:&quot;yes&quot;,&quot;autoplay_speed&quot;:5000,&quot;infinite&quot;:&quot;yes&quot;,&quot;transition&quot;:&quot;slide&quot;,&quot;transition_speed&quot;:500}\" data-widget_type=\"slides.default\">\n\t\t\t\t<div class=\"elementor-widget-container\">\n\t\t\t\t\t\t\t\t<div class=\"elementor-swiper\">\n\t\t\t\t<div class=\"elementor-slides-wrapper elementor-main-swiper swiper-container\" dir=\"ltr\" data-animation=\"fadeInUp\">\n\t\t\t\t\t<div class=\"swiper-wrapper elementor-slides\">\n\t\t\t\t\t\t\t\t\t\t\t\t<div class=\"elementor-repeater-item-301adab swiper-slide\"><div class=\"swiper-slide-bg\" role=\"img\"><\/div><div class=\"swiper-slide-inner\" ><div class=\"swiper-slide-contents\"><\/div><\/div><\/div>\t\t\t\t\t<\/div>\n\t\t\t\t\t\t\t\t\t<\/div>\n\t\t\t<\/div>\n\t\t\t\t\t\t\t<\/div>\n\t\t\t\t<\/div>\n\t\t\t\t\t<\/div>\n\t\t<\/div>\n\t\t\t\t\t<\/div>\n\t\t<\/section>\n\t\t\t\t<\/div>\n\t\t\t\t<\/div>\n\t\t\t\t\t\t<\/div>\n\t\t\t\t<\/div>\n\t\t\t\t\t<\/div>\n\t\t<\/div>\n\t\t\t\t\t<\/div>\n\t\t<\/section>\n\t\t\t\t<section class=\"elementor-section elementor-top-section elementor-element elementor-element-6fd4297 elementor-section-boxed elementor-section-height-default elementor-section-height-default\" data-id=\"6fd4297\" data-element_type=\"section\" data-e-type=\"section\">\n\t\t\t\t\t\t<div class=\"elementor-container elementor-column-gap-no\">\n\t\t\t\t\t<div class=\"elementor-column elementor-col-50 elementor-top-column elementor-element elementor-element-4a4cd63 animated-fast elementor-invisible\" data-id=\"4a4cd63\" data-element_type=\"column\" data-e-type=\"column\" data-settings=\"{&quot;background_background&quot;:&quot;classic&quot;,&quot;animation&quot;:&quot;fadeIn&quot;,&quot;animation_tablet&quot;:&quot;none&quot;,&quot;animation_mobile&quot;:&quot;none&quot;,&quot;animation_delay&quot;:100}\">\n\t\t\t<div class=\"elementor-widget-wrap elementor-element-populated\">\n\t\t\t\t\t\t<div class=\"elementor-element elementor-element-38f8663 elementor-widget elementor-widget-heading\" data-id=\"38f8663\" data-element_type=\"widget\" data-e-type=\"widget\" data-widget_type=\"heading.default\">\n\t\t\t\t<div class=\"elementor-widget-container\">\n\t\t\t\t\t<h1 class=\"elementor-heading-title elementor-size-default\">Documents of public interest<\/h1>\t\t\t\t<\/div>\n\t\t\t\t<\/div>\n\t\t\t\t\t<\/div>\n\t\t<\/div>\n\t\t\t\t<div class=\"elementor-column elementor-col-50 elementor-top-column elementor-element elementor-element-eb3a6b6 elementor-hidden-desktop elementor-hidden-tablet elementor-hidden-phone\" data-id=\"eb3a6b6\" data-element_type=\"column\" data-e-type=\"column\">\n\t\t\t<div class=\"elementor-widget-wrap\">\n\t\t\t\t\t\t\t<\/div>\n\t\t<\/div>\n\t\t\t\t\t<\/div>\n\t\t<\/section>\n\t\t\t\t<section class=\"elementor-section elementor-top-section elementor-element elementor-element-8de4e3d elementor-section-boxed elementor-section-height-default elementor-section-height-default\" data-id=\"8de4e3d\" data-element_type=\"section\" data-e-type=\"section\">\n\t\t\t\t\t\t<div class=\"elementor-container elementor-column-gap-default\">\n\t\t\t\t\t<div class=\"elementor-column elementor-col-100 elementor-top-column elementor-element elementor-element-f291b46\" data-id=\"f291b46\" data-element_type=\"column\" data-e-type=\"column\">\n\t\t\t<div class=\"elementor-widget-wrap elementor-element-populated\">\n\t\t\t\t\t\t<div class=\"elementor-element elementor-element-1f583ac elementor-widget elementor-widget-heading\" data-id=\"1f583ac\" data-element_type=\"widget\" data-e-type=\"widget\" data-widget_type=\"heading.default\">\n\t\t\t\t<div class=\"elementor-widget-container\">\n\t\t\t\t\t<h2 class=\"elementor-heading-title elementor-size-default\">Discipline de studiu<\/h2>\t\t\t\t<\/div>\n\t\t\t\t<\/div>\n\t\t\t\t<div class=\"elementor-element elementor-element-42ee6b6 elementor-widget elementor-widget-text-editor\" data-id=\"42ee6b6\" data-element_type=\"widget\" data-e-type=\"widget\" data-widget_type=\"text-editor.default\">\n\t\t\t\t<div class=\"elementor-widget-container\">\n\t\t\t\t\t\t\t\t\t<div class=\"wpb_text_column wpb_content_element\"><div class=\"wpb_wrapper\"><ul><li><a href=\"\/wp-content\/uploads\/2026\/03\/0.-Plan-invatamant-licenta-seria-2020-2024-OK-1.pdf\" target=\"_blank\" rel=\"noopener\"><strong>Plan de \u00eenv\u0103\u021b\u0103m\u00e2nt 2020-2021 \u2013 Programul de studii Asisten\u021b\u0103 Medical\u0103 General\u0103<\/strong><\/a><\/li><\/ul><\/div><\/div><h3 class=\"vc_custom_heading vc_do_custom_heading vc_custom_1489135014220\">Year I<\/h3><div class=\"wpb_text_column wpb_content_element vc_custom_1496491907441\"><div class=\"wpb_wrapper\"><p><strong>DISCIPLINE OBLIGATORII:<\/strong><\/p><ul><li class=\"first-child\">Anatomie<\/li><li>Fiziologie<\/li><li>Microbiologie,\u00a0 virusologie,\u00a0 parazitologie<\/li><li>Biofizic\u0103<\/li><li>Biochimie<\/li><li>Biologie celular\u0103 \u015fi molecular\u0103. Genetic\u0103<\/li><li>Igien\u0103 \u015fi s\u0103n\u0103tatea mediului<\/li><li>Managementul carierei<\/li><li>Informatic\u0103, statistic\u0103 \u015fi registratur\u0103 medical\u0103<\/li><li>Management sanitar<\/li><li>Comunicare de specialitate \u00een lb. moderne<\/li><li>Nursing general \u015fi clinic (\u00cengrijirea calificat\u0103 a bolnavului)<\/li><li>Sociologie \u015fi psihologie medical\u0103<\/li><li>Practica de specialitate **<\/li><li>Stagiu de abilit\u0103\u0163i practice in ambulator<\/li><li class=\"last-child\">Dezvoltarea specific\u0103 practic\u0103rii profesiei<\/li><\/ul><p><strong>DISCIPLINE OBLIGATORII CU CREDITE SUPLIMENTARE<\/strong><\/p><ul><li class=\"first-child last-child\">Educa\u021bie fizic\u0103<\/li><\/ul><p><strong>DISCIPLINE OP\u021aIONALE<\/strong><\/p><ul><li class=\"first-child\">Istoria medicinei<\/li><li class=\"last-child\">Etimologie \u015fi terminologie medical\u0103<\/li><\/ul><p><strong>DISCIPLINE FACULTATIVE<\/strong><\/p><ul><li class=\"first-child last-child\">Multiculturalismul \u00een practica asisten\u021bei medicale<\/li><\/ul><p><strong>**Practica de specialitate: 8 ore\/zi x 5 zile\/s\u0103pt. x 4 s\u0103pt. = 160 ore<\/strong><\/p><\/div><\/div>\t\t\t\t\t\t\t\t<\/div>\n\t\t\t\t<\/div>\n\t\t\t\t\t<\/div>\n\t\t<\/div>\n\t\t\t\t\t<\/div>\n\t\t<\/section>\n\t\t\t\t<section class=\"elementor-section elementor-top-section elementor-element elementor-element-eda82d3 elementor-section-boxed elementor-section-height-default elementor-section-height-default\" data-id=\"eda82d3\" data-element_type=\"section\" data-e-type=\"section\">\n\t\t\t\t\t\t<div class=\"elementor-container elementor-column-gap-default\">\n\t\t\t\t\t<div class=\"elementor-column elementor-col-100 elementor-top-column elementor-element elementor-element-876d3c3\" data-id=\"876d3c3\" data-element_type=\"column\" data-e-type=\"column\">\n\t\t\t<div class=\"elementor-widget-wrap elementor-element-populated\">\n\t\t\t\t\t\t<div class=\"elementor-element elementor-element-49015e4 elementor-widget elementor-widget-spacer\" data-id=\"49015e4\" data-element_type=\"widget\" data-e-type=\"widget\" data-widget_type=\"spacer.default\">\n\t\t\t\t<div class=\"elementor-widget-container\">\n\t\t\t\t\t\t\t<div class=\"elementor-spacer\">\n\t\t\t<div class=\"elementor-spacer-inner\"><\/div>\n\t\t<\/div>\n\t\t\t\t\t\t<\/div>\n\t\t\t\t<\/div>\n\t\t\t\t\t<\/div>\n\t\t<\/div>\n\t\t\t\t\t<\/div>\n\t\t<\/section>\n\t\t\t\t<\/div>","protected":false},"excerpt":{"rendered":"<p>Documente de interes public Discipline de studiu Plan de \u00eenv\u0103\u021b\u0103m\u00e2nt 2020-2021 \u2013 Programul de studii Asisten\u021b\u0103 Medical\u0103 General\u0103 Anul I DISCIPLINE OBLIGATORII: Anatomie Fiziologie Microbiologie,\u00a0 virusologie,\u00a0 parazitologie Biofizic\u0103 Biochimie Biologie celular\u0103 \u015fi molecular\u0103. Genetic\u0103 Igien\u0103 \u015fi s\u0103n\u0103tatea mediului Managementul carierei Informatic\u0103, statistic\u0103 \u015fi registratur\u0103 medical\u0103 Management sanitar Comunicare de specialitate \u00een lb. moderne Nursing general&#8230;<\/p>","protected":false},"author":1,"featured_media":0,"parent":25004,"menu_order":0,"comment_status":"closed","ping_status":"closed","template":"","meta":{"footnotes":""},"class_list":["post-37341","page","type-page","status-publish","hentry"],"_links":{"self":[{"href":"https:\/\/site.utm.ro\/en\/wp-json\/wp\/v2\/pages\/37341","targetHints":{"allow":["GET"]}}],"collection":[{"href":"https:\/\/site.utm.ro\/en\/wp-json\/wp\/v2\/pages"}],"about":[{"href":"https:\/\/site.utm.ro\/en\/wp-json\/wp\/v2\/types\/page"}],"author":[{"embeddable":true,"href":"https:\/\/site.utm.ro\/en\/wp-json\/wp\/v2\/users\/1"}],"replies":[{"embeddable":true,"href":"https:\/\/site.utm.ro\/en\/wp-json\/wp\/v2\/comments?post=37341"}],"version-history":[{"count":0,"href":"https:\/\/site.utm.ro\/en\/wp-json\/wp\/v2\/pages\/37341\/revisions"}],"up":[{"embeddable":true,"href":"https:\/\/site.utm.ro\/en\/wp-json\/wp\/v2\/pages\/25004"}],"wp:attachment":[{"href":"https:\/\/site.utm.ro\/en\/wp-json\/wp\/v2\/media?parent=37341"}],"curies":[{"name":"wp","href":"https:\/\/api.w.org\/{rel}","templated":true}]}}