{"id":37121,"date":"2026-03-17T11:36:26","date_gmt":"2026-03-17T11:36:26","guid":{"rendered":"https:\/\/site.utm.ro\/?page_id=37121"},"modified":"2026-03-17T11:36:45","modified_gmt":"2026-03-17T11:36:45","slug":"completion-of-studies-distance-learning","status":"publish","type":"page","link":"https:\/\/site.utm.ro\/en\/facultatea-de-drept-si-stiinte-economice-tg-jiu\/finalizare-studii-id\/","title":{"rendered":"FDSE &#8211; Finalizare studii ID"},"content":{"rendered":"<div data-elementor-type=\"wp-page\" data-elementor-id=\"37121\" class=\"elementor elementor-37121\" data-elementor-post-type=\"page\">\n\t\t\t\t\t\t<section class=\"elementor-section elementor-top-section elementor-element elementor-element-498057e elementor-section-full_width elementor-section-height-default elementor-section-height-default\" data-id=\"498057e\" data-element_type=\"section\" data-e-type=\"section\">\n\t\t\t\t\t\t<div class=\"elementor-container elementor-column-gap-default\">\n\t\t\t\t\t<div class=\"elementor-column elementor-col-100 elementor-top-column elementor-element elementor-element-b95d938\" data-id=\"b95d938\" data-element_type=\"column\" data-e-type=\"column\">\n\t\t\t<div class=\"elementor-widget-wrap elementor-element-populated\">\n\t\t\t\t\t\t<div class=\"elementor-element elementor-element-b41c4a8 elementor-widget elementor-widget-template\" data-id=\"b41c4a8\" data-element_type=\"widget\" data-e-type=\"widget\" data-widget_type=\"template.default\">\n\t\t\t\t<div class=\"elementor-widget-container\">\n\t\t\t\t\t\t\t<div class=\"elementor-template\">\n\t\t\t\t\t<div data-elementor-type=\"section\" data-elementor-id=\"36917\" class=\"elementor elementor-36917\" data-elementor-post-type=\"elementor_library\">\n\t\t\t\t\t<section class=\"elementor-section elementor-top-section elementor-element elementor-element-30b361f4 elementor-section-full_width elementor-section-height-default elementor-section-height-default\" data-id=\"30b361f4\" data-element_type=\"section\" data-e-type=\"section\">\n\t\t\t\t\t\t<div class=\"elementor-container elementor-column-gap-default\">\n\t\t\t\t\t<div class=\"elementor-column elementor-col-100 elementor-top-column elementor-element elementor-element-170f6fff\" data-id=\"170f6fff\" data-element_type=\"column\" data-e-type=\"column\">\n\t\t\t<div class=\"elementor-widget-wrap elementor-element-populated\">\n\t\t\t\t\t\t<div class=\"elementor-element elementor-element-224e85d9 elementor--h-position-center elementor--v-position-middle elementor-pagination-position-inside elementor-widget elementor-widget-slides\" data-id=\"224e85d9\" data-element_type=\"widget\" data-e-type=\"widget\" data-settings=\"{&quot;navigation&quot;:&quot;dots&quot;,&quot;autoplay&quot;:&quot;yes&quot;,&quot;pause_on_hover&quot;:&quot;yes&quot;,&quot;pause_on_interaction&quot;:&quot;yes&quot;,&quot;autoplay_speed&quot;:5000,&quot;infinite&quot;:&quot;yes&quot;,&quot;transition&quot;:&quot;slide&quot;,&quot;transition_speed&quot;:500}\" data-widget_type=\"slides.default\">\n\t\t\t\t<div class=\"elementor-widget-container\">\n\t\t\t\t\t\t\t\t<div class=\"elementor-swiper\">\n\t\t\t\t<div class=\"elementor-slides-wrapper elementor-main-swiper swiper-container\" dir=\"ltr\" data-animation=\"fadeInUp\">\n\t\t\t\t\t<div class=\"swiper-wrapper elementor-slides\">\n\t\t\t\t\t\t\t\t\t\t\t\t<div class=\"elementor-repeater-item-301adab swiper-slide\"><div class=\"swiper-slide-bg\" role=\"img\"><\/div><div class=\"swiper-slide-inner\" ><div class=\"swiper-slide-contents\"><\/div><\/div><\/div>\t\t\t\t\t<\/div>\n\t\t\t\t\t\t\t\t\t<\/div>\n\t\t\t<\/div>\n\t\t\t\t\t\t\t<\/div>\n\t\t\t\t<\/div>\n\t\t\t\t\t<\/div>\n\t\t<\/div>\n\t\t\t\t\t<\/div>\n\t\t<\/section>\n\t\t\t\t<\/div>\n\t\t\t\t<\/div>\n\t\t\t\t\t\t<\/div>\n\t\t\t\t<\/div>\n\t\t\t\t\t<\/div>\n\t\t<\/div>\n\t\t\t\t\t<\/div>\n\t\t<\/section>\n\t\t\t\t<section class=\"elementor-section elementor-top-section elementor-element elementor-element-f32fdb1 elementor-section-boxed elementor-section-height-default elementor-section-height-default\" data-id=\"f32fdb1\" data-element_type=\"section\" data-e-type=\"section\">\n\t\t\t\t\t\t<div class=\"elementor-container elementor-column-gap-no\">\n\t\t\t\t\t<div class=\"elementor-column elementor-col-50 elementor-top-column elementor-element elementor-element-4f17cce animated-fast elementor-invisible\" data-id=\"4f17cce\" data-element_type=\"column\" data-e-type=\"column\" data-settings=\"{&quot;background_background&quot;:&quot;classic&quot;,&quot;animation&quot;:&quot;fadeIn&quot;,&quot;animation_tablet&quot;:&quot;none&quot;,&quot;animation_mobile&quot;:&quot;none&quot;,&quot;animation_delay&quot;:100}\">\n\t\t\t<div class=\"elementor-widget-wrap elementor-element-populated\">\n\t\t\t\t\t\t<div class=\"elementor-element elementor-element-4e976be elementor-widget elementor-widget-heading\" data-id=\"4e976be\" data-element_type=\"widget\" data-e-type=\"widget\" data-widget_type=\"heading.default\">\n\t\t\t\t<div class=\"elementor-widget-container\">\n\t\t\t\t\t<h1 class=\"elementor-heading-title elementor-size-default\">Finalizare studii  ID<\/h1>\t\t\t\t<\/div>\n\t\t\t\t<\/div>\n\t\t\t\t\t<\/div>\n\t\t<\/div>\n\t\t\t\t<div class=\"elementor-column elementor-col-50 elementor-top-column elementor-element elementor-element-c9774dd elementor-hidden-desktop elementor-hidden-tablet elementor-hidden-phone\" data-id=\"c9774dd\" data-element_type=\"column\" data-e-type=\"column\">\n\t\t\t<div class=\"elementor-widget-wrap\">\n\t\t\t\t\t\t\t<\/div>\n\t\t<\/div>\n\t\t\t\t\t<\/div>\n\t\t<\/section>\n\t\t\t\t<section class=\"elementor-section elementor-top-section elementor-element elementor-element-2137817 elementor-section-boxed elementor-section-height-default elementor-section-height-default\" data-id=\"2137817\" data-element_type=\"section\" data-e-type=\"section\">\n\t\t\t\t\t\t<div class=\"elementor-container elementor-column-gap-default\">\n\t\t\t\t\t<div class=\"elementor-column elementor-col-100 elementor-top-column elementor-element elementor-element-4591ede\" data-id=\"4591ede\" data-element_type=\"column\" data-e-type=\"column\">\n\t\t\t<div class=\"elementor-widget-wrap elementor-element-populated\">\n\t\t\t\t\t\t<div class=\"elementor-element elementor-element-db8ec28 elementor-widget elementor-widget-text-editor\" data-id=\"db8ec28\" data-element_type=\"widget\" data-e-type=\"widget\" data-widget_type=\"text-editor.default\">\n\t\t\t\t<div class=\"elementor-widget-container\">\n\t\t\t\t\t\t\t\t\t<p>EXAMEN\u00a0 DE\u00a0 LICEN\u021a\u0102<\/p>\n<p><strong>SESIUNEA\u00a0 IULIE\u00a0 \u00a02025<\/strong><\/p>\n<p><strong>Perioada de\u00a0\u00eenscrieri:\u00a023 iunie \u2013 04 iulie 2025<\/strong><\/p>\n<p><strong>\u00a0<\/strong><\/p>\n<p>Metodologia de organizare \u0219i desf\u0103\u0219urare a examenelor de licen\u021b\u0103 poate fi consultat\u0103\u00a0<a href=\"\/wp-content\/uploads\/2026\/03\/METODOLOGIE-DE-ORGANIZARE-SI-DESFASURARE-A-EXAMENELOR-DE-LICENTA-FDSE-2025.pdf\"><strong>here<\/strong><\/a>.<\/p>\n<p>&nbsp;<\/p>\n<p><strong>\u00a0Specializarea:\u00a0DREPT<\/strong><\/p>\n<ul>\n<li><strong>Componenta scris\u0103: 07 IULIE 2025 \u2013 orele:\u00a0 09<sup>00<\/sup>\u00a0\u2013 12<sup>00<\/sup><\/strong>\n<ul>\n<li><strong>Evaluarea cuno\u015ftin\u0163elor fundamentale \u015fi de specialitate:\u00a0(90 de \u00eentrebari tip gril\u0103 punctate fiecare cu 1 punct, la care se adauga un punct din oficiu \u2013 a se vedea\u00a0<\/strong><a href=\"\/wp-content\/uploads\/2026\/03\/Tematica-si-bibliografia-examenului-de-licenta-2024-%E2%80%93-componenta-scrisa.pdf\"><strong>Tematica si bibliografia examenului de licenta 2025 \u2013 componenta scris\u0103<\/strong><\/a><strong>)<\/strong><\/li>\n<li><strong>Prezentarea la sal\u0103 se va face la ora 08<sup>00<\/sup>\u00a0cu C.I.<\/strong><\/li>\n<\/ul>\n<\/li>\n<\/ul>\n<ul>\n<li><strong>Componenta oral\u0103: 09 IULIE 2025 \u00eencepand ora 09<sup>00<\/sup><\/strong>\n<ul>\n<li><a href=\"\/wp-content\/uploads\/2026\/03\/Tematica-si-bibliografia-examenului-de-licenta-2024-%E2%80%93-componenta-orala.pdf\"><strong>Tematica si bibliografia examenului de licenta 2025 \u2013 componenta oral\u0103<\/strong><\/a><\/li>\n<\/ul>\n<\/li>\n<\/ul>\n<ul>\n<li><a href=\"\/wp-content\/uploads\/2026\/03\/Cerere-de-alegere-a-disciplinei-pentru-componenta-orala-a-examenului-de-licenta-la-programul-de-studii-Drept.pdf\"><strong>Cerere de alegere a disciplinei pentru componenta oral\u0103 a examenului de licen\u021b\u0103 la programul de studii Drept<\/strong><\/a><\/li>\n<li><strong>Prezentarea la sal\u0103 se va face la ora 08<sup>00<\/sup>\u00a0cu C.I.<\/strong><\/li>\n<\/ul>\n<p>&nbsp;<\/p>\n<p><strong>\u00a0Specializarea:\u00a0CONTABILITATE \u0218I INFORMATIC\u0102 DE GESTIUNE<\/strong><\/p>\n<ul>\n<li><u>Proba 1<\/u>\u00a0\u2013 08.07.2025 \u2013 Evaluarea cuno\u015ftin\u0163elor fundamentale \u015fi de specialitate \u2013 Contabilitate \u0219i Informatic\u0103 de Gestiune;<\/li>\n<li><u>Proba 2<\/u>\u00a0 \u00a0\u201309.07.2025 incepand ora 09<sup>00<\/sup>\u00a0\u2013 Prezentarea \u015fi sus\u0163inerea lucr\u0103rii de licen\u0163\u0103<strong>.<\/strong><\/li>\n<\/ul>\n<p>&nbsp;<\/p>\n<p><strong><a href=\"\/wp-content\/uploads\/2026\/03\/TEMATICA-EXAMENULUI-DE-LICENTA-sesiunea-iulie-2025.pdf\">Tematica examenului de licen\u021b\u0103\u00a0<\/a><\/strong><\/p>\n<p>&nbsp;<\/p>\n<p><strong><a href=\"\/wp-content\/uploads\/2026\/03\/Ghid-lucrare-licenta-CIG-2025.pdf\">Ghid Lucrare Licen\u021b\u0103 CIG\u00a0<\/a><\/strong><\/p>\n<p>&nbsp;<\/p>\t\t\t\t\t\t\t\t<\/div>\n\t\t\t\t<\/div>\n\t\t\t\t\t<\/div>\n\t\t<\/div>\n\t\t\t\t\t<\/div>\n\t\t<\/section>\n\t\t\t\t<section class=\"elementor-section elementor-top-section elementor-element elementor-element-7888682 elementor-section-boxed elementor-section-height-default elementor-section-height-default\" data-id=\"7888682\" data-element_type=\"section\" data-e-type=\"section\">\n\t\t\t\t\t\t<div class=\"elementor-container elementor-column-gap-default\">\n\t\t\t\t\t<div class=\"elementor-column elementor-col-100 elementor-top-column elementor-element elementor-element-ea57c13\" data-id=\"ea57c13\" data-element_type=\"column\" data-e-type=\"column\">\n\t\t\t<div class=\"elementor-widget-wrap elementor-element-populated\">\n\t\t\t\t\t\t<div class=\"elementor-element elementor-element-9f7eba1 elementor-widget elementor-widget-spacer\" data-id=\"9f7eba1\" data-element_type=\"widget\" data-e-type=\"widget\" data-widget_type=\"spacer.default\">\n\t\t\t\t<div class=\"elementor-widget-container\">\n\t\t\t\t\t\t\t<div class=\"elementor-spacer\">\n\t\t\t<div class=\"elementor-spacer-inner\"><\/div>\n\t\t<\/div>\n\t\t\t\t\t\t<\/div>\n\t\t\t\t<\/div>\n\t\t\t\t\t<\/div>\n\t\t<\/div>\n\t\t\t\t\t<\/div>\n\t\t<\/section>\n\t\t\t\t<\/div>","protected":false},"excerpt":{"rendered":"<p>Finalizare studii ID EXAMEN\u00a0 DE\u00a0 LICEN\u021a\u0102 SESIUNEA\u00a0 IULIE\u00a0 \u00a02025 Perioada de\u00a0\u00eenscrieri:\u00a023 iunie \u2013 04 iulie 2025 \u00a0 Metodologia de organizare \u0219i desf\u0103\u0219urare a examenelor de licen\u021b\u0103 poate fi consultat\u0103\u00a0aici. &nbsp; \u00a0Specializarea:\u00a0DREPT Componenta scris\u0103: 07 IULIE 2025 \u2013 orele:\u00a0 0900\u00a0\u2013 1200 Evaluarea cuno\u015ftin\u0163elor fundamentale \u015fi de specialitate:\u00a0(90 de \u00eentrebari tip gril\u0103 punctate fiecare cu 1 punct,&#8230;<\/p>","protected":false},"author":1,"featured_media":0,"parent":25002,"menu_order":0,"comment_status":"closed","ping_status":"closed","template":"","meta":{"footnotes":""},"class_list":["post-37121","page","type-page","status-publish","hentry"],"_links":{"self":[{"href":"https:\/\/site.utm.ro\/en\/wp-json\/wp\/v2\/pages\/37121","targetHints":{"allow":["GET"]}}],"collection":[{"href":"https:\/\/site.utm.ro\/en\/wp-json\/wp\/v2\/pages"}],"about":[{"href":"https:\/\/site.utm.ro\/en\/wp-json\/wp\/v2\/types\/page"}],"author":[{"embeddable":true,"href":"https:\/\/site.utm.ro\/en\/wp-json\/wp\/v2\/users\/1"}],"replies":[{"embeddable":true,"href":"https:\/\/site.utm.ro\/en\/wp-json\/wp\/v2\/comments?post=37121"}],"version-history":[{"count":0,"href":"https:\/\/site.utm.ro\/en\/wp-json\/wp\/v2\/pages\/37121\/revisions"}],"up":[{"embeddable":true,"href":"https:\/\/site.utm.ro\/en\/wp-json\/wp\/v2\/pages\/25002"}],"wp:attachment":[{"href":"https:\/\/site.utm.ro\/en\/wp-json\/wp\/v2\/media?parent=37121"}],"curies":[{"name":"wp","href":"https:\/\/api.w.org\/{rel}","templated":true}]}}