{"id":37105,"date":"2026-03-17T11:25:32","date_gmt":"2026-03-17T11:25:32","guid":{"rendered":"https:\/\/site.utm.ro\/?page_id=37105"},"modified":"2026-03-17T11:30:13","modified_gmt":"2026-03-17T11:30:13","slug":"tutoriat-si-practica-if","status":"publish","type":"page","link":"https:\/\/site.utm.ro\/en\/facultatea-de-drept-si-stiinte-economice-tg-jiu\/tutoriat-si-practica-if\/","title":{"rendered":"FDSE &#8211; Tutoriat \u0219i practic\u0103 IF"},"content":{"rendered":"<div data-elementor-type=\"wp-page\" data-elementor-id=\"37105\" class=\"elementor elementor-37105\" data-elementor-post-type=\"page\">\n\t\t\t\t\t\t<section class=\"elementor-section elementor-top-section elementor-element elementor-element-498057e elementor-section-full_width elementor-section-height-default elementor-section-height-default\" data-id=\"498057e\" data-element_type=\"section\" data-e-type=\"section\">\n\t\t\t\t\t\t<div class=\"elementor-container elementor-column-gap-default\">\n\t\t\t\t\t<div class=\"elementor-column elementor-col-100 elementor-top-column elementor-element elementor-element-b95d938\" data-id=\"b95d938\" data-element_type=\"column\" data-e-type=\"column\">\n\t\t\t<div class=\"elementor-widget-wrap elementor-element-populated\">\n\t\t\t\t\t\t<div class=\"elementor-element elementor-element-b41c4a8 elementor-widget elementor-widget-template\" data-id=\"b41c4a8\" data-element_type=\"widget\" data-e-type=\"widget\" data-widget_type=\"template.default\">\n\t\t\t\t<div class=\"elementor-widget-container\">\n\t\t\t\t\t\t\t<div class=\"elementor-template\">\n\t\t\t\t\t<div data-elementor-type=\"section\" data-elementor-id=\"36917\" class=\"elementor elementor-36917\" data-elementor-post-type=\"elementor_library\">\n\t\t\t\t\t<section class=\"elementor-section elementor-top-section elementor-element elementor-element-30b361f4 elementor-section-full_width elementor-section-height-default elementor-section-height-default\" data-id=\"30b361f4\" data-element_type=\"section\" data-e-type=\"section\">\n\t\t\t\t\t\t<div class=\"elementor-container elementor-column-gap-default\">\n\t\t\t\t\t<div class=\"elementor-column elementor-col-100 elementor-top-column elementor-element elementor-element-170f6fff\" data-id=\"170f6fff\" data-element_type=\"column\" data-e-type=\"column\">\n\t\t\t<div class=\"elementor-widget-wrap elementor-element-populated\">\n\t\t\t\t\t\t<div class=\"elementor-element elementor-element-224e85d9 elementor--h-position-center elementor--v-position-middle elementor-pagination-position-inside elementor-widget elementor-widget-slides\" data-id=\"224e85d9\" data-element_type=\"widget\" data-e-type=\"widget\" data-settings=\"{&quot;navigation&quot;:&quot;dots&quot;,&quot;autoplay&quot;:&quot;yes&quot;,&quot;pause_on_hover&quot;:&quot;yes&quot;,&quot;pause_on_interaction&quot;:&quot;yes&quot;,&quot;autoplay_speed&quot;:5000,&quot;infinite&quot;:&quot;yes&quot;,&quot;transition&quot;:&quot;slide&quot;,&quot;transition_speed&quot;:500}\" data-widget_type=\"slides.default\">\n\t\t\t\t<div class=\"elementor-widget-container\">\n\t\t\t\t\t\t\t\t<div class=\"elementor-swiper\">\n\t\t\t\t<div class=\"elementor-slides-wrapper elementor-main-swiper swiper-container\" dir=\"ltr\" data-animation=\"fadeInUp\">\n\t\t\t\t\t<div class=\"swiper-wrapper elementor-slides\">\n\t\t\t\t\t\t\t\t\t\t\t\t<div class=\"elementor-repeater-item-301adab swiper-slide\"><div class=\"swiper-slide-bg\" role=\"img\"><\/div><div class=\"swiper-slide-inner\" ><div class=\"swiper-slide-contents\"><\/div><\/div><\/div>\t\t\t\t\t<\/div>\n\t\t\t\t\t\t\t\t\t<\/div>\n\t\t\t<\/div>\n\t\t\t\t\t\t\t<\/div>\n\t\t\t\t<\/div>\n\t\t\t\t\t<\/div>\n\t\t<\/div>\n\t\t\t\t\t<\/div>\n\t\t<\/section>\n\t\t\t\t<\/div>\n\t\t\t\t<\/div>\n\t\t\t\t\t\t<\/div>\n\t\t\t\t<\/div>\n\t\t\t\t\t<\/div>\n\t\t<\/div>\n\t\t\t\t\t<\/div>\n\t\t<\/section>\n\t\t\t\t<section class=\"elementor-section elementor-top-section elementor-element elementor-element-f32fdb1 elementor-section-boxed elementor-section-height-default elementor-section-height-default\" data-id=\"f32fdb1\" data-element_type=\"section\" data-e-type=\"section\">\n\t\t\t\t\t\t<div class=\"elementor-container elementor-column-gap-no\">\n\t\t\t\t\t<div class=\"elementor-column elementor-col-50 elementor-top-column elementor-element elementor-element-4f17cce animated-fast elementor-invisible\" data-id=\"4f17cce\" data-element_type=\"column\" data-e-type=\"column\" data-settings=\"{&quot;background_background&quot;:&quot;classic&quot;,&quot;animation&quot;:&quot;fadeIn&quot;,&quot;animation_tablet&quot;:&quot;none&quot;,&quot;animation_mobile&quot;:&quot;none&quot;,&quot;animation_delay&quot;:100}\">\n\t\t\t<div class=\"elementor-widget-wrap elementor-element-populated\">\n\t\t\t\t\t\t<div class=\"elementor-element elementor-element-4e976be elementor-widget elementor-widget-heading\" data-id=\"4e976be\" data-element_type=\"widget\" data-e-type=\"widget\" data-widget_type=\"heading.default\">\n\t\t\t\t<div class=\"elementor-widget-container\">\n\t\t\t\t\t<h1 class=\"elementor-heading-title elementor-size-default\">Tutoriat \u0219i practic\u0103 IF<\/h1>\t\t\t\t<\/div>\n\t\t\t\t<\/div>\n\t\t\t\t\t<\/div>\n\t\t<\/div>\n\t\t\t\t<div class=\"elementor-column elementor-col-50 elementor-top-column elementor-element elementor-element-c9774dd elementor-hidden-desktop elementor-hidden-tablet elementor-hidden-phone\" data-id=\"c9774dd\" data-element_type=\"column\" data-e-type=\"column\">\n\t\t\t<div class=\"elementor-widget-wrap\">\n\t\t\t\t\t\t\t<\/div>\n\t\t<\/div>\n\t\t\t\t\t<\/div>\n\t\t<\/section>\n\t\t\t\t<section class=\"elementor-section elementor-top-section elementor-element elementor-element-2137817 elementor-section-boxed elementor-section-height-default elementor-section-height-default\" data-id=\"2137817\" data-element_type=\"section\" data-e-type=\"section\">\n\t\t\t\t\t\t<div class=\"elementor-container elementor-column-gap-default\">\n\t\t\t\t\t<div class=\"elementor-column elementor-col-100 elementor-top-column elementor-element elementor-element-4591ede\" data-id=\"4591ede\" data-element_type=\"column\" data-e-type=\"column\">\n\t\t\t<div class=\"elementor-widget-wrap elementor-element-populated\">\n\t\t\t\t\t\t<div class=\"elementor-element elementor-element-db8ec28 elementor-widget elementor-widget-text-editor\" data-id=\"db8ec28\" data-element_type=\"widget\" data-e-type=\"widget\" data-widget_type=\"text-editor.default\">\n\t\t\t\t<div class=\"elementor-widget-container\">\n\t\t\t\t\t\t\t\t\t<h1><span style=\"color: #000000;\">Tutoriat<\/span><\/h1>\n<h3><strong>Programul de studii:<br>Contabilitate \u0219i Informatic\u0103 de Gestiune<\/strong><\/h3>\n<h3><strong style=\"font-family: 'Libre Baskerville', sans-serif; font-size: 36px; font-style: normal; font-variant-ligatures: normal; font-variant-caps: normal;\">pentru anul universitar 2025 \u2013 2026<\/strong><\/h3>\n<h3><strong>&nbsp;<\/strong><\/h3>\n<h3><strong>Lista Tutorilor de ani :<\/strong><\/h3>\n<div>\n<p>Anul I \u2013 Lect.univ.dr. MATEI \u2013 CERN\u0102IANU ALICE-DALINA<\/p>\n<p>Anul II \u2013 Lect. univ. dr. CORICI MARIAN CATALIN<\/p>\n<\/div>\n<div>\n<p>Anul III \u2013 Conf.univ.dr. ACHIM MARIAN LUCIAN<\/p>\n<\/div>\n<div>&nbsp;<\/div>\n<h2>&nbsp;<\/h2>\n<h3><strong>Programul de studii:&nbsp;<\/strong><\/h3>\n<h3><strong>Law<\/strong><\/h3>\n<h3><strong>pentru anul universitar 2025 \u2013 2026<\/strong><\/h3>\n<h3><strong>Lista Tutorilor de ani:<\/strong><\/h3>\n<div>&nbsp;<\/div>\n<div>\n<p>Anul I &#8211; Lect. univ.dr. POP MIHAELA<br>Anul II \u2013 Lect.univ.dr. MOREGA ROMULUS<br>Anul III \u2013 Lect. univ. dr. MALAESCU IOANA<br>Anul IV \u2013 Conf. univ. DR\u0102GHICI CRISTIAN<\/p>\n<\/div>\n<div>&nbsp;<\/div>\n<p><strong>&nbsp;<\/strong><\/p>\n<p>Dean,<\/p>\n<p>Conf. univ. dr. Cristian Dr\u0103ghici<\/p>\n<h1>&nbsp;<\/h1>\n<h1><span style=\"color: #000000;\">Practic\u0103 de specialitate<\/span><\/h1>\n<div><span style=\"color: #000000;\">&nbsp;<\/span><\/div>\n<ul>\n<li><a href=\"\/wp-content\/uploads\/2026\/03\/DREPT-An-I-Ghidul-si-caietul-de-practica-anul-universitar-2025-2026.pdf\"><strong>Ghidul \u0219i caietul de practic\u0103 \u2013 Program Studii Drept an I\u2013 anul universitar 2025-2026<\/strong><\/a><\/li>\n<li><a href=\"\/wp-content\/uploads\/2026\/03\/DREPT-An-II-Ghidul-si-caietul-de-practica-anul-universitar-2025-2026-Copy.pdf\"><strong>Ghidul \u0219i caietul de practic\u0103 \u2013 Program Studii Drept an II\u2013 anul universitar 2025-2026<\/strong><\/a><\/li>\n<li><a href=\"\/wp-content\/uploads\/2026\/03\/DREPT-An-IV-Ghidul-si-caietul-de-practica-anul-universitar-2025-2026.pdf\"><strong>Ghidul \u0219i caietul de practic\u0103 \u2013 Program Studii Drept an IV\u2013 anul universitar 2025-2026<\/strong><\/a><\/li>\n<li><a href=\"\/wp-content\/uploads\/2026\/03\/CIG-Ghidul-si-caietul-de-practica-anul-universitar-2025-2026.pdf\"><strong>Caiet Practic\u0103 Program Studii CIG \u2013 anul universitar 2025 \u2013 2026<\/strong><\/a><\/li>\n<\/ul><div><br><\/div>\n<hr>\n<h3><strong>&nbsp;<\/strong><\/h3>\n<h3><strong>Cadrul legal<\/strong><\/h3>\n<p>Stagiul de practic\u0103 se desf\u0103\u0219oar\u0103 conform reglement\u0103rilor \u00een vigoare privind practica elevilor \u015fi studen\u0163ilor \u015fi a Conven\u021biei-cadru privind efectuarea stagiului de practic\u0103 \u00een cadrul programelor de studii universitare de licen\u021b\u0103,.<br>Studentul practicant efectueaz\u0103 stagiul de practic\u0103 corespunz\u0103tor nivelului de studii (an universitar) conform Fi\u0219ei disciplinei \u201ePractic\u0103 de profil\u201d.<br>Programul de practic\u0103 se desf\u0103\u0219oar\u0103 \u00een loca\u0163iile \u015fi dup\u0103 un orar stabilit de comun acord de c\u0103tre organizatorul de practic\u0103 (institu\u021bia de \u00eenv\u0103\u021b\u0103m\u00e2nt superior) \u015fi partenerul de practic\u0103 (institu\u021bia care particip\u0103 la procesul de instruire practic\u0103 a studen\u021bilor) \u00een baza Acordului \u2013 cadru privind efectuarea stagiului de practic\u0103 \u00eencheiat \u00eentre cele dou\u0103 p\u0103r\u0163i men\u0163ionate.<\/p>\n<p><\/p>\n<h3><strong>Desf\u0103\u015furarea stagiului de practic\u0103<\/strong><\/h3>\n<p>Prin efectuarea acestui stagiu, se asigur\u0103 aplicarea \u00een practic\u0103 a cuno\u0219tin\u021belor teoretice dob\u00e2ndite \u00een cadrul activit\u0103\u021bilor didactice academice. Activit\u0103\u021bile desf\u0103\u0219urate \u00een cadrul stagiului de practic\u0103 sunt stabilite \u00een acord cu \u201eFi\u0219a Disciplinei\u201d, de c\u0103tre cadrul didactic supervizor, prin consultarea Tutorelui desemnat de c\u0103tre institu\u021bia partener\u0103 de practic\u0103. Activitatea de practic\u0103 se desf\u0103\u0219oar\u0103 pe durata prev\u0103zut\u0103 \u00een \u201ePlanul de \u00eenv\u0103\u0163\u0103m\u00e2nt\u201d.<\/p>\n<p><\/p>\n<h3><strong>Studentul practicant<\/strong><\/h3>\n<p>Studentul practicant efectueaz\u0103 stagiul de practic\u0103 \u00een conformitate cu Acordul \/Protocol\/Conven\u021bia-Cadru \u00eencheiate \u00eentre organizatorul de practic\u0103 (institu\u021bia de \u00eenv\u0103\u021b\u0103m\u00e2nt superior) \u015fi partenerul de practic\u0103 (institu\u021bia care particip\u0103 la procesul de instruire practic\u0103 a studen\u021bilor). Studentul practicant are obliga\u021bia ca pe durata derul\u0103rii stagiului de practic\u0103:<\/p>\n<ul>\n<li class=\"first-child\"><em>s\u0103 respecte programul de lucru stabilit \u015fi activit\u0103\u021bile specificate de tutore pentru \u00eendeplinirea obiectivelor;<\/em><\/li>\n<li><em>s\u0103 foloseasc\u0103 informa\u021biile la care are acces \u00een timpul stagiului exclusiv pentru dezvoltarea sa profesional\u0103;<\/em><\/li>\n<li><em>s\u0103 respecte regulamentul de ordine interioar\u0103 specific institu\u021biei partener de practic\u0103;<\/em><\/li>\n<li class=\"last-child\"><em>s\u0103 completeze Caietul de practic\u0103, instrument de lucru pentru student<\/em><\/li>\n<\/ul>\n<h3><strong>Tutorele stagiului de practic\u0103<\/strong><\/h3>\n<p>Partenerul de practic\u0103 desemneaz\u0103 un tutore pentru stagiul de practic\u0103. Acesta, \u00eempreun\u0103 cu cadrul didactic responsabil cu practica, define\u0219te obiectivele stagiului de practic\u0103, activit\u0103\u021bile \u015fi sarcinile concrete pentru perioada stagiului de practic\u0103 \u0219i tematica activit\u0103\u021bilor practice.<strong>&nbsp;<\/strong><\/p>\n<p><strong>&nbsp;<\/strong><\/p>\n<h3><strong>Cadrul didactic supervizor<\/strong><\/h3>\n<p>Directorul de Departament desemneaz\u0103 un cadru didactic supervizor responsabil de practic\u0103 pentru planificarea, organizarea \u015fi supravegherea desf\u0103\u0219ur\u0103rii preg\u0103tirii practice. Cadrul didactic supervizor \u00eempreun\u0103 cu Tutorele desemnat de institu\u021bia care prime\u0219te cursan\u021bii \u00een practic\u0103, coordoneaz\u0103 activit\u0103\u021bile specifice Practicii de profil. Totodat\u0103, cadrul didactic supervizor particip\u0103 \u0219i la evaluarea \u0219i notarea studentului, la finalul stagiului de practic\u0103.<\/p>\n<p><strong>Caietul de practic\u0103<\/strong>&nbsp;este un instrument pus la dispozi\u021bia studentului pentru identificarea tematicii \u0219i \u00eenregistrarea tuturor informa\u021biilor ce reflect\u0103 activitatea propriu-zis\u0103 desf\u0103\u0219urat\u0103 de practicant pe perioada stagiului de practic\u0103. Acesta con\u021bine Fi\u0219e de activitate cu urm\u0103toarea structur\u0103:&nbsp;<em>Tema abordat\u0103, Activit\u0103\u021bi desf\u0103\u0219urate, Surse bibliografice, Dificult\u0103\u021bi \u00eent\u00e2mpinate, Observa\u021bii<\/em>&nbsp;(referitoare la modul de lucru \u015fi la rezultatul ob\u021binut). Fi\u0219ele de activitate reflect\u0103 activitatea desf\u0103\u0219urat\u0103 de studentul practicant \u0219i stau la baza monitoriz\u0103rii eficiente a activit\u0103\u021bii derulate de cursant. Totodat\u0103, pe baza acestora, se va face \u0219i evaluarea efectiv\u0103 a studentului.<\/p>\n<p><\/p>\n<h3><strong>Evaluarea activit\u0103\u021bii practice<\/strong><\/h3>\n<p>La baza evalu\u0103rii stau Fi\u0219ele disciplinei PRACTIC\u0102 din Caietul de Practic\u0103, care reflecta activitatea desf\u0103\u0219urata de studentul practicant pe durata perioadei de stagiu, precum \u015fi calificativul acordat de tutorele de practic\u0103.<\/p>\n<p>Studentul practicant va prezenta, \u00een vederea evalu\u0103rii, Caietul de practic\u0103 \u0219i calificativul acordat de tutore, respectiv Admis\/Respins.<\/p>\n<p>Evaluarea stagiului de practic\u0103 va urm\u0103ri:<\/p>\n<ul>\n<li>gradul de \u00eendeplinire a sarcinilor \u0219i de implicare \u00een activit\u0103\u021bile de pe parcursul stagiului de practic\u0103;<\/li>\n<li>volumul \u0219i relevanta activit\u0103\u021bilor desf\u0103\u0219urate;<\/li>\n<li>evaluarea deprinderilor \u0219i a cuno\u0219tin\u021belor dob\u00e2ndite;<\/li>\n<li>modul de elaborare a caietului de practic\u0103.<\/li>\n<\/ul>\n<p>Studentul nu poate fi evaluat \u0219i, prin urmare, nu poate fi declarat promovat daca Tutorele acord\u0103 calificativul Respins.<\/p>\n<p>Modalitatea de evaluare a practicii de profil este cea de \u201eColocviu\u201d.<\/p>\n<p>Colocviul la disciplina \u201ePractic\u0103 de specialitate\u201d se sus\u021bine in sesiune conform planului de \u00eenv\u0103\u021b\u0103m\u00e2nt.<\/p>\n<p>Pentru mai multe informa\u021bii, studen\u0163ii anului II de studii CIG si respectiv anilor I- IV de la programul de studii Drept, sunt ruga\u0163i s\u0103 ia leg\u0103tura cu cadrul didactic responsabil cu practica (supervizor).<\/p>\t\t\t\t\t\t\t\t<\/div>\n\t\t\t\t<\/div>\n\t\t\t\t\t<\/div>\n\t\t<\/div>\n\t\t\t\t\t<\/div>\n\t\t<\/section>\n\t\t\t\t<section class=\"elementor-section elementor-top-section elementor-element elementor-element-7888682 elementor-section-boxed elementor-section-height-default elementor-section-height-default\" data-id=\"7888682\" data-element_type=\"section\" data-e-type=\"section\">\n\t\t\t\t\t\t<div class=\"elementor-container elementor-column-gap-default\">\n\t\t\t\t\t<div class=\"elementor-column elementor-col-100 elementor-top-column elementor-element elementor-element-ea57c13\" data-id=\"ea57c13\" data-element_type=\"column\" data-e-type=\"column\">\n\t\t\t<div class=\"elementor-widget-wrap elementor-element-populated\">\n\t\t\t\t\t\t<div class=\"elementor-element elementor-element-9f7eba1 elementor-widget elementor-widget-spacer\" data-id=\"9f7eba1\" data-element_type=\"widget\" data-e-type=\"widget\" data-widget_type=\"spacer.default\">\n\t\t\t\t<div class=\"elementor-widget-container\">\n\t\t\t\t\t\t\t<div class=\"elementor-spacer\">\n\t\t\t<div class=\"elementor-spacer-inner\"><\/div>\n\t\t<\/div>\n\t\t\t\t\t\t<\/div>\n\t\t\t\t<\/div>\n\t\t\t\t\t<\/div>\n\t\t<\/div>\n\t\t\t\t\t<\/div>\n\t\t<\/section>\n\t\t\t\t<\/div>","protected":false},"excerpt":{"rendered":"<p>Tutoriat \u0219i practic\u0103 IF Tutoriat Programul de studii:Contabilitate \u0219i Informatic\u0103 de Gestiune pentru anul universitar 2025 \u2013 2026 &nbsp; Lista Tutorilor de ani : Anul I \u2013 Lect.univ.dr. MATEI \u2013 CERN\u0102IANU ALICE-DALINA Anul II \u2013 Lect. univ. dr. CORICI MARIAN CATALIN Anul III \u2013 Conf.univ.dr. ACHIM MARIAN LUCIAN &nbsp; &nbsp; Programul de studii:&nbsp; Drept pentru&#8230;<\/p>","protected":false},"author":1,"featured_media":0,"parent":25002,"menu_order":0,"comment_status":"closed","ping_status":"closed","template":"","meta":{"footnotes":""},"class_list":["post-37105","page","type-page","status-publish","hentry"],"_links":{"self":[{"href":"https:\/\/site.utm.ro\/en\/wp-json\/wp\/v2\/pages\/37105","targetHints":{"allow":["GET"]}}],"collection":[{"href":"https:\/\/site.utm.ro\/en\/wp-json\/wp\/v2\/pages"}],"about":[{"href":"https:\/\/site.utm.ro\/en\/wp-json\/wp\/v2\/types\/page"}],"author":[{"embeddable":true,"href":"https:\/\/site.utm.ro\/en\/wp-json\/wp\/v2\/users\/1"}],"replies":[{"embeddable":true,"href":"https:\/\/site.utm.ro\/en\/wp-json\/wp\/v2\/comments?post=37105"}],"version-history":[{"count":0,"href":"https:\/\/site.utm.ro\/en\/wp-json\/wp\/v2\/pages\/37105\/revisions"}],"up":[{"embeddable":true,"href":"https:\/\/site.utm.ro\/en\/wp-json\/wp\/v2\/pages\/25002"}],"wp:attachment":[{"href":"https:\/\/site.utm.ro\/en\/wp-json\/wp\/v2\/media?parent=37105"}],"curies":[{"name":"wp","href":"https:\/\/api.w.org\/{rel}","templated":true}]}}