{"id":37009,"date":"2026-03-17T10:55:47","date_gmt":"2026-03-17T10:55:47","guid":{"rendered":"https:\/\/site.utm.ro\/?page_id=37009"},"modified":"2026-03-17T11:00:25","modified_gmt":"2026-03-17T11:00:25","slug":"public-interest-documents","status":"publish","type":"page","link":"https:\/\/site.utm.ro\/en\/facultatea-de-drept-si-stiinte-economice-tg-jiu\/documente-de-interes-public\/","title":{"rendered":"FDSE &#8211; Documente de interes public"},"content":{"rendered":"<div data-elementor-type=\"wp-page\" data-elementor-id=\"37009\" class=\"elementor elementor-37009\" data-elementor-post-type=\"page\">\n\t\t\t\t\t\t<section class=\"elementor-section elementor-top-section elementor-element elementor-element-498057e elementor-section-full_width elementor-section-height-default elementor-section-height-default\" data-id=\"498057e\" data-element_type=\"section\" data-e-type=\"section\">\n\t\t\t\t\t\t<div class=\"elementor-container elementor-column-gap-default\">\n\t\t\t\t\t<div class=\"elementor-column elementor-col-100 elementor-top-column elementor-element elementor-element-b95d938\" data-id=\"b95d938\" data-element_type=\"column\" data-e-type=\"column\">\n\t\t\t<div class=\"elementor-widget-wrap elementor-element-populated\">\n\t\t\t\t\t\t<div class=\"elementor-element elementor-element-b41c4a8 elementor-widget elementor-widget-template\" data-id=\"b41c4a8\" data-element_type=\"widget\" data-e-type=\"widget\" data-widget_type=\"template.default\">\n\t\t\t\t<div class=\"elementor-widget-container\">\n\t\t\t\t\t\t\t<div class=\"elementor-template\">\n\t\t\t\t\t<div data-elementor-type=\"section\" data-elementor-id=\"36917\" class=\"elementor elementor-36917\" data-elementor-post-type=\"elementor_library\">\n\t\t\t\t\t<section class=\"elementor-section elementor-top-section elementor-element elementor-element-30b361f4 elementor-section-full_width elementor-section-height-default elementor-section-height-default\" data-id=\"30b361f4\" data-element_type=\"section\" data-e-type=\"section\">\n\t\t\t\t\t\t<div class=\"elementor-container elementor-column-gap-default\">\n\t\t\t\t\t<div class=\"elementor-column elementor-col-100 elementor-top-column elementor-element elementor-element-170f6fff\" data-id=\"170f6fff\" data-element_type=\"column\" data-e-type=\"column\">\n\t\t\t<div class=\"elementor-widget-wrap elementor-element-populated\">\n\t\t\t\t\t\t<div class=\"elementor-element elementor-element-224e85d9 elementor--h-position-center elementor--v-position-middle elementor-pagination-position-inside elementor-widget elementor-widget-slides\" data-id=\"224e85d9\" data-element_type=\"widget\" data-e-type=\"widget\" data-settings=\"{&quot;navigation&quot;:&quot;dots&quot;,&quot;autoplay&quot;:&quot;yes&quot;,&quot;pause_on_hover&quot;:&quot;yes&quot;,&quot;pause_on_interaction&quot;:&quot;yes&quot;,&quot;autoplay_speed&quot;:5000,&quot;infinite&quot;:&quot;yes&quot;,&quot;transition&quot;:&quot;slide&quot;,&quot;transition_speed&quot;:500}\" data-widget_type=\"slides.default\">\n\t\t\t\t<div class=\"elementor-widget-container\">\n\t\t\t\t\t\t\t\t<div class=\"elementor-swiper\">\n\t\t\t\t<div class=\"elementor-slides-wrapper elementor-main-swiper swiper-container\" dir=\"ltr\" data-animation=\"fadeInUp\">\n\t\t\t\t\t<div class=\"swiper-wrapper elementor-slides\">\n\t\t\t\t\t\t\t\t\t\t\t\t<div class=\"elementor-repeater-item-301adab swiper-slide\"><div class=\"swiper-slide-bg\" role=\"img\"><\/div><div class=\"swiper-slide-inner\" ><div class=\"swiper-slide-contents\"><\/div><\/div><\/div>\t\t\t\t\t<\/div>\n\t\t\t\t\t\t\t\t\t<\/div>\n\t\t\t<\/div>\n\t\t\t\t\t\t\t<\/div>\n\t\t\t\t<\/div>\n\t\t\t\t\t<\/div>\n\t\t<\/div>\n\t\t\t\t\t<\/div>\n\t\t<\/section>\n\t\t\t\t<\/div>\n\t\t\t\t<\/div>\n\t\t\t\t\t\t<\/div>\n\t\t\t\t<\/div>\n\t\t\t\t\t<\/div>\n\t\t<\/div>\n\t\t\t\t\t<\/div>\n\t\t<\/section>\n\t\t\t\t<section class=\"elementor-section elementor-top-section elementor-element elementor-element-f32fdb1 elementor-section-boxed elementor-section-height-default elementor-section-height-default\" data-id=\"f32fdb1\" data-element_type=\"section\" data-e-type=\"section\">\n\t\t\t\t\t\t<div class=\"elementor-container elementor-column-gap-no\">\n\t\t\t\t\t<div class=\"elementor-column elementor-col-50 elementor-top-column elementor-element elementor-element-4f17cce animated-fast elementor-invisible\" data-id=\"4f17cce\" data-element_type=\"column\" data-e-type=\"column\" data-settings=\"{&quot;background_background&quot;:&quot;classic&quot;,&quot;animation&quot;:&quot;fadeIn&quot;,&quot;animation_tablet&quot;:&quot;none&quot;,&quot;animation_mobile&quot;:&quot;none&quot;,&quot;animation_delay&quot;:100}\">\n\t\t\t<div class=\"elementor-widget-wrap elementor-element-populated\">\n\t\t\t\t\t\t<div class=\"elementor-element elementor-element-4e976be elementor-widget elementor-widget-heading\" data-id=\"4e976be\" data-element_type=\"widget\" data-e-type=\"widget\" data-widget_type=\"heading.default\">\n\t\t\t\t<div class=\"elementor-widget-container\">\n\t\t\t\t\t<h1 class=\"elementor-heading-title elementor-size-default\">Documents of public interest<\/h1>\t\t\t\t<\/div>\n\t\t\t\t<\/div>\n\t\t\t\t\t<\/div>\n\t\t<\/div>\n\t\t\t\t<div class=\"elementor-column elementor-col-50 elementor-top-column elementor-element elementor-element-c9774dd elementor-hidden-desktop elementor-hidden-tablet elementor-hidden-phone\" data-id=\"c9774dd\" data-element_type=\"column\" data-e-type=\"column\">\n\t\t\t<div class=\"elementor-widget-wrap\">\n\t\t\t\t\t\t\t<\/div>\n\t\t<\/div>\n\t\t\t\t\t<\/div>\n\t\t<\/section>\n\t\t\t\t<section class=\"elementor-section elementor-top-section elementor-element elementor-element-2137817 elementor-section-boxed elementor-section-height-default elementor-section-height-default\" data-id=\"2137817\" data-element_type=\"section\" data-e-type=\"section\">\n\t\t\t\t\t\t<div class=\"elementor-container elementor-column-gap-default\">\n\t\t\t\t\t<div class=\"elementor-column elementor-col-100 elementor-top-column elementor-element elementor-element-4591ede\" data-id=\"4591ede\" data-element_type=\"column\" data-e-type=\"column\">\n\t\t\t<div class=\"elementor-widget-wrap elementor-element-populated\">\n\t\t\t\t\t\t<div class=\"elementor-element elementor-element-6334185 elementor-widget elementor-widget-heading\" data-id=\"6334185\" data-element_type=\"widget\" data-e-type=\"widget\" data-widget_type=\"heading.default\">\n\t\t\t\t<div class=\"elementor-widget-container\">\n\t\t\t\t\t<h2 class=\"elementor-heading-title elementor-size-default\">Discipline de studiu<\/h2>\t\t\t\t<\/div>\n\t\t\t\t<\/div>\n\t\t\t\t<div class=\"elementor-element elementor-element-db8ec28 elementor-widget elementor-widget-text-editor\" data-id=\"db8ec28\" data-element_type=\"widget\" data-e-type=\"widget\" data-widget_type=\"text-editor.default\">\n\t\t\t\t<div class=\"elementor-widget-container\">\n\t\t\t\t\t\t\t\t\t<div class=\"wpb_text_column wpb_content_element\">\n<div class=\"wpb_wrapper\">\n<h3 align=\"center\"><strong>PROGRAMUL DE STUDII:&nbsp;<\/strong><strong>CONTABILITATE<br>\n\u0218I INFORMATIC\u0102 DE GESTIUNE<\/strong><\/h3>\n<h3 align=\"center\"><strong>Anul universitar 2025-2026<\/strong><\/h3>\n<p>&nbsp;<\/p>\n<\/div>\n<\/div>\n<h3 class=\"vc_custom_heading vc_do_custom_heading vc_custom_1489135014220\">Year I<\/h3>\n<div class=\"wpb_text_column wpb_content_element vc_custom_1773312803807\">\n<div class=\"wpb_wrapper\">\n<ul>\n<li>Microeconomie<br>\n\u2022Matematic\u0103 aplicat\u0103 \u00een economie<\/li>\n<li>Accounting<br>\n\u2022Informatic\u0103<br>\n\u2022 Drept<\/li>\n<li>Doctrina \u0219i deontologia profesiei contabile<\/li>\n<li>Macroeconomie<\/li>\n<li>Finance<\/li>\n<li>Marketing<\/li>\n<li>Relatii economice internationale<\/li>\n<li>Economie monetara<\/li>\n<li>Management<\/li>\n<li>Comunicare in afaceri in limba Englez\u0103\/Francez\u0103<\/li>\n<li>Educa\u021bie fizic\u0103<\/li>\n<\/ul>\n<\/div>\n<\/div>\n<h3 class=\"vc_custom_heading vc_do_custom_heading vc_custom_1489135328062\">Year II<\/h3>\n<div class=\"wpb_text_column wpb_content_element vc_custom_1773312830137\">\n<div class=\"wpb_wrapper\">\n<ul>\n<li>Management<br>\n\u2022 Contabilitate financiar\u0103 I<\/li>\n<li>Programarea calculatoarelor<\/li>\n<li>Comunicare \u00een afaceri \u00een limba str\u0103ina (engleza\/franceza)\n<ul>\n<li>Baze de date<\/li>\n<\/ul>\n<\/li>\n<li>Economie european\u0103<\/li>\n<li>Statistica\n<ul>\n<li>Contabilitate financiar\u0103 II<\/li>\n<li>Economie Europeana<\/li>\n<li>Practica de specialitate<\/li>\n<li>Educa\u021bie fizic\u0103<\/li>\n<li>Ecologie \u0219i protec\u021bia mediului<\/li>\n<li>Control financiar<\/li>\n<li>Finan\u021be interna\u021bionale<\/li>\n<li>Etic\u0103 \u0219i integritate academic\u0103<\/li>\n<li>Contabilitate publica<\/li>\n<\/ul>\n<\/li>\n<\/ul>\n<\/div>\n<\/div>\n<h3 class=\"vc_custom_heading vc_do_custom_heading vc_custom_1489135363660\">Year III<\/h3>\n<div class=\"wpb_text_column wpb_content_element vc_custom_1773312842775\">\n<div class=\"wpb_wrapper\">\n<ul>\n<li>Fiscalitate<\/li>\n<li>Analiz\u0103 economico-financiar\u0103<\/li>\n<li>Sisteme informatice de gestiune<\/li>\n<li>Control de gestiune<\/li>\n<li>Contabilitatea institutiilor de credit<\/li>\n<li>Asigur\u0103ri \u0219i reasigur\u0103ri<\/li>\n<li>Managementul afacerilor<\/li>\n<li>Audit intern<\/li>\n<li>Evaluarea \u00eentreprinderii<\/li>\n<li>Expertiz\u0103 contabil\u0103 \u0219i consultant\u0103 fiscal\u0103<\/li>\n<li>Elaborarea lucrarii de licenta<\/li>\n<li>Sisteme \u0219i raportari financiare<\/li>\n<li>Gestiunea financiara<\/li>\n<li>Contabilitate de gestiune<\/li>\n<li>Contabilitate consolidata<\/li>\n<\/ul>\n<\/div>\n<\/div>\n<h3 class=\"vc_custom_heading vc_do_custom_heading vc_custom_1496406822804\">Examenul de Licen\u021b\u0103<\/h3>\n<div class=\"wpb_text_column wpb_content_element vc_custom_1773312883293\">\n<div class=\"wpb_wrapper\">\n<p><strong>EXAMENUL DE LICEN\u021a\u0102<\/strong><\/p>\n<ul>\n<li>Evaluarea cuno\u0219tin\u021belor fundamentale \u0219i de specialitate<\/li>\n<li>Presentation and defense of the bachelor's thesis<\/li>\n<\/ul>\n<div class=\"wpb_text_column wpb_content_element\">\n<div class=\"wpb_wrapper\">\n<h3 align=\"center\"><strong>&nbsp;<\/strong><\/h3>\n<h3 align=\"center\"><strong>PROGRAMUL DE STUDII:&nbsp;DREPT<\/strong><\/h3>\n<h3 align=\"center\"><strong>Anul universitar 2025-2026<\/strong><\/h3>\n<\/div>\n<\/div>\n<div class=\"ult-content-box-container\">\n<div class=\"ult-content-box\" data-hover_box_shadow=\"none\" data-hover_border_color=\"#250e62\" data-normal_margins=\"margin:0px;\" data-border_color=\"#250e62\">\n<h3 class=\"vc_custom_heading vc_do_custom_heading vc_custom_1489135014220\">Year I<\/h3>\n<div class=\"wpb_text_column wpb_content_element vc_custom_1773312926046\">\n<div class=\"wpb_wrapper\">\n<ul>\n<li>Teoria general a dreptului I<\/li>\n<li>Drept constitutional I<\/li>\n<li>Drept civil. Teoria general\u0103 si Actul juridic<\/li>\n<li>Drept roman I<\/li>\n<li>Drept administrativ I<\/li>\n<li>Teoria general a dreptului II<\/li>\n<li>Drept constitutional II<\/li>\n<li>Drept civil. Persoanele<\/li>\n<li>Drept administrativ II<\/li>\n<li>Drept roman II<\/li>\n<li>Comunicare de specialitate \u00een limba englez\u0103\/francez\u0103<\/li>\n<li>Practica de specialitate<\/li>\n<li>Educa\u0163ie fizic\u0103<\/li>\n<li>Logic\u0103 juridic\u0103<\/li>\n<li>Sociologie juridica<\/li>\n<li>Istoria statului \u015fi dreptului rom\u00e2nesc<\/li>\n<\/ul>\n<\/div>\n<\/div>\n<h3 class=\"vc_custom_heading vc_do_custom_heading vc_custom_1489135328062\">Year II<\/h3>\n<div class=\"wpb_text_column wpb_content_element vc_custom_1773312941735\">\n<div class=\"wpb_wrapper\">\n<ul>\n<li>Drept civil. Drepturile reale<\/li>\n<li>Drept penal. Partea general\u0103 I<\/li>\n<li>Drept financiar \u0219i fiscal I<\/li>\n<li>Drept interna\u0163ional public I<\/li>\n<li>Drept civil. Teoria obliga\u0163iilor<\/li>\n<li>Drept penal. Partea general\u0103 II<\/li>\n<li>Drept financiar \u0219i fiscal II<\/li>\n<li>Dreptul familiei<\/li>\n<li>Drept interna\u0163ional public II<\/li>\n<li>Comunicare de specialitate \u00een limba englez\u0103\/francez\u0103<\/li>\n<li>Practica de specialitate<\/li>\n<li>Educa\u0163ie fizic\u0103<\/li>\n<li>Organiza\u0163ii \u0219i rela\u0163ii interna\u0163ionale<\/li>\n<li>Procedura contraven\u021bional\u0103<\/li>\n<li>Criminology<\/li>\n<li>Informatic\u0103 juridic\u0103<\/li>\n<\/ul>\n<\/div>\n<\/div>\n<h3 class=\"vc_custom_heading vc_do_custom_heading vc_custom_1489135363660\">Year III<\/h3>\n<div class=\"wpb_text_column wpb_content_element vc_custom_1773312957758\">\n<div class=\"wpb_wrapper\">\n<ul>\n<li>Drept civil. Contracte speciale<\/li>\n<li>Drept penal. Partea special\u0103 I<\/li>\n<li>Drept procesual penal I<\/li>\n<li>Institu\u0163ii \u015fi politici ale Uniunii Europene<\/li>\n<li>Dreptul mediului<\/li>\n<li>Drept comercial I<\/li>\n<li>Protec\u0163ia interna\u0163ional\u0103 a drepturilor omului. Jurispruden\u0163a Cur\u0163ii Europene a Drepturilor Omului<\/li>\n<li>Drept civil. Succesiunile<\/li>\n<li>Drept penal. Partea special\u0103 II<\/li>\n<li>Drept procesual penal II<\/li>\n<li>Drept comercial II<\/li>\n<li>Dreptul propriet\u0103\u0163ii intelectuale<\/li>\n<li>Practica de specialitate<\/li>\n<li>Procedura insolven\u0163ei<\/li>\n<li>Drept notarial<\/li>\n<li>Infrac\u0163iuni prev\u0103zute \u00een legi speciale<\/li>\n<li>Dreptul transporturilor<\/li>\n<\/ul>\n<p><strong>&nbsp;<\/strong><\/p>\n<\/div>\n<\/div>\n<h3 class=\"vc_custom_heading vc_do_custom_heading vc_custom_1503493901340\">Year 4<\/h3>\n<div class=\"wpb_text_column wpb_content_element vc_custom_1773312974310\">\n<div class=\"wpb_wrapper\">\n<ul>\n<li>Drept procesual civil I<\/li>\n<li>Dreptul muncii \u0219i securit\u0103\u021bii sociale 1<\/li>\n<li>Drept interna\u021bional privat<\/li>\n<li>Dreptul Uniunii Europene<\/li>\n<li>Drept penal aprofundat<\/li>\n<li>Drept procesual civil 2<\/li>\n<li>Dreptul muncii \u0219i securit\u0103\u021bii sociale 2<\/li>\n<li>Victimologie<\/li>\n<li>Cooperare judiciar\u0103 european\u0103<\/li>\n<li>Practica de specialitate<\/li>\n<li>Practica de cercetare \u00een vederea elaborarii lucrarii de licen\u021b\u0103<\/li>\n<li>Dreptul concuren\u021bei<\/li>\n<li>Criminalistica<\/li>\n<li>Dreptul comer\u021bului interna\u021bional<\/li>\n<li>Dreptul interna\u021bional \u0219i european al muncii<\/li>\n<li>Economie<\/li>\n<li>Sociologie juridic\u0103<\/li>\n<\/ul>\n<\/div>\n<\/div>\n<h3 class=\"vc_custom_heading vc_do_custom_heading vc_custom_1496406822804\">Examenul de Licen\u021b\u0103<\/h3>\n<div class=\"wpb_text_column wpb_content_element vc_custom_1773313024327\">\n<div class=\"wpb_wrapper\">\n<p><strong>EXAMENUL DE LICEN\u021a\u0102<\/strong><\/p>\n<ul>\n<li><u>Componenta scris\u0103:&nbsp;<\/u>evaluarea cuno\u015ftin\u0163elor fundamentale \u015fi de specialitate:&nbsp;(90 de \u00eentrebari tip gril\u0103 punctate fiecare cu 1 punct, la care se adauga un punct din oficiu \u2013 a se vedea&nbsp;<a href=\"\/wp-content\/uploads\/2026\/03\/Drept-Tematica-si-bibliografia-examenului-de-licenta-2024-%E2%80%93-componenta-scrisa.pdf\">Tematica si bibliografia examenului de licenta 2026 \u2013 componenta scris\u0103<\/a><\/li>\n<li>Sustinerea lucrarii de licenta.<\/li>\n<\/ul>\n<div class=\"wpb_text_column wpb_content_element\">\n<div class=\"wpb_wrapper\">\n<h3 align=\"center\"><strong><br><\/strong><\/h3><h3 align=\"center\"><strong style=\"font-family: &quot;Libre Baskerville&quot;, sans-serif; font-size: 36px; font-style: normal; font-variant-ligatures: normal; font-variant-caps: normal;\">PROGRAMUL DE STUDII:&nbsp;DREPT ID&nbsp;<\/strong><\/h3>\n<h3 align=\"center\"><strong>Anul universitar 2025-2026<\/strong><\/h3>\n<p><a href=\"\/wp-content\/uploads\/2026\/03\/0.-Planuri-invatamant-DREPT-ID-seria-2025-2029.pdf\"><strong>Plan de inv\u0103\u021b\u0103m\u00e2nt 2025-2026<\/strong><\/a><\/p>\n<p>&nbsp;<\/p>\n<p><strong>ANUL I \u2013 DISCIPLINE:<\/strong><\/p>\n<ul>\n<li>Teoria general a dreptului I<\/li>\n<li>Drept constitutional I<\/li>\n<li>Drept civil. Teoria general\u0103 si Actul juridic<\/li>\n<li>Drept roman I<\/li>\n<li>Drept administrativ I<\/li>\n<li>Teoria general a dreptului II<\/li>\n<li>Drept constitutional II<\/li>\n<li>Drept civil. Persoanele<\/li>\n<li>Drept administrativ II<\/li>\n<li>Drept roman II<\/li>\n<li>Comunicare de specialitate \u00een limba englez\u0103\/francez\u0103<\/li>\n<li>Practica de specialitate<\/li>\n<li>Educa\u0163ie fizic\u0103<\/li>\n<li>Logic\u0103 juridic\u0103<\/li>\n<li>Sociologie juridica<\/li>\n<li>Istoria statului \u015fi dreptului rom\u00e2nesc<\/li>\n<\/ul>\n<\/div>\n<\/div>\n<div class=\"wpb_text_column wpb_content_element vc_custom_1773313024327\">\n<div class=\"wpb_wrapper\">\n<p><strong>EXAMENUL DE LICEN\u021a\u0102<\/strong><\/p>\n<ul>\n<li><u>Componenta scris\u0103:&nbsp;<\/u>evaluarea cuno\u015ftin\u0163elor fundamentale \u015fi de specialitate:&nbsp;(90 de \u00eentrebari tip gril\u0103 punctate fiecare cu 1 punct, la care se adauga un punct din oficiu \u2013 a se vedea&nbsp;<a href=\"\/wp-content\/uploads\/2026\/03\/Drept-Tematica-si-bibliografia-examenului-de-licenta-2024-%E2%80%93-componenta-scrisa.pdf\">Tematica si bibliografia examenului de licenta 2026 \u2013 componenta scris\u0103<\/a><\/li>\n<li>Sustinerea lucrarii de licenta.<\/li>\n<\/ul>\n<\/div>\n<\/div>\n<div class=\"wpb_text_column wpb_content_element\">\n<div class=\"wpb_wrapper\">\n<h3 align=\"center\"><\/h3>\n<h3 align=\"center\"><strong><br><\/strong><\/h3><h3 align=\"center\"><strong><br><\/strong><\/h3><h3 align=\"center\"><strong>PROGRAMUL DE STUDII:&nbsp;Master&nbsp;<\/strong><\/h3>\n<p style=\"text-align: center;\"><strong>Contabilitatea afacerilor, An I, An II<\/strong><\/p>\n<h3 align=\"center\"><strong>Anul universitar 2025-2026<\/strong><\/h3>\n<p><strong>Plan de inv\u0103\u021b\u0103m\u00e2nt 2025-2026<\/strong><\/p>\n<p><strong>ANUL I \u2013 DISCIPLINE:<\/strong><br>\n\u2013 Auditul afacerii<br>\n\u2013 Contabilitatea institutiilor si de credit<br>\n\u2013 Contabilitatea in mediul de afaceri<br>\n\u2013 Preturile de transfer<br>\n\u2013 Politica fiscala<br>\n\u2013 Convergente financiare<br>\n\u2013 Solutii software pentru afaceri<br>\n\u2013 Evaziunea fiscala<br>\n\u2013 Contabilitatea costurilor<br>\n\u2013 Contabilitatea organizatiilor non-profit<br>\n\u2013 Asigurari patrimoniale<br>\n\u2013 Dreptul afacerilor<\/p>\n<p><strong>ANUL II \u2013 DISCIPLINE:<\/strong><br>\n\u2013 Doctrina profesiei contabile si expertiza contabila<br>\n\u2013 Diagnostic financiar al firmei<br>\n\u2013 Controlling<br>\n\u2013 Audit extern<br>\n\u2013 Managementul performantei<br>\n\u2013 Etica si integritate academica<br>\n\u2013 Practica de specialitate<br>\n\u2013 Elaborarea lucrarii de specialitate<\/p>\n<\/div>\n<\/div>\n<\/div>\n<\/div>\n<\/div>\n<\/div>\n<\/div>\n<\/div>\t\t\t\t\t\t\t\t<\/div>\n\t\t\t\t<\/div>\n\t\t\t\t\t<\/div>\n\t\t<\/div>\n\t\t\t\t\t<\/div>\n\t\t<\/section>\n\t\t\t\t<section class=\"elementor-section elementor-top-section elementor-element elementor-element-7888682 elementor-section-boxed elementor-section-height-default elementor-section-height-default\" data-id=\"7888682\" data-element_type=\"section\" data-e-type=\"section\">\n\t\t\t\t\t\t<div class=\"elementor-container elementor-column-gap-default\">\n\t\t\t\t\t<div class=\"elementor-column elementor-col-100 elementor-top-column elementor-element elementor-element-ea57c13\" data-id=\"ea57c13\" data-element_type=\"column\" data-e-type=\"column\">\n\t\t\t<div class=\"elementor-widget-wrap elementor-element-populated\">\n\t\t\t\t\t\t<div class=\"elementor-element elementor-element-9f7eba1 elementor-widget elementor-widget-spacer\" data-id=\"9f7eba1\" data-element_type=\"widget\" data-e-type=\"widget\" data-widget_type=\"spacer.default\">\n\t\t\t\t<div class=\"elementor-widget-container\">\n\t\t\t\t\t\t\t<div class=\"elementor-spacer\">\n\t\t\t<div class=\"elementor-spacer-inner\"><\/div>\n\t\t<\/div>\n\t\t\t\t\t\t<\/div>\n\t\t\t\t<\/div>\n\t\t\t\t\t<\/div>\n\t\t<\/div>\n\t\t\t\t\t<\/div>\n\t\t<\/section>\n\t\t\t\t<\/div>","protected":false},"excerpt":{"rendered":"<p>Documente de interes public Discipline de studiu PROGRAMUL DE STUDII:&nbsp;CONTABILITATE \u0218I INFORMATIC\u0102 DE GESTIUNE Anul universitar 2025-2026 &nbsp; Anul I Microeconomie \u2022Matematic\u0103 aplicat\u0103 \u00een economie Contabilitate \u2022Informatic\u0103 \u2022 Drept Doctrina \u0219i deontologia profesiei contabile Macroeconomie Finan\u021be Marketing Relatii economice internationale Economie monetara Management Comunicare in afaceri in limba Englez\u0103\/Francez\u0103 Educa\u021bie fizic\u0103 Anul II Management \u2022&#8230;<\/p>","protected":false},"author":1,"featured_media":0,"parent":25002,"menu_order":0,"comment_status":"closed","ping_status":"closed","template":"","meta":{"footnotes":""},"class_list":["post-37009","page","type-page","status-publish","hentry"],"_links":{"self":[{"href":"https:\/\/site.utm.ro\/en\/wp-json\/wp\/v2\/pages\/37009","targetHints":{"allow":["GET"]}}],"collection":[{"href":"https:\/\/site.utm.ro\/en\/wp-json\/wp\/v2\/pages"}],"about":[{"href":"https:\/\/site.utm.ro\/en\/wp-json\/wp\/v2\/types\/page"}],"author":[{"embeddable":true,"href":"https:\/\/site.utm.ro\/en\/wp-json\/wp\/v2\/users\/1"}],"replies":[{"embeddable":true,"href":"https:\/\/site.utm.ro\/en\/wp-json\/wp\/v2\/comments?post=37009"}],"version-history":[{"count":0,"href":"https:\/\/site.utm.ro\/en\/wp-json\/wp\/v2\/pages\/37009\/revisions"}],"up":[{"embeddable":true,"href":"https:\/\/site.utm.ro\/en\/wp-json\/wp\/v2\/pages\/25002"}],"wp:attachment":[{"href":"https:\/\/site.utm.ro\/en\/wp-json\/wp\/v2\/media?parent=37009"}],"curies":[{"name":"wp","href":"https:\/\/api.w.org\/{rel}","templated":true}]}}