{"id":36967,"date":"2026-03-17T10:33:45","date_gmt":"2026-03-17T10:33:45","guid":{"rendered":"https:\/\/site.utm.ro\/?page_id=36967"},"modified":"2026-03-17T10:35:05","modified_gmt":"2026-03-17T10:35:05","slug":"teaching-staff","status":"publish","type":"page","link":"https:\/\/site.utm.ro\/en\/facultatea-de-drept-si-stiinte-economice-tg-jiu\/cadre-didactice\/","title":{"rendered":"FDSE &#8211; Cadre didactice"},"content":{"rendered":"<div data-elementor-type=\"wp-page\" data-elementor-id=\"36967\" class=\"elementor elementor-36967\" data-elementor-post-type=\"page\">\n\t\t\t\t\t\t<section class=\"elementor-section elementor-top-section elementor-element elementor-element-498057e elementor-section-full_width elementor-section-height-default elementor-section-height-default\" data-id=\"498057e\" data-element_type=\"section\" data-e-type=\"section\">\n\t\t\t\t\t\t<div class=\"elementor-container elementor-column-gap-default\">\n\t\t\t\t\t<div class=\"elementor-column elementor-col-100 elementor-top-column elementor-element elementor-element-b95d938\" data-id=\"b95d938\" data-element_type=\"column\" data-e-type=\"column\">\n\t\t\t<div class=\"elementor-widget-wrap elementor-element-populated\">\n\t\t\t\t\t\t<div class=\"elementor-element elementor-element-b41c4a8 elementor-widget elementor-widget-template\" data-id=\"b41c4a8\" data-element_type=\"widget\" data-e-type=\"widget\" data-widget_type=\"template.default\">\n\t\t\t\t<div class=\"elementor-widget-container\">\n\t\t\t\t\t\t\t<div class=\"elementor-template\">\n\t\t\t\t\t<div data-elementor-type=\"section\" data-elementor-id=\"36917\" class=\"elementor elementor-36917\" data-elementor-post-type=\"elementor_library\">\n\t\t\t\t\t<section class=\"elementor-section elementor-top-section elementor-element elementor-element-30b361f4 elementor-section-full_width elementor-section-height-default elementor-section-height-default\" data-id=\"30b361f4\" data-element_type=\"section\" data-e-type=\"section\">\n\t\t\t\t\t\t<div class=\"elementor-container elementor-column-gap-default\">\n\t\t\t\t\t<div class=\"elementor-column elementor-col-100 elementor-top-column elementor-element elementor-element-170f6fff\" data-id=\"170f6fff\" data-element_type=\"column\" data-e-type=\"column\">\n\t\t\t<div class=\"elementor-widget-wrap elementor-element-populated\">\n\t\t\t\t\t\t<div class=\"elementor-element elementor-element-224e85d9 elementor--h-position-center elementor--v-position-middle elementor-pagination-position-inside elementor-widget elementor-widget-slides\" data-id=\"224e85d9\" data-element_type=\"widget\" data-e-type=\"widget\" data-settings=\"{&quot;navigation&quot;:&quot;dots&quot;,&quot;autoplay&quot;:&quot;yes&quot;,&quot;pause_on_hover&quot;:&quot;yes&quot;,&quot;pause_on_interaction&quot;:&quot;yes&quot;,&quot;autoplay_speed&quot;:5000,&quot;infinite&quot;:&quot;yes&quot;,&quot;transition&quot;:&quot;slide&quot;,&quot;transition_speed&quot;:500}\" data-widget_type=\"slides.default\">\n\t\t\t\t<div class=\"elementor-widget-container\">\n\t\t\t\t\t\t\t\t<div class=\"elementor-swiper\">\n\t\t\t\t<div class=\"elementor-slides-wrapper elementor-main-swiper swiper-container\" dir=\"ltr\" data-animation=\"fadeInUp\">\n\t\t\t\t\t<div class=\"swiper-wrapper elementor-slides\">\n\t\t\t\t\t\t\t\t\t\t\t\t<div class=\"elementor-repeater-item-301adab swiper-slide\"><div class=\"swiper-slide-bg\" role=\"img\"><\/div><div class=\"swiper-slide-inner\" ><div class=\"swiper-slide-contents\"><\/div><\/div><\/div>\t\t\t\t\t<\/div>\n\t\t\t\t\t\t\t\t\t<\/div>\n\t\t\t<\/div>\n\t\t\t\t\t\t\t<\/div>\n\t\t\t\t<\/div>\n\t\t\t\t\t<\/div>\n\t\t<\/div>\n\t\t\t\t\t<\/div>\n\t\t<\/section>\n\t\t\t\t<\/div>\n\t\t\t\t<\/div>\n\t\t\t\t\t\t<\/div>\n\t\t\t\t<\/div>\n\t\t\t\t\t<\/div>\n\t\t<\/div>\n\t\t\t\t\t<\/div>\n\t\t<\/section>\n\t\t\t\t<section class=\"elementor-section elementor-top-section elementor-element elementor-element-f32fdb1 elementor-section-boxed elementor-section-height-default elementor-section-height-default\" data-id=\"f32fdb1\" data-element_type=\"section\" data-e-type=\"section\">\n\t\t\t\t\t\t<div class=\"elementor-container elementor-column-gap-no\">\n\t\t\t\t\t<div class=\"elementor-column elementor-col-50 elementor-top-column elementor-element elementor-element-4f17cce animated-fast elementor-invisible\" data-id=\"4f17cce\" data-element_type=\"column\" data-e-type=\"column\" data-settings=\"{&quot;background_background&quot;:&quot;classic&quot;,&quot;animation&quot;:&quot;fadeIn&quot;,&quot;animation_tablet&quot;:&quot;none&quot;,&quot;animation_mobile&quot;:&quot;none&quot;,&quot;animation_delay&quot;:100}\">\n\t\t\t<div class=\"elementor-widget-wrap elementor-element-populated\">\n\t\t\t\t\t\t<div class=\"elementor-element elementor-element-4e976be elementor-widget elementor-widget-heading\" data-id=\"4e976be\" data-element_type=\"widget\" data-e-type=\"widget\" data-widget_type=\"heading.default\">\n\t\t\t\t<div class=\"elementor-widget-container\">\n\t\t\t\t\t<h1 class=\"elementor-heading-title elementor-size-default\">Teachers<\/h1>\t\t\t\t<\/div>\n\t\t\t\t<\/div>\n\t\t\t\t\t<\/div>\n\t\t<\/div>\n\t\t\t\t<div class=\"elementor-column elementor-col-50 elementor-top-column elementor-element elementor-element-c9774dd elementor-hidden-desktop elementor-hidden-tablet elementor-hidden-phone\" data-id=\"c9774dd\" data-element_type=\"column\" data-e-type=\"column\">\n\t\t\t<div class=\"elementor-widget-wrap\">\n\t\t\t\t\t\t\t<\/div>\n\t\t<\/div>\n\t\t\t\t\t<\/div>\n\t\t<\/section>\n\t\t\t\t<section class=\"elementor-section elementor-top-section elementor-element elementor-element-2137817 elementor-section-boxed elementor-section-height-default elementor-section-height-default\" data-id=\"2137817\" data-element_type=\"section\" data-e-type=\"section\">\n\t\t\t\t\t\t<div class=\"elementor-container elementor-column-gap-default\">\n\t\t\t\t\t<div class=\"elementor-column elementor-col-100 elementor-top-column elementor-element elementor-element-4591ede\" data-id=\"4591ede\" data-element_type=\"column\" data-e-type=\"column\">\n\t\t\t<div class=\"elementor-widget-wrap elementor-element-populated\">\n\t\t\t\t\t\t<div class=\"elementor-element elementor-element-db8ec28 elementor-widget elementor-widget-text-editor\" data-id=\"db8ec28\" data-element_type=\"widget\" data-e-type=\"widget\" data-widget_type=\"text-editor.default\">\n\t\t\t\t<div class=\"elementor-widget-container\">\n\t\t\t\t\t\t\t\t\t<p><strong>DEPARTAMENTUL DE DREPT PUBLIC \u0218I DREPT PRIVAT<\/strong><\/p><p><strong>CADRE DIDACTICE TITULARE<\/strong><\/p><p>1. Conf. univ. drd. Dr\u0103ghici Cristian \u2013 Drept procesual civil (1), Drept procesual civil (2), Drept comercial (1), Drept comercial (2), Drept financiar \u0219i fiscal (1), Drept financiar \u0219i fiscal (2), Procedura insolventei<\/p><p>2. Conf.univ.dr. Voinea Dan \u2013 Drept procesual penal (1), Drept procesual penal (2), Criminalistica, Victimologie<\/p><p>5. Conf.univ.dr. Ciongaru Emilian \u2013 Drept administrativ (1), Drept administrativ (2), Drept civil. Teoria generala si actul juridic<\/p><p>6. Lect.univ.dr. Ionescu Remus Gheorghe \u2013Dreptul mediului, Infractiuni prevazute in legi speciale, Drept penal aprofundat<\/p><p>7. Lect.univ.dr. R\u0103ducan Morega Diana Elena \u2013 Institutii si politici ale Uniunii Europene, Criminologia , Criminalistic\u0103, Protec\u021bia interna\u021bional\u0103 a drepturilor omului. Jurispruden\u021ba Cur\u021bii Europene a Drepturilor Omului<\/p><p>8. Lect.univ.dr. Morega Romulus \u2013 Drept penal. Partea generala (1), Drept penal . Parte generala (2), Drept penal. Partea special\u0103 (1), Drept penal. Partea special\u0103 (2)<\/p><p>9. Lect.univ.dr. Pop Mihaela \u2013Drept international privat; Dreptul Uniunii Europene; Drept civil. Persoanele, Drept financiar si fiscal (1)<\/p><p>10. Lect.univ.dr. Deaconu Dasc\u0103lu Diana Nicoleta \u2013Teoria general\u0103 a dreptului (1), Teoria general\u0103 a dreptului (2), Drept civil. Teoria generala si actul juridic. Drept financiar si fiscal (1) Drept financiar si fiscal (2)<\/p><p>11. Lect.univ.dr. Malaescu Ioana \u2013Drept penal. Partea generala (1), Drept penal. Parte generala (2), Cooperare judiciara europeana, Drept financiar si fiscal (2)<\/p><p>12. Asistent univ. drd. Eftenoiu Antonius\u2013 Drept civil. Drepturile reale, Dreptul interna\u021bional public (1), Procedura contraven\u021bional\u0103, Dreptul interna\u021bional public (2), Teoria generala a dreptului (1)<\/p><p>13. Asistent drd. Ionescu Andrei\u2013 Dreptul muncii si securitatii sociale (1) si (2) Drept civil. Drepturi reale, Drept procesual civil(2)<\/p><p>14. Asistent drd. Dodescu Nadia \u2013 Drept procesual penal (1) , Drept procesual penal (2), Drept penal. Partea special\u0103 (1), Drept penal. Partea special\u0103 (2), Drept civil. Teoria obligatiilor, Dreptul interna\u0163ional \u015fi european al muncii.<\/p><p>\u00a0<\/p><p><strong>CADRE DIDACTICE ASOCIATE<\/strong><\/p><p>1. Conf. Univ. Dr. Meri\u0219escu Anica, Drept civil. Contracte speciale, Drept civil. Succesiuni, Drept procesual civil (2)<\/p><p>2. Spec. dr. Teodorescu Michaela Sociologie Juridica<\/p><p>3. Conf. univ. dr. Tutunaru Mircea \u2013 Drept constitu\u0163ional (1), Drept constitu\u0163ional (2), Istoria statului \u015fi dreptului rom\u00e2nesc, Drept roman (1), Drept roman (2)<\/p><p>4. Conf.univ.dr. P\u0103ducel Ion \u2013 Dreptul muncii \u015fi securit\u0103\u0163ii sociale (1), Dreptul muncii \u015fi securit\u0103\u0163ii sociale (2), Dreptul international public (1), Dreptul international public (2), Dreptul transporturilor, Dreptul interna\u0163ional \u015fi european al muncii, Dreptul proprietatii intelectuale<\/p><p>5. Conf.univ.dr. Miru\u021b\u0103 Gheorghe \u2013 Drept civil. Teoria general\u0103 a obliga\u0163iilor, Dreptul familiei, Drept civil. Drepturile reale, Procedura contraven\u021bional\u0103<\/p><p>\u00a0<\/p><p><strong>DEPARTAMENTUL CONTABILITATE SI INFORMATICA DE GESTIUNE<\/strong><br \/><strong>CADRE DIDACTICE TITULARE<\/strong><\/p><p>1. Conf.univ.dr. Achim Marian Lucian \u2013 Asigur\u0103ri \u0219i reasigur\u0103ri, Marketing, Economie, Practica de specialitate<br \/>2. Conf.univ.dr. Neamtu Ion \u2013 Etic\u0103 \u0219i integritate academic\u0103, Ecologie \u0219i protec\u021bia mediului, Practica de specialitate<br \/>3. Lect.univ.dr. Matei \u2013 Cern\u0103ianu Alice \u2013 Dalina \u2013 Analiz\u0103 economico-financiar\u0103, Statistic\u0103, Evaluarea \u00eentreprinderii, Matematic\u0103 aplicat\u0103 \u00een economie, Diagnostic financiar-contabil<br \/>4. Lect.univ.dr. Steg\u0103roiu Valentin \u2013 Microeconomie, Macroeconomie, Rela\u021bii economice interna\u021bionale, Economie european\u0103<br \/>5. Lect.univ.dr. Corici Marian C\u0103t\u0103lin \u2013 Contabilitatea institu\u021biilor de credit, Finan\u021be, Economie monetar\u0103, Convergen\u021be financiare, Contabilitatea \u00een mediul de afaceri, Pre\u021burile de transfer<br \/>6. Lect.univ.dr. Ana Maria M\u0103l\u0103escu \u2013 Expertiz\u0103 contabil\u0103 \u0219i consultan\u021b\u0103 fiscal\u0103, Fiscalitate, Doctrina \u0219i deontologia profesiei contabile, Doctrina profesiei contabile \u0219i expertiza contabil\u0103, Statistica<\/p><p>CADRE DIDACTICE ASOCIATE<\/p><p>1.Conf.univ.dr. Ciumag Marin \u2013 Contabilitate financiar\u0103 I, Contabilitate financiar\u0103 II, Contabilitate public\u0103, Contabilitate<br \/>2. Conf.univ.dr. V\u0103tuiu Teodora \u2013 Informatica, Baze de date, Sisteme informatice de gestiune, Programarea calculatoarelor, Solu\u021bii software pentru afaceri<br \/>3. Conf.univ.dr. Popeang\u0103 Gabriel \u2013 Fiscalitate, Management, Managementul afacerilor, Politica fiscal\u0103, Convergen\u021be financiare<br \/>4. Lect.univ.dr. Iana Traian \u2013 Audit intern, , Sisteme \u0219i raport\u0103ri financiare, Managementul performan\u021bei, Evaziunea fiscal\u0103.<br \/>5. Lect.univ.dr. Catrina Ioana \u2013 Etica \u00een afaceri, Drept, Control de gestiune, Contabilitate de gestiune, Controlling<br \/>6. Conf.univ.dr.Troac\u0103 Victor- Contabilitatea institu\u021biilor publice \u0219i de credit<\/p>\t\t\t\t\t\t\t\t<\/div>\n\t\t\t\t<\/div>\n\t\t\t\t\t<\/div>\n\t\t<\/div>\n\t\t\t\t\t<\/div>\n\t\t<\/section>\n\t\t\t\t<section class=\"elementor-section elementor-top-section elementor-element elementor-element-7888682 elementor-section-boxed elementor-section-height-default elementor-section-height-default\" data-id=\"7888682\" data-element_type=\"section\" data-e-type=\"section\">\n\t\t\t\t\t\t<div class=\"elementor-container elementor-column-gap-default\">\n\t\t\t\t\t<div class=\"elementor-column elementor-col-100 elementor-top-column elementor-element elementor-element-ea57c13\" data-id=\"ea57c13\" data-element_type=\"column\" data-e-type=\"column\">\n\t\t\t<div class=\"elementor-widget-wrap elementor-element-populated\">\n\t\t\t\t\t\t<div class=\"elementor-element elementor-element-9f7eba1 elementor-widget elementor-widget-spacer\" data-id=\"9f7eba1\" data-element_type=\"widget\" data-e-type=\"widget\" data-widget_type=\"spacer.default\">\n\t\t\t\t<div class=\"elementor-widget-container\">\n\t\t\t\t\t\t\t<div class=\"elementor-spacer\">\n\t\t\t<div class=\"elementor-spacer-inner\"><\/div>\n\t\t<\/div>\n\t\t\t\t\t\t<\/div>\n\t\t\t\t<\/div>\n\t\t\t\t\t<\/div>\n\t\t<\/div>\n\t\t\t\t\t<\/div>\n\t\t<\/section>\n\t\t\t\t<\/div>","protected":false},"excerpt":{"rendered":"<p>Cadre didactice DEPARTAMENTUL DE DREPT PUBLIC \u0218I DREPT PRIVAT CADRE DIDACTICE TITULARE 1. Conf. univ. drd. Dr\u0103ghici Cristian \u2013 Drept procesual civil (1), Drept procesual civil (2), Drept comercial (1), Drept comercial (2), Drept financiar \u0219i fiscal (1), Drept financiar \u0219i fiscal (2), Procedura insolventei 2. Conf.univ.dr. Voinea Dan \u2013 Drept procesual penal (1), Drept&#8230;<\/p>","protected":false},"author":1,"featured_media":0,"parent":25002,"menu_order":0,"comment_status":"closed","ping_status":"closed","template":"","meta":{"footnotes":""},"class_list":["post-36967","page","type-page","status-publish","hentry"],"_links":{"self":[{"href":"https:\/\/site.utm.ro\/en\/wp-json\/wp\/v2\/pages\/36967","targetHints":{"allow":["GET"]}}],"collection":[{"href":"https:\/\/site.utm.ro\/en\/wp-json\/wp\/v2\/pages"}],"about":[{"href":"https:\/\/site.utm.ro\/en\/wp-json\/wp\/v2\/types\/page"}],"author":[{"embeddable":true,"href":"https:\/\/site.utm.ro\/en\/wp-json\/wp\/v2\/users\/1"}],"replies":[{"embeddable":true,"href":"https:\/\/site.utm.ro\/en\/wp-json\/wp\/v2\/comments?post=36967"}],"version-history":[{"count":0,"href":"https:\/\/site.utm.ro\/en\/wp-json\/wp\/v2\/pages\/36967\/revisions"}],"up":[{"embeddable":true,"href":"https:\/\/site.utm.ro\/en\/wp-json\/wp\/v2\/pages\/25002"}],"wp:attachment":[{"href":"https:\/\/site.utm.ro\/en\/wp-json\/wp\/v2\/media?parent=36967"}],"curies":[{"name":"wp","href":"https:\/\/api.w.org\/{rel}","templated":true}]}}