{"id":36952,"date":"2026-03-17T11:11:12","date_gmt":"2026-03-17T11:11:12","guid":{"rendered":"https:\/\/site.utm.ro\/?page_id=36952"},"modified":"2026-03-23T12:21:14","modified_gmt":"2026-03-23T12:21:14","slug":"news","status":"publish","type":"page","link":"https:\/\/site.utm.ro\/en\/facultatea-de-drept-si-stiinte-economice-tg-jiu\/noutati\/","title":{"rendered":"FDSE &#8211; Nout\u0103\u021bi"},"content":{"rendered":"<div data-elementor-type=\"wp-page\" data-elementor-id=\"36952\" class=\"elementor elementor-36952\" data-elementor-post-type=\"page\">\n\t\t\t\t\t\t<section class=\"elementor-section elementor-top-section elementor-element elementor-element-498057e elementor-section-full_width elementor-section-height-default elementor-section-height-default\" data-id=\"498057e\" data-element_type=\"section\" data-e-type=\"section\">\n\t\t\t\t\t\t<div class=\"elementor-container elementor-column-gap-default\">\n\t\t\t\t\t<div class=\"elementor-column elementor-col-100 elementor-top-column elementor-element elementor-element-b95d938\" data-id=\"b95d938\" data-element_type=\"column\" data-e-type=\"column\">\n\t\t\t<div class=\"elementor-widget-wrap elementor-element-populated\">\n\t\t\t\t\t\t<div class=\"elementor-element elementor-element-b41c4a8 elementor-widget elementor-widget-template\" data-id=\"b41c4a8\" data-element_type=\"widget\" data-e-type=\"widget\" data-widget_type=\"template.default\">\n\t\t\t\t<div class=\"elementor-widget-container\">\n\t\t\t\t\t\t\t<div class=\"elementor-template\">\n\t\t\t\t\t<div data-elementor-type=\"section\" data-elementor-id=\"36917\" class=\"elementor elementor-36917\" data-elementor-post-type=\"elementor_library\">\n\t\t\t\t\t<section class=\"elementor-section elementor-top-section elementor-element elementor-element-30b361f4 elementor-section-full_width elementor-section-height-default elementor-section-height-default\" data-id=\"30b361f4\" data-element_type=\"section\" data-e-type=\"section\">\n\t\t\t\t\t\t<div class=\"elementor-container elementor-column-gap-default\">\n\t\t\t\t\t<div class=\"elementor-column elementor-col-100 elementor-top-column elementor-element elementor-element-170f6fff\" data-id=\"170f6fff\" data-element_type=\"column\" data-e-type=\"column\">\n\t\t\t<div class=\"elementor-widget-wrap elementor-element-populated\">\n\t\t\t\t\t\t<div class=\"elementor-element elementor-element-224e85d9 elementor--h-position-center elementor--v-position-middle elementor-pagination-position-inside elementor-widget elementor-widget-slides\" data-id=\"224e85d9\" data-element_type=\"widget\" data-e-type=\"widget\" data-settings=\"{&quot;navigation&quot;:&quot;dots&quot;,&quot;autoplay&quot;:&quot;yes&quot;,&quot;pause_on_hover&quot;:&quot;yes&quot;,&quot;pause_on_interaction&quot;:&quot;yes&quot;,&quot;autoplay_speed&quot;:5000,&quot;infinite&quot;:&quot;yes&quot;,&quot;transition&quot;:&quot;slide&quot;,&quot;transition_speed&quot;:500}\" data-widget_type=\"slides.default\">\n\t\t\t\t<div class=\"elementor-widget-container\">\n\t\t\t\t\t\t\t\t<div class=\"elementor-swiper\">\n\t\t\t\t<div class=\"elementor-slides-wrapper elementor-main-swiper swiper-container\" dir=\"ltr\" data-animation=\"fadeInUp\">\n\t\t\t\t\t<div class=\"swiper-wrapper elementor-slides\">\n\t\t\t\t\t\t\t\t\t\t\t\t<div class=\"elementor-repeater-item-301adab swiper-slide\"><div class=\"swiper-slide-bg\" role=\"img\"><\/div><div class=\"swiper-slide-inner\" ><div class=\"swiper-slide-contents\"><\/div><\/div><\/div>\t\t\t\t\t<\/div>\n\t\t\t\t\t\t\t\t\t<\/div>\n\t\t\t<\/div>\n\t\t\t\t\t\t\t<\/div>\n\t\t\t\t<\/div>\n\t\t\t\t\t<\/div>\n\t\t<\/div>\n\t\t\t\t\t<\/div>\n\t\t<\/section>\n\t\t\t\t<\/div>\n\t\t\t\t<\/div>\n\t\t\t\t\t\t<\/div>\n\t\t\t\t<\/div>\n\t\t\t\t\t<\/div>\n\t\t<\/div>\n\t\t\t\t\t<\/div>\n\t\t<\/section>\n\t\t\t\t<section class=\"elementor-section elementor-top-section elementor-element elementor-element-f32fdb1 elementor-section-boxed elementor-section-height-default elementor-section-height-default\" data-id=\"f32fdb1\" data-element_type=\"section\" data-e-type=\"section\">\n\t\t\t\t\t\t<div class=\"elementor-container elementor-column-gap-no\">\n\t\t\t\t\t<div class=\"elementor-column elementor-col-50 elementor-top-column elementor-element elementor-element-4f17cce animated-fast elementor-invisible\" data-id=\"4f17cce\" data-element_type=\"column\" data-e-type=\"column\" data-settings=\"{&quot;background_background&quot;:&quot;classic&quot;,&quot;animation&quot;:&quot;fadeIn&quot;,&quot;animation_tablet&quot;:&quot;none&quot;,&quot;animation_mobile&quot;:&quot;none&quot;,&quot;animation_delay&quot;:100}\">\n\t\t\t<div class=\"elementor-widget-wrap elementor-element-populated\">\n\t\t\t\t\t\t<div class=\"elementor-element elementor-element-4e976be elementor-widget elementor-widget-heading\" data-id=\"4e976be\" data-element_type=\"widget\" data-e-type=\"widget\" data-widget_type=\"heading.default\">\n\t\t\t\t<div class=\"elementor-widget-container\">\n\t\t\t\t\t<h1 class=\"elementor-heading-title elementor-size-default\">News<\/h1>\t\t\t\t<\/div>\n\t\t\t\t<\/div>\n\t\t\t\t\t<\/div>\n\t\t<\/div>\n\t\t\t\t<div class=\"elementor-column elementor-col-50 elementor-top-column elementor-element elementor-element-c9774dd elementor-hidden-desktop elementor-hidden-tablet elementor-hidden-phone\" data-id=\"c9774dd\" data-element_type=\"column\" data-e-type=\"column\">\n\t\t\t<div class=\"elementor-widget-wrap\">\n\t\t\t\t\t\t\t<\/div>\n\t\t<\/div>\n\t\t\t\t\t<\/div>\n\t\t<\/section>\n\t\t\t\t<section class=\"elementor-section elementor-top-section elementor-element elementor-element-f2269f4 elementor-section-boxed elementor-section-height-default elementor-section-height-default\" data-id=\"f2269f4\" data-element_type=\"section\" data-e-type=\"section\">\n\t\t\t\t\t\t<div class=\"elementor-container elementor-column-gap-no\">\n\t\t\t\t\t<div class=\"elementor-column elementor-col-100 elementor-top-column elementor-element elementor-element-9c3fdc1\" data-id=\"9c3fdc1\" data-element_type=\"column\" data-e-type=\"column\">\n\t\t\t<div class=\"elementor-widget-wrap elementor-element-populated\">\n\t\t\t\t\t\t<div class=\"elementor-element elementor-element-38e72aa animated-fast elementor-grid-3 elementor-grid-tablet-2 elementor-grid-mobile-1 elementor-posts--thumbnail-top load-more-align-center elementor-invisible elementor-widget elementor-widget-posts\" data-id=\"38e72aa\" data-element_type=\"widget\" data-e-type=\"widget\" data-settings=\"{&quot;classic_row_gap&quot;:{&quot;unit&quot;:&quot;px&quot;,&quot;size&quot;:60,&quot;sizes&quot;:[]},&quot;_animation&quot;:&quot;fadeIn&quot;,&quot;classic_row_gap_mobile&quot;:{&quot;unit&quot;:&quot;px&quot;,&quot;size&quot;:50,&quot;sizes&quot;:[]},&quot;pagination_type&quot;:&quot;load_more_on_click&quot;,&quot;classic_columns&quot;:&quot;3&quot;,&quot;classic_columns_tablet&quot;:&quot;2&quot;,&quot;classic_columns_mobile&quot;:&quot;1&quot;,&quot;classic_row_gap_tablet&quot;:{&quot;unit&quot;:&quot;px&quot;,&quot;size&quot;:&quot;&quot;,&quot;sizes&quot;:[]},&quot;load_more_spinner&quot;:{&quot;value&quot;:&quot;fas fa-spinner&quot;,&quot;library&quot;:&quot;fa-solid&quot;}}\" data-widget_type=\"posts.classic\">\n\t\t\t\t<div class=\"elementor-widget-container\">\n\t\t\t\t\t\t\t<div class=\"elementor-posts-container elementor-posts elementor-posts--skin-classic elementor-grid\" role=\"list\">\n\t\t\t\t<article class=\"elementor-post elementor-grid-item post-37758 post type-post status-publish format-standard has-post-thumbnail hentry category-comunicate-de-presa category-ro category-targu-jiu-drept-si-cig category-tg-jiu-asistenta\" role=\"listitem\">\n\t\t\t\t<a class=\"elementor-post__thumbnail__link\" href=\"https:\/\/site.utm.ro\/en\/la-ceas-festiv-utm-35-in-orasul-lui-brancusi-facultatea-de-drept-si-stiinte-economice-targu-jiu-si-facultatea-de-asistenta-medicala-targu-jiu\/\" tabindex=\"-1\">\n\t\t\t<div class=\"elementor-post__thumbnail\"><img fetchpriority=\"high\" decoding=\"async\" width=\"1080\" height=\"1080\" src=\"https:\/\/site.utm.ro\/wp-content\/uploads\/2025\/04\/tg-jiu-festivitate.png\" class=\"attachment-full size-full wp-image-37759\" alt=\"\" srcset=\"https:\/\/site.utm.ro\/wp-content\/uploads\/2025\/04\/tg-jiu-festivitate.png 1080w, https:\/\/site.utm.ro\/wp-content\/uploads\/2025\/04\/tg-jiu-festivitate-300x300.png 300w, https:\/\/site.utm.ro\/wp-content\/uploads\/2025\/04\/tg-jiu-festivitate-1024x1024.png 1024w, https:\/\/site.utm.ro\/wp-content\/uploads\/2025\/04\/tg-jiu-festivitate-150x150.png 150w, https:\/\/site.utm.ro\/wp-content\/uploads\/2025\/04\/tg-jiu-festivitate-768x768.png 768w, https:\/\/site.utm.ro\/wp-content\/uploads\/2025\/04\/tg-jiu-festivitate-12x12.png 12w, https:\/\/site.utm.ro\/wp-content\/uploads\/2025\/04\/tg-jiu-festivitate-840x840.png 840w, https:\/\/site.utm.ro\/wp-content\/uploads\/2025\/04\/tg-jiu-festivitate-420x420.png 420w, https:\/\/site.utm.ro\/wp-content\/uploads\/2025\/04\/tg-jiu-festivitate-630x630.png 630w, https:\/\/site.utm.ro\/wp-content\/uploads\/2025\/04\/tg-jiu-festivitate-315x315.png 315w\" sizes=\"(max-width: 1080px) 100vw, 1080px\" \/><\/div>\n\t\t<\/a>\n\t\t\t\t<div class=\"elementor-post__text\">\n\t\t\t\t<h4 class=\"elementor-post__title\">\n\t\t\t<a href=\"https:\/\/site.utm.ro\/en\/la-ceas-festiv-utm-35-in-orasul-lui-brancusi-facultatea-de-drept-si-stiinte-economice-targu-jiu-si-facultatea-de-asistenta-medicala-targu-jiu\/\">\n\t\t\t\tLa ceas festiv, UTM 35 \u00een ora\u0219ul lui Br\u00e2ncu\u0219i: Facultatea de Drept \u0219i \u0218tiin\u021be Economice T\u00e2rgu Jiu \u0219i Facultatea de Asisten\u021b\u0103 Medical\u0103 T\u00e2rgu Jiu\t\t\t<\/a>\n\t\t<\/h4>\n\t\t\t\t<div class=\"elementor-post__meta-data\">\n\t\t\t\t\t<span class=\"elementor-post-date\">\n\t\t\t10 April 2025\t\t<\/span>\n\t\t\t\t<\/div>\n\t\t\t\t<div class=\"elementor-post__excerpt\">\n\t\t\t<p>La ceas festiv, Facultatea de Drept \u0219i \u0218tiin\u021be Economice T\u00e2rgu Jiu \u0219i Facultatea de Asisten\u021b\u0103 Medical\u0103 T\u00e2rgu Jiu din cadrul Universit\u0103\u021bii \u201eTitu Maiorescu\u201d din Bucure\u0219ti<\/p>\n\t\t<\/div>\n\t\t\n\t\t<a class=\"elementor-post__read-more\" href=\"https:\/\/site.utm.ro\/en\/la-ceas-festiv-utm-35-in-orasul-lui-brancusi-facultatea-de-drept-si-stiinte-economice-targu-jiu-si-facultatea-de-asistenta-medicala-targu-jiu\/\" aria-label=\"Read more about La ceas festiv, UTM 35 \u00een ora\u0219ul lui Br\u00e2ncu\u0219i: Facultatea de Drept \u0219i \u0218tiin\u021be Economice T\u00e2rgu Jiu \u0219i Facultatea de Asisten\u021b\u0103 Medical\u0103 T\u00e2rgu Jiu\" tabindex=\"-1\">\n\t\t\t\t\t<\/a>\n\n\t\t\t\t<\/div>\n\t\t\t\t<\/article>\n\t\t\t\t<article class=\"elementor-post elementor-grid-item post-37950 post type-post status-publish format-standard has-post-thumbnail hentry category-ro category-stiri-evenimente category-targu-jiu-drept-si-cig\" role=\"listitem\">\n\t\t\t\t<a class=\"elementor-post__thumbnail__link\" href=\"https:\/\/site.utm.ro\/en\/workshop-mindset-ul-absolventului-de-studii-superioare\/\" tabindex=\"-1\">\n\t\t\t<div class=\"elementor-post__thumbnail\"><img decoding=\"async\" width=\"1620\" height=\"1620\" src=\"https:\/\/site.utm.ro\/wp-content\/uploads\/2023\/05\/tg-jiu.jpeg\" class=\"attachment-full size-full wp-image-37951\" alt=\"\" srcset=\"https:\/\/site.utm.ro\/wp-content\/uploads\/2023\/05\/tg-jiu.jpeg 1620w, https:\/\/site.utm.ro\/wp-content\/uploads\/2023\/05\/tg-jiu-300x300.jpeg 300w, https:\/\/site.utm.ro\/wp-content\/uploads\/2023\/05\/tg-jiu-1024x1024.jpeg 1024w, https:\/\/site.utm.ro\/wp-content\/uploads\/2023\/05\/tg-jiu-150x150.jpeg 150w, https:\/\/site.utm.ro\/wp-content\/uploads\/2023\/05\/tg-jiu-768x768.jpeg 768w, https:\/\/site.utm.ro\/wp-content\/uploads\/2023\/05\/tg-jiu-1536x1536.jpeg 1536w, https:\/\/site.utm.ro\/wp-content\/uploads\/2023\/05\/tg-jiu-12x12.jpeg 12w, https:\/\/site.utm.ro\/wp-content\/uploads\/2023\/05\/tg-jiu-840x840.jpeg 840w, https:\/\/site.utm.ro\/wp-content\/uploads\/2023\/05\/tg-jiu-1260x1260.jpeg 1260w, https:\/\/site.utm.ro\/wp-content\/uploads\/2023\/05\/tg-jiu-420x420.jpeg 420w, https:\/\/site.utm.ro\/wp-content\/uploads\/2023\/05\/tg-jiu-630x630.jpeg 630w, https:\/\/site.utm.ro\/wp-content\/uploads\/2023\/05\/tg-jiu-315x315.jpeg 315w\" sizes=\"(max-width: 1620px) 100vw, 1620px\" \/><\/div>\n\t\t<\/a>\n\t\t\t\t<div class=\"elementor-post__text\">\n\t\t\t\t<h4 class=\"elementor-post__title\">\n\t\t\t<a href=\"https:\/\/site.utm.ro\/en\/workshop-mindset-ul-absolventului-de-studii-superioare\/\">\n\t\t\t\tWorkshop \u2013 The Graduate Mindset\t\t\t<\/a>\n\t\t<\/h4>\n\t\t\t\t<div class=\"elementor-post__meta-data\">\n\t\t\t\t\t<span class=\"elementor-post-date\">\n\t\t\t18 May 2023\t\t<\/span>\n\t\t\t\t<\/div>\n\t\t\t\t<div class=\"elementor-post__excerpt\">\n\t\t\t<p>\u00a0 Workshop \u2013 Mindset-ul absolventului de studii superioare \u00a0 \u00a0 Pe data de 24.05.2023 la ora 15:00, Facultatea de Drept \u0219i \u0218tiin\u021be Economice din cadrul<\/p>\n\t\t<\/div>\n\t\t\n\t\t<a class=\"elementor-post__read-more\" href=\"https:\/\/site.utm.ro\/en\/workshop-mindset-ul-absolventului-de-studii-superioare\/\" aria-label=\"Read more about Workshop &#8211; Mindset-ul absolventului de studii superioare\" tabindex=\"-1\">\n\t\t\t\t\t<\/a>\n\n\t\t\t\t<\/div>\n\t\t\t\t<\/article>\n\t\t\t\t<article class=\"elementor-post elementor-grid-item post-38006 post type-post status-publish format-standard has-post-thumbnail hentry category-ro category-stiri-evenimente category-targu-jiu-drept-si-cig\" role=\"listitem\">\n\t\t\t\t<a class=\"elementor-post__thumbnail__link\" href=\"https:\/\/site.utm.ro\/en\/brancusi-mester-al-sculpturii-si-al-cuvintelor\/\" tabindex=\"-1\">\n\t\t\t<div class=\"elementor-post__thumbnail\"><img decoding=\"async\" width=\"873\" height=\"873\" src=\"https:\/\/site.utm.ro\/wp-content\/uploads\/2023\/02\/332431042_1137499383590429_7386504489648419087_n-min.jpg\" class=\"attachment-full size-full wp-image-38007\" alt=\"\" srcset=\"https:\/\/site.utm.ro\/wp-content\/uploads\/2023\/02\/332431042_1137499383590429_7386504489648419087_n-min.jpg 873w, https:\/\/site.utm.ro\/wp-content\/uploads\/2023\/02\/332431042_1137499383590429_7386504489648419087_n-min-300x300.jpg 300w, https:\/\/site.utm.ro\/wp-content\/uploads\/2023\/02\/332431042_1137499383590429_7386504489648419087_n-min-150x150.jpg 150w, https:\/\/site.utm.ro\/wp-content\/uploads\/2023\/02\/332431042_1137499383590429_7386504489648419087_n-min-768x768.jpg 768w, https:\/\/site.utm.ro\/wp-content\/uploads\/2023\/02\/332431042_1137499383590429_7386504489648419087_n-min-12x12.jpg 12w, https:\/\/site.utm.ro\/wp-content\/uploads\/2023\/02\/332431042_1137499383590429_7386504489648419087_n-min-840x840.jpg 840w, https:\/\/site.utm.ro\/wp-content\/uploads\/2023\/02\/332431042_1137499383590429_7386504489648419087_n-min-420x420.jpg 420w, https:\/\/site.utm.ro\/wp-content\/uploads\/2023\/02\/332431042_1137499383590429_7386504489648419087_n-min-630x630.jpg 630w, https:\/\/site.utm.ro\/wp-content\/uploads\/2023\/02\/332431042_1137499383590429_7386504489648419087_n-min-315x315.jpg 315w\" sizes=\"(max-width: 873px) 100vw, 873px\" \/><\/div>\n\t\t<\/a>\n\t\t\t\t<div class=\"elementor-post__text\">\n\t\t\t\t<h4 class=\"elementor-post__title\">\n\t\t\t<a href=\"https:\/\/site.utm.ro\/en\/brancusi-mester-al-sculpturii-si-al-cuvintelor\/\">\n\t\t\t\tBr\u00e2ncu\u0219i, me\u0219ter al sculpturii \u0219i al cuvintelor!\t\t\t<\/a>\n\t\t<\/h4>\n\t\t\t\t<div class=\"elementor-post__meta-data\">\n\t\t\t\t\t<span class=\"elementor-post-date\">\n\t\t\t23 February 2023\t\t<\/span>\n\t\t\t\t<\/div>\n\t\t\t\t<div class=\"elementor-post__excerpt\">\n\t\t\t<p>\u00a0 \u00a0 \u201eBr\u00e2ncu\u0219i, me\u0219ter al sculpturii \u0219i al cuvintelor\u201d, eveniment organizat de Facultatea de Drept \u0219i \u0218tiinte Economice Tg Jiu din cadrul Universit\u0103\u021bii Titu Maiorescu,<\/p>\n\t\t<\/div>\n\t\t\n\t\t<a class=\"elementor-post__read-more\" href=\"https:\/\/site.utm.ro\/en\/brancusi-mester-al-sculpturii-si-al-cuvintelor\/\" aria-label=\"Read more about Br\u00e2ncu\u0219i, me\u0219ter al sculpturii \u0219i al cuvintelor!\" tabindex=\"-1\">\n\t\t\t\t\t<\/a>\n\n\t\t\t\t<\/div>\n\t\t\t\t<\/article>\n\t\t\t\t<\/div>\n\t\t\t\t\t<span class=\"e-load-more-spinner\">\n\t\t\t\t<i aria-hidden=\"true\" class=\"fas fa-spinner\"><\/i>\t\t\t<\/span>\n\t\t\n\t\t\t\t\t\t<\/div>\n\t\t\t\t<\/div>\n\t\t\t\t\t<\/div>\n\t\t<\/div>\n\t\t\t\t\t<\/div>\n\t\t<\/section>\n\t\t\t\t<section class=\"elementor-section elementor-top-section elementor-element elementor-element-2137817 elementor-section-boxed elementor-section-height-default elementor-section-height-default\" data-id=\"2137817\" data-element_type=\"section\" data-e-type=\"section\">\n\t\t\t\t\t\t<div class=\"elementor-container elementor-column-gap-default\">\n\t\t\t\t\t<div class=\"elementor-column elementor-col-100 elementor-top-column elementor-element elementor-element-4591ede\" data-id=\"4591ede\" data-element_type=\"column\" data-e-type=\"column\">\n\t\t\t<div class=\"elementor-widget-wrap elementor-element-populated\">\n\t\t\t\t\t\t\t<\/div>\n\t\t<\/div>\n\t\t\t\t\t<\/div>\n\t\t<\/section>\n\t\t\t\t<section class=\"elementor-section elementor-top-section elementor-element elementor-element-7888682 elementor-section-boxed elementor-section-height-default elementor-section-height-default\" data-id=\"7888682\" data-element_type=\"section\" data-e-type=\"section\">\n\t\t\t\t\t\t<div class=\"elementor-container elementor-column-gap-default\">\n\t\t\t\t\t<div class=\"elementor-column elementor-col-100 elementor-top-column elementor-element elementor-element-ea57c13\" data-id=\"ea57c13\" data-element_type=\"column\" data-e-type=\"column\">\n\t\t\t<div class=\"elementor-widget-wrap elementor-element-populated\">\n\t\t\t\t\t\t<div class=\"elementor-element elementor-element-9f7eba1 elementor-widget elementor-widget-spacer\" data-id=\"9f7eba1\" data-element_type=\"widget\" data-e-type=\"widget\" data-widget_type=\"spacer.default\">\n\t\t\t\t<div class=\"elementor-widget-container\">\n\t\t\t\t\t\t\t<div class=\"elementor-spacer\">\n\t\t\t<div class=\"elementor-spacer-inner\"><\/div>\n\t\t<\/div>\n\t\t\t\t\t\t<\/div>\n\t\t\t\t<\/div>\n\t\t\t\t\t<\/div>\n\t\t<\/div>\n\t\t\t\t\t<\/div>\n\t\t<\/section>\n\t\t\t\t<\/div>","protected":false},"excerpt":{"rendered":"<p>News<\/p>","protected":false},"author":1,"featured_media":0,"parent":25002,"menu_order":0,"comment_status":"closed","ping_status":"closed","template":"","meta":{"footnotes":""},"class_list":["post-36952","page","type-page","status-publish","hentry"],"_links":{"self":[{"href":"https:\/\/site.utm.ro\/en\/wp-json\/wp\/v2\/pages\/36952","targetHints":{"allow":["GET"]}}],"collection":[{"href":"https:\/\/site.utm.ro\/en\/wp-json\/wp\/v2\/pages"}],"about":[{"href":"https:\/\/site.utm.ro\/en\/wp-json\/wp\/v2\/types\/page"}],"author":[{"embeddable":true,"href":"https:\/\/site.utm.ro\/en\/wp-json\/wp\/v2\/users\/1"}],"replies":[{"embeddable":true,"href":"https:\/\/site.utm.ro\/en\/wp-json\/wp\/v2\/comments?post=36952"}],"version-history":[{"count":0,"href":"https:\/\/site.utm.ro\/en\/wp-json\/wp\/v2\/pages\/36952\/revisions"}],"up":[{"embeddable":true,"href":"https:\/\/site.utm.ro\/en\/wp-json\/wp\/v2\/pages\/25002"}],"wp:attachment":[{"href":"https:\/\/site.utm.ro\/en\/wp-json\/wp\/v2\/media?parent=36952"}],"curies":[{"name":"wp","href":"https:\/\/api.w.org\/{rel}","templated":true}]}}