{"id":36773,"date":"2026-03-17T09:24:33","date_gmt":"2026-03-17T09:24:33","guid":{"rendered":"https:\/\/site.utm.ro\/?page_id=36773"},"modified":"2026-03-17T09:25:16","modified_gmt":"2026-03-17T09:25:16","slug":"tutoriat-si-practica-master","status":"publish","type":"page","link":"https:\/\/site.utm.ro\/en\/facultatea-de-stiinte-economice\/tutoriat-si-practica-master\/","title":{"rendered":"FSE &#8211; Tutoriat \u0219i practic\u0103 Master"},"content":{"rendered":"<div data-elementor-type=\"wp-page\" data-elementor-id=\"36773\" class=\"elementor elementor-36773\" data-elementor-post-type=\"page\">\n\t\t\t\t\t\t<section class=\"elementor-section elementor-top-section elementor-element elementor-element-ee152e6 elementor-section-full_width elementor-section-height-default elementor-section-height-default\" data-id=\"ee152e6\" data-element_type=\"section\" data-e-type=\"section\">\n\t\t\t\t\t\t<div class=\"elementor-container elementor-column-gap-default\">\n\t\t\t\t\t<div class=\"elementor-column elementor-col-100 elementor-top-column elementor-element elementor-element-ac5fdd7\" data-id=\"ac5fdd7\" data-element_type=\"column\" data-e-type=\"column\">\n\t\t\t<div class=\"elementor-widget-wrap elementor-element-populated\">\n\t\t\t\t\t\t<div class=\"elementor-element elementor-element-ff4d7d7 elementor-widget elementor-widget-template\" data-id=\"ff4d7d7\" data-element_type=\"widget\" data-e-type=\"widget\" data-widget_type=\"template.default\">\n\t\t\t\t<div class=\"elementor-widget-container\">\n\t\t\t\t\t\t\t<div class=\"elementor-template\">\n\t\t\t\t\t<div data-elementor-type=\"section\" data-elementor-id=\"36509\" class=\"elementor elementor-36509\" data-elementor-post-type=\"elementor_library\">\n\t\t\t\t\t<section class=\"elementor-section elementor-top-section elementor-element elementor-element-30b361f4 elementor-section-full_width elementor-section-height-default elementor-section-height-default\" data-id=\"30b361f4\" data-element_type=\"section\" data-e-type=\"section\">\n\t\t\t\t\t\t<div class=\"elementor-container elementor-column-gap-default\">\n\t\t\t\t\t<div class=\"elementor-column elementor-col-100 elementor-top-column elementor-element elementor-element-170f6fff\" data-id=\"170f6fff\" data-element_type=\"column\" data-e-type=\"column\">\n\t\t\t<div class=\"elementor-widget-wrap elementor-element-populated\">\n\t\t\t\t\t\t<div class=\"elementor-element elementor-element-224e85d9 elementor--h-position-center elementor--v-position-middle elementor-pagination-position-inside elementor-widget elementor-widget-slides\" data-id=\"224e85d9\" data-element_type=\"widget\" data-e-type=\"widget\" data-settings=\"{&quot;navigation&quot;:&quot;dots&quot;,&quot;autoplay&quot;:&quot;yes&quot;,&quot;pause_on_hover&quot;:&quot;yes&quot;,&quot;pause_on_interaction&quot;:&quot;yes&quot;,&quot;autoplay_speed&quot;:5000,&quot;infinite&quot;:&quot;yes&quot;,&quot;transition&quot;:&quot;slide&quot;,&quot;transition_speed&quot;:500}\" data-widget_type=\"slides.default\">\n\t\t\t\t<div class=\"elementor-widget-container\">\n\t\t\t\t\t\t\t\t<div class=\"elementor-swiper\">\n\t\t\t\t<div class=\"elementor-slides-wrapper elementor-main-swiper swiper-container\" dir=\"ltr\" data-animation=\"fadeInUp\">\n\t\t\t\t\t<div class=\"swiper-wrapper elementor-slides\">\n\t\t\t\t\t\t\t\t\t\t\t\t<div class=\"elementor-repeater-item-301adab swiper-slide\"><div class=\"swiper-slide-bg\" role=\"img\"><\/div><div class=\"swiper-slide-inner\" ><div class=\"swiper-slide-contents\"><\/div><\/div><\/div>\t\t\t\t\t<\/div>\n\t\t\t\t\t\t\t\t\t<\/div>\n\t\t\t<\/div>\n\t\t\t\t\t\t\t<\/div>\n\t\t\t\t<\/div>\n\t\t\t\t\t<\/div>\n\t\t<\/div>\n\t\t\t\t\t<\/div>\n\t\t<\/section>\n\t\t\t\t<\/div>\n\t\t\t\t<\/div>\n\t\t\t\t\t\t<\/div>\n\t\t\t\t<\/div>\n\t\t\t\t\t<\/div>\n\t\t<\/div>\n\t\t\t\t\t<\/div>\n\t\t<\/section>\n\t\t\t\t<section class=\"elementor-section elementor-top-section elementor-element elementor-element-a7cec70 elementor-section-boxed elementor-section-height-default elementor-section-height-default\" data-id=\"a7cec70\" data-element_type=\"section\" data-e-type=\"section\">\n\t\t\t\t\t\t<div class=\"elementor-container elementor-column-gap-no\">\n\t\t\t\t\t<div class=\"elementor-column elementor-col-50 elementor-top-column elementor-element elementor-element-21b872b animated-fast elementor-invisible\" data-id=\"21b872b\" data-element_type=\"column\" data-e-type=\"column\" data-settings=\"{&quot;background_background&quot;:&quot;classic&quot;,&quot;animation&quot;:&quot;fadeIn&quot;,&quot;animation_tablet&quot;:&quot;none&quot;,&quot;animation_mobile&quot;:&quot;none&quot;,&quot;animation_delay&quot;:100}\">\n\t\t\t<div class=\"elementor-widget-wrap elementor-element-populated\">\n\t\t\t\t\t\t<div class=\"elementor-element elementor-element-f904b8f elementor-widget elementor-widget-heading\" data-id=\"f904b8f\" data-element_type=\"widget\" data-e-type=\"widget\" data-widget_type=\"heading.default\">\n\t\t\t\t<div class=\"elementor-widget-container\">\n\t\t\t\t\t<h1 class=\"elementor-heading-title elementor-size-default\">Tutoriat \u0219i practic\u0103 Master<\/h1>\t\t\t\t<\/div>\n\t\t\t\t<\/div>\n\t\t\t\t\t<\/div>\n\t\t<\/div>\n\t\t\t\t<div class=\"elementor-column elementor-col-50 elementor-top-column elementor-element elementor-element-fa22a91 elementor-hidden-desktop elementor-hidden-tablet elementor-hidden-phone\" data-id=\"fa22a91\" data-element_type=\"column\" data-e-type=\"column\">\n\t\t\t<div class=\"elementor-widget-wrap\">\n\t\t\t\t\t\t\t<\/div>\n\t\t<\/div>\n\t\t\t\t\t<\/div>\n\t\t<\/section>\n\t\t\t\t<section class=\"elementor-section elementor-top-section elementor-element elementor-element-5a337ce elementor-section-boxed elementor-section-height-default elementor-section-height-default\" data-id=\"5a337ce\" data-element_type=\"section\" data-e-type=\"section\">\n\t\t\t\t\t\t<div class=\"elementor-container elementor-column-gap-default\">\n\t\t\t\t\t<div class=\"elementor-column elementor-col-100 elementor-top-column elementor-element elementor-element-95ebf9b\" data-id=\"95ebf9b\" data-element_type=\"column\" data-e-type=\"column\">\n\t\t\t<div class=\"elementor-widget-wrap elementor-element-populated\">\n\t\t\t\t\t\t<div class=\"elementor-element elementor-element-3c2b061 elementor-widget elementor-widget-text-editor\" data-id=\"3c2b061\" data-element_type=\"widget\" data-e-type=\"widget\" data-widget_type=\"text-editor.default\">\n\t\t\t\t<div class=\"elementor-widget-container\">\n\t\t\t\t\t\t\t\t\t<p><strong>Lista tutorilor de an pentru programe de studii universitare de masterat:<\/strong><\/p><ul><li class=\"first-child\">Anul I de studii (toate programele) \u2013 Lect.univ.dr. T\u0103nase Alin-Eliodor<\/li><li class=\"last-child\">Anul II de studii (toate programele) \u2013\u00a0Conf.univ.dr. V\u0103duva Florin<\/li><\/ul><div>\u00a0<\/div><hr \/><div>\u00a0<\/div><ul><li><strong><a href=\"\/wp-content\/uploads\/2026\/03\/conventie-cadru-practica-FSE-2025-2026.docx\">Conven\u021bie-cadru de practic\u0103<\/a><\/strong><\/li><li><strong><a href=\"\/wp-content\/uploads\/2026\/03\/ADEVERINTA-DE-PRACTICA.doc\">Adeverint\u0103 de practic\u0103<\/a><\/strong><\/li><li><strong><a href=\"\/wp-content\/uploads\/2026\/03\/CAIET-DE-PRACTICA.doc\">Caiet de practic\u0103<\/a><\/strong><\/li><\/ul><p><strong>\u00a0<\/strong><\/p><p><strong>OPORTUNIT\u0102\u021a<\/strong><strong>I PRACTIC\u0102 \u0218I INTERNSHIP 2025-2026<\/strong><\/p><p><strong><u>Pentru studen\u021bii si masteranzii cu CI din afara Bucure\u0219ti \u2013 Ilfov<\/u>\u00a0\u00a0oferim stagii de practic\u0103 pl\u0103tite la departamentele financiar-contabilitate, marketing, v\u00e2nz\u0103ri si IT + curs de antreprenoriat in cadrul proiectului\u00a0<\/strong>YOUNG WORK \u2013 stagii, formare profesional\u0103 \u0219i acces pe pia\u021ba muncii pentru studen\u021bi, cod proiect 316899, call nr.: PEO\/71\/PEO_P7\/ESO4.5\/PEO_A49<\/p><p>\u00censcrieri aici:\u00a0<a href=\"https:\/\/young-work.ro\/student-registration\/\" target=\"_blank\" rel=\"noopener\">https:\/\/young-work.ro\/student-registration\/<\/a><\/p><p>adresa de email\u00a0<strong>youngwork_eu@medichub.ro<\/strong><\/p><p><strong><u>Pentru studen\u021bii si masteranzii cu domiciliul in Bucure\u0219ti:<\/u><\/strong><\/p><ol><li>RomActiv Consulting (consultan\u021ba accesare fonduri europene), RomActiv Internship 2026 (stagii pl\u0103tite cu posibilitate de angajare)<\/li><\/ol><p>Email: \u00a0<strong>hr@romactiv.ro<\/strong><br \/>Subiect: \u201eInternship\u201d \u2013 Ata\u0219eaz\u0103 CV-ul + scrisoare de motiva\u021bie (max. 1 pagin\u0103)<\/p><ol start=\"2\"><li>ANAF, \u0218coala de Fiscalitate- Cerere individual\u0103 + Conven\u021bia-cadru completata trimise la\u00a0<strong>profesionala@anaf.ro<\/strong><\/li><li>BDO Romania, BDO Practice Program (consultanta financiar \u2013 contabila)<br \/>\u00censcrieri:\u00a0<a href=\"https:\/\/www.bdo.ro\/ro-ro\/cariere\/jobs\/bdo-practice-days\" target=\"_blank\" rel=\"noopener\">https:\/\/www.bdo.ro\/ro-ro\/cariere\/jobs\/bdo-practice-days<\/a><\/li><\/ol><p>sau trimi\u021b\u00e2nd CV-ul la\u00a0<a href=\"mailto:career@bdo.ro\"><strong>career@bdo.ro<\/strong><\/a><\/p><ol start=\"4\"><li>PwC Rom\u00e2nia (Fiscalitate, Audit, Consultanta)<\/li><\/ol><p>\u00censcrieri:\u00a0<a href=\"https:\/\/jobs-cee.pwc.com\/ce\/en\/job\/PWCECE708429WDEXTERNALENCE\/PwC-Students-Opportunity?utm_source=linkedin&amp;utm_medium=phenom-feeds\" target=\"_blank\" rel=\"noopener\">https:\/\/jobs-cee.pwc.com\/ce\/en\/job\/PWCECE708429WDEXTERNALENCE\/PwC-Students-Opportunity?utm_source=linkedin&amp;utm_medium=phenom-feeds<\/a><\/p><ol start=\"5\"><li>Deloitte RADC (Fiscalitate, Audit, Consultanta)<\/li><\/ol><p>\u00censcrieri:\u00a0<a href=\"https:\/\/delo.tt\/6185hyuE9?fbclid=IwZXh0bgNhZW0CMTAAYnJpZBExdFF0UFpGUzkybEZBbXpMWXNydGMGYXBwX2lkEDIyMjAzOTE3ODgyMDA4OTIAAR75td_YMhM3Gg5NWD6vB47WKWm19y-JR3jnVZRWIxM5RVmYhQrLCi-5sKiN3w_aem_u4MVTu5h09q5EPT2coIBUw\" target=\"_blank\" rel=\"noopener\"><strong>https:\/\/delo.tt\/6185hyuE9<\/strong><\/a><\/p><ol start=\"6\"><li>BUCHHALTUNG BILANZ AUDIT S.R.L. (CONTABILITATE SI FISCALITATE)<\/li><\/ol><p>Contact dna Iuliana Pana\u00a0<strong>+40 733 536 602 (Whatsapp)<\/strong><\/p><ol start=\"7\"><li><strong>Raiffeisen Bank Romania<\/strong><\/li><\/ol><p>Contact coordonator practica domeniul Finan\u021be,<strong>\u00a0dna lector dr. Oana Ionescu +40 723 246 906 (Whatsapp)<\/strong><\/p><ol start=\"8\"><li>BRD Romania: CV-ul \u0219i o scrisoare de inten\u021bie o pagina la adresa de email:\u00a0<a href=\"mailto:stagii@brd.ro\">stagii@brd.ro<\/a><\/li><li>CEC Bank: CV-ul \u0219i o scrisoare de inten\u021bie o pagina la adresa de email :\u00a0<a href=\"mailto:practica@cec.ro\">practica@cec.ro<\/a><\/li><li>OTTO Broker:\u00a0<a href=\"https:\/\/corporate.ottobroker.ro\/internship\" target=\"_blank\" rel=\"noopener\">https:\/\/corporate.ottobroker.ro\/internship<\/a><\/li><li>OMNIASIG: \u00a0CV + scurta scrisoare de inten\u021bie la<a href=\"mailto:resurse.umane@omniasig.ro\">\u00a0resurse.umane@omniasig.ro<\/a><\/li><\/ol>\t\t\t\t\t\t\t\t<\/div>\n\t\t\t\t<\/div>\n\t\t\t\t\t<\/div>\n\t\t<\/div>\n\t\t\t\t\t<\/div>\n\t\t<\/section>\n\t\t\t\t<section class=\"elementor-section elementor-top-section elementor-element elementor-element-1e5e271 elementor-section-boxed elementor-section-height-default elementor-section-height-default\" data-id=\"1e5e271\" data-element_type=\"section\" data-e-type=\"section\">\n\t\t\t\t\t\t<div class=\"elementor-container elementor-column-gap-default\">\n\t\t\t\t\t<div class=\"elementor-column elementor-col-100 elementor-top-column elementor-element elementor-element-244e804\" data-id=\"244e804\" data-element_type=\"column\" data-e-type=\"column\">\n\t\t\t<div class=\"elementor-widget-wrap elementor-element-populated\">\n\t\t\t\t\t\t<div class=\"elementor-element elementor-element-4d321ee elementor-widget elementor-widget-spacer\" data-id=\"4d321ee\" data-element_type=\"widget\" data-e-type=\"widget\" data-widget_type=\"spacer.default\">\n\t\t\t\t<div class=\"elementor-widget-container\">\n\t\t\t\t\t\t\t<div class=\"elementor-spacer\">\n\t\t\t<div class=\"elementor-spacer-inner\"><\/div>\n\t\t<\/div>\n\t\t\t\t\t\t<\/div>\n\t\t\t\t<\/div>\n\t\t\t\t\t<\/div>\n\t\t<\/div>\n\t\t\t\t\t<\/div>\n\t\t<\/section>\n\t\t\t\t<\/div>","protected":false},"excerpt":{"rendered":"<p>Tutoriat \u0219i practic\u0103 Master Lista tutorilor de an pentru programe de studii universitare de masterat: Anul I de studii (toate programele) \u2013 Lect.univ.dr. T\u0103nase Alin-Eliodor Anul II de studii (toate programele) \u2013\u00a0Conf.univ.dr. V\u0103duva Florin \u00a0 \u00a0 Conven\u021bie-cadru de practic\u0103 Adeverint\u0103 de practic\u0103 Caiet de practic\u0103 \u00a0 OPORTUNIT\u0102\u021aI PRACTIC\u0102 \u0218I INTERNSHIP 2025-2026 Pentru studen\u021bii si masteranzii&#8230;<\/p>","protected":false},"author":1,"featured_media":0,"parent":24996,"menu_order":0,"comment_status":"closed","ping_status":"closed","template":"","meta":{"footnotes":""},"class_list":["post-36773","page","type-page","status-publish","hentry"],"_links":{"self":[{"href":"https:\/\/site.utm.ro\/en\/wp-json\/wp\/v2\/pages\/36773","targetHints":{"allow":["GET"]}}],"collection":[{"href":"https:\/\/site.utm.ro\/en\/wp-json\/wp\/v2\/pages"}],"about":[{"href":"https:\/\/site.utm.ro\/en\/wp-json\/wp\/v2\/types\/page"}],"author":[{"embeddable":true,"href":"https:\/\/site.utm.ro\/en\/wp-json\/wp\/v2\/users\/1"}],"replies":[{"embeddable":true,"href":"https:\/\/site.utm.ro\/en\/wp-json\/wp\/v2\/comments?post=36773"}],"version-history":[{"count":0,"href":"https:\/\/site.utm.ro\/en\/wp-json\/wp\/v2\/pages\/36773\/revisions"}],"up":[{"embeddable":true,"href":"https:\/\/site.utm.ro\/en\/wp-json\/wp\/v2\/pages\/24996"}],"wp:attachment":[{"href":"https:\/\/site.utm.ro\/en\/wp-json\/wp\/v2\/media?parent=36773"}],"curies":[{"name":"wp","href":"https:\/\/api.w.org\/{rel}","templated":true}]}}