{"id":36733,"date":"2026-03-17T09:21:07","date_gmt":"2026-03-17T09:21:07","guid":{"rendered":"https:\/\/site.utm.ro\/?page_id=36733"},"modified":"2026-03-27T07:53:39","modified_gmt":"2026-03-27T07:53:39","slug":"masters-degree-completion","status":"publish","type":"page","link":"https:\/\/site.utm.ro\/en\/facultatea-de-stiinte-economice\/finalizare-studii-master\/","title":{"rendered":"FSE &#8211; Finalizare studii Master"},"content":{"rendered":"<div data-elementor-type=\"wp-page\" data-elementor-id=\"36733\" class=\"elementor elementor-36733\" data-elementor-post-type=\"page\">\n\t\t\t\t\t\t<section class=\"elementor-section elementor-top-section elementor-element elementor-element-ee152e6 elementor-section-full_width elementor-section-height-default elementor-section-height-default\" data-id=\"ee152e6\" data-element_type=\"section\" data-e-type=\"section\">\n\t\t\t\t\t\t<div class=\"elementor-container elementor-column-gap-default\">\n\t\t\t\t\t<div class=\"elementor-column elementor-col-100 elementor-top-column elementor-element elementor-element-ac5fdd7\" data-id=\"ac5fdd7\" data-element_type=\"column\" data-e-type=\"column\">\n\t\t\t<div class=\"elementor-widget-wrap elementor-element-populated\">\n\t\t\t\t\t\t<div class=\"elementor-element elementor-element-ff4d7d7 elementor-widget elementor-widget-template\" data-id=\"ff4d7d7\" data-element_type=\"widget\" data-e-type=\"widget\" data-widget_type=\"template.default\">\n\t\t\t\t<div class=\"elementor-widget-container\">\n\t\t\t\t\t\t\t<div class=\"elementor-template\">\n\t\t\t\t\t<div data-elementor-type=\"section\" data-elementor-id=\"36509\" class=\"elementor elementor-36509\" data-elementor-post-type=\"elementor_library\">\n\t\t\t\t\t<section class=\"elementor-section elementor-top-section elementor-element elementor-element-30b361f4 elementor-section-full_width elementor-section-height-default elementor-section-height-default\" data-id=\"30b361f4\" data-element_type=\"section\" data-e-type=\"section\">\n\t\t\t\t\t\t<div class=\"elementor-container elementor-column-gap-default\">\n\t\t\t\t\t<div class=\"elementor-column elementor-col-100 elementor-top-column elementor-element elementor-element-170f6fff\" data-id=\"170f6fff\" data-element_type=\"column\" data-e-type=\"column\">\n\t\t\t<div class=\"elementor-widget-wrap elementor-element-populated\">\n\t\t\t\t\t\t<div class=\"elementor-element elementor-element-224e85d9 elementor--h-position-center elementor--v-position-middle elementor-pagination-position-inside elementor-widget elementor-widget-slides\" data-id=\"224e85d9\" data-element_type=\"widget\" data-e-type=\"widget\" data-settings=\"{&quot;navigation&quot;:&quot;dots&quot;,&quot;autoplay&quot;:&quot;yes&quot;,&quot;pause_on_hover&quot;:&quot;yes&quot;,&quot;pause_on_interaction&quot;:&quot;yes&quot;,&quot;autoplay_speed&quot;:5000,&quot;infinite&quot;:&quot;yes&quot;,&quot;transition&quot;:&quot;slide&quot;,&quot;transition_speed&quot;:500}\" data-widget_type=\"slides.default\">\n\t\t\t\t<div class=\"elementor-widget-container\">\n\t\t\t\t\t\t\t\t<div class=\"elementor-swiper\">\n\t\t\t\t<div class=\"elementor-slides-wrapper elementor-main-swiper swiper-container\" dir=\"ltr\" data-animation=\"fadeInUp\">\n\t\t\t\t\t<div class=\"swiper-wrapper elementor-slides\">\n\t\t\t\t\t\t\t\t\t\t\t\t<div class=\"elementor-repeater-item-301adab swiper-slide\"><div class=\"swiper-slide-bg\" role=\"img\"><\/div><div class=\"swiper-slide-inner\" ><div class=\"swiper-slide-contents\"><\/div><\/div><\/div>\t\t\t\t\t<\/div>\n\t\t\t\t\t\t\t\t\t<\/div>\n\t\t\t<\/div>\n\t\t\t\t\t\t\t<\/div>\n\t\t\t\t<\/div>\n\t\t\t\t\t<\/div>\n\t\t<\/div>\n\t\t\t\t\t<\/div>\n\t\t<\/section>\n\t\t\t\t<\/div>\n\t\t\t\t<\/div>\n\t\t\t\t\t\t<\/div>\n\t\t\t\t<\/div>\n\t\t\t\t\t<\/div>\n\t\t<\/div>\n\t\t\t\t\t<\/div>\n\t\t<\/section>\n\t\t\t\t<section class=\"elementor-section elementor-top-section elementor-element elementor-element-a7cec70 elementor-section-boxed elementor-section-height-default elementor-section-height-default\" data-id=\"a7cec70\" data-element_type=\"section\" data-e-type=\"section\">\n\t\t\t\t\t\t<div class=\"elementor-container elementor-column-gap-no\">\n\t\t\t\t\t<div class=\"elementor-column elementor-col-50 elementor-top-column elementor-element elementor-element-21b872b animated-fast elementor-invisible\" data-id=\"21b872b\" data-element_type=\"column\" data-e-type=\"column\" data-settings=\"{&quot;background_background&quot;:&quot;classic&quot;,&quot;animation&quot;:&quot;fadeIn&quot;,&quot;animation_tablet&quot;:&quot;none&quot;,&quot;animation_mobile&quot;:&quot;none&quot;,&quot;animation_delay&quot;:100}\">\n\t\t\t<div class=\"elementor-widget-wrap elementor-element-populated\">\n\t\t\t\t\t\t<div class=\"elementor-element elementor-element-f904b8f elementor-widget elementor-widget-heading\" data-id=\"f904b8f\" data-element_type=\"widget\" data-e-type=\"widget\" data-widget_type=\"heading.default\">\n\t\t\t\t<div class=\"elementor-widget-container\">\n\t\t\t\t\t<h1 class=\"elementor-heading-title elementor-size-default\">Master's degree completion<\/h1>\t\t\t\t<\/div>\n\t\t\t\t<\/div>\n\t\t\t\t\t<\/div>\n\t\t<\/div>\n\t\t\t\t<div class=\"elementor-column elementor-col-50 elementor-top-column elementor-element elementor-element-fa22a91 elementor-hidden-desktop elementor-hidden-tablet elementor-hidden-phone\" data-id=\"fa22a91\" data-element_type=\"column\" data-e-type=\"column\">\n\t\t\t<div class=\"elementor-widget-wrap\">\n\t\t\t\t\t\t\t<\/div>\n\t\t<\/div>\n\t\t\t\t\t<\/div>\n\t\t<\/section>\n\t\t\t\t<section class=\"elementor-section elementor-top-section elementor-element elementor-element-5a337ce elementor-section-boxed elementor-section-height-default elementor-section-height-default\" data-id=\"5a337ce\" data-element_type=\"section\" data-e-type=\"section\">\n\t\t\t\t\t\t<div class=\"elementor-container elementor-column-gap-default\">\n\t\t\t\t\t<div class=\"elementor-column elementor-col-100 elementor-top-column elementor-element elementor-element-95ebf9b\" data-id=\"95ebf9b\" data-element_type=\"column\" data-e-type=\"column\">\n\t\t\t<div class=\"elementor-widget-wrap elementor-element-populated\">\n\t\t\t\t\t\t<div class=\"elementor-element elementor-element-3c2b061 elementor-widget elementor-widget-text-editor\" data-id=\"3c2b061\" data-element_type=\"widget\" data-e-type=\"widget\" data-widget_type=\"text-editor.default\">\n\t\t\t\t<div class=\"elementor-widget-container\">\n\t\t\t\t\t\t\t\t\t<div class=\"wpb_text_column wpb_content_element\"><div class=\"wpb_wrapper\"><div><b data-olk-copy-source=\"MessageBody\">EXAMEN DE DISERTA\u0162IE 2026<\/b><\/div><div><p><strong>End-of-Studies Examinations Schedule<\/strong><\/p><p><strong>July 2026 Session<\/strong><\/p><table style=\"width: 100%; text-align: center;\"><tbody><tr><td width=\"52\"><strong>Item No.<\/strong><\/td><td width=\"174\"><strong>Faculty\/Study Program<\/strong><\/td><td width=\"189\"><strong>Study cycle<\/strong><\/td><td width=\"180\"><strong>Try<\/strong><\/td><td width=\"123\"><strong>Data<\/strong><\/td><td width=\"189\"><strong>\u00a0<\/strong><\/td><\/tr><tr><td rowspan=\"8\" width=\"52\">1.<\/td><td rowspan=\"8\" width=\"174\">Faculty of Economics<\/td><td rowspan=\"2\" width=\"189\"><p>Master\u00a0<\/p><p>\u00a0<\/p><\/td><td width=\"180\">Dissertation CAEC<\/td><td width=\"123\">08.07.2026<\/td><td width=\"189\">Exam committee room<\/td><\/tr><tr><td width=\"180\">Dissertation FPF<\/td><td width=\"123\">08.07.2026<\/td><td width=\"189\">Exam committee room<\/td><\/tr><tr><td rowspan=\"2\" width=\"189\">Facebook License<\/td><td width=\"180\"><p>PROBA 1\u00a0<\/p><p>Knowledge assessment<\/p><\/td><td width=\"123\">13.07.2026<\/td><td width=\"189\"><p>Committee 1 Room\u00a0<\/p><p>Committee 2 room<\/p><\/td><\/tr><tr><td width=\"180\"><p>PROBA 2-\u00a0<\/p><p>Thesis defense<\/p><\/td><td width=\"123\">14.07.2026<\/td><td width=\"189\"><p>Committee 1 Room\u00a0<\/p><p>Committee 2 room<\/p><\/td><\/tr><tr><td rowspan=\"2\" width=\"189\">AA License<\/td><td width=\"180\"><p>PROBA 1\u00a0<\/p><p>Knowledge assessment<\/p><\/td><td width=\"123\">13.07.2026<\/td><td width=\"189\"><p>Committee 1 Room\u00a0<\/p><p>Committee 2 room<\/p><\/td><\/tr><tr><td width=\"180\"><p>PROBA 2-\u00a0<\/p><p>Thesis defense<\/p><\/td><td width=\"123\">14.07.2026<\/td><td width=\"189\"><p>Committee 1 Room\u00a0<\/p><p>Committee 2 room<\/p><\/td><\/tr><tr><td rowspan=\"2\" width=\"189\">CIG License<\/td><td width=\"180\"><p>PROBA 1\u00a0<\/p><p>Knowledge assessment<\/p><\/td><td width=\"123\">09.07.2026<\/td><td width=\"189\"><p>Committee 1 Room\u00a0<\/p><p>Committee 2 room<\/p><p>Committee 3 room<\/p><\/td><\/tr><tr><td width=\"180\"><p>PROBA 2-\u00a0<\/p><p>Thesis defense<\/p><\/td><td width=\"123\">10.07.2026<\/td><td width=\"189\"><p>Committee 1 Room\u00a0<\/p><p>Committee 2 room<\/p><p>Committee 3 room<\/p><\/td><\/tr><\/tbody><\/table><p>\u00a0<\/p><\/div><div><b>\u00a0<\/b><\/div><div>Examenul de diserta\u021bie\u00a0const\u0103 dintr-o singur\u0103 prob\u0103, \u0219i anume prezentarea \u0219i sus\u021binerea lucr\u0103rii de diserta\u021bie.<\/div><div aria-hidden=\"true\">\u00a0<\/div><div>Modul de elaborare \u0219i redactare a lucr\u0103rii de licen\u021b\u0103\/diserta\u021bie se stabile\u0219te prin\u00a0<b><u>Ghidul de elaborare si redactare a lucr\u0103rilor de diserta\u021bie pentru Facultatea de \u0218tiin\u021be Economice<\/u><\/b><u>\u00a0<\/u><b><u>(<a href=\"https:\/\/site.utm.ro\/wp-content\/uploads\/2026\/03\/Ghid-elaborare-lucrare-disertatie-2026.pdf\">descarc\u0103 Ghidul<\/a>).<\/u><\/b><\/div><div aria-hidden=\"true\">\u00a0<\/div><div>Fiecare lucrare de licen\u021b\u0103\/diserta\u021bie va fi acceptat\u0103 pentru sus\u021binere numai cu declara\u021bia pe proprie r\u0103spundere privind originalitatea con\u021binutului lucr\u0103rii, semnat\u0103 de absolvent \u0219i de Raportul de similitudine generat de programul antiplagiat al UTM \u00een urma verific\u0103rii lucr\u0103rii.<\/div><div aria-hidden=\"true\">\u00a0<\/div><div>\u00cendrum\u0103torii \u0219tiin\u021bifici ai lucr\u0103rilor de licen\u021b\u0103\/diserta\u021bie, sau cadrele didactice desemnate de consiliul facult\u0103\u021bii verific\u0103 lucrarea cu ajutorul programului anti-plagiat al UTM (recunoscut de CNATDCU).<\/div><div>Nu pot fi sus\u021binute dec\u00e2t lucr\u0103rile de diserta\u021bie care, conform Raportului de similitudine generat de softul antiplagiat al Universit\u0103\u021bii, prezint\u0103\u00a0<u>valori ale coeficien\u021bilor de similitudine \u0219i citare care nu dep\u0103\u0219esc valorile maxim admise, conform hot\u0103r\u00e2rii Consiliului Facult\u0103\u021bii de \u0218tiin\u021be Economice.\u00a0<\/u><\/div><div><b>\u00a0<\/b><\/div><div><b>Similarity Coefficient 1 (CS1) \u2264 30%<\/b><\/div><div><b>Coefficient of Similarity 2 (CS2) \u2264 15%;<\/b><\/div><div><b>The CIT coefficient \u2264 10%, where:\u00a0\u00a0<\/b><\/div><div>Similarity coefficient 1 \u2013 the percentage of the text with all fragments of at least 5 similar words found in other documents;<\/div><div>Similarity coefficient 2 - the percentage of the text with all fragments of at least 25 similar words found by the system in other documents;<\/div><div>The CIT coefficient \u2013 the percentage of citations in the text of the work.<\/div><div><b>\u00a0<\/b><\/div><div>Sus\u021binerea lucr\u0103rii de diserta\u021bie este public\u0103 \u0219i se desf\u0103\u0219oar\u0103 \u00een prezen\u021ba, \u00een acela\u0219i loc \u0219i \u00een acela\u0219i moment, a comisiei de examen \u0219i a examinatului.<\/div><div>Nota examenului de diserta\u021bie reprezint\u0103 media aritmetic\u0103 a notelor membrilor comisiei de examen, calculat\u0103 cu dou\u0103 zecimale, f\u0103r\u0103 rotunjire. Nota de promovare a examenului de diserta\u021bie este de cel pu\u021bin<b>\u00a06 (six).<\/b><\/div><div><b>\u00a0<\/b><\/div><div><b>More details can be found in\u00a0<\/b><a href=\"https:\/\/site.utm.ro\/wp-content\/uploads\/2026\/03\/Metodologie-licenta-si-disertatie-FSE-2025-2026.pdf\"><b><u>METHODOLOGY FOR ORGANIZING AND CONDUCTING LICENSURE AND DISSERTATION EXAMS IN THE ACADEMIC YEAR 2025-202<\/u><\/b><b><u>6<\/u><\/b><\/a><\/div><\/div><\/div><div class=\"wpb_text_column wpb_content_element\"><div class=\"wpb_wrapper\"><p><strong>Calendar\u00a0<\/strong>desf\u0103\u0219ur\u0103rii examenului de disertatie sesiunea\u00a0<strong>July 2026<\/strong><\/p><p>\u00a0<\/p><p><strong>Examenul de diserta\u021bie<\/strong>\u00a0const\u0103 dintr-o singur\u0103 prob\u0103 \u0219i anume\u00a0<strong><em>Prezentarea \u0219i sus\u021binerea lucr\u0103rii de diserta\u021bie.<\/em><\/strong>\u00a0Aceast\u0103 prob\u0103\u00a0<strong><em>se va desf\u0103\u0219ura \u00een ziua de:\u00a0<\/em><\/strong><\/p><p><strong><em>\u00a0\u00a0\u00a0\u00a0\u00a0\u00a0\u00a0\u00a0\u00a0\u00a0\u00a0\u00a0\u00a0\u00a0\u00a0\u00a0\u00a0\u00a0\u00a0\u00a0\u00a0\u00a0\u00a0\u00a0\u00a0\u00a0\u00a0\u00a0\u00a0\u00a0\u00a0\u00a0\u00a0\u00a0\u00a0\u00a0<\/em><\/strong><strong><em>08.07.2026\u00a0\u00a0\u00a0\u00a0\u00a0\u00a0\u00a0\u00a0\u00a0\u00a0 09:00 \u2013 18:00 \u00a0<\/em><\/strong><\/p><p>\u00a0<\/p><p><strong><u>Registration period:<\/u><\/strong>\u00a0\u00a0\u00a0<strong><em>23.06.2026 \u2013 04.07.2026 \u00a0\u00a0\u00a0\u00a0\u00a0\u00a0\u00a0\u00a0\u00a0\u00a0 09:00 \u2013 15:00\u00a0<\/em><\/strong><\/p><p><strong><em>\u00a0\u00a0\u00a0\u00a0\u00a0\u00a0\u00a0\u00a0\u00a0\u00a0\u00a0\u00a0\u00a0\u00a0\u00a0\u00a0\u00a0\u00a0\u00a0\u00a0\u00a0\u00a0\u00a0\u00a0\u00a0\u00a0\u00a0\u00a0 S\u00e2mb\u0103t\u0103 04.07.2026\u00a0\u00a0\u00a0\u00a0\u00a0\u00a0\u00a0\u00a0\u00a0\u00a0\u00a0\u00a0\u00a0\u00a0\u00a0 10:00-13:00<\/em><\/strong><\/p><p><strong><em>\u00a0 \u00a0 \u00a0 \u00a0 \u00a0 \u00a0 \u00a0<\/em><\/strong><\/p><p><strong><u>Application file<\/u><\/strong>\u00a0to the candidate for support\u00a0<strong>examenului de diserta\u021bie<\/strong>\u00a0must contain the following documents and acts:<\/p><ol><li><strong>Request type of registration<\/strong>\u00a0(from the secretariat or the faculty's website);\u00a0<strong><a href=\"https:\/\/site.utm.ro\/wp-content\/uploads\/2026\/03\/CERERE-DE-INSCRIERE-LA-DIZERTATIE-CAEC.doc\">CAEC;<\/a><a href=\"https:\/\/site.utm.ro\/wp-content\/uploads\/2026\/03\/CERERE-DE-INSCRIERE-LA-DIZERTATIE-FPF.doc\">FPF<\/a><\/strong><\/li><li><a href=\"https:\/\/site.utm.ro\/wp-content\/uploads\/2026\/03\/Fisa-lichidare-1.docx\"><strong>liquidation statement<\/strong>\u00a0<\/a>pentru absolven\u0163ii proprii (de la secretariat sau site-ul facultatii);<\/li><li><strong>proof of payment<\/strong>\u00a0<strong>taxei de sus\u0163inere a examenului de diserta\u021bie\u00a0<\/strong>(achitata prin portal, casierie luni-vineri, transfer bancar)<\/li><li><strong><a href=\"https:\/\/site.utm.ro\/wp-content\/uploads\/2026\/03\/ANEXA-5.-NOTA-DE-INFORMARE-SI-CONSIMTAMANT-DATE-PERSONALE-MASTERAT-FSE-2025.docx\">not\u0103 de informare a candidatului la examenul de diserta\u021bie<\/a>\/formular de consim\u021b\u0103m\u00e2nt pt prelucrarea datelor cu caracter personal\u00a0<\/strong>(from the secretariat or the faculty's website);<\/li><li><strong>lucrarea de diserta\u021bie, printat\u0103 \u015fi pe suport electronic\u00a0<\/strong>(stick memorie USB)<strong>,\u00a0<u>\u00eenso\u0163it\u0103 de \u00a0<a href=\"https:\/\/site.utm.ro\/wp-content\/uploads\/2026\/03\/Referat-lucrare-disertatie.doc\">Scientific supervisor's report<\/a><\/u>,<\/strong>\u00a0\u015fi de<strong><u><a href=\"https:\/\/site.utm.ro\/wp-content\/uploads\/2026\/03\/declaratie-pe-proprie-raspundere-1.doc\">\u00a0Candidate's self-declaration<\/a>\u00a0privind originalitatea con\u021binutului lucr\u0103rii\u00a0<\/u>(<\/strong>de la secretariat sau site-ul facultatii<strong>);<\/strong><strong>\u00a0<\/strong><\/li><li><strong>High school diploma<\/strong>, in original and copy;<\/li><li><strong>diploma de licen\u021b\u0103,\u00a0<\/strong>\u00een original si copie;<\/li><li><strong>birth certificate<\/strong>, copy;<\/li><li><strong>marriage certificate<\/strong>\u00a0(if applicable), copy;<\/li><li><strong>any other act attesting to the change of name<\/strong>\u00a0(if applicable), copy;<\/li><li><strong>copie CI\/pa\u015faport<\/strong>;<\/li><\/ol><\/div><\/div>\t\t\t\t\t\t\t\t<\/div>\n\t\t\t\t<\/div>\n\t\t\t\t\t<\/div>\n\t\t<\/div>\n\t\t\t\t\t<\/div>\n\t\t<\/section>\n\t\t\t\t<section class=\"elementor-section elementor-top-section elementor-element elementor-element-1e5e271 elementor-section-boxed elementor-section-height-default elementor-section-height-default\" data-id=\"1e5e271\" data-element_type=\"section\" data-e-type=\"section\">\n\t\t\t\t\t\t<div class=\"elementor-container elementor-column-gap-default\">\n\t\t\t\t\t<div class=\"elementor-column elementor-col-100 elementor-top-column elementor-element elementor-element-244e804\" data-id=\"244e804\" data-element_type=\"column\" data-e-type=\"column\">\n\t\t\t<div class=\"elementor-widget-wrap elementor-element-populated\">\n\t\t\t\t\t\t<div class=\"elementor-element elementor-element-4d321ee elementor-widget elementor-widget-spacer\" data-id=\"4d321ee\" data-element_type=\"widget\" data-e-type=\"widget\" data-widget_type=\"spacer.default\">\n\t\t\t\t<div class=\"elementor-widget-container\">\n\t\t\t\t\t\t\t<div class=\"elementor-spacer\">\n\t\t\t<div class=\"elementor-spacer-inner\"><\/div>\n\t\t<\/div>\n\t\t\t\t\t\t<\/div>\n\t\t\t\t<\/div>\n\t\t\t\t\t<\/div>\n\t\t<\/div>\n\t\t\t\t\t<\/div>\n\t\t<\/section>\n\t\t\t\t<\/div>","protected":false},"excerpt":{"rendered":"<p>Finalizare studii Master EXAMEN DE DISERTA\u0162IE 2026 CALENDARUL EXAMENELOR DE FINALIZARE A STUDIILOR SESIUNEA IULIE 2026 Nr. crt. Facultatea\/Programul de studii Ciclul de studii Proba Data \u00a0 1. Facultatea de \u0218tiin\u021be Economice Master\u00a0 \u00a0 Diserta\u021bie CAEC 08.07.2026 Comisie ex. sala Disertatie FPF 08.07.2026 Comisie ex. sala Licen\u021b\u0103 FB PROBA 1-\u00a0 Evaluarea cuno\u0219tin\u021belor 13.07.2026 Comisia 1&#8230;<\/p>","protected":false},"author":1,"featured_media":0,"parent":24996,"menu_order":0,"comment_status":"closed","ping_status":"closed","template":"","meta":{"footnotes":""},"class_list":["post-36733","page","type-page","status-publish","hentry"],"_links":{"self":[{"href":"https:\/\/site.utm.ro\/en\/wp-json\/wp\/v2\/pages\/36733","targetHints":{"allow":["GET"]}}],"collection":[{"href":"https:\/\/site.utm.ro\/en\/wp-json\/wp\/v2\/pages"}],"about":[{"href":"https:\/\/site.utm.ro\/en\/wp-json\/wp\/v2\/types\/page"}],"author":[{"embeddable":true,"href":"https:\/\/site.utm.ro\/en\/wp-json\/wp\/v2\/users\/1"}],"replies":[{"embeddable":true,"href":"https:\/\/site.utm.ro\/en\/wp-json\/wp\/v2\/comments?post=36733"}],"version-history":[{"count":0,"href":"https:\/\/site.utm.ro\/en\/wp-json\/wp\/v2\/pages\/36733\/revisions"}],"up":[{"embeddable":true,"href":"https:\/\/site.utm.ro\/en\/wp-json\/wp\/v2\/pages\/24996"}],"wp:attachment":[{"href":"https:\/\/site.utm.ro\/en\/wp-json\/wp\/v2\/media?parent=36733"}],"curies":[{"name":"wp","href":"https:\/\/api.w.org\/{rel}","templated":true}]}}