{"id":36613,"date":"2026-03-17T07:54:03","date_gmt":"2026-03-17T07:54:03","guid":{"rendered":"https:\/\/site.utm.ro\/?page_id=36613"},"modified":"2026-03-17T07:58:52","modified_gmt":"2026-03-17T07:58:52","slug":"public-interest-documents","status":"publish","type":"page","link":"https:\/\/site.utm.ro\/en\/facultatea-de-stiinte-economice\/documente-de-interes-public\/","title":{"rendered":"FSE &#8211; Documente de interes public"},"content":{"rendered":"<div data-elementor-type=\"wp-page\" data-elementor-id=\"36613\" class=\"elementor elementor-36613\" data-elementor-post-type=\"page\">\n\t\t\t\t\t\t<section class=\"elementor-section elementor-top-section elementor-element elementor-element-ee152e6 elementor-section-full_width elementor-section-height-default elementor-section-height-default\" data-id=\"ee152e6\" data-element_type=\"section\" data-e-type=\"section\">\n\t\t\t\t\t\t<div class=\"elementor-container elementor-column-gap-default\">\n\t\t\t\t\t<div class=\"elementor-column elementor-col-100 elementor-top-column elementor-element elementor-element-ac5fdd7\" data-id=\"ac5fdd7\" data-element_type=\"column\" data-e-type=\"column\">\n\t\t\t<div class=\"elementor-widget-wrap elementor-element-populated\">\n\t\t\t\t\t\t<div class=\"elementor-element elementor-element-ff4d7d7 elementor-widget elementor-widget-template\" data-id=\"ff4d7d7\" data-element_type=\"widget\" data-e-type=\"widget\" data-widget_type=\"template.default\">\n\t\t\t\t<div class=\"elementor-widget-container\">\n\t\t\t\t\t\t\t<div class=\"elementor-template\">\n\t\t\t\t\t<div data-elementor-type=\"section\" data-elementor-id=\"36509\" class=\"elementor elementor-36509\" data-elementor-post-type=\"elementor_library\">\n\t\t\t\t\t<section class=\"elementor-section elementor-top-section elementor-element elementor-element-30b361f4 elementor-section-full_width elementor-section-height-default elementor-section-height-default\" data-id=\"30b361f4\" data-element_type=\"section\" data-e-type=\"section\">\n\t\t\t\t\t\t<div class=\"elementor-container elementor-column-gap-default\">\n\t\t\t\t\t<div class=\"elementor-column elementor-col-100 elementor-top-column elementor-element elementor-element-170f6fff\" data-id=\"170f6fff\" data-element_type=\"column\" data-e-type=\"column\">\n\t\t\t<div class=\"elementor-widget-wrap elementor-element-populated\">\n\t\t\t\t\t\t<div class=\"elementor-element elementor-element-224e85d9 elementor--h-position-center elementor--v-position-middle elementor-pagination-position-inside elementor-widget elementor-widget-slides\" data-id=\"224e85d9\" data-element_type=\"widget\" data-e-type=\"widget\" data-settings=\"{&quot;navigation&quot;:&quot;dots&quot;,&quot;autoplay&quot;:&quot;yes&quot;,&quot;pause_on_hover&quot;:&quot;yes&quot;,&quot;pause_on_interaction&quot;:&quot;yes&quot;,&quot;autoplay_speed&quot;:5000,&quot;infinite&quot;:&quot;yes&quot;,&quot;transition&quot;:&quot;slide&quot;,&quot;transition_speed&quot;:500}\" data-widget_type=\"slides.default\">\n\t\t\t\t<div class=\"elementor-widget-container\">\n\t\t\t\t\t\t\t\t<div class=\"elementor-swiper\">\n\t\t\t\t<div class=\"elementor-slides-wrapper elementor-main-swiper swiper-container\" dir=\"ltr\" data-animation=\"fadeInUp\">\n\t\t\t\t\t<div class=\"swiper-wrapper elementor-slides\">\n\t\t\t\t\t\t\t\t\t\t\t\t<div class=\"elementor-repeater-item-301adab swiper-slide\"><div class=\"swiper-slide-bg\" role=\"img\"><\/div><div class=\"swiper-slide-inner\" ><div class=\"swiper-slide-contents\"><\/div><\/div><\/div>\t\t\t\t\t<\/div>\n\t\t\t\t\t\t\t\t\t<\/div>\n\t\t\t<\/div>\n\t\t\t\t\t\t\t<\/div>\n\t\t\t\t<\/div>\n\t\t\t\t\t<\/div>\n\t\t<\/div>\n\t\t\t\t\t<\/div>\n\t\t<\/section>\n\t\t\t\t<\/div>\n\t\t\t\t<\/div>\n\t\t\t\t\t\t<\/div>\n\t\t\t\t<\/div>\n\t\t\t\t\t<\/div>\n\t\t<\/div>\n\t\t\t\t\t<\/div>\n\t\t<\/section>\n\t\t\t\t<section class=\"elementor-section elementor-top-section elementor-element elementor-element-a7cec70 elementor-section-boxed elementor-section-height-default elementor-section-height-default\" data-id=\"a7cec70\" data-element_type=\"section\" data-e-type=\"section\">\n\t\t\t\t\t\t<div class=\"elementor-container elementor-column-gap-no\">\n\t\t\t\t\t<div class=\"elementor-column elementor-col-50 elementor-top-column elementor-element elementor-element-21b872b animated-fast elementor-invisible\" data-id=\"21b872b\" data-element_type=\"column\" data-e-type=\"column\" data-settings=\"{&quot;background_background&quot;:&quot;classic&quot;,&quot;animation&quot;:&quot;fadeIn&quot;,&quot;animation_tablet&quot;:&quot;none&quot;,&quot;animation_mobile&quot;:&quot;none&quot;,&quot;animation_delay&quot;:100}\">\n\t\t\t<div class=\"elementor-widget-wrap elementor-element-populated\">\n\t\t\t\t\t\t<div class=\"elementor-element elementor-element-f904b8f elementor-widget elementor-widget-heading\" data-id=\"f904b8f\" data-element_type=\"widget\" data-e-type=\"widget\" data-widget_type=\"heading.default\">\n\t\t\t\t<div class=\"elementor-widget-container\">\n\t\t\t\t\t<h1 class=\"elementor-heading-title elementor-size-default\">Documents of public interest <\/h1>\t\t\t\t<\/div>\n\t\t\t\t<\/div>\n\t\t\t\t\t<\/div>\n\t\t<\/div>\n\t\t\t\t<div class=\"elementor-column elementor-col-50 elementor-top-column elementor-element elementor-element-fa22a91 elementor-hidden-desktop elementor-hidden-tablet elementor-hidden-phone\" data-id=\"fa22a91\" data-element_type=\"column\" data-e-type=\"column\">\n\t\t\t<div class=\"elementor-widget-wrap\">\n\t\t\t\t\t\t\t<\/div>\n\t\t<\/div>\n\t\t\t\t\t<\/div>\n\t\t<\/section>\n\t\t\t\t<section class=\"elementor-section elementor-top-section elementor-element elementor-element-3fddf80 elementor-section-boxed elementor-section-height-default elementor-section-height-default\" data-id=\"3fddf80\" data-element_type=\"section\" data-e-type=\"section\" data-settings=\"{&quot;animation&quot;:&quot;none&quot;,&quot;animation_tablet&quot;:&quot;none&quot;,&quot;animation_mobile&quot;:&quot;none&quot;,&quot;animation_delay&quot;:300}\">\n\t\t\t\t\t\t<div class=\"elementor-container elementor-column-gap-no\">\n\t\t\t\t\t<div class=\"elementor-column elementor-col-100 elementor-top-column elementor-element elementor-element-3a51d30\" data-id=\"3a51d30\" data-element_type=\"column\" data-e-type=\"column\">\n\t\t\t<div class=\"elementor-widget-wrap elementor-element-populated\">\n\t\t\t\t\t\t<div class=\"elementor-element elementor-element-9cb1893 vamtam-theme-table-styles elementor-widget elementor-widget-toggle\" data-id=\"9cb1893\" data-element_type=\"widget\" data-e-type=\"widget\" data-widget_type=\"toggle.default\">\n\t\t\t\t<div class=\"elementor-widget-container\">\n\t\t\t\t\t\t\t<div class=\"elementor-toggle\">\n\t\t\t\t\t\t\t<div class=\"elementor-toggle-item\">\n\t\t\t\t\t<h3 id=\"elementor-tab-title-1641\" class=\"elementor-tab-title\" data-tab=\"1\" role=\"button\" aria-controls=\"elementor-tab-content-1641\" aria-expanded=\"false\">\n\t\t\t\t\t\t\t\t\t\t\t\t<span class=\"elementor-toggle-icon elementor-toggle-icon-right\" aria-hidden=\"true\">\n\t\t\t\t\t\t\t\t\t\t\t\t\t\t\t<span class=\"elementor-toggle-icon-closed\"><i class=\"vamtamtheme- vamtam-theme-arrow-down\"><\/i><\/span>\n\t\t\t\t\t\t\t\t<span class=\"elementor-toggle-icon-opened\"><i class=\"elementor-toggle-icon-opened vamtamtheme- vamtam-theme-arrow-up\"><\/i><\/span>\n\t\t\t\t\t\t\t\t\t\t\t\t\t<\/span>\n\t\t\t\t\t\t\t\t\t\t\t\t<a class=\"elementor-toggle-title\" tabindex=\"0\">IF discipline<\/a>\n\t\t\t\t\t<\/h3>\n\n\t\t\t\t\t<div id=\"elementor-tab-content-1641\" class=\"elementor-tab-content elementor-clearfix\" data-tab=\"1\" role=\"region\" aria-labelledby=\"elementor-tab-title-1641\"><p><strong>PLANURI DE \u00ceNV\u0102\u021a\u0102M\u00c2NT<\/strong><\/p><ul><li><strong><a href=\"\/wp-content\/uploads\/2026\/03\/Plan-invatamant-CIG-IF-2025-2026.pdf\">Plan \u00eenv\u0103\u021b\u0103m\u00e2nt CIG IF 2025 \u2013 2026<\/a><\/strong><\/li><li><a href=\"\/wp-content\/uploads\/2026\/03\/FISE-DE-DISCIPLINA-CIG-2025-2026.pdf\"><strong>FI\u0218E DE DISCIPLIN\u0102 CIG 2025-2026<\/strong><\/a><\/li><\/ul><\/div>\n\t\t\t\t<\/div>\n\t\t\t\t\t\t\t<div class=\"elementor-toggle-item\">\n\t\t\t\t\t<h3 id=\"elementor-tab-title-1642\" class=\"elementor-tab-title\" data-tab=\"2\" role=\"button\" aria-controls=\"elementor-tab-content-1642\" aria-expanded=\"false\">\n\t\t\t\t\t\t\t\t\t\t\t\t<span class=\"elementor-toggle-icon elementor-toggle-icon-right\" aria-hidden=\"true\">\n\t\t\t\t\t\t\t\t\t\t\t\t\t\t\t<span class=\"elementor-toggle-icon-closed\"><i class=\"vamtamtheme- vamtam-theme-arrow-down\"><\/i><\/span>\n\t\t\t\t\t\t\t\t<span class=\"elementor-toggle-icon-opened\"><i class=\"elementor-toggle-icon-opened vamtamtheme- vamtam-theme-arrow-up\"><\/i><\/span>\n\t\t\t\t\t\t\t\t\t\t\t\t\t<\/span>\n\t\t\t\t\t\t\t\t\t\t\t\t<a class=\"elementor-toggle-title\" tabindex=\"0\">Distance Learning Field of Study<\/a>\n\t\t\t\t\t<\/h3>\n\n\t\t\t\t\t<div id=\"elementor-tab-content-1642\" class=\"elementor-tab-content elementor-clearfix\" data-tab=\"2\" role=\"region\" aria-labelledby=\"elementor-tab-title-1642\"><div class=\"u_row\"><div class=\"vc_row wpb_row vc_row-fluid\"><div class=\"wpb_column vc_column_container vc_col-sm-12 vc_col-has-fill\"><div class=\"vc_column-inner vc_custom_1494848100240\"><div class=\"wpb_wrapper\"><div class=\"wpb_text_column wpb_content_element\"><div class=\"wpb_wrapper\"><p><strong>LISTA DISCIPLINELOR DE STUDIU<br \/><\/strong><\/p><p>\u2022\u00a0<a href=\"\/wp-content\/uploads\/2026\/03\/Specializarea-ADMINISTRAREA-AFACERILOR-1.pdf\"><strong>Specializarea ADMINISTRAREA AFACERILOR<\/strong><\/a><br \/>\u2022\u00a0<a href=\"\/wp-content\/uploads\/2026\/03\/Specializarea-FINANTE-SI-BANCI-1.pdf\"><strong>Specializarea CONTABILITATE \u015eI INFORMATIC\u0102 DE GESTIUNE<\/strong><\/a><br \/>\u2022\u00a0<a href=\"\/wp-content\/uploads\/2026\/03\/Specializarea-FINANTE-SI-BANCI-1.pdf\"><strong>Specializarea FINAN\u0162E \u015eI B\u0102NCI<\/strong><\/a><\/p><p>\u00a0<\/p><h3><a href=\"\/wp-content\/uploads\/2026\/03\/Programe-Licenta-FSE-Admitere.pdf\">Bro\u0219ur\u0103 prezentare studii de Licen\u021b\u0103\u00a0<\/a><\/h3><\/div><\/div><\/div><\/div><\/div><\/div><\/div><p>\u00a0<\/p><p><embed src=\"\/wp-content\/uploads\/2026\/03\/Programe-Licenta-FSE-Admitere.pdf\" width=\"100%\" height=\"900px\"><\/embed><\/p><\/div>\n\t\t\t\t<\/div>\n\t\t\t\t\t\t\t<div class=\"elementor-toggle-item\">\n\t\t\t\t\t<h3 id=\"elementor-tab-title-1643\" class=\"elementor-tab-title\" data-tab=\"3\" role=\"button\" aria-controls=\"elementor-tab-content-1643\" aria-expanded=\"false\">\n\t\t\t\t\t\t\t\t\t\t\t\t<span class=\"elementor-toggle-icon elementor-toggle-icon-right\" aria-hidden=\"true\">\n\t\t\t\t\t\t\t\t\t\t\t\t\t\t\t<span class=\"elementor-toggle-icon-closed\"><i class=\"vamtamtheme- vamtam-theme-arrow-down\"><\/i><\/span>\n\t\t\t\t\t\t\t\t<span class=\"elementor-toggle-icon-opened\"><i class=\"elementor-toggle-icon-opened vamtamtheme- vamtam-theme-arrow-up\"><\/i><\/span>\n\t\t\t\t\t\t\t\t\t\t\t\t\t<\/span>\n\t\t\t\t\t\t\t\t\t\t\t\t<a class=\"elementor-toggle-title\" tabindex=\"0\">Discipline studiu Master <\/a>\n\t\t\t\t\t<\/h3>\n\n\t\t\t\t\t<div id=\"elementor-tab-content-1643\" class=\"elementor-tab-content elementor-clearfix\" data-tab=\"3\" role=\"region\" aria-labelledby=\"elementor-tab-title-1643\"><p><strong>LISTA DISCIPLINELOR DE STUDIU<br \/>AN UNIVERSITAR 2024-2025<\/strong><\/p><p>\u00a0<\/p><ul><li><a href=\"\/wp-content\/uploads\/2026\/03\/FISCALITATE-SI-POLITICI-FISCALE_master.pdf\"><strong>Specializarea \u201cFISCALITATE \u015eI POLITICI FISCALE\u201d<\/strong><\/a><\/li><li class=\"x_elementToProof\"><a href=\"\/wp-content\/uploads\/2026\/03\/PLAN-INVATAMANT-MASTER-FPF-2024-2025.pdf\"><b>Plan de \u00eenv\u0103\u021b\u0103m\u00e2nt program master\u00a0<\/b><b>FISCALITATE \u015eI POLITICI FISCALE<\/b><\/a><\/li><li class=\"x_elementToProof\"><a href=\"\/wp-content\/uploads\/2026\/03\/fise-disciplina-anul-1-FPF.pdf\"><b>Fi\u0219e de disciplin\u0103 FISCALITATE \u015eI POLITICI FISCALE anul I<\/b><\/a><\/li><li class=\"x_elementToProof\"><a href=\"\/wp-content\/uploads\/2026\/03\/fise-disciplina-anul-2-FPF.pdf\"><b>Fi\u0219e de disciplin\u0103 FISCALITATE \u015eI POLITICI FISCALE anul al II lea<\/b><\/a><\/li><\/ul><\/div>\n\t\t\t\t<\/div>\n\t\t\t\t\t\t\t\t<\/div>\n\t\t\t\t\t\t<\/div>\n\t\t\t\t<\/div>\n\t\t\t\t\t<\/div>\n\t\t<\/div>\n\t\t\t\t\t<\/div>\n\t\t<\/section>\n\t\t\t\t<section class=\"elementor-section elementor-top-section elementor-element elementor-element-1e5e271 elementor-section-boxed elementor-section-height-default elementor-section-height-default\" data-id=\"1e5e271\" data-element_type=\"section\" data-e-type=\"section\">\n\t\t\t\t\t\t<div class=\"elementor-container elementor-column-gap-default\">\n\t\t\t\t\t<div class=\"elementor-column elementor-col-100 elementor-top-column elementor-element elementor-element-244e804\" data-id=\"244e804\" data-element_type=\"column\" data-e-type=\"column\">\n\t\t\t<div class=\"elementor-widget-wrap elementor-element-populated\">\n\t\t\t\t\t\t<div class=\"elementor-element elementor-element-4d321ee elementor-widget elementor-widget-spacer\" data-id=\"4d321ee\" data-element_type=\"widget\" data-e-type=\"widget\" data-widget_type=\"spacer.default\">\n\t\t\t\t<div class=\"elementor-widget-container\">\n\t\t\t\t\t\t\t<div class=\"elementor-spacer\">\n\t\t\t<div class=\"elementor-spacer-inner\"><\/div>\n\t\t<\/div>\n\t\t\t\t\t\t<\/div>\n\t\t\t\t<\/div>\n\t\t\t\t\t<\/div>\n\t\t<\/div>\n\t\t\t\t\t<\/div>\n\t\t<\/section>\n\t\t\t\t<\/div>","protected":false},"excerpt":{"rendered":"<p>Documente de interes public Discipline de studiu IF PLANURI DE \u00ceNV\u0102\u021a\u0102M\u00c2NT Plan \u00eenv\u0103\u021b\u0103m\u00e2nt CIG IF 2025 \u2013 2026 FI\u0218E DE DISCIPLIN\u0102 CIG 2025-2026 Discipline de studiu ID LISTA DISCIPLINELOR DE STUDIU \u2022\u00a0Specializarea ADMINISTRAREA AFACERILOR\u2022\u00a0Specializarea CONTABILITATE \u015eI INFORMATIC\u0102 DE GESTIUNE\u2022\u00a0Specializarea FINAN\u0162E \u015eI B\u0102NCI \u00a0 Bro\u0219ur\u0103 prezentare studii de Licen\u021b\u0103\u00a0 \u00a0 Discipline studiu Master LISTA DISCIPLINELOR DE&#8230;<\/p>","protected":false},"author":1,"featured_media":0,"parent":24996,"menu_order":0,"comment_status":"closed","ping_status":"closed","template":"","meta":{"footnotes":""},"class_list":["post-36613","page","type-page","status-publish","hentry"],"_links":{"self":[{"href":"https:\/\/site.utm.ro\/en\/wp-json\/wp\/v2\/pages\/36613","targetHints":{"allow":["GET"]}}],"collection":[{"href":"https:\/\/site.utm.ro\/en\/wp-json\/wp\/v2\/pages"}],"about":[{"href":"https:\/\/site.utm.ro\/en\/wp-json\/wp\/v2\/types\/page"}],"author":[{"embeddable":true,"href":"https:\/\/site.utm.ro\/en\/wp-json\/wp\/v2\/users\/1"}],"replies":[{"embeddable":true,"href":"https:\/\/site.utm.ro\/en\/wp-json\/wp\/v2\/comments?post=36613"}],"version-history":[{"count":0,"href":"https:\/\/site.utm.ro\/en\/wp-json\/wp\/v2\/pages\/36613\/revisions"}],"up":[{"embeddable":true,"href":"https:\/\/site.utm.ro\/en\/wp-json\/wp\/v2\/pages\/24996"}],"wp:attachment":[{"href":"https:\/\/site.utm.ro\/en\/wp-json\/wp\/v2\/media?parent=36613"}],"curies":[{"name":"wp","href":"https:\/\/api.w.org\/{rel}","templated":true}]}}