{"id":36610,"date":"2026-03-17T08:11:31","date_gmt":"2026-03-17T08:11:31","guid":{"rendered":"https:\/\/site.utm.ro\/?page_id=36610"},"modified":"2026-03-23T11:11:16","modified_gmt":"2026-03-23T11:11:16","slug":"news","status":"publish","type":"page","link":"https:\/\/site.utm.ro\/en\/facultatea-de-stiinte-economice\/noutati\/","title":{"rendered":"FSE &#8211; Nout\u0103\u021bi"},"content":{"rendered":"<div data-elementor-type=\"wp-page\" data-elementor-id=\"36610\" class=\"elementor elementor-36610\" data-elementor-post-type=\"page\">\n\t\t\t\t\t\t<section class=\"elementor-section elementor-top-section elementor-element elementor-element-ee152e6 elementor-section-full_width elementor-section-height-default elementor-section-height-default\" data-id=\"ee152e6\" data-element_type=\"section\" data-e-type=\"section\">\n\t\t\t\t\t\t<div class=\"elementor-container elementor-column-gap-default\">\n\t\t\t\t\t<div class=\"elementor-column elementor-col-100 elementor-top-column elementor-element elementor-element-ac5fdd7\" data-id=\"ac5fdd7\" data-element_type=\"column\" data-e-type=\"column\">\n\t\t\t<div class=\"elementor-widget-wrap elementor-element-populated\">\n\t\t\t\t\t\t<div class=\"elementor-element elementor-element-ff4d7d7 elementor-widget elementor-widget-template\" data-id=\"ff4d7d7\" data-element_type=\"widget\" data-e-type=\"widget\" data-widget_type=\"template.default\">\n\t\t\t\t<div class=\"elementor-widget-container\">\n\t\t\t\t\t\t\t<div class=\"elementor-template\">\n\t\t\t\t\t<div data-elementor-type=\"section\" data-elementor-id=\"36509\" class=\"elementor elementor-36509\" data-elementor-post-type=\"elementor_library\">\n\t\t\t\t\t<section class=\"elementor-section elementor-top-section elementor-element elementor-element-30b361f4 elementor-section-full_width elementor-section-height-default elementor-section-height-default\" data-id=\"30b361f4\" data-element_type=\"section\" data-e-type=\"section\">\n\t\t\t\t\t\t<div class=\"elementor-container elementor-column-gap-default\">\n\t\t\t\t\t<div class=\"elementor-column elementor-col-100 elementor-top-column elementor-element elementor-element-170f6fff\" data-id=\"170f6fff\" data-element_type=\"column\" data-e-type=\"column\">\n\t\t\t<div class=\"elementor-widget-wrap elementor-element-populated\">\n\t\t\t\t\t\t<div class=\"elementor-element elementor-element-224e85d9 elementor--h-position-center elementor--v-position-middle elementor-pagination-position-inside elementor-widget elementor-widget-slides\" data-id=\"224e85d9\" data-element_type=\"widget\" data-e-type=\"widget\" data-settings=\"{&quot;navigation&quot;:&quot;dots&quot;,&quot;autoplay&quot;:&quot;yes&quot;,&quot;pause_on_hover&quot;:&quot;yes&quot;,&quot;pause_on_interaction&quot;:&quot;yes&quot;,&quot;autoplay_speed&quot;:5000,&quot;infinite&quot;:&quot;yes&quot;,&quot;transition&quot;:&quot;slide&quot;,&quot;transition_speed&quot;:500}\" data-widget_type=\"slides.default\">\n\t\t\t\t<div class=\"elementor-widget-container\">\n\t\t\t\t\t\t\t\t<div class=\"elementor-swiper\">\n\t\t\t\t<div class=\"elementor-slides-wrapper elementor-main-swiper swiper-container\" dir=\"ltr\" data-animation=\"fadeInUp\">\n\t\t\t\t\t<div class=\"swiper-wrapper elementor-slides\">\n\t\t\t\t\t\t\t\t\t\t\t\t<div class=\"elementor-repeater-item-301adab swiper-slide\"><div class=\"swiper-slide-bg\" role=\"img\"><\/div><div class=\"swiper-slide-inner\" ><div class=\"swiper-slide-contents\"><\/div><\/div><\/div>\t\t\t\t\t<\/div>\n\t\t\t\t\t\t\t\t\t<\/div>\n\t\t\t<\/div>\n\t\t\t\t\t\t\t<\/div>\n\t\t\t\t<\/div>\n\t\t\t\t\t<\/div>\n\t\t<\/div>\n\t\t\t\t\t<\/div>\n\t\t<\/section>\n\t\t\t\t<\/div>\n\t\t\t\t<\/div>\n\t\t\t\t\t\t<\/div>\n\t\t\t\t<\/div>\n\t\t\t\t\t<\/div>\n\t\t<\/div>\n\t\t\t\t\t<\/div>\n\t\t<\/section>\n\t\t\t\t<section class=\"elementor-section elementor-top-section elementor-element elementor-element-a7cec70 elementor-section-boxed elementor-section-height-default elementor-section-height-default\" data-id=\"a7cec70\" data-element_type=\"section\" data-e-type=\"section\">\n\t\t\t\t\t\t<div class=\"elementor-container elementor-column-gap-no\">\n\t\t\t\t\t<div class=\"elementor-column elementor-col-50 elementor-top-column elementor-element elementor-element-21b872b animated-fast elementor-invisible\" data-id=\"21b872b\" data-element_type=\"column\" data-e-type=\"column\" data-settings=\"{&quot;background_background&quot;:&quot;classic&quot;,&quot;animation&quot;:&quot;fadeIn&quot;,&quot;animation_tablet&quot;:&quot;none&quot;,&quot;animation_mobile&quot;:&quot;none&quot;,&quot;animation_delay&quot;:100}\">\n\t\t\t<div class=\"elementor-widget-wrap elementor-element-populated\">\n\t\t\t\t\t\t<div class=\"elementor-element elementor-element-f904b8f elementor-widget elementor-widget-heading\" data-id=\"f904b8f\" data-element_type=\"widget\" data-e-type=\"widget\" data-widget_type=\"heading.default\">\n\t\t\t\t<div class=\"elementor-widget-container\">\n\t\t\t\t\t<h1 class=\"elementor-heading-title elementor-size-default\">News<\/h1>\t\t\t\t<\/div>\n\t\t\t\t<\/div>\n\t\t\t\t\t<\/div>\n\t\t<\/div>\n\t\t\t\t<div class=\"elementor-column elementor-col-50 elementor-top-column elementor-element elementor-element-fa22a91 elementor-hidden-desktop elementor-hidden-tablet elementor-hidden-phone\" data-id=\"fa22a91\" data-element_type=\"column\" data-e-type=\"column\">\n\t\t\t<div class=\"elementor-widget-wrap\">\n\t\t\t\t\t\t\t<\/div>\n\t\t<\/div>\n\t\t\t\t\t<\/div>\n\t\t<\/section>\n\t\t\t\t<section class=\"elementor-section elementor-top-section elementor-element elementor-element-5a337ce elementor-section-boxed elementor-section-height-default elementor-section-height-default\" data-id=\"5a337ce\" data-element_type=\"section\" data-e-type=\"section\">\n\t\t\t\t\t\t<div class=\"elementor-container elementor-column-gap-default\">\n\t\t\t\t\t<div class=\"elementor-column elementor-col-100 elementor-top-column elementor-element elementor-element-95ebf9b\" data-id=\"95ebf9b\" data-element_type=\"column\" data-e-type=\"column\">\n\t\t\t<div class=\"elementor-widget-wrap elementor-element-populated\">\n\t\t\t\t\t\t\t<\/div>\n\t\t<\/div>\n\t\t\t\t\t<\/div>\n\t\t<\/section>\n\t\t\t\t<section class=\"elementor-section elementor-top-section elementor-element elementor-element-1352a75 elementor-section-boxed elementor-section-height-default elementor-section-height-default\" data-id=\"1352a75\" data-element_type=\"section\" data-e-type=\"section\">\n\t\t\t\t\t\t<div class=\"elementor-container elementor-column-gap-no\">\n\t\t\t\t\t<div class=\"elementor-column elementor-col-100 elementor-top-column elementor-element elementor-element-a813b9f\" data-id=\"a813b9f\" data-element_type=\"column\" data-e-type=\"column\">\n\t\t\t<div class=\"elementor-widget-wrap elementor-element-populated\">\n\t\t\t\t\t\t<div class=\"elementor-element elementor-element-8ec56e6 animated-fast elementor-grid-3 elementor-grid-tablet-2 elementor-grid-mobile-1 elementor-posts--thumbnail-top load-more-align-center elementor-invisible elementor-widget elementor-widget-posts\" data-id=\"8ec56e6\" data-element_type=\"widget\" data-e-type=\"widget\" data-settings=\"{&quot;classic_row_gap&quot;:{&quot;unit&quot;:&quot;px&quot;,&quot;size&quot;:60,&quot;sizes&quot;:[]},&quot;_animation&quot;:&quot;fadeIn&quot;,&quot;classic_row_gap_mobile&quot;:{&quot;unit&quot;:&quot;px&quot;,&quot;size&quot;:50,&quot;sizes&quot;:[]},&quot;pagination_type&quot;:&quot;load_more_on_click&quot;,&quot;classic_columns&quot;:&quot;3&quot;,&quot;classic_columns_tablet&quot;:&quot;2&quot;,&quot;classic_columns_mobile&quot;:&quot;1&quot;,&quot;classic_row_gap_tablet&quot;:{&quot;unit&quot;:&quot;px&quot;,&quot;size&quot;:&quot;&quot;,&quot;sizes&quot;:[]},&quot;load_more_spinner&quot;:{&quot;value&quot;:&quot;fas fa-spinner&quot;,&quot;library&quot;:&quot;fa-solid&quot;}}\" data-widget_type=\"posts.classic\">\n\t\t\t\t<div class=\"elementor-widget-container\">\n\t\t\t\t\t\t\t<div class=\"elementor-posts-container elementor-posts elementor-posts--skin-classic elementor-grid\" role=\"list\">\n\t\t\t\t<article class=\"elementor-post elementor-grid-item post-37631 post type-post status-publish format-standard has-post-thumbnail hentry category-ro category-stiinte-economice category-stiri-evenimente\" role=\"listitem\">\n\t\t\t\t<a class=\"elementor-post__thumbnail__link\" href=\"https:\/\/site.utm.ro\/en\/facultatea-de-stiinte-economice-anunta-un-nou-parteneriat-strategic-cu-advanced-thinking-switzerland-ats\/\" tabindex=\"-1\">\n\t\t\t<div class=\"elementor-post__thumbnail\"><img fetchpriority=\"high\" decoding=\"async\" width=\"1280\" height=\"1280\" src=\"https:\/\/site.utm.ro\/wp-content\/uploads\/2026\/02\/Parteneriat-nou-Advanced-Thinking-Switzerland-1.jpeg\" class=\"attachment-full size-full wp-image-37632\" alt=\"\" srcset=\"https:\/\/site.utm.ro\/wp-content\/uploads\/2026\/02\/Parteneriat-nou-Advanced-Thinking-Switzerland-1.jpeg 1280w, https:\/\/site.utm.ro\/wp-content\/uploads\/2026\/02\/Parteneriat-nou-Advanced-Thinking-Switzerland-1-300x300.jpeg 300w, https:\/\/site.utm.ro\/wp-content\/uploads\/2026\/02\/Parteneriat-nou-Advanced-Thinking-Switzerland-1-1024x1024.jpeg 1024w, https:\/\/site.utm.ro\/wp-content\/uploads\/2026\/02\/Parteneriat-nou-Advanced-Thinking-Switzerland-1-150x150.jpeg 150w, https:\/\/site.utm.ro\/wp-content\/uploads\/2026\/02\/Parteneriat-nou-Advanced-Thinking-Switzerland-1-768x768.jpeg 768w, https:\/\/site.utm.ro\/wp-content\/uploads\/2026\/02\/Parteneriat-nou-Advanced-Thinking-Switzerland-1-12x12.jpeg 12w, https:\/\/site.utm.ro\/wp-content\/uploads\/2026\/02\/Parteneriat-nou-Advanced-Thinking-Switzerland-1-840x840.jpeg 840w, https:\/\/site.utm.ro\/wp-content\/uploads\/2026\/02\/Parteneriat-nou-Advanced-Thinking-Switzerland-1-1260x1260.jpeg 1260w, https:\/\/site.utm.ro\/wp-content\/uploads\/2026\/02\/Parteneriat-nou-Advanced-Thinking-Switzerland-1-420x420.jpeg 420w, https:\/\/site.utm.ro\/wp-content\/uploads\/2026\/02\/Parteneriat-nou-Advanced-Thinking-Switzerland-1-630x630.jpeg 630w, https:\/\/site.utm.ro\/wp-content\/uploads\/2026\/02\/Parteneriat-nou-Advanced-Thinking-Switzerland-1-315x315.jpeg 315w\" sizes=\"(max-width: 1280px) 100vw, 1280px\" \/><\/div>\n\t\t<\/a>\n\t\t\t\t<div class=\"elementor-post__text\">\n\t\t\t\t<h4 class=\"elementor-post__title\">\n\t\t\t<a href=\"https:\/\/site.utm.ro\/en\/facultatea-de-stiinte-economice-anunta-un-nou-parteneriat-strategic-cu-advanced-thinking-switzerland-ats\/\">\n\t\t\t\tFacultatea de \u0218tiin\u021be Economice anun\u021b\u0103 un nou parteneriat strategic cu Advanced Thinking Switzerland (ATS)\t\t\t<\/a>\n\t\t<\/h4>\n\t\t\t\t<div class=\"elementor-post__meta-data\">\n\t\t\t\t\t<span class=\"elementor-post-date\">\n\t\t\t20 February 2026\t\t<\/span>\n\t\t\t\t<\/div>\n\t\t\t\t<div class=\"elementor-post__excerpt\">\n\t\t\t<p>Facultatea de \u0218tiin\u021be Economice anun\u021b\u0103 un nou parteneriat strategic cu Advanced Thinking Switzerland (ATS) Facultatea de \u0218tiin\u021be Economice din cadrul Universit\u0103\u021bii Titu Maiorescu a \u00eencheiat<\/p>\n\t\t<\/div>\n\t\t\n\t\t<a class=\"elementor-post__read-more\" href=\"https:\/\/site.utm.ro\/en\/facultatea-de-stiinte-economice-anunta-un-nou-parteneriat-strategic-cu-advanced-thinking-switzerland-ats\/\" aria-label=\"Read more about Facultatea de \u0218tiin\u021be Economice anun\u021b\u0103 un nou parteneriat strategic cu Advanced Thinking Switzerland (ATS)\" tabindex=\"-1\">\n\t\t\t\t\t<\/a>\n\n\t\t\t\t<\/div>\n\t\t\t\t<\/article>\n\t\t\t\t<article class=\"elementor-post elementor-grid-item post-37764 post type-post status-publish format-standard has-post-thumbnail hentry category-comunicate-de-presa category-ro category-stiinte-economice\" role=\"listitem\">\n\t\t\t\t<a class=\"elementor-post__thumbnail__link\" href=\"https:\/\/site.utm.ro\/en\/universitatea-titu-maiorescu-35-de-ani-de-la-infiintare-facultatea-de-stiinte-economice-se-identifica-cu-istoria-universitatii\/\" tabindex=\"-1\">\n\t\t\t<div class=\"elementor-post__thumbnail\"><img decoding=\"async\" width=\"1080\" height=\"1080\" src=\"https:\/\/site.utm.ro\/wp-content\/uploads\/2025\/04\/FSE.png\" class=\"attachment-full size-full wp-image-37765\" alt=\"\" srcset=\"https:\/\/site.utm.ro\/wp-content\/uploads\/2025\/04\/FSE.png 1080w, https:\/\/site.utm.ro\/wp-content\/uploads\/2025\/04\/FSE-300x300.png 300w, https:\/\/site.utm.ro\/wp-content\/uploads\/2025\/04\/FSE-1024x1024.png 1024w, https:\/\/site.utm.ro\/wp-content\/uploads\/2025\/04\/FSE-150x150.png 150w, https:\/\/site.utm.ro\/wp-content\/uploads\/2025\/04\/FSE-768x768.png 768w, https:\/\/site.utm.ro\/wp-content\/uploads\/2025\/04\/FSE-12x12.png 12w, https:\/\/site.utm.ro\/wp-content\/uploads\/2025\/04\/FSE-840x840.png 840w, https:\/\/site.utm.ro\/wp-content\/uploads\/2025\/04\/FSE-420x420.png 420w, https:\/\/site.utm.ro\/wp-content\/uploads\/2025\/04\/FSE-630x630.png 630w, https:\/\/site.utm.ro\/wp-content\/uploads\/2025\/04\/FSE-315x315.png 315w\" sizes=\"(max-width: 1080px) 100vw, 1080px\" \/><\/div>\n\t\t<\/a>\n\t\t\t\t<div class=\"elementor-post__text\">\n\t\t\t\t<h4 class=\"elementor-post__title\">\n\t\t\t<a href=\"https:\/\/site.utm.ro\/en\/universitatea-titu-maiorescu-35-de-ani-de-la-infiintare-facultatea-de-stiinte-economice-se-identifica-cu-istoria-universitatii\/\">\n\t\t\t\tUniversitatea Titu Maiorescu, 35 de ani de la \u00eenfiin\u021bare \u2013 Facultatea de \u0218tiin\u021be Economice se identific\u0103 cu istoria Universit\u0103\u021bii\t\t\t<\/a>\n\t\t<\/h4>\n\t\t\t\t<div class=\"elementor-post__meta-data\">\n\t\t\t\t\t<span class=\"elementor-post-date\">\n\t\t\t7 April 2025\t\t<\/span>\n\t\t\t\t<\/div>\n\t\t\t\t<div class=\"elementor-post__excerpt\">\n\t\t\t<p>Universitatea Titu Maiorescu, 35 de ani de la \u00eenfiin\u021bare Facultatea de \u0218tiin\u021be Economice se identific\u0103 cu istoria Universit\u0103\u021bii \u00a0 \u201eFacultatea de \u0218tiin\u021be Economice a Universit\u0103\u021bii<\/p>\n\t\t<\/div>\n\t\t\n\t\t<a class=\"elementor-post__read-more\" href=\"https:\/\/site.utm.ro\/en\/universitatea-titu-maiorescu-35-de-ani-de-la-infiintare-facultatea-de-stiinte-economice-se-identifica-cu-istoria-universitatii\/\" aria-label=\"Read more about Universitatea Titu Maiorescu, 35 de ani de la \u00eenfiin\u021bare \u2013 Facultatea de \u0218tiin\u021be Economice se identific\u0103 cu istoria Universit\u0103\u021bii\" tabindex=\"-1\">\n\t\t\t\t\t<\/a>\n\n\t\t\t\t<\/div>\n\t\t\t\t<\/article>\n\t\t\t\t<article class=\"elementor-post elementor-grid-item post-37796 post type-post status-publish format-standard has-post-thumbnail hentry category-ro category-stiinte-economice category-stiri-evenimente\" role=\"listitem\">\n\t\t\t\t<a class=\"elementor-post__thumbnail__link\" href=\"https:\/\/site.utm.ro\/en\/smartfinisf-si-laboratorul-academic-seminar-de-perfectionare-vocationala\/\" tabindex=\"-1\">\n\t\t\t<div class=\"elementor-post__thumbnail\"><img decoding=\"async\" width=\"1600\" height=\"1600\" src=\"https:\/\/site.utm.ro\/wp-content\/uploads\/2024\/11\/afis-IFN-3.jpeg\" class=\"attachment-full size-full wp-image-37797\" alt=\"\" srcset=\"https:\/\/site.utm.ro\/wp-content\/uploads\/2024\/11\/afis-IFN-3.jpeg 1600w, https:\/\/site.utm.ro\/wp-content\/uploads\/2024\/11\/afis-IFN-3-300x300.jpeg 300w, https:\/\/site.utm.ro\/wp-content\/uploads\/2024\/11\/afis-IFN-3-1024x1024.jpeg 1024w, https:\/\/site.utm.ro\/wp-content\/uploads\/2024\/11\/afis-IFN-3-150x150.jpeg 150w, https:\/\/site.utm.ro\/wp-content\/uploads\/2024\/11\/afis-IFN-3-768x768.jpeg 768w, https:\/\/site.utm.ro\/wp-content\/uploads\/2024\/11\/afis-IFN-3-1536x1536.jpeg 1536w, https:\/\/site.utm.ro\/wp-content\/uploads\/2024\/11\/afis-IFN-3-12x12.jpeg 12w, https:\/\/site.utm.ro\/wp-content\/uploads\/2024\/11\/afis-IFN-3-840x840.jpeg 840w, https:\/\/site.utm.ro\/wp-content\/uploads\/2024\/11\/afis-IFN-3-1260x1260.jpeg 1260w, https:\/\/site.utm.ro\/wp-content\/uploads\/2024\/11\/afis-IFN-3-420x420.jpeg 420w, https:\/\/site.utm.ro\/wp-content\/uploads\/2024\/11\/afis-IFN-3-630x630.jpeg 630w, https:\/\/site.utm.ro\/wp-content\/uploads\/2024\/11\/afis-IFN-3-315x315.jpeg 315w\" sizes=\"(max-width: 1600px) 100vw, 1600px\" \/><\/div>\n\t\t<\/a>\n\t\t\t\t<div class=\"elementor-post__text\">\n\t\t\t\t<h4 class=\"elementor-post__title\">\n\t\t\t<a href=\"https:\/\/site.utm.ro\/en\/smartfinisf-si-laboratorul-academic-seminar-de-perfectionare-vocationala\/\">\n\t\t\t\tSmartFIN@ISF and the Academic Laboratory \u2013 Vocational Development Seminar\t\t\t<\/a>\n\t\t<\/h4>\n\t\t\t\t<div class=\"elementor-post__meta-data\">\n\t\t\t\t\t<span class=\"elementor-post-date\">\n\t\t\t13 November 2024\t\t<\/span>\n\t\t\t\t<\/div>\n\t\t\t\t<div class=\"elementor-post__excerpt\">\n\t\t\t<p>SmartFIN@ISF \u0219i Laboratorul Academic Seminar de perfec\u021bionare voca\u021bional\u0103 \u00a0 Facultatea de \u0218tiin\u021be Economice UTM v\u0103 invit\u0103 la seminarul online SmartFIN@ISF \u0219i Laboratorul Academic, cu tema<\/p>\n\t\t<\/div>\n\t\t\n\t\t<a class=\"elementor-post__read-more\" href=\"https:\/\/site.utm.ro\/en\/smartfinisf-si-laboratorul-academic-seminar-de-perfectionare-vocationala\/\" aria-label=\"Read more about SmartFIN@ISF  \u0219i Laboratorul Academic &#8211; Seminar de perfec\u021bionare voca\u021bional\u0103\" tabindex=\"-1\">\n\t\t\t\t\t<\/a>\n\n\t\t\t\t<\/div>\n\t\t\t\t<\/article>\n\t\t\t\t<article class=\"elementor-post elementor-grid-item post-37800 post type-post status-publish format-standard has-post-thumbnail hentry category-ro category-stiinte-economice category-stiri-evenimente\" role=\"listitem\">\n\t\t\t\t<a class=\"elementor-post__thumbnail__link\" href=\"https:\/\/site.utm.ro\/en\/importanta-conformarii-fiscale-pentru-viitorii-angajati-si-tineri-antreprenori-servicii-electronice-oferite-de-anaf\/\" tabindex=\"-1\">\n\t\t\t<div class=\"elementor-post__thumbnail\"><img loading=\"lazy\" decoding=\"async\" width=\"2048\" height=\"2048\" src=\"https:\/\/site.utm.ro\/wp-content\/uploads\/2024\/10\/ANAF-UTM.png\" class=\"attachment-full size-full wp-image-37801\" alt=\"\" srcset=\"https:\/\/site.utm.ro\/wp-content\/uploads\/2024\/10\/ANAF-UTM.png 2048w, https:\/\/site.utm.ro\/wp-content\/uploads\/2024\/10\/ANAF-UTM-300x300.png 300w, https:\/\/site.utm.ro\/wp-content\/uploads\/2024\/10\/ANAF-UTM-1024x1024.png 1024w, https:\/\/site.utm.ro\/wp-content\/uploads\/2024\/10\/ANAF-UTM-150x150.png 150w, https:\/\/site.utm.ro\/wp-content\/uploads\/2024\/10\/ANAF-UTM-768x768.png 768w, https:\/\/site.utm.ro\/wp-content\/uploads\/2024\/10\/ANAF-UTM-1536x1536.png 1536w, https:\/\/site.utm.ro\/wp-content\/uploads\/2024\/10\/ANAF-UTM-12x12.png 12w, https:\/\/site.utm.ro\/wp-content\/uploads\/2024\/10\/ANAF-UTM-840x840.png 840w, https:\/\/site.utm.ro\/wp-content\/uploads\/2024\/10\/ANAF-UTM-1260x1260.png 1260w, https:\/\/site.utm.ro\/wp-content\/uploads\/2024\/10\/ANAF-UTM-420x420.png 420w, https:\/\/site.utm.ro\/wp-content\/uploads\/2024\/10\/ANAF-UTM-630x630.png 630w, https:\/\/site.utm.ro\/wp-content\/uploads\/2024\/10\/ANAF-UTM-315x315.png 315w\" sizes=\"(max-width: 2048px) 100vw, 2048px\" \/><\/div>\n\t\t<\/a>\n\t\t\t\t<div class=\"elementor-post__text\">\n\t\t\t\t<h4 class=\"elementor-post__title\">\n\t\t\t<a href=\"https:\/\/site.utm.ro\/en\/importanta-conformarii-fiscale-pentru-viitorii-angajati-si-tineri-antreprenori-servicii-electronice-oferite-de-anaf\/\">\n\t\t\t\tThe Importance of Tax Compliance for Future Employees and Young Entrepreneurs. Electronic Services Offered by ANAF\t\t\t<\/a>\n\t\t<\/h4>\n\t\t\t\t<div class=\"elementor-post__meta-data\">\n\t\t\t\t\t<span class=\"elementor-post-date\">\n\t\t\t24 October 2024\t\t<\/span>\n\t\t\t\t<\/div>\n\t\t\t\t<div class=\"elementor-post__excerpt\">\n\t\t\t<p>\u00a0 Importan\u021ba conform\u0103rii fiscale pentru viitorii angaja\u021bi \u0219i tineri antreprenori Servicii electronice oferite de ANAF \u00a0 Dragi studen\u021bi \u0219i masteranzi Facultatea de \u0218tiin\u021be Economice a<\/p>\n\t\t<\/div>\n\t\t\n\t\t<a class=\"elementor-post__read-more\" href=\"https:\/\/site.utm.ro\/en\/importanta-conformarii-fiscale-pentru-viitorii-angajati-si-tineri-antreprenori-servicii-electronice-oferite-de-anaf\/\" aria-label=\"Read more about Importan\u021ba conform\u0103rii fiscale pentru viitorii angaja\u021bi \u0219i tineri antreprenori. Servicii electronice oferite de ANAF\" tabindex=\"-1\">\n\t\t\t\t\t<\/a>\n\n\t\t\t\t<\/div>\n\t\t\t\t<\/article>\n\t\t\t\t<article class=\"elementor-post elementor-grid-item post-37846 post type-post status-publish format-standard has-post-thumbnail hentry category-ro category-stiinte-economice category-stiri-evenimente\" role=\"listitem\">\n\t\t\t\t<a class=\"elementor-post__thumbnail__link\" href=\"https:\/\/site.utm.ro\/en\/seminar-de-perfectionare-vocationala-smartfinisf-la-utm\/\" tabindex=\"-1\">\n\t\t\t<div class=\"elementor-post__thumbnail\"><img loading=\"lazy\" decoding=\"async\" width=\"1080\" height=\"1080\" src=\"https:\/\/site.utm.ro\/wp-content\/uploads\/2024\/04\/smartfin.png\" class=\"attachment-full size-full wp-image-37847\" alt=\"\" srcset=\"https:\/\/site.utm.ro\/wp-content\/uploads\/2024\/04\/smartfin.png 1080w, https:\/\/site.utm.ro\/wp-content\/uploads\/2024\/04\/smartfin-300x300.png 300w, https:\/\/site.utm.ro\/wp-content\/uploads\/2024\/04\/smartfin-1024x1024.png 1024w, https:\/\/site.utm.ro\/wp-content\/uploads\/2024\/04\/smartfin-150x150.png 150w, https:\/\/site.utm.ro\/wp-content\/uploads\/2024\/04\/smartfin-768x768.png 768w, https:\/\/site.utm.ro\/wp-content\/uploads\/2024\/04\/smartfin-12x12.png 12w, https:\/\/site.utm.ro\/wp-content\/uploads\/2024\/04\/smartfin-840x840.png 840w, https:\/\/site.utm.ro\/wp-content\/uploads\/2024\/04\/smartfin-420x420.png 420w, https:\/\/site.utm.ro\/wp-content\/uploads\/2024\/04\/smartfin-630x630.png 630w, https:\/\/site.utm.ro\/wp-content\/uploads\/2024\/04\/smartfin-315x315.png 315w\" sizes=\"(max-width: 1080px) 100vw, 1080px\" \/><\/div>\n\t\t<\/a>\n\t\t\t\t<div class=\"elementor-post__text\">\n\t\t\t\t<h4 class=\"elementor-post__title\">\n\t\t\t<a href=\"https:\/\/site.utm.ro\/en\/seminar-de-perfectionare-vocationala-smartfinisf-la-utm\/\">\n\t\t\t\tSeminar de Perfec\u021bionare Voca\u021bional\u0103 SmartFIN@ISF la UTM\t\t\t<\/a>\n\t\t<\/h4>\n\t\t\t\t<div class=\"elementor-post__meta-data\">\n\t\t\t\t\t<span class=\"elementor-post-date\">\n\t\t\t4 April 2024\t\t<\/span>\n\t\t\t\t<\/div>\n\t\t\t\t<div class=\"elementor-post__excerpt\">\n\t\t\t<p>\u00a0 Seminar de Perfec\u021bionare Voca\u021bional\u0103 SmartFIN@ISF la UTM Universitatea \u201cTitu Maiorescu\u201d din Bucure\u0219ti \u00eempreun\u0103 cu Institutul de Studii Financiare\u00a0v\u0103 invit\u0103 joi, \u00een data de 11<\/p>\n\t\t<\/div>\n\t\t\n\t\t<a class=\"elementor-post__read-more\" href=\"https:\/\/site.utm.ro\/en\/seminar-de-perfectionare-vocationala-smartfinisf-la-utm\/\" aria-label=\"Read more about Seminar de Perfec\u021bionare Voca\u021bional\u0103 SmartFIN@ISF la UTM\" tabindex=\"-1\">\n\t\t\t\t\t<\/a>\n\n\t\t\t\t<\/div>\n\t\t\t\t<\/article>\n\t\t\t\t<\/div>\n\t\t\t\t\t<span class=\"e-load-more-spinner\">\n\t\t\t\t<i aria-hidden=\"true\" class=\"fas fa-spinner\"><\/i>\t\t\t<\/span>\n\t\t\n\t\t\t\t\t\t<\/div>\n\t\t\t\t<\/div>\n\t\t\t\t\t<\/div>\n\t\t<\/div>\n\t\t\t\t\t<\/div>\n\t\t<\/section>\n\t\t\t\t<section class=\"elementor-section elementor-top-section elementor-element elementor-element-1e5e271 elementor-section-boxed elementor-section-height-default elementor-section-height-default\" data-id=\"1e5e271\" data-element_type=\"section\" data-e-type=\"section\">\n\t\t\t\t\t\t<div class=\"elementor-container elementor-column-gap-default\">\n\t\t\t\t\t<div class=\"elementor-column elementor-col-100 elementor-top-column elementor-element elementor-element-244e804\" data-id=\"244e804\" data-element_type=\"column\" data-e-type=\"column\">\n\t\t\t<div class=\"elementor-widget-wrap elementor-element-populated\">\n\t\t\t\t\t\t<div class=\"elementor-element elementor-element-4d321ee elementor-widget elementor-widget-spacer\" data-id=\"4d321ee\" data-element_type=\"widget\" data-e-type=\"widget\" data-widget_type=\"spacer.default\">\n\t\t\t\t<div class=\"elementor-widget-container\">\n\t\t\t\t\t\t\t<div class=\"elementor-spacer\">\n\t\t\t<div class=\"elementor-spacer-inner\"><\/div>\n\t\t<\/div>\n\t\t\t\t\t\t<\/div>\n\t\t\t\t<\/div>\n\t\t\t\t\t<\/div>\n\t\t<\/div>\n\t\t\t\t\t<\/div>\n\t\t<\/section>\n\t\t\t\t<\/div>","protected":false},"excerpt":{"rendered":"<p>News<\/p>","protected":false},"author":1,"featured_media":0,"parent":24996,"menu_order":0,"comment_status":"closed","ping_status":"closed","template":"","meta":{"footnotes":""},"class_list":["post-36610","page","type-page","status-publish","hentry"],"_links":{"self":[{"href":"https:\/\/site.utm.ro\/en\/wp-json\/wp\/v2\/pages\/36610","targetHints":{"allow":["GET"]}}],"collection":[{"href":"https:\/\/site.utm.ro\/en\/wp-json\/wp\/v2\/pages"}],"about":[{"href":"https:\/\/site.utm.ro\/en\/wp-json\/wp\/v2\/types\/page"}],"author":[{"embeddable":true,"href":"https:\/\/site.utm.ro\/en\/wp-json\/wp\/v2\/users\/1"}],"replies":[{"embeddable":true,"href":"https:\/\/site.utm.ro\/en\/wp-json\/wp\/v2\/comments?post=36610"}],"version-history":[{"count":0,"href":"https:\/\/site.utm.ro\/en\/wp-json\/wp\/v2\/pages\/36610\/revisions"}],"up":[{"embeddable":true,"href":"https:\/\/site.utm.ro\/en\/wp-json\/wp\/v2\/pages\/24996"}],"wp:attachment":[{"href":"https:\/\/site.utm.ro\/en\/wp-json\/wp\/v2\/media?parent=36610"}],"curies":[{"name":"wp","href":"https:\/\/api.w.org\/{rel}","templated":true}]}}