{"id":36577,"date":"2026-03-16T15:51:21","date_gmt":"2026-03-16T15:51:21","guid":{"rendered":"https:\/\/site.utm.ro\/?page_id=36577"},"modified":"2026-03-16T15:51:40","modified_gmt":"2026-03-16T15:51:40","slug":"teaching-staff","status":"publish","type":"page","link":"https:\/\/site.utm.ro\/en\/facultatea-de-stiinte-economice\/cadre-didactice\/","title":{"rendered":"FSE &#8211; Cadre didactice"},"content":{"rendered":"<div data-elementor-type=\"wp-page\" data-elementor-id=\"36577\" class=\"elementor elementor-36577\" data-elementor-post-type=\"page\">\n\t\t\t\t\t\t<section class=\"elementor-section elementor-top-section elementor-element elementor-element-ee152e6 elementor-section-full_width elementor-section-height-default elementor-section-height-default\" data-id=\"ee152e6\" data-element_type=\"section\" data-e-type=\"section\">\n\t\t\t\t\t\t<div class=\"elementor-container elementor-column-gap-default\">\n\t\t\t\t\t<div class=\"elementor-column elementor-col-100 elementor-top-column elementor-element elementor-element-ac5fdd7\" data-id=\"ac5fdd7\" data-element_type=\"column\" data-e-type=\"column\">\n\t\t\t<div class=\"elementor-widget-wrap elementor-element-populated\">\n\t\t\t\t\t\t<div class=\"elementor-element elementor-element-ff4d7d7 elementor-widget elementor-widget-template\" data-id=\"ff4d7d7\" data-element_type=\"widget\" data-e-type=\"widget\" data-widget_type=\"template.default\">\n\t\t\t\t<div class=\"elementor-widget-container\">\n\t\t\t\t\t\t\t<div class=\"elementor-template\">\n\t\t\t\t\t<div data-elementor-type=\"section\" data-elementor-id=\"36509\" class=\"elementor elementor-36509\" data-elementor-post-type=\"elementor_library\">\n\t\t\t\t\t<section class=\"elementor-section elementor-top-section elementor-element elementor-element-30b361f4 elementor-section-full_width elementor-section-height-default elementor-section-height-default\" data-id=\"30b361f4\" data-element_type=\"section\" data-e-type=\"section\">\n\t\t\t\t\t\t<div class=\"elementor-container elementor-column-gap-default\">\n\t\t\t\t\t<div class=\"elementor-column elementor-col-100 elementor-top-column elementor-element elementor-element-170f6fff\" data-id=\"170f6fff\" data-element_type=\"column\" data-e-type=\"column\">\n\t\t\t<div class=\"elementor-widget-wrap elementor-element-populated\">\n\t\t\t\t\t\t<div class=\"elementor-element elementor-element-224e85d9 elementor--h-position-center elementor--v-position-middle elementor-pagination-position-inside elementor-widget elementor-widget-slides\" data-id=\"224e85d9\" data-element_type=\"widget\" data-e-type=\"widget\" data-settings=\"{&quot;navigation&quot;:&quot;dots&quot;,&quot;autoplay&quot;:&quot;yes&quot;,&quot;pause_on_hover&quot;:&quot;yes&quot;,&quot;pause_on_interaction&quot;:&quot;yes&quot;,&quot;autoplay_speed&quot;:5000,&quot;infinite&quot;:&quot;yes&quot;,&quot;transition&quot;:&quot;slide&quot;,&quot;transition_speed&quot;:500}\" data-widget_type=\"slides.default\">\n\t\t\t\t<div class=\"elementor-widget-container\">\n\t\t\t\t\t\t\t\t<div class=\"elementor-swiper\">\n\t\t\t\t<div class=\"elementor-slides-wrapper elementor-main-swiper swiper-container\" dir=\"ltr\" data-animation=\"fadeInUp\">\n\t\t\t\t\t<div class=\"swiper-wrapper elementor-slides\">\n\t\t\t\t\t\t\t\t\t\t\t\t<div class=\"elementor-repeater-item-301adab swiper-slide\"><div class=\"swiper-slide-bg\" role=\"img\"><\/div><div class=\"swiper-slide-inner\" ><div class=\"swiper-slide-contents\"><\/div><\/div><\/div>\t\t\t\t\t<\/div>\n\t\t\t\t\t\t\t\t\t<\/div>\n\t\t\t<\/div>\n\t\t\t\t\t\t\t<\/div>\n\t\t\t\t<\/div>\n\t\t\t\t\t<\/div>\n\t\t<\/div>\n\t\t\t\t\t<\/div>\n\t\t<\/section>\n\t\t\t\t<\/div>\n\t\t\t\t<\/div>\n\t\t\t\t\t\t<\/div>\n\t\t\t\t<\/div>\n\t\t\t\t\t<\/div>\n\t\t<\/div>\n\t\t\t\t\t<\/div>\n\t\t<\/section>\n\t\t\t\t<section class=\"elementor-section elementor-top-section elementor-element elementor-element-a7cec70 elementor-section-boxed elementor-section-height-default elementor-section-height-default\" data-id=\"a7cec70\" data-element_type=\"section\" data-e-type=\"section\">\n\t\t\t\t\t\t<div class=\"elementor-container elementor-column-gap-no\">\n\t\t\t\t\t<div class=\"elementor-column elementor-col-50 elementor-top-column elementor-element elementor-element-21b872b animated-fast elementor-invisible\" data-id=\"21b872b\" data-element_type=\"column\" data-e-type=\"column\" data-settings=\"{&quot;background_background&quot;:&quot;classic&quot;,&quot;animation&quot;:&quot;fadeIn&quot;,&quot;animation_tablet&quot;:&quot;none&quot;,&quot;animation_mobile&quot;:&quot;none&quot;,&quot;animation_delay&quot;:100}\">\n\t\t\t<div class=\"elementor-widget-wrap elementor-element-populated\">\n\t\t\t\t\t\t<div class=\"elementor-element elementor-element-f904b8f elementor-widget elementor-widget-heading\" data-id=\"f904b8f\" data-element_type=\"widget\" data-e-type=\"widget\" data-widget_type=\"heading.default\">\n\t\t\t\t<div class=\"elementor-widget-container\">\n\t\t\t\t\t<h1 class=\"elementor-heading-title elementor-size-default\">Teachers<\/h1>\t\t\t\t<\/div>\n\t\t\t\t<\/div>\n\t\t\t\t\t<\/div>\n\t\t<\/div>\n\t\t\t\t<div class=\"elementor-column elementor-col-50 elementor-top-column elementor-element elementor-element-fa22a91 elementor-hidden-desktop elementor-hidden-tablet elementor-hidden-phone\" data-id=\"fa22a91\" data-element_type=\"column\" data-e-type=\"column\">\n\t\t\t<div class=\"elementor-widget-wrap\">\n\t\t\t\t\t\t\t<\/div>\n\t\t<\/div>\n\t\t\t\t\t<\/div>\n\t\t<\/section>\n\t\t\t\t<section class=\"elementor-section elementor-top-section elementor-element elementor-element-5a337ce elementor-section-boxed elementor-section-height-default elementor-section-height-default\" data-id=\"5a337ce\" data-element_type=\"section\" data-e-type=\"section\">\n\t\t\t\t\t\t<div class=\"elementor-container elementor-column-gap-default\">\n\t\t\t\t\t<div class=\"elementor-column elementor-col-100 elementor-top-column elementor-element elementor-element-95ebf9b\" data-id=\"95ebf9b\" data-element_type=\"column\" data-e-type=\"column\">\n\t\t\t<div class=\"elementor-widget-wrap elementor-element-populated\">\n\t\t\t\t\t\t<div class=\"elementor-element elementor-element-3c2b061 elementor-widget elementor-widget-text-editor\" data-id=\"3c2b061\" data-element_type=\"widget\" data-e-type=\"widget\" data-widget_type=\"text-editor.default\">\n\t\t\t\t<div class=\"elementor-widget-container\">\n\t\t\t\t\t\t\t\t\t<p class=\"p1\"><span class=\"s1\"><b>CADRE DIDACTICE TITULARE<\/b><\/span><span class=\"s2\">\u00a0<\/span><\/p><ol start=\"1\" data-editing-info=\"{&quot;orderedStyleType&quot;:1}\"><li><a name=\"x__Hlk210678774\" data-olk-copy-source=\"MessageBody\"><\/a>University Professor Dr.\u00a0\u00a0<b>C\u0103pu\u0219neanu Sorinel<\/b>\u00a0\u2013\u00a0Discipline predate:\u202f Expertiz\u0103\u00a0contabil\u0103 \u0219i consultan\u021b\u0103 fiscal\u0103, Contabilitatea institu\u021biilor de credit, Contabilitate managerial\u0103, Contabilitate de gestiune.<\/li><li>University Professor Dr.\u00a0<b>Gherghina Rodica \u2013\u00a0<\/b>Discipline predate:\u202f Finan\u021be, Finan\u021be publice, Gestiunea financiar\u0103 a firmei<\/li><li>Conf. univ. dr.\u202f\u00a0<b>Calot\u0103 Traian<\/b>\u00a0<b>Ovidiu<\/b>\u00a0\u2013\u00a0Discipline predate:\u202fContabilitate: Contabilitate financiar\u0103\u00a0I, Control de gestiune.<\/li><li>Conf. univ. dr.\u202f\u00a0<b>Duca Ioana<\/b>\u00a0\u2013\u00a0Discipline predate:\u202f Moned\u0103 \u015fi credit, Gestiunea financiar\u0103 a firmei, Economie monetar\u0103, Responsabilitatea social\u0103 a organiza\u021biei.<\/li><li>Conf. univ. dr.<b>\u202f Postole Mirela Anca<\/b>\u00a0\u2013 Discipline predate:\u202f Finan\u021be, Asigur\u0103ri \u015fi reasigur\u0103ri, Buget \u015fi trezorerie public\u0103, Investi\u0163ii \u015fi finan\u0163area lor.<\/li><li><a name=\"x__Hlk210679985\"><\/a>Conf. univ. dr.\u00a0\u202f<b>V\u0103duva Florin<\/b>\u202f\u00a0\u2013 Discipline\u00a0predate:\u202f Management, Management strategic, Antreprenoriat.<\/li><li>Lect. univ. dr. \u00a0<b>Dogaru Mihaela Mirela\u00a0<\/b>\u2013 Discipline predate: Managementul rela\u021biilor cu furnizorii, Managementul rela\u021biilor cu clien\u021bii, Antreprenoriat, Managementul calit\u0103\u021bii, Managementul resurselor umane.<\/li><li>Lect. univ. dr.\u202f\u00a0<b>Ganea Tudor<\/b>\u00a0<b>Alexandru\u00a0<\/b>\u2013\u00a0Discipline\u00a0predate:\u202f Opera\u0163iunile institu\u0163iilor de credit, Gestiune bancar\u0103, Tehnici \u015fi opera\u0163iuni bancare, Pie\u0163e de capital.<\/li><li>Lect. univ. dr.\u202f\u00a0<b>Ionescu\u00a0Oana\u00a0Claudia<\/b>\u00a0\u2013\u00a0Discipline predate:\u202f Analiz\u0103\u00a0economico-financiar\u0103, Asigur\u0103ri \u015fi reasigur\u0103ri, Evaluarea \u00eentreprinderii, Practic\u0103 de specialitate.<\/li><li>Lect. univ. dr.\u202f\u00a0<b>M\u00e2ndricel Diana<\/b>\u00a0<b>Andreea \u2013<\/b>\u00a0Discipline predate:\u202f Macroeconomie, Doctrine economice, Etica \u00een afaceri, Microeconomie.<\/li><li>Lect. univ. dr.\u202f\u00a0<b>T\u0103nase Alin-Eliodor\u00a0<\/b>\u2013\u00a0Discipline\u00a0predate: \u202fFiscalitate,\u00a0Contabilitate public\u0103, Contabilitate bancar\u0103, Contabilitate de gestiune, Contabilitate consolidat\u0103, Practic\u0103\u00a0de specialitate.<\/li><li>Lect. univ. dr. \u202f<b>Teodorescu\u00a0Luiza<\/b>\u00a0<b>Melania\u00a0<\/b>\u2013\u00a0Discipline predate:\u202f Drept european, Dreptul afacerilor, Drept comercial,\u202fPractic\u0103\u00a0de specialitate.<\/li><li>Lect.univ.dr. \u202f<b>Voiculescu\u00a0M\u0103d\u0103lina<\/b>\u00a0<b>Irena<\/b>\u00a0\u2013\u00a0Discipline predate:\u202f Drept, Drept comercial.<\/li><li>Lect. univ. dr.\u202f\u00a0<b>Voiculescu\u00a0\u015eerban<\/b>\u00a0<b>Traian\u2013<\/b>\u00a0Discipline predate: \u202fAudit financiar-contabil, Audit, Gestiunea financiar\u0103 a institu\u0163iilor publice, \u00a0\u00a0Pre\u0163uri \u015fi concuren\u0163\u0103.<\/li><\/ol><p>\u00a0<\/p><p class=\"p7\"><span class=\"s1\"><b>CADRE DIDACTICE ASOCIATE<\/b><\/span><span class=\"s2\">\u00a0<\/span><\/p><ol start=\"1\" data-editing-info=\"{&quot;orderedStyleType&quot;:1}\"><li data-olk-copy-source=\"MessageBody\">Prof. Univ. Dr.\u00a0\u00a0<b>Epure Manuela<\/b>\u00a0\u2013 Discipline predate:\u00a0 Marketing, Comunicare \u015fi rela\u021bii publice \u020bn afaceri.<\/li><li>\u00a0Conf. univ. dr.\u00a0<b>Solomon Alina<\/b>\u00a0\u2013\u00a0 Discipline predate: Finan\u021be interna\u021bionale, Evaluarea firmei, Rela\u0163ii economice interna\u0163ionale.<\/li><li>\u00a0Lect. univ. dr.\u00a0<b>Dosescu Tatiana<\/b>\u00a0\u2013 Discipline predate: Matematic\u0103 aplicat\u0103 \u00een economie, Informatic\u0103, Baze de date.<\/li><li>Lect. Univ. Dr<b>.\u00a0 Iliescu Mihaela<\/b>\u00a0\u2013 Discipline predate: \u202fMacroeconomie.<\/li><li>Lect. Univ. Dr.\u00a0<b>Matei Adrian Ducu<\/b>\u00a0\u2013 Discipline predate: Contabilitate financiar\u0103, Contabilitate financiar\u0103 II.<\/li><li>Lect. Univ. Dr.\u00a0<b>Voinea Nicolae Ovidiu<\/b>\u00a0\u2013 Discipline predate: Finan\u021be interna\u021bionale, Managementul proiectelor \u020bn afaceri.<\/li><li>Specialist Dr.\u00a0<b>Bucur \u2013 Teodorescu Ioana<\/b>\u00a0\u2013\u00a0 Discipline predate:\u00a0 Comer\u021b electronic, Tehnica negocierilor.<\/li><li>Specialist Dr.\u00a0<b>Gruia George Cristian<\/b>\u00a0\u2013 Discipline predate: \u202fStatistic\u0103, Econometrie, Economia \u020bntreprinderii.<\/li><li>Specialist drd.\u00a0<b>Perpelea Ana \u2013 Maria \u2013\u00a0<\/b>Discipline predate: Informatic\u0103, Tehnologia aplica\u021biilor Office.<\/li><li>Specialist Dr.\u00a0<b>Sacal Lorelai<\/b>\u00a0\u2013 Discipline predate: Managementul costurilor.<\/li><li>Specialist Dr.\u00a0<b>Yassin Kassab Hamed \u2013\u00a0<\/b>Discipline predate: Sisteme informatice de gestiune.<\/li><\/ol>\t\t\t\t\t\t\t\t<\/div>\n\t\t\t\t<\/div>\n\t\t\t\t\t<\/div>\n\t\t<\/div>\n\t\t\t\t\t<\/div>\n\t\t<\/section>\n\t\t\t\t<section class=\"elementor-section elementor-top-section elementor-element elementor-element-1e5e271 elementor-section-boxed elementor-section-height-default elementor-section-height-default\" data-id=\"1e5e271\" data-element_type=\"section\" data-e-type=\"section\">\n\t\t\t\t\t\t<div class=\"elementor-container elementor-column-gap-default\">\n\t\t\t\t\t<div class=\"elementor-column elementor-col-100 elementor-top-column elementor-element elementor-element-244e804\" data-id=\"244e804\" data-element_type=\"column\" data-e-type=\"column\">\n\t\t\t<div class=\"elementor-widget-wrap elementor-element-populated\">\n\t\t\t\t\t\t<div class=\"elementor-element elementor-element-4d321ee elementor-widget elementor-widget-spacer\" data-id=\"4d321ee\" data-element_type=\"widget\" data-e-type=\"widget\" data-widget_type=\"spacer.default\">\n\t\t\t\t<div class=\"elementor-widget-container\">\n\t\t\t\t\t\t\t<div class=\"elementor-spacer\">\n\t\t\t<div class=\"elementor-spacer-inner\"><\/div>\n\t\t<\/div>\n\t\t\t\t\t\t<\/div>\n\t\t\t\t<\/div>\n\t\t\t\t\t<\/div>\n\t\t<\/div>\n\t\t\t\t\t<\/div>\n\t\t<\/section>\n\t\t\t\t<\/div>","protected":false},"excerpt":{"rendered":"<p>Cadre didactice CADRE DIDACTICE TITULARE\u00a0 Prof. univ. dr.\u00a0\u00a0C\u0103pu\u0219neanu Sorinel\u00a0\u2013\u00a0Discipline predate:\u202f Expertiz\u0103\u00a0contabil\u0103 \u0219i consultan\u021b\u0103 fiscal\u0103, Contabilitatea institu\u021biilor de credit, Contabilitate managerial\u0103, Contabilitate de gestiune. Prof. univ. dr.\u00a0Gherghina Rodica \u2013\u00a0Discipline predate:\u202f Finan\u021be, Finan\u021be publice, Gestiunea financiar\u0103 a firmei Conf. univ. dr.\u202f\u00a0Calot\u0103 Traian\u00a0Ovidiu\u00a0\u2013\u00a0Discipline predate:\u202fContabilitate: Contabilitate financiar\u0103\u00a0I, Control de gestiune. Conf. univ. dr.\u202f\u00a0Duca Ioana\u00a0\u2013\u00a0Discipline predate:\u202f Moned\u0103 \u015fi credit, Gestiunea&#8230;<\/p>","protected":false},"author":1,"featured_media":0,"parent":24996,"menu_order":0,"comment_status":"closed","ping_status":"closed","template":"","meta":{"footnotes":""},"class_list":["post-36577","page","type-page","status-publish","hentry"],"_links":{"self":[{"href":"https:\/\/site.utm.ro\/en\/wp-json\/wp\/v2\/pages\/36577","targetHints":{"allow":["GET"]}}],"collection":[{"href":"https:\/\/site.utm.ro\/en\/wp-json\/wp\/v2\/pages"}],"about":[{"href":"https:\/\/site.utm.ro\/en\/wp-json\/wp\/v2\/types\/page"}],"author":[{"embeddable":true,"href":"https:\/\/site.utm.ro\/en\/wp-json\/wp\/v2\/users\/1"}],"replies":[{"embeddable":true,"href":"https:\/\/site.utm.ro\/en\/wp-json\/wp\/v2\/comments?post=36577"}],"version-history":[{"count":0,"href":"https:\/\/site.utm.ro\/en\/wp-json\/wp\/v2\/pages\/36577\/revisions"}],"up":[{"embeddable":true,"href":"https:\/\/site.utm.ro\/en\/wp-json\/wp\/v2\/pages\/24996"}],"wp:attachment":[{"href":"https:\/\/site.utm.ro\/en\/wp-json\/wp\/v2\/media?parent=36577"}],"curies":[{"name":"wp","href":"https:\/\/api.w.org\/{rel}","templated":true}]}}