{"id":36544,"date":"2026-03-16T15:42:36","date_gmt":"2026-03-16T15:42:36","guid":{"rendered":"https:\/\/site.utm.ro\/?page_id=36544"},"modified":"2026-03-16T15:44:35","modified_gmt":"2026-03-16T15:44:35","slug":"establishment-and-accreditation","status":"publish","type":"page","link":"https:\/\/site.utm.ro\/en\/facultatea-de-stiinte-economice\/infiintare-si-acreditare\/","title":{"rendered":"FSE &#8211; \u00cenfiin\u021bare \u0219i acreditare"},"content":{"rendered":"<div data-elementor-type=\"wp-page\" data-elementor-id=\"36544\" class=\"elementor elementor-36544\" data-elementor-post-type=\"page\">\n\t\t\t\t\t\t<section class=\"elementor-section elementor-top-section elementor-element elementor-element-ee152e6 elementor-section-full_width elementor-section-height-default elementor-section-height-default\" data-id=\"ee152e6\" data-element_type=\"section\" data-e-type=\"section\">\n\t\t\t\t\t\t<div class=\"elementor-container elementor-column-gap-default\">\n\t\t\t\t\t<div class=\"elementor-column elementor-col-100 elementor-top-column elementor-element elementor-element-ac5fdd7\" data-id=\"ac5fdd7\" data-element_type=\"column\" data-e-type=\"column\">\n\t\t\t<div class=\"elementor-widget-wrap elementor-element-populated\">\n\t\t\t\t\t\t<div class=\"elementor-element elementor-element-ff4d7d7 elementor-widget elementor-widget-template\" data-id=\"ff4d7d7\" data-element_type=\"widget\" data-e-type=\"widget\" data-widget_type=\"template.default\">\n\t\t\t\t<div class=\"elementor-widget-container\">\n\t\t\t\t\t\t\t<div class=\"elementor-template\">\n\t\t\t\t\t<div data-elementor-type=\"section\" data-elementor-id=\"36509\" class=\"elementor elementor-36509\" data-elementor-post-type=\"elementor_library\">\n\t\t\t\t\t<section class=\"elementor-section elementor-top-section elementor-element elementor-element-30b361f4 elementor-section-full_width elementor-section-height-default elementor-section-height-default\" data-id=\"30b361f4\" data-element_type=\"section\" data-e-type=\"section\">\n\t\t\t\t\t\t<div class=\"elementor-container elementor-column-gap-default\">\n\t\t\t\t\t<div class=\"elementor-column elementor-col-100 elementor-top-column elementor-element elementor-element-170f6fff\" data-id=\"170f6fff\" data-element_type=\"column\" data-e-type=\"column\">\n\t\t\t<div class=\"elementor-widget-wrap elementor-element-populated\">\n\t\t\t\t\t\t<div class=\"elementor-element elementor-element-224e85d9 elementor--h-position-center elementor--v-position-middle elementor-pagination-position-inside elementor-widget elementor-widget-slides\" data-id=\"224e85d9\" data-element_type=\"widget\" data-e-type=\"widget\" data-settings=\"{&quot;navigation&quot;:&quot;dots&quot;,&quot;autoplay&quot;:&quot;yes&quot;,&quot;pause_on_hover&quot;:&quot;yes&quot;,&quot;pause_on_interaction&quot;:&quot;yes&quot;,&quot;autoplay_speed&quot;:5000,&quot;infinite&quot;:&quot;yes&quot;,&quot;transition&quot;:&quot;slide&quot;,&quot;transition_speed&quot;:500}\" data-widget_type=\"slides.default\">\n\t\t\t\t<div class=\"elementor-widget-container\">\n\t\t\t\t\t\t\t\t<div class=\"elementor-swiper\">\n\t\t\t\t<div class=\"elementor-slides-wrapper elementor-main-swiper swiper-container\" dir=\"ltr\" data-animation=\"fadeInUp\">\n\t\t\t\t\t<div class=\"swiper-wrapper elementor-slides\">\n\t\t\t\t\t\t\t\t\t\t\t\t<div class=\"elementor-repeater-item-301adab swiper-slide\"><div class=\"swiper-slide-bg\" role=\"img\"><\/div><div class=\"swiper-slide-inner\" ><div class=\"swiper-slide-contents\"><\/div><\/div><\/div>\t\t\t\t\t<\/div>\n\t\t\t\t\t\t\t\t\t<\/div>\n\t\t\t<\/div>\n\t\t\t\t\t\t\t<\/div>\n\t\t\t\t<\/div>\n\t\t\t\t\t<\/div>\n\t\t<\/div>\n\t\t\t\t\t<\/div>\n\t\t<\/section>\n\t\t\t\t<\/div>\n\t\t\t\t<\/div>\n\t\t\t\t\t\t<\/div>\n\t\t\t\t<\/div>\n\t\t\t\t\t<\/div>\n\t\t<\/div>\n\t\t\t\t\t<\/div>\n\t\t<\/section>\n\t\t\t\t<section class=\"elementor-section elementor-top-section elementor-element elementor-element-a7cec70 elementor-section-boxed elementor-section-height-default elementor-section-height-default\" data-id=\"a7cec70\" data-element_type=\"section\" data-e-type=\"section\">\n\t\t\t\t\t\t<div class=\"elementor-container elementor-column-gap-no\">\n\t\t\t\t\t<div class=\"elementor-column elementor-col-50 elementor-top-column elementor-element elementor-element-21b872b animated-fast elementor-invisible\" data-id=\"21b872b\" data-element_type=\"column\" data-e-type=\"column\" data-settings=\"{&quot;background_background&quot;:&quot;classic&quot;,&quot;animation&quot;:&quot;fadeIn&quot;,&quot;animation_tablet&quot;:&quot;none&quot;,&quot;animation_mobile&quot;:&quot;none&quot;,&quot;animation_delay&quot;:100}\">\n\t\t\t<div class=\"elementor-widget-wrap elementor-element-populated\">\n\t\t\t\t\t\t<div class=\"elementor-element elementor-element-f904b8f elementor-widget elementor-widget-heading\" data-id=\"f904b8f\" data-element_type=\"widget\" data-e-type=\"widget\" data-widget_type=\"heading.default\">\n\t\t\t\t<div class=\"elementor-widget-container\">\n\t\t\t\t\t<h1 class=\"elementor-heading-title elementor-size-default\">Establishment and accreditation<\/h1>\t\t\t\t<\/div>\n\t\t\t\t<\/div>\n\t\t\t\t\t<\/div>\n\t\t<\/div>\n\t\t\t\t<div class=\"elementor-column elementor-col-50 elementor-top-column elementor-element elementor-element-fa22a91 elementor-hidden-desktop elementor-hidden-tablet elementor-hidden-phone\" data-id=\"fa22a91\" data-element_type=\"column\" data-e-type=\"column\">\n\t\t\t<div class=\"elementor-widget-wrap\">\n\t\t\t\t\t\t\t<\/div>\n\t\t<\/div>\n\t\t\t\t\t<\/div>\n\t\t<\/section>\n\t\t\t\t<section class=\"elementor-section elementor-top-section elementor-element elementor-element-5a337ce elementor-section-boxed elementor-section-height-default elementor-section-height-default\" data-id=\"5a337ce\" data-element_type=\"section\" data-e-type=\"section\">\n\t\t\t\t\t\t<div class=\"elementor-container elementor-column-gap-default\">\n\t\t\t\t\t<div class=\"elementor-column elementor-col-100 elementor-top-column elementor-element elementor-element-95ebf9b\" data-id=\"95ebf9b\" data-element_type=\"column\" data-e-type=\"column\">\n\t\t\t<div class=\"elementor-widget-wrap elementor-element-populated\">\n\t\t\t\t\t\t<div class=\"elementor-element elementor-element-3c2b061 elementor-widget elementor-widget-text-editor\" data-id=\"3c2b061\" data-element_type=\"widget\" data-e-type=\"widget\" data-widget_type=\"text-editor.default\">\n\t\t\t\t<div class=\"elementor-widget-container\">\n\t\t\t\t\t\t\t\t\t<p>The Faculty of Economics is a reference academic structure in private higher economic education in Romania. In the fall of 1990 was established the first faculty with this profile in the Romanian private private education - the Faculty of Economics.<\/p>\n<p>The quality of programs and professionalism in the training of students were confirmed by the accreditation obtained by Law no. 239 of 23.04.2002 (within the first accreditations of private higher education in Romania). The accreditation has confirmed the full integration into the national education system and allowed:<\/p>\n<ul>\n<li>organization of bachelor and dissertation exams within the faculty;<\/li>\n<li>issuing bachelor's and master's degrees;<\/li>\n<li>organizing postgraduate programs.<\/li>\n<\/ul>\t\t\t\t\t\t\t\t<\/div>\n\t\t\t\t<\/div>\n\t\t\t\t\t<\/div>\n\t\t<\/div>\n\t\t\t\t\t<\/div>\n\t\t<\/section>\n\t\t\t\t<section class=\"elementor-section elementor-top-section elementor-element elementor-element-1e5e271 elementor-section-boxed elementor-section-height-default elementor-section-height-default\" data-id=\"1e5e271\" data-element_type=\"section\" data-e-type=\"section\">\n\t\t\t\t\t\t<div class=\"elementor-container elementor-column-gap-default\">\n\t\t\t\t\t<div class=\"elementor-column elementor-col-100 elementor-top-column elementor-element elementor-element-244e804\" data-id=\"244e804\" data-element_type=\"column\" data-e-type=\"column\">\n\t\t\t<div class=\"elementor-widget-wrap elementor-element-populated\">\n\t\t\t\t\t\t<div class=\"elementor-element elementor-element-4d321ee elementor-widget elementor-widget-spacer\" data-id=\"4d321ee\" data-element_type=\"widget\" data-e-type=\"widget\" data-widget_type=\"spacer.default\">\n\t\t\t\t<div class=\"elementor-widget-container\">\n\t\t\t\t\t\t\t<div class=\"elementor-spacer\">\n\t\t\t<div class=\"elementor-spacer-inner\"><\/div>\n\t\t<\/div>\n\t\t\t\t\t\t<\/div>\n\t\t\t\t<\/div>\n\t\t\t\t\t<\/div>\n\t\t<\/div>\n\t\t\t\t\t<\/div>\n\t\t<\/section>\n\t\t\t\t<\/div>","protected":false},"excerpt":{"rendered":"<p>\u00cenfiin\u021bare \u0219i acreditare Facultatea de \u0218tiin\u021be Economice este o structur\u0103 academic\u0103 de referin\u021b\u0103 \u00een \u00eenv\u0103\u021b\u0103m\u00e2ntul superior economic privat din Rom\u00e2nia. \u00cen toamna anului 1990 a fost \u00eenfiin\u021bat\u0103 prima facultate cu acest profil din \u00eenv\u0103\u021b\u0103m\u00e2ntul particular rom\u00e2nesc \u2013 Facultatea de \u0218tiin\u021be Economice. Calitatea programelor \u0219i profesionalismul \u00een formarea studen\u021bilor au fost confirmate prin acreditarea ob\u021binut\u0103 prin&#8230;<\/p>","protected":false},"author":1,"featured_media":0,"parent":24996,"menu_order":0,"comment_status":"closed","ping_status":"closed","template":"","meta":{"footnotes":""},"class_list":["post-36544","page","type-page","status-publish","hentry"],"_links":{"self":[{"href":"https:\/\/site.utm.ro\/en\/wp-json\/wp\/v2\/pages\/36544","targetHints":{"allow":["GET"]}}],"collection":[{"href":"https:\/\/site.utm.ro\/en\/wp-json\/wp\/v2\/pages"}],"about":[{"href":"https:\/\/site.utm.ro\/en\/wp-json\/wp\/v2\/types\/page"}],"author":[{"embeddable":true,"href":"https:\/\/site.utm.ro\/en\/wp-json\/wp\/v2\/users\/1"}],"replies":[{"embeddable":true,"href":"https:\/\/site.utm.ro\/en\/wp-json\/wp\/v2\/comments?post=36544"}],"version-history":[{"count":0,"href":"https:\/\/site.utm.ro\/en\/wp-json\/wp\/v2\/pages\/36544\/revisions"}],"up":[{"embeddable":true,"href":"https:\/\/site.utm.ro\/en\/wp-json\/wp\/v2\/pages\/24996"}],"wp:attachment":[{"href":"https:\/\/site.utm.ro\/en\/wp-json\/wp\/v2\/media?parent=36544"}],"curies":[{"name":"wp","href":"https:\/\/api.w.org\/{rel}","templated":true}]}}