{"id":36352,"date":"2026-03-16T14:54:27","date_gmt":"2026-03-16T14:54:27","guid":{"rendered":"https:\/\/site.utm.ro\/?page_id=36352"},"modified":"2026-03-16T14:56:09","modified_gmt":"2026-03-16T14:56:09","slug":"finalizing-studies","status":"publish","type":"page","link":"https:\/\/site.utm.ro\/en\/facultatea-de-farmacie\/finalizare-studii\/","title":{"rendered":"Facultatea de Farmacie &#8211; Finalizare studii"},"content":{"rendered":"<div data-elementor-type=\"wp-page\" data-elementor-id=\"36352\" class=\"elementor elementor-36352\" data-elementor-post-type=\"page\">\n\t\t\t\t\t\t<section class=\"elementor-section elementor-top-section elementor-element elementor-element-e6b9609 elementor-section-full_width elementor-section-height-default elementor-section-height-default\" data-id=\"e6b9609\" data-element_type=\"section\" data-e-type=\"section\">\n\t\t\t\t\t\t<div class=\"elementor-container elementor-column-gap-default\">\n\t\t\t\t\t<div class=\"elementor-column elementor-col-100 elementor-top-column elementor-element elementor-element-02dbdaf\" data-id=\"02dbdaf\" data-element_type=\"column\" data-e-type=\"column\">\n\t\t\t<div class=\"elementor-widget-wrap elementor-element-populated\">\n\t\t\t\t\t\t<div class=\"elementor-element elementor-element-479b2b4 elementor-widget elementor-widget-template\" data-id=\"479b2b4\" data-element_type=\"widget\" data-e-type=\"widget\" data-widget_type=\"template.default\">\n\t\t\t\t<div class=\"elementor-widget-container\">\n\t\t\t\t\t\t\t<div class=\"elementor-template\">\n\t\t\t\t\t<div data-elementor-type=\"section\" data-elementor-id=\"36207\" class=\"elementor elementor-36207\" data-elementor-post-type=\"elementor_library\">\n\t\t\t\t\t<section class=\"elementor-section elementor-top-section elementor-element elementor-element-30b361f4 elementor-section-full_width elementor-section-height-default elementor-section-height-default\" data-id=\"30b361f4\" data-element_type=\"section\" data-e-type=\"section\">\n\t\t\t\t\t\t<div class=\"elementor-container elementor-column-gap-default\">\n\t\t\t\t\t<div class=\"elementor-column elementor-col-100 elementor-top-column elementor-element elementor-element-170f6fff\" data-id=\"170f6fff\" data-element_type=\"column\" data-e-type=\"column\">\n\t\t\t<div class=\"elementor-widget-wrap elementor-element-populated\">\n\t\t\t\t\t\t<div class=\"elementor-element elementor-element-224e85d9 elementor--h-position-center elementor--v-position-middle elementor-pagination-position-inside elementor-widget elementor-widget-slides\" data-id=\"224e85d9\" data-element_type=\"widget\" data-e-type=\"widget\" data-settings=\"{&quot;navigation&quot;:&quot;dots&quot;,&quot;autoplay&quot;:&quot;yes&quot;,&quot;pause_on_hover&quot;:&quot;yes&quot;,&quot;pause_on_interaction&quot;:&quot;yes&quot;,&quot;autoplay_speed&quot;:5000,&quot;infinite&quot;:&quot;yes&quot;,&quot;transition&quot;:&quot;slide&quot;,&quot;transition_speed&quot;:500}\" data-widget_type=\"slides.default\">\n\t\t\t\t<div class=\"elementor-widget-container\">\n\t\t\t\t\t\t\t\t<div class=\"elementor-swiper\">\n\t\t\t\t<div class=\"elementor-slides-wrapper elementor-main-swiper swiper-container\" dir=\"ltr\" data-animation=\"fadeInUp\">\n\t\t\t\t\t<div class=\"swiper-wrapper elementor-slides\">\n\t\t\t\t\t\t\t\t\t\t\t\t<div class=\"elementor-repeater-item-301adab swiper-slide\"><div class=\"swiper-slide-bg\" role=\"img\"><\/div><div class=\"swiper-slide-inner\" ><div class=\"swiper-slide-contents\"><\/div><\/div><\/div>\t\t\t\t\t<\/div>\n\t\t\t\t\t\t\t\t\t<\/div>\n\t\t\t<\/div>\n\t\t\t\t\t\t\t<\/div>\n\t\t\t\t<\/div>\n\t\t\t\t\t<\/div>\n\t\t<\/div>\n\t\t\t\t\t<\/div>\n\t\t<\/section>\n\t\t\t\t<\/div>\n\t\t\t\t<\/div>\n\t\t\t\t\t\t<\/div>\n\t\t\t\t<\/div>\n\t\t\t\t\t<\/div>\n\t\t<\/div>\n\t\t\t\t\t<\/div>\n\t\t<\/section>\n\t\t\t\t<section class=\"elementor-section elementor-top-section elementor-element elementor-element-b9c5c12 elementor-section-boxed elementor-section-height-default elementor-section-height-default\" data-id=\"b9c5c12\" data-element_type=\"section\" data-e-type=\"section\">\n\t\t\t\t\t\t<div class=\"elementor-container elementor-column-gap-no\">\n\t\t\t\t\t<div class=\"elementor-column elementor-col-50 elementor-top-column elementor-element elementor-element-c8dcee3 animated-fast elementor-invisible\" data-id=\"c8dcee3\" data-element_type=\"column\" data-e-type=\"column\" data-settings=\"{&quot;background_background&quot;:&quot;classic&quot;,&quot;animation&quot;:&quot;fadeIn&quot;,&quot;animation_tablet&quot;:&quot;none&quot;,&quot;animation_mobile&quot;:&quot;none&quot;,&quot;animation_delay&quot;:100}\">\n\t\t\t<div class=\"elementor-widget-wrap elementor-element-populated\">\n\t\t\t\t\t\t<div class=\"elementor-element elementor-element-7560d80 elementor-widget elementor-widget-heading\" data-id=\"7560d80\" data-element_type=\"widget\" data-e-type=\"widget\" data-widget_type=\"heading.default\">\n\t\t\t\t<div class=\"elementor-widget-container\">\n\t\t\t\t\t<h1 class=\"elementor-heading-title elementor-size-default\">Finalizing studies<\/h1>\t\t\t\t<\/div>\n\t\t\t\t<\/div>\n\t\t\t\t\t<\/div>\n\t\t<\/div>\n\t\t\t\t<div class=\"elementor-column elementor-col-50 elementor-top-column elementor-element elementor-element-349ec24 elementor-hidden-desktop elementor-hidden-tablet elementor-hidden-phone\" data-id=\"349ec24\" data-element_type=\"column\" data-e-type=\"column\">\n\t\t\t<div class=\"elementor-widget-wrap\">\n\t\t\t\t\t\t\t<\/div>\n\t\t<\/div>\n\t\t\t\t\t<\/div>\n\t\t<\/section>\n\t\t\t\t<section class=\"elementor-section elementor-top-section elementor-element elementor-element-94d23c6 elementor-section-boxed elementor-section-height-default elementor-section-height-default\" data-id=\"94d23c6\" data-element_type=\"section\" data-e-type=\"section\">\n\t\t\t\t\t\t<div class=\"elementor-container elementor-column-gap-default\">\n\t\t\t\t\t<div class=\"elementor-column elementor-col-100 elementor-top-column elementor-element elementor-element-8616c29\" data-id=\"8616c29\" data-element_type=\"column\" data-e-type=\"column\">\n\t\t\t<div class=\"elementor-widget-wrap elementor-element-populated\">\n\t\t\t\t\t\t<div class=\"elementor-element elementor-element-7561b51 elementor-widget elementor-widget-text-editor\" data-id=\"7561b51\" data-element_type=\"widget\" data-e-type=\"widget\" data-widget_type=\"text-editor.default\">\n\t\t\t\t<div class=\"elementor-widget-container\">\n\t\t\t\t\t\t\t\t\t<h3>Examen de Diserta\u021bie<\/h3>\n<div dir=\"ltr\"><b>Luni \u2013\u00a0 16.09.2024 \u2013\u00a0\u00a0Exam<\/b><b>en ora 9\u00a0 \u2013 SALA\u00a0 102 \u2013 CORP M \u2013 Calea V\u0103c\u0103re\u0219ti, nr.189<\/b><\/div>\n<div dir=\"ltr\"><b>\u00a0<\/b><\/div>\n<div dir=\"ltr\">Intrarea \u00een sala de examen se face \u00eencep\u00e2nd cu\u00a0<b>ora 08.00<\/b>\u00a0pe baza CI<\/div>\n<div dir=\"ltr\"><\/div>\n&nbsp;\n<ul>\n \t<li><a href=\"\/wp-content\/uploads\/2026\/03\/Ghid-de-elaborare-lucrare-de-licenta-2022-2023.pdf\"><strong>Ghid de elaborare lucrare de licen\u021b\u0103 2022-2023<\/strong><\/a><\/li>\n \t<li><a href=\"\/wp-content\/uploads\/2026\/03\/Teme-propuse-pentru-lucrarile-de-licenta-2022-2023.pdf\"><span class=\"media-list-title\"><strong>Teme propuse pentru lucr\u0103rile de licen\u021b\u0103 promo\u021bia 2023<\/strong><\/span><\/a><\/li>\n \t<li><strong><a href=\"\/wp-content\/uploads\/2026\/03\/Cerere-lucrare-de-licenta.pdf\">Cerere lucrare de licen\u021b\u0103<\/a><\/strong><\/li>\n<\/ul>\n&nbsp;\n\n<hr \/>\n\n&nbsp;\n<ul>\n \t<li><a href=\"\/wp-content\/uploads\/2026\/03\/Tematica-si-bibliografie-examen-scris-LICENTA-2023.pdf\"><strong>Tematica \u0219i bibliografie examen scris LICEN\u021a\u0102 2023<\/strong><\/a><\/li>\n \t<li><a href=\"\/wp-content\/uploads\/2026\/03\/Tematica-examenului-practic-Tehnologie-farmaceutica-LICENTA-2022.pdf\"><strong>Tematica examenului practic Tehnologie farmaceutic\u0103 LICEN\u021a\u0102 2022<\/strong><\/a><\/li>\n \t<li><a href=\"\/wp-content\/uploads\/2026\/03\/Tematica-examenului-practic-Chimie-farmaceutica-LICENTA-2022.pdf\"><strong>Tematica examenului practic Chimie farmaceutic\u0103 LICEN\u021a\u0102 2022<\/strong><\/a><\/li>\n<\/ul>\n&nbsp;\t\t\t\t\t\t\t\t<\/div>\n\t\t\t\t<\/div>\n\t\t\t\t\t<\/div>\n\t\t<\/div>\n\t\t\t\t\t<\/div>\n\t\t<\/section>\n\t\t\t\t<section class=\"elementor-section elementor-top-section elementor-element elementor-element-bec48f3 elementor-section-boxed elementor-section-height-default elementor-section-height-default\" data-id=\"bec48f3\" data-element_type=\"section\" data-e-type=\"section\">\n\t\t\t\t\t\t<div class=\"elementor-container elementor-column-gap-default\">\n\t\t\t\t\t<div class=\"elementor-column elementor-col-100 elementor-top-column elementor-element elementor-element-30b6ee5\" data-id=\"30b6ee5\" data-element_type=\"column\" data-e-type=\"column\">\n\t\t\t<div class=\"elementor-widget-wrap elementor-element-populated\">\n\t\t\t\t\t\t<div class=\"elementor-element elementor-element-d0e2df9 elementor-widget elementor-widget-spacer\" data-id=\"d0e2df9\" data-element_type=\"widget\" data-e-type=\"widget\" data-widget_type=\"spacer.default\">\n\t\t\t\t<div class=\"elementor-widget-container\">\n\t\t\t\t\t\t\t<div class=\"elementor-spacer\">\n\t\t\t<div class=\"elementor-spacer-inner\"><\/div>\n\t\t<\/div>\n\t\t\t\t\t\t<\/div>\n\t\t\t\t<\/div>\n\t\t\t\t\t<\/div>\n\t\t<\/div>\n\t\t\t\t\t<\/div>\n\t\t<\/section>\n\t\t\t\t<\/div>","protected":false},"excerpt":{"rendered":"<p>Finalizare studii Examen de Diserta\u021bie Luni \u2013\u00a0 16.09.2024 \u2013\u00a0\u00a0Examen ora 9\u00a0 \u2013 SALA\u00a0 102 \u2013 CORP M \u2013 Calea V\u0103c\u0103re\u0219ti, nr.189 \u00a0 Intrarea \u00een sala de examen se face \u00eencep\u00e2nd cu\u00a0ora 08.00\u00a0pe baza CI &nbsp; Ghid de elaborare lucrare de licen\u021b\u0103 2022-2023 Teme propuse pentru lucr\u0103rile de licen\u021b\u0103 promo\u021bia 2023 Cerere lucrare de licen\u021b\u0103 &nbsp;&#8230;<\/p>","protected":false},"author":1,"featured_media":0,"parent":25000,"menu_order":0,"comment_status":"closed","ping_status":"closed","template":"","meta":{"footnotes":""},"class_list":["post-36352","page","type-page","status-publish","hentry"],"_links":{"self":[{"href":"https:\/\/site.utm.ro\/en\/wp-json\/wp\/v2\/pages\/36352","targetHints":{"allow":["GET"]}}],"collection":[{"href":"https:\/\/site.utm.ro\/en\/wp-json\/wp\/v2\/pages"}],"about":[{"href":"https:\/\/site.utm.ro\/en\/wp-json\/wp\/v2\/types\/page"}],"author":[{"embeddable":true,"href":"https:\/\/site.utm.ro\/en\/wp-json\/wp\/v2\/users\/1"}],"replies":[{"embeddable":true,"href":"https:\/\/site.utm.ro\/en\/wp-json\/wp\/v2\/comments?post=36352"}],"version-history":[{"count":0,"href":"https:\/\/site.utm.ro\/en\/wp-json\/wp\/v2\/pages\/36352\/revisions"}],"up":[{"embeddable":true,"href":"https:\/\/site.utm.ro\/en\/wp-json\/wp\/v2\/pages\/25000"}],"wp:attachment":[{"href":"https:\/\/site.utm.ro\/en\/wp-json\/wp\/v2\/media?parent=36352"}],"curies":[{"name":"wp","href":"https:\/\/api.w.org\/{rel}","templated":true}]}}