{"id":36311,"date":"2026-03-16T14:23:20","date_gmt":"2026-03-16T14:23:20","guid":{"rendered":"https:\/\/site.utm.ro\/?page_id=36311"},"modified":"2026-03-16T14:32:25","modified_gmt":"2026-03-16T14:32:25","slug":"public-interest-documents","status":"publish","type":"page","link":"https:\/\/site.utm.ro\/en\/facultatea-de-farmacie\/documente-de-interes-public\/","title":{"rendered":"Facultatea de Farmacie &#8211; Documente de interes public"},"content":{"rendered":"<div data-elementor-type=\"wp-page\" data-elementor-id=\"36311\" class=\"elementor elementor-36311\" data-elementor-post-type=\"page\">\n\t\t\t\t\t\t<section class=\"elementor-section elementor-top-section elementor-element elementor-element-e6b9609 elementor-section-full_width elementor-section-height-default elementor-section-height-default\" data-id=\"e6b9609\" data-element_type=\"section\" data-e-type=\"section\">\n\t\t\t\t\t\t<div class=\"elementor-container elementor-column-gap-default\">\n\t\t\t\t\t<div class=\"elementor-column elementor-col-100 elementor-top-column elementor-element elementor-element-02dbdaf\" data-id=\"02dbdaf\" data-element_type=\"column\" data-e-type=\"column\">\n\t\t\t<div class=\"elementor-widget-wrap elementor-element-populated\">\n\t\t\t\t\t\t<div class=\"elementor-element elementor-element-479b2b4 elementor-widget elementor-widget-template\" data-id=\"479b2b4\" data-element_type=\"widget\" data-e-type=\"widget\" data-widget_type=\"template.default\">\n\t\t\t\t<div class=\"elementor-widget-container\">\n\t\t\t\t\t\t\t<div class=\"elementor-template\">\n\t\t\t\t\t<div data-elementor-type=\"section\" data-elementor-id=\"36207\" class=\"elementor elementor-36207\" data-elementor-post-type=\"elementor_library\">\n\t\t\t\t\t<section class=\"elementor-section elementor-top-section elementor-element elementor-element-30b361f4 elementor-section-full_width elementor-section-height-default elementor-section-height-default\" data-id=\"30b361f4\" data-element_type=\"section\" data-e-type=\"section\">\n\t\t\t\t\t\t<div class=\"elementor-container elementor-column-gap-default\">\n\t\t\t\t\t<div class=\"elementor-column elementor-col-100 elementor-top-column elementor-element elementor-element-170f6fff\" data-id=\"170f6fff\" data-element_type=\"column\" data-e-type=\"column\">\n\t\t\t<div class=\"elementor-widget-wrap elementor-element-populated\">\n\t\t\t\t\t\t<div class=\"elementor-element elementor-element-224e85d9 elementor--h-position-center elementor--v-position-middle elementor-pagination-position-inside elementor-widget elementor-widget-slides\" data-id=\"224e85d9\" data-element_type=\"widget\" data-e-type=\"widget\" data-settings=\"{&quot;navigation&quot;:&quot;dots&quot;,&quot;autoplay&quot;:&quot;yes&quot;,&quot;pause_on_hover&quot;:&quot;yes&quot;,&quot;pause_on_interaction&quot;:&quot;yes&quot;,&quot;autoplay_speed&quot;:5000,&quot;infinite&quot;:&quot;yes&quot;,&quot;transition&quot;:&quot;slide&quot;,&quot;transition_speed&quot;:500}\" data-widget_type=\"slides.default\">\n\t\t\t\t<div class=\"elementor-widget-container\">\n\t\t\t\t\t\t\t\t<div class=\"elementor-swiper\">\n\t\t\t\t<div class=\"elementor-slides-wrapper elementor-main-swiper swiper-container\" dir=\"ltr\" data-animation=\"fadeInUp\">\n\t\t\t\t\t<div class=\"swiper-wrapper elementor-slides\">\n\t\t\t\t\t\t\t\t\t\t\t\t<div class=\"elementor-repeater-item-301adab swiper-slide\"><div class=\"swiper-slide-bg\" role=\"img\"><\/div><div class=\"swiper-slide-inner\" ><div class=\"swiper-slide-contents\"><\/div><\/div><\/div>\t\t\t\t\t<\/div>\n\t\t\t\t\t\t\t\t\t<\/div>\n\t\t\t<\/div>\n\t\t\t\t\t\t\t<\/div>\n\t\t\t\t<\/div>\n\t\t\t\t\t<\/div>\n\t\t<\/div>\n\t\t\t\t\t<\/div>\n\t\t<\/section>\n\t\t\t\t<\/div>\n\t\t\t\t<\/div>\n\t\t\t\t\t\t<\/div>\n\t\t\t\t<\/div>\n\t\t\t\t\t<\/div>\n\t\t<\/div>\n\t\t\t\t\t<\/div>\n\t\t<\/section>\n\t\t\t\t<section class=\"elementor-section elementor-top-section elementor-element elementor-element-b9c5c12 elementor-section-boxed elementor-section-height-default elementor-section-height-default\" data-id=\"b9c5c12\" data-element_type=\"section\" data-e-type=\"section\">\n\t\t\t\t\t\t<div class=\"elementor-container elementor-column-gap-no\">\n\t\t\t\t\t<div class=\"elementor-column elementor-col-50 elementor-top-column elementor-element elementor-element-c8dcee3 animated-fast elementor-invisible\" data-id=\"c8dcee3\" data-element_type=\"column\" data-e-type=\"column\" data-settings=\"{&quot;background_background&quot;:&quot;classic&quot;,&quot;animation&quot;:&quot;fadeIn&quot;,&quot;animation_tablet&quot;:&quot;none&quot;,&quot;animation_mobile&quot;:&quot;none&quot;,&quot;animation_delay&quot;:100}\">\n\t\t\t<div class=\"elementor-widget-wrap elementor-element-populated\">\n\t\t\t\t\t\t<div class=\"elementor-element elementor-element-7560d80 elementor-widget elementor-widget-heading\" data-id=\"7560d80\" data-element_type=\"widget\" data-e-type=\"widget\" data-widget_type=\"heading.default\">\n\t\t\t\t<div class=\"elementor-widget-container\">\n\t\t\t\t\t<h1 class=\"elementor-heading-title elementor-size-default\">Documents of public interest<\/h1>\t\t\t\t<\/div>\n\t\t\t\t<\/div>\n\t\t\t\t\t<\/div>\n\t\t<\/div>\n\t\t\t\t<div class=\"elementor-column elementor-col-50 elementor-top-column elementor-element elementor-element-349ec24 elementor-hidden-desktop elementor-hidden-tablet elementor-hidden-phone\" data-id=\"349ec24\" data-element_type=\"column\" data-e-type=\"column\">\n\t\t\t<div class=\"elementor-widget-wrap\">\n\t\t\t\t\t\t\t<\/div>\n\t\t<\/div>\n\t\t\t\t\t<\/div>\n\t\t<\/section>\n\t\t\t\t<section class=\"elementor-section elementor-top-section elementor-element elementor-element-3a5d965 elementor-section-boxed elementor-section-height-default elementor-section-height-default\" data-id=\"3a5d965\" data-element_type=\"section\" data-e-type=\"section\" data-settings=\"{&quot;animation&quot;:&quot;none&quot;,&quot;animation_tablet&quot;:&quot;none&quot;,&quot;animation_mobile&quot;:&quot;none&quot;,&quot;animation_delay&quot;:300}\">\n\t\t\t\t\t\t<div class=\"elementor-container elementor-column-gap-no\">\n\t\t\t\t\t<div class=\"elementor-column elementor-col-100 elementor-top-column elementor-element elementor-element-401ad5c\" data-id=\"401ad5c\" data-element_type=\"column\" data-e-type=\"column\">\n\t\t\t<div class=\"elementor-widget-wrap elementor-element-populated\">\n\t\t\t\t\t\t<div class=\"elementor-element elementor-element-3c89e08 vamtam-theme-table-styles elementor-widget elementor-widget-toggle\" data-id=\"3c89e08\" data-element_type=\"widget\" data-e-type=\"widget\" data-widget_type=\"toggle.default\">\n\t\t\t\t<div class=\"elementor-widget-container\">\n\t\t\t\t\t\t\t<div class=\"elementor-toggle\">\n\t\t\t\t\t\t\t<div class=\"elementor-toggle-item\">\n\t\t\t\t\t<h2 id=\"elementor-tab-title-6341\" class=\"elementor-tab-title\" data-tab=\"1\" role=\"button\" aria-controls=\"elementor-tab-content-6341\" aria-expanded=\"false\">\n\t\t\t\t\t\t\t\t\t\t\t\t<span class=\"elementor-toggle-icon elementor-toggle-icon-right\" aria-hidden=\"true\">\n\t\t\t\t\t\t\t\t\t\t\t\t\t\t\t<span class=\"elementor-toggle-icon-closed\"><i class=\"vamtamtheme- vamtam-theme-arrow-down\"><\/i><\/span>\n\t\t\t\t\t\t\t\t<span class=\"elementor-toggle-icon-opened\"><i class=\"elementor-toggle-icon-opened vamtamtheme- vamtam-theme-arrow-up\"><\/i><\/span>\n\t\t\t\t\t\t\t\t\t\t\t\t\t<\/span>\n\t\t\t\t\t\t\t\t\t\t\t\t<a class=\"elementor-toggle-title\" tabindex=\"0\">Discipline de studiu<\/a>\n\t\t\t\t\t<\/h2>\n\n\t\t\t\t\t<div id=\"elementor-tab-content-6341\" class=\"elementor-tab-content elementor-clearfix\" data-tab=\"1\" role=\"region\" aria-labelledby=\"elementor-tab-title-6341\">\n<h3 class=\"vc_custom_heading vc_do_custom_heading vc_custom_1489135014220\">Year I<\/h3>\n<div class=\"wpb_text_column wpb_content_element vc_custom_1556892033530\">\n<div class=\"wpb_wrapper\">\n<h3><strong>First semester<\/strong><\/h3>\n<table border=\"1\" cellspacing=\"0\" cellpadding=\"10\" align=\"center\">\n<tbody>\n<tr>\n<td width=\"294\">DISCIPLINA<\/td>\n<td width=\"235\">CADRU DIDACTIC<\/td>\n<\/tr>\n<tr>\n<td width=\"294\">Biostatistic\u0103<\/td>\n<td width=\"235\">Conf. univ. dr. Roxana Sandulovici<\/td>\n<\/tr>\n<tr>\n<td width=\"294\">Fizic\u0103 farmaceutic\u0103: Concepte fundamentale<\/td>\n<td width=\"235\">Prof. univ. dr. Adrian Onu<\/td>\n<\/tr>\n<tr>\n<td width=\"294\">Introducere \u00een chimia anorganic\u0103<\/td>\n<td width=\"235\">Lector univ. dr. Cristina Tablet; Conf. univ. dr. Mircea Stefan<\/td>\n<\/tr>\n<tr>\n<td width=\"294\">Botanic\u0103 farmaceutic\u0103 (citologie \u0219i morfologia plantelor)<\/td>\n<td width=\"235\">Prof. univ. dr. Elena Hatieganu; Asist. Univ. dr. Luciana Galatanu<\/td>\n<\/tr>\n<tr>\n<td width=\"294\">Introducere \u00een chimia analitic\u0103<\/td>\n<td width=\"235\">Lector univ. dr. Cristina Tablet<\/td>\n<\/tr>\n<tr>\n<td width=\"294\">Terminologie farmaceutic\u0103 \u0219i medical\u0103<\/td>\n<td width=\"235\">Prof. univ. dr. Viorel Ordeanu<\/td>\n<\/tr>\n<tr>\n<td width=\"294\">Anatomie uman\u0103<\/td>\n<td width=\"235\">Dr. Marinela Chirila<\/td>\n<\/tr>\n<tr>\n<td width=\"294\">Limbi str\u0103ine I<\/td>\n<td width=\"235\">Lector univ. dr. Dorina Ungureanu<\/td>\n<\/tr>\n<tr>\n<td width=\"294\">Educa\u021bie fizic\u0103 I<\/td>\n<td width=\"235\">Conf. univ. dr. Adrian Urichianu<\/td>\n<\/tr>\n<tr>\n<td width=\"294\">Istoria farmaciei<\/td>\n<td>Prof. univ. dr. Viorel Ordeanu<\/td>\n<\/tr>\n<\/tbody>\n<\/table>\n&nbsp;\n<h3><strong>SEMESTRUL II<\/strong><\/h3>\n<table border=\"1\" cellspacing=\"0\" cellpadding=\"10\" align=\"center\">\n<tbody>\n<tr>\n<td width=\"310\">Matematic\u0103 aplicat\u0103 \u00een farmacie<\/td>\n<td width=\"275\">Conf. univ. dr. Roxana Colette Sandulovici<\/td>\n<\/tr>\n<tr>\n<td width=\"310\">Fizic\u0103 farmaceutic\u0103 \u0219i Biofizic\u0103<\/td>\n<td width=\"275\">Prof. univ. dr. Adrian Onu, Lector univ. dr. Iulian SARBU<\/td>\n<\/tr>\n<tr>\n<td width=\"310\">Chimia anorganic\u0103 aplicat\u0103 \u00een farmacie<\/td>\n<td width=\"275\">Conf. univ. dr. Mircea \u0218tefan, Lector univ. dr. Cristina Tablet<\/td>\n<\/tr>\n<tr>\n<td width=\"310\">Botanic\u0103 farmaceutic\u0103 (sistematic\u0103)<\/td>\n<td width=\"275\">Prof. univ. dr. Elena Ha\u021bieganu, Asist. univ. dr. Luciana G\u0103l\u0103\u021beanu<\/td>\n<\/tr>\n<tr>\n<td width=\"310\">Introducere \u00een chimia analitic\u0103<\/td>\n<td width=\"275\">Conf. univ. dr. Mircea \u0218tefan, Dr. Mirela Mih\u0103il\u0103<\/td>\n<\/tr>\n<tr>\n<td width=\"310\">Prim ajutor\/Urgen\u021be medicale<\/td>\n<td width=\"275\">Prof. univ .dr. Viorel Ordeanu<\/td>\n<\/tr>\n<tr>\n<td width=\"310\">Limba strain\u0103 II<\/td>\n<td width=\"275\">Prof. univ. dr. Ungureanu<\/td>\n<\/tr>\n<\/tbody>\n<\/table>\n<\/div>\n<\/div>\n<h3 class=\"vc_custom_heading vc_do_custom_heading vc_custom_1489135328062\">Year II<\/h3>\n<div class=\"wpb_text_column wpb_content_element vc_custom_1556892044425\">\n<div class=\"wpb_wrapper\">\n<h3><strong>First semester<\/strong><\/h3>\n<div align=\"left\">\n<table border=\"1\" cellspacing=\"0\" cellpadding=\"10\" align=\"center\">\n<tbody>\n<tr>\n<td width=\"294\">DISCIPLINA<\/td>\n<td width=\"235\">CADRU DIDACTIC<\/td>\n<\/tr>\n<tr>\n<td width=\"294\">Chimia analitic\u0103<\/td>\n<td width=\"235\">Prof. univ. dr. Irinel Badea; Dr. Mirela Mihaila<\/td>\n<\/tr>\n<tr>\n<td width=\"294\">Microbiologie farmaceutic\u0103<\/td>\n<td>Prof. univ. dr. Viorel Ordeanu<\/td>\n<\/tr>\n<tr>\n<td width=\"294\">Chimia fizic\u0103 a medicamentului I<\/td>\n<td width=\"235\">Dr. Carmen Manea; Drd. Daniel Cord<\/td>\n<\/tr>\n<tr>\n<td width=\"294\">Introducere \u00een chimia organic\u0103<\/td>\n<td>Asist. univ. dr. Carmen Mihailescu<\/td>\n<\/tr>\n<tr>\n<td width=\"294\">Fiziologia uman\u0103<\/td>\n<td>Conf. univ. Manole Cojocaru<\/td>\n<\/tr>\n<tr>\n<td width=\"294\">Produse tehnico-medicale<\/td>\n<td>Conf. univ. dr. Roxana Sandulovici<\/td>\n<\/tr>\n<tr>\n<td width=\"294\">Limbi str\u0103ine I<\/td>\n<td>Dr. Dorina Ungureanu<\/td>\n<\/tr>\n<tr>\n<td width=\"294\">Educa\u021bie fizic\u0103<\/td>\n<td width=\"235\">Conf. univ. dr. Adrian Urichianu<\/td>\n<\/tr>\n<tr>\n<td width=\"294\">Validarea metodelor \u0219i analiza datelor \u00een laboratoarele bioanalitice<\/td>\n<td>Prof. univ. dr. Irinel Badea<\/td>\n<\/tr>\n<\/tbody>\n<\/table>\n<\/div>\n&nbsp;\n<h3><strong>SEMESTRUL II<\/strong><\/h3>\n<table border=\"1\" cellspacing=\"0\" cellpadding=\"10\" align=\"center\">\n<tbody>\n<tr>\n<td width=\"310\">Analiza instrumental\u0103 \u0219i metode de separare<\/td>\n<td width=\"275\">Prof. univ. dr. Irinel Badea; Dr. Mirela Mihaila<\/td>\n<\/tr>\n<tr>\n<td width=\"310\">Biologie celular\u0103 \u0219i molecular\u0103<\/td>\n<td width=\"275\">Conf. univ. dr. Gabriela Opri\u0219an<\/td>\n<\/tr>\n<tr>\n<td width=\"310\">Chimia fizic\u0103 a medicamentului II<\/td>\n<td width=\"275\">Dr. Carmen Manea; Drd. Daniel Cord<\/td>\n<\/tr>\n<tr>\n<td width=\"310\">Chimie organic\u0103: compu\u0219i organici cu structuri mixte<\/td>\n<td width=\"275\">Asist. Univ. Dr. Carmen Mihailescu<\/td>\n<\/tr>\n<tr>\n<td width=\"310\">Fizipatologia uman\u0103<\/td>\n<td width=\"275\">Dr. Marinela Chiril\u0103<\/td>\n<\/tr>\n<tr>\n<td width=\"310\">Informatic\u0103 medical\u0103<\/td>\n<td width=\"275\">Prof. univ. dr. Valentin Pau, Asist. univ. dr. Octavian St\u0103nescu<\/td>\n<\/tr>\n<tr>\n<td width=\"310\">Limbi str\u0103ine II<\/td>\n<td width=\"275\">Lector univ. dr. Dorina Ungureanu<\/td>\n<\/tr>\n<tr>\n<td width=\"310\">Practic\u0103 de specialitate<\/td>\n<td width=\"275\">\u2013<\/td>\n<\/tr>\n<tr>\n<td width=\"310\">Educa\u021bie fizic\u0103<\/td>\n<td width=\"275\">Conf. univ. dr. Adrian Urichianu<\/td>\n<\/tr>\n<\/tbody>\n<\/table>\n<\/div>\n<\/div>\n<h3 class=\"vc_custom_heading vc_do_custom_heading vc_custom_1489135363660\">Year III<\/h3>\n<div class=\"wpb_text_column wpb_content_element vc_custom_1556892070032\">\n<div class=\"wpb_wrapper\">\n<h3><strong>First semester<\/strong><\/h3>\n<table border=\"1\" cellspacing=\"0\" cellpadding=\"10\" align=\"center\">\n<tbody>\n<tr>\n<td width=\"294\">DISCIPLINA<\/td>\n<td width=\"235\">CADRU DIDACTIC<\/td>\n<\/tr>\n<tr>\n<td width=\"294\">Asisten\u021b\u0103 farmaceutic\u0103<\/td>\n<td>Asist. univ. dr. Luciana G\u0103l\u0103\u021banu<\/td>\n<\/tr>\n<tr>\n<td width=\"294\">Biochimie farmaceutic\u0103 I<\/td>\n<td>Asist. univ. dr. Sorina Voicu<\/td>\n<\/tr>\n<tr>\n<td width=\"294\">Farmacognozie<\/td>\n<td width=\"235\">Lector univ. dr. Anca Daniela Raiciu; Asist. Univ. dr. Mariana Popescu<\/td>\n<\/tr>\n<tr>\n<td width=\"294\">Chimia farmaceutic\u0103 I<\/td>\n<td width=\"235\">\u00a0Prof. univ. dr. Elena Hatieganu ; Asist. Univ. dr. Carmen Mihailescu<\/td>\n<\/tr>\n<tr>\n<td width=\"294\">Medicamente biologice<\/td>\n<td>\u00a0Conf. univ. dr. Gabriela Oprisan<\/td>\n<\/tr>\n<tr>\n<td width=\"294\">Etic\u0103 \u0219i integritatea academic\u0103<\/td>\n<td>Conf. univ. dr. Roxana Sandulovici<\/td>\n<\/tr>\n<tr>\n<td width=\"294\">Semiologie medical\u0103<\/td>\n<td width=\"235\">Prof. univ. dr. Dan Florin Ungureanu; Asist. univ. dr. M\u0103d\u0103lina Tob\u0103<\/td>\n<\/tr>\n<\/tbody>\n<\/table>\n&nbsp;\n<h3><strong>SEMESTRUL II<\/strong><\/h3>\n<table border=\"1\" cellspacing=\"0\" cellpadding=\"10\" align=\"center\">\n<tbody>\n<tr>\n<td width=\"310\">Biochimie farmaceutic\u0103 II<\/td>\n<td width=\"275\">Asist. univ. dr. Sorina Voicu<\/td>\n<\/tr>\n<tr>\n<td width=\"310\">Fitochimie<\/td>\n<td width=\"275\">Lector univ. dr. Anca Daniela Raiciu; Asist. univ. dr. Mariana Popescu<\/td>\n<\/tr>\n<tr>\n<td width=\"310\">Chimia farmaceutic\u0103 II<\/td>\n<td width=\"275\">Prof. univ. dr. Elena Hatieganu; Asist. univ. dr. Carmen Mihailescu<\/td>\n<\/tr>\n<tr>\n<td width=\"310\">Tehnologie farmaceutic\u0103 I<\/td>\n<td width=\"275\">Conf. univ. dr. Roxana Sandulovici, Asist univ. dr. Raluca Sbora<\/td>\n<\/tr>\n<tr>\n<td width=\"310\">Farmacologie general\u0103<\/td>\n<td width=\"275\">Lector univ. dr. Simona Rizea<\/td>\n<\/tr>\n<tr>\n<td width=\"310\">Patologie clinic\u0103<\/td>\n<td width=\"275\">Prof. univ. dr. Dan Florin Ungureanu; Asist. univ. dr. M\u0103d\u0103lina Tob\u0103<\/td>\n<\/tr>\n<\/tbody>\n<\/table>\n<\/div>\n<\/div>\n<h3 class=\"vc_custom_heading vc_do_custom_heading vc_custom_1556892090775\">Year 4<\/h3>\n<div class=\"wpb_text_column wpb_content_element vc_custom_1556892097433\">\n<div class=\"wpb_wrapper\">\n<h3><strong>First semester<\/strong><\/h3>\n<table border=\"1\" cellspacing=\"0\" cellpadding=\"10\" align=\"center\">\n<tbody>\n<tr>\n<td width=\"294\">DISCIPLINA<\/td>\n<td width=\"235\">CADRU DIDACTIC<\/td>\n<\/tr>\n<tr>\n<td width=\"294\">Chimie farmaceutic\u0103 III<\/td>\n<td width=\"235\">Prof. univ. dr. Elena Hatieganu; Lector univ. dr. Anton Aldea<\/td>\n<\/tr>\n<tr>\n<td width=\"294\">Tehnologie farmaceutica II<\/td>\n<td width=\"235\">Conf. univ. dr. Roxana Sandulovici; Dr. Raluca Sbora<\/td>\n<\/tr>\n<tr>\n<td width=\"294\">Farmacologie \u0219i farmacoterapie I<\/td>\n<td width=\"235\">\u00a0Lector univ. dr. Elena Truta; Dr. Farm. Roxana Gavriloaia<\/td>\n<\/tr>\n<tr>\n<td width=\"294\">Chimia sanitar\u0103 \u0219i igiena mediului<\/td>\n<td>Lector univ. dr. Gabriela Costache<\/td>\n<\/tr>\n<tr>\n<td width=\"294\">Imunologie<\/td>\n<td width=\"235\">Prof. univ. dr. Adrian Onu<\/td>\n<\/tr>\n<tr>\n<td width=\"294\">Biofarmacie si farmacocinetica<\/td>\n<td>Conf. univ. dr. Ion Mircioiu<\/td>\n<\/tr>\n<\/tbody>\n<\/table>\n<h3><\/h3>\n<h3><strong>SEMESTRUL II<\/strong><\/h3>\n<table border=\"1\" cellspacing=\"0\" cellpadding=\"10\" align=\"center\">\n<tbody>\n<tr>\n<td width=\"310\">Chimie farmaceutic\u0103 IV<\/td>\n<td width=\"275\">Prof. univ. dr. Elena Hatieganu; Lector univ. dr. Anton Aldea<\/td>\n<\/tr>\n<tr>\n<td width=\"310\">Tehnologie farmaceutica III<\/td>\n<td width=\"275\">Conf. univ. dr. Roxana Sandulovici; Dr. Erand MATI<\/td>\n<\/tr>\n<tr>\n<td width=\"310\">Farmacologie si farmacoterapie II<\/td>\n<td width=\"275\">Lector univ. dr. Elena Truta<\/td>\n<\/tr>\n<tr>\n<td width=\"310\">Chimia sanitara si igiena mediului II<\/td>\n<td width=\"275\">Lector univ. dr. Gabriela Costache<\/td>\n<\/tr>\n<tr>\n<td width=\"310\">Toxicologie<\/td>\n<td width=\"275\">Lector univ. dr. Alice Sianu Piperea<\/td>\n<\/tr>\n<tr>\n<td width=\"310\">Metodologia cercet\u0103rii \u0219tiin\u021bifice<\/td>\n<td width=\"275\">Conf. univ. dr. Ion Mircioiu<\/td>\n<\/tr>\n<tr>\n<td width=\"310\">Practic\u0103 de specialitate<\/td>\n<td width=\"275\">\u2013<\/td>\n<\/tr>\n<tr>\n<td width=\"310\">Fitoterapie<\/td>\n<td width=\"275\">Lector univ. dr. Anca Daniela Raiciu<\/td>\n<\/tr>\n<\/tbody>\n<\/table>\n<\/div>\n<\/div>\n<h3 class=\"vc_custom_heading vc_do_custom_heading vc_custom_1556892114758\">Anul V<\/h3>\n<div class=\"wpb_text_column wpb_content_element vc_custom_1556892163892\">\n<div class=\"wpb_wrapper\">\n<h3><strong>First semester<\/strong><\/h3>\n<table border=\"1\" cellspacing=\"0\" cellpadding=\"10\" align=\"center\">\n<tbody>\n<tr>\n<td width=\"294\">DISCIPLINA<\/td>\n<td width=\"235\">CADRU DIDACTIC<\/td>\n<\/tr>\n<tr>\n<td width=\"294\">Toxicologia xenobioticelor organice din domeniul farmaceutic<\/td>\n<td>Lector univ. dr. Alice Sianu Piperea<\/td>\n<\/tr>\n<tr>\n<td width=\"294\">Analiza medicamentului<\/td>\n<td width=\"235\">Conf. univ. dr. Ion Mircioiu; Dr. Raluca Sbora<\/td>\n<\/tr>\n<tr>\n<td width=\"294\">Tehnologie farmaceutic\u0103 IV<\/td>\n<td>Conf. Univ. Dr. Roxana Sandulovici<\/td>\n<\/tr>\n<tr>\n<td width=\"294\">Industria medicamentului \u0219i biotehnologii farmaceutice<\/td>\n<td>Lector univ. dr. Iulian Sarbu<\/td>\n<\/tr>\n<tr>\n<td width=\"294\">Management farmaceutic<\/td>\n<td>Lector univ. dr. Anton Aldea<\/td>\n<\/tr>\n<tr>\n<td width=\"294\">Legisla\u021bie farmaceutic\u0103<\/td>\n<td>Prof. univ. dr. Roxana Sandulovici<\/td>\n<\/tr>\n<tr>\n<td width=\"294\">Comunicarea cu pacientul<\/td>\n<td>Lector univ. dr. Simona Rizea Savu<\/td>\n<\/tr>\n<tr>\n<td>Reguli de bun\u0103 practic\u0103 \u0219i calitatea studiilor clinice<\/td>\n<td>\u00a0Conf. univ. dr. Ion Mircioiu<\/td>\n<\/tr>\n<\/tbody>\n<\/table>\n&nbsp;\n<h3><strong>SEMESTRUL II<\/strong><\/h3>\n<table border=\"1\" cellspacing=\"0\" cellpadding=\"10\" align=\"center\">\n<tbody>\n<tr>\n<td width=\"310\">Marketing farmaceutic<\/td>\n<td width=\"275\">Lector univ. dr. Anca Daniela Raiciu<\/td>\n<\/tr>\n<tr>\n<td width=\"310\">Bioetic\u0103 \u0219i deontologie farmaceutic\u0103<\/td>\n<td width=\"275\">Conf. univ. dr. Roxana Sandulovici<\/td>\n<\/tr>\n<tr>\n<td width=\"310\">Farmacie clinic\u0103<\/td>\n<td width=\"275\">Dr. Farm. Roxana Gavriloaia<\/td>\n<\/tr>\n<\/tbody>\n<\/table>\n&nbsp;\n\n<\/div>\n<\/div><\/div>\n\t\t\t\t<\/div>\n\t\t\t\t\t\t\t<div class=\"elementor-toggle-item\">\n\t\t\t\t\t<h2 id=\"elementor-tab-title-6342\" class=\"elementor-tab-title\" data-tab=\"2\" role=\"button\" aria-controls=\"elementor-tab-content-6342\" aria-expanded=\"false\">\n\t\t\t\t\t\t\t\t\t\t\t\t<span class=\"elementor-toggle-icon elementor-toggle-icon-right\" aria-hidden=\"true\">\n\t\t\t\t\t\t\t\t\t\t\t\t\t\t\t<span class=\"elementor-toggle-icon-closed\"><i class=\"vamtamtheme- vamtam-theme-arrow-down\"><\/i><\/span>\n\t\t\t\t\t\t\t\t<span class=\"elementor-toggle-icon-opened\"><i class=\"elementor-toggle-icon-opened vamtamtheme- vamtam-theme-arrow-up\"><\/i><\/span>\n\t\t\t\t\t\t\t\t\t\t\t\t\t<\/span>\n\t\t\t\t\t\t\t\t\t\t\t\t<a class=\"elementor-toggle-title\" tabindex=\"0\">Curriculum<\/a>\n\t\t\t\t\t<\/h2>\n\n\t\t\t\t\t<div id=\"elementor-tab-content-6342\" class=\"elementor-tab-content elementor-clearfix\" data-tab=\"2\" role=\"region\" aria-labelledby=\"elementor-tab-title-6342\"><div>\n<ul>\n \t<li><a href=\"\/wp-content\/uploads\/2026\/03\/An-I.pdf\"><strong>Plan de \u00eenv\u0103\u021b\u0103m\u00e2nt 2021-2022 \u2013 Programul de studii Farmacie, an I<\/strong><\/a><\/li>\n \t<li><a href=\"\/wp-content\/uploads\/2026\/03\/An-II.pdf\"><strong>Plan de \u00eenv\u0103\u021b\u0103m\u00e2nt 2021-2022 \u2013 Programul de studii Farmacie, an II<\/strong><\/a><\/li>\n \t<li><a href=\"\/wp-content\/uploads\/2026\/03\/An-III.pdf\"><strong>Plan de \u00eenv\u0103\u021b\u0103m\u00e2nt 2021-2022 \u2013 Programul de studii Farmacie, an III<\/strong><\/a><\/li>\n \t<li><a href=\"\/wp-content\/uploads\/2026\/03\/An-IV.pdf\"><strong>Plan de \u00eenv\u0103\u021b\u0103m\u00e2nt 2021-2022 \u2013 Programul de studii Farmacie, an IV<\/strong><\/a><\/li>\n \t<li><a href=\"\/wp-content\/uploads\/2026\/03\/An-V.pdf\"><strong>Plan de \u00eenv\u0103\u021b\u0103m\u00e2nt 2021-2022 \u2013 Programul de studii Farmacie, an V<\/strong><\/a><\/li>\n<\/ul>\n<\/div>\n<div><\/div><\/div>\n\t\t\t\t<\/div>\n\t\t\t\t\t\t\t\t<\/div>\n\t\t\t\t\t\t<\/div>\n\t\t\t\t<\/div>\n\t\t\t\t\t<\/div>\n\t\t<\/div>\n\t\t\t\t\t<\/div>\n\t\t<\/section>\n\t\t\t\t<section class=\"elementor-section elementor-top-section elementor-element elementor-element-bec48f3 elementor-section-boxed elementor-section-height-default elementor-section-height-default\" data-id=\"bec48f3\" data-element_type=\"section\" data-e-type=\"section\">\n\t\t\t\t\t\t<div class=\"elementor-container elementor-column-gap-default\">\n\t\t\t\t\t<div class=\"elementor-column elementor-col-100 elementor-top-column elementor-element elementor-element-30b6ee5\" data-id=\"30b6ee5\" data-element_type=\"column\" data-e-type=\"column\">\n\t\t\t<div class=\"elementor-widget-wrap elementor-element-populated\">\n\t\t\t\t\t\t<div class=\"elementor-element elementor-element-d0e2df9 elementor-widget elementor-widget-spacer\" data-id=\"d0e2df9\" data-element_type=\"widget\" data-e-type=\"widget\" data-widget_type=\"spacer.default\">\n\t\t\t\t<div class=\"elementor-widget-container\">\n\t\t\t\t\t\t\t<div class=\"elementor-spacer\">\n\t\t\t<div class=\"elementor-spacer-inner\"><\/div>\n\t\t<\/div>\n\t\t\t\t\t\t<\/div>\n\t\t\t\t<\/div>\n\t\t\t\t\t<\/div>\n\t\t<\/div>\n\t\t\t\t\t<\/div>\n\t\t<\/section>\n\t\t\t\t<\/div>","protected":false},"excerpt":{"rendered":"<p>Documente de interes public Discipline de studiu Anul I SEMESTRUL I DISCIPLINA CADRU DIDACTIC Biostatistic\u0103 Conf. univ. dr. Roxana Sandulovici Fizic\u0103 farmaceutic\u0103: Concepte fundamentale Prof. univ. dr. Adrian Onu Introducere \u00een chimia anorganic\u0103 Lector univ. dr. Cristina Tablet; Conf. univ. dr. Mircea Stefan Botanic\u0103 farmaceutic\u0103 (citologie \u0219i morfologia plantelor) Prof. univ. dr. Elena Hatieganu; Asist&#8230;.<\/p>","protected":false},"author":1,"featured_media":0,"parent":25000,"menu_order":0,"comment_status":"closed","ping_status":"closed","template":"","meta":{"footnotes":""},"class_list":["post-36311","page","type-page","status-publish","hentry"],"_links":{"self":[{"href":"https:\/\/site.utm.ro\/en\/wp-json\/wp\/v2\/pages\/36311","targetHints":{"allow":["GET"]}}],"collection":[{"href":"https:\/\/site.utm.ro\/en\/wp-json\/wp\/v2\/pages"}],"about":[{"href":"https:\/\/site.utm.ro\/en\/wp-json\/wp\/v2\/types\/page"}],"author":[{"embeddable":true,"href":"https:\/\/site.utm.ro\/en\/wp-json\/wp\/v2\/users\/1"}],"replies":[{"embeddable":true,"href":"https:\/\/site.utm.ro\/en\/wp-json\/wp\/v2\/comments?post=36311"}],"version-history":[{"count":0,"href":"https:\/\/site.utm.ro\/en\/wp-json\/wp\/v2\/pages\/36311\/revisions"}],"up":[{"embeddable":true,"href":"https:\/\/site.utm.ro\/en\/wp-json\/wp\/v2\/pages\/25000"}],"wp:attachment":[{"href":"https:\/\/site.utm.ro\/en\/wp-json\/wp\/v2\/media?parent=36311"}],"curies":[{"name":"wp","href":"https:\/\/api.w.org\/{rel}","templated":true}]}}