{"id":36282,"date":"2026-03-16T14:11:42","date_gmt":"2026-03-16T14:11:42","guid":{"rendered":"https:\/\/site.utm.ro\/?page_id=36282"},"modified":"2026-03-16T14:12:06","modified_gmt":"2026-03-16T14:12:06","slug":"teaching-staff","status":"publish","type":"page","link":"https:\/\/site.utm.ro\/en\/facultatea-de-farmacie\/cadre-didactice\/","title":{"rendered":"Facultatea de Farmacie &#8211; Cadre didactice"},"content":{"rendered":"<div data-elementor-type=\"wp-page\" data-elementor-id=\"36282\" class=\"elementor elementor-36282\" data-elementor-post-type=\"page\">\n\t\t\t\t\t\t<section class=\"elementor-section elementor-top-section elementor-element elementor-element-e6b9609 elementor-section-full_width elementor-section-height-default elementor-section-height-default\" data-id=\"e6b9609\" data-element_type=\"section\" data-e-type=\"section\">\n\t\t\t\t\t\t<div class=\"elementor-container elementor-column-gap-default\">\n\t\t\t\t\t<div class=\"elementor-column elementor-col-100 elementor-top-column elementor-element elementor-element-02dbdaf\" data-id=\"02dbdaf\" data-element_type=\"column\" data-e-type=\"column\">\n\t\t\t<div class=\"elementor-widget-wrap elementor-element-populated\">\n\t\t\t\t\t\t<div class=\"elementor-element elementor-element-479b2b4 elementor-widget elementor-widget-template\" data-id=\"479b2b4\" data-element_type=\"widget\" data-e-type=\"widget\" data-widget_type=\"template.default\">\n\t\t\t\t<div class=\"elementor-widget-container\">\n\t\t\t\t\t\t\t<div class=\"elementor-template\">\n\t\t\t\t\t<div data-elementor-type=\"section\" data-elementor-id=\"36207\" class=\"elementor elementor-36207\" data-elementor-post-type=\"elementor_library\">\n\t\t\t\t\t<section class=\"elementor-section elementor-top-section elementor-element elementor-element-30b361f4 elementor-section-full_width elementor-section-height-default elementor-section-height-default\" data-id=\"30b361f4\" data-element_type=\"section\" data-e-type=\"section\">\n\t\t\t\t\t\t<div class=\"elementor-container elementor-column-gap-default\">\n\t\t\t\t\t<div class=\"elementor-column elementor-col-100 elementor-top-column elementor-element elementor-element-170f6fff\" data-id=\"170f6fff\" data-element_type=\"column\" data-e-type=\"column\">\n\t\t\t<div class=\"elementor-widget-wrap elementor-element-populated\">\n\t\t\t\t\t\t<div class=\"elementor-element elementor-element-224e85d9 elementor--h-position-center elementor--v-position-middle elementor-pagination-position-inside elementor-widget elementor-widget-slides\" data-id=\"224e85d9\" data-element_type=\"widget\" data-e-type=\"widget\" data-settings=\"{&quot;navigation&quot;:&quot;dots&quot;,&quot;autoplay&quot;:&quot;yes&quot;,&quot;pause_on_hover&quot;:&quot;yes&quot;,&quot;pause_on_interaction&quot;:&quot;yes&quot;,&quot;autoplay_speed&quot;:5000,&quot;infinite&quot;:&quot;yes&quot;,&quot;transition&quot;:&quot;slide&quot;,&quot;transition_speed&quot;:500}\" data-widget_type=\"slides.default\">\n\t\t\t\t<div class=\"elementor-widget-container\">\n\t\t\t\t\t\t\t\t<div class=\"elementor-swiper\">\n\t\t\t\t<div class=\"elementor-slides-wrapper elementor-main-swiper swiper-container\" dir=\"ltr\" data-animation=\"fadeInUp\">\n\t\t\t\t\t<div class=\"swiper-wrapper elementor-slides\">\n\t\t\t\t\t\t\t\t\t\t\t\t<div class=\"elementor-repeater-item-301adab swiper-slide\"><div class=\"swiper-slide-bg\" role=\"img\"><\/div><div class=\"swiper-slide-inner\" ><div class=\"swiper-slide-contents\"><\/div><\/div><\/div>\t\t\t\t\t<\/div>\n\t\t\t\t\t\t\t\t\t<\/div>\n\t\t\t<\/div>\n\t\t\t\t\t\t\t<\/div>\n\t\t\t\t<\/div>\n\t\t\t\t\t<\/div>\n\t\t<\/div>\n\t\t\t\t\t<\/div>\n\t\t<\/section>\n\t\t\t\t<\/div>\n\t\t\t\t<\/div>\n\t\t\t\t\t\t<\/div>\n\t\t\t\t<\/div>\n\t\t\t\t\t<\/div>\n\t\t<\/div>\n\t\t\t\t\t<\/div>\n\t\t<\/section>\n\t\t\t\t<section class=\"elementor-section elementor-top-section elementor-element elementor-element-b9c5c12 elementor-section-boxed elementor-section-height-default elementor-section-height-default\" data-id=\"b9c5c12\" data-element_type=\"section\" data-e-type=\"section\">\n\t\t\t\t\t\t<div class=\"elementor-container elementor-column-gap-no\">\n\t\t\t\t\t<div class=\"elementor-column elementor-col-50 elementor-top-column elementor-element elementor-element-c8dcee3 animated-fast elementor-invisible\" data-id=\"c8dcee3\" data-element_type=\"column\" data-e-type=\"column\" data-settings=\"{&quot;background_background&quot;:&quot;classic&quot;,&quot;animation&quot;:&quot;fadeIn&quot;,&quot;animation_tablet&quot;:&quot;none&quot;,&quot;animation_mobile&quot;:&quot;none&quot;,&quot;animation_delay&quot;:100}\">\n\t\t\t<div class=\"elementor-widget-wrap elementor-element-populated\">\n\t\t\t\t\t\t<div class=\"elementor-element elementor-element-7560d80 elementor-widget elementor-widget-heading\" data-id=\"7560d80\" data-element_type=\"widget\" data-e-type=\"widget\" data-widget_type=\"heading.default\">\n\t\t\t\t<div class=\"elementor-widget-container\">\n\t\t\t\t\t<h1 class=\"elementor-heading-title elementor-size-default\">Teachers<\/h1>\t\t\t\t<\/div>\n\t\t\t\t<\/div>\n\t\t\t\t\t<\/div>\n\t\t<\/div>\n\t\t\t\t<div class=\"elementor-column elementor-col-50 elementor-top-column elementor-element elementor-element-349ec24 elementor-hidden-desktop elementor-hidden-tablet elementor-hidden-phone\" data-id=\"349ec24\" data-element_type=\"column\" data-e-type=\"column\">\n\t\t\t<div class=\"elementor-widget-wrap\">\n\t\t\t\t\t\t\t<\/div>\n\t\t<\/div>\n\t\t\t\t\t<\/div>\n\t\t<\/section>\n\t\t\t\t<section class=\"elementor-section elementor-top-section elementor-element elementor-element-94d23c6 elementor-section-boxed elementor-section-height-default elementor-section-height-default\" data-id=\"94d23c6\" data-element_type=\"section\" data-e-type=\"section\">\n\t\t\t\t\t\t<div class=\"elementor-container elementor-column-gap-default\">\n\t\t\t\t\t<div class=\"elementor-column elementor-col-100 elementor-top-column elementor-element elementor-element-8616c29\" data-id=\"8616c29\" data-element_type=\"column\" data-e-type=\"column\">\n\t\t\t<div class=\"elementor-widget-wrap elementor-element-populated\">\n\t\t\t\t\t\t<div class=\"elementor-element elementor-element-7561b51 elementor-widget elementor-widget-text-editor\" data-id=\"7561b51\" data-element_type=\"widget\" data-e-type=\"widget\" data-widget_type=\"text-editor.default\">\n\t\t\t\t<div class=\"elementor-widget-container\">\n\t\t\t\t\t\t\t\t\t<h3><strong>CADRE DIDACTICE TITULARE<\/strong><\/h3><p><strong>\u00a0<\/strong><\/p><ul><li><strong>univ. dr. Adrian ONU:\u00a0<\/strong>Fizic\u0103 farmaceutic\u0103 \u0219i Biofizic\u0103, Imunologie<\/li><li><strong>univ. dr. Roxana Colette SANDULOVICI:\u00a0<\/strong>Matematic\u0103 aplicat\u0103 \u00een farmacie, Biostatistic\u0103, Produse tehnico-medicale, Tehnologie farmaceutic\u0103, Etica \u0219i integritatea academic\u0103, Legisla\u021bie farmaceutic\u0103, Bioetic\u0103 \u0219i deontologie farmaceutic\u0103<\/li><li><strong>univ. dr. Ion MIRCIOIU:\u00a0<\/strong>Biofarmacie \u0219i farmacocinetic\u0103, Metodologia cercet\u0103rii \u0219tiin\u021bifice, Analiza medicamentului, \u0218tiin\u021bele comportamentului, Reguli de bun\u0103 practic\u0103 \u0219i calitatea studiilor clinice<\/li><li><strong>univ. dr.\u00a0<\/strong><strong>Gabriela Rodica OPRI\u0218AN:\u00a0<\/strong>Biologie celular\u0103 \u0219i molecular\u0103, Medicamente biologice<\/li><li><strong>univ. dr. Mircea \u0218TEFAN:\u00a0<\/strong>Introducere \u00een chimia anorganic\u0103, Chimia anorganic\u0103 aplicat\u0103 \u00een farmacie, Introducere \u00een chimia analitic\u0103<\/li><li><strong>Lector univ. dr. Anca Daniela RAICIU:\u00a0<\/strong>Farmacognozie, Fitochimie, Dermatofarmacie \u0219i cosmetologie, Fitoterapie, Marketing farmaceutic<\/li><li><strong>Lector univ. dr. Elena TRU\u021a\u0102:\u00a0<\/strong>Farmacologie \u0219i farmacoterapie, Toxicologie, Farmacie clinic\u0103<\/li><li><strong>Lector univ. dr. Iulian S\u00c2RBU:<\/strong>\u00a0Fizic\u0103 farmaceutic\u0103 \u0219i Biofizic\u0103, Industria medicamentului \u0219i biotehnologii farmaceutice<\/li><li><strong>Lector univ. dr. Anton ALDEA:<\/strong>\u00a0Chimie terapeutic\u0103<\/li><li><strong>Lector univ. dr. Gabriela COSTACHE:\u00a0<\/strong>Chimia factorilor de mediu, igien\u0103, nutri\u021bie, Dietoterapie<\/li><li><strong>Lector univ. dr. Cristina T\u0102BLE\u021a:\u00a0<\/strong>Introducere \u00een chimia anorganic\u0103, Chimia anorganic\u0103 aplicat\u0103 \u00een farmacie<\/li><li><strong>Lector univ. dr. Simona RIZEA SAVU:<\/strong>\u00a0Farmacologie general\u0103, Comunicarea cu pacientul<\/li><li><strong>Lector univ. dr. Marinela CHIRIL\u0102:\u00a0<\/strong>Anatomia uman\u0103, Fiziopatologia uman\u0103<\/li><li><strong>Lector univ. dr. Luciana Mona G\u0102L\u0102\u021aANU:\u00a0<\/strong>Botanica farmaceutic\u0103, Asisten\u021b\u0103 farmaceutic\u0103<\/li><li><strong>Lector univ. dr.\u00a0<\/strong><strong>Carmen Marinela MIH\u0102ILESCU:\u00a0<\/strong>Introducerea \u00een chimia organic\u0103, Chimia organic\u0103 \u2013 compu\u0219i organici cu structuri mixte<\/li><li><strong>Lector univ. dr. Mariana POPESCU:<\/strong>\u00a0Introducere \u00een chimia analitic\u0103, Management farmaceutic<\/li><li><strong>Lector univ. dr. Mariana CONSTANTIN:<\/strong>\u00a0Biologie celular\u0103 \u0219i molecular\u0103, S\u0103n\u0103tatea public\u0103<\/li><li><strong>Lector univ. dr. Carmen MANEA:\u00a0<\/strong>Chimia fizic\u0103 a medicamentului<\/li><li><strong>Lector univ. dr. Mirela MIH\u0102IL\u0102:\u00a0<\/strong>Biochimie I, Biochimie II, Chimia analitic\u0103 cantitativ\u0103, Analiza instrumental\u0103 \u0219i metode de separare<\/li><li><strong>univ. dr. Raluca Maria SWOBODA<\/strong><strong>:<\/strong>\u00a0Tehnologie farmaceutic\u0103<\/li><li><strong>univ. dr. Mariana PAN\u021aUROIU:<\/strong>\u00a0Farmacognozie, Fitochimie, Toxicologie<\/li><li><strong>univ. dr. Luiza CIMA:<\/strong>\u00a0Fizic\u0103 farmaceutic\u0103 \u0219i Biofizic\u0103, Chimie farmaceutic\u0103 I, Chimie farmaceutic\u0103 II<\/li><\/ul><h3><strong>\u00a0<\/strong><\/h3><h3><strong>CADRE DIDACTICE ASOCIATE<\/strong><\/h3><h3><strong>\u00a0<\/strong><\/h3><ul><li><strong>Academician Prof. univ. dr. Elena HATIEGANU:<\/strong>\u00a0Botanica farmaceutic\u0103, Chimie farmaceutic\u0103, Chimie terapeutic\u0103<\/li><li><strong>univ. dr. Valentin PAU:\u00a0<\/strong>Informatic\u0103 medical\u0103<\/li><li><strong>univ. dr.\u00a0<\/strong><strong>Viorel ORDEANU:<\/strong>\u00a0Terminologie farmaceutic\u0103 \u0219i medical\u0103, Istoria farmaciei, Microbiologie farmaceutic\u0103<\/li><li><strong>univ. dr. Irinel BADEA:\u00a0<\/strong>Chimia analitic\u0103 cantitativ\u0103, Analiza instrumental\u0103 \u0219i metode de separare, Validarea metodelor \u0219i analiza datelor \u00een laboratoarele bioanalitice<\/li><li><strong>Univ. dr. Adrian URICHIANU:\u00a0<\/strong>Educa\u021bie fizic\u0103<\/li><li><strong>Lector univ. dr. M\u0103d\u0103lina TOB\u0102:<\/strong>\u00a0Patologie clinic\u0103, Semiologie medical\u0103<\/li><li><strong>Lector univ. dr.\u00a0<\/strong><strong>Dorina UNGUREANU:\u00a0<\/strong>Limba str\u0103in\u0103 (englez\u0103)<\/li><li><strong>Lector univ. dr. Lumini\u021ba COPACI<\/strong><strong>:<\/strong>\u00a0Informatic\u0103 medical\u0103<\/li><li><strong>farm. Erand MATI:<\/strong>\u00a0Matematic\u0103 aplicat\u0103 \u00een farmacie, Tehnologie farmaceutic\u0103<\/li><li><strong>farm.\u00a0<\/strong><strong>Roxana GAVRILOAIA:<\/strong>\u00a0Analiza medicamentului, Farmacie clinic\u0103 , Farmacologie \u0219i farmacoterapie<\/li><li><strong>farm. Daniel CORD:<\/strong>\u00a0Matematic\u0103 aplicat\u0103 \u00een farmacie, Biostatistic\u0103, Farmacologie \u0219i farmacoterapie<\/li><li><strong>farm. Sorina AURIC\u0102:<\/strong>\u00a0Analiza medicamentului, Farmacie clinic\u0103, Farmacologie \u0219i farmacoterapie<\/li><\/ul>\t\t\t\t\t\t\t\t<\/div>\n\t\t\t\t<\/div>\n\t\t\t\t\t<\/div>\n\t\t<\/div>\n\t\t\t\t\t<\/div>\n\t\t<\/section>\n\t\t\t\t<section class=\"elementor-section elementor-top-section elementor-element elementor-element-bec48f3 elementor-section-boxed elementor-section-height-default elementor-section-height-default\" data-id=\"bec48f3\" data-element_type=\"section\" data-e-type=\"section\">\n\t\t\t\t\t\t<div class=\"elementor-container elementor-column-gap-default\">\n\t\t\t\t\t<div class=\"elementor-column elementor-col-100 elementor-top-column elementor-element elementor-element-30b6ee5\" data-id=\"30b6ee5\" data-element_type=\"column\" data-e-type=\"column\">\n\t\t\t<div class=\"elementor-widget-wrap elementor-element-populated\">\n\t\t\t\t\t\t<div class=\"elementor-element elementor-element-d0e2df9 elementor-widget elementor-widget-spacer\" data-id=\"d0e2df9\" data-element_type=\"widget\" data-e-type=\"widget\" data-widget_type=\"spacer.default\">\n\t\t\t\t<div class=\"elementor-widget-container\">\n\t\t\t\t\t\t\t<div class=\"elementor-spacer\">\n\t\t\t<div class=\"elementor-spacer-inner\"><\/div>\n\t\t<\/div>\n\t\t\t\t\t\t<\/div>\n\t\t\t\t<\/div>\n\t\t\t\t\t<\/div>\n\t\t<\/div>\n\t\t\t\t\t<\/div>\n\t\t<\/section>\n\t\t\t\t<\/div>","protected":false},"excerpt":{"rendered":"<p>Cadre didactice CADRE DIDACTICE TITULARE \u00a0 univ. dr. Adrian ONU:\u00a0Fizic\u0103 farmaceutic\u0103 \u0219i Biofizic\u0103, Imunologie univ. dr. Roxana Colette SANDULOVICI:\u00a0Matematic\u0103 aplicat\u0103 \u00een farmacie, Biostatistic\u0103, Produse tehnico-medicale, Tehnologie farmaceutic\u0103, Etica \u0219i integritatea academic\u0103, Legisla\u021bie farmaceutic\u0103, Bioetic\u0103 \u0219i deontologie farmaceutic\u0103 univ. dr. Ion MIRCIOIU:\u00a0Biofarmacie \u0219i farmacocinetic\u0103, Metodologia cercet\u0103rii \u0219tiin\u021bifice, Analiza medicamentului, \u0218tiin\u021bele comportamentului, Reguli de bun\u0103 practic\u0103 \u0219i&#8230;<\/p>","protected":false},"author":1,"featured_media":0,"parent":25000,"menu_order":0,"comment_status":"closed","ping_status":"closed","template":"","meta":{"footnotes":""},"class_list":["post-36282","page","type-page","status-publish","hentry"],"_links":{"self":[{"href":"https:\/\/site.utm.ro\/en\/wp-json\/wp\/v2\/pages\/36282","targetHints":{"allow":["GET"]}}],"collection":[{"href":"https:\/\/site.utm.ro\/en\/wp-json\/wp\/v2\/pages"}],"about":[{"href":"https:\/\/site.utm.ro\/en\/wp-json\/wp\/v2\/types\/page"}],"author":[{"embeddable":true,"href":"https:\/\/site.utm.ro\/en\/wp-json\/wp\/v2\/users\/1"}],"replies":[{"embeddable":true,"href":"https:\/\/site.utm.ro\/en\/wp-json\/wp\/v2\/comments?post=36282"}],"version-history":[{"count":0,"href":"https:\/\/site.utm.ro\/en\/wp-json\/wp\/v2\/pages\/36282\/revisions"}],"up":[{"embeddable":true,"href":"https:\/\/site.utm.ro\/en\/wp-json\/wp\/v2\/pages\/25000"}],"wp:attachment":[{"href":"https:\/\/site.utm.ro\/en\/wp-json\/wp\/v2\/media?parent=36282"}],"curies":[{"name":"wp","href":"https:\/\/api.w.org\/{rel}","templated":true}]}}