{"id":36281,"date":"2026-03-16T14:06:59","date_gmt":"2026-03-16T14:06:59","guid":{"rendered":"https:\/\/site.utm.ro\/?page_id=36281"},"modified":"2026-03-16T14:07:18","modified_gmt":"2026-03-16T14:07:18","slug":"word-from-the-dean","status":"publish","type":"page","link":"https:\/\/site.utm.ro\/en\/facultatea-de-farmacie\/cuvantul-decanului\/","title":{"rendered":"Facultatea de Farmacie &#8211; Cuv\u00e2ntul decanului"},"content":{"rendered":"<div data-elementor-type=\"wp-page\" data-elementor-id=\"36281\" class=\"elementor elementor-36281\" data-elementor-post-type=\"page\">\n\t\t\t\t\t\t<section class=\"elementor-section elementor-top-section elementor-element elementor-element-e6b9609 elementor-section-full_width elementor-section-height-default elementor-section-height-default\" data-id=\"e6b9609\" data-element_type=\"section\" data-e-type=\"section\">\n\t\t\t\t\t\t<div class=\"elementor-container elementor-column-gap-default\">\n\t\t\t\t\t<div class=\"elementor-column elementor-col-100 elementor-top-column elementor-element elementor-element-02dbdaf\" data-id=\"02dbdaf\" data-element_type=\"column\" data-e-type=\"column\">\n\t\t\t<div class=\"elementor-widget-wrap elementor-element-populated\">\n\t\t\t\t\t\t<div class=\"elementor-element elementor-element-479b2b4 elementor-widget elementor-widget-template\" data-id=\"479b2b4\" data-element_type=\"widget\" data-e-type=\"widget\" data-widget_type=\"template.default\">\n\t\t\t\t<div class=\"elementor-widget-container\">\n\t\t\t\t\t\t\t<div class=\"elementor-template\">\n\t\t\t\t\t<div data-elementor-type=\"section\" data-elementor-id=\"36207\" class=\"elementor elementor-36207\" data-elementor-post-type=\"elementor_library\">\n\t\t\t\t\t<section class=\"elementor-section elementor-top-section elementor-element elementor-element-30b361f4 elementor-section-full_width elementor-section-height-default elementor-section-height-default\" data-id=\"30b361f4\" data-element_type=\"section\" data-e-type=\"section\">\n\t\t\t\t\t\t<div class=\"elementor-container elementor-column-gap-default\">\n\t\t\t\t\t<div class=\"elementor-column elementor-col-100 elementor-top-column elementor-element elementor-element-170f6fff\" data-id=\"170f6fff\" data-element_type=\"column\" data-e-type=\"column\">\n\t\t\t<div class=\"elementor-widget-wrap elementor-element-populated\">\n\t\t\t\t\t\t<div class=\"elementor-element elementor-element-224e85d9 elementor--h-position-center elementor--v-position-middle elementor-pagination-position-inside elementor-widget elementor-widget-slides\" data-id=\"224e85d9\" data-element_type=\"widget\" data-e-type=\"widget\" data-settings=\"{&quot;navigation&quot;:&quot;dots&quot;,&quot;autoplay&quot;:&quot;yes&quot;,&quot;pause_on_hover&quot;:&quot;yes&quot;,&quot;pause_on_interaction&quot;:&quot;yes&quot;,&quot;autoplay_speed&quot;:5000,&quot;infinite&quot;:&quot;yes&quot;,&quot;transition&quot;:&quot;slide&quot;,&quot;transition_speed&quot;:500}\" data-widget_type=\"slides.default\">\n\t\t\t\t<div class=\"elementor-widget-container\">\n\t\t\t\t\t\t\t\t<div class=\"elementor-swiper\">\n\t\t\t\t<div class=\"elementor-slides-wrapper elementor-main-swiper swiper-container\" dir=\"ltr\" data-animation=\"fadeInUp\">\n\t\t\t\t\t<div class=\"swiper-wrapper elementor-slides\">\n\t\t\t\t\t\t\t\t\t\t\t\t<div class=\"elementor-repeater-item-301adab swiper-slide\"><div class=\"swiper-slide-bg\" role=\"img\"><\/div><div class=\"swiper-slide-inner\" ><div class=\"swiper-slide-contents\"><\/div><\/div><\/div>\t\t\t\t\t<\/div>\n\t\t\t\t\t\t\t\t\t<\/div>\n\t\t\t<\/div>\n\t\t\t\t\t\t\t<\/div>\n\t\t\t\t<\/div>\n\t\t\t\t\t<\/div>\n\t\t<\/div>\n\t\t\t\t\t<\/div>\n\t\t<\/section>\n\t\t\t\t<\/div>\n\t\t\t\t<\/div>\n\t\t\t\t\t\t<\/div>\n\t\t\t\t<\/div>\n\t\t\t\t\t<\/div>\n\t\t<\/div>\n\t\t\t\t\t<\/div>\n\t\t<\/section>\n\t\t\t\t<section class=\"elementor-section elementor-top-section elementor-element elementor-element-b9c5c12 elementor-section-boxed elementor-section-height-default elementor-section-height-default\" data-id=\"b9c5c12\" data-element_type=\"section\" data-e-type=\"section\">\n\t\t\t\t\t\t<div class=\"elementor-container elementor-column-gap-no\">\n\t\t\t\t\t<div class=\"elementor-column elementor-col-50 elementor-top-column elementor-element elementor-element-c8dcee3 animated-fast elementor-invisible\" data-id=\"c8dcee3\" data-element_type=\"column\" data-e-type=\"column\" data-settings=\"{&quot;background_background&quot;:&quot;classic&quot;,&quot;animation&quot;:&quot;fadeIn&quot;,&quot;animation_tablet&quot;:&quot;none&quot;,&quot;animation_mobile&quot;:&quot;none&quot;,&quot;animation_delay&quot;:100}\">\n\t\t\t<div class=\"elementor-widget-wrap elementor-element-populated\">\n\t\t\t\t\t\t<div class=\"elementor-element elementor-element-7560d80 elementor-widget elementor-widget-heading\" data-id=\"7560d80\" data-element_type=\"widget\" data-e-type=\"widget\" data-widget_type=\"heading.default\">\n\t\t\t\t<div class=\"elementor-widget-container\">\n\t\t\t\t\t<h1 class=\"elementor-heading-title elementor-size-default\">Word from the Dean<\/h1>\t\t\t\t<\/div>\n\t\t\t\t<\/div>\n\t\t\t\t\t<\/div>\n\t\t<\/div>\n\t\t\t\t<div class=\"elementor-column elementor-col-50 elementor-top-column elementor-element elementor-element-349ec24 elementor-hidden-desktop elementor-hidden-tablet elementor-hidden-phone\" data-id=\"349ec24\" data-element_type=\"column\" data-e-type=\"column\">\n\t\t\t<div class=\"elementor-widget-wrap\">\n\t\t\t\t\t\t\t<\/div>\n\t\t<\/div>\n\t\t\t\t\t<\/div>\n\t\t<\/section>\n\t\t\t\t<section class=\"elementor-section elementor-top-section elementor-element elementor-element-94d23c6 elementor-section-boxed elementor-section-height-default elementor-section-height-default\" data-id=\"94d23c6\" data-element_type=\"section\" data-e-type=\"section\">\n\t\t\t\t\t\t<div class=\"elementor-container elementor-column-gap-default\">\n\t\t\t\t\t<div class=\"elementor-column elementor-col-100 elementor-top-column elementor-element elementor-element-8616c29\" data-id=\"8616c29\" data-element_type=\"column\" data-e-type=\"column\">\n\t\t\t<div class=\"elementor-widget-wrap elementor-element-populated\">\n\t\t\t\t\t\t<div class=\"elementor-element elementor-element-7561b51 elementor-widget elementor-widget-text-editor\" data-id=\"7561b51\" data-element_type=\"widget\" data-e-type=\"widget\" data-widget_type=\"text-editor.default\">\n\t\t\t\t<div class=\"elementor-widget-container\">\n\t\t\t\t\t\t\t\t\t<p>Nu voi \u00eencerca s\u0103 v\u0103 conving c\u0103 noi suntem cei mai buni, pentru c\u0103 suntem abia la \u00eenceput de drum. Este \u00eens\u0103 adevarat c\u0103 pe termen lung ne dorim s\u0103 ajungem o institu\u021bie de \u00eenv\u0103\u021b\u0103m\u00e2nt competitiv\u0103 \u0219i apreciat\u0103 pe plan na\u021bional \u0219i interna\u021bional. A\u0219 dori doar s\u0103 v\u0103 prezint c\u00e2teva aspecte pe care noi le consider\u0103m relevante despre existen\u021ba \u0219i func\u021bionarea noastr\u0103.<\/p><p>De\u0219i este o facultate \u00eenfiin\u021bat\u0103 recent, studen\u021bii care ne-au p\u0103\u0219it pragul se bucur\u0103 deja de \u00eendrumarea \u0219i aten\u021bia unui colectiv de cadre didactice competent, centrat pe \u00eenv\u0103\u021bare \u0219i ghidare pe \u00eentreg parcursul academic, pe baza unor programe analitice actualizate, axate pe experiment, fundamentare \u0219i \u00een\u021belegere a informa\u021biilor de specialitate. Am avut \u00eenc\u0103 de la \u00eenceput o bun\u0103 colaborare cu studen\u021bii no\u0219tri, bazat\u0103 pe respect reciproc, \u00eencredere \u0219i comunicare continu\u0103.<\/p><p>Dotat\u0103 cu spa\u021bii moderne \u0219i \u00eenc\u0103p\u0103toare, Facultatea de Farmacie ofer\u0103 un mediu de lucru propice, stimulativ \u0219i dinamic, at\u00e2t studen\u021bilor c\u00e2t \u0219i cadrelor didactice. Urm\u0103rim \u00een permanen\u021b\u0103 s\u0103 oferim studen\u021bilor no\u0219tri cadrul \u0219i condi\u021biile de formare \u00een direc\u021bia dorit\u0103, fie c\u0103 acest lucru \u00eenseamn\u0103 activitate \u00eentr-o farmacie, companie de produc\u021bie de medicamente sau laborator de cercetare.<\/p><p>Pentru c\u0103 \u00een profesia de farmacist lucrul cu pacien\u021bii este esen\u021bial, una dintre sarcinile nescrise ale Facult\u0103\u021bii de Farmacie este s\u0103 \u00eei \u00eenv\u0103\u021b\u0103m pe studen\u021bi s\u0103 fie oameni \u00eenainte de toate, pentru a putea \u00een\u021belege nevoile pacien\u021bilor.<\/p><p>\u0218i nu \u00een ultimul r\u00e2nd, pun\u00e2nd \u00een fiecare zi \u201eminte \u0219i suflet\u201d deopotriv\u0103 \u00een activitatea didactic\u0103 \u0219i de cercetare, ne place s\u0103 spunem cu legitim\u0103 m\u00e2ndrie c\u0103 suntem cei mai noi maiorescieni.<\/p><p>\u00a0<\/p><p><strong>Dean,<\/strong><\/p><p><strong>Conf.univ.dr. Roxana Colette SANDULOVICI<\/strong><\/p>\t\t\t\t\t\t\t\t<\/div>\n\t\t\t\t<\/div>\n\t\t\t\t\t<\/div>\n\t\t<\/div>\n\t\t\t\t\t<\/div>\n\t\t<\/section>\n\t\t\t\t<section class=\"elementor-section elementor-top-section elementor-element elementor-element-bec48f3 elementor-section-boxed elementor-section-height-default elementor-section-height-default\" data-id=\"bec48f3\" data-element_type=\"section\" data-e-type=\"section\">\n\t\t\t\t\t\t<div class=\"elementor-container elementor-column-gap-default\">\n\t\t\t\t\t<div class=\"elementor-column elementor-col-100 elementor-top-column elementor-element elementor-element-30b6ee5\" data-id=\"30b6ee5\" data-element_type=\"column\" data-e-type=\"column\">\n\t\t\t<div class=\"elementor-widget-wrap elementor-element-populated\">\n\t\t\t\t\t\t<div class=\"elementor-element elementor-element-d0e2df9 elementor-widget elementor-widget-spacer\" data-id=\"d0e2df9\" data-element_type=\"widget\" data-e-type=\"widget\" data-widget_type=\"spacer.default\">\n\t\t\t\t<div class=\"elementor-widget-container\">\n\t\t\t\t\t\t\t<div class=\"elementor-spacer\">\n\t\t\t<div class=\"elementor-spacer-inner\"><\/div>\n\t\t<\/div>\n\t\t\t\t\t\t<\/div>\n\t\t\t\t<\/div>\n\t\t\t\t\t<\/div>\n\t\t<\/div>\n\t\t\t\t\t<\/div>\n\t\t<\/section>\n\t\t\t\t<\/div>","protected":false},"excerpt":{"rendered":"<p>Cuv\u00e2ntul decanului Nu voi \u00eencerca s\u0103 v\u0103 conving c\u0103 noi suntem cei mai buni, pentru c\u0103 suntem abia la \u00eenceput de drum. Este \u00eens\u0103 adevarat c\u0103 pe termen lung ne dorim s\u0103 ajungem o institu\u021bie de \u00eenv\u0103\u021b\u0103m\u00e2nt competitiv\u0103 \u0219i apreciat\u0103 pe plan na\u021bional \u0219i interna\u021bional. A\u0219 dori doar s\u0103 v\u0103 prezint c\u00e2teva aspecte pe care&#8230;<\/p>","protected":false},"author":1,"featured_media":0,"parent":25000,"menu_order":0,"comment_status":"closed","ping_status":"closed","template":"","meta":{"footnotes":""},"class_list":["post-36281","page","type-page","status-publish","hentry"],"_links":{"self":[{"href":"https:\/\/site.utm.ro\/en\/wp-json\/wp\/v2\/pages\/36281","targetHints":{"allow":["GET"]}}],"collection":[{"href":"https:\/\/site.utm.ro\/en\/wp-json\/wp\/v2\/pages"}],"about":[{"href":"https:\/\/site.utm.ro\/en\/wp-json\/wp\/v2\/types\/page"}],"author":[{"embeddable":true,"href":"https:\/\/site.utm.ro\/en\/wp-json\/wp\/v2\/users\/1"}],"replies":[{"embeddable":true,"href":"https:\/\/site.utm.ro\/en\/wp-json\/wp\/v2\/comments?post=36281"}],"version-history":[{"count":0,"href":"https:\/\/site.utm.ro\/en\/wp-json\/wp\/v2\/pages\/36281\/revisions"}],"up":[{"embeddable":true,"href":"https:\/\/site.utm.ro\/en\/wp-json\/wp\/v2\/pages\/25000"}],"wp:attachment":[{"href":"https:\/\/site.utm.ro\/en\/wp-json\/wp\/v2\/media?parent=36281"}],"curies":[{"name":"wp","href":"https:\/\/api.w.org\/{rel}","templated":true}]}}