{"id":36020,"date":"2026-03-16T12:13:41","date_gmt":"2026-03-16T12:13:41","guid":{"rendered":"https:\/\/site.utm.ro\/?page_id=36020"},"modified":"2026-03-16T12:51:44","modified_gmt":"2026-03-16T12:51:44","slug":"programe-de-studii","status":"publish","type":"page","link":"https:\/\/site.utm.ro\/en\/an-pregatitor\/programe-de-studii\/","title":{"rendered":"AP &#8211; Programe de studii"},"content":{"rendered":"<div data-elementor-type=\"wp-page\" data-elementor-id=\"36020\" class=\"elementor elementor-36020\" data-elementor-post-type=\"page\">\n\t\t\t\t\t\t<section class=\"elementor-section elementor-top-section elementor-element elementor-element-ed035c7 elementor-section-full_width elementor-section-height-default elementor-section-height-default\" data-id=\"ed035c7\" data-element_type=\"section\" data-e-type=\"section\">\n\t\t\t\t\t\t<div class=\"elementor-container elementor-column-gap-default\">\n\t\t\t\t\t<div class=\"elementor-column elementor-col-100 elementor-top-column elementor-element elementor-element-3d1c1bd\" data-id=\"3d1c1bd\" data-element_type=\"column\" data-e-type=\"column\">\n\t\t\t<div class=\"elementor-widget-wrap elementor-element-populated\">\n\t\t\t\t\t\t<div class=\"elementor-element elementor-element-1f10558 elementor-widget elementor-widget-template\" data-id=\"1f10558\" data-element_type=\"widget\" data-e-type=\"widget\" data-widget_type=\"template.default\">\n\t\t\t\t<div class=\"elementor-widget-container\">\n\t\t\t\t\t\t\t<div class=\"elementor-template\">\n\t\t\t\t\t<div data-elementor-type=\"section\" data-elementor-id=\"29611\" class=\"elementor elementor-29611\" data-elementor-post-type=\"elementor_library\">\n\t\t\t\t\t<section class=\"elementor-section elementor-top-section elementor-element elementor-element-30b361f4 elementor-section-full_width elementor-section-height-default elementor-section-height-default\" data-id=\"30b361f4\" data-element_type=\"section\" data-e-type=\"section\">\n\t\t\t\t\t\t<div class=\"elementor-container elementor-column-gap-default\">\n\t\t\t\t\t<div class=\"elementor-column elementor-col-100 elementor-top-column elementor-element elementor-element-170f6fff\" data-id=\"170f6fff\" data-element_type=\"column\" data-e-type=\"column\">\n\t\t\t<div class=\"elementor-widget-wrap elementor-element-populated\">\n\t\t\t\t\t\t<div class=\"elementor-element elementor-element-224e85d9 elementor--h-position-center elementor--v-position-middle elementor-pagination-position-inside elementor-widget elementor-widget-slides\" data-id=\"224e85d9\" data-element_type=\"widget\" data-e-type=\"widget\" data-settings=\"{&quot;navigation&quot;:&quot;dots&quot;,&quot;autoplay&quot;:&quot;yes&quot;,&quot;pause_on_hover&quot;:&quot;yes&quot;,&quot;pause_on_interaction&quot;:&quot;yes&quot;,&quot;autoplay_speed&quot;:5000,&quot;infinite&quot;:&quot;yes&quot;,&quot;transition&quot;:&quot;slide&quot;,&quot;transition_speed&quot;:500}\" data-widget_type=\"slides.default\">\n\t\t\t\t<div class=\"elementor-widget-container\">\n\t\t\t\t\t\t\t\t<div class=\"elementor-swiper\">\n\t\t\t\t<div class=\"elementor-slides-wrapper elementor-main-swiper swiper-container\" dir=\"ltr\" data-animation=\"fadeInUp\">\n\t\t\t\t\t<div class=\"swiper-wrapper elementor-slides\">\n\t\t\t\t\t\t\t\t\t\t\t\t<div class=\"elementor-repeater-item-1da68ce swiper-slide\"><div class=\"swiper-slide-bg\" role=\"img\"><\/div><div class=\"swiper-slide-inner\" ><div class=\"swiper-slide-contents\"><\/div><\/div><\/div>\t\t\t\t\t<\/div>\n\t\t\t\t\t\t\t\t\t<\/div>\n\t\t\t<\/div>\n\t\t\t\t\t\t\t<\/div>\n\t\t\t\t<\/div>\n\t\t\t\t\t<\/div>\n\t\t<\/div>\n\t\t\t\t\t<\/div>\n\t\t<\/section>\n\t\t\t\t<\/div>\n\t\t\t\t<\/div>\n\t\t\t\t\t\t<\/div>\n\t\t\t\t<\/div>\n\t\t\t\t\t<\/div>\n\t\t<\/div>\n\t\t\t\t\t<\/div>\n\t\t<\/section>\n\t\t\t\t<section class=\"elementor-section elementor-top-section elementor-element elementor-element-5ee4744 elementor-section-boxed elementor-section-height-default elementor-section-height-default\" data-id=\"5ee4744\" data-element_type=\"section\" data-e-type=\"section\">\n\t\t\t\t\t\t<div class=\"elementor-container elementor-column-gap-no\">\n\t\t\t\t\t<div class=\"elementor-column elementor-col-50 elementor-top-column elementor-element elementor-element-f8c6a64 animated-fast elementor-invisible\" data-id=\"f8c6a64\" data-element_type=\"column\" data-e-type=\"column\" data-settings=\"{&quot;background_background&quot;:&quot;classic&quot;,&quot;animation&quot;:&quot;fadeIn&quot;,&quot;animation_tablet&quot;:&quot;none&quot;,&quot;animation_mobile&quot;:&quot;none&quot;,&quot;animation_delay&quot;:100}\">\n\t\t\t<div class=\"elementor-widget-wrap elementor-element-populated\">\n\t\t\t\t\t\t<div class=\"elementor-element elementor-element-cec8449 elementor-widget elementor-widget-heading\" data-id=\"cec8449\" data-element_type=\"widget\" data-e-type=\"widget\" data-widget_type=\"heading.default\">\n\t\t\t\t<div class=\"elementor-widget-container\">\n\t\t\t\t\t<h1 class=\"elementor-heading-title elementor-size-default\">Study programs<\/h1>\t\t\t\t<\/div>\n\t\t\t\t<\/div>\n\t\t\t\t\t<\/div>\n\t\t<\/div>\n\t\t\t\t<div class=\"elementor-column elementor-col-50 elementor-top-column elementor-element elementor-element-169ec67 elementor-hidden-desktop elementor-hidden-tablet elementor-hidden-phone\" data-id=\"169ec67\" data-element_type=\"column\" data-e-type=\"column\">\n\t\t\t<div class=\"elementor-widget-wrap\">\n\t\t\t\t\t\t\t<\/div>\n\t\t<\/div>\n\t\t\t\t\t<\/div>\n\t\t<\/section>\n\t\t\t\t<section class=\"elementor-section elementor-top-section elementor-element elementor-element-fc7c1ac elementor-section-boxed elementor-section-height-default elementor-section-height-default\" data-id=\"fc7c1ac\" data-element_type=\"section\" data-e-type=\"section\">\n\t\t\t\t\t\t<div class=\"elementor-container elementor-column-gap-default\">\n\t\t\t\t\t<div class=\"elementor-column elementor-col-100 elementor-top-column elementor-element elementor-element-8da968d\" data-id=\"8da968d\" data-element_type=\"column\" data-e-type=\"column\">\n\t\t\t<div class=\"elementor-widget-wrap elementor-element-populated\">\n\t\t\t\t\t\t<div class=\"elementor-element elementor-element-8fad980 elementor-widget elementor-widget-text-editor\" data-id=\"8fad980\" data-element_type=\"widget\" data-e-type=\"widget\" data-widget_type=\"text-editor.default\">\n\t\t\t\t<div class=\"elementor-widget-container\">\n\t\t\t\t\t\t\t\t\t<p><strong>Curriculum<\/strong><\/p><p>Anul universitar este structurat \u00een dou\u0103 semestre de c\u00e2te 14 s\u0103pt\u0103m\u00e2ni fiecare, cu o medie de aproximativ 25 de ore pe s\u0103pt\u0103m\u00e2n\u0103. Cursurile se desf\u0103\u0219oar\u0103 \u00een zilele lucr\u0103toare, \u00eentre orele 08:00 \u2013 20:00. Fiecare semestru are 30 de credite de studii transferabile \u00een sistemul european (ECTS).<\/p><p>Programul const\u0103 din lec\u021bii de limb\u0103 \u0219i discipline specializate bazate pe viitorul domeniu de studiu al studentului.<\/p><p>P\u00e2n\u0103 la sf\u00e2r\u0219itul cursului, studen\u021bii vor fi dota\u021bi cu calific\u0103rile necesare pentru un nivel de competen\u021b\u0103 lingvistic\u0103 B1 (conform Cadrului European Comun de Referin\u021b\u0103 pentru Limbi).<\/p><p><strong><em>Primul semestru<\/em><\/strong><\/p><p>Primul semestru se concentreaz\u0103 pe cele patru componente ale \u00eenv\u0103\u021b\u0103rii limbii rom\u00e2ne: citire, scriere, ascultare \u0219i vorbire.<\/p><ul><li>Gramatic\u0103<\/li><li>Fonetic\u0103<\/li><li>Vocabular<\/li><li>Comunicare verbal\u0103 \u0219i scris\u0103<\/li><li>Citire, ascultare \u0219i vorbire<\/li><\/ul><p>Studen\u021bii vor studia de asemenea cursul de Cultur\u0103 \u0219i Civiliza\u021bie Rom\u00e2neasc\u0103, care \u00ee\u0219i propune s\u0103 familiarizeze studen\u021bii interna\u021bionali cu diverse aspecte ale culturii \u0219i civiliza\u021biei rom\u00e2ne\u0219ti. Cursul acoper\u0103 subiecte precum geografia \u0219i istoria Rom\u00e2niei, folclor, literatur\u0103, fenomene culturale \u0219i artistice relevante, etc.<\/p><p><strong><em>Semestrul al doilea<\/em><\/strong><\/p><p>\u00cen al doilea semestru, vor continua cursurile de Limb\u0103 Rom\u00e2n\u0103 \u0219i Cultur\u0103 \u0219i Civiliza\u021bie Rom\u00e2neasc\u0103, iar studen\u021bilor li se va oferi, de asemenea, o preg\u0103tire lingvistic\u0103 specializat\u0103 pentru domeniul ales de student pentru studiile viitoare. Studen\u021bii vor dob\u00e2ndi fluen\u021b\u0103 lingvistic\u0103 \u0219i abilit\u0103\u021bi de comunicare (discu\u021bii, argumentare) \u00eentr-un anumit domeniu.<\/p><p>Cursurile se vor concentra, de asemenea, pe dezvoltarea abilit\u0103\u021bilor de studiu independent pentru a \u00eembun\u0103t\u0103\u021bi capacitatea studentului de a lua noti\u021be, de a realiza prezent\u0103ri, de a utiliza abilit\u0103\u021bile analitice \u0219i critice \u0219i de a participa la conferin\u021be.<\/p><p><strong>Metode de predare<\/strong><\/p><p>Pe parcursul cursului pot fi utilizate o serie de metode de predare, inclusiv:<\/p><ul><li>cursuri \u0219i seminarii<\/li><li>studiu independent<\/li><li>cursuri de \u00eendrumare bazate pe competen\u021be \u0219i discipline<\/li><li>lucru \u00een grup<\/li><li>activit\u0103\u021bi online<\/li><li>ateliere de recapitulare<\/li><\/ul><p><strong>Activit\u0103\u021bi de curs \u0219i evaluare<\/strong><\/p><p>Cursurile sunt evaluate folosind o gam\u0103 larg\u0103 de metode pe parcursul anilor de studiu, inclusiv: teste online, eseuri reflective, lucr\u0103ri practice sau proiecte, exerci\u021bii, prezent\u0103ri verbale, teme scrise, viva voce \u0219i examene scrise.<\/p><p>Programul de studii al Anului Preg\u0103titor este finalizat printr-un examen de absolvire la sf\u00e2r\u0219itul celui de-al doilea semestru.<\/p><p><strong>Facilit\u0103\u021bi ale facult\u0103\u021bii <\/strong><\/p><p>Facultatea dispune de spa\u021bii educa\u021bionale de ultim\u0103 genera\u021bie: amfiteatre, s\u0103li de curs, s\u0103li de seminar \u0219i de lectur\u0103 dotate cu table inteligente, bibliotec\u0103, cas\u0103 de editur\u0103, libr\u0103rie, re\u021bea de calculatoare, echipamente de videoconferin\u021b\u0103, etc.<\/p>\t\t\t\t\t\t\t\t<\/div>\n\t\t\t\t<\/div>\n\t\t\t\t\t<\/div>\n\t\t<\/div>\n\t\t\t\t\t<\/div>\n\t\t<\/section>\n\t\t\t\t<section class=\"elementor-section elementor-top-section elementor-element elementor-element-0b13f98 elementor-section-boxed elementor-section-height-default elementor-section-height-default\" data-id=\"0b13f98\" data-element_type=\"section\" data-e-type=\"section\">\n\t\t\t\t\t\t<div class=\"elementor-container elementor-column-gap-default\">\n\t\t\t\t\t<div class=\"elementor-column elementor-col-100 elementor-top-column elementor-element elementor-element-215a6bd\" data-id=\"215a6bd\" data-element_type=\"column\" data-e-type=\"column\">\n\t\t\t<div class=\"elementor-widget-wrap elementor-element-populated\">\n\t\t\t\t\t\t<div class=\"elementor-element elementor-element-ad32030 elementor-widget elementor-widget-spacer\" data-id=\"ad32030\" data-element_type=\"widget\" data-e-type=\"widget\" data-widget_type=\"spacer.default\">\n\t\t\t\t<div class=\"elementor-widget-container\">\n\t\t\t\t\t\t\t<div class=\"elementor-spacer\">\n\t\t\t<div class=\"elementor-spacer-inner\"><\/div>\n\t\t<\/div>\n\t\t\t\t\t\t<\/div>\n\t\t\t\t<\/div>\n\t\t\t\t\t<\/div>\n\t\t<\/div>\n\t\t\t\t\t<\/div>\n\t\t<\/section>\n\t\t\t\t<\/div>","protected":false},"excerpt":{"rendered":"<p>Programe de studii Plan de \u00eenv\u0103\u021b\u0103m\u00e2nt Anul universitar este structurat \u00een dou\u0103 semestre de c\u00e2te 14 s\u0103pt\u0103m\u00e2ni fiecare, cu o medie de aproximativ 25 de ore pe s\u0103pt\u0103m\u00e2n\u0103. Cursurile se desf\u0103\u0219oar\u0103 \u00een zilele lucr\u0103toare, \u00eentre orele 08:00 \u2013 20:00. Fiecare semestru are 30 de credite de studii transferabile \u00een sistemul european (ECTS). Programul const\u0103 din&#8230;<\/p>","protected":false},"author":1,"featured_media":0,"parent":35998,"menu_order":0,"comment_status":"closed","ping_status":"closed","template":"","meta":{"footnotes":""},"class_list":["post-36020","page","type-page","status-publish","hentry"],"_links":{"self":[{"href":"https:\/\/site.utm.ro\/en\/wp-json\/wp\/v2\/pages\/36020","targetHints":{"allow":["GET"]}}],"collection":[{"href":"https:\/\/site.utm.ro\/en\/wp-json\/wp\/v2\/pages"}],"about":[{"href":"https:\/\/site.utm.ro\/en\/wp-json\/wp\/v2\/types\/page"}],"author":[{"embeddable":true,"href":"https:\/\/site.utm.ro\/en\/wp-json\/wp\/v2\/users\/1"}],"replies":[{"embeddable":true,"href":"https:\/\/site.utm.ro\/en\/wp-json\/wp\/v2\/comments?post=36020"}],"version-history":[{"count":0,"href":"https:\/\/site.utm.ro\/en\/wp-json\/wp\/v2\/pages\/36020\/revisions"}],"up":[{"embeddable":true,"href":"https:\/\/site.utm.ro\/en\/wp-json\/wp\/v2\/pages\/35998"}],"wp:attachment":[{"href":"https:\/\/site.utm.ro\/en\/wp-json\/wp\/v2\/media?parent=36020"}],"curies":[{"name":"wp","href":"https:\/\/api.w.org\/{rel}","templated":true}]}}