{"id":35998,"date":"2026-03-16T11:58:17","date_gmt":"2026-03-16T11:58:17","guid":{"rendered":"https:\/\/site.utm.ro\/?page_id=35998"},"modified":"2026-03-16T12:12:38","modified_gmt":"2026-03-16T12:12:38","slug":"an-pregatitor","status":"publish","type":"page","link":"https:\/\/site.utm.ro\/en\/an-pregatitor\/","title":{"rendered":"An pregatitor"},"content":{"rendered":"<div data-elementor-type=\"wp-page\" data-elementor-id=\"35998\" class=\"elementor elementor-35998\" data-elementor-post-type=\"page\">\n\t\t\t\t\t\t<section class=\"elementor-section elementor-top-section elementor-element elementor-element-ed035c7 elementor-section-full_width elementor-section-height-default elementor-section-height-default\" data-id=\"ed035c7\" data-element_type=\"section\" data-e-type=\"section\">\n\t\t\t\t\t\t<div class=\"elementor-container elementor-column-gap-default\">\n\t\t\t\t\t<div class=\"elementor-column elementor-col-100 elementor-top-column elementor-element elementor-element-3d1c1bd\" data-id=\"3d1c1bd\" data-element_type=\"column\" data-e-type=\"column\">\n\t\t\t<div class=\"elementor-widget-wrap elementor-element-populated\">\n\t\t\t\t\t\t<div class=\"elementor-element elementor-element-1f10558 elementor-widget elementor-widget-template\" data-id=\"1f10558\" data-element_type=\"widget\" data-e-type=\"widget\" data-widget_type=\"template.default\">\n\t\t\t\t<div class=\"elementor-widget-container\">\n\t\t\t\t\t\t\t<div class=\"elementor-template\">\n\t\t\t\t\t<div data-elementor-type=\"section\" data-elementor-id=\"29611\" class=\"elementor elementor-29611\" data-elementor-post-type=\"elementor_library\">\n\t\t\t\t\t<section class=\"elementor-section elementor-top-section elementor-element elementor-element-30b361f4 elementor-section-full_width elementor-section-height-default elementor-section-height-default\" data-id=\"30b361f4\" data-element_type=\"section\" data-e-type=\"section\">\n\t\t\t\t\t\t<div class=\"elementor-container elementor-column-gap-default\">\n\t\t\t\t\t<div class=\"elementor-column elementor-col-100 elementor-top-column elementor-element elementor-element-170f6fff\" data-id=\"170f6fff\" data-element_type=\"column\" data-e-type=\"column\">\n\t\t\t<div class=\"elementor-widget-wrap elementor-element-populated\">\n\t\t\t\t\t\t<div class=\"elementor-element elementor-element-224e85d9 elementor--h-position-center elementor--v-position-middle elementor-pagination-position-inside elementor-widget elementor-widget-slides\" data-id=\"224e85d9\" data-element_type=\"widget\" data-e-type=\"widget\" data-settings=\"{&quot;navigation&quot;:&quot;dots&quot;,&quot;autoplay&quot;:&quot;yes&quot;,&quot;pause_on_hover&quot;:&quot;yes&quot;,&quot;pause_on_interaction&quot;:&quot;yes&quot;,&quot;autoplay_speed&quot;:5000,&quot;infinite&quot;:&quot;yes&quot;,&quot;transition&quot;:&quot;slide&quot;,&quot;transition_speed&quot;:500}\" data-widget_type=\"slides.default\">\n\t\t\t\t<div class=\"elementor-widget-container\">\n\t\t\t\t\t\t\t\t<div class=\"elementor-swiper\">\n\t\t\t\t<div class=\"elementor-slides-wrapper elementor-main-swiper swiper-container\" dir=\"ltr\" data-animation=\"fadeInUp\">\n\t\t\t\t\t<div class=\"swiper-wrapper elementor-slides\">\n\t\t\t\t\t\t\t\t\t\t\t\t<div class=\"elementor-repeater-item-1da68ce swiper-slide\"><div class=\"swiper-slide-bg\" role=\"img\"><\/div><div class=\"swiper-slide-inner\" ><div class=\"swiper-slide-contents\"><\/div><\/div><\/div>\t\t\t\t\t<\/div>\n\t\t\t\t\t\t\t\t\t<\/div>\n\t\t\t<\/div>\n\t\t\t\t\t\t\t<\/div>\n\t\t\t\t<\/div>\n\t\t\t\t\t<\/div>\n\t\t<\/div>\n\t\t\t\t\t<\/div>\n\t\t<\/section>\n\t\t\t\t<\/div>\n\t\t\t\t<\/div>\n\t\t\t\t\t\t<\/div>\n\t\t\t\t<\/div>\n\t\t\t\t\t<\/div>\n\t\t<\/div>\n\t\t\t\t\t<\/div>\n\t\t<\/section>\n\t\t\t\t<section class=\"elementor-section elementor-top-section elementor-element elementor-element-5ee4744 elementor-section-boxed elementor-section-height-default elementor-section-height-default\" data-id=\"5ee4744\" data-element_type=\"section\" data-e-type=\"section\">\n\t\t\t\t\t\t<div class=\"elementor-container elementor-column-gap-no\">\n\t\t\t\t\t<div class=\"elementor-column elementor-col-50 elementor-top-column elementor-element elementor-element-f8c6a64 animated-fast elementor-invisible\" data-id=\"f8c6a64\" data-element_type=\"column\" data-e-type=\"column\" data-settings=\"{&quot;background_background&quot;:&quot;classic&quot;,&quot;animation&quot;:&quot;fadeIn&quot;,&quot;animation_tablet&quot;:&quot;none&quot;,&quot;animation_mobile&quot;:&quot;none&quot;,&quot;animation_delay&quot;:100}\">\n\t\t\t<div class=\"elementor-widget-wrap elementor-element-populated\">\n\t\t\t\t\t\t<div class=\"elementor-element elementor-element-cec8449 elementor-widget elementor-widget-heading\" data-id=\"cec8449\" data-element_type=\"widget\" data-e-type=\"widget\" data-widget_type=\"heading.default\">\n\t\t\t\t<div class=\"elementor-widget-container\">\n\t\t\t\t\t<h1 class=\"elementor-heading-title elementor-size-default\">Presentation<\/h1>\t\t\t\t<\/div>\n\t\t\t\t<\/div>\n\t\t\t\t\t<\/div>\n\t\t<\/div>\n\t\t\t\t<div class=\"elementor-column elementor-col-50 elementor-top-column elementor-element elementor-element-169ec67 elementor-hidden-desktop elementor-hidden-tablet elementor-hidden-phone\" data-id=\"169ec67\" data-element_type=\"column\" data-e-type=\"column\">\n\t\t\t<div class=\"elementor-widget-wrap\">\n\t\t\t\t\t\t\t<\/div>\n\t\t<\/div>\n\t\t\t\t\t<\/div>\n\t\t<\/section>\n\t\t\t\t<section class=\"elementor-section elementor-top-section elementor-element elementor-element-a3eb9db elementor-section-boxed elementor-section-height-default elementor-section-height-default\" data-id=\"a3eb9db\" data-element_type=\"section\" data-e-type=\"section\" data-settings=\"{&quot;animation&quot;:&quot;none&quot;,&quot;animation_tablet&quot;:&quot;none&quot;,&quot;animation_mobile&quot;:&quot;none&quot;,&quot;animation_delay&quot;:300}\">\n\t\t\t\t\t\t<div class=\"elementor-container elementor-column-gap-no\">\n\t\t\t\t\t<div class=\"elementor-column elementor-col-100 elementor-top-column elementor-element elementor-element-aa99470\" data-id=\"aa99470\" data-element_type=\"column\" data-e-type=\"column\">\n\t\t\t<div class=\"elementor-widget-wrap elementor-element-populated\">\n\t\t\t\t\t\t<div class=\"elementor-element elementor-element-b5571b7 vamtam-theme-table-styles elementor-widget elementor-widget-toggle\" data-id=\"b5571b7\" data-element_type=\"widget\" data-e-type=\"widget\" data-widget_type=\"toggle.default\">\n\t\t\t\t<div class=\"elementor-widget-container\">\n\t\t\t\t\t\t\t<div class=\"elementor-toggle\">\n\t\t\t\t\t\t\t<div class=\"elementor-toggle-item\">\n\t\t\t\t\t<h2 id=\"elementor-tab-title-1901\" class=\"elementor-tab-title\" data-tab=\"1\" role=\"button\" aria-controls=\"elementor-tab-content-1901\" aria-expanded=\"false\">\n\t\t\t\t\t\t\t\t\t\t\t\t<span class=\"elementor-toggle-icon elementor-toggle-icon-right\" aria-hidden=\"true\">\n\t\t\t\t\t\t\t\t\t\t\t\t\t\t\t<span class=\"elementor-toggle-icon-closed\"><i class=\"vamtamtheme- vamtam-theme-arrow-down\"><\/i><\/span>\n\t\t\t\t\t\t\t\t<span class=\"elementor-toggle-icon-opened\"><i class=\"elementor-toggle-icon-opened vamtamtheme- vamtam-theme-arrow-up\"><\/i><\/span>\n\t\t\t\t\t\t\t\t\t\t\t\t\t<\/span>\n\t\t\t\t\t\t\t\t\t\t\t\t<a class=\"elementor-toggle-title\" tabindex=\"0\">Descriere program<\/a>\n\t\t\t\t\t<\/h2>\n\n\t\t\t\t\t<div id=\"elementor-tab-content-1901\" class=\"elementor-tab-content elementor-clearfix\" data-tab=\"1\" role=\"region\" aria-labelledby=\"elementor-tab-title-1901\"><p><img fetchpriority=\"high\" decoding=\"async\" class=\"aligncenter size-full wp-image-28134\" src=\"\/wp-content\/uploads\/2026\/03\/preparatory-year-2.webp\" alt=\"\" width=\"669\" height=\"2560\" \/><\/p>\n<p>&nbsp;<\/p>\n<p><strong>Mission<\/strong><\/p>\n<p>Anul preg\u0103titor pentru limba rom\u00e2n\u0103 este un program de studii de un an, care \u00ee\u0219i propune s\u0103 dezvolte competen\u021be \u0219i abilit\u0103\u021bi de limb\u0103 rom\u00e2n\u0103, precum \u0219i competen\u021be specifice unui anumit domeniu de studiu.<\/p>\n<p>Programul r\u0103spunde \u00een special nevoilor studen\u021bilor interna\u021bionali care doresc s\u0103 urmeze studii universitare \u0219i postuniversitare predate \u00een limba rom\u00e2n\u0103 la una dintre institu\u021biile de \u00eenv\u0103\u021b\u0103m\u00e2nt superior din Rom\u00e2nia. Programul ofer\u0103, de asemenea, studen\u021bilor oportunitatea de a cunoa\u0219te \u0219i de a dob\u00e2ndi experien\u021b\u0103 \u0219i \u00eencredere \u00een studiul disciplinelor academice \u00een mediul universitar rom\u00e2nesc.<\/p>\n<p><strong>Competen\u021be lingvistice pentru domeniile de studiu: <\/strong><\/p>\n<ul>\n<li>S\u0103n\u0103tate (Medicin\u0103, Medicin\u0103 Dentar\u0103, Asisten\u021b\u0103 Medical\u0103, Farmacie)<\/li>\n<li>Matematic\u0103 \u0219i \u0219tiin\u021be ale naturii (Informatic\u0103, Calculatoare)<\/li>\n<li>\u0218tiin\u021be Sociale (Psihologie, Drept, Economie, Comunicare, Rela\u021bii Interna\u021bionale)<\/li>\n<\/ul>\n<p><strong>Studii ulterioare<\/strong><\/p>\n<p>Dup\u0103 absolvirea acestui program, studen\u021bii pot aplica pentru programe de licen\u021b\u0103, programe de master, programe postuniversitare sau programe de doctorat predate \u00een limba rom\u00e2n\u0103 la Universitatea Titu Maiorescu sau la orice universitate din Rom\u00e2nia, \u00een conformitate cu procedura de admitere pentru fiecare program.<\/p>\n<\/div>\n\t\t\t\t<\/div>\n\t\t\t\t\t\t\t<div class=\"elementor-toggle-item\">\n\t\t\t\t\t<h2 id=\"elementor-tab-title-1902\" class=\"elementor-tab-title\" data-tab=\"2\" role=\"button\" aria-controls=\"elementor-tab-content-1902\" aria-expanded=\"false\">\n\t\t\t\t\t\t\t\t\t\t\t\t<span class=\"elementor-toggle-icon elementor-toggle-icon-right\" aria-hidden=\"true\">\n\t\t\t\t\t\t\t\t\t\t\t\t\t\t\t<span class=\"elementor-toggle-icon-closed\"><i class=\"vamtamtheme- vamtam-theme-arrow-down\"><\/i><\/span>\n\t\t\t\t\t\t\t\t<span class=\"elementor-toggle-icon-opened\"><i class=\"elementor-toggle-icon-opened vamtamtheme- vamtam-theme-arrow-up\"><\/i><\/span>\n\t\t\t\t\t\t\t\t\t\t\t\t\t<\/span>\n\t\t\t\t\t\t\t\t\t\t\t\t<a class=\"elementor-toggle-title\" tabindex=\"0\">Informa\u021bii curs<\/a>\n\t\t\t\t\t<\/h2>\n\n\t\t\t\t\t<div id=\"elementor-tab-content-1902\" class=\"elementor-tab-content elementor-clearfix\" data-tab=\"2\" role=\"region\" aria-labelledby=\"elementor-tab-title-1902\"><p><strong>Curriculum<\/strong><\/p>\n<p>Anul universitar este structurat \u00een dou\u0103 semestre de c\u00e2te 14 s\u0103pt\u0103m\u00e2ni fiecare, cu o medie de aproximativ 25 de ore pe s\u0103pt\u0103m\u00e2n\u0103. Cursurile se desf\u0103\u0219oar\u0103 \u00een zilele lucr\u0103toare, \u00eentre orele 08:00 \u2013 20:00. Fiecare semestru are 30 de credite de studii transferabile \u00een sistemul european (ECTS).<\/p>\n<p>Programul const\u0103 din lec\u021bii de limb\u0103 \u0219i discipline specializate bazate pe viitorul domeniu de studiu al studentului.<\/p>\n<p>P\u00e2n\u0103 la sf\u00e2r\u0219itul cursului, studen\u021bii vor fi dota\u021bi cu calific\u0103rile necesare pentru un nivel de competen\u021b\u0103 lingvistic\u0103 B1 (conform Cadrului European Comun de Referin\u021b\u0103 pentru Limbi).<\/p>\n<p><strong><em>Primul semestru<\/em><\/strong><\/p>\n<p>Primul semestru se concentreaz\u0103 pe cele patru componente ale \u00eenv\u0103\u021b\u0103rii limbii rom\u00e2ne: citire, scriere, ascultare \u0219i vorbire.<\/p>\n<ul>\n<li>Gramatic\u0103<\/li>\n<li>Fonetic\u0103<\/li>\n<li>Vocabular<\/li>\n<li>Comunicare verbal\u0103 \u0219i scris\u0103<\/li>\n<li>Citire, ascultare \u0219i vorbire<\/li>\n<\/ul>\n<p>Studen\u021bii vor studia de asemenea cursul de Cultur\u0103 \u0219i Civiliza\u021bie Rom\u00e2neasc\u0103, care \u00ee\u0219i propune s\u0103 familiarizeze studen\u021bii interna\u021bionali cu diverse aspecte ale culturii \u0219i civiliza\u021biei rom\u00e2ne\u0219ti. Cursul acoper\u0103 subiecte precum geografia \u0219i istoria Rom\u00e2niei, folclor, literatur\u0103, fenomene culturale \u0219i artistice relevante, etc.<\/p>\n<p><strong><em>Semestrul al doilea<\/em><\/strong><\/p>\n<p>\u00cen al doilea semestru, vor continua cursurile de Limb\u0103 Rom\u00e2n\u0103 \u0219i Cultur\u0103 \u0219i Civiliza\u021bie Rom\u00e2neasc\u0103, iar studen\u021bilor li se va oferi, de asemenea, o preg\u0103tire lingvistic\u0103 specializat\u0103 pentru domeniul ales de student pentru studiile viitoare. Studen\u021bii vor dob\u00e2ndi fluen\u021b\u0103 lingvistic\u0103 \u0219i abilit\u0103\u021bi de comunicare (discu\u021bii, argumentare) \u00eentr-un anumit domeniu.<\/p>\n<p>Cursurile se vor concentra, de asemenea, pe dezvoltarea abilit\u0103\u021bilor de studiu independent pentru a \u00eembun\u0103t\u0103\u021bi capacitatea studentului de a lua noti\u021be, de a realiza prezent\u0103ri, de a utiliza abilit\u0103\u021bile analitice \u0219i critice \u0219i de a participa la conferin\u021be.<\/p>\n<p><strong>Metode de predare<\/strong><\/p>\n<p>Pe parcursul cursului pot fi utilizate o serie de metode de predare, inclusiv:<\/p>\n<ul>\n<li>cursuri \u0219i seminarii<\/li>\n<li>studiu independent<\/li>\n<li>cursuri de \u00eendrumare bazate pe competen\u021be \u0219i discipline<\/li>\n<li>lucru \u00een grup<\/li>\n<li>activit\u0103\u021bi online<\/li>\n<li>ateliere de recapitulare<\/li>\n<\/ul>\n<p><strong>Activit\u0103\u021bi de curs \u0219i evaluare<\/strong><\/p>\n<p>Cursurile sunt evaluate folosind o gam\u0103 larg\u0103 de metode pe parcursul anilor de studiu, inclusiv: teste online, eseuri reflective, lucr\u0103ri practice sau proiecte, exerci\u021bii, prezent\u0103ri verbale, teme scrise, viva voce \u0219i examene scrise.<\/p>\n<p>Programul de studii al Anului Preg\u0103titor este finalizat printr-un examen de absolvire la sf\u00e2r\u0219itul celui de-al doilea semestru.<\/p>\n<p><strong>Facilit\u0103\u021bi ale facult\u0103\u021bii <\/strong><\/p>\n<p>Facultatea dispune de spa\u021bii educa\u021bionale de ultim\u0103 genera\u021bie: amfiteatre, s\u0103li de curs, s\u0103li de seminar \u0219i de lectur\u0103 dotate cu table inteligente, bibliotec\u0103, cas\u0103 de editur\u0103, libr\u0103rie, re\u021bea de calculatoare, echipamente de videoconferin\u021b\u0103, etc.<\/p>\n<\/div>\n\t\t\t\t<\/div>\n\t\t\t\t\t\t\t<div class=\"elementor-toggle-item\">\n\t\t\t\t\t<h2 id=\"elementor-tab-title-1903\" class=\"elementor-tab-title\" data-tab=\"3\" role=\"button\" aria-controls=\"elementor-tab-content-1903\" aria-expanded=\"false\">\n\t\t\t\t\t\t\t\t\t\t\t\t<span class=\"elementor-toggle-icon elementor-toggle-icon-right\" aria-hidden=\"true\">\n\t\t\t\t\t\t\t\t\t\t\t\t\t\t\t<span class=\"elementor-toggle-icon-closed\"><i class=\"vamtamtheme- vamtam-theme-arrow-down\"><\/i><\/span>\n\t\t\t\t\t\t\t\t<span class=\"elementor-toggle-icon-opened\"><i class=\"elementor-toggle-icon-opened vamtamtheme- vamtam-theme-arrow-up\"><\/i><\/span>\n\t\t\t\t\t\t\t\t\t\t\t\t\t<\/span>\n\t\t\t\t\t\t\t\t\t\t\t\t<a class=\"elementor-toggle-title\" tabindex=\"0\">Testimonials<\/a>\n\t\t\t\t\t<\/h2>\n\n\t\t\t\t\t<div id=\"elementor-tab-content-1903\" class=\"elementor-tab-content elementor-clearfix\" data-tab=\"3\" role=\"region\" aria-labelledby=\"elementor-tab-title-1903\"><p><em>\u201eI am Rozhin Alsadat Mirmohammadi from Iran, Isfahan city. With a lot of effort, I graduated from high school at the age of 15 as the youngest student and got a diploma.<\/em><\/p>\n<p><em>During my high school years, I studied different countries and their civilizations, cultures and languages through emails, websites, books, movies, etc., and had a brief acquaintance with the language of each country. Finally, I chose the beautiful country of Romania because of its culture and civilization and the kind and loving people and having universities with a very high level of science and, of course, the indescribable beauty of its nature and Romania being in the European Union.<\/em><\/p>\n<p><em>So, I decided to learn Romanian in the Preparatory Year at Titu Maiorescu University and then study Dentistry in Romanian. In my opinion, knowing the Romanian language is necessary for better treatment and communication with the patient. I was very lucky to get admission at Titu Maiorescu University, with excellent professors and I am proud of that.<\/em><\/p>\n<p><em>In the Preparatory Year for Romanian language, in addition to the language, I became acquainted with the Romanian history, culture and civilization, the Romanian people and attractions, and even the anatomy of the body in Romanian. If this is done in a good university like Titu Maiorescu University, with professors and quality education, it will be 100% easier to start next year and it will be a memorable year.<\/em><\/p>\n<p><em>Although the classes are held online, due to the presence of excellent and active professors, I learned the lessons very well and enjoyed the classes.<\/em><\/p>\n<p><em>In the first semester, with lots of effort, I received a full score of 10 from all my professors. I think I became an excellent student and I hope to be able to get a scholarship.&#8221;<\/em><\/p>\n<p>&nbsp;<\/p>\n<p>Rozhin Alsadat Mirmohammadi (Iran)<\/p><\/div>\n\t\t\t\t<\/div>\n\t\t\t\t\t\t\t\t<\/div>\n\t\t\t\t\t\t<\/div>\n\t\t\t\t<\/div>\n\t\t\t\t\t<\/div>\n\t\t<\/div>\n\t\t\t\t\t<\/div>\n\t\t<\/section>\n\t\t\t\t<section class=\"elementor-section elementor-top-section elementor-element elementor-element-0b13f98 elementor-section-boxed elementor-section-height-default elementor-section-height-default\" data-id=\"0b13f98\" data-element_type=\"section\" data-e-type=\"section\">\n\t\t\t\t\t\t<div class=\"elementor-container elementor-column-gap-default\">\n\t\t\t\t\t<div class=\"elementor-column elementor-col-100 elementor-top-column elementor-element elementor-element-215a6bd\" data-id=\"215a6bd\" data-element_type=\"column\" data-e-type=\"column\">\n\t\t\t<div class=\"elementor-widget-wrap elementor-element-populated\">\n\t\t\t\t\t\t<div class=\"elementor-element elementor-element-ad32030 elementor-widget elementor-widget-spacer\" data-id=\"ad32030\" data-element_type=\"widget\" data-e-type=\"widget\" data-widget_type=\"spacer.default\">\n\t\t\t\t<div class=\"elementor-widget-container\">\n\t\t\t\t\t\t\t<div class=\"elementor-spacer\">\n\t\t\t<div class=\"elementor-spacer-inner\"><\/div>\n\t\t<\/div>\n\t\t\t\t\t\t<\/div>\n\t\t\t\t<\/div>\n\t\t\t\t\t<\/div>\n\t\t<\/div>\n\t\t\t\t\t<\/div>\n\t\t<\/section>\n\t\t\t\t<section class=\"elementor-section elementor-top-section elementor-element elementor-element-8046fdc elementor-section-boxed elementor-section-height-default elementor-section-height-default\" data-id=\"8046fdc\" data-element_type=\"section\" data-e-type=\"section\">\n\t\t\t\t\t\t<div class=\"elementor-container elementor-column-gap-default\">\n\t\t\t\t\t<div class=\"elementor-column elementor-col-100 elementor-top-column elementor-element elementor-element-90dee77\" data-id=\"90dee77\" data-element_type=\"column\" data-e-type=\"column\">\n\t\t\t<div class=\"elementor-widget-wrap\">\n\t\t\t\t\t\t\t<\/div>\n\t\t<\/div>\n\t\t\t\t\t<\/div>\n\t\t<\/section>\n\t\t\t\t<\/div>","protected":false},"excerpt":{"rendered":"<p>Prezentare Descriere program &nbsp; Misiune Anul preg\u0103titor pentru limba rom\u00e2n\u0103 este un program de studii de un an, care \u00ee\u0219i propune s\u0103 dezvolte competen\u021be \u0219i abilit\u0103\u021bi de limb\u0103 rom\u00e2n\u0103, precum \u0219i competen\u021be specifice unui anumit domeniu de studiu. Programul r\u0103spunde \u00een special nevoilor studen\u021bilor interna\u021bionali care doresc s\u0103 urmeze studii universitare \u0219i postuniversitare predate \u00een&#8230;<\/p>","protected":false},"author":1,"featured_media":0,"parent":0,"menu_order":0,"comment_status":"closed","ping_status":"closed","template":"","meta":{"footnotes":""},"class_list":["post-35998","page","type-page","status-publish","hentry"],"_links":{"self":[{"href":"https:\/\/site.utm.ro\/en\/wp-json\/wp\/v2\/pages\/35998","targetHints":{"allow":["GET"]}}],"collection":[{"href":"https:\/\/site.utm.ro\/en\/wp-json\/wp\/v2\/pages"}],"about":[{"href":"https:\/\/site.utm.ro\/en\/wp-json\/wp\/v2\/types\/page"}],"author":[{"embeddable":true,"href":"https:\/\/site.utm.ro\/en\/wp-json\/wp\/v2\/users\/1"}],"replies":[{"embeddable":true,"href":"https:\/\/site.utm.ro\/en\/wp-json\/wp\/v2\/comments?post=35998"}],"version-history":[{"count":0,"href":"https:\/\/site.utm.ro\/en\/wp-json\/wp\/v2\/pages\/35998\/revisions"}],"wp:attachment":[{"href":"https:\/\/site.utm.ro\/en\/wp-json\/wp\/v2\/media?parent=35998"}],"curies":[{"name":"wp","href":"https:\/\/api.w.org\/{rel}","templated":true}]}}