{"id":35778,"date":"2026-03-16T08:55:23","date_gmt":"2026-03-16T08:55:23","guid":{"rendered":"https:\/\/site.utm.ro\/?page_id=35778"},"modified":"2026-03-16T09:02:29","modified_gmt":"2026-03-16T09:02:29","slug":"public-interest-documents","status":"publish","type":"page","link":"https:\/\/site.utm.ro\/en\/facultatea-de-stiintele-educatiei-comunicare-si-relatii-internationale\/documente-de-interes-public\/","title":{"rendered":"FSECRI &#8211; Documente de interes public"},"content":{"rendered":"<div data-elementor-type=\"wp-page\" data-elementor-id=\"35778\" class=\"elementor elementor-35778\" data-elementor-post-type=\"page\">\n\t\t\t\t\t\t<section class=\"elementor-section elementor-top-section elementor-element elementor-element-e2eb3ad elementor-section-full_width elementor-section-height-default elementor-section-height-default\" data-id=\"e2eb3ad\" data-element_type=\"section\" data-e-type=\"section\">\n\t\t\t\t\t\t<div class=\"elementor-container elementor-column-gap-default\">\n\t\t\t\t\t<div class=\"elementor-column elementor-col-100 elementor-top-column elementor-element elementor-element-3f0ba06\" data-id=\"3f0ba06\" data-element_type=\"column\" data-e-type=\"column\">\n\t\t\t<div class=\"elementor-widget-wrap elementor-element-populated\">\n\t\t\t\t\t\t<div class=\"elementor-element elementor-element-affba2e elementor-widget elementor-widget-template\" data-id=\"affba2e\" data-element_type=\"widget\" data-e-type=\"widget\" data-widget_type=\"template.default\">\n\t\t\t\t<div class=\"elementor-widget-container\">\n\t\t\t\t\t\t\t<div class=\"elementor-template\">\n\t\t\t\t\t<div data-elementor-type=\"section\" data-elementor-id=\"35684\" class=\"elementor elementor-35684\" data-elementor-post-type=\"elementor_library\">\n\t\t\t\t\t<section class=\"elementor-section elementor-top-section elementor-element elementor-element-30b361f4 elementor-section-full_width elementor-section-height-default elementor-section-height-default\" data-id=\"30b361f4\" data-element_type=\"section\" data-e-type=\"section\">\n\t\t\t\t\t\t<div class=\"elementor-container elementor-column-gap-default\">\n\t\t\t\t\t<div class=\"elementor-column elementor-col-100 elementor-top-column elementor-element elementor-element-170f6fff\" data-id=\"170f6fff\" data-element_type=\"column\" data-e-type=\"column\">\n\t\t\t<div class=\"elementor-widget-wrap elementor-element-populated\">\n\t\t\t\t\t\t<div class=\"elementor-element elementor-element-224e85d9 elementor--h-position-center elementor--v-position-middle elementor-pagination-position-inside elementor-widget elementor-widget-slides\" data-id=\"224e85d9\" data-element_type=\"widget\" data-e-type=\"widget\" data-settings=\"{&quot;navigation&quot;:&quot;dots&quot;,&quot;autoplay&quot;:&quot;yes&quot;,&quot;pause_on_hover&quot;:&quot;yes&quot;,&quot;pause_on_interaction&quot;:&quot;yes&quot;,&quot;autoplay_speed&quot;:5000,&quot;infinite&quot;:&quot;yes&quot;,&quot;transition&quot;:&quot;slide&quot;,&quot;transition_speed&quot;:500}\" data-widget_type=\"slides.default\">\n\t\t\t\t<div class=\"elementor-widget-container\">\n\t\t\t\t\t\t\t\t<div class=\"elementor-swiper\">\n\t\t\t\t<div class=\"elementor-slides-wrapper elementor-main-swiper swiper-container\" dir=\"ltr\" data-animation=\"fadeInUp\">\n\t\t\t\t\t<div class=\"swiper-wrapper elementor-slides\">\n\t\t\t\t\t\t\t\t\t\t\t\t<div class=\"elementor-repeater-item-301adab swiper-slide\"><div class=\"swiper-slide-bg\" role=\"img\"><\/div><div class=\"swiper-slide-inner\" ><div class=\"swiper-slide-contents\"><\/div><\/div><\/div>\t\t\t\t\t<\/div>\n\t\t\t\t\t\t\t\t\t<\/div>\n\t\t\t<\/div>\n\t\t\t\t\t\t\t<\/div>\n\t\t\t\t<\/div>\n\t\t\t\t\t<\/div>\n\t\t<\/div>\n\t\t\t\t\t<\/div>\n\t\t<\/section>\n\t\t\t\t<\/div>\n\t\t\t\t<\/div>\n\t\t\t\t\t\t<\/div>\n\t\t\t\t<\/div>\n\t\t\t\t\t<\/div>\n\t\t<\/div>\n\t\t\t\t\t<\/div>\n\t\t<\/section>\n\t\t\t\t<section class=\"elementor-section elementor-top-section elementor-element elementor-element-68de11e elementor-section-boxed elementor-section-height-default elementor-section-height-default\" data-id=\"68de11e\" data-element_type=\"section\" data-e-type=\"section\">\n\t\t\t\t\t\t<div class=\"elementor-container elementor-column-gap-no\">\n\t\t\t\t\t<div class=\"elementor-column elementor-col-50 elementor-top-column elementor-element elementor-element-63b3387 animated-fast elementor-invisible\" data-id=\"63b3387\" data-element_type=\"column\" data-e-type=\"column\" data-settings=\"{&quot;background_background&quot;:&quot;classic&quot;,&quot;animation&quot;:&quot;fadeIn&quot;,&quot;animation_tablet&quot;:&quot;none&quot;,&quot;animation_mobile&quot;:&quot;none&quot;,&quot;animation_delay&quot;:100}\">\n\t\t\t<div class=\"elementor-widget-wrap elementor-element-populated\">\n\t\t\t\t\t\t<div class=\"elementor-element elementor-element-c648bf9 elementor-widget elementor-widget-heading\" data-id=\"c648bf9\" data-element_type=\"widget\" data-e-type=\"widget\" data-widget_type=\"heading.default\">\n\t\t\t\t<div class=\"elementor-widget-container\">\n\t\t\t\t\t<h1 class=\"elementor-heading-title elementor-size-default\">Documents of public interest<\/h1>\t\t\t\t<\/div>\n\t\t\t\t<\/div>\n\t\t\t\t\t<\/div>\n\t\t<\/div>\n\t\t\t\t<div class=\"elementor-column elementor-col-50 elementor-top-column elementor-element elementor-element-dd29289 elementor-hidden-desktop elementor-hidden-tablet elementor-hidden-phone\" data-id=\"dd29289\" data-element_type=\"column\" data-e-type=\"column\">\n\t\t\t<div class=\"elementor-widget-wrap\">\n\t\t\t\t\t\t\t<\/div>\n\t\t<\/div>\n\t\t\t\t\t<\/div>\n\t\t<\/section>\n\t\t\t\t<section class=\"elementor-section elementor-top-section elementor-element elementor-element-8bfc6ef elementor-section-boxed elementor-section-height-default elementor-section-height-default\" data-id=\"8bfc6ef\" data-element_type=\"section\" data-e-type=\"section\">\n\t\t\t\t\t\t<div class=\"elementor-container elementor-column-gap-default\">\n\t\t\t\t\t<div class=\"elementor-column elementor-col-100 elementor-top-column elementor-element elementor-element-8d3ebf8\" data-id=\"8d3ebf8\" data-element_type=\"column\" data-e-type=\"column\">\n\t\t\t<div class=\"elementor-widget-wrap elementor-element-populated\">\n\t\t\t\t\t\t<div class=\"elementor-element elementor-element-82fef03 elementor-widget elementor-widget-text-editor\" data-id=\"82fef03\" data-element_type=\"widget\" data-e-type=\"widget\" data-widget_type=\"text-editor.default\">\n\t\t\t\t<div class=\"elementor-widget-container\">\n\t\t\t\t\t\t\t\t\t<ul>\n<li><a href=\"\/wp-content\/uploads\/2026\/03\/Planul-Strategic-al-Facultatii-de-Stiintele-Comunicarii-si-Relatii-Internationale-FB.pdf\"><strong>Planul Strategic al Facult\u0103\u021bii de \u0218tiin\u021bele Educa\u021biei Comunic\u0103rii \u0219i Rela\u021bii Interna\u021bionale\u00a0 2020-2024<\/strong><\/a><\/li>\n<li><a href=\"\/wp-content\/uploads\/2026\/03\/Program-Managerial-Decan-2020-2024.pdf\"><strong>Programul managerial al Decanului 2020-2024<\/strong><\/a><\/li>\n<\/ul>\n<p>&nbsp;<\/p>\n<ul>\n<li><a href=\"\/wp-content\/uploads\/2026\/03\/RISE-Plan-invatamant-2023-2024.pdf\"><strong>Plan de\u00a0\u00eenv\u0103\u021b\u0103m\u00e2nt 2023-2024 Programul de studii Rela\u021bii Interna\u021bioale \u0219i Studii Europene form\u0103 de inv\u0103\u021b\u0103m\u00e2nt zi anul I<\/strong><\/a><\/li>\n<li><a href=\"\/wp-content\/uploads\/2026\/03\/RISE-Plan-invatamant-2023-2024.pdf\"><strong>Curriculum 2023-2024 Study Program International Relations and European Studies Full-time study Year II<\/strong><\/a><\/li>\n<li><a href=\"\/wp-content\/uploads\/2026\/03\/RISE-Plan-invatamant-2023-2024.pdf\"><strong>Plan de\u00a0\u00eenv\u0103\u021b\u0103m\u00e2nt 2023-2024 Programul de studii Rela\u021bii Interna\u021bioale \u0219i Studii Europene form\u0103 de inv\u0103\u021b\u0103m\u00e2nt zi anul III<\/strong><\/a><\/li>\n<\/ul>\n<p>&nbsp;<\/p>\n<ul>\n<li><a href=\"\/wp-content\/uploads\/2026\/03\/RICS-plan-invatamant-2023-2024.pdf\"><strong>Plan de\u00a0\u00eenv\u0103\u021b\u0103m\u00e2nt 2023-2024 Programul de Master de studii \u2013 Rela\u021bii Interna\u021bioale \u0219i Cooperare Strategic\u0103 form\u0103 de\u00a0\u00eenv\u0103\u021b\u0103m\u00e2nt\u00a0zi anul I<\/strong><\/a><\/li>\n<li><a href=\"\/wp-content\/uploads\/2026\/03\/RICS-plan-invatamant-2023-2024.pdf\"><strong>Plan de\u00a0\u00eenv\u0103\u021b\u0103m\u00e2nt 2023-2024 Programul de Master de studii \u2013 Rela\u021bii Interna\u021bioale \u0219i Cooperare Strategic\u0103 form\u0103 de inv\u0103\u021b\u0103m\u00e2nt zi anul II<\/strong><\/a><\/li>\n<\/ul>\n<p>&nbsp;<\/p>\n<ul>\n<li><a href=\"\/wp-content\/uploads\/2026\/03\/CRP-Plan-invatamant-2023-2024.pdf\"><strong>Plan de \u00eenv\u0103\u021b\u0103m\u00e2nt 2023-2024 \u2013 Programul de studii Comunicare \u0219i Rela\u021bii Publice form\u0103 de\u00a0\u00eenv\u0103\u021b\u0103m\u00e2nt zi anul I<\/strong><\/a><\/li>\n<li><a href=\"\/wp-content\/uploads\/2026\/03\/CRP-Plan-invatamant-2023-2024.pdf\"><strong>Plan de \u00eenv\u0103\u021b\u0103m\u00e2nt 2023-2024 \u2013 Programul de studii Comunicare \u0219i Rela\u021bii Publice form\u0103 de\u00a0\u00eenv\u0103\u021b\u0103m\u00e2nt zi anul II<\/strong><\/a><\/li>\n<li><a href=\"\/wp-content\/uploads\/2026\/03\/CRP-Plan-invatamant-2023-2024.pdf\"><strong>Plan de \u00eenv\u0103\u021b\u0103m\u00e2nt 2023-2024 \u2013 Programul de studii Comunicare \u0219i Rela\u021bii Publice form\u0103 de\u00a0\u00eenv\u0103\u021b\u0103m\u00e2nt zi anul III<\/strong><\/a><\/li>\n<li><strong><a href=\"\/wp-content\/uploads\/2026\/03\/CRP-Plan-invatamant-2023-2026-1.pdf\">Promotion Plan 2023-2026, Communication and Public Relations Specialization<\/a><\/strong><\/li>\n<li><a href=\"\/wp-content\/uploads\/2026\/03\/CRP-Plan-invatamant-2022-2025.pdf\"><strong>The Promotion Plan 2022-2025, Specialization Communication and Public Relations<\/strong><\/a><\/li>\n<li><a href=\"\/wp-content\/uploads\/2026\/03\/CRP-Plan-invatamant-2021-2024.pdf\"><strong>Promotion Plan 2021-2024, Communication and Public Relations Specialization<\/strong><\/a><\/li>\n<\/ul>\n<p>&nbsp;<\/p>\n<p><strong>Graduates of this program can pursue the following professions:<\/strong><\/p>\n<table>\n<tbody>\n<tr>\n<td><b>Name<\/b><b>\u00a0<\/b><b>occupation<\/b><\/td>\n<td><b>Cod<\/b><b>\u00a0<\/b><b>HEART<\/b><\/td>\n<\/tr>\n<tr>\n<td>Public Relations Specialists<\/td>\n<td>COD Occupation 243201<\/td>\n<\/tr>\n<tr>\n<td>Spokesperson<\/td>\n<td>Occupation Code 243206<\/td>\n<\/tr>\n<tr>\n<td>Protocol Organizer<\/td>\n<td>COD Occupation 243208<\/td>\n<\/tr>\n<tr>\n<td>Campaign manager<\/td>\n<td>Occupational Code 24322<\/td>\n<\/tr>\n<\/tbody>\n<\/table>\n<p>&nbsp;<\/p>\n<p>&nbsp;<\/p>\n<ul>\n<li><a href=\"\/wp-content\/uploads\/2026\/03\/CIMO-plan-invatamant-2023-2024.pdf\"><strong>Plan de\u00a0\u00eenv\u0103\u021b\u0103m\u00e2nt 2023-2024\u00a0Programul\u00a0de Master de\u00a0studii \u2013\u00a0\u00a0Comunicare\u00a0Institu\u021bional\u0103\u00a0\u0219i\u00a0Management Organiza\u021bional\u00a0form\u0103 de\u00a0<\/strong><strong>First year day studies<\/strong><\/a><\/li>\n<li><a href=\"\/wp-content\/uploads\/2026\/03\/CIMO-plan-invatamant-2023-2024.pdf\"><strong>Plan de\u00a0\u00eenv\u0103\u021b\u0103m\u00e2nt 2023-2024\u00a0Programul\u00a0de Master de\u00a0studii \u2013\u00a0\u00a0Comunicare\u00a0Institu\u021bional\u0103\u00a0\u0219i\u00a0Management Organiza\u021bional\u00a0form\u0103 de\u00a0<\/strong><strong>Daytime studies, second year<\/strong><\/a><\/li>\n<\/ul>\n<p>&nbsp;<\/p>\n<ul>\n<li><a href=\"\/wp-content\/uploads\/2026\/03\/PIPP-plan-invatamant-2023-2024.pdf\"><strong>Plan de\u00a0\u00eenv\u0103\u021b\u0103m\u00e2nt 2023 \u2013 2024 Programul de studii\u00a0Pedagogia\u00a0\u00eenv\u0103\u0163\u0103m\u00e2ntului\u00a0primar\u00a0\u015fi\u00a0pre\u015fcolar\u00a0form\u0103 de \u00eenv\u0103\u021b\u0103m\u00e2nt zi anul I\u00a0<\/strong><\/a><\/li>\n<li><a href=\"\/wp-content\/uploads\/2026\/03\/PIPP-plan-invatamant-2023-2024.pdf\"><strong>Plan de\u00a0\u00eenv\u0103\u021b\u0103m\u00e2nt 2023 \u2013 2024 Programul de studii\u00a0Pedagogia\u00a0\u00eenv\u0103\u0163\u0103m\u00e2ntului\u00a0primar\u00a0\u015fi\u00a0pre\u015fcolar\u00a0form\u0103 de \u00eenv\u0103\u021b\u0103m\u00e2nt zi anul II<\/strong><\/a><\/li>\n<li><a href=\"\/wp-content\/uploads\/2026\/03\/PIPP-plan-invatamant-2023-2024.pdf\"><strong>Plan de\u00a0\u00eenv\u0103\u021b\u0103m\u00e2nt 2023 \u2013 2024 Programul de studii\u00a0Pedagogia\u00a0\u00eenv\u0103\u0163\u0103m\u00e2ntului\u00a0primar\u00a0\u015fi\u00a0pre\u015fcolar\u00a0form\u0103 de \u00eenv\u0103\u021b\u0103m\u00e2nt zi anul III<\/strong><\/a><\/li>\n<\/ul>\n<p>&nbsp;<\/p>\n<ul>\n<li><a href=\"\/wp-content\/uploads\/2026\/03\/DSPP-plan-invatamant-2022-2023.pdf\"><strong>Plan de\u00a0\u00eenv\u0103\u021b\u0103m\u00e2nt 2023 \u2013 2024 Programul Postuniversitar de Formare Psihopedagogic\u0103 \u00een vederea certific\u0103rii competen\u021belor pentru Profesia Didactic\u0103 (Nivel I \u2013 ini\u021biere)<\/strong><\/a><\/li>\n<li><a href=\"\/wp-content\/uploads\/2026\/03\/DSPP-plan-invatamant-2022-2023.pdf\"><strong>Plan de\u00a0\u00eenv\u0103\u021b\u0103m\u00e2nt 2023 \u2013 2024 Programul Postuniversitar de Formare Psihopedagogic\u0103 \u00een vederea certific\u0103rii competen\u021belor pentru Profesia Didactic\u0103 (Nivel II \u2013 aprofundare)<\/strong><\/a><\/li>\n<\/ul>\n<p>&nbsp;<\/p>\n<ul>\n<li><a href=\"\/wp-content\/uploads\/2026\/03\/DSPP-plan-invatamant-2022-2023.pdf\"><strong>Plan de\u00a0\u00eenv\u0103\u021b\u0103m\u00e2nt 2023 \u2013 2024 Departamentul de Specialitate cu Profil Psihopedagogic anul I (Nivel I \u2013 ini\u021biere)<\/strong><\/a><\/li>\n<li><a href=\"\/wp-content\/uploads\/2026\/03\/DSPP-plan-invatamant-2022-2023.pdf\"><strong>Plan de\u00a0\u00eenv\u0103\u021b\u0103m\u00e2nt 2023 \u2013 2024 Departamentul de Specialitate cu Profil Psihopedagogic anul II (Nivel I -ini\u021biere)<\/strong><\/a><\/li>\n<li><a href=\"\/wp-content\/uploads\/2026\/03\/DSPP-plan-invatamant-2022-2023.pdf\"><strong>Plan de\u00a0\u00eenv\u0103\u021b\u0103m\u00e2nt 2023 \u2013 2024 Departamentul de Specialitate cu Profil Psihopedagogic anul II (Nivel I -ini\u021biere)<\/strong><\/a><\/li>\n<\/ul>\n<ul>\n<li><a href=\"\/wp-content\/uploads\/2026\/03\/DSPP-plan-invatamant-2022-2023.pdf\"><strong>Plan de\u00a0\u00eenv\u0103\u021b\u0103m\u00e2nt 2023 \u2013 2024 Departamentul de Specialitate cu Profil Psihopedagogic anul I-(nivel II aprofundare)<\/strong><\/a><\/li>\n<li><a href=\"\/wp-content\/uploads\/2026\/03\/DSPP-plan-invatamant-2022-2023.pdf\"><strong>Plan de\u00a0\u00eenv\u0103\u021b\u0103m\u00e2nt 2023 \u2013 2024 Departamentul de Specialitate cu Profil Psihopedagogic anul II<\/strong>\u2013<strong>(Level II deepening)<\/strong><\/a><\/li>\n<\/ul>\n<p>&nbsp;<\/p>\n<ul>\n<li><a href=\"\/wp-content\/uploads\/2026\/03\/Postuniversitare-plan-invatamant-2023-2024.pdf\"><strong>Plan de\u00a0\u00eenv\u0103\u021b\u0103m\u00e2nt 2023 \u2013 20234-\u00a0\u00a0Programul Postuniversitar de Formare \u0219i Dezvoltare Profesional\u0103 Continu\u0103 Integrarea \u0219i Incluziunea \u00een sistemul de \u00eenv\u0103\u021b\u0103m\u00e2nt a copiilor cu cerin\u021be CES\u00a0<\/strong><\/a><\/li>\n<li><strong><a href=\"\/wp-content\/uploads\/2026\/03\/Postuniversitare-plan-invatamant-2023-2024.pdf\">Plan de\u00a0\u00eenv\u0103\u021b\u0103m\u00e2nt 2023 \u2013 20234-\u00a0\u00a0Programul Postuniversitar de Formare \u0219i Dezvoltare Profesional\u0103 Continu\u0103 Puericultura Dimensiune a Educa\u021biei Antepre\u0219colare\u00a0<\/a><\/strong><\/li>\n<\/ul>\n<p>&nbsp;<\/p>\n<ul>\n<li><a href=\"\/wp-content\/uploads\/2026\/03\/AP-Plan-invatamant-2023-2024.pdf\"><strong>2023-2024 Curriculum - Preparatory Romanian Language Program for Foreign Citizens<\/strong><\/a><\/li>\n<\/ul>\n<p>&nbsp;<\/p>\n<p>&nbsp;<\/p>\n<ul>\n<li><a href=\"\/wp-content\/uploads\/2026\/03\/RISE-Plan-invatamant-anul-I.pdf\"><strong>Plan de\u00a0\u00eenv\u0103\u021b\u0103m\u00e2nt 2022-2023 Programul de studii Rela\u021bii Interna\u021bioale \u0219i Studii Europene form\u0103 de inv\u0103\u021b\u0103m\u00e2nt zi anul I<\/strong><\/a><\/li>\n<li><a href=\"\/wp-content\/uploads\/2026\/03\/RISE-Plan-invatamant-anul-II.pdf\"><strong>Curriculum 2022-2023 Program of study International Relations and European Studies form of study day 2nd year<\/strong><\/a><\/li>\n<li><a href=\"\/wp-content\/uploads\/2026\/03\/RISE-Plan-invatamant-anul-III.pdf\"><strong>Plan de\u00a0\u00eenv\u0103\u021b\u0103m\u00e2nt 2022-2023 Programul de studii Rela\u021bii Interna\u021bioale \u0219i Studii Europene form\u0103 de inv\u0103\u021b\u0103m\u00e2nt zi anul III<\/strong><\/a><\/li>\n<li><a href=\"\/wp-content\/uploads\/2026\/03\/plan-rise.pdf\"><strong>Curriculum 2020-2021 International Relations and European Studies Program of Study<\/strong><\/a><\/li>\n<\/ul>\n<p>&nbsp;<\/p>\n<ul>\n<li><a href=\"\/wp-content\/uploads\/2026\/03\/RICS-plan-invatamant-anul-I.pdf\"><strong>Plan de\u00a0\u00eenv\u0103\u021b\u0103m\u00e2nt 2022-2023 Programul de Master de studii \u2013 Rela\u021bii Interna\u021bioale \u0219i Cooperare Strategic\u0103 form\u0103 de\u00a0\u00eenv\u0103\u021b\u0103m\u00e2nt\u00a0zi anul I<\/strong><\/a><\/li>\n<li><a href=\"\/wp-content\/uploads\/2026\/03\/RICS-plan-invatamant-anul-II.pdf\"><strong>Plan de\u00a0\u00eenv\u0103\u021b\u0103m\u00e2nt 2022-2023 Programul de Master de studii \u2013 Rela\u021bii Interna\u021bioale \u0219i Cooperare Strategic\u0103 form\u0103 de inv\u0103\u021b\u0103m\u00e2nt zi anul II<\/strong><\/a><\/li>\n<\/ul>\n<p>&nbsp;<\/p>\n<ul>\n<li><a href=\"\/wp-content\/uploads\/2026\/03\/CIMO-plan-invatamant-anul-I.pdf\"><strong>Plan de\u00a0\u00eenv\u0103\u021b\u0103m\u00e2nt 2022-2023\u00a0Programul\u00a0de Master de\u00a0studii \u2013\u00a0\u00a0Comunicare\u00a0Institu\u021bional\u0103\u00a0\u0219i\u00a0Management Organiza\u021bional\u00a0form\u0103 de\u00a0<\/strong><strong>First year day studies<\/strong><\/a><\/li>\n<li><a href=\"\/wp-content\/uploads\/2026\/03\/CIMO-plan-invatamant-anul-II.pdf\"><strong>Plan de\u00a0\u00eenv\u0103\u021b\u0103m\u00e2nt 2022-2023\u00a0Programul\u00a0de Master de\u00a0studii \u2013\u00a0\u00a0Comunicare\u00a0Institu\u021bional\u0103\u00a0\u0219i\u00a0Management Organiza\u021bional\u00a0form\u0103 de\u00a0<\/strong><strong>Daytime studies, second year<\/strong><\/a><\/li>\n<\/ul>\n<p>&nbsp;<\/p>\n<ul>\n<li><a href=\"\/wp-content\/uploads\/2026\/03\/CRP-Plan-invatamant-anul-I.pdf\"><strong>Plan de \u00eenv\u0103\u021b\u0103m\u00e2nt 2022-2023 \u2013 Programul de studii Comunicare \u0219i Rela\u021bii Publice form\u0103 de\u00a0\u00eenv\u0103\u021b\u0103m\u00e2nt zi anul I<\/strong><\/a><\/li>\n<li><a href=\"\/wp-content\/uploads\/2026\/03\/CRP-Plan-invatamant-anul-II.pdf\"><strong>Plan de \u00eenv\u0103\u021b\u0103m\u00e2nt 2022-2023 \u2013 Programul de studii Comunicare \u0219i Rela\u021bii Publice form\u0103 de\u00a0\u00eenv\u0103\u021b\u0103m\u00e2nt zi anul II<\/strong><\/a><\/li>\n<li><a href=\"\/wp-content\/uploads\/2026\/03\/CRP-Plan-invatamant-anul-III.pdf\"><strong>Plan de \u00eenv\u0103\u021b\u0103m\u00e2nt 2022-2023 \u2013 Programul de studii Comunicare \u0219i Rela\u021bii Publice form\u0103 de\u00a0\u00eenv\u0103\u021b\u0103m\u00e2nt zi anul III<\/strong><\/a><\/li>\n<li><a href=\"\/wp-content\/uploads\/2026\/03\/plan-crp.pdf\"><strong>2020-2021 Curriculum \u2013 Communication and Public Relations Study Program<\/strong><\/a><\/li>\n<\/ul>\n<p>&nbsp;<\/p>\n<ul>\n<li><strong><a href=\"\/wp-content\/uploads\/2026\/03\/Comisie_calitate_FSSPU.pdf\">FSCRI Quality Commission<\/a><\/strong><\/li>\n<li><strong><a href=\"\/wp-content\/uploads\/2026\/03\/Comisie_etica_FSSPU.pdf\">FSCRI Ethics Committee<\/a><\/strong><\/li>\n<\/ul>\n<p>&nbsp;<\/p>\n<ul>\n<li><strong><a href=\"\/wp-content\/uploads\/2026\/03\/DSPP-plan-invatamant-Nivel-I-an-I.pdf\">Plan\u00a0<span><span>\u00eenv\u0103\u021b\u0103m\u00e2nt 2022 \u2013 2023 Programul de studii\u00a0<span><span>Pedagogy<\/span>\u00a0<span>education<\/span>\u00a0<span>primary<\/span>\u00a0<span>and<\/span>\u00a0<span>preschool<\/span><\/span><span>\u00a0form\u0103 de \u00eenv\u0103\u021b\u0103m\u00e2nt zi anul I (nivel 1)<\/span><\/span><\/span><\/a><\/strong><\/li>\n<li><a href=\"\/wp-content\/uploads\/2026\/03\/DSPP-plan-invatamant-nivel-I-an-II.pdf\"><strong>Plan\u00a0<span><span>\u00eenv\u0103\u021b\u0103m\u00e2nt 2022 \u2013 2023 Programul de studii\u00a0<span><span>Pedagogy<\/span>\u00a0<span>education<\/span>\u00a0<span>primary<\/span>\u00a0<span>and<\/span>\u00a0<span>preschool<\/span><\/span><span>\u00a0form\u0103 de \u00eenv\u0103\u021b\u0103m\u00e2nt zi anul II (nivel 1)<\/span><\/span><\/span><\/strong><\/a><\/li>\n<li><a href=\"\/wp-content\/uploads\/2026\/03\/DSPP-plan-invatamant-nivel-I-an-III.pdf\"><strong>Plan\u00a0<span><span>\u00eenv\u0103\u021b\u0103m\u00e2nt 2022 \u2013 2023 Programul de studii\u00a0<span><span>Pedagogy<\/span>\u00a0<span>education<\/span>\u00a0<span>primary<\/span>\u00a0<span>and<\/span>\u00a0<span>preschool<\/span><\/span><span>\u00a0form\u0103 de \u00eenv\u0103\u021b\u0103m\u00e2nt zi anul III\u00a0 (nivel 1)<\/span><\/span><\/span><\/strong><\/a><\/li>\n<li><a href=\"\/wp-content\/uploads\/2026\/03\/DSPP-plan-invatamant-nivel-II-an-I.pdf\"><strong>Plan\u00a0<span><span>\u00eenv\u0103\u021b\u0103m\u00e2nt 2022 \u2013 2023 Programul de studii\u00a0<span><span>Pedagogy<\/span>\u00a0<span>education<\/span>\u00a0<span>primary<\/span>\u00a0<span>and<\/span>\u00a0<span>preschool<\/span><\/span><span>\u00a0form\u0103 de \u00eenv\u0103\u021b\u0103m\u00e2nt zi anul I (nivel 2)<\/span><\/span><\/span><\/strong><\/a><\/li>\n<li><a href=\"\/wp-content\/uploads\/2026\/03\/DSPP-plan-invatamant-nivel-II-an-II.pdf\"><strong>Plan\u00a0<span><span>\u00eenv\u0103\u021b\u0103m\u00e2nt 2022 \u2013 2023 Programul de studii\u00a0<span><span>Pedagogy<\/span>\u00a0<span>education<\/span>\u00a0<span>primary<\/span>\u00a0<span>and<\/span>\u00a0<span>preschool<\/span><\/span><span>\u00a0form\u0103 de \u00eenv\u0103\u021b\u0103m\u00e2nt zi anul II (nivel 2)<\/span><\/span><\/span><\/strong><\/a><\/li>\n<li><strong><a href=\"\/wp-content\/uploads\/2026\/03\/PIPP-plan-invatamant-anul-I.pdf\">Plan\u00a0<span><span>\u00eenv\u0103\u021b\u0103m\u00e2nt 2021 \u2013 2022 Programul de studii\u00a0<span><span>Pedagogy<\/span>\u00a0<span>education<\/span>\u00a0<span>primary<\/span>\u00a0<span>and<\/span>\u00a0<span>preschool<\/span><\/span><span>\u00a0Full-time study, first year\u00a0<\/span><\/span><\/span><\/a><\/strong><\/li>\n<li><a href=\"\/wp-content\/uploads\/2026\/03\/PIPP-plan-invatamant-anul-II.pdf\"><strong>Plan\u00a0<span><span>\u00eenv\u0103\u021b\u0103m\u00e2nt 2021 \u2013 2022 Programul de studii\u00a0<span><span>Pedagogy<\/span>\u00a0<span>education<\/span>\u00a0<span>primary<\/span>\u00a0<span>and<\/span>\u00a0<span>preschool<\/span><\/span><span>\u00a0Full-time, second year\u00a0<\/span><\/span><\/span><\/strong><\/a><\/li>\n<li><a href=\"\/wp-content\/uploads\/2026\/03\/PIPP-plan-invatamant-anul-III.pdf\"><strong>Plan\u00a0<span><span>\u00eenv\u0103\u021b\u0103m\u00e2nt 2021 \u2013 2022 Programul de studii\u00a0<span><span>Pedagogy<\/span>\u00a0<span>education<\/span>\u00a0<span>primary<\/span>\u00a0<span>and<\/span>\u00a0<span>preschool<\/span><\/span><span>\u00a0Full-time, third year\u00a0<\/span><\/span><\/span><\/strong><\/a><\/li>\n<li><a href=\"\/wp-content\/uploads\/2026\/03\/DSPP-plan-invatamant-compact-nivel-I.pdf\"><strong>Plan\u00a0<span><span>\u00eenv\u0103\u021b\u0103m\u00e2nt 2022 \u2013 2023 \u2013\u00a0\u00a0<\/span><\/span>Programul postuniversitar de formare psihopedagogic\u0103 \u00een vederea certific\u0103rii competen\u021belor pentru profesia didactic\u0103 (Nivel I \u2013 ini\u021biere)<\/strong><\/a><\/li>\n<li><a href=\"\/wp-content\/uploads\/2026\/03\/DSPP-plan-invatamant-compact-nivel-II.pdf\"><strong>Plan\u00a0<span><span>\u00eenv\u0103\u021b\u0103m\u00e2nt 2022 \u2013 2023 \u2013<\/span><\/span>Programul postuniversitar de formare psihopedagogic\u0103 \u00een vederea certific\u0103rii competen\u021belor pentru profesia didactic\u0103 (Nivel II \u2013 aprofundare)<\/strong><\/a><\/li>\n<\/ul>\n<p>&nbsp;<\/p>\n<ul>\n<li><a href=\"\/wp-content\/uploads\/2026\/03\/AP-Plan-invatamant-2022-2023.pdf\"><strong>Plan de \u00eenv\u0103\u021b\u0103m\u00e2nt 2022-2023 -Programul preg\u0103titor de limba rom\u00e2n\u0103 pentru cet\u0103\u021benii str\u0103ini<\/strong><\/a><\/li>\n<\/ul>\n<p>&nbsp;<\/p>\n<ul>\n<li><a href=\"https:\/\/site.utm.ro\/wp-content\/uploads\/2026\/03\/Program_consultaC89Bii_FSSPU.pdf\"><strong>Programul de consulta\u021bii al cadrelor didactice<\/strong><\/a><\/li>\n<\/ul>\t\t\t\t\t\t\t\t<\/div>\n\t\t\t\t<\/div>\n\t\t\t\t\t<\/div>\n\t\t<\/div>\n\t\t\t\t\t<\/div>\n\t\t<\/section>\n\t\t\t\t<section class=\"elementor-section elementor-top-section elementor-element elementor-element-72bd5d5 elementor-section-boxed elementor-section-height-default elementor-section-height-default\" data-id=\"72bd5d5\" data-element_type=\"section\" data-e-type=\"section\">\n\t\t\t\t\t\t<div class=\"elementor-container elementor-column-gap-default\">\n\t\t\t\t\t<div class=\"elementor-column elementor-col-100 elementor-top-column elementor-element elementor-element-e6b57d8\" data-id=\"e6b57d8\" data-element_type=\"column\" data-e-type=\"column\">\n\t\t\t<div class=\"elementor-widget-wrap elementor-element-populated\">\n\t\t\t\t\t\t<div class=\"elementor-element elementor-element-00918d2 elementor-widget elementor-widget-spacer\" data-id=\"00918d2\" data-element_type=\"widget\" data-e-type=\"widget\" data-widget_type=\"spacer.default\">\n\t\t\t\t<div class=\"elementor-widget-container\">\n\t\t\t\t\t\t\t<div class=\"elementor-spacer\">\n\t\t\t<div class=\"elementor-spacer-inner\"><\/div>\n\t\t<\/div>\n\t\t\t\t\t\t<\/div>\n\t\t\t\t<\/div>\n\t\t\t\t\t<\/div>\n\t\t<\/div>\n\t\t\t\t\t<\/div>\n\t\t<\/section>\n\t\t\t\t<\/div>","protected":false},"excerpt":{"rendered":"<p>Documente de interes public Planul Strategic al Facult\u0103\u021bii de \u0218tiin\u021bele Educa\u021biei Comunic\u0103rii \u0219i Rela\u021bii Interna\u021bionale\u00a0 2020-2024 Programul managerial al Decanului 2020-2024 &nbsp; Plan de\u00a0\u00eenv\u0103\u021b\u0103m\u00e2nt 2023-2024 Programul de studii Rela\u021bii Interna\u021bioale \u0219i Studii Europene form\u0103 de inv\u0103\u021b\u0103m\u00e2nt zi anul I Plan de \u00eenv\u0103\u021b\u0103m\u00e2nt 2023-2024 Programul de studii Rela\u021bii Interna\u021bioale \u0219i Studii Europene form\u0103 de inv\u0103\u021b\u0103m\u00e2nt zi&#8230;<\/p>","protected":false},"author":1,"featured_media":0,"parent":24998,"menu_order":0,"comment_status":"closed","ping_status":"closed","template":"","meta":{"footnotes":""},"class_list":["post-35778","page","type-page","status-publish","hentry"],"_links":{"self":[{"href":"https:\/\/site.utm.ro\/en\/wp-json\/wp\/v2\/pages\/35778","targetHints":{"allow":["GET"]}}],"collection":[{"href":"https:\/\/site.utm.ro\/en\/wp-json\/wp\/v2\/pages"}],"about":[{"href":"https:\/\/site.utm.ro\/en\/wp-json\/wp\/v2\/types\/page"}],"author":[{"embeddable":true,"href":"https:\/\/site.utm.ro\/en\/wp-json\/wp\/v2\/users\/1"}],"replies":[{"embeddable":true,"href":"https:\/\/site.utm.ro\/en\/wp-json\/wp\/v2\/comments?post=35778"}],"version-history":[{"count":0,"href":"https:\/\/site.utm.ro\/en\/wp-json\/wp\/v2\/pages\/35778\/revisions"}],"up":[{"embeddable":true,"href":"https:\/\/site.utm.ro\/en\/wp-json\/wp\/v2\/pages\/24998"}],"wp:attachment":[{"href":"https:\/\/site.utm.ro\/en\/wp-json\/wp\/v2\/media?parent=35778"}],"curies":[{"name":"wp","href":"https:\/\/api.w.org\/{rel}","templated":true}]}}