{"id":35737,"date":"2026-03-16T08:48:46","date_gmt":"2026-03-16T08:48:46","guid":{"rendered":"https:\/\/site.utm.ro\/?page_id=35737"},"modified":"2026-03-16T08:51:41","modified_gmt":"2026-03-16T08:51:41","slug":"educational-plans","status":"publish","type":"page","link":"https:\/\/site.utm.ro\/en\/facultatea-de-stiintele-educatiei-comunicare-si-relatii-internationale\/planuri-de-invatamant\/","title":{"rendered":"FSECRI &#8211; Planuri de \u00eenv\u0103\u021b\u0103m\u00e2nt"},"content":{"rendered":"<div data-elementor-type=\"wp-page\" data-elementor-id=\"35737\" class=\"elementor elementor-35737\" data-elementor-post-type=\"page\">\n\t\t\t\t\t\t<section class=\"elementor-section elementor-top-section elementor-element elementor-element-e2eb3ad elementor-section-full_width elementor-section-height-default elementor-section-height-default\" data-id=\"e2eb3ad\" data-element_type=\"section\" data-e-type=\"section\">\n\t\t\t\t\t\t<div class=\"elementor-container elementor-column-gap-default\">\n\t\t\t\t\t<div class=\"elementor-column elementor-col-100 elementor-top-column elementor-element elementor-element-3f0ba06\" data-id=\"3f0ba06\" data-element_type=\"column\" data-e-type=\"column\">\n\t\t\t<div class=\"elementor-widget-wrap elementor-element-populated\">\n\t\t\t\t\t\t<div class=\"elementor-element elementor-element-affba2e elementor-widget elementor-widget-template\" data-id=\"affba2e\" data-element_type=\"widget\" data-e-type=\"widget\" data-widget_type=\"template.default\">\n\t\t\t\t<div class=\"elementor-widget-container\">\n\t\t\t\t\t\t\t<div class=\"elementor-template\">\n\t\t\t\t\t<div data-elementor-type=\"section\" data-elementor-id=\"35684\" class=\"elementor elementor-35684\" data-elementor-post-type=\"elementor_library\">\n\t\t\t\t\t<section class=\"elementor-section elementor-top-section elementor-element elementor-element-30b361f4 elementor-section-full_width elementor-section-height-default elementor-section-height-default\" data-id=\"30b361f4\" data-element_type=\"section\" data-e-type=\"section\">\n\t\t\t\t\t\t<div class=\"elementor-container elementor-column-gap-default\">\n\t\t\t\t\t<div class=\"elementor-column elementor-col-100 elementor-top-column elementor-element elementor-element-170f6fff\" data-id=\"170f6fff\" data-element_type=\"column\" data-e-type=\"column\">\n\t\t\t<div class=\"elementor-widget-wrap elementor-element-populated\">\n\t\t\t\t\t\t<div class=\"elementor-element elementor-element-224e85d9 elementor--h-position-center elementor--v-position-middle elementor-pagination-position-inside elementor-widget elementor-widget-slides\" data-id=\"224e85d9\" data-element_type=\"widget\" data-e-type=\"widget\" data-settings=\"{&quot;navigation&quot;:&quot;dots&quot;,&quot;autoplay&quot;:&quot;yes&quot;,&quot;pause_on_hover&quot;:&quot;yes&quot;,&quot;pause_on_interaction&quot;:&quot;yes&quot;,&quot;autoplay_speed&quot;:5000,&quot;infinite&quot;:&quot;yes&quot;,&quot;transition&quot;:&quot;slide&quot;,&quot;transition_speed&quot;:500}\" data-widget_type=\"slides.default\">\n\t\t\t\t<div class=\"elementor-widget-container\">\n\t\t\t\t\t\t\t\t<div class=\"elementor-swiper\">\n\t\t\t\t<div class=\"elementor-slides-wrapper elementor-main-swiper swiper-container\" dir=\"ltr\" data-animation=\"fadeInUp\">\n\t\t\t\t\t<div class=\"swiper-wrapper elementor-slides\">\n\t\t\t\t\t\t\t\t\t\t\t\t<div class=\"elementor-repeater-item-301adab swiper-slide\"><div class=\"swiper-slide-bg\" role=\"img\"><\/div><div class=\"swiper-slide-inner\" ><div class=\"swiper-slide-contents\"><\/div><\/div><\/div>\t\t\t\t\t<\/div>\n\t\t\t\t\t\t\t\t\t<\/div>\n\t\t\t<\/div>\n\t\t\t\t\t\t\t<\/div>\n\t\t\t\t<\/div>\n\t\t\t\t\t<\/div>\n\t\t<\/div>\n\t\t\t\t\t<\/div>\n\t\t<\/section>\n\t\t\t\t<\/div>\n\t\t\t\t<\/div>\n\t\t\t\t\t\t<\/div>\n\t\t\t\t<\/div>\n\t\t\t\t\t<\/div>\n\t\t<\/div>\n\t\t\t\t\t<\/div>\n\t\t<\/section>\n\t\t\t\t<section class=\"elementor-section elementor-top-section elementor-element elementor-element-68de11e elementor-section-boxed elementor-section-height-default elementor-section-height-default\" data-id=\"68de11e\" data-element_type=\"section\" data-e-type=\"section\">\n\t\t\t\t\t\t<div class=\"elementor-container elementor-column-gap-no\">\n\t\t\t\t\t<div class=\"elementor-column elementor-col-50 elementor-top-column elementor-element elementor-element-63b3387 animated-fast elementor-invisible\" data-id=\"63b3387\" data-element_type=\"column\" data-e-type=\"column\" data-settings=\"{&quot;background_background&quot;:&quot;classic&quot;,&quot;animation&quot;:&quot;fadeIn&quot;,&quot;animation_tablet&quot;:&quot;none&quot;,&quot;animation_mobile&quot;:&quot;none&quot;,&quot;animation_delay&quot;:100}\">\n\t\t\t<div class=\"elementor-widget-wrap elementor-element-populated\">\n\t\t\t\t\t\t<div class=\"elementor-element elementor-element-c648bf9 elementor-widget elementor-widget-heading\" data-id=\"c648bf9\" data-element_type=\"widget\" data-e-type=\"widget\" data-widget_type=\"heading.default\">\n\t\t\t\t<div class=\"elementor-widget-container\">\n\t\t\t\t\t<h1 class=\"elementor-heading-title elementor-size-default\">Curricula<\/h1>\t\t\t\t<\/div>\n\t\t\t\t<\/div>\n\t\t\t\t\t<\/div>\n\t\t<\/div>\n\t\t\t\t<div class=\"elementor-column elementor-col-50 elementor-top-column elementor-element elementor-element-dd29289 elementor-hidden-desktop elementor-hidden-tablet elementor-hidden-phone\" data-id=\"dd29289\" data-element_type=\"column\" data-e-type=\"column\">\n\t\t\t<div class=\"elementor-widget-wrap\">\n\t\t\t\t\t\t\t<\/div>\n\t\t<\/div>\n\t\t\t\t\t<\/div>\n\t\t<\/section>\n\t\t\t\t<section class=\"elementor-section elementor-top-section elementor-element elementor-element-8bfc6ef elementor-section-boxed elementor-section-height-default elementor-section-height-default\" data-id=\"8bfc6ef\" data-element_type=\"section\" data-e-type=\"section\">\n\t\t\t\t\t\t<div class=\"elementor-container elementor-column-gap-default\">\n\t\t\t\t\t<div class=\"elementor-column elementor-col-100 elementor-top-column elementor-element elementor-element-8d3ebf8\" data-id=\"8d3ebf8\" data-element_type=\"column\" data-e-type=\"column\">\n\t\t\t<div class=\"elementor-widget-wrap elementor-element-populated\">\n\t\t\t\t\t\t<div class=\"elementor-element elementor-element-82fef03 elementor-widget elementor-widget-text-editor\" data-id=\"82fef03\" data-element_type=\"widget\" data-e-type=\"widget\" data-widget_type=\"text-editor.default\">\n\t\t\t\t<div class=\"elementor-widget-container\">\n\t\t\t\t\t\t\t\t\t<ul>\n<li><a href=\"\/wp-content\/uploads\/2026\/03\/RISE-Plan-invatamant-2023-2024.pdf\"><strong>Plan\u00a0<span><span>Education 2023-2024 Study Program International Relations and European Studies Full-time Day Year I<\/span><\/span><\/strong><\/a><\/li>\n<li><a href=\"\/wp-content\/uploads\/2026\/03\/RISE-Plan-invatamant-2023-2024.pdf\"><strong><span><span>Curriculum 2023-2024 Study Program International Relations and European Studies Full-time study Year II<\/span><\/span><\/strong><\/a><\/li>\n<li><a href=\"\/wp-content\/uploads\/2026\/03\/RISE-Plan-invatamant-2023-2024.pdf\"><strong>Plan\u00a0<span><span>Education 2023-2024 Study Program International Relations and European Studies full-time, third year<\/span><\/span><\/strong><\/a><\/li>\n<\/ul>\n<p>&nbsp;<\/p>\n<ul>\n<li><a href=\"\/wp-content\/uploads\/2026\/03\/RICS-plan-invatamant-2023-2024.pdf\"><strong>Plan\u00a0<span><span>2023-2024 Academic Year Master's Program \u2013 International Relations and Strategic Cooperation form of\u00a0<span><span>education\u00a0<\/span><\/span>First year<\/span><\/span><\/strong><\/a><\/li>\n<li><a href=\"\/wp-content\/uploads\/2026\/03\/RICS-plan-invatamant-2023-2024.pdf\"><strong>Plan\u00a0<span><span>Education 2023-2024 Master's Degree Program \u2013 International Relations and Strategic Cooperation Full-time, Second Year<\/span><\/span><\/strong><\/a><\/li>\n<\/ul>\n<p>&nbsp;<\/p>\n<ul>\n<li><a href=\"\/wp-content\/uploads\/2026\/03\/CRP-Plan-invatamant-2023-2024.pdf\"><strong>Curriculum 2023-2024 \u2013 Communication and Public Relations Study Program, full-time\u00a0<span><span>First year day studies<\/span><\/span><\/strong><\/a><\/li>\n<li><a href=\"\/wp-content\/uploads\/2026\/03\/CRP-Plan-invatamant-2023-2024.pdf\"><strong>Curriculum 2023-2024 \u2013 Communication and Public Relations Study Program, full-time\u00a0<span><span>Daytime studies, second year<\/span><\/span><\/strong><\/a><\/li>\n<li><a href=\"\/wp-content\/uploads\/2026\/03\/CRP-Plan-invatamant-2023-2024.pdf\"><strong>Curriculum 2023-2024 \u2013 Communication and Public Relations Study Program, full-time\u00a0<span><span>Daytime studies, third year<\/span><\/span><\/strong><\/a><\/li>\n<li><strong><a href=\"\/wp-content\/uploads\/2026\/03\/CRP-Plan-invatamant-2023-2026-1.pdf\">Promotion Plan 2023-2026, Communication and Public Relations Specialization<\/a><\/strong><\/li>\n<li><a href=\"\/wp-content\/uploads\/2026\/03\/CRP-Plan-invatamant-2022-2025.pdf\"><strong>The Promotion Plan 2022-2025, Specialization Communication and Public Relations<\/strong><\/a><\/li>\n<li><a href=\"\/wp-content\/uploads\/2026\/03\/CRP-Plan-invatamant-2021-2024.pdf\"><strong>Promotion Plan 2021-2024, Communication and Public Relations Specialization<\/strong><\/a><\/li>\n<\/ul>\n<p>&nbsp;<\/p>\n<p><strong>Graduates of this program can pursue the following professions:<\/strong><\/p>\n<table>\n<tbody>\n<tr>\n<td><b>Name<\/b><b>\u00a0<\/b><b>occupation<\/b><\/td>\n<td><b>Cod<\/b><b>\u00a0<\/b><b>HEART<\/b><\/td>\n<\/tr>\n<tr>\n<td>Public Relations Specialists<\/td>\n<td>COD Occupation 243201<\/td>\n<\/tr>\n<tr>\n<td>Spokesperson<\/td>\n<td>Occupation Code 243206<\/td>\n<\/tr>\n<tr>\n<td>Protocol Organizer<\/td>\n<td>COD Occupation 243208<\/td>\n<\/tr>\n<tr>\n<td>Campaign manager<\/td>\n<td>Occupational Code 24322<\/td>\n<\/tr>\n<\/tbody>\n<\/table>\n<p>&nbsp;<\/p>\n<p>&nbsp;<\/p>\n<ul>\n<li><a href=\"\/wp-content\/uploads\/2026\/03\/CIMO-plan-invatamant-2023-2024.pdf\"><strong>Plan\u00a0<span><span>Education 2023-2024\u00a0<span><span>Program<\/span><span>\u00a0Master of\u00a0<\/span><span>studies\u00a0<\/span>\u00a0C<span>communicate<\/span>\u00a0I<span>institutional<\/span>\u00a0<span>and<\/span><span>\u00a0Management O<\/span><span>Organizational<\/span><\/span><span>\u00a0shape of\u00a0<\/span><\/span><\/span><\/strong><strong><span><span><span><span><span>First year day studies<\/span><\/span><\/span><\/span><\/span><\/strong><\/a><\/li>\n<li><a href=\"\/wp-content\/uploads\/2026\/03\/CIMO-plan-invatamant-2023-2024.pdf\"><strong>Plan\u00a0<span><span>Education 2023-2024\u00a0<span><span>Program<\/span><span>\u00a0Master of\u00a0<\/span><span>studies\u00a0<\/span>\u00a0C<span>communicate<\/span>\u00a0I<span>institutional<\/span>\u00a0<span>and<\/span><span>\u00a0Management O<\/span><span>Organizational<\/span><\/span><span>\u00a0shape of\u00a0<\/span><\/span><\/span><\/strong><strong><span><span><span><span><span>Daytime studies, second year<\/span><\/span><\/span><\/span><\/span><\/strong><\/a><\/li>\n<\/ul>\n<p>&nbsp;<\/p>\n<ul>\n<li><a href=\"\/wp-content\/uploads\/2026\/03\/PIPP-plan-invatamant-2023-2024.pdf\"><strong>Plan\u00a0<span><span>2023-2024 Academic Year Study Program\u00a0<span><span>Pedagogy<\/span>\u00a0<span>education<\/span>\u00a0<span>primary<\/span>\u00a0<span>and<\/span>\u00a0<span>preschool<\/span><\/span><span>\u00a0Full-time study, first year\u00a0<\/span><\/span><\/span><\/strong><\/a><\/li>\n<li><a href=\"\/wp-content\/uploads\/2026\/03\/PIPP-plan-invatamant-2023-2024.pdf\"><strong>Plan\u00a0<span><span>2023-2024 Academic Year Study Program\u00a0<span><span>Pedagogy<\/span>\u00a0<span>education<\/span>\u00a0<span>primary<\/span>\u00a0<span>and<\/span>\u00a0<span>preschool<\/span><\/span><span>\u00a0Full-time, second year<\/span><\/span><\/span><\/strong><\/a><\/li>\n<li><a href=\"\/wp-content\/uploads\/2026\/03\/PIPP-plan-invatamant-2023-2024.pdf\"><strong>Plan\u00a0<span><span>2023-2024 Academic Year Study Program\u00a0<span><span>Pedagogy<\/span>\u00a0<span>education<\/span>\u00a0<span>primary<\/span>\u00a0<span>and<\/span>\u00a0<span>preschool<\/span><\/span><span>\u00a0Full-time, third year<\/span><\/span><\/span><\/strong><\/a><\/li>\n<\/ul>\n<p>&nbsp;<\/p>\n<ul>\n<li><a href=\"\/wp-content\/uploads\/2026\/03\/DSPP-plan-invatamant-2022-2023.pdf\"><strong>Plan\u00a0<span><span>Education 2023 \u2013 2024 Postgraduate Program of Psychopedagogical Training for the certification of competencies for the Teaching Profession (Level I \u2013 initiation)<\/span><\/span><\/strong><\/a><\/li>\n<li><a href=\"\/wp-content\/uploads\/2026\/03\/DSPP-plan-invatamant-2022-2023.pdf\"><strong>Plan\u00a0<span><span>2023 \u2013 2024 Education Postgraduate Program of Psychopedagogical Training for the Certification of Competencies for the Teaching Profession (Level II \u2013 deepening)<\/span><\/span><\/strong><\/a><\/li>\n<\/ul>\n<p>&nbsp;<\/p>\n<ul>\n<li><a href=\"\/wp-content\/uploads\/2026\/03\/DSPP-plan-invatamant-2022-2023.pdf\"><strong>Plan\u00a0<span><span>Education 2023-2024 Department of Specialization with Psychopedagogical Profile Year I (Level I - Initiation)<\/span><\/span><\/strong><\/a><\/li>\n<li><a href=\"\/wp-content\/uploads\/2026\/03\/DSPP-plan-invatamant-2022-2023.pdf\"><strong>Plan\u00a0<span><span>Education 2023 \u2013 2024 Department of Specialization with Psychopedagogical Profile Year II (Level I - initiation)<\/span><\/span><\/strong><\/a><\/li>\n<li><a href=\"\/wp-content\/uploads\/2026\/03\/DSPP-plan-invatamant-2022-2023.pdf\"><strong>Plan\u00a0<span><span>Education 2023 \u2013 2024 Department of Specialization with Psychopedagogical Profile Year II (Level I - initiation)<\/span><\/span><\/strong><\/a><\/li>\n<\/ul>\n<ul>\n<li><a href=\"\/wp-content\/uploads\/2026\/03\/DSPP-plan-invatamant-2022-2023.pdf\"><strong>Plan\u00a0<span><span>2023-2024 Education - Department of Specialization with Psychopedagogical Profile - Year I<\/span><\/span>- (Level II deepening)<\/strong><\/a><\/li>\n<li><a href=\"\/wp-content\/uploads\/2026\/03\/DSPP-plan-invatamant-2022-2023.pdf\"><strong>Plan\u00a0<span><span>Education 2023 \u2013 2024 Department of Specialization with Psycho-pedagogical Profile, year II<\/span><\/span><\/strong>\u2013<strong>(Level II deepening)<\/strong><\/a><\/li>\n<\/ul>\n<p>&nbsp;<\/p>\n<ul>\n<li><a href=\"\/wp-content\/uploads\/2026\/03\/Postuniversitare-plan-invatamant-2023-2024.pdf\"><strong>Plan\u00a0<span><span>Education 2023\u20132024\u00a0\u00a0<\/span><\/span>Postgraduate Program for Continuing Professional Training and Development: Integration and Inclusion in the Education System of Children with Special Educational Needs\u00a0<\/strong><\/a><\/li>\n<li><strong><a href=\"\/wp-content\/uploads\/2026\/03\/Postuniversitare-plan-invatamant-2023-2024.pdf\">Plan\u00a0<span><span>Education 2023\u20132024\u00a0\u00a0<\/span><\/span>Postgraduate Program for Professional Training and Continuing Development: Childcare - A Dimension of Preschool Education\u00a0<\/a><\/strong><\/li>\n<\/ul>\n<p>&nbsp;<\/p>\n<ul>\n<li><a href=\"\/wp-content\/uploads\/2026\/03\/AP-Plan-invatamant-2023-2024.pdf\"><strong>2023-2024 Curriculum - Preparatory Romanian Language Program for Foreign Citizens<\/strong><\/a><\/li>\n<\/ul>\n<p>&nbsp;<\/p>\n<p>&nbsp;<\/p>\n<ul>\n<li><a href=\"\/wp-content\/uploads\/2026\/03\/RISE-Plan-invatamant-anul-I.pdf\"><strong>Plan\u00a0<span><span>Education 2022-2023 Study Program International Relations and European Studies Full-time Study Form Year I<\/span><\/span><\/strong><\/a><\/li>\n<li><a href=\"\/wp-content\/uploads\/2026\/03\/RISE-Plan-invatamant-anul-II.pdf\"><strong><span><span>Curriculum 2022-2023 Program of study International Relations and European Studies form of study day 2nd year<\/span><\/span><\/strong><\/a><\/li>\n<li><a href=\"\/wp-content\/uploads\/2026\/03\/RISE-Plan-invatamant-anul-III.pdf\"><strong>Plan\u00a0<span><span>Education 2022-2023 Study Program International Relations and European Studies Full-time study Day year III<\/span><\/span><\/strong><\/a><\/li>\n<li><a href=\"\/wp-content\/uploads\/2026\/03\/plan-rise.pdf\"><strong>Curriculum 2020-2021 International Relations and European Studies Program of Study<\/strong><\/a><\/li>\n<\/ul>\n<p>&nbsp;<\/p>\n<ul>\n<li><a href=\"\/wp-content\/uploads\/2026\/03\/RICS-plan-invatamant-anul-I.pdf\"><strong>Plan\u00a0<span><span>2022-2023 Academic Year Master's Degree Program - International Relations and Strategic Cooperation\u00a0<span><span>education\u00a0<\/span><\/span>First year<\/span><\/span><\/strong><\/a><\/li>\n<li><a href=\"\/wp-content\/uploads\/2026\/03\/RICS-plan-invatamant-anul-II.pdf\"><strong>Plan\u00a0<span><span>Education 2022-2023 Master's Degree Program \u2013 International Relations and Strategic Cooperation Full-time Program, Second Year<\/span><\/span><\/strong><\/a><\/li>\n<\/ul>\n<p>&nbsp;<\/p>\n<ul>\n<li><a href=\"\/wp-content\/uploads\/2026\/03\/CIMO-plan-invatamant-anul-I.pdf\"><strong>Plan\u00a0<span><span>2022-2023 education\u00a0<span><span>Program<\/span><span>\u00a0Master of\u00a0<\/span><span>studies\u00a0<\/span>\u00a0C<span>communicate<\/span>\u00a0I<span>institutional<\/span>\u00a0<span>and<\/span><span>\u00a0Management O<\/span><span>Organizational<\/span><\/span><span>\u00a0shape of\u00a0<\/span><\/span><\/span><\/strong><strong><span><span><span><span><span>First year day studies<\/span><\/span><\/span><\/span><\/span><\/strong><\/a><\/li>\n<li><a href=\"\/wp-content\/uploads\/2026\/03\/CIMO-plan-invatamant-anul-II.pdf\"><strong>Plan\u00a0<span><span>2022-2023 education\u00a0<span><span>Program<\/span><span>\u00a0Master of\u00a0<\/span><span>studies\u00a0<\/span>\u00a0C<span>communicate<\/span>\u00a0I<span>institutional<\/span>\u00a0<span>and<\/span><span>\u00a0Management O<\/span><span>Organizational<\/span><\/span><span>\u00a0shape of\u00a0<\/span><\/span><\/span><\/strong><strong><span><span><span><span><span>Daytime studies, second year<\/span><\/span><\/span><\/span><\/span><\/strong><\/a><\/li>\n<\/ul>\n<p>&nbsp;<\/p>\n<ul>\n<li><a href=\"\/wp-content\/uploads\/2026\/03\/CRP-Plan-invatamant-anul-I.pdf\"><strong>Curriculum 2022-2023 \u2013 Communication and Public Relations Study Program, full-time\u00a0<span><span>First year day studies<\/span><\/span><\/strong><\/a><\/li>\n<li><a href=\"\/wp-content\/uploads\/2026\/03\/CRP-Plan-invatamant-anul-II.pdf\"><strong>Curriculum 2022-2023 \u2013 Communication and Public Relations Study Program, full-time\u00a0<span><span>Daytime studies, second year<\/span><\/span><\/strong><\/a><\/li>\n<li><a href=\"\/wp-content\/uploads\/2026\/03\/CRP-Plan-invatamant-anul-III.pdf\"><strong>Curriculum 2022-2023 \u2013 Communication and Public Relations Study Program, full-time\u00a0<span><span>Daytime studies, third year<\/span><\/span><\/strong><\/a><\/li>\n<li><a href=\"\/wp-content\/uploads\/2026\/03\/plan-crp.pdf\"><strong>2020-2021 Curriculum \u2013 Communication and Public Relations Study Program<\/strong><\/a><\/li>\n<\/ul>\n<p>&nbsp;<\/p>\n<ul>\n<li><strong><a href=\"\/wp-content\/uploads\/2026\/03\/Comisie_calitate_FSSPU.pdf\">FSCRI Quality Commission<\/a><\/strong><\/li>\n<li><strong><a href=\"\/wp-content\/uploads\/2026\/03\/Comisie_etica_FSSPU.pdf\">FSCRI Ethics Committee<\/a><\/strong><\/li>\n<\/ul>\t\t\t\t\t\t\t\t<\/div>\n\t\t\t\t<\/div>\n\t\t\t\t\t<\/div>\n\t\t<\/div>\n\t\t\t\t\t<\/div>\n\t\t<\/section>\n\t\t\t\t<section class=\"elementor-section elementor-top-section elementor-element elementor-element-72bd5d5 elementor-section-boxed elementor-section-height-default elementor-section-height-default\" data-id=\"72bd5d5\" data-element_type=\"section\" data-e-type=\"section\">\n\t\t\t\t\t\t<div class=\"elementor-container elementor-column-gap-default\">\n\t\t\t\t\t<div class=\"elementor-column elementor-col-100 elementor-top-column elementor-element elementor-element-e6b57d8\" data-id=\"e6b57d8\" data-element_type=\"column\" data-e-type=\"column\">\n\t\t\t<div class=\"elementor-widget-wrap elementor-element-populated\">\n\t\t\t\t\t\t<div class=\"elementor-element elementor-element-00918d2 elementor-widget elementor-widget-spacer\" data-id=\"00918d2\" data-element_type=\"widget\" data-e-type=\"widget\" data-widget_type=\"spacer.default\">\n\t\t\t\t<div class=\"elementor-widget-container\">\n\t\t\t\t\t\t\t<div class=\"elementor-spacer\">\n\t\t\t<div class=\"elementor-spacer-inner\"><\/div>\n\t\t<\/div>\n\t\t\t\t\t\t<\/div>\n\t\t\t\t<\/div>\n\t\t\t\t\t<\/div>\n\t\t<\/div>\n\t\t\t\t\t<\/div>\n\t\t<\/section>\n\t\t\t\t<\/div>","protected":false},"excerpt":{"rendered":"<p>Planuri de \u00eenv\u0103\u021b\u0103m\u00e2nt Plan de\u00a0\u00eenv\u0103\u021b\u0103m\u00e2nt 2023-2024 Programul de studii Rela\u021bii Interna\u021bioale \u0219i Studii Europene form\u0103 de inv\u0103\u021b\u0103m\u00e2nt zi anul I Plan de \u00eenv\u0103\u021b\u0103m\u00e2nt 2023-2024 Programul de studii Rela\u021bii Interna\u021bioale \u0219i Studii Europene form\u0103 de inv\u0103\u021b\u0103m\u00e2nt zi anul II Plan de\u00a0\u00eenv\u0103\u021b\u0103m\u00e2nt 2023-2024 Programul de studii Rela\u021bii Interna\u021bioale \u0219i Studii Europene form\u0103 de inv\u0103\u021b\u0103m\u00e2nt zi anul III&#8230;<\/p>","protected":false},"author":1,"featured_media":0,"parent":24998,"menu_order":0,"comment_status":"closed","ping_status":"closed","template":"","meta":{"footnotes":""},"class_list":["post-35737","page","type-page","status-publish","hentry"],"_links":{"self":[{"href":"https:\/\/site.utm.ro\/en\/wp-json\/wp\/v2\/pages\/35737","targetHints":{"allow":["GET"]}}],"collection":[{"href":"https:\/\/site.utm.ro\/en\/wp-json\/wp\/v2\/pages"}],"about":[{"href":"https:\/\/site.utm.ro\/en\/wp-json\/wp\/v2\/types\/page"}],"author":[{"embeddable":true,"href":"https:\/\/site.utm.ro\/en\/wp-json\/wp\/v2\/users\/1"}],"replies":[{"embeddable":true,"href":"https:\/\/site.utm.ro\/en\/wp-json\/wp\/v2\/comments?post=35737"}],"version-history":[{"count":0,"href":"https:\/\/site.utm.ro\/en\/wp-json\/wp\/v2\/pages\/35737\/revisions"}],"up":[{"embeddable":true,"href":"https:\/\/site.utm.ro\/en\/wp-json\/wp\/v2\/pages\/24998"}],"wp:attachment":[{"href":"https:\/\/site.utm.ro\/en\/wp-json\/wp\/v2\/media?parent=35737"}],"curies":[{"name":"wp","href":"https:\/\/api.w.org\/{rel}","templated":true}]}}