{"id":35543,"date":"2026-03-13T13:05:25","date_gmt":"2026-03-13T13:05:25","guid":{"rendered":"https:\/\/site.utm.ro\/?page_id=35543"},"modified":"2026-03-13T13:05:34","modified_gmt":"2026-03-13T13:05:34","slug":"typed-master","status":"publish","type":"page","link":"https:\/\/site.utm.ro\/en\/facultatea-de-medicina-dentara\/tipizate-master\/","title":{"rendered":"Faculty of Dentistry - Master's Forms"},"content":{"rendered":"<div data-elementor-type=\"wp-page\" data-elementor-id=\"35543\" class=\"elementor elementor-35543\" data-elementor-post-type=\"page\">\n\t\t\t\t\t\t<section class=\"elementor-section elementor-top-section elementor-element elementor-element-efe7aad elementor-section-full_width elementor-section-height-default elementor-section-height-default\" data-id=\"efe7aad\" data-element_type=\"section\" data-e-type=\"section\">\n\t\t\t\t\t\t<div class=\"elementor-container elementor-column-gap-default\">\n\t\t\t\t\t<div class=\"elementor-column elementor-col-100 elementor-top-column elementor-element elementor-element-75376ff\" data-id=\"75376ff\" data-element_type=\"column\" data-e-type=\"column\">\n\t\t\t<div class=\"elementor-widget-wrap elementor-element-populated\">\n\t\t\t\t\t\t<div class=\"elementor-element elementor-element-855cb63 elementor-widget elementor-widget-template\" data-id=\"855cb63\" data-element_type=\"widget\" data-e-type=\"widget\" data-widget_type=\"template.default\">\n\t\t\t\t<div class=\"elementor-widget-container\">\n\t\t\t\t\t\t\t<div class=\"elementor-template\">\n\t\t\t\t\t<div data-elementor-type=\"section\" data-elementor-id=\"35173\" class=\"elementor elementor-35173\" data-elementor-post-type=\"elementor_library\">\n\t\t\t\t\t<section class=\"elementor-section elementor-top-section elementor-element elementor-element-30b361f4 elementor-section-full_width elementor-section-height-default elementor-section-height-default\" data-id=\"30b361f4\" data-element_type=\"section\" data-e-type=\"section\">\n\t\t\t\t\t\t<div class=\"elementor-container elementor-column-gap-default\">\n\t\t\t\t\t<div class=\"elementor-column elementor-col-100 elementor-top-column elementor-element elementor-element-170f6fff\" data-id=\"170f6fff\" data-element_type=\"column\" data-e-type=\"column\">\n\t\t\t<div class=\"elementor-widget-wrap elementor-element-populated\">\n\t\t\t\t\t\t<div class=\"elementor-element elementor-element-224e85d9 elementor--h-position-center elementor--v-position-middle elementor-pagination-position-inside elementor-widget elementor-widget-slides\" data-id=\"224e85d9\" data-element_type=\"widget\" data-e-type=\"widget\" data-settings=\"{&quot;navigation&quot;:&quot;dots&quot;,&quot;autoplay&quot;:&quot;yes&quot;,&quot;pause_on_hover&quot;:&quot;yes&quot;,&quot;pause_on_interaction&quot;:&quot;yes&quot;,&quot;autoplay_speed&quot;:5000,&quot;infinite&quot;:&quot;yes&quot;,&quot;transition&quot;:&quot;slide&quot;,&quot;transition_speed&quot;:500}\" data-widget_type=\"slides.default\">\n\t\t\t\t<div class=\"elementor-widget-container\">\n\t\t\t\t\t\t\t\t<div class=\"elementor-swiper\">\n\t\t\t\t<div class=\"elementor-slides-wrapper elementor-main-swiper swiper-container\" dir=\"ltr\" data-animation=\"fadeInUp\">\n\t\t\t\t\t<div class=\"swiper-wrapper elementor-slides\">\n\t\t\t\t\t\t\t\t\t\t\t\t<div class=\"elementor-repeater-item-301adab swiper-slide\"><div class=\"swiper-slide-bg\" role=\"img\"><\/div><div class=\"swiper-slide-inner\" ><div class=\"swiper-slide-contents\"><\/div><\/div><\/div>\t\t\t\t\t<\/div>\n\t\t\t\t\t\t\t\t\t<\/div>\n\t\t\t<\/div>\n\t\t\t\t\t\t\t<\/div>\n\t\t\t\t<\/div>\n\t\t\t\t\t<\/div>\n\t\t<\/div>\n\t\t\t\t\t<\/div>\n\t\t<\/section>\n\t\t\t\t<\/div>\n\t\t\t\t<\/div>\n\t\t\t\t\t\t<\/div>\n\t\t\t\t<\/div>\n\t\t\t\t\t<\/div>\n\t\t<\/div>\n\t\t\t\t\t<\/div>\n\t\t<\/section>\n\t\t\t\t<section class=\"elementor-section elementor-top-section elementor-element elementor-element-1ab01ae elementor-section-boxed elementor-section-height-default elementor-section-height-default\" data-id=\"1ab01ae\" data-element_type=\"section\" data-e-type=\"section\">\n\t\t\t\t\t\t<div class=\"elementor-container elementor-column-gap-no\">\n\t\t\t\t\t<div class=\"elementor-column elementor-col-50 elementor-top-column elementor-element elementor-element-5985d55 animated-fast elementor-invisible\" data-id=\"5985d55\" data-element_type=\"column\" data-e-type=\"column\" data-settings=\"{&quot;background_background&quot;:&quot;classic&quot;,&quot;animation&quot;:&quot;fadeIn&quot;,&quot;animation_tablet&quot;:&quot;none&quot;,&quot;animation_mobile&quot;:&quot;none&quot;,&quot;animation_delay&quot;:100}\">\n\t\t\t<div class=\"elementor-widget-wrap elementor-element-populated\">\n\t\t\t\t\t\t<div class=\"elementor-element elementor-element-fb33757 elementor-widget elementor-widget-heading\" data-id=\"fb33757\" data-element_type=\"widget\" data-e-type=\"widget\" data-widget_type=\"heading.default\">\n\t\t\t\t<div class=\"elementor-widget-container\">\n\t\t\t\t\t<h1 class=\"elementor-heading-title elementor-size-default\">Typed Master<\/h1>\t\t\t\t<\/div>\n\t\t\t\t<\/div>\n\t\t\t\t\t<\/div>\n\t\t<\/div>\n\t\t\t\t<div class=\"elementor-column elementor-col-50 elementor-top-column elementor-element elementor-element-68aec2e elementor-hidden-desktop elementor-hidden-tablet elementor-hidden-phone\" data-id=\"68aec2e\" data-element_type=\"column\" data-e-type=\"column\">\n\t\t\t<div class=\"elementor-widget-wrap\">\n\t\t\t\t\t\t\t<\/div>\n\t\t<\/div>\n\t\t\t\t\t<\/div>\n\t\t<\/section>\n\t\t\t\t<section class=\"elementor-section elementor-top-section elementor-element elementor-element-d684bf6 elementor-section-boxed elementor-section-height-default elementor-section-height-default\" data-id=\"d684bf6\" data-element_type=\"section\" data-e-type=\"section\">\n\t\t\t\t\t\t<div class=\"elementor-container elementor-column-gap-default\">\n\t\t\t\t\t<div class=\"elementor-column elementor-col-100 elementor-top-column elementor-element elementor-element-2cfc4a3\" data-id=\"2cfc4a3\" data-element_type=\"column\" data-e-type=\"column\">\n\t\t\t<div class=\"elementor-widget-wrap elementor-element-populated\">\n\t\t\t\t\t\t<div class=\"elementor-element elementor-element-a8a1862 elementor-widget elementor-widget-text-editor\" data-id=\"a8a1862\" data-element_type=\"widget\" data-e-type=\"widget\" data-widget_type=\"text-editor.default\">\n\t\t\t\t<div class=\"elementor-widget-container\">\n\t\t\t\t\t\t\t\t\t\n<div>\n<div>\n<div>\n<div>\n<h3><strong>Attention all students!\u00a0<\/strong><\/h3>\n&nbsp;\n\n<\/div>\n<div>\n<div>\n<div>\n<div>\n\nPlease find attached model applications for different requests to the Faculty of Dentistry. These requests will be sent signed and scanned to the faculty e-mail:\u00a0\u00a0<a href=\"mailto:medicina.generala@univ.utm.ro\">medicina.dentara@univ.utm.ro<\/a>\n\nYou will be contacted by e-mail after the settlement.\n\n&nbsp;\n\n<strong>Specialization DENTAL MEDICINE<\/strong>\n<ul>\n \t<li><a href=\"\/wp-content\/uploads\/2026\/03\/cerere-MD-diverse.pdf\"><strong>Miscellaneous request<\/strong><\/a><\/li>\n \t<li><a href=\"\/wp-content\/uploads\/2026\/03\/cerere-echivalare-2025-2026-ro.pdf\"><strong>Equivalence request<\/strong><\/a><\/li>\n \t<li><a href=\"\/wp-content\/uploads\/2026\/03\/cerere-MD-eliberare-documente.pdf\"><strong>Request documents release<\/strong><\/a><\/li>\n<\/ul>\n<strong>Specialization DENTAL TECHNIQUE<\/strong>\n\n<\/div>\n<\/div>\n<ul>\n \t<li><a href=\"\/wp-content\/uploads\/2026\/03\/cerere-TD-diverse.pdf\"><strong>Miscellaneous request<\/strong><\/a><\/li>\n \t<li><a href=\"\/wp-content\/uploads\/2026\/03\/cerere-echivalare-2025-2026-ro.pdf\"><strong>Equivalence request<\/strong><\/a><\/li>\n \t<li><a href=\"\/wp-content\/uploads\/2026\/03\/cerere-TD-eliberare-documente.pdf\"><strong>Request documents release<\/strong><\/a><\/li>\n<\/ul>\n<strong>MASTER<\/strong>\n<ul>\n \t<li><a href=\"\/wp-content\/uploads\/2026\/03\/cerere-MASTER-diverse.pdf\"><strong>Miscellaneous request<\/strong><\/a><\/li>\n \t<li><a href=\"\/wp-content\/uploads\/2026\/03\/cerere-MASTER-eliberare-documente.pdf\"><strong>Request documents release<\/strong><\/a><\/li>\n<\/ul>\n<\/div>\n<\/div>\n<\/div>\n<\/div>\n<\/div>\t\t\t\t\t\t\t\t<\/div>\n\t\t\t\t<\/div>\n\t\t\t\t\t<\/div>\n\t\t<\/div>\n\t\t\t\t\t<\/div>\n\t\t<\/section>\n\t\t\t\t<section class=\"elementor-section elementor-top-section elementor-element elementor-element-962aa08 elementor-section-boxed elementor-section-height-default elementor-section-height-default\" data-id=\"962aa08\" data-element_type=\"section\" data-e-type=\"section\">\n\t\t\t\t\t\t<div class=\"elementor-container elementor-column-gap-default\">\n\t\t\t\t\t<div class=\"elementor-column elementor-col-100 elementor-top-column elementor-element elementor-element-1cc797f\" data-id=\"1cc797f\" data-element_type=\"column\" data-e-type=\"column\">\n\t\t\t<div class=\"elementor-widget-wrap elementor-element-populated\">\n\t\t\t\t\t\t<div class=\"elementor-element elementor-element-c4c05e9 elementor-widget elementor-widget-spacer\" data-id=\"c4c05e9\" data-element_type=\"widget\" data-e-type=\"widget\" data-widget_type=\"spacer.default\">\n\t\t\t\t<div class=\"elementor-widget-container\">\n\t\t\t\t\t\t\t<div class=\"elementor-spacer\">\n\t\t\t<div class=\"elementor-spacer-inner\"><\/div>\n\t\t<\/div>\n\t\t\t\t\t\t<\/div>\n\t\t\t\t<\/div>\n\t\t\t\t\t<\/div>\n\t\t<\/div>\n\t\t\t\t\t<\/div>\n\t\t<\/section>\n\t\t\t\t<\/div>","protected":false},"excerpt":{"rendered":"<p>Tipizate Master \u00cen aten\u021bia tuturor studen\u021bilor!\u00a0 &nbsp; G\u0103si\u021bi ata\u0219at model de cereri pentru diferite solicit\u0103ri adresate Facult\u0103\u021bii de Medicin\u0103 Dentar\u0103. Aceste solicit\u0103ri vor fi transmise semnate \u0219i scanate pe e-mailul facult\u0103\u021bii:\u00a0\u00a0medicina.dentara@univ.utm.ro Dup\u0103 solu\u021bionare ve\u021bi fi contacta\u021bi prin e-mail. &nbsp; Specializarea MEDICIN\u0102 DENTAR\u0102 Cerere diverse Cerere echivalare Cerere eliberare documente Specializarea TEHNIC\u0102 DENTAR\u0102 Cerere diverse Cerere&#8230;<\/p>","protected":false},"author":1,"featured_media":0,"parent":24994,"menu_order":0,"comment_status":"closed","ping_status":"closed","template":"","meta":{"footnotes":""},"class_list":["post-35543","page","type-page","status-publish","hentry"],"_links":{"self":[{"href":"https:\/\/site.utm.ro\/en\/wp-json\/wp\/v2\/pages\/35543","targetHints":{"allow":["GET"]}}],"collection":[{"href":"https:\/\/site.utm.ro\/en\/wp-json\/wp\/v2\/pages"}],"about":[{"href":"https:\/\/site.utm.ro\/en\/wp-json\/wp\/v2\/types\/page"}],"author":[{"embeddable":true,"href":"https:\/\/site.utm.ro\/en\/wp-json\/wp\/v2\/users\/1"}],"replies":[{"embeddable":true,"href":"https:\/\/site.utm.ro\/en\/wp-json\/wp\/v2\/comments?post=35543"}],"version-history":[{"count":0,"href":"https:\/\/site.utm.ro\/en\/wp-json\/wp\/v2\/pages\/35543\/revisions"}],"up":[{"embeddable":true,"href":"https:\/\/site.utm.ro\/en\/wp-json\/wp\/v2\/pages\/24994"}],"wp:attachment":[{"href":"https:\/\/site.utm.ro\/en\/wp-json\/wp\/v2\/media?parent=35543"}],"curies":[{"name":"wp","href":"https:\/\/api.w.org\/{rel}","templated":true}]}}