{"id":35375,"date":"2026-03-13T11:53:55","date_gmt":"2026-03-13T11:53:55","guid":{"rendered":"https:\/\/site.utm.ro\/?page_id=35375"},"modified":"2026-03-13T12:00:37","modified_gmt":"2026-03-13T12:00:37","slug":"public-interest-documents","status":"publish","type":"page","link":"https:\/\/site.utm.ro\/en\/facultatea-de-medicina-dentara\/documente-de-interes-public\/","title":{"rendered":"Facultatea de Medicina Dentara &#8211; Documente de interes public"},"content":{"rendered":"<div data-elementor-type=\"wp-page\" data-elementor-id=\"35375\" class=\"elementor elementor-35375\" data-elementor-post-type=\"page\">\n\t\t\t\t\t\t<section class=\"elementor-section elementor-top-section elementor-element elementor-element-efe7aad elementor-section-full_width elementor-section-height-default elementor-section-height-default\" data-id=\"efe7aad\" data-element_type=\"section\" data-e-type=\"section\">\n\t\t\t\t\t\t<div class=\"elementor-container elementor-column-gap-default\">\n\t\t\t\t\t<div class=\"elementor-column elementor-col-100 elementor-top-column elementor-element elementor-element-75376ff\" data-id=\"75376ff\" data-element_type=\"column\" data-e-type=\"column\">\n\t\t\t<div class=\"elementor-widget-wrap elementor-element-populated\">\n\t\t\t\t\t\t<div class=\"elementor-element elementor-element-855cb63 elementor-widget elementor-widget-template\" data-id=\"855cb63\" data-element_type=\"widget\" data-e-type=\"widget\" data-widget_type=\"template.default\">\n\t\t\t\t<div class=\"elementor-widget-container\">\n\t\t\t\t\t\t\t<div class=\"elementor-template\">\n\t\t\t\t\t<div data-elementor-type=\"section\" data-elementor-id=\"35173\" class=\"elementor elementor-35173\" data-elementor-post-type=\"elementor_library\">\n\t\t\t\t\t<section class=\"elementor-section elementor-top-section elementor-element elementor-element-30b361f4 elementor-section-full_width elementor-section-height-default elementor-section-height-default\" data-id=\"30b361f4\" data-element_type=\"section\" data-e-type=\"section\">\n\t\t\t\t\t\t<div class=\"elementor-container elementor-column-gap-default\">\n\t\t\t\t\t<div class=\"elementor-column elementor-col-100 elementor-top-column elementor-element elementor-element-170f6fff\" data-id=\"170f6fff\" data-element_type=\"column\" data-e-type=\"column\">\n\t\t\t<div class=\"elementor-widget-wrap elementor-element-populated\">\n\t\t\t\t\t\t<div class=\"elementor-element elementor-element-224e85d9 elementor--h-position-center elementor--v-position-middle elementor-pagination-position-inside elementor-widget elementor-widget-slides\" data-id=\"224e85d9\" data-element_type=\"widget\" data-e-type=\"widget\" data-settings=\"{&quot;navigation&quot;:&quot;dots&quot;,&quot;autoplay&quot;:&quot;yes&quot;,&quot;pause_on_hover&quot;:&quot;yes&quot;,&quot;pause_on_interaction&quot;:&quot;yes&quot;,&quot;autoplay_speed&quot;:5000,&quot;infinite&quot;:&quot;yes&quot;,&quot;transition&quot;:&quot;slide&quot;,&quot;transition_speed&quot;:500}\" data-widget_type=\"slides.default\">\n\t\t\t\t<div class=\"elementor-widget-container\">\n\t\t\t\t\t\t\t\t<div class=\"elementor-swiper\">\n\t\t\t\t<div class=\"elementor-slides-wrapper elementor-main-swiper swiper-container\" dir=\"ltr\" data-animation=\"fadeInUp\">\n\t\t\t\t\t<div class=\"swiper-wrapper elementor-slides\">\n\t\t\t\t\t\t\t\t\t\t\t\t<div class=\"elementor-repeater-item-301adab swiper-slide\"><div class=\"swiper-slide-bg\" role=\"img\"><\/div><div class=\"swiper-slide-inner\" ><div class=\"swiper-slide-contents\"><\/div><\/div><\/div>\t\t\t\t\t<\/div>\n\t\t\t\t\t\t\t\t\t<\/div>\n\t\t\t<\/div>\n\t\t\t\t\t\t\t<\/div>\n\t\t\t\t<\/div>\n\t\t\t\t\t<\/div>\n\t\t<\/div>\n\t\t\t\t\t<\/div>\n\t\t<\/section>\n\t\t\t\t<\/div>\n\t\t\t\t<\/div>\n\t\t\t\t\t\t<\/div>\n\t\t\t\t<\/div>\n\t\t\t\t\t<\/div>\n\t\t<\/div>\n\t\t\t\t\t<\/div>\n\t\t<\/section>\n\t\t\t\t<section class=\"elementor-section elementor-top-section elementor-element elementor-element-1ab01ae elementor-section-boxed elementor-section-height-default elementor-section-height-default\" data-id=\"1ab01ae\" data-element_type=\"section\" data-e-type=\"section\">\n\t\t\t\t\t\t<div class=\"elementor-container elementor-column-gap-no\">\n\t\t\t\t\t<div class=\"elementor-column elementor-col-50 elementor-top-column elementor-element elementor-element-5985d55 animated-fast elementor-invisible\" data-id=\"5985d55\" data-element_type=\"column\" data-e-type=\"column\" data-settings=\"{&quot;background_background&quot;:&quot;classic&quot;,&quot;animation&quot;:&quot;fadeIn&quot;,&quot;animation_tablet&quot;:&quot;none&quot;,&quot;animation_mobile&quot;:&quot;none&quot;,&quot;animation_delay&quot;:100}\">\n\t\t\t<div class=\"elementor-widget-wrap elementor-element-populated\">\n\t\t\t\t\t\t<div class=\"elementor-element elementor-element-fb33757 elementor-widget elementor-widget-heading\" data-id=\"fb33757\" data-element_type=\"widget\" data-e-type=\"widget\" data-widget_type=\"heading.default\">\n\t\t\t\t<div class=\"elementor-widget-container\">\n\t\t\t\t\t<h1 class=\"elementor-heading-title elementor-size-default\">Study programs<\/h1>\t\t\t\t<\/div>\n\t\t\t\t<\/div>\n\t\t\t\t\t<\/div>\n\t\t<\/div>\n\t\t\t\t<div class=\"elementor-column elementor-col-50 elementor-top-column elementor-element elementor-element-68aec2e elementor-hidden-desktop elementor-hidden-tablet elementor-hidden-phone\" data-id=\"68aec2e\" data-element_type=\"column\" data-e-type=\"column\">\n\t\t\t<div class=\"elementor-widget-wrap\">\n\t\t\t\t\t\t\t<\/div>\n\t\t<\/div>\n\t\t\t\t\t<\/div>\n\t\t<\/section>\n\t\t\t\t<section class=\"elementor-section elementor-top-section elementor-element elementor-element-dc05ec2 elementor-section-boxed elementor-section-height-default elementor-section-height-default\" data-id=\"dc05ec2\" data-element_type=\"section\" data-e-type=\"section\" data-settings=\"{&quot;animation&quot;:&quot;none&quot;,&quot;animation_tablet&quot;:&quot;none&quot;,&quot;animation_mobile&quot;:&quot;none&quot;,&quot;animation_delay&quot;:300}\">\n\t\t\t\t\t\t<div class=\"elementor-container elementor-column-gap-no\">\n\t\t\t\t\t<div class=\"elementor-column elementor-col-100 elementor-top-column elementor-element elementor-element-c729c98\" data-id=\"c729c98\" data-element_type=\"column\" data-e-type=\"column\">\n\t\t\t<div class=\"elementor-widget-wrap elementor-element-populated\">\n\t\t\t\t\t\t<div class=\"elementor-element elementor-element-51539a9 vamtam-theme-table-styles elementor-widget elementor-widget-toggle\" data-id=\"51539a9\" data-element_type=\"widget\" data-e-type=\"widget\" data-widget_type=\"toggle.default\">\n\t\t\t\t<div class=\"elementor-widget-container\">\n\t\t\t\t\t\t\t<div class=\"elementor-toggle\">\n\t\t\t\t\t\t\t<div class=\"elementor-toggle-item\">\n\t\t\t\t\t<h3 id=\"elementor-tab-title-8521\" class=\"elementor-tab-title\" data-tab=\"1\" role=\"button\" aria-controls=\"elementor-tab-content-8521\" aria-expanded=\"false\">\n\t\t\t\t\t\t\t\t\t\t\t\t<span class=\"elementor-toggle-icon elementor-toggle-icon-right\" aria-hidden=\"true\">\n\t\t\t\t\t\t\t\t\t\t\t\t\t\t\t<span class=\"elementor-toggle-icon-closed\"><i class=\"vamtamtheme- vamtam-theme-arrow-down\"><\/i><\/span>\n\t\t\t\t\t\t\t\t<span class=\"elementor-toggle-icon-opened\"><i class=\"elementor-toggle-icon-opened vamtamtheme- vamtam-theme-arrow-up\"><\/i><\/span>\n\t\t\t\t\t\t\t\t\t\t\t\t\t<\/span>\n\t\t\t\t\t\t\t\t\t\t\t\t<a class=\"elementor-toggle-title\" tabindex=\"0\">Plan opera\u021bional al facult\u0103\u021bii<\/a>\n\t\t\t\t\t<\/h3>\n\n\t\t\t\t\t<div id=\"elementor-tab-content-8521\" class=\"elementor-tab-content elementor-clearfix\" data-tab=\"1\" role=\"region\" aria-labelledby=\"elementor-tab-title-8521\"><!-- horizontal file -->\n<embed src=\"https:\/\/site.utm.ro\/wp-content\/uploads\/2026\/03\/Planul-operational-al-FMD-2025-2026.pdf#navpanes=0\" type=\"application\/pdf\" width=\"100%\" height=\"950px\" \/>\n<\/div>\n\t\t\t\t<\/div>\n\t\t\t\t\t\t\t<div class=\"elementor-toggle-item\">\n\t\t\t\t\t<h3 id=\"elementor-tab-title-8522\" class=\"elementor-tab-title\" data-tab=\"2\" role=\"button\" aria-controls=\"elementor-tab-content-8522\" aria-expanded=\"false\">\n\t\t\t\t\t\t\t\t\t\t\t\t<span class=\"elementor-toggle-icon elementor-toggle-icon-right\" aria-hidden=\"true\">\n\t\t\t\t\t\t\t\t\t\t\t\t\t\t\t<span class=\"elementor-toggle-icon-closed\"><i class=\"vamtamtheme- vamtam-theme-arrow-down\"><\/i><\/span>\n\t\t\t\t\t\t\t\t<span class=\"elementor-toggle-icon-opened\"><i class=\"elementor-toggle-icon-opened vamtamtheme- vamtam-theme-arrow-up\"><\/i><\/span>\n\t\t\t\t\t\t\t\t\t\t\t\t\t<\/span>\n\t\t\t\t\t\t\t\t\t\t\t\t<a class=\"elementor-toggle-title\" tabindex=\"0\">Planuri strategice<\/a>\n\t\t\t\t\t<\/h3>\n\n\t\t\t\t\t<div id=\"elementor-tab-content-8522\" class=\"elementor-tab-content elementor-clearfix\" data-tab=\"2\" role=\"region\" aria-labelledby=\"elementor-tab-title-8522\"><div class=\"wpb_text_column wpb_content_element\">\n<div class=\"wpb_wrapper\">\n\n<strong><a href=\"https:\/\/site.utm.ro\/wp-content\/uploads\/2026\/03\/Planul-Strategic-al-Decanului-2024-2029.pdf\">Planul Strategic al Decanului 2024-2029<\/a><\/strong>\n\n<\/div>\n<\/div>\n<div class=\"wpb_text_column wpb_content_element\">\n<div class=\"wpb_wrapper\">\n\n<strong><a href=\"https:\/\/site.utm.ro\/wp-content\/uploads\/2026\/03\/Planul-strategic-al-FMD-2024-2029.pdf\">Planul strategic al FMD 2024-2029<\/a><\/strong>\n\n<\/div>\n<\/div><\/div>\n\t\t\t\t<\/div>\n\t\t\t\t\t\t\t<div class=\"elementor-toggle-item\">\n\t\t\t\t\t<h3 id=\"elementor-tab-title-8523\" class=\"elementor-tab-title\" data-tab=\"3\" role=\"button\" aria-controls=\"elementor-tab-content-8523\" aria-expanded=\"false\">\n\t\t\t\t\t\t\t\t\t\t\t\t<span class=\"elementor-toggle-icon elementor-toggle-icon-right\" aria-hidden=\"true\">\n\t\t\t\t\t\t\t\t\t\t\t\t\t\t\t<span class=\"elementor-toggle-icon-closed\"><i class=\"vamtamtheme- vamtam-theme-arrow-down\"><\/i><\/span>\n\t\t\t\t\t\t\t\t<span class=\"elementor-toggle-icon-opened\"><i class=\"elementor-toggle-icon-opened vamtamtheme- vamtam-theme-arrow-up\"><\/i><\/span>\n\t\t\t\t\t\t\t\t\t\t\t\t\t<\/span>\n\t\t\t\t\t\t\t\t\t\t\t\t<a class=\"elementor-toggle-title\" tabindex=\"0\">Discipline de studiu \u0219i planuri de \u00eenva\u021b\u0103m\u00e2nt <\/a>\n\t\t\t\t\t<\/h3>\n\n\t\t\t\t\t<div id=\"elementor-tab-content-8523\" class=\"elementor-tab-content elementor-clearfix\" data-tab=\"3\" role=\"region\" aria-labelledby=\"elementor-tab-title-8523\"><table border=\"1\" cellspacing=\"0\" cellpadding=\"10\" align=\"center\"><tbody><tr><td colspan=\"6\" width=\"623\"><strong>Fise de disciplina anii I-VI specializarea MD<\/strong><\/td><\/tr><tr><td width=\"104\"><strong><a href=\"\/wp-content\/uploads\/2026\/03\/Fise-disciplina-an-I-MD.pdf\">Year I<\/a><\/strong><\/td><td width=\"104\"><strong><a href=\"\/wp-content\/uploads\/2026\/03\/Fise-disciplina-an-II-MD.pdf\">Year II<\/a><\/strong><\/td><td width=\"104\"><strong><a href=\"\/wp-content\/uploads\/2026\/03\/Fise-disciplina-an-III-MD.pdf\">Year III<\/a><\/strong><\/td><td width=\"104\"><strong><a href=\"\/wp-content\/uploads\/2026\/03\/Fise-disciplina-an-IV-MD.pdf\">Year 4<\/a><\/strong><\/td><td width=\"104\"><strong><a href=\"\/wp-content\/uploads\/2026\/03\/Fise-disciplina-an-V-MD.pdf\">Anul V<\/a><\/strong><\/td><td width=\"104\"><strong><a href=\"\/wp-content\/uploads\/2026\/03\/Fise-disciplina-an-VI-MD.pdf\">Anul VI<\/a><\/strong><\/td><\/tr><\/tbody><\/table><p>\u00a0<\/p><p>\u00a0<\/p><table width=\"101%\"><tbody><tr><td colspan=\"3\" width=\"1247\"><strong>Fise de disciplina anii I-III specializarea TD<\/strong><\/td><\/tr><tr><td width=\"416\"><a href=\"\/wp-content\/uploads\/2026\/03\/Fise-de-disciplina-an-I-TD-2022-2023.pdf\"><strong>Year I<\/strong><\/a><\/td><td width=\"416\"><a href=\"\/wp-content\/uploads\/2026\/03\/Fise-de-disciplina-II-TD-2022-2023.pdf\"><strong>Year II<\/strong><\/a><\/td><td width=\"416\"><a href=\"\/wp-content\/uploads\/2026\/03\/Fise-de-disciplina-III-TD-2022-2023.pdf\"><strong>Year III<\/strong><\/a><\/td><\/tr><\/tbody><\/table><hr \/><p>\u00a0<\/p><ul><li><strong><a href=\"\/wp-content\/uploads\/2026\/03\/Plan-invatamant-MD-2025-2026.pdf\">PLAN DE INV\u0102\u021a\u0102M\u00c2NT MEDICIN\u0102 DENTAR\u0102 2025-2026<\/a><\/strong><\/li><li><a href=\"\/wp-content\/uploads\/2026\/03\/Plan-invatamant-TD-2025-2026.pdf\"><strong>PLAN DE INV\u0102\u021a\u0102M\u00c2NT TEHNIC\u0102 DENTAR\u0102 2025-2026<\/strong><\/a><\/li><\/ul><p>\u00a0<\/p><ul><li><a href=\"\/wp-content\/uploads\/2026\/03\/plan-invatamant-Medicina-Dentara-2024-2025.pdf\"><strong>PLAN DE INV\u0102\u021a\u0102M\u00c2NT MEDICIN\u0102 DENTAR\u0102 2024-2025<\/strong><\/a><\/li><li><a href=\"\/wp-content\/uploads\/2026\/03\/plan-invatamant-Tehnica-Dentara-2024-2025.pdf\"><strong>PLAN DE INV\u0102\u021a\u0102M\u00c2NT TEHNIC\u0102 DENTAR\u0102 2024-2025<\/strong><\/a><\/li><\/ul><\/div>\n\t\t\t\t<\/div>\n\t\t\t\t\t\t\t\t<\/div>\n\t\t\t\t\t\t<\/div>\n\t\t\t\t<\/div>\n\t\t\t\t\t<\/div>\n\t\t<\/div>\n\t\t\t\t\t<\/div>\n\t\t<\/section>\n\t\t\t\t<section class=\"elementor-section elementor-top-section elementor-element elementor-element-962aa08 elementor-section-boxed elementor-section-height-default elementor-section-height-default\" data-id=\"962aa08\" data-element_type=\"section\" data-e-type=\"section\">\n\t\t\t\t\t\t<div class=\"elementor-container elementor-column-gap-default\">\n\t\t\t\t\t<div class=\"elementor-column elementor-col-100 elementor-top-column elementor-element elementor-element-1cc797f\" data-id=\"1cc797f\" data-element_type=\"column\" data-e-type=\"column\">\n\t\t\t<div class=\"elementor-widget-wrap elementor-element-populated\">\n\t\t\t\t\t\t<div class=\"elementor-element elementor-element-c4c05e9 elementor-widget elementor-widget-spacer\" data-id=\"c4c05e9\" data-element_type=\"widget\" data-e-type=\"widget\" data-widget_type=\"spacer.default\">\n\t\t\t\t<div class=\"elementor-widget-container\">\n\t\t\t\t\t\t\t<div class=\"elementor-spacer\">\n\t\t\t<div class=\"elementor-spacer-inner\"><\/div>\n\t\t<\/div>\n\t\t\t\t\t\t<\/div>\n\t\t\t\t<\/div>\n\t\t\t\t\t<\/div>\n\t\t<\/div>\n\t\t\t\t\t<\/div>\n\t\t<\/section>\n\t\t\t\t<\/div>","protected":false},"excerpt":{"rendered":"<p>Programe de studii Plan opera\u021bional al facult\u0103\u021bii Planuri strategice Planul Strategic al Decanului 2024-2029 Planul strategic al FMD 2024-2029 Discipline de studiu \u0219i planuri de \u00eenva\u021b\u0103m\u00e2nt Fise de disciplina anii I-VI specializarea MD Anul I Anul II Anul III Anul IV Anul V Anul VI \u00a0 \u00a0 Fise de disciplina anii I-III specializarea TD Anul&#8230;<\/p>","protected":false},"author":1,"featured_media":0,"parent":24994,"menu_order":0,"comment_status":"closed","ping_status":"closed","template":"","meta":{"footnotes":""},"class_list":["post-35375","page","type-page","status-publish","hentry"],"_links":{"self":[{"href":"https:\/\/site.utm.ro\/en\/wp-json\/wp\/v2\/pages\/35375","targetHints":{"allow":["GET"]}}],"collection":[{"href":"https:\/\/site.utm.ro\/en\/wp-json\/wp\/v2\/pages"}],"about":[{"href":"https:\/\/site.utm.ro\/en\/wp-json\/wp\/v2\/types\/page"}],"author":[{"embeddable":true,"href":"https:\/\/site.utm.ro\/en\/wp-json\/wp\/v2\/users\/1"}],"replies":[{"embeddable":true,"href":"https:\/\/site.utm.ro\/en\/wp-json\/wp\/v2\/comments?post=35375"}],"version-history":[{"count":0,"href":"https:\/\/site.utm.ro\/en\/wp-json\/wp\/v2\/pages\/35375\/revisions"}],"up":[{"embeddable":true,"href":"https:\/\/site.utm.ro\/en\/wp-json\/wp\/v2\/pages\/24994"}],"wp:attachment":[{"href":"https:\/\/site.utm.ro\/en\/wp-json\/wp\/v2\/media?parent=35375"}],"curies":[{"name":"wp","href":"https:\/\/api.w.org\/{rel}","templated":true}]}}