{"id":35221,"date":"2026-03-13T11:27:09","date_gmt":"2026-03-13T11:27:09","guid":{"rendered":"https:\/\/site.utm.ro\/?page_id=35221"},"modified":"2026-03-13T11:27:31","modified_gmt":"2026-03-13T11:27:31","slug":"teaching-staff","status":"publish","type":"page","link":"https:\/\/site.utm.ro\/en\/facultatea-de-medicina-dentara\/cadre-didactice\/","title":{"rendered":"Facultatea de Medicina Dentara &#8211; Cadre didactice"},"content":{"rendered":"<div data-elementor-type=\"wp-page\" data-elementor-id=\"35221\" class=\"elementor elementor-35221\" data-elementor-post-type=\"page\">\n\t\t\t\t\t\t<section class=\"elementor-section elementor-top-section elementor-element elementor-element-efe7aad elementor-section-full_width elementor-section-height-default elementor-section-height-default\" data-id=\"efe7aad\" data-element_type=\"section\" data-e-type=\"section\">\n\t\t\t\t\t\t<div class=\"elementor-container elementor-column-gap-default\">\n\t\t\t\t\t<div class=\"elementor-column elementor-col-100 elementor-top-column elementor-element elementor-element-75376ff\" data-id=\"75376ff\" data-element_type=\"column\" data-e-type=\"column\">\n\t\t\t<div class=\"elementor-widget-wrap elementor-element-populated\">\n\t\t\t\t\t\t<div class=\"elementor-element elementor-element-855cb63 elementor-widget elementor-widget-template\" data-id=\"855cb63\" data-element_type=\"widget\" data-e-type=\"widget\" data-widget_type=\"template.default\">\n\t\t\t\t<div class=\"elementor-widget-container\">\n\t\t\t\t\t\t\t<div class=\"elementor-template\">\n\t\t\t\t\t<div data-elementor-type=\"section\" data-elementor-id=\"35173\" class=\"elementor elementor-35173\" data-elementor-post-type=\"elementor_library\">\n\t\t\t\t\t<section class=\"elementor-section elementor-top-section elementor-element elementor-element-30b361f4 elementor-section-full_width elementor-section-height-default elementor-section-height-default\" data-id=\"30b361f4\" data-element_type=\"section\" data-e-type=\"section\">\n\t\t\t\t\t\t<div class=\"elementor-container elementor-column-gap-default\">\n\t\t\t\t\t<div class=\"elementor-column elementor-col-100 elementor-top-column elementor-element elementor-element-170f6fff\" data-id=\"170f6fff\" data-element_type=\"column\" data-e-type=\"column\">\n\t\t\t<div class=\"elementor-widget-wrap elementor-element-populated\">\n\t\t\t\t\t\t<div class=\"elementor-element elementor-element-224e85d9 elementor--h-position-center elementor--v-position-middle elementor-pagination-position-inside elementor-widget elementor-widget-slides\" data-id=\"224e85d9\" data-element_type=\"widget\" data-e-type=\"widget\" data-settings=\"{&quot;navigation&quot;:&quot;dots&quot;,&quot;autoplay&quot;:&quot;yes&quot;,&quot;pause_on_hover&quot;:&quot;yes&quot;,&quot;pause_on_interaction&quot;:&quot;yes&quot;,&quot;autoplay_speed&quot;:5000,&quot;infinite&quot;:&quot;yes&quot;,&quot;transition&quot;:&quot;slide&quot;,&quot;transition_speed&quot;:500}\" data-widget_type=\"slides.default\">\n\t\t\t\t<div class=\"elementor-widget-container\">\n\t\t\t\t\t\t\t\t<div class=\"elementor-swiper\">\n\t\t\t\t<div class=\"elementor-slides-wrapper elementor-main-swiper swiper-container\" dir=\"ltr\" data-animation=\"fadeInUp\">\n\t\t\t\t\t<div class=\"swiper-wrapper elementor-slides\">\n\t\t\t\t\t\t\t\t\t\t\t\t<div class=\"elementor-repeater-item-301adab swiper-slide\"><div class=\"swiper-slide-bg\" role=\"img\"><\/div><div class=\"swiper-slide-inner\" ><div class=\"swiper-slide-contents\"><\/div><\/div><\/div>\t\t\t\t\t<\/div>\n\t\t\t\t\t\t\t\t\t<\/div>\n\t\t\t<\/div>\n\t\t\t\t\t\t\t<\/div>\n\t\t\t\t<\/div>\n\t\t\t\t\t<\/div>\n\t\t<\/div>\n\t\t\t\t\t<\/div>\n\t\t<\/section>\n\t\t\t\t<\/div>\n\t\t\t\t<\/div>\n\t\t\t\t\t\t<\/div>\n\t\t\t\t<\/div>\n\t\t\t\t\t<\/div>\n\t\t<\/div>\n\t\t\t\t\t<\/div>\n\t\t<\/section>\n\t\t\t\t<section class=\"elementor-section elementor-top-section elementor-element elementor-element-1ab01ae elementor-section-boxed elementor-section-height-default elementor-section-height-default\" data-id=\"1ab01ae\" data-element_type=\"section\" data-e-type=\"section\">\n\t\t\t\t\t\t<div class=\"elementor-container elementor-column-gap-no\">\n\t\t\t\t\t<div class=\"elementor-column elementor-col-50 elementor-top-column elementor-element elementor-element-5985d55 animated-fast elementor-invisible\" data-id=\"5985d55\" data-element_type=\"column\" data-e-type=\"column\" data-settings=\"{&quot;background_background&quot;:&quot;classic&quot;,&quot;animation&quot;:&quot;fadeIn&quot;,&quot;animation_tablet&quot;:&quot;none&quot;,&quot;animation_mobile&quot;:&quot;none&quot;,&quot;animation_delay&quot;:100}\">\n\t\t\t<div class=\"elementor-widget-wrap elementor-element-populated\">\n\t\t\t\t\t\t<div class=\"elementor-element elementor-element-fb33757 elementor-widget elementor-widget-heading\" data-id=\"fb33757\" data-element_type=\"widget\" data-e-type=\"widget\" data-widget_type=\"heading.default\">\n\t\t\t\t<div class=\"elementor-widget-container\">\n\t\t\t\t\t<h1 class=\"elementor-heading-title elementor-size-default\">Teachers<\/h1>\t\t\t\t<\/div>\n\t\t\t\t<\/div>\n\t\t\t\t\t<\/div>\n\t\t<\/div>\n\t\t\t\t<div class=\"elementor-column elementor-col-50 elementor-top-column elementor-element elementor-element-68aec2e elementor-hidden-desktop elementor-hidden-tablet elementor-hidden-phone\" data-id=\"68aec2e\" data-element_type=\"column\" data-e-type=\"column\">\n\t\t\t<div class=\"elementor-widget-wrap\">\n\t\t\t\t\t\t\t<\/div>\n\t\t<\/div>\n\t\t\t\t\t<\/div>\n\t\t<\/section>\n\t\t\t\t<section class=\"elementor-section elementor-top-section elementor-element elementor-element-d684bf6 elementor-section-boxed elementor-section-height-default elementor-section-height-default\" data-id=\"d684bf6\" data-element_type=\"section\" data-e-type=\"section\">\n\t\t\t\t\t\t<div class=\"elementor-container elementor-column-gap-default\">\n\t\t\t\t\t<div class=\"elementor-column elementor-col-100 elementor-top-column elementor-element elementor-element-2cfc4a3\" data-id=\"2cfc4a3\" data-element_type=\"column\" data-e-type=\"column\">\n\t\t\t<div class=\"elementor-widget-wrap elementor-element-populated\">\n\t\t\t\t\t\t<div class=\"elementor-element elementor-element-a8a1862 elementor-widget elementor-widget-text-editor\" data-id=\"a8a1862\" data-element_type=\"widget\" data-e-type=\"widget\" data-widget_type=\"text-editor.default\">\n\t\t\t\t<div class=\"elementor-widget-container\">\n\t\t\t\t\t\t\t\t\t<p><strong>DEPARTAMENTUL DISCIPLINELOR DE SPECIALITATE MEDICIN\u0102 DENTAR\u0102<\/strong><\/p><p>Director de departament:<br \/>Prof.univ.dr. Habil Raluca Monica Com\u0103neanu<br \/>Membrii Consiliului Departamentului:<br \/>Prof.univ.dr. Habil Raluca Monica Com\u0103neanu<br \/>Conf.univ.dr. Anca Iuliana Popescu<br \/>Conf.univ.dr. Violeta Hancu<br \/>CADRE DIDACTICE TITULARE<br \/>1. Prof. Univ. Dr. Horia Mihail Barbu<br \/>2. Prof. Univ. Dr. Habil. Anamaria Bechir<br \/>3. Prof. Univ. Dr. Habil. Ana C\u0103runtu<br \/>4. Prof. Univ. Dr. Habil. Raluca \u2013 Monica Com\u0103neanu<br \/>5. Prof. Univ. Dr. Mihaela R\u0103escu<br \/>6. Conf. Univ. Dr. Andreea Mariana B\u0103n\u0103\u0163eanu<br \/>7. Conf. Univ. Dr. Florina Claudia Bogdan-Andreescu<br \/>8. Conf. Univ. Dr. Oana Botoac\u0103<br \/>9. Conf. Univ. Dr. Alexandru Burcea<br \/>10. Conf. Univ. Dr. Cristian Niky Cump\u0103t\u0103<br \/>11. Conf. Univ. Dr. Anamaria Florescu<br \/>12. Conf. Univ. Dr. Cherana Gioga<br \/>13. Conf. Univ. Dr. Violeta Hancu<br \/>14. Conf. Univ. Dr. Marius Mari\u015f<br \/>15. Conf. Univ. Dr. Lauren\u0163a Lelia Mihai<br \/>16. Conf. Univ. Dr. Liliana Moraru<br \/>17. Conf. Univ. Dr. Anna Maria Pangic\u0103<br \/>18. Conf. Univ. Dr. Dan Nicolae P\u0103troi<br \/>19. Conf. Univ. Dr. Anca Iuliana Popescu<br \/>20. Conf. Univ. Dr. Ruxandra Nicolette Voinea-Georgescu<br \/>21. \u0218ef lucr\u0103ri Dr. Cristiana Antipa<br \/>22. \u015eef lucr\u0103ri Dr. Cristina Chelu<br \/>23. \u015eef lucr\u0103ri Dr. Dana Cosac<br \/>24. \u015eef lucr\u0103ri Dr. Andreea Oana Cristescu-Ro\u015fu<br \/>25. \u015eef lucr\u0103ri Dr. Delia Elena Daragiu<br \/>26. \u015eef lucr\u0103ri Dr. Anca Monica Dobrescu<br \/>27. \u015eef lucr\u0103ri Dr. Oana Laura Hristache<br \/>28. \u015eef lucr\u0103ri Dr. Tudor Petru Ionescu<br \/>29. \u0218ef lucr\u0103ri Dr. Andreea Dona Iordan-Dumitru<br \/>30. \u015eef lucr\u0103ri Dr. \u015etefan Manea<br \/>31. \u015eef lucr\u0103ri Dr. Vivyiana Paraschiv<br \/>32. \u015eef lucr\u0103ri Dr. Eugenia Diana R\u0103dulescu<br \/>33. \u015eef lucr\u0103ri Dr. Alexandru Sitaru<br \/>34. \u015eef lucr\u0103ri Dr. Silviu C\u0103t\u0103lin St\u0103nescu<br \/>35. \u015eef lucr\u0103ri Dr. Andreea Dana Tudose<br \/>36. Asist. Univ. Dr. Ana-Maria Buruian\u0103<br \/>37. Asist. Univ. Dr. \u0218tefan George C\u0103linoiu<br \/>38. Asist. Univ. Dr. Manuela Victoria Chivu<br \/>39. Asist. Univ. Dr. Costin Coman<br \/>40. Asist. Univ. Dr. \u0218tefania Andrada Iancu<br \/>41. Asist. Univ. Dr. Ioana M\u0103d\u0103lina Lescai<br \/>42. Asist. Univ. Dr. Teodora Mihali<br \/>43. Asist. Univ. Dr. Simina Neagoe<br \/>44. Asist. Univ. Dr. Otilia-Daniela Pascu<br \/>45. Asist. Univ. Dr. Alexandru Daniel Referendaru<br \/>46. Asist. Univ. Dr. Stoian-Albulescu Mirel<br \/>47. Asist. Univ. Dr. Alexandru-\u0218tefan Zalana<br \/>48. Asist. Univ. Drd. Dorin Alexe<br \/>49. Asist. Univ. Drd. Mi\u0219u Marian B\u0103b\u0103\u021b<br \/>50. Asist. Univ. Drd. Alexandra Elena Biculescu<br \/>51. Asist. Univ. Drd. Ioana Ana Maria Ciorniciuc<br \/>52. Asist. Univ. Drd. Mona Dardouk El Hayek<br \/>53. Asist. Univ. Drd. Paolo Di Francesco<br \/>54. Asist. Univ. Drd. Lucia Alexandra Dr\u0103ghici<br \/>55. Asist. Univ. Drd. C\u0103t\u0103lin Constantin Dumitru<br \/>56. Asist. Univ. Drd. Mihaela Mari\u015f<br \/>57. Asist. Univ. Drd. Ana Maria Gianina Rehner<br \/>58. Asist. Univ. Drd. Hristo Rusev<br \/>59. Asist. Univ. Drd. Vlad Ionu\u021b \u0218erb\u0103nic\u0103<\/p><p><strong>CADRE DIDACTICE ASOCIATE<\/strong><\/p><p>1. Prof. Univ. Emerit Dr. Cornelia B\u00eecle\u0219anu<br \/>2. Prof. Univ. Emerit Dr. Doina Lucia Ghergic<br \/>3. Prof. Univ. Emerit Dr. Ing. Habil. Mihail T\u00e2rcolea<br \/>4. \u0218ef lucr\u0103ri Dr. Elena David<br \/>5. Drd. Omar-Andrei Al Aloul<br \/>6. Drd. Denisa Alexandra Al-Share<br \/>7. Drd. Bianca Alexandra Apreotesei<br \/>8. Drd. Arina Balagiu-Moga<br \/>9. Drd. R\u0103zvan B\u0103rbulescu<br \/>10. Drd. \u0218tefan Eugen Chirsanov-Capanu<br \/>11. Drd. Roxana Mariana Ciobanu<br \/>12. Drd. Maria Claudia Craiciu<br \/>13. Drd. M\u0103d\u0103lina Dragomirescu<br \/>14. Drd. Angela Georgiana Diaconu<br \/>15. Drd. Adrian Gab\u0103r\u0103<br \/>16. Drd. Mihai Gheorghe<br \/>17. Drd. Mihai Ioan<br \/>18. Dr. Maria Ionil\u0103<br \/>19. Dr. Oana Lupu<br \/>20. Dr. Corina Andreea Marcu<br \/>21. Dr. Georgina Cristina Marin<br \/>22. Dr. Ana Marinescu<br \/>23. Dr. Teodora M\u0103nescu<br \/>24. Drd. George Murineanu<br \/>25. Dr. Alexandru Nanu<br \/>26. Drd. Dorin Nenovici<br \/>27. Drd. Teodora Maria Pangic\u0103<br \/>28. Drd. Andreea Sorina Petri\u0219<br \/>29. Dr. Mihaela R\u0103duca<br \/>30. Drd. Cristina Ro\u0219ca<br \/>31. Drd. Georgiana Roxana St\u0103nciulescu<\/p>\t\t\t\t\t\t\t\t<\/div>\n\t\t\t\t<\/div>\n\t\t\t\t\t<\/div>\n\t\t<\/div>\n\t\t\t\t\t<\/div>\n\t\t<\/section>\n\t\t\t\t<section class=\"elementor-section elementor-top-section elementor-element elementor-element-962aa08 elementor-section-boxed elementor-section-height-default elementor-section-height-default\" data-id=\"962aa08\" data-element_type=\"section\" data-e-type=\"section\">\n\t\t\t\t\t\t<div class=\"elementor-container elementor-column-gap-default\">\n\t\t\t\t\t<div class=\"elementor-column elementor-col-100 elementor-top-column elementor-element elementor-element-1cc797f\" data-id=\"1cc797f\" data-element_type=\"column\" data-e-type=\"column\">\n\t\t\t<div class=\"elementor-widget-wrap elementor-element-populated\">\n\t\t\t\t\t\t<div class=\"elementor-element elementor-element-c4c05e9 elementor-widget elementor-widget-spacer\" data-id=\"c4c05e9\" data-element_type=\"widget\" data-e-type=\"widget\" data-widget_type=\"spacer.default\">\n\t\t\t\t<div class=\"elementor-widget-container\">\n\t\t\t\t\t\t\t<div class=\"elementor-spacer\">\n\t\t\t<div class=\"elementor-spacer-inner\"><\/div>\n\t\t<\/div>\n\t\t\t\t\t\t<\/div>\n\t\t\t\t<\/div>\n\t\t\t\t\t<\/div>\n\t\t<\/div>\n\t\t\t\t\t<\/div>\n\t\t<\/section>\n\t\t\t\t<\/div>","protected":false},"excerpt":{"rendered":"<p>Cadre didactice DEPARTAMENTUL DISCIPLINELOR DE SPECIALITATE MEDICIN\u0102 DENTAR\u0102 Director de departament:Prof.univ.dr. Habil Raluca Monica Com\u0103neanuMembrii Consiliului Departamentului:Prof.univ.dr. Habil Raluca Monica Com\u0103neanuConf.univ.dr. Anca Iuliana PopescuConf.univ.dr. Violeta HancuCADRE DIDACTICE TITULARE1. Prof. Univ. Dr. Horia Mihail Barbu2. Prof. Univ. Dr. Habil. Anamaria Bechir3. Prof. Univ. Dr. Habil. Ana C\u0103runtu4. Prof. Univ. Dr. Habil. Raluca \u2013 Monica Com\u0103neanu5. Prof&#8230;.<\/p>","protected":false},"author":1,"featured_media":0,"parent":24994,"menu_order":0,"comment_status":"closed","ping_status":"closed","template":"","meta":{"footnotes":""},"class_list":["post-35221","page","type-page","status-publish","hentry"],"_links":{"self":[{"href":"https:\/\/site.utm.ro\/en\/wp-json\/wp\/v2\/pages\/35221","targetHints":{"allow":["GET"]}}],"collection":[{"href":"https:\/\/site.utm.ro\/en\/wp-json\/wp\/v2\/pages"}],"about":[{"href":"https:\/\/site.utm.ro\/en\/wp-json\/wp\/v2\/types\/page"}],"author":[{"embeddable":true,"href":"https:\/\/site.utm.ro\/en\/wp-json\/wp\/v2\/users\/1"}],"replies":[{"embeddable":true,"href":"https:\/\/site.utm.ro\/en\/wp-json\/wp\/v2\/comments?post=35221"}],"version-history":[{"count":0,"href":"https:\/\/site.utm.ro\/en\/wp-json\/wp\/v2\/pages\/35221\/revisions"}],"up":[{"embeddable":true,"href":"https:\/\/site.utm.ro\/en\/wp-json\/wp\/v2\/pages\/24994"}],"wp:attachment":[{"href":"https:\/\/site.utm.ro\/en\/wp-json\/wp\/v2\/media?parent=35221"}],"curies":[{"name":"wp","href":"https:\/\/api.w.org\/{rel}","templated":true}]}}