{"id":34845,"date":"2026-03-12T15:57:26","date_gmt":"2026-03-12T15:57:26","guid":{"rendered":"https:\/\/site.utm.ro\/?page_id=34845"},"modified":"2026-03-12T16:08:43","modified_gmt":"2026-03-12T16:08:43","slug":"public-interest-documents","status":"publish","type":"page","link":"https:\/\/site.utm.ro\/en\/facultatea-de-medicina\/documente-de-interes-public\/","title":{"rendered":"Facultatea de Medicina &#8211; Documente de interes public"},"content":{"rendered":"<div data-elementor-type=\"wp-page\" data-elementor-id=\"34845\" class=\"elementor elementor-34845\" data-elementor-post-type=\"page\">\n\t\t\t\t\t\t<section class=\"elementor-section elementor-top-section elementor-element elementor-element-573b84f elementor-section-full_width elementor-section-height-default elementor-section-height-default\" data-id=\"573b84f\" data-element_type=\"section\" data-e-type=\"section\">\n\t\t\t\t\t\t<div class=\"elementor-container elementor-column-gap-default\">\n\t\t\t\t\t<div class=\"elementor-column elementor-col-100 elementor-top-column elementor-element elementor-element-e155f58\" data-id=\"e155f58\" data-element_type=\"column\" data-e-type=\"column\">\n\t\t\t<div class=\"elementor-widget-wrap elementor-element-populated\">\n\t\t\t\t\t\t<div class=\"elementor-element elementor-element-844f273 elementor-widget elementor-widget-template\" data-id=\"844f273\" data-element_type=\"widget\" data-e-type=\"widget\" data-widget_type=\"template.default\">\n\t\t\t\t<div class=\"elementor-widget-container\">\n\t\t\t\t\t\t\t<div class=\"elementor-template\">\n\t\t\t\t\t<div data-elementor-type=\"section\" data-elementor-id=\"34713\" class=\"elementor elementor-34713\" data-elementor-post-type=\"elementor_library\">\n\t\t\t\t\t<section class=\"elementor-section elementor-top-section elementor-element elementor-element-30b361f4 elementor-section-full_width elementor-section-height-default elementor-section-height-default\" data-id=\"30b361f4\" data-element_type=\"section\" data-e-type=\"section\">\n\t\t\t\t\t\t<div class=\"elementor-container elementor-column-gap-default\">\n\t\t\t\t\t<div class=\"elementor-column elementor-col-100 elementor-top-column elementor-element elementor-element-170f6fff\" data-id=\"170f6fff\" data-element_type=\"column\" data-e-type=\"column\">\n\t\t\t<div class=\"elementor-widget-wrap elementor-element-populated\">\n\t\t\t\t\t\t<div class=\"elementor-element elementor-element-224e85d9 elementor--h-position-center elementor--v-position-middle elementor-pagination-position-inside elementor-widget elementor-widget-slides\" data-id=\"224e85d9\" data-element_type=\"widget\" data-e-type=\"widget\" data-settings=\"{&quot;navigation&quot;:&quot;dots&quot;,&quot;autoplay&quot;:&quot;yes&quot;,&quot;pause_on_hover&quot;:&quot;yes&quot;,&quot;pause_on_interaction&quot;:&quot;yes&quot;,&quot;autoplay_speed&quot;:5000,&quot;infinite&quot;:&quot;yes&quot;,&quot;transition&quot;:&quot;slide&quot;,&quot;transition_speed&quot;:500}\" data-widget_type=\"slides.default\">\n\t\t\t\t<div class=\"elementor-widget-container\">\n\t\t\t\t\t\t\t\t<div class=\"elementor-swiper\">\n\t\t\t\t<div class=\"elementor-slides-wrapper elementor-main-swiper swiper-container\" dir=\"ltr\" data-animation=\"fadeInUp\">\n\t\t\t\t\t<div class=\"swiper-wrapper elementor-slides\">\n\t\t\t\t\t\t\t\t\t\t\t\t<div class=\"elementor-repeater-item-301adab swiper-slide\"><div class=\"swiper-slide-bg\" role=\"img\"><\/div><div class=\"swiper-slide-inner\" ><div class=\"swiper-slide-contents\"><\/div><\/div><\/div>\t\t\t\t\t<\/div>\n\t\t\t\t\t\t\t\t\t<\/div>\n\t\t\t<\/div>\n\t\t\t\t\t\t\t<\/div>\n\t\t\t\t<\/div>\n\t\t\t\t\t<\/div>\n\t\t<\/div>\n\t\t\t\t\t<\/div>\n\t\t<\/section>\n\t\t\t\t<\/div>\n\t\t\t\t<\/div>\n\t\t\t\t\t\t<\/div>\n\t\t\t\t<\/div>\n\t\t\t\t\t<\/div>\n\t\t<\/div>\n\t\t\t\t\t<\/div>\n\t\t<\/section>\n\t\t\t\t<section class=\"elementor-section elementor-top-section elementor-element elementor-element-09a8785 elementor-section-boxed elementor-section-height-default elementor-section-height-default\" data-id=\"09a8785\" data-element_type=\"section\" data-e-type=\"section\">\n\t\t\t\t\t\t<div class=\"elementor-container elementor-column-gap-no\">\n\t\t\t\t\t<div class=\"elementor-column elementor-col-50 elementor-top-column elementor-element elementor-element-5ba4e22 animated-fast elementor-invisible\" data-id=\"5ba4e22\" data-element_type=\"column\" data-e-type=\"column\" data-settings=\"{&quot;background_background&quot;:&quot;classic&quot;,&quot;animation&quot;:&quot;fadeIn&quot;,&quot;animation_tablet&quot;:&quot;none&quot;,&quot;animation_mobile&quot;:&quot;none&quot;,&quot;animation_delay&quot;:100}\">\n\t\t\t<div class=\"elementor-widget-wrap elementor-element-populated\">\n\t\t\t\t\t\t<div class=\"elementor-element elementor-element-609a186 elementor-widget elementor-widget-heading\" data-id=\"609a186\" data-element_type=\"widget\" data-e-type=\"widget\" data-widget_type=\"heading.default\">\n\t\t\t\t<div class=\"elementor-widget-container\">\n\t\t\t\t\t<h1 class=\"elementor-heading-title elementor-size-default\">Documents of public interest<\/h1>\t\t\t\t<\/div>\n\t\t\t\t<\/div>\n\t\t\t\t\t<\/div>\n\t\t<\/div>\n\t\t\t\t<div class=\"elementor-column elementor-col-50 elementor-top-column elementor-element elementor-element-67c752e elementor-hidden-desktop elementor-hidden-tablet elementor-hidden-phone\" data-id=\"67c752e\" data-element_type=\"column\" data-e-type=\"column\">\n\t\t\t<div class=\"elementor-widget-wrap\">\n\t\t\t\t\t\t\t<\/div>\n\t\t<\/div>\n\t\t\t\t\t<\/div>\n\t\t<\/section>\n\t\t\t\t<section class=\"elementor-section elementor-top-section elementor-element elementor-element-85dcfd8 elementor-section-boxed elementor-section-height-default elementor-section-height-default\" data-id=\"85dcfd8\" data-element_type=\"section\" data-e-type=\"section\" data-settings=\"{&quot;animation&quot;:&quot;none&quot;,&quot;animation_tablet&quot;:&quot;none&quot;,&quot;animation_mobile&quot;:&quot;none&quot;,&quot;animation_delay&quot;:300}\">\n\t\t\t\t\t\t<div class=\"elementor-container elementor-column-gap-no\">\n\t\t\t\t\t<div class=\"elementor-column elementor-col-100 elementor-top-column elementor-element elementor-element-01c0d2c\" data-id=\"01c0d2c\" data-element_type=\"column\" data-e-type=\"column\">\n\t\t\t<div class=\"elementor-widget-wrap elementor-element-populated\">\n\t\t\t\t\t\t<div class=\"elementor-element elementor-element-d11da4a vamtam-theme-table-styles elementor-widget elementor-widget-toggle\" data-id=\"d11da4a\" data-element_type=\"widget\" data-e-type=\"widget\" data-widget_type=\"toggle.default\">\n\t\t\t\t<div class=\"elementor-widget-container\">\n\t\t\t\t\t\t\t<div class=\"elementor-toggle\">\n\t\t\t\t\t\t\t<div class=\"elementor-toggle-item\">\n\t\t\t\t\t<h2 id=\"elementor-tab-title-2191\" class=\"elementor-tab-title\" data-tab=\"1\" role=\"button\" aria-controls=\"elementor-tab-content-2191\" aria-expanded=\"false\">\n\t\t\t\t\t\t\t\t\t\t\t\t<span class=\"elementor-toggle-icon elementor-toggle-icon-right\" aria-hidden=\"true\">\n\t\t\t\t\t\t\t\t\t\t\t\t\t\t\t<span class=\"elementor-toggle-icon-closed\"><i class=\"vamtamtheme- vamtam-theme-arrow-down\"><\/i><\/span>\n\t\t\t\t\t\t\t\t<span class=\"elementor-toggle-icon-opened\"><i class=\"elementor-toggle-icon-opened vamtamtheme- vamtam-theme-arrow-up\"><\/i><\/span>\n\t\t\t\t\t\t\t\t\t\t\t\t\t<\/span>\n\t\t\t\t\t\t\t\t\t\t\t\t<a class=\"elementor-toggle-title\" tabindex=\"0\">Discipline de studiu \u0219i planuri de \u00eenva\u021b\u0103m\u00e2nt<\/a>\n\t\t\t\t\t<\/h2>\n\n\t\t\t\t\t<div id=\"elementor-tab-content-2191\" class=\"elementor-tab-content elementor-clearfix\" data-tab=\"1\" role=\"region\" aria-labelledby=\"elementor-tab-title-2191\"><h3><strong>LISTA DISCIPLINELOR DE STUDIU<\/strong><\/h3><h3><strong>ANUL UNIVERSITAR 2025-2026<\/strong><\/h3><ul><li><strong><a href=\"\/wp-content\/uploads\/2026\/03\/AMG-2025_2026-Planuri-Invatamant-SEMNATE-Non-Redacted.pdf\">Plan de invatamant 2025-2026 \u2013 Programul de studii Asistenta Medicala Generala<\/a><\/strong><\/li><li><strong><a href=\"\/wp-content\/uploads\/2026\/03\/MG.EN-2025_2026-Planuri-Invatamant-SEMNATE-Non-Redacted.pdf\">Plan de invatamant 2025-2026 \u2013 Programul de studii Medicina (in Lb. Engleza)\u00a0<\/a><\/strong><\/li><\/ul><div>\u00a0<\/div><div>\u00a0<\/div><h3><strong>ANUL UNIVERSITAR 2024-2025<\/strong><\/h3><ul><li><a href=\"\/wp-content\/uploads\/2026\/03\/Plan-invatamant-MG-2024_2025-semnat.pdf\"><strong>Plan de \u00eenv\u0103\u021b\u0103m\u00e2nt 2024-2025 \u2013 Programul de studii Medicin\u0103<\/strong><\/a><\/li><li><a href=\"\/wp-content\/uploads\/2026\/03\/Planuri-invatamant-AMG-2024_2025-semnat.pdf\"><strong>Plan de \u00eenv\u0103\u021b\u0103m\u00e2nt 2024-2025 \u2013 Programul de studii Asisten\u021b\u0103 Medical\u0103 General\u0103<\/strong><\/a><\/li><li><a href=\"\/wp-content\/uploads\/2026\/03\/Planuri-inavatmant-MGE-2024_2025-semnat.pdf\"><strong>Plan de \u00eenv\u0103\u021b\u0103m\u00e2nt 2024-2025 \u2013 Programul de studii Medicin\u0103 (Lb. englez\u0103)<\/strong><\/a><\/li><\/ul><h3>\u00a0<\/h3><h3><strong>ANUL UNIVERSITAR 2023-2024<\/strong><\/h3><ul><li><a href=\"\/wp-content\/uploads\/2026\/03\/Mediicna_planuri-de-invatamant_2023_2024.pdf\"><strong>Plan de \u00eenv\u0103\u021b\u0103m\u00e2nt 2023-2024 \u2013 Programul de studii Medicin\u0103<\/strong><\/a><\/li><li><a href=\"\/wp-content\/uploads\/2026\/03\/AMG_planuri-invatamant-2023_2024_Redacted.pdf\"><strong>Plan de \u00eenv\u0103\u021b\u0103m\u00e2nt 2023-2024 \u2013 Programul de studii Asisten\u021b\u0103 Medical\u0103 General\u0103<\/strong><\/a><\/li><li><a href=\"\/wp-content\/uploads\/2026\/03\/Medicina-engleza_planuri_invatamant_2023_2024.pdf\"><strong>Plan de \u00eenv\u0103\u021b\u0103m\u00e2nt 2023-2024 \u2013 Programul de studii Medicin\u0103 (Lb. englez\u0103)<\/strong><\/a><\/li><\/ul><h3>\u00a0<\/h3><h3><strong>ANUL UNIVERSITAR 2022-2023<\/strong><\/h3><ul><li><strong><a href=\"\/wp-content\/uploads\/2026\/03\/PLAN-DE-INVATAMANT-MEDICINA-2022-2023.pdf\">Plan de \u00eenv\u0103\u021b\u0103m\u00e2nt 2022-2023 \u2013 Programul de studii Medicin\u0103<\/a><\/strong><\/li><li><a href=\"\/wp-content\/uploads\/2026\/03\/PLAN-DE-INVATAMANT-AMG-an-univ-2022-2023.pdf\"><strong>Plan de \u00eenv\u0103\u021b\u0103m\u00e2nt 2022-2023 \u2013 Programul de studii Asisten\u021b\u0103 Medical\u0103 General\u0103<\/strong><\/a><\/li><li><a href=\"\/wp-content\/uploads\/2026\/03\/CURRICULUM-MEDICINE-ENG-2022-2023.pdf\"><strong>Plan de \u00eenv\u0103\u021b\u0103m\u00e2nt 2022-2023 \u2013 Programul de studii Medicin\u0103 (Lb. englez\u0103)<\/strong><\/a><\/li><\/ul><h3>\u00a0<\/h3><h3><strong>LISTA DISCIPLINELOR DE STUDIU<\/strong><\/h3><h3><strong>ANUL UNIVERSITAR 2021-2022<\/strong><\/h3><ul><li><a href=\"\/wp-content\/uploads\/2026\/03\/Plan-invatamant-MG-2021-2022-2.pdf\" target=\"_blank\" rel=\"noopener\"><strong>Plan de \u00eenv\u0103\u021b\u0103m\u00e2nt 2021-2022 \u2013 Programul de studii Medicin\u0103<\/strong><\/a><\/li><li><a href=\"\/wp-content\/uploads\/2026\/03\/Plan-invatamant-AMG-2021-2022-2.pdf\" target=\"_blank\" rel=\"noopener\"><strong>Plan de \u00eenv\u0103\u021b\u0103m\u00e2nt 2021-2022 \u2013 Programul de studii Asisten\u021b\u0103 Medical\u0103 General\u0103<\/strong><\/a><\/li><li><a href=\"\/wp-content\/uploads\/2026\/03\/Plan-invatamant-MLE-2021-2022-2.pdf\" target=\"_blank\" rel=\"noopener\"><strong>Plan de \u00eenv\u0103\u021b\u0103m\u00e2nt 2021-2022 \u2013 Programul de studii Medicin\u0103 (Lb. englez\u0103)<\/strong><\/a><\/li><\/ul><hr \/><div align=\"justify\"><h3><strong>\u00a0<\/strong><\/h3><h3><strong>LISTA DISCIPLINELOR DE STUDIU<\/strong><\/h3><h3><strong>ANUL UNIVERSITAR 2020-2021<\/strong><\/h3><ul><li><a href=\"\/wp-content\/uploads\/2026\/03\/plan-de-invatamant-MG-2020-2021.pdf\" target=\"_blank\" rel=\"noopener\"><strong>Plan de \u00eenv\u0103\u021b\u0103m\u00e2nt 2020-2021 \u2013 Programul de studii Medicin\u0103<\/strong><\/a><\/li><li><a href=\"\/wp-content\/uploads\/2026\/03\/plan-de-invatamant-AMG-2020-2021.pdf\" target=\"_blank\" rel=\"noopener\"><strong>Plan de \u00eenv\u0103\u021b\u0103m\u00e2nt 2020-2021 \u2013 Programul de studii Asisten\u021b\u0103 Medical\u0103 General\u0103<\/strong><\/a><\/li><li><a href=\"\/wp-content\/uploads\/2026\/03\/plan-de-invatamant-MLE-2020-2021.pdf\" target=\"_blank\" rel=\"noopener\"><strong>Plan de \u00eenv\u0103\u021b\u0103m\u00e2nt 2020-2021 \u2013 Programul de studii Medicin\u0103 (Lb englez\u0103)<\/strong><\/a><\/li><li><a href=\"\/wp-content\/uploads\/2026\/03\/Plan-de-invatamant-Facultatea-de-Medicina.pdf\" target=\"_blank\" rel=\"noopener\"><strong>Planurile de \u00eenv\u0103\u021b\u0103m\u00e2nt pentru anul universitar 2020-2021<\/strong><\/a><\/li><\/ul><\/div><hr \/><div><div><span lang=\"RO\"><b>Fi\u0219ele disciplinelor program de studiu Medicin\u0103 an universitar 2020-2021<\/b><\/span><\/div><table border=\"1\" cellspacing=\"0\" cellpadding=\"10\" align=\"center\"><tbody><tr><td colspan=\"6\" width=\"604\"><strong>Medicine Specialization<\/strong><\/td><\/tr><tr><td width=\"101\"><a href=\"\/wp-content\/uploads\/2026\/03\/fise-de-disciplina-an-I-MG.pdf\" target=\"_blank\" rel=\"noopener\"><strong>Year I<\/strong><\/a><\/td><td width=\"101\"><a href=\"\/wp-content\/uploads\/2026\/03\/fise-de-disciplina-an-II-MG.pdf\" target=\"_blank\" rel=\"noopener\"><strong>Year II<\/strong><\/a><\/td><td width=\"101\"><a href=\"\/wp-content\/uploads\/2026\/03\/fise-de-disciplina-an-III-MG.pdf\" target=\"_blank\" rel=\"noopener\"><strong>Year III<\/strong><\/a><\/td><td width=\"101\"><a href=\"\/wp-content\/uploads\/2026\/03\/fise-de-disciplina-an-IV-MG.pdf\" target=\"_blank\" rel=\"noopener\"><strong>Year 4<\/strong><\/a><\/td><td width=\"101\"><a href=\"\/wp-content\/uploads\/2026\/03\/fise-de-discipline-an-V-MG.pdf\" target=\"_blank\" rel=\"noopener\"><strong>Anul V<\/strong><\/a><\/td><td width=\"101\"><a href=\"\/wp-content\/uploads\/2026\/03\/fise-de-disciplina-an-VI-MG.pdf\" target=\"_blank\" rel=\"noopener\"><strong>Anul VI<\/strong><\/a><\/td><\/tr><\/tbody><\/table><\/div><p><strong>\u00a0<\/strong><\/p><p><strong>Fi\u0219ele disciplinelor program de studiu Asisten\u021b\u0103 Medical\u0103 an universitar 2025-2026<\/strong><\/p><table width=\"66%\"><tbody><tr><td colspan=\"4\" width=\"400\">Specializarea Asisten\u021b\u0103 Medical\u0103<\/td><\/tr><tr><td width=\"100\"><a href=\"\/wp-content\/uploads\/2026\/03\/AMG-Fise-Disciplina-Anul-1-2025_2026-Rev-0.pdf\"><strong>Year I<\/strong><\/a><\/td><td width=\"100\"><a href=\"\/wp-content\/uploads\/2026\/03\/AMG-Fise-Disciplina-Anul-2-2025_2026-Rev-0.pdf\"><strong>Year II<\/strong><\/a><\/td><td width=\"100\"><a href=\"\/wp-content\/uploads\/2026\/03\/AMG-Fise-Disciplina-Anul-3-2025_2026-Rev-0.pdf\"><strong>Year III<\/strong><\/a><\/td><td width=\"100\"><a href=\"\/wp-content\/uploads\/2026\/03\/AMG-Fise-Disciplina-Anul-4-2025_2026-Rev-0.pdf\"><strong>Year 4<\/strong><\/a><\/td><\/tr><\/tbody><\/table><\/div>\n\t\t\t\t<\/div>\n\t\t\t\t\t\t\t<div class=\"elementor-toggle-item\">\n\t\t\t\t\t<h2 id=\"elementor-tab-title-2192\" class=\"elementor-tab-title\" data-tab=\"2\" role=\"button\" aria-controls=\"elementor-tab-content-2192\" aria-expanded=\"false\">\n\t\t\t\t\t\t\t\t\t\t\t\t<span class=\"elementor-toggle-icon elementor-toggle-icon-right\" aria-hidden=\"true\">\n\t\t\t\t\t\t\t\t\t\t\t\t\t\t\t<span class=\"elementor-toggle-icon-closed\"><i class=\"vamtamtheme- vamtam-theme-arrow-down\"><\/i><\/span>\n\t\t\t\t\t\t\t\t<span class=\"elementor-toggle-icon-opened\"><i class=\"elementor-toggle-icon-opened vamtamtheme- vamtam-theme-arrow-up\"><\/i><\/span>\n\t\t\t\t\t\t\t\t\t\t\t\t\t<\/span>\n\t\t\t\t\t\t\t\t\t\t\t\t<a class=\"elementor-toggle-title\" tabindex=\"0\">Plan strategic<\/a>\n\t\t\t\t\t<\/h2>\n\n\t\t\t\t\t<div id=\"elementor-tab-content-2192\" class=\"elementor-tab-content elementor-clearfix\" data-tab=\"2\" role=\"region\" aria-labelledby=\"elementor-tab-title-2192\"><div>\n<div>\n<h3>Planuri strategice de dezvoltare ale Facult\u0103\u021bii de Medicin\u0103<\/h3>\n<\/div>\n<\/div>\n<div>\n<div>\n<ul>\n<li><strong><a href=\"\/wp-content\/uploads\/2026\/03\/UTM-FM-Plan-Strategic-2024-2029-Moldovan-Cosmin-Rev-1.pdf\">Plan strategic de dezvoltare al Facult\u0103\u021bii de Medicin\u0103: perioada 2024-2029<\/a><\/strong><\/li>\n<li><strong><a href=\"\/wp-content\/uploads\/2026\/03\/Plan-Strategic-de-dezvoltare-a-Facultatii-Medicina-2020-2024.pdf\">Plan strategic de dezvoltare al Facult\u0103\u021bii de Medicin\u0103: perioada 2020-2024<\/a><\/strong><\/li>\n<li><strong><a href=\"\/wp-content\/uploads\/2026\/03\/Plan_management_MG_2016_2020.pdf\">Plan strategic de dezvoltare al Facult\u0103\u021bii de Medicin\u0103: perioada 2016-2020<\/a><\/strong><\/li>\n<\/ul>\n<\/div>\n<\/div>\n<div>\n<div>\n<h3><br><\/h3><h3>Planuri opera\u021bionale de dezvoltare ale Facult\u0103\u021bii de Medicin\u0103<\/h3>\n<\/div>\n<\/div>\n<div>\n<div>\n<ul>\n<li><strong><a href=\"\/wp-content\/uploads\/2026\/03\/UTM-FM-Plan-Operational-2025_2026-MCA-Rev-4-RO-SIGNED-REDACTED.pdf\">Plan opera\u021bional pentru anul universitar 2025-2026<\/a><\/strong><\/li>\n<li>\n<div><strong><a href=\"\/wp-content\/uploads\/2026\/03\/UTM-FM-Plan_Operational-2024_2025-RO-Rev-2-SIGNED-REDACTED.pdf\">Plan opera\u021bional pentru anul universitar 2024-2025<\/a><\/strong><\/div>\n<\/li>\n<\/ul>\n<\/div>\n<\/div><\/div>\n\t\t\t\t<\/div>\n\t\t\t\t\t\t\t\t<\/div>\n\t\t\t\t\t\t<\/div>\n\t\t\t\t<\/div>\n\t\t\t\t\t<\/div>\n\t\t<\/div>\n\t\t\t\t\t<\/div>\n\t\t<\/section>\n\t\t\t\t<section class=\"elementor-section elementor-top-section elementor-element elementor-element-a8c16fc elementor-section-boxed elementor-section-height-default elementor-section-height-default\" data-id=\"a8c16fc\" data-element_type=\"section\" data-e-type=\"section\">\n\t\t\t\t\t\t<div class=\"elementor-container elementor-column-gap-default\">\n\t\t\t\t\t<div class=\"elementor-column elementor-col-100 elementor-top-column elementor-element elementor-element-086f273\" data-id=\"086f273\" data-element_type=\"column\" data-e-type=\"column\">\n\t\t\t<div class=\"elementor-widget-wrap elementor-element-populated\">\n\t\t\t\t\t\t<div class=\"elementor-element elementor-element-417fc7c elementor-widget elementor-widget-spacer\" data-id=\"417fc7c\" data-element_type=\"widget\" data-e-type=\"widget\" data-widget_type=\"spacer.default\">\n\t\t\t\t<div class=\"elementor-widget-container\">\n\t\t\t\t\t\t\t<div class=\"elementor-spacer\">\n\t\t\t<div class=\"elementor-spacer-inner\"><\/div>\n\t\t<\/div>\n\t\t\t\t\t\t<\/div>\n\t\t\t\t<\/div>\n\t\t\t\t\t<\/div>\n\t\t<\/div>\n\t\t\t\t\t<\/div>\n\t\t<\/section>\n\t\t\t\t<\/div>","protected":false},"excerpt":{"rendered":"<p>Documente de interes public Discipline de studiu \u0219i planuri de \u00eenva\u021b\u0103m\u00e2nt LISTA DISCIPLINELOR DE STUDIU ANUL UNIVERSITAR 2025-2026 Plan de invatamant 2025-2026 \u2013 Programul de studii Asistenta Medicala Generala Plan de invatamant 2025-2026 \u2013 Programul de studii Medicina (in Lb. Engleza)\u00a0 \u00a0\u00a0 ANUL UNIVERSITAR 2024-2025 Plan de \u00eenv\u0103\u021b\u0103m\u00e2nt 2024-2025 \u2013 Programul de studii Medicin\u0103 Plan&#8230;<\/p>","protected":false},"author":1,"featured_media":0,"parent":24380,"menu_order":0,"comment_status":"closed","ping_status":"closed","template":"","meta":{"footnotes":""},"class_list":["post-34845","page","type-page","status-publish","hentry"],"_links":{"self":[{"href":"https:\/\/site.utm.ro\/en\/wp-json\/wp\/v2\/pages\/34845","targetHints":{"allow":["GET"]}}],"collection":[{"href":"https:\/\/site.utm.ro\/en\/wp-json\/wp\/v2\/pages"}],"about":[{"href":"https:\/\/site.utm.ro\/en\/wp-json\/wp\/v2\/types\/page"}],"author":[{"embeddable":true,"href":"https:\/\/site.utm.ro\/en\/wp-json\/wp\/v2\/users\/1"}],"replies":[{"embeddable":true,"href":"https:\/\/site.utm.ro\/en\/wp-json\/wp\/v2\/comments?post=34845"}],"version-history":[{"count":0,"href":"https:\/\/site.utm.ro\/en\/wp-json\/wp\/v2\/pages\/34845\/revisions"}],"up":[{"embeddable":true,"href":"https:\/\/site.utm.ro\/en\/wp-json\/wp\/v2\/pages\/24380"}],"wp:attachment":[{"href":"https:\/\/site.utm.ro\/en\/wp-json\/wp\/v2\/media?parent=34845"}],"curies":[{"name":"wp","href":"https:\/\/api.w.org\/{rel}","templated":true}]}}