{"id":34810,"date":"2026-03-12T15:53:53","date_gmt":"2026-03-12T15:53:53","guid":{"rendered":"https:\/\/site.utm.ro\/?page_id=34810"},"modified":"2026-03-12T15:56:59","modified_gmt":"2026-03-12T15:56:59","slug":"quality-assurance","status":"publish","type":"page","link":"https:\/\/site.utm.ro\/en\/facultatea-de-medicina\/asigurarea-calitatii\/","title":{"rendered":"Facultatea de Medicina &#8211; Asigurarea calit\u0103\u021bii"},"content":{"rendered":"<div data-elementor-type=\"wp-page\" data-elementor-id=\"34810\" class=\"elementor elementor-34810\" data-elementor-post-type=\"page\">\n\t\t\t\t\t\t<section class=\"elementor-section elementor-top-section elementor-element elementor-element-573b84f elementor-section-full_width elementor-section-height-default elementor-section-height-default\" data-id=\"573b84f\" data-element_type=\"section\" data-e-type=\"section\">\n\t\t\t\t\t\t<div class=\"elementor-container elementor-column-gap-default\">\n\t\t\t\t\t<div class=\"elementor-column elementor-col-100 elementor-top-column elementor-element elementor-element-e155f58\" data-id=\"e155f58\" data-element_type=\"column\" data-e-type=\"column\">\n\t\t\t<div class=\"elementor-widget-wrap elementor-element-populated\">\n\t\t\t\t\t\t<div class=\"elementor-element elementor-element-844f273 elementor-widget elementor-widget-template\" data-id=\"844f273\" data-element_type=\"widget\" data-e-type=\"widget\" data-widget_type=\"template.default\">\n\t\t\t\t<div class=\"elementor-widget-container\">\n\t\t\t\t\t\t\t<div class=\"elementor-template\">\n\t\t\t\t\t<div data-elementor-type=\"section\" data-elementor-id=\"34713\" class=\"elementor elementor-34713\" data-elementor-post-type=\"elementor_library\">\n\t\t\t\t\t<section class=\"elementor-section elementor-top-section elementor-element elementor-element-30b361f4 elementor-section-full_width elementor-section-height-default elementor-section-height-default\" data-id=\"30b361f4\" data-element_type=\"section\" data-e-type=\"section\">\n\t\t\t\t\t\t<div class=\"elementor-container elementor-column-gap-default\">\n\t\t\t\t\t<div class=\"elementor-column elementor-col-100 elementor-top-column elementor-element elementor-element-170f6fff\" data-id=\"170f6fff\" data-element_type=\"column\" data-e-type=\"column\">\n\t\t\t<div class=\"elementor-widget-wrap elementor-element-populated\">\n\t\t\t\t\t\t<div class=\"elementor-element elementor-element-224e85d9 elementor--h-position-center elementor--v-position-middle elementor-pagination-position-inside elementor-widget elementor-widget-slides\" data-id=\"224e85d9\" data-element_type=\"widget\" data-e-type=\"widget\" data-settings=\"{&quot;navigation&quot;:&quot;dots&quot;,&quot;autoplay&quot;:&quot;yes&quot;,&quot;pause_on_hover&quot;:&quot;yes&quot;,&quot;pause_on_interaction&quot;:&quot;yes&quot;,&quot;autoplay_speed&quot;:5000,&quot;infinite&quot;:&quot;yes&quot;,&quot;transition&quot;:&quot;slide&quot;,&quot;transition_speed&quot;:500}\" data-widget_type=\"slides.default\">\n\t\t\t\t<div class=\"elementor-widget-container\">\n\t\t\t\t\t\t\t\t<div class=\"elementor-swiper\">\n\t\t\t\t<div class=\"elementor-slides-wrapper elementor-main-swiper swiper-container\" dir=\"ltr\" data-animation=\"fadeInUp\">\n\t\t\t\t\t<div class=\"swiper-wrapper elementor-slides\">\n\t\t\t\t\t\t\t\t\t\t\t\t<div class=\"elementor-repeater-item-301adab swiper-slide\"><div class=\"swiper-slide-bg\" role=\"img\"><\/div><div class=\"swiper-slide-inner\" ><div class=\"swiper-slide-contents\"><\/div><\/div><\/div>\t\t\t\t\t<\/div>\n\t\t\t\t\t\t\t\t\t<\/div>\n\t\t\t<\/div>\n\t\t\t\t\t\t\t<\/div>\n\t\t\t\t<\/div>\n\t\t\t\t\t<\/div>\n\t\t<\/div>\n\t\t\t\t\t<\/div>\n\t\t<\/section>\n\t\t\t\t<\/div>\n\t\t\t\t<\/div>\n\t\t\t\t\t\t<\/div>\n\t\t\t\t<\/div>\n\t\t\t\t\t<\/div>\n\t\t<\/div>\n\t\t\t\t\t<\/div>\n\t\t<\/section>\n\t\t\t\t<section class=\"elementor-section elementor-top-section elementor-element elementor-element-09a8785 elementor-section-boxed elementor-section-height-default elementor-section-height-default\" data-id=\"09a8785\" data-element_type=\"section\" data-e-type=\"section\">\n\t\t\t\t\t\t<div class=\"elementor-container elementor-column-gap-no\">\n\t\t\t\t\t<div class=\"elementor-column elementor-col-50 elementor-top-column elementor-element elementor-element-5ba4e22 animated-fast elementor-invisible\" data-id=\"5ba4e22\" data-element_type=\"column\" data-e-type=\"column\" data-settings=\"{&quot;background_background&quot;:&quot;classic&quot;,&quot;animation&quot;:&quot;fadeIn&quot;,&quot;animation_tablet&quot;:&quot;none&quot;,&quot;animation_mobile&quot;:&quot;none&quot;,&quot;animation_delay&quot;:100}\">\n\t\t\t<div class=\"elementor-widget-wrap elementor-element-populated\">\n\t\t\t\t\t\t<div class=\"elementor-element elementor-element-609a186 elementor-widget elementor-widget-heading\" data-id=\"609a186\" data-element_type=\"widget\" data-e-type=\"widget\" data-widget_type=\"heading.default\">\n\t\t\t\t<div class=\"elementor-widget-container\">\n\t\t\t\t\t<h1 class=\"elementor-heading-title elementor-size-default\">Quality assurance<\/h1>\t\t\t\t<\/div>\n\t\t\t\t<\/div>\n\t\t\t\t\t<\/div>\n\t\t<\/div>\n\t\t\t\t<div class=\"elementor-column elementor-col-50 elementor-top-column elementor-element elementor-element-67c752e elementor-hidden-desktop elementor-hidden-tablet elementor-hidden-phone\" data-id=\"67c752e\" data-element_type=\"column\" data-e-type=\"column\">\n\t\t\t<div class=\"elementor-widget-wrap\">\n\t\t\t\t\t\t\t<\/div>\n\t\t<\/div>\n\t\t\t\t\t<\/div>\n\t\t<\/section>\n\t\t\t\t<section class=\"elementor-section elementor-top-section elementor-element elementor-element-c20b627 elementor-section-boxed elementor-section-height-default elementor-section-height-default\" data-id=\"c20b627\" data-element_type=\"section\" data-e-type=\"section\">\n\t\t\t\t\t\t<div class=\"elementor-container elementor-column-gap-default\">\n\t\t\t\t\t<div class=\"elementor-column elementor-col-100 elementor-top-column elementor-element elementor-element-2b2f4d0\" data-id=\"2b2f4d0\" data-element_type=\"column\" data-e-type=\"column\">\n\t\t\t<div class=\"elementor-widget-wrap elementor-element-populated\">\n\t\t\t\t\t\t<div class=\"elementor-element elementor-element-6d382a5 elementor-widget elementor-widget-text-editor\" data-id=\"6d382a5\" data-element_type=\"widget\" data-e-type=\"widget\" data-widget_type=\"text-editor.default\">\n\t\t\t\t<div class=\"elementor-widget-container\">\n\t\t\t\t\t\t\t\t\t<div><div><h3>Chestionare de evaluare a calit\u0103\u021bii<\/h3><div><b>Programu Medicin\u0103 (in Lb. Romana):<\/b><\/div><div>\u2013\u00a0<strong><a href=\"https:\/\/forms.office.com\/e\/mLGCq3v6K7\" target=\"_blank\" rel=\"noopener\">Chestionar de evaluare a relevan\u021bei procesului de \u00eenv\u0103\u021b\u0103m\u00e2nt<\/a>\u00a0<\/strong><\/div><div>\u2013\u00a0\u00a0<strong><a href=\"https:\/\/forms.office.com\/e\/qkKwyvbgyP\" target=\"_blank\" rel=\"noopener\">Chestionar de evaluare a a gradului de satisfac\u021bie referitoare la serviciile \u0219i infrasctructura Facult\u0103tii de Medicin\u0103<\/a>\u00a0<\/strong><\/div><div>\u2013\u00a0<strong><a href=\"https:\/\/forms.office.com\/e\/5K410nxz2z\" target=\"_blank\" rel=\"noopener\">Formular pentru \u00eenregistrarea parcursului profesional<\/a>\u00a0<\/strong><\/div><div>\u00a0<\/div><div>\u00a0<\/div><div>\u00a0<\/div><div><div><b>Programu\u00a0Asisten\u021b\u0103 Medical\u0103 General\u0103\u00a0(in Lb. Romana):<\/b><\/div><div>\u2013\u00a0<strong><a href=\"https:\/\/forms.office.com\/e\/mLGCq3v6K7\" target=\"_blank\" rel=\"noopener\">Chestionar de evaluare a relevan\u021bei procesului de \u00eenv\u0103\u021b\u0103m\u00e2nt<\/a>\u00a0<\/strong><\/div><div>\u2013\u00a0\u00a0<strong><a href=\"https:\/\/forms.office.com\/e\/qkKwyvbgyP\" target=\"_blank\" rel=\"noopener\">Chestionar de evaluare a a gradului de satisfac\u021bie referitoare la serviciile \u0219i infrasctructura Facult\u0103tii de Asisten\u021b\u0103 Medical\u0103 General\u0103\u00a0<\/a><\/strong><\/div><div>\u2013\u00a0<strong><a href=\"https:\/\/forms.office.com\/e\/5K410nxz2z\" target=\"_blank\" rel=\"noopener\">Formular pentru \u00eenregistrarea parcursului profesional<\/a>\u00a0<\/strong><\/div><\/div><\/div><\/div><div><div>\u00a0<\/div><\/div><div><div><h3>\u00a0<\/h3><h3>\u00a0<\/h3><h3>Raport de evaluare a programului de studii Medicin\u0103<\/h3><p><strong><a href=\"\/wp-content\/uploads\/2026\/03\/Raport-evaluare-interna-anuala-program-Medicina-2019-2020.pdf\">Raport de evaluare intern\u0103 anual\u0103 a programului de studii Medicin\u0103 2019-2020<\/a><\/strong><\/p><p><strong><a href=\"\/wp-content\/uploads\/2026\/03\/Raport-analiza-organizarii-program-de-studiu-medicina-2020.pdf\">Raport privind analiza organiz\u0103rii Programului de studiu Medicin\u0103 2019-2020<\/a><\/strong><\/p><p><strong><a href=\"\/wp-content\/uploads\/2026\/03\/Raport-evaluare-calitate-Facultatea-de-MEDICINA-2019-2020.pdf\">Raport anual de evaluare intern\u0103 privind calitatea serviciilor educa\u021bionale \u0219i de cercetare 2019-2020<\/a><\/strong><\/p><p>\u00a0<\/p><h3>Raport de evaluare a programului de studii Asisten\u021b\u0103 Medical\u0103<\/h3><p><strong><a href=\"\/wp-content\/uploads\/2026\/03\/Raport_AMG_2018.pdf\">Raport privind analiza programului de studiu Asisten\u0163\u0103 medical\u0103 general\u0103<\/a><\/strong><\/p><\/div><\/div><div><div><h3>\u00a0<\/h3><h3>Raport privind evaluarea cadrelor didactice de c\u0103tre\u00a0studen\u021bi<\/h3><p><strong><a href=\"\/wp-content\/uploads\/2026\/03\/UTM-FM-Centralizare-Chestionare-Evaluare-CD-2024-2025-Rev-1.pdf\">Raport privind evaluarea cadrelor didactice de c\u0103tre studen\u021bi anul universitar 2024-2025<\/a><\/strong><\/p><p><strong><a href=\"\/wp-content\/uploads\/2026\/03\/UTM-FM-Centralizare-Chestionare-Evaluare-CD-Rev-1.pdf\">Raport privind evaluarea cadrelor didactice de c\u0103tre studen\u021bi anul universitar 2021-2022<\/a><\/strong><\/p><p>\u00a0<\/p><h3><strong>Analiz\u0103 privind satisfac\u021bia studen\u021bilor referitor la mediul de \u00eenv\u0103\u021bare<\/strong><\/h3><p><strong><a href=\"\/wp-content\/uploads\/2026\/03\/Analiza-Satisfactie-Mediu-de-Invatare-2019-2020.pdf\">Analiz\u0103 privind satisfac\u021bia studen\u021bilor referitor la mediul de \u00eenv\u0103\u021bare 2020<\/a><\/strong><\/p><p>\u00a0<\/p><h3>Raport privind satisfac\u0163ia studen\u0163ilor servicii studen\u0163e\u015fti \u015fi infrastructura din universitate<\/h3><p><strong><a href=\"\/wp-content\/uploads\/2026\/03\/Raport-Satisfactie-Infrastructura-2019-2020.pdf\">Raport privind satisfac\u0163ia studen\u0163ilor servicii studen\u0163e\u015fti \u015fi infrastructura din universitate 2020<\/a><\/strong><\/p><p>\u00a0<\/p><h3>Rapoarte absolven\u021bi<\/h3><p><strong><a href=\"\/wp-content\/uploads\/2026\/03\/Raport-Privind-Urmarire-Cariera-absolven%C8%9Bi-AMG-2018.pdf\">Procedur\u0103 privind monitorizarea traseului profesional al absolven\u021bilor<\/a><\/strong><\/p><\/div><\/div><div><div><h3>\u00a0<\/h3><h3>Rapoarte audit<\/h3><\/div><\/div><div><div><p><strong><a href=\"\/wp-content\/uploads\/2026\/03\/Raport-audit-FM-an-universitar-2019-2020.pdf\" target=\"_blank\" rel=\"noopener\">Raport de audit intern pentru anul universitar 2019\u20132020<\/a><\/strong><\/p><p><strong><a href=\"\/wp-content\/uploads\/2026\/03\/Raport_audit_MG_2016_2017.pdf\" target=\"_blank\" rel=\"noopener noreferrer\">Raport de audit intern pentru anul universitar 2016\u20132017<\/a><\/strong><\/p><p><strong><a href=\"\/wp-content\/uploads\/2026\/03\/raport_audit_facultatea_de_medicina_2012_2013.pdf\" target=\"_blank\" rel=\"noopener noreferrer\">Raport de audit intern pentru anul universitar 2012\u20132013<\/a><\/strong><\/p><\/div><\/div>\t\t\t\t\t\t\t\t<\/div>\n\t\t\t\t<\/div>\n\t\t\t\t\t<\/div>\n\t\t<\/div>\n\t\t\t\t\t<\/div>\n\t\t<\/section>\n\t\t\t\t<section class=\"elementor-section elementor-top-section elementor-element elementor-element-a8c16fc elementor-section-boxed elementor-section-height-default elementor-section-height-default\" data-id=\"a8c16fc\" data-element_type=\"section\" data-e-type=\"section\">\n\t\t\t\t\t\t<div class=\"elementor-container elementor-column-gap-default\">\n\t\t\t\t\t<div class=\"elementor-column elementor-col-100 elementor-top-column elementor-element elementor-element-086f273\" data-id=\"086f273\" data-element_type=\"column\" data-e-type=\"column\">\n\t\t\t<div class=\"elementor-widget-wrap elementor-element-populated\">\n\t\t\t\t\t\t<div class=\"elementor-element elementor-element-417fc7c elementor-widget elementor-widget-spacer\" data-id=\"417fc7c\" data-element_type=\"widget\" data-e-type=\"widget\" data-widget_type=\"spacer.default\">\n\t\t\t\t<div class=\"elementor-widget-container\">\n\t\t\t\t\t\t\t<div class=\"elementor-spacer\">\n\t\t\t<div class=\"elementor-spacer-inner\"><\/div>\n\t\t<\/div>\n\t\t\t\t\t\t<\/div>\n\t\t\t\t<\/div>\n\t\t\t\t\t<\/div>\n\t\t<\/div>\n\t\t\t\t\t<\/div>\n\t\t<\/section>\n\t\t\t\t<\/div>","protected":false},"excerpt":{"rendered":"<p>Asigurarea calit\u0103\u021bii Chestionare de evaluare a calit\u0103\u021bii Programu Medicin\u0103 (in Lb. Romana):\u2013\u00a0Chestionar de evaluare a relevan\u021bei procesului de \u00eenv\u0103\u021b\u0103m\u00e2nt\u00a0\u2013\u00a0\u00a0Chestionar de evaluare a a gradului de satisfac\u021bie referitoare la serviciile \u0219i infrasctructura Facult\u0103tii de Medicin\u0103\u00a0\u2013\u00a0Formular pentru \u00eenregistrarea parcursului profesional\u00a0\u00a0\u00a0\u00a0Programu\u00a0Asisten\u021b\u0103 Medical\u0103 General\u0103\u00a0(in Lb. Romana):\u2013\u00a0Chestionar de evaluare a relevan\u021bei procesului de \u00eenv\u0103\u021b\u0103m\u00e2nt\u00a0\u2013\u00a0\u00a0Chestionar de evaluare a a gradului de&#8230;<\/p>","protected":false},"author":1,"featured_media":0,"parent":24380,"menu_order":0,"comment_status":"closed","ping_status":"closed","template":"","meta":{"footnotes":""},"class_list":["post-34810","page","type-page","status-publish","hentry"],"_links":{"self":[{"href":"https:\/\/site.utm.ro\/en\/wp-json\/wp\/v2\/pages\/34810","targetHints":{"allow":["GET"]}}],"collection":[{"href":"https:\/\/site.utm.ro\/en\/wp-json\/wp\/v2\/pages"}],"about":[{"href":"https:\/\/site.utm.ro\/en\/wp-json\/wp\/v2\/types\/page"}],"author":[{"embeddable":true,"href":"https:\/\/site.utm.ro\/en\/wp-json\/wp\/v2\/users\/1"}],"replies":[{"embeddable":true,"href":"https:\/\/site.utm.ro\/en\/wp-json\/wp\/v2\/comments?post=34810"}],"version-history":[{"count":0,"href":"https:\/\/site.utm.ro\/en\/wp-json\/wp\/v2\/pages\/34810\/revisions"}],"up":[{"embeddable":true,"href":"https:\/\/site.utm.ro\/en\/wp-json\/wp\/v2\/pages\/24380"}],"wp:attachment":[{"href":"https:\/\/site.utm.ro\/en\/wp-json\/wp\/v2\/media?parent=34810"}],"curies":[{"name":"wp","href":"https:\/\/api.w.org\/{rel}","templated":true}]}}