{"id":34809,"date":"2026-03-12T15:51:16","date_gmt":"2026-03-12T15:51:16","guid":{"rendered":"https:\/\/site.utm.ro\/?page_id=34809"},"modified":"2026-03-12T15:52:27","modified_gmt":"2026-03-12T15:52:27","slug":"teaching-staff","status":"publish","type":"page","link":"https:\/\/site.utm.ro\/en\/facultatea-de-medicina\/cadre-didactice\/","title":{"rendered":"Facultatea de Medicina &#8211; Cadre didactice"},"content":{"rendered":"<div data-elementor-type=\"wp-page\" data-elementor-id=\"34809\" class=\"elementor elementor-34809\" data-elementor-post-type=\"page\">\n\t\t\t\t\t\t<section class=\"elementor-section elementor-top-section elementor-element elementor-element-573b84f elementor-section-full_width elementor-section-height-default elementor-section-height-default\" data-id=\"573b84f\" data-element_type=\"section\" data-e-type=\"section\">\n\t\t\t\t\t\t<div class=\"elementor-container elementor-column-gap-default\">\n\t\t\t\t\t<div class=\"elementor-column elementor-col-100 elementor-top-column elementor-element elementor-element-e155f58\" data-id=\"e155f58\" data-element_type=\"column\" data-e-type=\"column\">\n\t\t\t<div class=\"elementor-widget-wrap elementor-element-populated\">\n\t\t\t\t\t\t<div class=\"elementor-element elementor-element-844f273 elementor-widget elementor-widget-template\" data-id=\"844f273\" data-element_type=\"widget\" data-e-type=\"widget\" data-widget_type=\"template.default\">\n\t\t\t\t<div class=\"elementor-widget-container\">\n\t\t\t\t\t\t\t<div class=\"elementor-template\">\n\t\t\t\t\t<div data-elementor-type=\"section\" data-elementor-id=\"34713\" class=\"elementor elementor-34713\" data-elementor-post-type=\"elementor_library\">\n\t\t\t\t\t<section class=\"elementor-section elementor-top-section elementor-element elementor-element-30b361f4 elementor-section-full_width elementor-section-height-default elementor-section-height-default\" data-id=\"30b361f4\" data-element_type=\"section\" data-e-type=\"section\">\n\t\t\t\t\t\t<div class=\"elementor-container elementor-column-gap-default\">\n\t\t\t\t\t<div class=\"elementor-column elementor-col-100 elementor-top-column elementor-element elementor-element-170f6fff\" data-id=\"170f6fff\" data-element_type=\"column\" data-e-type=\"column\">\n\t\t\t<div class=\"elementor-widget-wrap elementor-element-populated\">\n\t\t\t\t\t\t<div class=\"elementor-element elementor-element-224e85d9 elementor--h-position-center elementor--v-position-middle elementor-pagination-position-inside elementor-widget elementor-widget-slides\" data-id=\"224e85d9\" data-element_type=\"widget\" data-e-type=\"widget\" data-settings=\"{&quot;navigation&quot;:&quot;dots&quot;,&quot;autoplay&quot;:&quot;yes&quot;,&quot;pause_on_hover&quot;:&quot;yes&quot;,&quot;pause_on_interaction&quot;:&quot;yes&quot;,&quot;autoplay_speed&quot;:5000,&quot;infinite&quot;:&quot;yes&quot;,&quot;transition&quot;:&quot;slide&quot;,&quot;transition_speed&quot;:500}\" data-widget_type=\"slides.default\">\n\t\t\t\t<div class=\"elementor-widget-container\">\n\t\t\t\t\t\t\t\t<div class=\"elementor-swiper\">\n\t\t\t\t<div class=\"elementor-slides-wrapper elementor-main-swiper swiper-container\" dir=\"ltr\" data-animation=\"fadeInUp\">\n\t\t\t\t\t<div class=\"swiper-wrapper elementor-slides\">\n\t\t\t\t\t\t\t\t\t\t\t\t<div class=\"elementor-repeater-item-301adab swiper-slide\"><div class=\"swiper-slide-bg\" role=\"img\"><\/div><div class=\"swiper-slide-inner\" ><div class=\"swiper-slide-contents\"><\/div><\/div><\/div>\t\t\t\t\t<\/div>\n\t\t\t\t\t\t\t\t\t<\/div>\n\t\t\t<\/div>\n\t\t\t\t\t\t\t<\/div>\n\t\t\t\t<\/div>\n\t\t\t\t\t<\/div>\n\t\t<\/div>\n\t\t\t\t\t<\/div>\n\t\t<\/section>\n\t\t\t\t<\/div>\n\t\t\t\t<\/div>\n\t\t\t\t\t\t<\/div>\n\t\t\t\t<\/div>\n\t\t\t\t\t<\/div>\n\t\t<\/div>\n\t\t\t\t\t<\/div>\n\t\t<\/section>\n\t\t\t\t<section class=\"elementor-section elementor-top-section elementor-element elementor-element-09a8785 elementor-section-boxed elementor-section-height-default elementor-section-height-default\" data-id=\"09a8785\" data-element_type=\"section\" data-e-type=\"section\">\n\t\t\t\t\t\t<div class=\"elementor-container elementor-column-gap-no\">\n\t\t\t\t\t<div class=\"elementor-column elementor-col-50 elementor-top-column elementor-element elementor-element-5ba4e22 animated-fast elementor-invisible\" data-id=\"5ba4e22\" data-element_type=\"column\" data-e-type=\"column\" data-settings=\"{&quot;background_background&quot;:&quot;classic&quot;,&quot;animation&quot;:&quot;fadeIn&quot;,&quot;animation_tablet&quot;:&quot;none&quot;,&quot;animation_mobile&quot;:&quot;none&quot;,&quot;animation_delay&quot;:100}\">\n\t\t\t<div class=\"elementor-widget-wrap elementor-element-populated\">\n\t\t\t\t\t\t<div class=\"elementor-element elementor-element-609a186 elementor-widget elementor-widget-heading\" data-id=\"609a186\" data-element_type=\"widget\" data-e-type=\"widget\" data-widget_type=\"heading.default\">\n\t\t\t\t<div class=\"elementor-widget-container\">\n\t\t\t\t\t<h1 class=\"elementor-heading-title elementor-size-default\">Teachers<\/h1>\t\t\t\t<\/div>\n\t\t\t\t<\/div>\n\t\t\t\t\t<\/div>\n\t\t<\/div>\n\t\t\t\t<div class=\"elementor-column elementor-col-50 elementor-top-column elementor-element elementor-element-67c752e elementor-hidden-desktop elementor-hidden-tablet elementor-hidden-phone\" data-id=\"67c752e\" data-element_type=\"column\" data-e-type=\"column\">\n\t\t\t<div class=\"elementor-widget-wrap\">\n\t\t\t\t\t\t\t<\/div>\n\t\t<\/div>\n\t\t\t\t\t<\/div>\n\t\t<\/section>\n\t\t\t\t<section class=\"elementor-section elementor-top-section elementor-element elementor-element-c20b627 elementor-section-boxed elementor-section-height-default elementor-section-height-default\" data-id=\"c20b627\" data-element_type=\"section\" data-e-type=\"section\">\n\t\t\t\t\t\t<div class=\"elementor-container elementor-column-gap-default\">\n\t\t\t\t\t<div class=\"elementor-column elementor-col-100 elementor-top-column elementor-element elementor-element-2b2f4d0\" data-id=\"2b2f4d0\" data-element_type=\"column\" data-e-type=\"column\">\n\t\t\t<div class=\"elementor-widget-wrap elementor-element-populated\">\n\t\t\t\t\t\t<div class=\"elementor-element elementor-element-6d382a5 elementor-widget elementor-widget-text-editor\" data-id=\"6d382a5\" data-element_type=\"widget\" data-e-type=\"widget\" data-widget_type=\"text-editor.default\">\n\t\t\t\t<div class=\"elementor-widget-container\">\n\t\t\t\t\t\t\t\t\t<h3 style=\"text-align: left;\" align=\"center\"><strong>DEPARTAMENTUL DISCIPLINELOR PRECLINICE<\/strong><\/h3><p>\u00a0<\/p><p><strong>Director de departament:<\/strong><br \/>Conf. univ. dr. Tudorache Ioan Sorin<\/p><p><strong>Membrii Consiliului Departamentului:<\/strong><br \/>Conf. univ. dr. Tudorache Ioan Sorin<br \/>S.L. dr. Oros Mihaela<br \/>S.L. dr. Petru\u021b \u0218tefana Maria<\/p><p><strong>Cadre didactice titulare:<\/strong><\/p><ul><li>Prof. univ. dr. Rusu Elena \u2013Biochimie. Biochimia cavit\u0103\u021bii orale.<\/li><li>Prof. univ. dr. Neme\u0219 Roxana \u2013 Fiziopatologie<\/li><li>Conf. univ. dr. Tudorache Ioan Sorin \u2013 Anatomie si embriologie<\/li><li>Conf. univ. dr. Cristescu Cristina Daniela \u2013 Fiziologie. Patologie generala.<\/li><li>Conf. univ. dr. Cristescu Vasilic\u0103 \u2013 Anatomie clinica si topografica. Anatomie. Embriologie<\/li><li>Conf. univ. dr. Budi\u0219teanu Magdalena \u2013 Genetica. Genetica medicala. Deontologie medicala. Bioetica<\/li><li>Conf. univ. dr. Mitache Magdalena \u2013 Microbiologia cavitatii orale<\/li><li>Conf. univ. dr. Luca Andrei \u2013 Farmacologie<\/li><li>Conf. univ. dr. Necula Laura \u2013 Biologie celulara. Histologie si citologie<\/li><li>Conf.univ.dr. Seiman Corina \u2013 Biologie celular\u0103 \u0219i molecular\u0103<\/li><li>S.L. dr. Com\u0103nici Mihaela Maria \u2013 Imunologie<\/li><li>S.L. dr. Marta Daciana \u2013 Biochimie<\/li><li>S.L. dr. Barbaresso R\u0103zvan \u2013 Informatic\u0103 medical\u0103 \u0219i Biostatistic\u0103<\/li><li>S.L. dr. Oros Mihaela \u2013 Fiziologie<\/li><li>S.L. dr. Munteanu Ioana \u2013 Fiziologie<\/li><li>S.L. dr. Pechianu C\u0103t\u0103lin \u2013 Anatomie patologic\u0103<\/li><li>S.L. dr. Palri\u021beanu Oana Andreea \u2013 Fiziopatologie<\/li><li>S.L. dr. Tudose Irina \u2013 Anatomie patologic\u0103<\/li><li>S.L. dr. Petru\u021b \u0218tefana Maria \u2013 Biochimie<\/li><li>S.L. dr. Moldovan Alina \u2013 Fiziologie<\/li><li>Asist. univ. dr. Anghelescu Iuliana \u2013 Histologie<\/li><li>Asist. univ. dr. Stoica Cristina \u2013 Fiziopatologie<\/li><li>Asist. univ. dr. Iorgescu Andreea \u2013 Anatomie patologic\u0103<\/li><li>Asist. univ. dr. Stoica-Mustafa Elena \u2013 Anatomie patologic\u0103<\/li><li>Asist. univ. dr. Popovici Tiberiu Adrian \u2013 Anatomie \u0219i embriologie<\/li><li>Asist. univ. dr. R\u00eembu Mirela Claudia \u2013 Anatomie \u0219i embriologie<\/li><li>Asist. univ.dr. Cordunianu Alina Georgiana \u2013 Anatomie \u0219i embriologie<\/li><li>Asist. univ. dr. Cordunianu Mihai Alexandru \u2013 Farmacologie<\/li><li>Asist. univ. dr. Iancu Ilinca Antigona \u2013 Fiziologie<\/li><li>Asist. univ. dr. Br\u0103garu Maria Alexandra \u2013 Fiziologie<\/li><li>Asist. univ. dr. Moiceanu-\u0218ov\u0103rel Ana-Maria \u2013 Alergologie \u0219i imunologie clinic\u0103<\/li><li>Asist. univ. dr. Alexiu-Toma Andrada \u2013 Farmacologie<\/li><li>Asist. univ. dr. H\u00eencu Maria Andrada \u2013 Histologie. Biologie celular\u0103 \u0219i molecular\u0103<\/li><\/ul><p>\u00a0<strong>Cadre didactice asociate:<\/strong><\/p><ul><li>Prof. univ. dr. Pau Valentin \u2013 Informatica medicala si biostatistica<\/li><li>Prof. univ. dr. T\u0103nase Cristiana \u2013 Biologie celulara si moleculara. Biochimie clinica<\/li><li>Prof. univ. dr. Mehedin\u021bi Mihaela \u2013 Histologie<\/li><li>Prof. univ. dr. Oncioiu Ionica \u2013 Principii de via\u021b\u0103 s\u0103n\u0103toas\u0103<\/li><li>CS I Petrescu Camelia \u2013 Biofizic\u0103<\/li><li>Conf. univ. dr. Cojocaru Manole \u2013 Fiziologie. Alergologie \u0219i imunologie clinic\u0103<\/li><li>Conf. univ. dr. Apostolescu C\u0103t\u0103lin \u2013 Informatica medicala si biostatistica<\/li><li>S.L. dr. Burducea Gabriela \u2013 Biofizica<\/li><li>\u0218.L. dr. Radu Mirela \u2013 Limba englez\u0103<\/li><li>Lect. univ. dr. R\u0103pi\u021beanu Carmen \u2013 Psihologia s\u0103n\u0103t\u0103\u021bii<\/li><li>Dr. Ciurea Tatiana \u2013 Biofizic\u0103<\/li><li>Drd. Catalin Gabriela \u2013 Biochimie<\/li><li>Drd. Moldovan Diana \u2013 Fiziologie<\/li><li>Drd. Dula Alice \u2013 Anatomie si embriologie<\/li><li>Drd. Teodorescu Aida \u2013 Anatomie si embriologie<\/li><li>Drd. Cojoac\u0103 Marian \u2013 Biofizica si fizica medicala<\/li><li>Prof. Ungureanu Dorina \u2013 Limba englez\u0103<\/li><li>Drd. Epuran Silviu \u2013 Microbiologie<\/li><li>Drd. St\u0103nescu Octavian \u2013 Informatica medicala si biostatistica<\/li><li>Drd. Muraru Monica \u2013 Genetic\u0103<\/li><li>Drd. Tomescu M\u0103d\u0103lina \u2013 Fiziologie<\/li><li>Drd. Chioa\u0219c\u0103 Teodor Paul \u2013 Histologie<\/li><li>Drd. Furdu Iustin \u2013 Biofizic\u0103<\/li><li>Drd. Zaides Maximilian \u2013 Anatomie si embriologie<\/li><\/ul><p>\u00a0<\/p><h3>\u00a0<\/h3><h3><strong>DEPARTAMENTUL DISCIPLINELOR MEDICO-CHIRURGICALE \u0218I PROFILACTICE<\/strong><\/h3><p>\u00a0<\/p><p><strong>Director de departament:<\/strong><br \/>Conf. univ. dr. Ulmeanu Dan Ioan<\/p><p><strong>Membrii Consiliului Departamentului:<\/strong><\/p><p>Conf. univ. dr. Ulmeanu Dan Ioan<br \/>Conf. univ. dr. Cristian Gabriel<br \/>S.L. dr. B\u0103lteanu Mara Amalia<br \/>S.L. dr. Mu\u0219at Simona<br \/>S.L. dr. Bealcu Florentina<\/p><p><strong>Cadre didactice titulare:<\/strong><\/p><ul><li>Prof. univ.dr. Cochior Daniel\u00a0\u2013 Semiologie chirurgicala<\/li><li>Prof. univ. dr. Vl\u0103descu Cristian \u2013 S\u0103n\u0103tate public\u0103 \u0219i management sanitar<\/li><li>Prof. univ. dr. Costache Victor Sebastian \u2013 Chirurgie cardio-vascular\u0103<\/li><li>Prof. univ.dr. Niculescu Marius \u2013 Ortopedie si traumatologie. Ingriiri calificate in ortopedie. Chirurgie si ortopedie pediatrica<\/li><li>Prof. univ.dr. Diaconescu Smaranda \u2013 Pediatrie si puericultura. Puericultura si pediatrie<\/li><li>Prof. univ.dr. Marian Gabriela \u2013 Psihiatrie. Stiinte comportamentale, psihologie si sociologie medicala. Stiintele comportamentului; psihologie medicala, sociologie medicala<\/li><li>Prof. univ. dr. Doroban\u021bu Lucian Florin \u2013 Chirurgie cardio-vascular\u0103<\/li><li>Prof. univ. dr. Cauni Victor Mihail \u2013 Urologie<\/li><li>Prof. univ. dr. Mocanu Horia \u2013 ORL<\/li><li>Conf. univ. dr. \u00a0Ulmeanu Dan Ioan \u2013 Chirurgie minim-invaziva. Abilitati in manopere medicale (modul II)<\/li><li>Conf. univ. dr. \u00a0Ghinescu Minerva Claudia \u2013 Prodecan \u2013 Medicina de familie si asistenta primara a starii de sanatete. Nursing clinic<\/li><li>Conf. univ. dr. \u00a0Cristian Gabriel \u2013 Medicina interna si specialitati medicale. Ingrijiri speciale in specialitati medicale<\/li><li>Conf. univ. dr. \u00a0Toma Adrian Ioan \u2013 Neonatologie. Ingrijirea mamei si nou-nascutului<\/li><li>Conf. univ. dr. \u00a0Nicodin Ovidiu \u2013 Ginecologie. Ingrijiri calificate in obstetrica si ginecologie. Planificare familiala.<\/li><li>Conf. univ. dr. \u00a0Chiriac Liviu \u2013 Medicina interna. Cardiologie. Ingrijiri calificate in cardiologie.<\/li><li>Conf. univ. dr. Andreescu Mihaela- Hematologie<\/li><li>Conf. univ.dr. Toma Mihai \u2013 Medicin\u0103 de urgen\u021b\u0103<\/li><li>Conf. univ. dr. Moldovan Cosmin \u2013 Chirurgie general\u0103<\/li><li>Conf. univ. dr. Botea Florin \u2013 Chirurgie general\u0103<\/li><li>Conf. univ. dr. \u00a0Vasinca Ioan Dumitru \u2013 Oftalmologie. Ingrijiri calificate in oftalmologie<\/li><li>Conf. univ. dr. \u00a0Dinc\u0103 Gabi Valeriu \u2013 Semiologie chirurgical\u0103<\/li><li>Conf. univ. dr. Adam R\u0103zvan \u2013 Urgen\u021be medicale \u0219i prim ajutor medical. M\u0103suri de prim ajutor<\/li><li>Conf. univ. dr. \u00a0Godoroja-Diarto Daniela \u2013 ATI<\/li><li>Conf. univ. dr. Gr\u0103dinaru Eugen Sebastian \u2013 Chirurgie generala<\/li><li>Conf.univ.dr. Potec\u0103 Teodor Dan \u2013 Chirurgie generala<\/li><li>Conf. univ. dr. Olteanu Rodica \u2013 Dermatovenerologie<\/li><li>Conf. univ. dr. \u0218tefan Ion \u2013Boli infectioase<\/li><li>Conf. univ. dr. Gorecki Gabriel Petre \u2013 ATI<\/li><li>Conf. univ. dr. Anghel Daniela \u2013 Reumatologie<\/li><li>Conf. univ. dr. B\u0103lteanu Mara Amalia \u2013 Pneumologie<\/li><li>Conf. univ. dr. Tache-Codreanu Diana Lidia \u2013 Medicin\u0103 fizic\u0103 \u0219i recuperare<\/li><li>S.L. dr.\u00a0 Pricop Mihaela \u2013 ATI si medicina de urgenta. Ingrijirea calificata a bolnavului critic (ATI si urgente medicale)<\/li><li>S.L. dr. Ion Laura \u2013 Pediatrie si puericultura. Ingrijiri calificate in pediatrie si puericultura. Abilitati clinice, calcul de doze.<\/li><li>S.L. dr. Protosevici Mirela \u2013 Neurologie. Ingrijiri calificate in neurologie<\/li><li>S.L. dr. Blendea Dan Corneliu \u2013 Reabilitare medicala. Recuperare si cultura fizica medicala<\/li><li>S.L. dr. Dumitrescu Silviu \u2013 Medicina interna. Cardiologie. Ingrijiri calificate in medicina interna.<\/li><li>S.L. dr. C\u00eerciumaru Bogdan \u2013 Boli infectioase. Epidemiologie clinica. Epidemiologie.<\/li><li>S.L. dr. Mo\u021boescu Eduard Petru \u2013 Psihiatrie. Ingrijirea pacientului cu tulburari in sfera sanatatii mentale si psihiatriei. Stiintele comportamentului; psihologie medicala; sociologie medicala<\/li><li>S.L. dr. Mih\u0103lcescu Ana Maria \u2013 Aspecte juridice ale profesiei. Legislatie sociala si sanitara. Legislatie medicala, organizare profesionala si bioetica<\/li><li>S.L. dr. Stana Dan Mihail \u2013 Chirurgie plastica si microchirurgie reconstructiva<\/li><li>S.L. dr. Soare Ioana \u2013 Ingrijiri paliative<\/li><li>S.L. dr. Com\u0103nici Adrian \u2013 Endocrinologie. Ingrijiri calificate in endocrinologie, diabet si boli de nutritie<\/li><li>S.L. dr. Dr\u0103goescu Daniela Ileana \u2013 Semiologie medicala<\/li><li>S.L. dr. F\u0103rc\u0103\u0219anu Delia-Patricia \u2013 ORL<\/li><li>S.L. dr. Ionescu Diana \u2013 ORL<\/li><li>S.L. dr. Sandu Simona Miriana \u2013 Igien\u0103<\/li><li>S.L. dr. Al Jashi Isam \u2013 Obstetric\u0103<\/li><li>S.L. dr. Furdu-Lungu\u021b Emilia \u2013 Neurologie<\/li><li>S.L. dr. Manasia Daniela \u2013 Oftalmologie<\/li><li>S.L. dr. Mu\u0219at Simona\u00a0\u2013 S\u0103n\u0103tate public\u0103 \u0219i management sanitar. Igien\u0103<\/li><li>S.L. dr. Coltuc radu Valentin \u2013 Semiologie medical\u0103<\/li><li>S.L. dr. Mihai Amelia \u2013 Obstetric\u0103<\/li><li>S.L. dr. Buliman Anca \u2013 Radiologie<\/li><li>S.L. Bealcu Florentina \u2013 Nursing general<\/li><li>S.L. dr. R\u0103dulescu Ionica \u2013 Dermatovenerologie<\/li><li>S.L. dr. Mu\u0219etescu Alina \u2013Dermatovenerologie<\/li><li>S.L. dr. Vlad Costel \u2013 Ortopedie pediatric\u0103<\/li><li>S.L. dr. Tudorache Simona Gabriela \u2013 Chirurgie pediatric\u0103<\/li><li>S.L. dr. Tob\u0103 M\u0103d\u0103lina \u2013 Chirurgie general\u0103<\/li><li>S.L. dr. Foc\u0219eneanu Br\u00eendu\u0219a Ecaterina \u2013 Psihiatrie<\/li><li>S.L. dr. Ben\u021bia R\u0103zvan \u2013 Neurochirurgie<\/li><li>S.L. dr. Constantin Alina \u2013 Gastroenterologie<\/li><li>S.L. dr. Munteanu Alice \u2013 Medicin\u0103 intern\u0103<\/li><li>S.L. dr. Ciuc Diana \u2013 ORL<\/li><li>S.L. dr. Bondar Andrei Cristian\u00a0 \u2013 Psihiatrie<\/li><li>S.L. dr. Merticariu Mircea \u2013 Urologie<\/li><li>S.L. dr. Dinc\u0103 Alexandra Ligia \u2013 Obstetric\u0103<\/li><li>S.L. dr. C\u0103rpus Ioana Doretty \u2013 Ginecologie. Obstetrica<\/li><li>S.L. dr. Anghelescu Dan Valentin \u2013 Ortopedie \u0219i traumatology<\/li><li>S.L. dr. Constantin Ciprian \u2013 Diabet zaharat, nutri\u021bie \u0219i boli metabolice<\/li><li>S.L. dr. Obili\u0219teanu Gabriela \u2013 Medicin\u0103 intern\u0103<\/li><li>S.L. dr. Romanescu Drago\u0219 George \u2013 Semiologie chirurgical\u0103<\/li><li>S.L. dr. Merticariu Corina \u2013 Oftalmologie<\/li><li>S.L. dr. T\u0103nase Mihai \u2013 Chirurgie generala<\/li><li>S.L. dr. Kraft Alin \u2013 Chirurgie generala<\/li><li>S.L. dr. Cuzino Drago\u0219 \u2013 Radiologie<\/li><li>Asist. univ. dr. Ignat Iuliana \u2013 Medicin\u0103 intern\u0103<\/li><li>Asist. univ. dr. Constantin Liviu \u2013 \u0218tiin\u021bele comportamentului<\/li><li>Asist. univ. dr. Neagoe Mariana Alis \u2013 Neurologie<\/li><li>Asist. univ. dr. Panaite Bogdan \u2013 Ginecologie<\/li><li>Asist. univ. dr. Matlac Ileana Carmen \u2013 Ortopedie si traumatologie<\/li><li>Asist. univ. dr. Buic\u0103 Florina \u2013 Oncologie medical\u0103<\/li><li>Asist. univ. dr. Coroescu Mirela \u2013 Radiologie \u2013 imagistic\u0103 medical\u0103<\/li><li>Asist. univ. dr. Lungana Mihai Florin \u2013 Semiologie medical\u0103<\/li><li>Asist. univ. dr. Stoian Mircea \u2013 Radiologie \u2013 imagistic\u0103 medical\u0103<\/li><li>Asist. univ. dr. Prun\u0103 Violeta Ioana \u2013 Oftalmologie<\/li><li>Asist. univ. dr. \u021aone Magdalena Bianca \u2013 Nursing clinic<\/li><li>Asist. univ. dr. Dumitrescu Alexandra \u2013 Chirurgie pediatric\u0103<\/li><li>Asist. univ. dr. Filip Simona Ioana \u2013 Chirurgie minim-invaziv\u0103<\/li><li>Asist. univ. dr. Neac\u0219a Raluca \u2013 Oftalmologie<\/li><li>Asist. univ. dr. Nicodin Mihnea Andrei \u2013 Ginecologie<\/li><li>Asist. univ. dr. Bati\u0219 Laura \u2013 \u00cengrijiri palliative<\/li><li>Asist. univ. dr. Radu Daniel \u2013 M\u0103suri de prim ajutor<\/li><li>Asist. univ. dr. C\u0103nu\u021b Denisa Maria \u2013 Chirurgie pediatric\u0103<\/li><li>Asist. univ. dr. Surduleasa Elena \u2013 Medicin\u0103 de familie<\/li><li>Asist. univ. dr. Iordache Marius Petru\u021b \u2013 Neurologie<\/li><li>Asist. univ. dr. Podin\u0103 Nicoleta \u2013 Gastroenterologi<\/li><\/ul><div>\u00a0<\/div><div><p><strong>Cadre didactice asociate:<\/strong><\/p><ul><li>Prof. univ.dr. Ungureanu Dan Florin \u2013 Chirurgie generala<\/li><li>Prof. univ.dr. \u021aintoiu Ioan \u2013 Medicina interna. Cardiologie. Semiologie medicala<\/li><li>Prof. univ.dr. M\u0103n\u0103stireanu Dan \u2013Masuri de prim-ajutor. Igiena si sanatatea mediului<\/li><li>Prof. univ. dr. Alecu Mihail \u2013 Dermatologie<\/li><li>Conf. univ. dr. Ciurea Jean \u2013 Neurologie<\/li><li>Conf. univ. dr. Ra\u021b\u0103 Horia \u2013 Medicin\u0103 legal\u0103<\/li><li>S.L. dr. Veselu Gabriel \u2013 Abilit\u0103\u021bi practice chirurgicale<\/li><li>Drd. Marinciu Adina \u2013 Chirurgie generala<\/li><li>Drd. Menciu Alina Mihaela \u2013 Hematologie<\/li><li>Dr. Jinga Daniel \u2013 Oncologie medical\u0103<\/li><li>Dr. Anghel Irina Mihaela \u2013 Oncologie medical\u0103<\/li><li>Dr. El-Agha Nadia \u2013 Medicina muncii<\/li><li>Dr. Moise Laura \u2013 Medicina muncii<\/li><li>Dr. Sipo\u0219ean Georgel \u2013 Terapia cu laser<\/li><li>Dr. Fieraru Ioana M\u0103d\u0103lina \u2013 Epidemiologie clinic\u0103<\/li><li>Dr. Lungu Vasile \u2013 Abilit\u0103\u021bi practice chirurgicale<\/li><li>Dr. Dudu\u0219 Dan Ionu\u021b \u2013 Abilit\u0103\u021bi practice chirurgicale<\/li><li>Dr. Vod\u0103 Ioana \u2013 ORL<\/li><li>Drd. Croitoru (Oprea) Camelia \u2013 Semiologie Medical\u0103<\/li><li>Drd. Barbu Andra \u2013 Epidemiologie<\/li><li>Drd. Deaconu Silvia \u2013 Semiologie medical\u0103<\/li><li>Drd. Popescu Alexandru \u2013 Semiologie medical\u0103<\/li><li>Drd. Costache Andreea \u2013 Chirurgie cardio-vascular\u0103<\/li><li>Dr. Buhoar\u0103 Cristina \u2013 Nefrologie<\/li><li>Drd. Buturin Amelia \u2013 Semiologie chirurgical\u0103<\/li><li>Drd. \u0218tef\u0103nescu Alina \u2013 Pediatrie<\/li><li>Drd. D\u0103sc\u0103la\u0219u Mihaela \u2013 Pediatrie<\/li><li>Drd. Dinu Wilhem \u2013 Chirurgie minim-invaziv\u0103<\/li><\/ul><\/div>\t\t\t\t\t\t\t\t<\/div>\n\t\t\t\t<\/div>\n\t\t\t\t\t<\/div>\n\t\t<\/div>\n\t\t\t\t\t<\/div>\n\t\t<\/section>\n\t\t\t\t<section class=\"elementor-section elementor-top-section elementor-element elementor-element-a8c16fc elementor-section-boxed elementor-section-height-default elementor-section-height-default\" data-id=\"a8c16fc\" data-element_type=\"section\" data-e-type=\"section\">\n\t\t\t\t\t\t<div class=\"elementor-container elementor-column-gap-default\">\n\t\t\t\t\t<div class=\"elementor-column elementor-col-100 elementor-top-column elementor-element elementor-element-086f273\" data-id=\"086f273\" data-element_type=\"column\" data-e-type=\"column\">\n\t\t\t<div class=\"elementor-widget-wrap elementor-element-populated\">\n\t\t\t\t\t\t<div class=\"elementor-element elementor-element-417fc7c elementor-widget elementor-widget-spacer\" data-id=\"417fc7c\" data-element_type=\"widget\" data-e-type=\"widget\" data-widget_type=\"spacer.default\">\n\t\t\t\t<div class=\"elementor-widget-container\">\n\t\t\t\t\t\t\t<div class=\"elementor-spacer\">\n\t\t\t<div class=\"elementor-spacer-inner\"><\/div>\n\t\t<\/div>\n\t\t\t\t\t\t<\/div>\n\t\t\t\t<\/div>\n\t\t\t\t\t<\/div>\n\t\t<\/div>\n\t\t\t\t\t<\/div>\n\t\t<\/section>\n\t\t\t\t<\/div>","protected":false},"excerpt":{"rendered":"<p>Cadre didactice DEPARTAMENTUL DISCIPLINELOR PRECLINICE \u00a0 Director de departament:Conf. univ. dr. Tudorache Ioan Sorin Membrii Consiliului Departamentului:Conf. univ. dr. Tudorache Ioan SorinS.L. dr. Oros MihaelaS.L. dr. Petru\u021b \u0218tefana Maria Cadre didactice titulare: Prof. univ. dr. Rusu Elena \u2013Biochimie. Biochimia cavit\u0103\u021bii orale. Prof. univ. dr. Neme\u0219 Roxana \u2013 Fiziopatologie Conf. univ. dr. Tudorache Ioan Sorin \u2013&#8230;<\/p>","protected":false},"author":1,"featured_media":0,"parent":24380,"menu_order":0,"comment_status":"closed","ping_status":"closed","template":"","meta":{"footnotes":""},"class_list":["post-34809","page","type-page","status-publish","hentry"],"_links":{"self":[{"href":"https:\/\/site.utm.ro\/en\/wp-json\/wp\/v2\/pages\/34809","targetHints":{"allow":["GET"]}}],"collection":[{"href":"https:\/\/site.utm.ro\/en\/wp-json\/wp\/v2\/pages"}],"about":[{"href":"https:\/\/site.utm.ro\/en\/wp-json\/wp\/v2\/types\/page"}],"author":[{"embeddable":true,"href":"https:\/\/site.utm.ro\/en\/wp-json\/wp\/v2\/users\/1"}],"replies":[{"embeddable":true,"href":"https:\/\/site.utm.ro\/en\/wp-json\/wp\/v2\/comments?post=34809"}],"version-history":[{"count":0,"href":"https:\/\/site.utm.ro\/en\/wp-json\/wp\/v2\/pages\/34809\/revisions"}],"up":[{"embeddable":true,"href":"https:\/\/site.utm.ro\/en\/wp-json\/wp\/v2\/pages\/24380"}],"wp:attachment":[{"href":"https:\/\/site.utm.ro\/en\/wp-json\/wp\/v2\/media?parent=34809"}],"curies":[{"name":"wp","href":"https:\/\/api.w.org\/{rel}","templated":true}]}}