{"id":34792,"date":"2026-03-12T15:36:04","date_gmt":"2026-03-12T15:36:04","guid":{"rendered":"https:\/\/site.utm.ro\/?page_id=34792"},"modified":"2026-03-12T15:37:00","modified_gmt":"2026-03-12T15:37:00","slug":"word-from-the-dean","status":"publish","type":"page","link":"https:\/\/site.utm.ro\/en\/facultatea-de-medicina\/cuvantul-decanului\/","title":{"rendered":"Facultatea de Medicina &#8211; Cuv\u00e2ntul decanului"},"content":{"rendered":"<div data-elementor-type=\"wp-page\" data-elementor-id=\"34792\" class=\"elementor elementor-34792\" data-elementor-post-type=\"page\">\n\t\t\t\t\t\t<section class=\"elementor-section elementor-top-section elementor-element elementor-element-573b84f elementor-section-full_width elementor-section-height-default elementor-section-height-default\" data-id=\"573b84f\" data-element_type=\"section\" data-e-type=\"section\">\n\t\t\t\t\t\t<div class=\"elementor-container elementor-column-gap-default\">\n\t\t\t\t\t<div class=\"elementor-column elementor-col-100 elementor-top-column elementor-element elementor-element-e155f58\" data-id=\"e155f58\" data-element_type=\"column\" data-e-type=\"column\">\n\t\t\t<div class=\"elementor-widget-wrap elementor-element-populated\">\n\t\t\t\t\t\t<div class=\"elementor-element elementor-element-844f273 elementor-widget elementor-widget-template\" data-id=\"844f273\" data-element_type=\"widget\" data-e-type=\"widget\" data-widget_type=\"template.default\">\n\t\t\t\t<div class=\"elementor-widget-container\">\n\t\t\t\t\t\t\t<div class=\"elementor-template\">\n\t\t\t\t\t<div data-elementor-type=\"section\" data-elementor-id=\"34713\" class=\"elementor elementor-34713\" data-elementor-post-type=\"elementor_library\">\n\t\t\t\t\t<section class=\"elementor-section elementor-top-section elementor-element elementor-element-30b361f4 elementor-section-full_width elementor-section-height-default elementor-section-height-default\" data-id=\"30b361f4\" data-element_type=\"section\" data-e-type=\"section\">\n\t\t\t\t\t\t<div class=\"elementor-container elementor-column-gap-default\">\n\t\t\t\t\t<div class=\"elementor-column elementor-col-100 elementor-top-column elementor-element elementor-element-170f6fff\" data-id=\"170f6fff\" data-element_type=\"column\" data-e-type=\"column\">\n\t\t\t<div class=\"elementor-widget-wrap elementor-element-populated\">\n\t\t\t\t\t\t<div class=\"elementor-element elementor-element-224e85d9 elementor--h-position-center elementor--v-position-middle elementor-pagination-position-inside elementor-widget elementor-widget-slides\" data-id=\"224e85d9\" data-element_type=\"widget\" data-e-type=\"widget\" data-settings=\"{&quot;navigation&quot;:&quot;dots&quot;,&quot;autoplay&quot;:&quot;yes&quot;,&quot;pause_on_hover&quot;:&quot;yes&quot;,&quot;pause_on_interaction&quot;:&quot;yes&quot;,&quot;autoplay_speed&quot;:5000,&quot;infinite&quot;:&quot;yes&quot;,&quot;transition&quot;:&quot;slide&quot;,&quot;transition_speed&quot;:500}\" data-widget_type=\"slides.default\">\n\t\t\t\t<div class=\"elementor-widget-container\">\n\t\t\t\t\t\t\t\t<div class=\"elementor-swiper\">\n\t\t\t\t<div class=\"elementor-slides-wrapper elementor-main-swiper swiper-container\" dir=\"ltr\" data-animation=\"fadeInUp\">\n\t\t\t\t\t<div class=\"swiper-wrapper elementor-slides\">\n\t\t\t\t\t\t\t\t\t\t\t\t<div class=\"elementor-repeater-item-301adab swiper-slide\"><div class=\"swiper-slide-bg\" role=\"img\"><\/div><div class=\"swiper-slide-inner\" ><div class=\"swiper-slide-contents\"><\/div><\/div><\/div>\t\t\t\t\t<\/div>\n\t\t\t\t\t\t\t\t\t<\/div>\n\t\t\t<\/div>\n\t\t\t\t\t\t\t<\/div>\n\t\t\t\t<\/div>\n\t\t\t\t\t<\/div>\n\t\t<\/div>\n\t\t\t\t\t<\/div>\n\t\t<\/section>\n\t\t\t\t<\/div>\n\t\t\t\t<\/div>\n\t\t\t\t\t\t<\/div>\n\t\t\t\t<\/div>\n\t\t\t\t\t<\/div>\n\t\t<\/div>\n\t\t\t\t\t<\/div>\n\t\t<\/section>\n\t\t\t\t<section class=\"elementor-section elementor-top-section elementor-element elementor-element-09a8785 elementor-section-boxed elementor-section-height-default elementor-section-height-default\" data-id=\"09a8785\" data-element_type=\"section\" data-e-type=\"section\">\n\t\t\t\t\t\t<div class=\"elementor-container elementor-column-gap-no\">\n\t\t\t\t\t<div class=\"elementor-column elementor-col-50 elementor-top-column elementor-element elementor-element-5ba4e22 animated-fast elementor-invisible\" data-id=\"5ba4e22\" data-element_type=\"column\" data-e-type=\"column\" data-settings=\"{&quot;background_background&quot;:&quot;classic&quot;,&quot;animation&quot;:&quot;fadeIn&quot;,&quot;animation_tablet&quot;:&quot;none&quot;,&quot;animation_mobile&quot;:&quot;none&quot;,&quot;animation_delay&quot;:100}\">\n\t\t\t<div class=\"elementor-widget-wrap elementor-element-populated\">\n\t\t\t\t\t\t<div class=\"elementor-element elementor-element-609a186 elementor-widget elementor-widget-heading\" data-id=\"609a186\" data-element_type=\"widget\" data-e-type=\"widget\" data-widget_type=\"heading.default\">\n\t\t\t\t<div class=\"elementor-widget-container\">\n\t\t\t\t\t<h1 class=\"elementor-heading-title elementor-size-default\">Word from the Dean<\/h1>\t\t\t\t<\/div>\n\t\t\t\t<\/div>\n\t\t\t\t\t<\/div>\n\t\t<\/div>\n\t\t\t\t<div class=\"elementor-column elementor-col-50 elementor-top-column elementor-element elementor-element-67c752e elementor-hidden-desktop elementor-hidden-tablet elementor-hidden-phone\" data-id=\"67c752e\" data-element_type=\"column\" data-e-type=\"column\">\n\t\t\t<div class=\"elementor-widget-wrap\">\n\t\t\t\t\t\t\t<\/div>\n\t\t<\/div>\n\t\t\t\t\t<\/div>\n\t\t<\/section>\n\t\t\t\t<section class=\"elementor-section elementor-top-section elementor-element elementor-element-c20b627 elementor-section-boxed elementor-section-height-default elementor-section-height-default\" data-id=\"c20b627\" data-element_type=\"section\" data-e-type=\"section\">\n\t\t\t\t\t\t<div class=\"elementor-container elementor-column-gap-default\">\n\t\t\t\t\t<div class=\"elementor-column elementor-col-100 elementor-top-column elementor-element elementor-element-2b2f4d0\" data-id=\"2b2f4d0\" data-element_type=\"column\" data-e-type=\"column\">\n\t\t\t<div class=\"elementor-widget-wrap elementor-element-populated\">\n\t\t\t\t\t\t<div class=\"elementor-element elementor-element-6d382a5 elementor-widget elementor-widget-text-editor\" data-id=\"6d382a5\" data-element_type=\"widget\" data-e-type=\"widget\" data-widget_type=\"text-editor.default\">\n\t\t\t\t<div class=\"elementor-widget-container\">\n\t\t\t\t\t\t\t\t\t<div>\u00cenfiin\u021bat\u0103 \u00een urm\u0103 cu 25 de ani,\u00a0 Universitatea Titu Maiorescu din Bucure\u015fti a fost, \u00eenc\u0103 de la apari\u021bia sa, o institu\u021bie profund inovatoare \u00een peisajul \u00eenv\u0103\u021b\u0103m\u00e2ntului superior din Rom\u00e2nia, at\u00e2t prin abordarea curajoas\u0103 a unor domenii consacrate ca apar\u021bin\u00e2nd \u00eenv\u0103\u021b\u0103m\u00e2ntului public cum este cel al \u00eenv\u0103\u021b\u0103m\u00e2ntului superior medical c\u00e2t \u0219i prin originalitatea \u0219i multidisciplinaritatea stucturii sale. \u00a0Al\u0103turi de facult\u0103\u021bile medicale \u00een structura Universit\u0103\u021bii noastre se afl\u0103 \u0219i facult\u0103\u021bi de drept, de \u0219tiin\u021be economice, de psihologie, informatic\u0103 dar \u0219i alte facult\u0103\u021bi \u0219i specializ\u0103ri, la ora actual\u0103 fiind acoperite 19 programe de studii universitare de licen\u0163\u0103,\u00a025 de programe de studii universitare de master \u0219i dou\u0103 \u015fcoli doctorale\u00a0\u00een care activitatea didactic\u0103 \u015fi \u015ftiin\u0163ific\u0103 este organizat\u0103 pe 12 domenii \u0219tiin\u021bifice.Facult\u0103\u021bile de Medicin\u0103 \u0219i de Farmacie ale Universit\u0103\u021bii Titu Maiorescu nu au devenit doar unele dintre institu\u021biile\u00a0 de \u00eenv\u0103\u021b\u0103m\u00e2nt superior importante din \u021bar\u0103 ci \u0219i un centru universitar medical \u00een cadrul c\u0103ruia\u00a0 se \u00eentrep\u0103trund \u00een fiecare zi, via\u021ba \u0219i activitatea a peste 200 de profesori \u0219i\u00a0 aproape 2000 de studen\u021bi,\u00a0 ce \u00ee\u0219i dedic\u0103 unii altora energia \u0219i eforturile de predare, de \u00eenv\u0103\u021bare \u0219i de performan\u021b\u0103 profesional\u0103.Ast\u0103zi, Facultatea de Medicin\u0103 Titu Maiorescu reprezint\u0103 un mediu academic, pe care at\u00e2t profesorii care l-au slujit c\u00e2t \u0219i studen\u021bii care s-au format aici \u00een acest sfert de secol , au ajuns nu numai s\u0103 \u0219i-l asume dar \u0219i s\u0103 \u00eel identifice ca model\u00a0 al unei depline\u00a0 angaj\u0103ri profesionale \u0219i sociale.\u00a0 De aceea, f\u0103r\u0103 a exagera , se poate spune c\u0103 aniversarea a 25 de ani de la \u00eenfiin\u021barea Universit\u0103\u021bii Titu Maiorescu are o semnifica\u021bie special\u0103 \u2013 cultural\u0103 \u015fi chiar recent istoric\u0103, pentru fiecare dintre noi.Originea acestei semnifica\u021bii profunde, nu rezid\u0103 doar \u00een realitatea evident\u0103 a calit\u0103\u021bii corpului academic \u0219i a absolven\u021bilor no\u0219tri, de care nu se bucur\u0103 chiar \u0219i unele universit\u0103\u021bi de medicin\u0103 publice, ci \u0219i \u00een \u00eensu\u0219i conceptul de universitate, care sedimenteaz\u0103 o dat\u0103 cu trecerea timpului, misiunea educa\u021bional\u0103 \u0219i social\u0103\u00a0 prin \u00eensu\u0219irea de c\u0103tre studen\u021bi a proceselor cunoa\u0219terii \u0219i a spiritului\u00a0 de cercetare,\u00a0 pentru a putea descoperi lucruri noi care s\u0103 permit\u0103 evolu\u021bia societ\u0103\u021bii \u0219i performan\u021ba medical\u0103.Acest fapt s-a dovedit \u00een anii care au trecut, prin participarea important\u0103 a cadrelor didactice \u0219i studen\u0163ilor la eforturile sus\u021binute depuse pentru afirmarea \u0219i consolidarea \u00eenv\u0103\u021b\u0103m\u00e2ntului medical privat \u00een peisajul universitar na\u021bional, fiind duse multe lupte pentru a fi \u00eenvinse prejudec\u0103\u021bi \u0219i uneori chiar interese meschine, care s-au opus cu toat\u0103 puterea recunoa\u0219terii \u0219i afirm\u0103rii unei facult\u0103\u021bi de medicin\u0103 din sistemul de \u00eenv\u0103\u021b\u0103m\u00e2nt privat rom\u00e2nesc.Aceste performan\u021be au fost posibile \u0219i datorit\u0103 sprijinului oferit Universit\u0103\u021bii Titu Maiorescu, de c\u0103tre mai multe institu\u021bii sanitare publice \u00a0de prim\u0103 m\u00e2n\u0103 cum ar fi Spitalul Clinic CF 1 Witting, Spitalul CF 2, Centrul de Boli Cardiovasculare al Armatei \u201dAcad. Vasile C\u00e2ndea\u201d, Spitalul Universitar de Urgen\u021b\u0103 Militar Central \u201ddr.Carol Davila\u201d, Institutul Clinic Fundeni, Spitalul Clinic Jude\u021bean Ilfov, Spitalul Clinic \u201dN.Malaxa\u201d dar \u00a0\u0219i de unit\u0103\u021bi private prestigioase cum este Re\u021beaua Medical\u0103 REGINA MARIA, \u00een prezent Facultatea de Medicin\u0103 av\u00e2nd parteneriate cu peste 20 de spitale clinice din Bucure\u0219ti. Al\u0103turi de acestea, am reu\u0219it s\u0103 punem bazele unei facult\u0103\u021bi de medicin\u0103 cu pronun\u021bat spirit antreprenorial, integrat\u0103 \u00een\u00a0 tendin\u021bele moderne ale \u00eenv\u0103\u021b\u0103m\u00e2ntului superior globalizat, din acest punct de vedere noi fiind unici \u00een Rom\u00e2nia.Prin autonomia universitar\u0103 s-a reu\u0219it realizarea unor performan\u021be care erau de neconceput \u00een urm\u0103 cu 10-15 ani, cum ar fi faptul ca avem p\u00e2n\u0103 acum peste 1000 de absolven\u021bi sau c\u0103 \u00een ultimii ani cca. 70% din absolven\u021bii no\u0219tri au promovat examenul de reziden\u021biat, unii dintre ace\u0219tia ocup\u00e2nd primele locuri la acest concurs. Studen\u021bii no\u0219tri au fost admi\u0219i la cele mai c\u0103utate specialit\u0103\u021bi medicale sau chirurgicale, unde au dovedit c\u0103 pot fi cei mai buni, ajung\u00e2nd \u00een prezent s\u0103 profeseze medicina \u00een spitale \u00a0prestigioase din \u021bar\u0103 sau str\u0103in\u0103tate ori s\u0103 ocupe func\u021bii de conducere \u00een domeniile medical, guvernamental sau \u00een firme interna\u021bionale.Ast\u0103zi, Universitatea Titu Maiorescu \u00eenseamn\u0103 deja tradi\u021bie, recunoa\u0219tere \u0219i valoare academic\u0103. Acest lucru se datoreaz\u0103 \u00een primul r\u00e2nd tuturor acelora, profesori \u0219i studen\u021bi, care prin abnega\u021bie \u0219i profesionalism s-au \u00eenscris \u00een patrimoniul spiritual al Universit\u0103\u021bii \u0219i care, prin eforturile lor sus\u021binute, au f\u0103cut ca aceasta s\u0103 devin\u0103 un reper al sistemului universitar rom\u00e2nesc.Doresc s\u0103 mul\u021bumesc cu deosebit\u0103 c\u0103ldur\u0103 \u0219i \u00eencredere, studen\u021bilor Facult\u0103\u021bii de Medicin\u0103 din Universitatea Titu Maiorescu, pentru implicarea activ\u0103 al\u0103turi de cadrele didactice, \u00een toate proiectele facult\u0103\u021bii \u0219i vreau s\u0103 le reamintesc c\u0103 reu\u0219itele lor sunt cele care ne dau valoare nou\u0103, profesorilor , deoarece numai prin ei putem afirma cu \u00eencredere, c\u0103 suntem o institu\u021bie academic\u0103 de prestigiu.<\/div>\n<div>\u00a0<\/div>\n<div><strong>V\u0103 invit\u0103m s\u0103 veni\u021bi al\u0103turi de noi, \u00een aceast\u0103 echip\u0103 care formeaz\u0103 c\u00e2\u0219tig\u0103tori pentru profesia medical\u0103 \u0219i pentru via\u021b\u0103!<\/strong><\/div>\t\t\t\t\t\t\t\t<\/div>\n\t\t\t\t<\/div>\n\t\t\t\t\t<\/div>\n\t\t<\/div>\n\t\t\t\t\t<\/div>\n\t\t<\/section>\n\t\t\t\t<section class=\"elementor-section elementor-top-section elementor-element elementor-element-a8c16fc elementor-section-boxed elementor-section-height-default elementor-section-height-default\" data-id=\"a8c16fc\" data-element_type=\"section\" data-e-type=\"section\">\n\t\t\t\t\t\t<div class=\"elementor-container elementor-column-gap-default\">\n\t\t\t\t\t<div class=\"elementor-column elementor-col-100 elementor-top-column elementor-element elementor-element-086f273\" data-id=\"086f273\" data-element_type=\"column\" data-e-type=\"column\">\n\t\t\t<div class=\"elementor-widget-wrap elementor-element-populated\">\n\t\t\t\t\t\t<div class=\"elementor-element elementor-element-417fc7c elementor-widget elementor-widget-spacer\" data-id=\"417fc7c\" data-element_type=\"widget\" data-e-type=\"widget\" data-widget_type=\"spacer.default\">\n\t\t\t\t<div class=\"elementor-widget-container\">\n\t\t\t\t\t\t\t<div class=\"elementor-spacer\">\n\t\t\t<div class=\"elementor-spacer-inner\"><\/div>\n\t\t<\/div>\n\t\t\t\t\t\t<\/div>\n\t\t\t\t<\/div>\n\t\t\t\t\t<\/div>\n\t\t<\/div>\n\t\t\t\t\t<\/div>\n\t\t<\/section>\n\t\t\t\t<\/div>","protected":false},"excerpt":{"rendered":"<p>Cuv\u00e2ntul decanului \u00cenfiin\u021bat\u0103 \u00een urm\u0103 cu 25 de ani,\u00a0 Universitatea Titu Maiorescu din Bucure\u015fti a fost, \u00eenc\u0103 de la apari\u021bia sa, o institu\u021bie profund inovatoare \u00een peisajul \u00eenv\u0103\u021b\u0103m\u00e2ntului superior din Rom\u00e2nia, at\u00e2t prin abordarea curajoas\u0103 a unor domenii consacrate ca apar\u021bin\u00e2nd \u00eenv\u0103\u021b\u0103m\u00e2ntului public cum este cel al \u00eenv\u0103\u021b\u0103m\u00e2ntului superior medical c\u00e2t \u0219i prin originalitatea \u0219i&#8230;<\/p>","protected":false},"author":1,"featured_media":0,"parent":24380,"menu_order":0,"comment_status":"closed","ping_status":"closed","template":"","meta":{"footnotes":""},"class_list":["post-34792","page","type-page","status-publish","hentry"],"_links":{"self":[{"href":"https:\/\/site.utm.ro\/en\/wp-json\/wp\/v2\/pages\/34792","targetHints":{"allow":["GET"]}}],"collection":[{"href":"https:\/\/site.utm.ro\/en\/wp-json\/wp\/v2\/pages"}],"about":[{"href":"https:\/\/site.utm.ro\/en\/wp-json\/wp\/v2\/types\/page"}],"author":[{"embeddable":true,"href":"https:\/\/site.utm.ro\/en\/wp-json\/wp\/v2\/users\/1"}],"replies":[{"embeddable":true,"href":"https:\/\/site.utm.ro\/en\/wp-json\/wp\/v2\/comments?post=34792"}],"version-history":[{"count":0,"href":"https:\/\/site.utm.ro\/en\/wp-json\/wp\/v2\/pages\/34792\/revisions"}],"up":[{"embeddable":true,"href":"https:\/\/site.utm.ro\/en\/wp-json\/wp\/v2\/pages\/24380"}],"wp:attachment":[{"href":"https:\/\/site.utm.ro\/en\/wp-json\/wp\/v2\/media?parent=34792"}],"curies":[{"name":"wp","href":"https:\/\/api.w.org\/{rel}","templated":true}]}}