{"id":34784,"date":"2026-03-12T15:34:19","date_gmt":"2026-03-12T15:34:19","guid":{"rendered":"https:\/\/site.utm.ro\/?page_id=34784"},"modified":"2026-03-12T15:35:10","modified_gmt":"2026-03-12T15:35:10","slug":"establishment-and-accreditation","status":"publish","type":"page","link":"https:\/\/site.utm.ro\/en\/facultatea-de-medicina\/infiintare-si-acreditare\/","title":{"rendered":"Facultatea de Medicina &#8211; \u00cenfiin\u021bare \u0219i acreditare"},"content":{"rendered":"<div data-elementor-type=\"wp-page\" data-elementor-id=\"34784\" class=\"elementor elementor-34784\" data-elementor-post-type=\"page\">\n\t\t\t\t\t\t<section class=\"elementor-section elementor-top-section elementor-element elementor-element-573b84f elementor-section-full_width elementor-section-height-default elementor-section-height-default\" data-id=\"573b84f\" data-element_type=\"section\" data-e-type=\"section\">\n\t\t\t\t\t\t<div class=\"elementor-container elementor-column-gap-default\">\n\t\t\t\t\t<div class=\"elementor-column elementor-col-100 elementor-top-column elementor-element elementor-element-e155f58\" data-id=\"e155f58\" data-element_type=\"column\" data-e-type=\"column\">\n\t\t\t<div class=\"elementor-widget-wrap elementor-element-populated\">\n\t\t\t\t\t\t<div class=\"elementor-element elementor-element-844f273 elementor-widget elementor-widget-template\" data-id=\"844f273\" data-element_type=\"widget\" data-e-type=\"widget\" data-widget_type=\"template.default\">\n\t\t\t\t<div class=\"elementor-widget-container\">\n\t\t\t\t\t\t\t<div class=\"elementor-template\">\n\t\t\t\t\t<div data-elementor-type=\"section\" data-elementor-id=\"34713\" class=\"elementor elementor-34713\" data-elementor-post-type=\"elementor_library\">\n\t\t\t\t\t<section class=\"elementor-section elementor-top-section elementor-element elementor-element-30b361f4 elementor-section-full_width elementor-section-height-default elementor-section-height-default\" data-id=\"30b361f4\" data-element_type=\"section\" data-e-type=\"section\">\n\t\t\t\t\t\t<div class=\"elementor-container elementor-column-gap-default\">\n\t\t\t\t\t<div class=\"elementor-column elementor-col-100 elementor-top-column elementor-element elementor-element-170f6fff\" data-id=\"170f6fff\" data-element_type=\"column\" data-e-type=\"column\">\n\t\t\t<div class=\"elementor-widget-wrap elementor-element-populated\">\n\t\t\t\t\t\t<div class=\"elementor-element elementor-element-224e85d9 elementor--h-position-center elementor--v-position-middle elementor-pagination-position-inside elementor-widget elementor-widget-slides\" data-id=\"224e85d9\" data-element_type=\"widget\" data-e-type=\"widget\" data-settings=\"{&quot;navigation&quot;:&quot;dots&quot;,&quot;autoplay&quot;:&quot;yes&quot;,&quot;pause_on_hover&quot;:&quot;yes&quot;,&quot;pause_on_interaction&quot;:&quot;yes&quot;,&quot;autoplay_speed&quot;:5000,&quot;infinite&quot;:&quot;yes&quot;,&quot;transition&quot;:&quot;slide&quot;,&quot;transition_speed&quot;:500}\" data-widget_type=\"slides.default\">\n\t\t\t\t<div class=\"elementor-widget-container\">\n\t\t\t\t\t\t\t\t<div class=\"elementor-swiper\">\n\t\t\t\t<div class=\"elementor-slides-wrapper elementor-main-swiper swiper-container\" dir=\"ltr\" data-animation=\"fadeInUp\">\n\t\t\t\t\t<div class=\"swiper-wrapper elementor-slides\">\n\t\t\t\t\t\t\t\t\t\t\t\t<div class=\"elementor-repeater-item-301adab swiper-slide\"><div class=\"swiper-slide-bg\" role=\"img\"><\/div><div class=\"swiper-slide-inner\" ><div class=\"swiper-slide-contents\"><\/div><\/div><\/div>\t\t\t\t\t<\/div>\n\t\t\t\t\t\t\t\t\t<\/div>\n\t\t\t<\/div>\n\t\t\t\t\t\t\t<\/div>\n\t\t\t\t<\/div>\n\t\t\t\t\t<\/div>\n\t\t<\/div>\n\t\t\t\t\t<\/div>\n\t\t<\/section>\n\t\t\t\t<\/div>\n\t\t\t\t<\/div>\n\t\t\t\t\t\t<\/div>\n\t\t\t\t<\/div>\n\t\t\t\t\t<\/div>\n\t\t<\/div>\n\t\t\t\t\t<\/div>\n\t\t<\/section>\n\t\t\t\t<section class=\"elementor-section elementor-top-section elementor-element elementor-element-09a8785 elementor-section-boxed elementor-section-height-default elementor-section-height-default\" data-id=\"09a8785\" data-element_type=\"section\" data-e-type=\"section\">\n\t\t\t\t\t\t<div class=\"elementor-container elementor-column-gap-no\">\n\t\t\t\t\t<div class=\"elementor-column elementor-col-50 elementor-top-column elementor-element elementor-element-5ba4e22 animated-fast elementor-invisible\" data-id=\"5ba4e22\" data-element_type=\"column\" data-e-type=\"column\" data-settings=\"{&quot;background_background&quot;:&quot;classic&quot;,&quot;animation&quot;:&quot;fadeIn&quot;,&quot;animation_tablet&quot;:&quot;none&quot;,&quot;animation_mobile&quot;:&quot;none&quot;,&quot;animation_delay&quot;:100}\">\n\t\t\t<div class=\"elementor-widget-wrap elementor-element-populated\">\n\t\t\t\t\t\t<div class=\"elementor-element elementor-element-609a186 elementor-widget elementor-widget-heading\" data-id=\"609a186\" data-element_type=\"widget\" data-e-type=\"widget\" data-widget_type=\"heading.default\">\n\t\t\t\t<div class=\"elementor-widget-container\">\n\t\t\t\t\t<h1 class=\"elementor-heading-title elementor-size-default\">Establishment and accreditation<\/h1>\t\t\t\t<\/div>\n\t\t\t\t<\/div>\n\t\t\t\t\t<\/div>\n\t\t<\/div>\n\t\t\t\t<div class=\"elementor-column elementor-col-50 elementor-top-column elementor-element elementor-element-67c752e elementor-hidden-desktop elementor-hidden-tablet elementor-hidden-phone\" data-id=\"67c752e\" data-element_type=\"column\" data-e-type=\"column\">\n\t\t\t<div class=\"elementor-widget-wrap\">\n\t\t\t\t\t\t\t<\/div>\n\t\t<\/div>\n\t\t\t\t\t<\/div>\n\t\t<\/section>\n\t\t\t\t<section class=\"elementor-section elementor-top-section elementor-element elementor-element-c20b627 elementor-section-boxed elementor-section-height-default elementor-section-height-default\" data-id=\"c20b627\" data-element_type=\"section\" data-e-type=\"section\">\n\t\t\t\t\t\t<div class=\"elementor-container elementor-column-gap-default\">\n\t\t\t\t\t<div class=\"elementor-column elementor-col-100 elementor-top-column elementor-element elementor-element-2b2f4d0\" data-id=\"2b2f4d0\" data-element_type=\"column\" data-e-type=\"column\">\n\t\t\t<div class=\"elementor-widget-wrap elementor-element-populated\">\n\t\t\t\t\t\t<div class=\"elementor-element elementor-element-6d382a5 elementor-widget elementor-widget-text-editor\" data-id=\"6d382a5\" data-element_type=\"widget\" data-e-type=\"widget\" data-widget_type=\"text-editor.default\">\n\t\t\t\t<div class=\"elementor-widget-container\">\n\t\t\t\t\t\t\t\t\t<p>Facultatea de Medicin\u0103, care func\u021bioneaz\u0103 \u00een cadrul Universit\u0103\u021bii din anul 1990, afost acreditat\u0103 prin H.G. nr. 944 publicat\u0103 \u00een Monitorul Oficial nr. 675 din 11 septembrie 2002, pentru specializarea medicin\u0103 general\u0103, cu o durat\u0103 a studiilor de 6 ani, av\u00e2nd 360 de credite transferabile, forma de \u00eenv\u0103\u021b\u0103m\u00e2nt zi.<\/p><p>Ini\u0163ial, Facultatea de Medicin\u0103 a Universit\u0103\u0163ii Titu Maiorescu, a avut dou\u0103 specializ\u0103ri distincte: Medicin\u0103 General\u0103 \u015fi Stomatologie.<\/p><p>Din anul universitar 1993-1994 specializarea de stomatologie a devenit facultate de sine st\u0103t\u0103toare, c\u0103p\u0103t\u00e2nd denumirea de Facultatea de Stomatologie.<\/p><p>\u00cen anul2005 afost aprobat\u0103 \u00eenfiin\u021barea \u0219i autorizarea celei de-a doua specializ\u0103ri din cadrul Facult\u0103\u021bii de Medicin\u0103 \u0219i anume aceea de Asisten\u021b\u0103 Medical\u0103, \u00een raport cu prevederile legii 88\/1993 \u0219i a HG nr. 88 din 10 februarie 2005, prin adresa CNEAA nr.2207 din data de 03.11.2005, specializare reglementat\u0103 sectorial de Comunitatea European\u0103, pentru \u00eenv\u0103\u021b\u0103m\u00e2nt de zi.<\/p><p>\u00cen anul 2009, Senatul UTM a decis din considerente manageriale, reorganizarea \u00eenv\u0103\u0163\u0103mantului medical din cadrul UTM, prin unificarea Facult\u0103\u0163ii de Medicin\u0103 cu Facultatea de Medicin\u0103 Dentar\u0103, sub titulatura de Facultatea de Medicina \u015fi Medicin\u0103 Dentar\u0103, av\u00e2nd 4 specializ\u0103ri: medicin\u0103, medicin\u0103 dentar\u0103, asisten\u0163\u0103 medical\u0103 general\u0103 \u015fi tehnic\u0103 dentar\u0103, care a fost aprobat\u0103 prin HG 749, aparut \u00een MO nr.465, din 6 iulie 2009.<\/p><p>\u00cencep\u00e2nd cu anul 2011, cele dou\u0103 facult\u0103\u021bi cu profil medical s-au separat \u00een dou\u0103 structuri academice, Facultatea de Medicin\u0103 \u0219i, respectiv Facultatea de Medicin\u0103 Dentar\u0103.<\/p><p>\u00cen anul 2015, Facultatea de Medicin\u0103 a primit din partea ARACIS calificativul maxim, grad de \u201d\u00eencredere\u201d. Ob\u021binerea acestei acredit\u0103ri reprezint\u0103 o realizare deosebit\u0103, dar \u0219i o adev\u0103rat\u0103 piatr\u0103 de \u00eencercare pentru \u00eentraga comunitate academic\u0103 din facultatea noastr\u0103.<\/p><p>Facultatea de Medicina dispune de personal propriu care corespunde, din punct de vedere al calific\u0103rii profesionale, condi\u021biilor cerute pentru ocuparea posturilor prev\u0103zute.<\/p><p>Structura conducerii Facult\u0103\u021bii de Medicin\u0103 de-a lungul celor 25 de ani a fost urm\u0103toarea:<\/p><p>Decani:\u00a0\u00a0<b>Prof. Univ. Dr. Zaharia Corneliu, Prof. Univ. Dr. Ludovic Paun,\u00a0 Prof. Univ. Dr. Dan Ungureanu, Conf. Univ. Dr. Minerva Ghinescu, Prof. Univ. Dr. Cristian Stan, Prof. Univ. Dr. Daniel Cochior, Conf. Univ. Dr Elena Rusu \u0219i \u00een prezent\u00a0<strong>Conf<\/strong><strong>. Univ. dr. Cosmin Moldovan.<\/strong><\/b><b><\/b><\/p><p>Prodecani:\u00a0<b>Prof. Univ. Dr. Andrei Voinea, Prof. Univ. Dr. Andrei Firica, Prof. Univ. Dr. Dan Ungureanu, Prof. Univ. Dr. Florina Opri\u0219, Prof. Univ. Petru Armean, Conf. Univ. Dr. B\u0103dulescu Adriana, Conf. Univ. Dr. Tanasi Mihai, Conf. Dr. Tudor H\u00e2r\u0219ovescu,\u00a0 Conf. Univ. Dr. Minerva Ghinescu, Conf. Univ. Dr. Gabriel Cristian, Conf. Univ. Dr. Elena Rusu \u0219i \u00een prezent\u00a0<strong>Conf. Univ. Dr. Roxana Neme\u0219 \u0219i \u00a0Asist.univ.dr.\u00a0\u0218tefana Maria PETRU\u021a.<\/strong><\/b><\/p>\t\t\t\t\t\t\t\t<\/div>\n\t\t\t\t<\/div>\n\t\t\t\t\t<\/div>\n\t\t<\/div>\n\t\t\t\t\t<\/div>\n\t\t<\/section>\n\t\t\t\t<section class=\"elementor-section elementor-top-section elementor-element elementor-element-a8c16fc elementor-section-boxed elementor-section-height-default elementor-section-height-default\" data-id=\"a8c16fc\" data-element_type=\"section\" data-e-type=\"section\">\n\t\t\t\t\t\t<div class=\"elementor-container elementor-column-gap-default\">\n\t\t\t\t\t<div class=\"elementor-column elementor-col-100 elementor-top-column elementor-element elementor-element-086f273\" data-id=\"086f273\" data-element_type=\"column\" data-e-type=\"column\">\n\t\t\t<div class=\"elementor-widget-wrap elementor-element-populated\">\n\t\t\t\t\t\t<div class=\"elementor-element elementor-element-417fc7c elementor-widget elementor-widget-spacer\" data-id=\"417fc7c\" data-element_type=\"widget\" data-e-type=\"widget\" data-widget_type=\"spacer.default\">\n\t\t\t\t<div class=\"elementor-widget-container\">\n\t\t\t\t\t\t\t<div class=\"elementor-spacer\">\n\t\t\t<div class=\"elementor-spacer-inner\"><\/div>\n\t\t<\/div>\n\t\t\t\t\t\t<\/div>\n\t\t\t\t<\/div>\n\t\t\t\t\t<\/div>\n\t\t<\/div>\n\t\t\t\t\t<\/div>\n\t\t<\/section>\n\t\t\t\t<\/div>","protected":false},"excerpt":{"rendered":"<p>\u00cenfiin\u021bare \u0219i acreditare Facultatea de Medicin\u0103, care func\u021bioneaz\u0103 \u00een cadrul Universit\u0103\u021bii din anul 1990, afost acreditat\u0103 prin H.G. nr. 944 publicat\u0103 \u00een Monitorul Oficial nr. 675 din 11 septembrie 2002, pentru specializarea medicin\u0103 general\u0103, cu o durat\u0103 a studiilor de 6 ani, av\u00e2nd 360 de credite transferabile, forma de \u00eenv\u0103\u021b\u0103m\u00e2nt zi. Ini\u0163ial, Facultatea de Medicin\u0103&#8230;<\/p>","protected":false},"author":1,"featured_media":0,"parent":24380,"menu_order":0,"comment_status":"closed","ping_status":"closed","template":"","meta":{"footnotes":""},"class_list":["post-34784","page","type-page","status-publish","hentry"],"_links":{"self":[{"href":"https:\/\/site.utm.ro\/en\/wp-json\/wp\/v2\/pages\/34784","targetHints":{"allow":["GET"]}}],"collection":[{"href":"https:\/\/site.utm.ro\/en\/wp-json\/wp\/v2\/pages"}],"about":[{"href":"https:\/\/site.utm.ro\/en\/wp-json\/wp\/v2\/types\/page"}],"author":[{"embeddable":true,"href":"https:\/\/site.utm.ro\/en\/wp-json\/wp\/v2\/users\/1"}],"replies":[{"embeddable":true,"href":"https:\/\/site.utm.ro\/en\/wp-json\/wp\/v2\/comments?post=34784"}],"version-history":[{"count":0,"href":"https:\/\/site.utm.ro\/en\/wp-json\/wp\/v2\/pages\/34784\/revisions"}],"up":[{"embeddable":true,"href":"https:\/\/site.utm.ro\/en\/wp-json\/wp\/v2\/pages\/24380"}],"wp:attachment":[{"href":"https:\/\/site.utm.ro\/en\/wp-json\/wp\/v2\/media?parent=34784"}],"curies":[{"name":"wp","href":"https:\/\/api.w.org\/{rel}","templated":true}]}}