{"id":34357,"date":"2026-03-12T12:37:03","date_gmt":"2026-03-12T12:37:03","guid":{"rendered":"https:\/\/site.utm.ro\/?page_id=34357"},"modified":"2026-03-12T12:43:31","modified_gmt":"2026-03-12T12:43:31","slug":"quality-assurance","status":"publish","type":"page","link":"https:\/\/site.utm.ro\/en\/facultatea-de-drept-bucuresti\/asigurarea-calitatii\/","title":{"rendered":"Facultatea de Drept Bucuresti &#8211; Asigurarea calit\u0103\u021bii"},"content":{"rendered":"<div data-elementor-type=\"wp-page\" data-elementor-id=\"34357\" class=\"elementor elementor-34357\" data-elementor-post-type=\"page\">\n\t\t\t\t\t\t<section class=\"elementor-section elementor-top-section elementor-element elementor-element-d2790a0 elementor-section-full_width elementor-section-height-default elementor-section-height-default\" data-id=\"d2790a0\" data-element_type=\"section\" data-e-type=\"section\">\n\t\t\t\t\t\t<div class=\"elementor-container elementor-column-gap-default\">\n\t\t\t\t\t<div class=\"elementor-column elementor-col-100 elementor-top-column elementor-element elementor-element-f1694ee\" data-id=\"f1694ee\" data-element_type=\"column\" data-e-type=\"column\">\n\t\t\t<div class=\"elementor-widget-wrap elementor-element-populated\">\n\t\t\t\t\t\t<div class=\"elementor-element elementor-element-f194ade elementor-widget elementor-widget-template\" data-id=\"f194ade\" data-element_type=\"widget\" data-e-type=\"widget\" data-widget_type=\"template.default\">\n\t\t\t\t<div class=\"elementor-widget-container\">\n\t\t\t\t\t\t\t<div class=\"elementor-template\">\n\t\t\t\t\t<div data-elementor-type=\"section\" data-elementor-id=\"34275\" class=\"elementor elementor-34275\" data-elementor-post-type=\"elementor_library\">\n\t\t\t\t\t<section class=\"elementor-section elementor-top-section elementor-element elementor-element-30b361f4 elementor-section-full_width elementor-section-height-default elementor-section-height-default\" data-id=\"30b361f4\" data-element_type=\"section\" data-e-type=\"section\">\n\t\t\t\t\t\t<div class=\"elementor-container elementor-column-gap-default\">\n\t\t\t\t\t<div class=\"elementor-column elementor-col-100 elementor-top-column elementor-element elementor-element-170f6fff\" data-id=\"170f6fff\" data-element_type=\"column\" data-e-type=\"column\">\n\t\t\t<div class=\"elementor-widget-wrap elementor-element-populated\">\n\t\t\t\t\t\t<div class=\"elementor-element elementor-element-224e85d9 elementor--h-position-center elementor--v-position-middle elementor-pagination-position-inside elementor-widget elementor-widget-slides\" data-id=\"224e85d9\" data-element_type=\"widget\" data-e-type=\"widget\" data-settings=\"{&quot;navigation&quot;:&quot;dots&quot;,&quot;autoplay&quot;:&quot;yes&quot;,&quot;pause_on_hover&quot;:&quot;yes&quot;,&quot;pause_on_interaction&quot;:&quot;yes&quot;,&quot;autoplay_speed&quot;:5000,&quot;infinite&quot;:&quot;yes&quot;,&quot;transition&quot;:&quot;slide&quot;,&quot;transition_speed&quot;:500}\" data-widget_type=\"slides.default\">\n\t\t\t\t<div class=\"elementor-widget-container\">\n\t\t\t\t\t\t\t\t<div class=\"elementor-swiper\">\n\t\t\t\t<div class=\"elementor-slides-wrapper elementor-main-swiper swiper-container\" dir=\"ltr\" data-animation=\"fadeInUp\">\n\t\t\t\t\t<div class=\"swiper-wrapper elementor-slides\">\n\t\t\t\t\t\t\t\t\t\t\t\t<div class=\"elementor-repeater-item-301adab swiper-slide\"><div class=\"swiper-slide-bg\" role=\"img\"><\/div><div class=\"swiper-slide-inner\" ><div class=\"swiper-slide-contents\"><\/div><\/div><\/div>\t\t\t\t\t<\/div>\n\t\t\t\t\t\t\t\t\t<\/div>\n\t\t\t<\/div>\n\t\t\t\t\t\t\t<\/div>\n\t\t\t\t<\/div>\n\t\t\t\t\t<\/div>\n\t\t<\/div>\n\t\t\t\t\t<\/div>\n\t\t<\/section>\n\t\t\t\t<\/div>\n\t\t\t\t<\/div>\n\t\t\t\t\t\t<\/div>\n\t\t\t\t<\/div>\n\t\t\t\t\t<\/div>\n\t\t<\/div>\n\t\t\t\t\t<\/div>\n\t\t<\/section>\n\t\t\t\t<section class=\"elementor-section elementor-top-section elementor-element elementor-element-02413e4 elementor-section-boxed elementor-section-height-default elementor-section-height-default\" data-id=\"02413e4\" data-element_type=\"section\" data-e-type=\"section\">\n\t\t\t\t\t\t<div class=\"elementor-container elementor-column-gap-no\">\n\t\t\t\t\t<div class=\"elementor-column elementor-col-50 elementor-top-column elementor-element elementor-element-69d54b0 animated-fast elementor-invisible\" data-id=\"69d54b0\" data-element_type=\"column\" data-e-type=\"column\" data-settings=\"{&quot;background_background&quot;:&quot;classic&quot;,&quot;animation&quot;:&quot;fadeIn&quot;,&quot;animation_tablet&quot;:&quot;none&quot;,&quot;animation_mobile&quot;:&quot;none&quot;,&quot;animation_delay&quot;:100}\">\n\t\t\t<div class=\"elementor-widget-wrap elementor-element-populated\">\n\t\t\t\t\t\t<div class=\"elementor-element elementor-element-68b5da0 elementor-widget elementor-widget-heading\" data-id=\"68b5da0\" data-element_type=\"widget\" data-e-type=\"widget\" data-widget_type=\"heading.default\">\n\t\t\t\t<div class=\"elementor-widget-container\">\n\t\t\t\t\t<h1 class=\"elementor-heading-title elementor-size-default\">Quality assurance<\/h1>\t\t\t\t<\/div>\n\t\t\t\t<\/div>\n\t\t\t\t\t<\/div>\n\t\t<\/div>\n\t\t\t\t<div class=\"elementor-column elementor-col-50 elementor-top-column elementor-element elementor-element-95c8d82 elementor-hidden-desktop elementor-hidden-tablet elementor-hidden-phone\" data-id=\"95c8d82\" data-element_type=\"column\" data-e-type=\"column\">\n\t\t\t<div class=\"elementor-widget-wrap\">\n\t\t\t\t\t\t\t<\/div>\n\t\t<\/div>\n\t\t\t\t\t<\/div>\n\t\t<\/section>\n\t\t\t\t<section class=\"elementor-section elementor-top-section elementor-element elementor-element-f4e55be elementor-section-boxed elementor-section-height-default elementor-section-height-default\" data-id=\"f4e55be\" data-element_type=\"section\" data-e-type=\"section\">\n\t\t\t\t\t\t<div class=\"elementor-container elementor-column-gap-default\">\n\t\t\t\t\t<div class=\"elementor-column elementor-col-100 elementor-top-column elementor-element elementor-element-0503feb\" data-id=\"0503feb\" data-element_type=\"column\" data-e-type=\"column\">\n\t\t\t<div class=\"elementor-widget-wrap elementor-element-populated\">\n\t\t\t\t\t\t<div class=\"elementor-element elementor-element-1ba64f6 elementor-widget elementor-widget-text-editor\" data-id=\"1ba64f6\" data-element_type=\"widget\" data-e-type=\"widget\" data-widget_type=\"text-editor.default\">\n\t\t\t\t<div class=\"elementor-widget-container\">\n\t\t\t\t\t\t\t\t\t<ul><li><a href=\"\/wp-content\/uploads\/2026\/03\/raport-de-evaluare-interna-2016-2017.pdf\" target=\"_blank\" rel=\"noopener\">Raport de evaluare interna 2016 2017<\/a><\/li><li><a href=\"\/wp-content\/uploads\/2026\/03\/raport-de-evaluare-interna-2017-2018.pdf\" target=\"_blank\" rel=\"noopener\">Raport de evaluare interna 2017 2018<\/a><\/li><li><a href=\"\/wp-content\/uploads\/2026\/03\/raport-de-evaluare-interna-2018-2019.pdf\" target=\"_blank\" rel=\"noopener\">Raport de evaluare interna 2018 2019<\/a><\/li><li><a href=\"\/wp-content\/uploads\/2026\/03\/raport-de-evaluare-interna-2019-2020.pdf\" target=\"_blank\" rel=\"noopener\">Raport de evaluare interna 2019 2020<\/a><\/li><li><a href=\"\/wp-content\/uploads\/2026\/03\/raport-de-evaluare-interna-2020_2021.pdf\" target=\"_blank\" rel=\"noopener\">Raport de evaluare interna 2020 2021<\/a><\/li><li><a href=\"\/wp-content\/uploads\/2026\/03\/Raport-calitate-2021-2022-1.pdf\">Raport de evaluare interna 2021 2022<\/a><\/li><li><a href=\"\/wp-content\/uploads\/2026\/03\/Raport-de-evaluare-interna-2022-2023-1.pdf\">Raport de evaluare interna 2022 2023<\/a><\/li><li><a href=\"\/wp-content\/uploads\/2026\/03\/Raport-de-evaluare-interna-2023-2024.pdf\">Raport de evaluare interna 2023 2024<\/a><\/li><li><a href=\"\/wp-content\/uploads\/2026\/03\/Raport-evaluare-interna.pdf\">Raport de evaluare interna 2024 2025<\/a><\/li><\/ul><p>\u00a0<\/p><ul><li><a href=\"\/wp-content\/uploads\/2026\/03\/sinteza-evaluare-cd-2016-2017.pdf\" target=\"_blank\" rel=\"noopener\">Sinteza evaluare cd 2016 2017<\/a><\/li><li><a href=\"\/wp-content\/uploads\/2026\/03\/sinteza-evaluare-cd-2017-2018.pdf\" target=\"_blank\" rel=\"noopener\">Sinteza evaluare cd 2017 2018<\/a><\/li><li><a href=\"\/wp-content\/uploads\/2026\/03\/sinteza-evaluare-cd-2018-2019.pdf\" target=\"_blank\" rel=\"noopener\">Sinteza evaluare cd 2018 2019<\/a><\/li><li><a href=\"\/wp-content\/uploads\/2026\/03\/sinteza-evaluare-cd-2019-2020-1.pdf\" target=\"_blank\" rel=\"noopener\">Sinteza evaluare cd 2019-2020<\/a><\/li><li><a href=\"\/wp-content\/uploads\/2026\/03\/sinteza-evaluare-cd-2020_2021.pdf\" target=\"_blank\" rel=\"noopener\">Sinteza evaluare cd 2020_2021<\/a><\/li><li><a href=\"\/wp-content\/uploads\/2026\/03\/FACULTATEA-DE-DREPT-REZULTATE-SINTETICE-EVALUARI-CADRE-DIDACTICE-.pdf\">Sinteza evaluare cd 2021_2022<\/a><\/li><li><a href=\"\/wp-content\/uploads\/2026\/03\/Sinteza-evaluare-cd.-2022-2023.pdf\">Sinteza evaluare cd 2022_2023<\/a><\/li><li><a href=\"\/wp-content\/uploads\/2026\/03\/Sinteza-evaluare-cd-2023-2024-1.pdf\">Sinteza evaluare cd 2023_2024<\/a><\/li><li><a href=\"\/wp-content\/uploads\/2026\/03\/rezultate-sintetice.pdf\">Sinteza evaluare cd 2024_2025<\/a><\/li><\/ul><p>\u00a0<\/p><p>\u00a0<\/p><p>Asigurarea calit\u0103\u021bii \u00een cadrul Facult\u0103\u021bii de Drept se realizeaz\u0103 conform\u00a0 documentelor adoptate la nivelul Universit\u0103\u021bii Titu Maiorescu \u0219i implementate la nivel de Facultate.<\/p><p>\u00cen acest sens, Fcultatea de Drept aplic\u0103 prevederile:<\/p><p>\u00a0<\/p><ul><li>Cartei Universit\u0103\u021bii Titu Maiorescu;<\/li><li>Manualului calit\u0103\u021bii;<\/li><li>Codului asigur\u0103rii calit\u0103\u021bii \u00een activitatea didactic\u0103 \u0219i de cercetare \u0219tiin\u021bific\u0103 al Universit\u0103\u021bii Titu Maiorescu;<\/li><li><a href=\"\/wp-content\/uploads\/2026\/03\/Procedura-autoevaluare-si-evaluare-cadre-didactice.pdf\"><strong>Procedurii de autoevaluare, evaluare colegiala si evaluare de c\u0103tre Directorul de Departament<\/strong><\/a>;<\/li><li><a href=\"\/wp-content\/uploads\/2026\/03\/PROCEDURA-TEAMS-REFERITOARE-LA-EVALUAREA-CADRELOR-DIDACTICE-DE-CATRE-STUDENTI.pdf\"><strong>Procedurii operational\u0103 privind derularea\u00a0 evalu\u0103rii semestriale a cadrelor didactice de c\u0103tre studen\u021bi \/ masteranzi, prin platforma TEAMS<\/strong><\/a>;<\/li><li><a href=\"\/wp-content\/uploads\/2026\/03\/Regulament_Comisie_asigurarea_calitatii.pdf\">Regulamentului de organizare \u0219i func\u021bionare a Comisiei pentru Evaluarea \u0219i Asigurarea Calit\u0103\u021bii \u00een Universitatea Titu Maiorescu<\/a><strong>;<\/strong><\/li><li><a href=\"\/wp-content\/uploads\/2026\/03\/3.-UTM_BMC_PS_003-Audit-intern.pdf\"><strong>Procedurii privind auditul intern al sistemului de management al calit\u0103\u021bii<\/strong><\/a>.<\/li><\/ul><p>\u00a0<\/p><p>Politica Facult\u0103\u021bii de Drept referitoare la calitate vizeaz\u0103:<\/p><ul><li>\u00eembun\u0103t\u0103\u021birea continua a sistemului de management prin instruiri la toate nivelele \u0219i analiza anual\u0103 a acestui sistem;<\/li><li>realizarea obiectivelor calit\u0103\u021bii stabilite la fiecare \u00eenceput de an academic \u0219i analiza anual\u0103 a \u00eendeplinirii acestora;<\/li><li>\u00eembun\u0103t\u0103\u021birea continua a procesului de \u00eenv\u0103\u021bare-predare, prin promovarea unui \u00eenv\u0103\u021b\u0103m\u00e2nt centrat pe student;<\/li><li>cre\u0219terea calit\u0103\u021bii cercet\u0103rii \u0219tiin\u021bifice;<\/li><li>corelarea programelor de studii cu cerin\u021bele p\u0103r\u021bilor interesate-studen\u021bi \u0219i angajatori.<\/li><\/ul><p>\u00cen cadrul Facult\u0103\u021bii de Drept este constituit\u0103\u00a0<em>Comisia pentru evaluarea \u0219i asigurarea calit\u0103\u021bii din cadrul Facult\u0103\u021bii de Drept\u00a0<\/em>cu urm\u0103toarea componen\u021b\u0103<em>:<\/em><\/p><p>\u00a0<\/p><ol><li>Conf.univ.dr.Manuela T\u0103b\u0103ra\u0219-pre\u0219edinte-Decan<\/li><li>Conf.univ.dr.M\u0103d\u0103lina Dinu\u2014Director Departament Drept Privat<\/li><li>Conf. univ.dr.Bogdan V\u00eerjan-Director Departament Drept Public<\/li><li>Conf.univ.dr.Felicia Maxim -Prodecan<\/li><li>Prof..univ.dr.Marieta Safta-membru<\/li><li>Conf.univ.dr.Carmen P\u0103l\u0103cean<\/li><li>Lector univ.dr.Mihaela Iliescu-membru<\/li><li>Student Letcanu Marian-membru<\/li><\/ol><p>\u00a0<\/p><p>Studen\u021bii sunt consulta\u021bi permanent prin metode formale \u0219i informale privind toate aspectele legate de procesul educa\u021bional, serviciile studen\u021be\u0219ti \u0219i infrastructura oferite de universitate, inclusiv prin reprezentarea lor \u00een organele de conducere ale Facult\u0103\u021bii \u0219i Universit\u0103\u021bii. Distribuirea \u0219i prelucrarea chestionarelor de evaluare se face, \u00een prezent, prin intermediul platformei Microsoft Teams.<\/p><p>Pentru evaluarea periodic\u0103 a cadrelor didactice, \u00een Universitatea Titu Maiorescu se utilizeaz\u0103 mai multe criterii \u0219i modalit\u0103\u021bi detaliate \u00een\u00a0<em>Procedura de evaluare a cadrelor didactice \u0219i de cercetare \u0219tiin\u021bific\u0103<\/em>.\u00a0<em>Criterii \u0219i standarde de performan\u021b\u0103.\u00a0<\/em>Aceast\u0103 evaluare se refer\u0103 la cuno\u0219tin\u021bele de specialitate, abilit\u0103\u021bile specifice de comunicare \u0219i rela\u021bionare \u00een mediul academic, capacitatea de transmitere a cuno\u0219tin\u021belor c\u0103tre studen\u021bi \u0219i implicit de utilizare a unui set specific de metode \u0219i instrumente didactice \u0219i pedagogice de predare-\u00eenv\u0103\u021bare, poten\u021bialul de cercetare \u0219tiin\u021bific\u0103 \u0219i deontologia moral\u0103 \u0219i profesional\u0103 a fiec\u0103rui cadru didactic implicat \u00een procesul educa\u021bional, respectarea regulamentelor \u0219i a disciplinei \u00een procesul de \u00eenv\u0103\u021b\u0103m\u00e2nt, implicarea \u00een activit\u0103\u021bile departamentului, facult\u0103\u021bii, universit\u0103\u021bii etc.<\/p><p>Astfel, pentru evaluarea calit\u0103\u021bii personalului didactic \u0219i a altor activit\u0103\u021bi specifice procesului de \u00eenv\u0103\u021b\u0103m\u00e2nt se utilizeaz\u0103 mai multe instrumente, respectiv:<\/p><ul><li>Fi\u0219a de autoevaluare a cadrului didactic;<\/li><li>Fi\u0219a de evaluare colegial\u0103 a cadrului didactic;<\/li><li>Fi\u0219a de evaluare a cadrului didactic de c\u0103tre Directorul de departament;<\/li><li>Chestionarul de evaluare a cadrului didactic de c\u0103tre studen\u021bi\/masteranzi.<\/li><li>Chestionarele specific Programului de studii de licen\u021b\u0103 ID privind evaluarea sistemului tutorial, evaluarea materialelor didactice puse la dispozi\u021bia studentului ID, dar \u0219i evaluatea\u00a0 Platformei Microft Teams.<\/li><\/ul><p>Evaluarea cadrelor didactice de c\u0103tre studen\u021bi se realizeaz\u0103 dup\u0103 fiecare semestru, la toate formele de\u00a0 \u00eenv\u0103\u021b\u0103m\u00e2nt\u00a0 (curs, seminar, lucr\u0103ri practice), prin intermediul unui chestionar de evaluare, aprobat de Senatul UTM.<\/p><p>Evaluarea colegial\u0103 se desf\u0103\u0219oar\u0103 anual, fiecare cadru didactic fiind evaluat de c\u0103tre 3 colegi din Departament.<\/p><p>Evalu\u0103rii colegiale i se adaug\u0103 autoevaluarea cadrelor didactice care se realizeaz\u0103 la sf\u00e2r\u0219itul fiec\u0103rui an universitar, pe acela\u0219i model de chestionar ca \u0219i evaluarea colegial\u0103.<\/p><p>Coroborat cu aceste evalu\u0103ri, fiecare cadru didactic este evaluat anual \u0219i de Directorul de departament, care apreciaz\u0103 activitatea profesional\u0103 \u0219i \u0219tiin\u021bific\u0103 a cadrului didactic de la nivelul Departamentului, Facult\u0103\u021bii \u0219i Universit\u0103\u021bii.<\/p><p>Pe baza rezultatelor evalu\u0103rilor \u0219i a concluziilor acestora, se iau m\u0103suri corective.<\/p>\t\t\t\t\t\t\t\t<\/div>\n\t\t\t\t<\/div>\n\t\t\t\t\t<\/div>\n\t\t<\/div>\n\t\t\t\t\t<\/div>\n\t\t<\/section>\n\t\t\t\t<section class=\"elementor-section elementor-top-section elementor-element elementor-element-35d0949 elementor-section-boxed elementor-section-height-default elementor-section-height-default\" data-id=\"35d0949\" data-element_type=\"section\" data-e-type=\"section\">\n\t\t\t\t\t\t<div class=\"elementor-container elementor-column-gap-default\">\n\t\t\t\t\t<div class=\"elementor-column elementor-col-100 elementor-top-column elementor-element elementor-element-d86790f\" data-id=\"d86790f\" data-element_type=\"column\" data-e-type=\"column\">\n\t\t\t<div class=\"elementor-widget-wrap elementor-element-populated\">\n\t\t\t\t\t\t<div class=\"elementor-element elementor-element-f6861ba elementor-widget elementor-widget-spacer\" data-id=\"f6861ba\" data-element_type=\"widget\" data-e-type=\"widget\" data-widget_type=\"spacer.default\">\n\t\t\t\t<div class=\"elementor-widget-container\">\n\t\t\t\t\t\t\t<div class=\"elementor-spacer\">\n\t\t\t<div class=\"elementor-spacer-inner\"><\/div>\n\t\t<\/div>\n\t\t\t\t\t\t<\/div>\n\t\t\t\t<\/div>\n\t\t\t\t\t<\/div>\n\t\t<\/div>\n\t\t\t\t\t<\/div>\n\t\t<\/section>\n\t\t\t\t<\/div>","protected":false},"excerpt":{"rendered":"<p>Asigurarea calit\u0103\u021bii Raport de evaluare interna 2016 2017 Raport de evaluare interna 2017 2018 Raport de evaluare interna 2018 2019 Raport de evaluare interna 2019 2020 Raport de evaluare interna 2020 2021 Raport de evaluare interna 2021 2022 Raport de evaluare interna 2022 2023 Raport de evaluare interna 2023 2024 Raport de evaluare interna 2024&#8230;<\/p>","protected":false},"author":1,"featured_media":0,"parent":24978,"menu_order":0,"comment_status":"closed","ping_status":"closed","template":"","meta":{"footnotes":""},"class_list":["post-34357","page","type-page","status-publish","hentry"],"_links":{"self":[{"href":"https:\/\/site.utm.ro\/en\/wp-json\/wp\/v2\/pages\/34357","targetHints":{"allow":["GET"]}}],"collection":[{"href":"https:\/\/site.utm.ro\/en\/wp-json\/wp\/v2\/pages"}],"about":[{"href":"https:\/\/site.utm.ro\/en\/wp-json\/wp\/v2\/types\/page"}],"author":[{"embeddable":true,"href":"https:\/\/site.utm.ro\/en\/wp-json\/wp\/v2\/users\/1"}],"replies":[{"embeddable":true,"href":"https:\/\/site.utm.ro\/en\/wp-json\/wp\/v2\/comments?post=34357"}],"version-history":[{"count":0,"href":"https:\/\/site.utm.ro\/en\/wp-json\/wp\/v2\/pages\/34357\/revisions"}],"up":[{"embeddable":true,"href":"https:\/\/site.utm.ro\/en\/wp-json\/wp\/v2\/pages\/24978"}],"wp:attachment":[{"href":"https:\/\/site.utm.ro\/en\/wp-json\/wp\/v2\/media?parent=34357"}],"curies":[{"name":"wp","href":"https:\/\/api.w.org\/{rel}","templated":true}]}}