{"id":34342,"date":"2026-03-12T12:33:58","date_gmt":"2026-03-12T12:33:58","guid":{"rendered":"https:\/\/site.utm.ro\/?page_id=34342"},"modified":"2026-03-12T12:34:30","modified_gmt":"2026-03-12T12:34:30","slug":"faculty-council","status":"publish","type":"page","link":"https:\/\/site.utm.ro\/en\/facultatea-de-drept-bucuresti\/consiliul-facultatii\/","title":{"rendered":"Facultatea de Drept Bucuresti &#8211; Consiliul facult\u0103\u021bii"},"content":{"rendered":"<div data-elementor-type=\"wp-page\" data-elementor-id=\"34342\" class=\"elementor elementor-34342\" data-elementor-post-type=\"page\">\n\t\t\t\t\t\t<section class=\"elementor-section elementor-top-section elementor-element elementor-element-d2790a0 elementor-section-full_width elementor-section-height-default elementor-section-height-default\" data-id=\"d2790a0\" data-element_type=\"section\" data-e-type=\"section\">\n\t\t\t\t\t\t<div class=\"elementor-container elementor-column-gap-default\">\n\t\t\t\t\t<div class=\"elementor-column elementor-col-100 elementor-top-column elementor-element elementor-element-f1694ee\" data-id=\"f1694ee\" data-element_type=\"column\" data-e-type=\"column\">\n\t\t\t<div class=\"elementor-widget-wrap elementor-element-populated\">\n\t\t\t\t\t\t<div class=\"elementor-element elementor-element-f194ade elementor-widget elementor-widget-template\" data-id=\"f194ade\" data-element_type=\"widget\" data-e-type=\"widget\" data-widget_type=\"template.default\">\n\t\t\t\t<div class=\"elementor-widget-container\">\n\t\t\t\t\t\t\t<div class=\"elementor-template\">\n\t\t\t\t\t<div data-elementor-type=\"section\" data-elementor-id=\"34275\" class=\"elementor elementor-34275\" data-elementor-post-type=\"elementor_library\">\n\t\t\t\t\t<section class=\"elementor-section elementor-top-section elementor-element elementor-element-30b361f4 elementor-section-full_width elementor-section-height-default elementor-section-height-default\" data-id=\"30b361f4\" data-element_type=\"section\" data-e-type=\"section\">\n\t\t\t\t\t\t<div class=\"elementor-container elementor-column-gap-default\">\n\t\t\t\t\t<div class=\"elementor-column elementor-col-100 elementor-top-column elementor-element elementor-element-170f6fff\" data-id=\"170f6fff\" data-element_type=\"column\" data-e-type=\"column\">\n\t\t\t<div class=\"elementor-widget-wrap elementor-element-populated\">\n\t\t\t\t\t\t<div class=\"elementor-element elementor-element-224e85d9 elementor--h-position-center elementor--v-position-middle elementor-pagination-position-inside elementor-widget elementor-widget-slides\" data-id=\"224e85d9\" data-element_type=\"widget\" data-e-type=\"widget\" data-settings=\"{&quot;navigation&quot;:&quot;dots&quot;,&quot;autoplay&quot;:&quot;yes&quot;,&quot;pause_on_hover&quot;:&quot;yes&quot;,&quot;pause_on_interaction&quot;:&quot;yes&quot;,&quot;autoplay_speed&quot;:5000,&quot;infinite&quot;:&quot;yes&quot;,&quot;transition&quot;:&quot;slide&quot;,&quot;transition_speed&quot;:500}\" data-widget_type=\"slides.default\">\n\t\t\t\t<div class=\"elementor-widget-container\">\n\t\t\t\t\t\t\t\t<div class=\"elementor-swiper\">\n\t\t\t\t<div class=\"elementor-slides-wrapper elementor-main-swiper swiper-container\" dir=\"ltr\" data-animation=\"fadeInUp\">\n\t\t\t\t\t<div class=\"swiper-wrapper elementor-slides\">\n\t\t\t\t\t\t\t\t\t\t\t\t<div class=\"elementor-repeater-item-301adab swiper-slide\"><div class=\"swiper-slide-bg\" role=\"img\"><\/div><div class=\"swiper-slide-inner\" ><div class=\"swiper-slide-contents\"><\/div><\/div><\/div>\t\t\t\t\t<\/div>\n\t\t\t\t\t\t\t\t\t<\/div>\n\t\t\t<\/div>\n\t\t\t\t\t\t\t<\/div>\n\t\t\t\t<\/div>\n\t\t\t\t\t<\/div>\n\t\t<\/div>\n\t\t\t\t\t<\/div>\n\t\t<\/section>\n\t\t\t\t<\/div>\n\t\t\t\t<\/div>\n\t\t\t\t\t\t<\/div>\n\t\t\t\t<\/div>\n\t\t\t\t\t<\/div>\n\t\t<\/div>\n\t\t\t\t\t<\/div>\n\t\t<\/section>\n\t\t\t\t<section class=\"elementor-section elementor-top-section elementor-element elementor-element-02413e4 elementor-section-boxed elementor-section-height-default elementor-section-height-default\" data-id=\"02413e4\" data-element_type=\"section\" data-e-type=\"section\">\n\t\t\t\t\t\t<div class=\"elementor-container elementor-column-gap-no\">\n\t\t\t\t\t<div class=\"elementor-column elementor-col-50 elementor-top-column elementor-element elementor-element-69d54b0 animated-fast elementor-invisible\" data-id=\"69d54b0\" data-element_type=\"column\" data-e-type=\"column\" data-settings=\"{&quot;background_background&quot;:&quot;classic&quot;,&quot;animation&quot;:&quot;fadeIn&quot;,&quot;animation_tablet&quot;:&quot;none&quot;,&quot;animation_mobile&quot;:&quot;none&quot;,&quot;animation_delay&quot;:100}\">\n\t\t\t<div class=\"elementor-widget-wrap elementor-element-populated\">\n\t\t\t\t\t\t<div class=\"elementor-element elementor-element-68b5da0 elementor-widget elementor-widget-heading\" data-id=\"68b5da0\" data-element_type=\"widget\" data-e-type=\"widget\" data-widget_type=\"heading.default\">\n\t\t\t\t<div class=\"elementor-widget-container\">\n\t\t\t\t\t<h1 class=\"elementor-heading-title elementor-size-default\">Faculty Council<\/h1>\t\t\t\t<\/div>\n\t\t\t\t<\/div>\n\t\t\t\t\t<\/div>\n\t\t<\/div>\n\t\t\t\t<div class=\"elementor-column elementor-col-50 elementor-top-column elementor-element elementor-element-95c8d82 elementor-hidden-desktop elementor-hidden-tablet elementor-hidden-phone\" data-id=\"95c8d82\" data-element_type=\"column\" data-e-type=\"column\">\n\t\t\t<div class=\"elementor-widget-wrap\">\n\t\t\t\t\t\t\t<\/div>\n\t\t<\/div>\n\t\t\t\t\t<\/div>\n\t\t<\/section>\n\t\t\t\t<section class=\"elementor-section elementor-top-section elementor-element elementor-element-8bdd316 elementor-section-boxed elementor-section-height-default elementor-section-height-default\" data-id=\"8bdd316\" data-element_type=\"section\" data-e-type=\"section\">\n\t\t\t\t\t\t<div class=\"elementor-container elementor-column-gap-default\">\n\t\t\t\t\t<div class=\"elementor-column elementor-col-100 elementor-top-column elementor-element elementor-element-aedbd87\" data-id=\"aedbd87\" data-element_type=\"column\" data-e-type=\"column\">\n\t\t\t<div class=\"elementor-widget-wrap elementor-element-populated\">\n\t\t\t\t\t\t<div class=\"elementor-element elementor-element-c701a23 elementor-widget elementor-widget-text-editor\" data-id=\"c701a23\" data-element_type=\"widget\" data-e-type=\"widget\" data-widget_type=\"text-editor.default\">\n\t\t\t\t<div class=\"elementor-widget-container\">\n\t\t\t\t\t\t\t\t\t<div>\n<div>\u00a0<\/div>\n<\/div>\n<div>\n<div>\n<p><strong>CONSILIUL FACULT\u0102\u0162II DE DREPT DIN BUCURE\u015eTI<\/strong><\/p>\n<ol>\n<li>Conf. univ. dr.\u00a0<strong>Manuela T\u0102B\u0102RA\u0218<\/strong><\/li>\n<li>Conf. univ. dr.\u00a0<strong>Felicia MAXIM<\/strong><\/li>\n<li>Conf. univ. dr.\u00a0<strong>Paraschiva Violeta SLAVU<\/strong><\/li>\n<li>Conf. univ. dr.\u00a0<strong>Carmen P\u0102L\u0102CEAN<\/strong><\/li>\n<li>Conf. univ. dr.\u00a0<strong>M\u0103d\u0103lina DINU<\/strong><\/li>\n<li>Conf. univ. dr.\u00a0<strong>Bogdan V\u00ceRJAN<\/strong><\/li>\n<li>University Lecturer Dr.\u00a0<strong>Mihaela Georgiana\u00a0<\/strong><strong>ILIESCU\u00a0<\/strong><\/li>\n<li>University Lecturer Dr.\u00a0<strong>Gheorghe MUSCALU<\/strong><\/li>\n<li><strong>Lora Helena IONESCU\u00a0<\/strong>\u2013 Student\u0103<\/li>\n<li><strong>David Cristian CHIVU<\/strong>\u00a0\u2013 Student<\/li>\n<li><strong>Alexandra \u0218ERB\u0102NESCU<\/strong>\u00a0\u2013 Student\u0103<\/li>\n<\/ol>\n<\/div>\n<\/div>\n<div>\u00a0<\/div>\n<div>\u00a0<\/div>\t\t\t\t\t\t\t\t<\/div>\n\t\t\t\t<\/div>\n\t\t\t\t\t<\/div>\n\t\t<\/div>\n\t\t\t\t\t<\/div>\n\t\t<\/section>\n\t\t\t\t<section class=\"elementor-section elementor-top-section elementor-element elementor-element-35d0949 elementor-section-boxed elementor-section-height-default elementor-section-height-default\" data-id=\"35d0949\" data-element_type=\"section\" data-e-type=\"section\">\n\t\t\t\t\t\t<div class=\"elementor-container elementor-column-gap-default\">\n\t\t\t\t\t<div class=\"elementor-column elementor-col-100 elementor-top-column elementor-element elementor-element-d86790f\" data-id=\"d86790f\" data-element_type=\"column\" data-e-type=\"column\">\n\t\t\t<div class=\"elementor-widget-wrap elementor-element-populated\">\n\t\t\t\t\t\t<div class=\"elementor-element elementor-element-f6861ba elementor-widget elementor-widget-spacer\" data-id=\"f6861ba\" data-element_type=\"widget\" data-e-type=\"widget\" data-widget_type=\"spacer.default\">\n\t\t\t\t<div class=\"elementor-widget-container\">\n\t\t\t\t\t\t\t<div class=\"elementor-spacer\">\n\t\t\t<div class=\"elementor-spacer-inner\"><\/div>\n\t\t<\/div>\n\t\t\t\t\t\t<\/div>\n\t\t\t\t<\/div>\n\t\t\t\t\t<\/div>\n\t\t<\/div>\n\t\t\t\t\t<\/div>\n\t\t<\/section>\n\t\t\t\t<\/div>","protected":false},"excerpt":{"rendered":"<p>Consiliul facult\u0103\u021bii \u00a0 CONSILIUL FACULT\u0102\u0162II DE DREPT DIN BUCURE\u015eTI Conf.univ.dr.\u00a0Manuela T\u0102B\u0102RA\u0218 Conf.univ.dr.\u00a0Felicia MAXIM Conf.univ.dr.\u00a0Paraschiva Violeta SLAVU Conf.univ.dr.\u00a0Carmen P\u0102L\u0102CEAN Conf.univ.dr.\u00a0M\u0103d\u0103lina DINU Conf.univ.dr.\u00a0Bogdan V\u00ceRJAN Lect.univ.dr.\u00a0Mihaela Georgiana\u00a0ILIESCU\u00a0 Lect.univ.dr.\u00a0Gheorghe MUSCALU Lora Helena IONESCU\u00a0\u2013 Student\u0103 David Cristian CHIVU\u00a0\u2013 Student Alexandra \u0218ERB\u0102NESCU\u00a0\u2013 Student\u0103 \u00a0 \u00a0<\/p>","protected":false},"author":1,"featured_media":0,"parent":24978,"menu_order":0,"comment_status":"closed","ping_status":"closed","template":"","meta":{"footnotes":""},"class_list":["post-34342","page","type-page","status-publish","hentry"],"_links":{"self":[{"href":"https:\/\/site.utm.ro\/en\/wp-json\/wp\/v2\/pages\/34342","targetHints":{"allow":["GET"]}}],"collection":[{"href":"https:\/\/site.utm.ro\/en\/wp-json\/wp\/v2\/pages"}],"about":[{"href":"https:\/\/site.utm.ro\/en\/wp-json\/wp\/v2\/types\/page"}],"author":[{"embeddable":true,"href":"https:\/\/site.utm.ro\/en\/wp-json\/wp\/v2\/users\/1"}],"replies":[{"embeddable":true,"href":"https:\/\/site.utm.ro\/en\/wp-json\/wp\/v2\/comments?post=34342"}],"version-history":[{"count":0,"href":"https:\/\/site.utm.ro\/en\/wp-json\/wp\/v2\/pages\/34342\/revisions"}],"up":[{"embeddable":true,"href":"https:\/\/site.utm.ro\/en\/wp-json\/wp\/v2\/pages\/24978"}],"wp:attachment":[{"href":"https:\/\/site.utm.ro\/en\/wp-json\/wp\/v2\/media?parent=34342"}],"curies":[{"name":"wp","href":"https:\/\/api.w.org\/{rel}","templated":true}]}}