{"id":34326,"date":"2026-03-12T12:15:15","date_gmt":"2026-03-12T12:15:15","guid":{"rendered":"https:\/\/site.utm.ro\/?page_id=34326"},"modified":"2026-03-12T12:33:26","modified_gmt":"2026-03-12T12:33:26","slug":"driving","status":"publish","type":"page","link":"https:\/\/site.utm.ro\/en\/facultatea-de-drept-bucuresti\/conducere\/","title":{"rendered":"Facultatea de Drept Bucuresti &#8211; Conducere"},"content":{"rendered":"<div data-elementor-type=\"wp-page\" data-elementor-id=\"34326\" class=\"elementor elementor-34326\" data-elementor-post-type=\"page\">\n\t\t\t\t\t\t<section class=\"elementor-section elementor-top-section elementor-element elementor-element-d2790a0 elementor-section-full_width elementor-section-height-default elementor-section-height-default\" data-id=\"d2790a0\" data-element_type=\"section\" data-e-type=\"section\">\n\t\t\t\t\t\t<div class=\"elementor-container elementor-column-gap-default\">\n\t\t\t\t\t<div class=\"elementor-column elementor-col-100 elementor-top-column elementor-element elementor-element-f1694ee\" data-id=\"f1694ee\" data-element_type=\"column\" data-e-type=\"column\">\n\t\t\t<div class=\"elementor-widget-wrap elementor-element-populated\">\n\t\t\t\t\t\t<div class=\"elementor-element elementor-element-f194ade elementor-widget elementor-widget-template\" data-id=\"f194ade\" data-element_type=\"widget\" data-e-type=\"widget\" data-widget_type=\"template.default\">\n\t\t\t\t<div class=\"elementor-widget-container\">\n\t\t\t\t\t\t\t<div class=\"elementor-template\">\n\t\t\t\t\t<div data-elementor-type=\"section\" data-elementor-id=\"34275\" class=\"elementor elementor-34275\" data-elementor-post-type=\"elementor_library\">\n\t\t\t\t\t<section class=\"elementor-section elementor-top-section elementor-element elementor-element-30b361f4 elementor-section-full_width elementor-section-height-default elementor-section-height-default\" data-id=\"30b361f4\" data-element_type=\"section\" data-e-type=\"section\">\n\t\t\t\t\t\t<div class=\"elementor-container elementor-column-gap-default\">\n\t\t\t\t\t<div class=\"elementor-column elementor-col-100 elementor-top-column elementor-element elementor-element-170f6fff\" data-id=\"170f6fff\" data-element_type=\"column\" data-e-type=\"column\">\n\t\t\t<div class=\"elementor-widget-wrap elementor-element-populated\">\n\t\t\t\t\t\t<div class=\"elementor-element elementor-element-224e85d9 elementor--h-position-center elementor--v-position-middle elementor-pagination-position-inside elementor-widget elementor-widget-slides\" data-id=\"224e85d9\" data-element_type=\"widget\" data-e-type=\"widget\" data-settings=\"{&quot;navigation&quot;:&quot;dots&quot;,&quot;autoplay&quot;:&quot;yes&quot;,&quot;pause_on_hover&quot;:&quot;yes&quot;,&quot;pause_on_interaction&quot;:&quot;yes&quot;,&quot;autoplay_speed&quot;:5000,&quot;infinite&quot;:&quot;yes&quot;,&quot;transition&quot;:&quot;slide&quot;,&quot;transition_speed&quot;:500}\" data-widget_type=\"slides.default\">\n\t\t\t\t<div class=\"elementor-widget-container\">\n\t\t\t\t\t\t\t\t<div class=\"elementor-swiper\">\n\t\t\t\t<div class=\"elementor-slides-wrapper elementor-main-swiper swiper-container\" dir=\"ltr\" data-animation=\"fadeInUp\">\n\t\t\t\t\t<div class=\"swiper-wrapper elementor-slides\">\n\t\t\t\t\t\t\t\t\t\t\t\t<div class=\"elementor-repeater-item-301adab swiper-slide\"><div class=\"swiper-slide-bg\" role=\"img\"><\/div><div class=\"swiper-slide-inner\" ><div class=\"swiper-slide-contents\"><\/div><\/div><\/div>\t\t\t\t\t<\/div>\n\t\t\t\t\t\t\t\t\t<\/div>\n\t\t\t<\/div>\n\t\t\t\t\t\t\t<\/div>\n\t\t\t\t<\/div>\n\t\t\t\t\t<\/div>\n\t\t<\/div>\n\t\t\t\t\t<\/div>\n\t\t<\/section>\n\t\t\t\t<\/div>\n\t\t\t\t<\/div>\n\t\t\t\t\t\t<\/div>\n\t\t\t\t<\/div>\n\t\t\t\t\t<\/div>\n\t\t<\/div>\n\t\t\t\t\t<\/div>\n\t\t<\/section>\n\t\t\t\t<section class=\"elementor-section elementor-top-section elementor-element elementor-element-02413e4 elementor-section-boxed elementor-section-height-default elementor-section-height-default\" data-id=\"02413e4\" data-element_type=\"section\" data-e-type=\"section\">\n\t\t\t\t\t\t<div class=\"elementor-container elementor-column-gap-no\">\n\t\t\t\t\t<div class=\"elementor-column elementor-col-50 elementor-top-column elementor-element elementor-element-69d54b0 animated-fast elementor-invisible\" data-id=\"69d54b0\" data-element_type=\"column\" data-e-type=\"column\" data-settings=\"{&quot;background_background&quot;:&quot;classic&quot;,&quot;animation&quot;:&quot;fadeIn&quot;,&quot;animation_tablet&quot;:&quot;none&quot;,&quot;animation_mobile&quot;:&quot;none&quot;,&quot;animation_delay&quot;:100}\">\n\t\t\t<div class=\"elementor-widget-wrap elementor-element-populated\">\n\t\t\t\t\t\t<div class=\"elementor-element elementor-element-68b5da0 elementor-widget elementor-widget-heading\" data-id=\"68b5da0\" data-element_type=\"widget\" data-e-type=\"widget\" data-widget_type=\"heading.default\">\n\t\t\t\t<div class=\"elementor-widget-container\">\n\t\t\t\t\t<h1 class=\"elementor-heading-title elementor-size-default\">Conducere<\/h1>\t\t\t\t<\/div>\n\t\t\t\t<\/div>\n\t\t\t\t\t<\/div>\n\t\t<\/div>\n\t\t\t\t<div class=\"elementor-column elementor-col-50 elementor-top-column elementor-element elementor-element-95c8d82 elementor-hidden-desktop elementor-hidden-tablet elementor-hidden-phone\" data-id=\"95c8d82\" data-element_type=\"column\" data-e-type=\"column\">\n\t\t\t<div class=\"elementor-widget-wrap\">\n\t\t\t\t\t\t\t<\/div>\n\t\t<\/div>\n\t\t\t\t\t<\/div>\n\t\t<\/section>\n\t\t\t\t<section class=\"elementor-section elementor-top-section elementor-element elementor-element-8bdd316 elementor-section-boxed elementor-section-height-default elementor-section-height-default\" data-id=\"8bdd316\" data-element_type=\"section\" data-e-type=\"section\">\n\t\t\t\t\t\t<div class=\"elementor-container elementor-column-gap-default\">\n\t\t\t\t\t<div class=\"elementor-column elementor-col-100 elementor-top-column elementor-element elementor-element-aedbd87\" data-id=\"aedbd87\" data-element_type=\"column\" data-e-type=\"column\">\n\t\t\t<div class=\"elementor-widget-wrap elementor-element-populated\">\n\t\t\t\t\t\t<div class=\"elementor-element elementor-element-c701a23 elementor-widget elementor-widget-text-editor\" data-id=\"c701a23\" data-element_type=\"widget\" data-e-type=\"widget\" data-widget_type=\"text-editor.default\">\n\t\t\t\t<div class=\"elementor-widget-container\">\n\t\t\t\t\t\t\t\t\t<div><div><h4><strong>Decan<\/strong><\/h4><p><strong>Conf.univ.dr. Manuela T\u0102B\u0102RA\u0218<\/strong><\/p><center><\/center><p>\u00a0<\/p><\/div><\/div><div><figure><div><img fetchpriority=\"high\" decoding=\"async\" title=\"4_Tabaras\" src=\"\/wp-content\/uploads\/2026\/03\/4_Tabaras-200x300.png\" alt=\"\" width=\"200\" height=\"300\" \/><\/div><\/figure><\/div><div><div><p>\u00a0<\/p><p><strong>Contact dates:<\/strong><\/p><p>mail:\u00a0<span lang=\"ro\"><a href=\"mailto:decanat.drept@univ.utm.ro\" target=\"_blank\" rel=\"noopener noreferrer\" shape=\"rect\">decanat.drept@univ.utm.ro<\/a><\/span><\/p><p><strong>Program audiente<\/strong>:\u00a0 marti 10,<sup>00<\/sup>-12,<sup>00<\/sup><\/p><\/div><\/div><div><div><h4 align=\"center\">\u00a0<\/h4><\/div><\/div><div><div>\u00a0<\/div><\/div><div><div><p><strong>DEPARTAMENTUL DE DREPT PRIVAT<\/strong><\/p><p>\u00a0<\/p><ol start=\"1\"><li>Conf. univ.dr.\u00a0<b>M\u0103d\u0103lina DINU<\/b>\u00a0\u2013 Director de departament<\/li><li><div>University Lecturer Dr.\u00a0<b>Alina-Monica AXENTE<\/b>\u00a0\u2013 consilier<\/div><\/li><li>University Lecturer Dr.\u00a0<b>Manulea S\u00ceRBU<\/b>\u2013 consilier<\/li><li>University Lecturer Dr.\u00a0<b>Maria Carolina NI\u021a\u0102<\/b>\u00a0\u2013 consilier<\/li><li>University Lecturer Dr.\u00a0<b>Mihaela Cristina PAUL<\/b>\u00a0\u2013 consilier<\/li><\/ol><div>\u00a0<\/div><hr width=\"100%\" \/><p><strong>\u00a0<\/strong><\/p><p><strong>DEPARTAMENTUL DE DREPT PUBLIC<\/strong><\/p><ol><li>Conf. univ. dr.\u00a0<strong>Bogdan V\u00ceRJAN<\/strong>\u00a0 \u2013 Director de departament<\/li><li>University Lecturer Dr.\u00a0<strong>Andrei TINU<\/strong>\u00a0\u2013 consilier<\/li><li>University Lecturer Dr.\u00a0<strong>Beatrice Maria BERNA<\/strong>\u00a0\u2013 consilier<\/li><li>Lect.univ.dr\u00a0<strong>Daniela PANC \u2013<\/strong>\u00a0consilier<\/li><li>Asist.univ.dr\u00a0<strong>Georgian TOMA \u2013\u00a0<\/strong>consilier<\/li><\/ol><div>\u00a0<\/div><hr \/><p><strong>\u00a0<\/strong><\/p><p><strong>CONSILIUL FACULT\u0102\u0162II DE DREPT DIN BUCURE\u015eTI<\/strong><\/p><ol><li>Conf. univ. dr.\u00a0<strong>Manuela T\u0102B\u0102RA\u0218<\/strong><\/li><li>Conf. univ. dr.\u00a0<strong>Felicia MAXIM<\/strong><\/li><li>Conf. univ. dr.\u00a0<strong>Paraschiva Violeta SLAVU<\/strong><\/li><li>Conf. univ. dr.\u00a0<strong>Carmen P\u0102L\u0102CEAN<\/strong><\/li><li>Conf. univ. dr.\u00a0<strong>M\u0103d\u0103lina DINU<\/strong><\/li><li>Conf. univ. dr.\u00a0<strong>Bogdan V\u00ceRJAN<\/strong><\/li><li>University Lecturer Dr.\u00a0<strong>Mihaela Georgiana\u00a0<\/strong><strong>ILIESCU\u00a0<\/strong><\/li><li>University Lecturer Dr.\u00a0<strong>Gheorghe MUSCALU<\/strong><\/li><li><strong>Lora Helena IONESCU\u00a0<\/strong>\u2013 Student\u0103<\/li><li><strong>David Cristian CHIVU<\/strong>\u00a0\u2013 Student<\/li><li><strong>Alexandra \u0218ERB\u0102NESCU<\/strong>\u00a0\u2013 Student\u0103<\/li><\/ol><\/div><\/div><div><div>\u00a0<\/div><\/div><div><div><p style=\"text-align: left;\" align=\"center\"><b>RESPONSABIL PENTRU \u00ceNV\u0102<\/b><b>\u021a<\/b><b>\u0102<\/b><b>M<\/b><b>\u00c2<\/b><b>NTUL LA DISTAN<\/b><b>\u021a<\/b><b>\u0102<\/b><b><\/b><\/p><p>University Lecturer Dr.<b>Iulia-Elena Nistor<\/b><b><\/b><\/p><\/div><\/div><div><div>\u00a0<\/div><\/div><div><div><p><b>REPREZENTANTII\u00a0\u00a0FACULT\u0102<\/b><b>\u021a<\/b><b>II DE DREPT\u00a0<\/b><b>\u00ce<\/b><b>N SENATUL UNIVERSIT<\/b><b>\u0102<\/b><b>\u021a<\/b><b>II<\/b><\/p><p>1. Prof. univ. dr. <b>Carmen Silvia Paraschiv<\/b><\/p><p>2. Prof. univ. dr. <b>Magda Volonciu<\/b><\/p><p>3. Prof. univ. dr. <b>Marieta Safta<\/b><\/p><p>4. Conf. univ. dr. <b>Tudor Alexandru Chiuariu<\/b><\/p><p>5. <b>Lora Helena Ionescu<\/b>\u2013 Student\u0103<\/p><\/div><\/div>\t\t\t\t\t\t\t\t<\/div>\n\t\t\t\t<\/div>\n\t\t\t\t\t<\/div>\n\t\t<\/div>\n\t\t\t\t\t<\/div>\n\t\t<\/section>\n\t\t\t\t<section class=\"elementor-section elementor-top-section elementor-element elementor-element-35d0949 elementor-section-boxed elementor-section-height-default elementor-section-height-default\" data-id=\"35d0949\" data-element_type=\"section\" data-e-type=\"section\">\n\t\t\t\t\t\t<div class=\"elementor-container elementor-column-gap-default\">\n\t\t\t\t\t<div class=\"elementor-column elementor-col-100 elementor-top-column elementor-element elementor-element-d86790f\" data-id=\"d86790f\" data-element_type=\"column\" data-e-type=\"column\">\n\t\t\t<div class=\"elementor-widget-wrap elementor-element-populated\">\n\t\t\t\t\t\t<div class=\"elementor-element elementor-element-f6861ba elementor-widget elementor-widget-spacer\" data-id=\"f6861ba\" data-element_type=\"widget\" data-e-type=\"widget\" data-widget_type=\"spacer.default\">\n\t\t\t\t<div class=\"elementor-widget-container\">\n\t\t\t\t\t\t\t<div class=\"elementor-spacer\">\n\t\t\t<div class=\"elementor-spacer-inner\"><\/div>\n\t\t<\/div>\n\t\t\t\t\t\t<\/div>\n\t\t\t\t<\/div>\n\t\t\t\t\t<\/div>\n\t\t<\/div>\n\t\t\t\t\t<\/div>\n\t\t<\/section>\n\t\t\t\t<\/div>","protected":false},"excerpt":{"rendered":"<p>Conducere DECAN Conf.univ.dr. Manuela T\u0102B\u0102RA\u0218 \u00a0 \u00a0 Date de contact: mail:\u00a0decanat.drept@univ.utm.ro Program audiente:\u00a0 marti 10,00-12,00 \u00a0 \u00a0 DEPARTAMENTUL DE DREPT PRIVAT \u00a0 Conf. univ.dr.\u00a0M\u0103d\u0103lina DINU\u00a0\u2013 Director de departament Lect.univ.dr.\u00a0Alina-Monica AXENTE\u00a0\u2013 consilier Lect.univ.dr.\u00a0Manulea S\u00ceRBU\u2013 consilier Lect.univ.dr.\u00a0Maria Carolina NI\u021a\u0102\u00a0\u2013 consilier Lect.univ.dr.\u00a0Mihaela Cristina PAUL\u00a0\u2013 consilier \u00a0 \u00a0 DEPARTAMENTUL DE DREPT PUBLIC Conf.univ.dr.\u00a0Bogdan V\u00ceRJAN\u00a0 \u2013 Director de departament Lect.univ.dr.\u00a0Andrei&#8230;<\/p>","protected":false},"author":1,"featured_media":0,"parent":24978,"menu_order":0,"comment_status":"closed","ping_status":"closed","template":"","meta":{"footnotes":""},"class_list":["post-34326","page","type-page","status-publish","hentry"],"_links":{"self":[{"href":"https:\/\/site.utm.ro\/en\/wp-json\/wp\/v2\/pages\/34326","targetHints":{"allow":["GET"]}}],"collection":[{"href":"https:\/\/site.utm.ro\/en\/wp-json\/wp\/v2\/pages"}],"about":[{"href":"https:\/\/site.utm.ro\/en\/wp-json\/wp\/v2\/types\/page"}],"author":[{"embeddable":true,"href":"https:\/\/site.utm.ro\/en\/wp-json\/wp\/v2\/users\/1"}],"replies":[{"embeddable":true,"href":"https:\/\/site.utm.ro\/en\/wp-json\/wp\/v2\/comments?post=34326"}],"version-history":[{"count":0,"href":"https:\/\/site.utm.ro\/en\/wp-json\/wp\/v2\/pages\/34326\/revisions"}],"up":[{"embeddable":true,"href":"https:\/\/site.utm.ro\/en\/wp-json\/wp\/v2\/pages\/24978"}],"wp:attachment":[{"href":"https:\/\/site.utm.ro\/en\/wp-json\/wp\/v2\/media?parent=34326"}],"curies":[{"name":"wp","href":"https:\/\/api.w.org\/{rel}","templated":true}]}}