{"id":33946,"date":"2026-03-12T08:56:25","date_gmt":"2026-03-12T08:56:25","guid":{"rendered":"https:\/\/site.utm.ro\/?page_id=33946"},"modified":"2026-03-12T09:20:35","modified_gmt":"2026-03-12T09:20:35","slug":"public-interest-documents","status":"publish","type":"page","link":"https:\/\/site.utm.ro\/en\/facultatea-de-informatica\/documente-de-interes-public\/","title":{"rendered":"Facultatea de Informatica &#8211; Documente de interes public"},"content":{"rendered":"<div data-elementor-type=\"wp-page\" data-elementor-id=\"33946\" class=\"elementor elementor-33946\" data-elementor-post-type=\"page\">\n\t\t\t\t\t\t<section class=\"elementor-section elementor-top-section elementor-element elementor-element-6f02238 elementor-section-full_width elementor-section-height-default elementor-section-height-default\" data-id=\"6f02238\" data-element_type=\"section\" data-e-type=\"section\">\n\t\t\t\t\t\t<div class=\"elementor-container elementor-column-gap-default\">\n\t\t\t\t\t<div class=\"elementor-column elementor-col-100 elementor-top-column elementor-element elementor-element-9139bc0\" data-id=\"9139bc0\" data-element_type=\"column\" data-e-type=\"column\">\n\t\t\t<div class=\"elementor-widget-wrap elementor-element-populated\">\n\t\t\t\t\t\t<div class=\"elementor-element elementor-element-d235481 elementor-widget elementor-widget-template\" data-id=\"d235481\" data-element_type=\"widget\" data-e-type=\"widget\" data-widget_type=\"template.default\">\n\t\t\t\t<div class=\"elementor-widget-container\">\n\t\t\t\t\t\t\t<div class=\"elementor-template\">\n\t\t\t\t\t<div data-elementor-type=\"section\" data-elementor-id=\"33549\" class=\"elementor elementor-33549\" data-elementor-post-type=\"elementor_library\">\n\t\t\t\t\t<section class=\"elementor-section elementor-top-section elementor-element elementor-element-30b361f4 elementor-section-full_width elementor-section-height-default elementor-section-height-default\" data-id=\"30b361f4\" data-element_type=\"section\" data-e-type=\"section\">\n\t\t\t\t\t\t<div class=\"elementor-container elementor-column-gap-default\">\n\t\t\t\t\t<div class=\"elementor-column elementor-col-100 elementor-top-column elementor-element elementor-element-170f6fff\" data-id=\"170f6fff\" data-element_type=\"column\" data-e-type=\"column\">\n\t\t\t<div class=\"elementor-widget-wrap elementor-element-populated\">\n\t\t\t\t\t\t<div class=\"elementor-element elementor-element-224e85d9 elementor--h-position-center elementor--v-position-middle elementor-pagination-position-inside elementor-widget elementor-widget-slides\" data-id=\"224e85d9\" data-element_type=\"widget\" data-e-type=\"widget\" data-settings=\"{&quot;navigation&quot;:&quot;dots&quot;,&quot;autoplay&quot;:&quot;yes&quot;,&quot;pause_on_hover&quot;:&quot;yes&quot;,&quot;pause_on_interaction&quot;:&quot;yes&quot;,&quot;autoplay_speed&quot;:5000,&quot;infinite&quot;:&quot;yes&quot;,&quot;transition&quot;:&quot;slide&quot;,&quot;transition_speed&quot;:500}\" data-widget_type=\"slides.default\">\n\t\t\t\t<div class=\"elementor-widget-container\">\n\t\t\t\t\t\t\t\t<div class=\"elementor-swiper\">\n\t\t\t\t<div class=\"elementor-slides-wrapper elementor-main-swiper swiper-container\" dir=\"ltr\" data-animation=\"fadeInUp\">\n\t\t\t\t\t<div class=\"swiper-wrapper elementor-slides\">\n\t\t\t\t\t\t\t\t\t\t\t\t<div class=\"elementor-repeater-item-301adab swiper-slide\"><div class=\"swiper-slide-bg\" role=\"img\"><\/div><div class=\"swiper-slide-inner\" ><div class=\"swiper-slide-contents\"><\/div><\/div><\/div>\t\t\t\t\t<\/div>\n\t\t\t\t\t\t\t\t\t<\/div>\n\t\t\t<\/div>\n\t\t\t\t\t\t\t<\/div>\n\t\t\t\t<\/div>\n\t\t\t\t\t<\/div>\n\t\t<\/div>\n\t\t\t\t\t<\/div>\n\t\t<\/section>\n\t\t\t\t<\/div>\n\t\t\t\t<\/div>\n\t\t\t\t\t\t<\/div>\n\t\t\t\t<\/div>\n\t\t\t\t\t<\/div>\n\t\t<\/div>\n\t\t\t\t\t<\/div>\n\t\t<\/section>\n\t\t\t\t<section class=\"elementor-section elementor-top-section elementor-element elementor-element-835d293 elementor-section-boxed elementor-section-height-default elementor-section-height-default\" data-id=\"835d293\" data-element_type=\"section\" data-e-type=\"section\">\n\t\t\t\t\t\t<div class=\"elementor-container elementor-column-gap-no\">\n\t\t\t\t\t<div class=\"elementor-column elementor-col-50 elementor-top-column elementor-element elementor-element-b6ed4c2 animated-fast elementor-invisible\" data-id=\"b6ed4c2\" data-element_type=\"column\" data-e-type=\"column\" data-settings=\"{&quot;background_background&quot;:&quot;classic&quot;,&quot;animation&quot;:&quot;fadeIn&quot;,&quot;animation_tablet&quot;:&quot;none&quot;,&quot;animation_mobile&quot;:&quot;none&quot;,&quot;animation_delay&quot;:100}\">\n\t\t\t<div class=\"elementor-widget-wrap elementor-element-populated\">\n\t\t\t\t\t\t<div class=\"elementor-element elementor-element-93d8114 elementor-widget elementor-widget-heading\" data-id=\"93d8114\" data-element_type=\"widget\" data-e-type=\"widget\" data-widget_type=\"heading.default\">\n\t\t\t\t<div class=\"elementor-widget-container\">\n\t\t\t\t\t<h1 class=\"elementor-heading-title elementor-size-default\"> Documents of public interest<\/h1>\t\t\t\t<\/div>\n\t\t\t\t<\/div>\n\t\t\t\t\t<\/div>\n\t\t<\/div>\n\t\t\t\t<div class=\"elementor-column elementor-col-50 elementor-top-column elementor-element elementor-element-3498da9 elementor-hidden-desktop elementor-hidden-tablet elementor-hidden-phone\" data-id=\"3498da9\" data-element_type=\"column\" data-e-type=\"column\">\n\t\t\t<div class=\"elementor-widget-wrap\">\n\t\t\t\t\t\t\t<\/div>\n\t\t<\/div>\n\t\t\t\t\t<\/div>\n\t\t<\/section>\n\t\t\t\t<section class=\"elementor-section elementor-top-section elementor-element elementor-element-c073d6d elementor-section-boxed elementor-section-height-default elementor-section-height-default\" data-id=\"c073d6d\" data-element_type=\"section\" data-e-type=\"section\" data-settings=\"{&quot;animation&quot;:&quot;none&quot;,&quot;animation_tablet&quot;:&quot;none&quot;,&quot;animation_mobile&quot;:&quot;none&quot;,&quot;animation_delay&quot;:300}\">\n\t\t\t\t\t\t<div class=\"elementor-container elementor-column-gap-no\">\n\t\t\t\t\t<div class=\"elementor-column elementor-col-100 elementor-top-column elementor-element elementor-element-11df614\" data-id=\"11df614\" data-element_type=\"column\" data-e-type=\"column\">\n\t\t\t<div class=\"elementor-widget-wrap elementor-element-populated\">\n\t\t\t\t\t\t<div class=\"elementor-element elementor-element-45063b2 vamtam-theme-table-styles elementor-widget elementor-widget-toggle\" data-id=\"45063b2\" data-element_type=\"widget\" data-e-type=\"widget\" data-widget_type=\"toggle.default\">\n\t\t\t\t<div class=\"elementor-widget-container\">\n\t\t\t\t\t\t\t<div class=\"elementor-toggle\">\n\t\t\t\t\t\t\t<div class=\"elementor-toggle-item\">\n\t\t\t\t\t<h3 id=\"elementor-tab-title-7231\" class=\"elementor-tab-title\" data-tab=\"1\" role=\"button\" aria-controls=\"elementor-tab-content-7231\" aria-expanded=\"false\">\n\t\t\t\t\t\t\t\t\t\t\t\t<span class=\"elementor-toggle-icon elementor-toggle-icon-right\" aria-hidden=\"true\">\n\t\t\t\t\t\t\t\t\t\t\t\t\t\t\t<span class=\"elementor-toggle-icon-closed\"><i class=\"vamtamtheme- vamtam-theme-arrow-down\"><\/i><\/span>\n\t\t\t\t\t\t\t\t<span class=\"elementor-toggle-icon-opened\"><i class=\"elementor-toggle-icon-opened vamtamtheme- vamtam-theme-arrow-up\"><\/i><\/span>\n\t\t\t\t\t\t\t\t\t\t\t\t\t<\/span>\n\t\t\t\t\t\t\t\t\t\t\t\t<a class=\"elementor-toggle-title\" tabindex=\"0\">Discipline de studiu IF \u0219i plan de \u00eenv\u0103\u021b\u0103m\u00e2nt <\/a>\n\t\t\t\t\t<\/h3>\n\n\t\t\t\t\t<div id=\"elementor-tab-content-7231\" class=\"elementor-tab-content elementor-clearfix\" data-tab=\"1\" role=\"region\" aria-labelledby=\"elementor-tab-title-7231\"><div>\n<div>\n<p><strong>CURRICULUM PLAN<\/strong><br \/><strong>for the 2024-2025 academic year<\/strong><\/p>\n<table width=\"582\">\n<tbody>\n<tr>\n<td width=\"194\"><a href=\"\/wp-content\/uploads\/2026\/03\/plan-inv-1-if-24_25-info.pdf\"><strong>I<\/strong><\/a><\/td>\n<td width=\"194\"><a href=\"\/wp-content\/uploads\/2026\/03\/plan-inv-2-if-24_25-info.pdf\"><strong>YEAR II<\/strong><\/a><\/td>\n<td width=\"194\"><a href=\"\/wp-content\/uploads\/2026\/03\/plan-inv-3-if-24_25-info.pdf\"><strong>Year III<\/strong><\/a><\/td>\n<\/tr>\n<\/tbody>\n<\/table>\n<\/div>\n<\/div>\n<div>\n<div>\u00a0<\/div>\n<\/div>\n<div>\n<div data-hover_box_shadow=\"none\" data-hover_border_color=\"#250e62\" data-normal_margins=\"margin:0px;\" data-border_color=\"#250e62\">\n<h3>Year I<\/h3>\n<div>\n<div>\n<p><em>Discipline obligatorii<\/em><\/p>\n<p>Calcul diferen\u021bial \u0219i integral<\/p>\n<p>Logic\u0103 matematic\u0103 \u015fi computa\u0163ional\u0103<\/p>\n<p>Arhitectura sistemelor de calcul<\/p>\n<p>Fundamentele program\u0103rii<\/p>\n<p>Comunicare de specialitate \u00een limba englez\u0103 (I)<\/p>\n<p>Comunicare de specialitate \u00een limba englez\u0103 (II)<\/p>\n<p>Fundamentele algebrice ale informaticii<\/p>\n<p>Calcul numeric<\/p>\n<p>Sisteme de operare<\/p>\n<p>Dezvoltarea aplica\u0163iilor Web<\/p>\n<p>Algoritmica grafurilor<\/p>\n<p>Programare \u00een Python<\/p>\n<p><em>Discipline op\u021bionale<\/em><\/p>\n<p>Inovare \u0219i transformare digital\u0103\/ Redactare \u0219i comunicare \u0219tiin\u021bific\u0103 \u0219i profesional\u0103<\/p>\n<\/div>\n<\/div>\n<h3>Year II<\/h3>\n<div>\n<div>\n<p><em>Discipline obligatorii<\/em><\/p>\n<p>Probabilit\u0103\u0163i \u015fi statistic\u0103<\/p>\n<p>Algoritmi \u015fi structuri de date<\/p>\n<p>Tehnici avansate de programare<\/p>\n<p>Ecua\u0163ii diferen\u0163iale \u015fi sisteme dinamice<\/p>\n<p>Programare orientat\u0103 obiect<\/p>\n<p>Comunicare de specialitate \u00een limba englez\u0103 (III)<\/p>\n<p>Criptografie<\/p>\n<p>Metode avansate de programare<\/p>\n<p>Baze de date<\/p>\n<p>Concepte de afaceri \u00een IT<\/p>\n<p>Etic\u0103 profesional\u0103 \u0219i proprietate intelectual\u0103<\/p>\n<p>Practic\u0103 de specialitate<\/p>\n<p><em>Discipline op\u021bionale<\/em><\/p>\n<p>Tehnologii WEB\/ Medii vizuale de programare<\/p>\n<p>Verificarea \u0219i validarea sistemelor software\/ Managementul proiectelor informatice<\/p>\n<p>Grafic\u0103 pe calculator\/ Cercet\u0103ri opera\u021bionale<\/p>\n<\/div>\n<\/div>\n<h3>Year III<\/h3>\n<div>\n<div>\n<p><em>Discipline obligatorii<\/em><\/p>\n<p>Modelare \u0219i simulare<\/p>\n<p>Sisteme de gestiune a bazelor de date<\/p>\n<p>Inginerie software<\/p>\n<p>Re\u0163ele de calculatoare<\/p>\n<p>Inteligen\u0163\u0103 artificial\u0103<\/p>\n<p>Comer\u021b electronic<\/p>\n<p>Limbaje formale, automate \u0219i calculabilitate<\/p>\n<p>Cloud computing<\/p>\n<p>Securitatea sistemelor informatice<\/p>\n<p>Practic\u0103 de specialitate<\/p>\n<p>Elaborarea lucr\u0103rii de licen\u0163\u0103<\/p>\n<p><em>Discipline op\u021bionale<\/em><\/p>\n<p>Proiectarea interfe\u0163elor utilizator\/ Medii \u0219i instrumente de programare<\/p>\n<p>Dezvoltarea aplica\u021biilor mobile\/ Big data<\/p>\n<p>Tehnici de data mining\/ \u00cenv\u0103\u021bare automat\u0103<\/p>\n<p>Administrarea re\u0163elelor de calculatoare\/ Metode formale \u00een informatic\u0103<\/p>\n<p>Interfe\u021be om-calculator \u0219i robotic\u0103\/ Tehnici de optimizare<\/p>\n<\/div>\n<\/div>\n<\/div>\n<\/div><\/div>\n\t\t\t\t<\/div>\n\t\t\t\t\t\t\t<div class=\"elementor-toggle-item\">\n\t\t\t\t\t<h3 id=\"elementor-tab-title-7232\" class=\"elementor-tab-title\" data-tab=\"2\" role=\"button\" aria-controls=\"elementor-tab-content-7232\" aria-expanded=\"false\">\n\t\t\t\t\t\t\t\t\t\t\t\t<span class=\"elementor-toggle-icon elementor-toggle-icon-right\" aria-hidden=\"true\">\n\t\t\t\t\t\t\t\t\t\t\t\t\t\t\t<span class=\"elementor-toggle-icon-closed\"><i class=\"vamtamtheme- vamtam-theme-arrow-down\"><\/i><\/span>\n\t\t\t\t\t\t\t\t<span class=\"elementor-toggle-icon-opened\"><i class=\"elementor-toggle-icon-opened vamtamtheme- vamtam-theme-arrow-up\"><\/i><\/span>\n\t\t\t\t\t\t\t\t\t\t\t\t\t<\/span>\n\t\t\t\t\t\t\t\t\t\t\t\t<a class=\"elementor-toggle-title\" tabindex=\"0\">Discipline de studiu ID \u0219i plan de \u00eenv\u0103\u021b\u0103m\u00e2nt <\/a>\n\t\t\t\t\t<\/h3>\n\n\t\t\t\t\t<div id=\"elementor-tab-content-7232\" class=\"elementor-tab-content elementor-clearfix\" data-tab=\"2\" role=\"region\" aria-labelledby=\"elementor-tab-title-7232\"><div>\n<div>\n<p><strong>CURRICULUM PLAN<\/strong><br \/><strong>for the 2024-2025 academic year<\/strong><\/p>\n<table width=\"582\">\n<tbody>\n<tr>\n<td width=\"194\"><a href=\"\/wp-content\/uploads\/2026\/03\/plan-inv-1-id-24_25-info.pdf\"><strong>I<\/strong><\/a><\/td>\n<td width=\"194\"><a href=\"\/wp-content\/uploads\/2026\/03\/plan-inv-2-id-24_25-info.pdf\"><strong>YEAR II<\/strong><\/a><\/td>\n<td width=\"194\"><a href=\"\/wp-content\/uploads\/2026\/03\/plan-inv-3-id-24_25-info.pdf\"><strong>Year III<\/strong><\/a><\/td>\n<\/tr>\n<\/tbody>\n<\/table>\n<\/div>\n<\/div>\n<div>\n<div>\u00a0<\/div>\n<\/div>\n<div>\n<div data-hover_box_shadow=\"none\" data-hover_border_color=\"#250e62\" data-normal_margins=\"margin:0px;\" data-border_color=\"#250e62\">\n<h3>Year I<\/h3>\n<div>\n<div>\n<p><em>Discipline obligatorii<\/em><\/p>\n<p>Calcul diferen\u021bial \u0219i integral<\/p>\n<p>Logic\u0103 matematic\u0103 \u015fi computa\u0163ional\u0103<\/p>\n<p>Arhitectura sistemelor de calcul<\/p>\n<p>Fundamentele program\u0103rii<\/p>\n<p>Comunicare de specialitate \u00een limba englez\u0103 (I)<\/p>\n<p>Comunicare de specialitate \u00een limba englez\u0103 (II)<\/p>\n<p>Fundamentele algebrice ale informaticii<\/p>\n<p>Calcul numeric<\/p>\n<p>Sisteme de operare<\/p>\n<p>Dezvoltarea aplica\u0163iilor Web<\/p>\n<p>Algoritmica grafurilor<\/p>\n<p>Programare \u00een Python<\/p>\n<p><em>Discipline op\u021bionale<\/em><\/p>\n<p>Inovare \u0219i transformare digital\u0103\/ Redactare \u0219i comunicare \u0219tiin\u021bific\u0103 \u0219i profesional\u0103<\/p>\n<\/div>\n<\/div>\n<h3>Year II<\/h3>\n<div>\n<div>\n<p><em>Discipline obligatorii<\/em><\/p>\n<p>Probabilit\u0103\u0163i \u015fi statistic\u0103<\/p>\n<p>Algoritmi \u015fi structuri de date<\/p>\n<p>Tehnici avansate de programare<\/p>\n<p>Ecua\u0163ii diferen\u0163iale \u015fi sisteme dinamice<\/p>\n<p>Programare orientat\u0103 obiect<\/p>\n<p>Comunicare de specialitate \u00een limba englez\u0103 (III)<\/p>\n<p>Criptografie<\/p>\n<p>Metode avansate de programare<\/p>\n<p>Baze de date<\/p>\n<p>Concepte de afaceri \u00een IT<\/p>\n<p>Etic\u0103 profesional\u0103 \u0219i proprietate intelectual\u0103<\/p>\n<p>Practic\u0103 de specialitate<\/p>\n<p><em>Discipline op\u021bionale<\/em><\/p>\n<p>Tehnologii WEB\/ Medii vizuale de programare<\/p>\n<p>Verificarea \u0219i validarea sistemelor software\/ Managementul proiectelor informatice<\/p>\n<p>Grafic\u0103 pe calculator\/ Cercet\u0103ri opera\u021bionale<\/p>\n<\/div>\n<\/div>\n<h3>Year III<\/h3>\n<div>\n<div>\n<p><em>Discipline obligatorii<\/em><\/p>\n<p>Modelare \u0219i simulare<\/p>\n<p>Sisteme de gestiune a bazelor de date<\/p>\n<p>Inginerie software<\/p>\n<p>Re\u0163ele de calculatoare<\/p>\n<p>Inteligen\u0163\u0103 artificial\u0103<\/p>\n<p>Comer\u021b electronic<\/p>\n<p>Limbaje formale, automate \u0219i calculabilitate<\/p>\n<p>Cloud computing<\/p>\n<p>Securitatea sistemelor informatice<\/p>\n<p>Practic\u0103 de specialitate<\/p>\n<p>Elaborarea lucr\u0103rii de licen\u0163\u0103<\/p>\n<p><em>Discipline op\u021bionale<\/em><\/p>\n<p>Proiectarea interfe\u0163elor utilizator\/ Medii \u0219i instrumente de programare<\/p>\n<p>Dezvoltarea aplica\u021biilor mobile\/ Big data<\/p>\n<p>Tehnici de data mining\/ \u00cenv\u0103\u021bare automat\u0103<\/p>\n<p>Administrarea re\u0163elelor de calculatoare\/ Metode formale \u00een informatic\u0103<\/p>\n<p>Interfe\u021be om-calculator \u0219i robotic\u0103\/ Tehnici de optimizare<\/p>\n<\/div>\n<\/div>\n<\/div>\n<\/div><\/div>\n\t\t\t\t<\/div>\n\t\t\t\t\t\t\t<div class=\"elementor-toggle-item\">\n\t\t\t\t\t<h3 id=\"elementor-tab-title-7233\" class=\"elementor-tab-title\" data-tab=\"3\" role=\"button\" aria-controls=\"elementor-tab-content-7233\" aria-expanded=\"false\">\n\t\t\t\t\t\t\t\t\t\t\t\t<span class=\"elementor-toggle-icon elementor-toggle-icon-right\" aria-hidden=\"true\">\n\t\t\t\t\t\t\t\t\t\t\t\t\t\t\t<span class=\"elementor-toggle-icon-closed\"><i class=\"vamtamtheme- vamtam-theme-arrow-down\"><\/i><\/span>\n\t\t\t\t\t\t\t\t<span class=\"elementor-toggle-icon-opened\"><i class=\"elementor-toggle-icon-opened vamtamtheme- vamtam-theme-arrow-up\"><\/i><\/span>\n\t\t\t\t\t\t\t\t\t\t\t\t\t<\/span>\n\t\t\t\t\t\t\t\t\t\t\t\t<a class=\"elementor-toggle-title\" tabindex=\"0\">Discipline de studiu Master 1 <\/a>\n\t\t\t\t\t<\/h3>\n\n\t\t\t\t\t<div id=\"elementor-tab-content-7233\" class=\"elementor-tab-content elementor-clearfix\" data-tab=\"3\" role=\"region\" aria-labelledby=\"elementor-tab-title-7233\"><div>\n<div>\n<h3 align=\"center\"><strong>PROGRAMUL DE MASTERAT<br \/>\u201c\u0218tiin\u021ba Datelor \u0219i Inteligen\u021ba Artificial\u0103\u201d<br \/><\/strong><\/h3>\n<p>\u00a0<\/p>\n<p><strong>CURRICULUM PLAN<\/strong><br \/><strong>for the 2025-2026 academic year<\/strong><\/p>\n<table width=\"388\">\n<tbody>\n<tr>\n<td width=\"194\"><a href=\"\/wp-content\/uploads\/2026\/03\/Plan-de-invatamant-Anul-I-master-SDIA-anul-universitar-2025-2026-1.pdf\"><strong>I<\/strong><\/a><\/td>\n<td width=\"194\"><a href=\"\/wp-content\/uploads\/2026\/03\/Plan-de-invatamant-Anul-II-master-SDIA-anul-universitar-2025-2026-1.pdf\"><strong>YEAR II<\/strong><\/a><\/td>\n<\/tr>\n<\/tbody>\n<\/table>\n<\/div>\n<\/div>\n<div>\n<div>\n<p><b>Fi\u0219e Discipline\u00a0<\/b><br \/><strong>for the 2025-2026 academic year<\/strong><\/p>\n<table width=\"388\">\n<tbody>\n<tr>\n<td width=\"194\"><a href=\"\/wp-content\/uploads\/2026\/03\/Master-An-1-SDIA-Fise-Discipline-2025-2025-1.pdf\"><strong>I<\/strong><\/a><\/td>\n<td width=\"194\"><a href=\"\/wp-content\/uploads\/2026\/03\/Master-An-2-SDIA-Fise-Discipline-2025-2026-1.pdf\"><strong>YEAR II<\/strong><\/a><\/td>\n<\/tr>\n<\/tbody>\n<\/table>\n<\/div>\n<\/div>\n<div>\n<div>\n<p><strong>CURRICULUM PLAN<\/strong><br \/><strong>pentru anul universitar 2025-2027<\/strong><\/p>\n<table width=\"388\">\n<tbody>\n<tr>\n<td width=\"194\"><a href=\"\/wp-content\/uploads\/2026\/03\/Plan-de-invatamant-Anul-I-master-SDIA-promotia-2025-2027-3.pdf\"><strong>I<\/strong><\/a><\/td>\n<td width=\"194\"><a href=\"\/wp-content\/uploads\/2026\/03\/Plan-de-invatamant-Anul-II-master-SDIA-promotia-2025-2027-1.pdf\"><strong>YEAR II<\/strong><\/a><\/td>\n<\/tr>\n<\/tbody>\n<\/table>\n<\/div>\n<\/div>\n<div>\n<div data-hover_box_shadow=\"none\" data-hover_border_color=\"#250e62\" data-normal_margins=\"margin:0px;\" data-border_color=\"#250e62\">\n<h3>Year I<\/h3>\n<div>\n<div>\n<p><em>Discipline obligatorii<\/em><\/p>\n<p>Fundamente \u00een \u0218tiin\u021ba Datelor \u0219i Inteligen\u021b\u0103 Artificial\u0103<\/p>\n<p>Programare \u00een Python<\/p>\n<p>Statistici aplicate \u00een \u0218tiin\u021ba Datelor \u0219i Inteligen\u021b\u0103 Artificial\u0103<\/p>\n<p>Prompt engineering<\/p>\n<p>Metode avansate pentru securitatea datelor cu aplica\u021bii \u00een inteligen\u021ba artificial\u0103<\/p>\n<p>Structuri de date avansate<\/p>\n<p>Data mining \u0219i \u00eenv\u0103\u021bare automata<\/p>\n<p>Tehnici de colectare \u0219i manipulare a datelor<\/p>\n<p>Cloud computing pentru analiza datelor<\/p>\n<p>Practic\u0103 de specialitate<\/p>\n<\/div>\n<\/div>\n<h3>Year II<\/h3>\n<div>\n<div>\n<p><em>Discipline obligatorii<\/em><\/p>\n<p>Inteligen\u021b\u0103 artificial\u0103<\/p>\n<p>\u00cenv\u0103\u021bare automat\u0103 deep<\/p>\n<p>Procesarea limbajului natural \u0219i analiza textului<\/p>\n<p>Etic\u0103 \u0219i integritate academic\u0103<\/p>\n<p>Inteligen\u021b\u0103 artificial\u0103 generative<\/p>\n<p>Practic\u0103 de specialitate<\/p>\n<p>Elaborarea lucr\u0103rii de diserta\u021bie<\/p>\n<p><em>Discipline op\u021bionale<\/em><\/p>\n<p>Big data \/ \u0218tiin\u021ba datelor \u00een tranzac\u021bionarea algoritmic\u0103<\/p>\n<p>Business Intelligence \/ Codificarea \u0219i compresia datelor<\/p>\n<p>Securitate cibernetic\u0103 \u00een \u0218tiin\u021ba Datelor \u0219i Inteligen\u021b\u0103 Artificial\u0103 \/ Inginerie software<\/p>\n<\/div>\n<\/div>\n<\/div>\n<\/div><\/div>\n\t\t\t\t<\/div>\n\t\t\t\t\t\t\t<div class=\"elementor-toggle-item\">\n\t\t\t\t\t<h3 id=\"elementor-tab-title-7234\" class=\"elementor-tab-title\" data-tab=\"4\" role=\"button\" aria-controls=\"elementor-tab-content-7234\" aria-expanded=\"false\">\n\t\t\t\t\t\t\t\t\t\t\t\t<span class=\"elementor-toggle-icon elementor-toggle-icon-right\" aria-hidden=\"true\">\n\t\t\t\t\t\t\t\t\t\t\t\t\t\t\t<span class=\"elementor-toggle-icon-closed\"><i class=\"vamtamtheme- vamtam-theme-arrow-down\"><\/i><\/span>\n\t\t\t\t\t\t\t\t<span class=\"elementor-toggle-icon-opened\"><i class=\"elementor-toggle-icon-opened vamtamtheme- vamtam-theme-arrow-up\"><\/i><\/span>\n\t\t\t\t\t\t\t\t\t\t\t\t\t<\/span>\n\t\t\t\t\t\t\t\t\t\t\t\t<a class=\"elementor-toggle-title\" tabindex=\"0\">Discipline de studiu Master 2<\/a>\n\t\t\t\t\t<\/h3>\n\n\t\t\t\t\t<div id=\"elementor-tab-content-7234\" class=\"elementor-tab-content elementor-clearfix\" data-tab=\"4\" role=\"region\" aria-labelledby=\"elementor-tab-title-7234\"><div>\n<div>\n<h3 align=\"center\"><strong>PROGRAMUL DE MASTERAT<br \/>\u201cSecuritatea sistemelor informatice \u0219i a re\u021belelor informa\u021bionale\u201d<br \/><\/strong><\/h3>\n<p>\u00a0<\/p>\n<p><strong>CURRICULUM PLAN<\/strong><br \/><strong>for the 2025-2026 academic year<\/strong><\/p>\n<table width=\"388\">\n<tbody>\n<tr>\n<td width=\"194\"><a href=\"\/wp-content\/uploads\/2026\/03\/Plan-de-invatamant-Anul-I-master-SSIRI-anul-universitar-2025-2026.pdf\"><strong>I<\/strong><\/a><\/td>\n<td width=\"194\"><a href=\"\/wp-content\/uploads\/2026\/03\/Plan-de-invatamant-Anul-II-master-SSIRI-anul-universitar-2025-2026.pdf\"><strong>YEAR II<\/strong><\/a><\/td>\n<\/tr>\n<\/tbody>\n<\/table>\n<\/div>\n<\/div>\n<div>\n<div>\n<p><b>Fi\u0219e de disciplin\u0103\u00a0<\/b><br \/><strong>for the 2025-2026 academic year<\/strong><\/p>\n<table width=\"388\">\n<tbody>\n<tr>\n<td width=\"194\"><a href=\"\/wp-content\/uploads\/2026\/03\/Master-An-1-SSRI-Fise-Discipline-2025-2026.pdf\"><strong>I<\/strong><\/a><\/td>\n<td width=\"194\"><a href=\"\/wp-content\/uploads\/2026\/03\/Master-An-2-SSRI-Fise-Discipline-2025-2026.pdf\"><strong>YEAR II<\/strong><\/a><\/td>\n<\/tr>\n<\/tbody>\n<\/table>\n<\/div>\n<\/div>\n<div>\n<div>\n<p><strong>CURRICULUM PLAN<\/strong><br \/><strong>promo\u021bia 2025-2027<\/strong><\/p>\n<table width=\"388\">\n<tbody>\n<tr>\n<td width=\"194\"><a href=\"\/wp-content\/uploads\/2026\/03\/Plan-de-invatamant-Anul-I-master-SSIRI-promotia-2025-2027.pdf\"><strong>I<\/strong><\/a><\/td>\n<td width=\"194\"><a href=\"\/wp-content\/uploads\/2026\/03\/Plan-de-invatamant-Anul-II-master-SSIRI-promotia-2025-2027.pdf\"><strong>YEAR II<\/strong><\/a><\/td>\n<\/tr>\n<\/tbody>\n<\/table>\n<\/div>\n<\/div>\n<div>\n<div data-hover_box_shadow=\"none\" data-hover_border_color=\"#250e62\" data-normal_margins=\"margin:0px;\" data-border_color=\"#250e62\">\n<h3>Year I<\/h3>\n<div>\n<div>\n<p><em>Discipline obligatorii<\/em><\/p>\n<p>\u00cenv\u0103\u021bare automat\u0103 \u00een securitatea informa\u0163iei<\/p>\n<p>Criptografie computa\u0163ional\u0103<\/p>\n<p>Securitatea re\u021belelor de calculatoare<\/p>\n<p>Metodologia cercet\u0103rii \u015ftiin\u0163ifice \u00een informatic\u0103<\/p>\n<p>Securitatea bazelor de date<\/p>\n<p>Securitate \u00een cloud<\/p>\n<p>Securitatea documentelor electronice<\/p>\n<p>Securitatea codului surs\u0103<\/p>\n<p>Practic\u0103 de specialitate<\/p>\n<\/div>\n<\/div>\n<h3>Year II<\/h3>\n<div>\n<div>\n<p><em>Discipline obligatorii<\/em><\/p>\n<p>Securitatea re\u0163elelor de comunica\u0163ii<\/p>\n<p>Fiabilitatea \u0219i testarea sistemelor de calcul<\/p>\n<p>Securitatea aplica\u0163iilor WEB<\/p>\n<p>R\u0103zboi cibernetic<\/p>\n<p>Securitatea re\u021belelor mobile \u0219i wireless<\/p>\n<p>Etic\u0103 \u0219i integritate academic\u0103<\/p>\n<p>Practic\u0103 de specialitate<\/p>\n<p>Elaborarea lucr\u0103rii de diserta\u021bie<\/p>\n<p><em>Discipline op\u021bionale<\/em><\/p>\n<p>Securitate cibernetic\u0103 \/ Protectia datelor cu caracter personal (GDPR)<\/p>\n<p>Managementul, auditul \u0219i certificarea securit\u0103\u021bii sistemelor informatice \/ Criminalitate informatic\u0103, colectarea \u0219i investigarea probelor (Digital Forensics)<\/p>\n<p><em>\u00a0<\/em><\/p>\n<\/div>\n<\/div>\n<\/div>\n<\/div><\/div>\n\t\t\t\t<\/div>\n\t\t\t\t\t\t\t\t<\/div>\n\t\t\t\t\t\t<\/div>\n\t\t\t\t<\/div>\n\t\t\t\t\t<\/div>\n\t\t<\/div>\n\t\t\t\t\t<\/div>\n\t\t<\/section>\n\t\t\t\t<section class=\"elementor-section elementor-top-section elementor-element elementor-element-ddcfcec elementor-section-boxed elementor-section-height-default elementor-section-height-default\" data-id=\"ddcfcec\" data-element_type=\"section\" data-e-type=\"section\">\n\t\t\t\t\t\t<div class=\"elementor-container elementor-column-gap-default\">\n\t\t\t\t\t<div class=\"elementor-column elementor-col-100 elementor-top-column elementor-element elementor-element-f892255\" data-id=\"f892255\" data-element_type=\"column\" data-e-type=\"column\">\n\t\t\t<div class=\"elementor-widget-wrap elementor-element-populated\">\n\t\t\t\t\t\t<div class=\"elementor-element elementor-element-2acacc1 elementor-widget elementor-widget-spacer\" data-id=\"2acacc1\" data-element_type=\"widget\" data-e-type=\"widget\" data-widget_type=\"spacer.default\">\n\t\t\t\t<div class=\"elementor-widget-container\">\n\t\t\t\t\t\t\t<div class=\"elementor-spacer\">\n\t\t\t<div class=\"elementor-spacer-inner\"><\/div>\n\t\t<\/div>\n\t\t\t\t\t\t<\/div>\n\t\t\t\t<\/div>\n\t\t\t\t\t<\/div>\n\t\t<\/div>\n\t\t\t\t\t<\/div>\n\t\t<\/section>\n\t\t\t\t<\/div>","protected":false},"excerpt":{"rendered":"<p>Documente de interes public Discipline de studiu IF \u0219i plan de \u00eenv\u0103\u021b\u0103m\u00e2nt PLAN DE \u00ceNV\u0102\u021a\u0102M\u00c2NTpentru anul universitar 2024-2025 AN I AN II AN III \u00a0 Anul I Discipline obligatorii Calcul diferen\u021bial \u0219i integral Logic\u0103 matematic\u0103 \u015fi computa\u0163ional\u0103 Arhitectura sistemelor de calcul Fundamentele program\u0103rii Comunicare de specialitate \u00een limba englez\u0103 (I) Comunicare de specialitate \u00een limba&#8230;<\/p>","protected":false},"author":1,"featured_media":0,"parent":24990,"menu_order":0,"comment_status":"closed","ping_status":"closed","template":"","meta":{"footnotes":""},"class_list":["post-33946","page","type-page","status-publish","hentry"],"_links":{"self":[{"href":"https:\/\/site.utm.ro\/en\/wp-json\/wp\/v2\/pages\/33946","targetHints":{"allow":["GET"]}}],"collection":[{"href":"https:\/\/site.utm.ro\/en\/wp-json\/wp\/v2\/pages"}],"about":[{"href":"https:\/\/site.utm.ro\/en\/wp-json\/wp\/v2\/types\/page"}],"author":[{"embeddable":true,"href":"https:\/\/site.utm.ro\/en\/wp-json\/wp\/v2\/users\/1"}],"replies":[{"embeddable":true,"href":"https:\/\/site.utm.ro\/en\/wp-json\/wp\/v2\/comments?post=33946"}],"version-history":[{"count":0,"href":"https:\/\/site.utm.ro\/en\/wp-json\/wp\/v2\/pages\/33946\/revisions"}],"up":[{"embeddable":true,"href":"https:\/\/site.utm.ro\/en\/wp-json\/wp\/v2\/pages\/24990"}],"wp:attachment":[{"href":"https:\/\/site.utm.ro\/en\/wp-json\/wp\/v2\/media?parent=33946"}],"curies":[{"name":"wp","href":"https:\/\/api.w.org\/{rel}","templated":true}]}}