{"id":33267,"date":"2026-03-11T14:59:30","date_gmt":"2026-03-11T14:59:30","guid":{"rendered":"https:\/\/site.utm.ro\/?page_id=33267"},"modified":"2026-03-11T15:02:11","modified_gmt":"2026-03-11T15:02:11","slug":"documente-utile","status":"publish","type":"page","link":"https:\/\/site.utm.ro\/en\/doctorat\/scoala-doctorala-medicina-dentara\/documente-utile\/","title":{"rendered":"\u0218coala Doctoral\u0103 Medicin\u0103 Dentar\u0103 &#8211; Documente utile"},"content":{"rendered":"<div data-elementor-type=\"wp-page\" data-elementor-id=\"33267\" class=\"elementor elementor-33267\" data-elementor-post-type=\"page\">\n\t\t\t\t\t\t<section class=\"elementor-section elementor-top-section elementor-element elementor-element-faeb428 elementor-section-full_width elementor-section-height-default elementor-section-height-default\" data-id=\"faeb428\" data-element_type=\"section\" data-e-type=\"section\">\n\t\t\t\t\t\t<div class=\"elementor-container elementor-column-gap-default\">\n\t\t\t\t\t<div class=\"elementor-column elementor-col-100 elementor-top-column elementor-element elementor-element-84172bf\" data-id=\"84172bf\" data-element_type=\"column\" data-e-type=\"column\">\n\t\t\t<div class=\"elementor-widget-wrap elementor-element-populated\">\n\t\t\t\t\t\t<div class=\"elementor-element elementor-element-0f1ebc2 elementor-widget elementor-widget-template\" data-id=\"0f1ebc2\" data-element_type=\"widget\" data-e-type=\"widget\" data-widget_type=\"template.default\">\n\t\t\t\t<div class=\"elementor-widget-container\">\n\t\t\t\t\t\t\t<div class=\"elementor-template\">\n\t\t\t\t\t<div data-elementor-type=\"section\" data-elementor-id=\"29951\" class=\"elementor elementor-29951\" data-elementor-post-type=\"elementor_library\">\n\t\t\t\t\t<section class=\"elementor-section elementor-top-section elementor-element elementor-element-5400a803 elementor-section-height-min-height elementor-section-full_width elementor-section-height-default elementor-section-items-middle\" data-id=\"5400a803\" data-element_type=\"section\" data-e-type=\"section\" data-settings=\"{&quot;background_background&quot;:&quot;classic&quot;}\">\n\t\t\t\t\t\t\t<div class=\"elementor-background-overlay\"><\/div>\n\t\t\t\t\t\t\t<div class=\"elementor-container elementor-column-gap-default\">\n\t\t\t\t\t<div class=\"elementor-column elementor-col-100 elementor-top-column elementor-element elementor-element-53ad9f51\" data-id=\"53ad9f51\" data-element_type=\"column\" data-e-type=\"column\" data-settings=\"{&quot;background_background&quot;:&quot;classic&quot;}\">\n\t\t\t<div class=\"elementor-widget-wrap\">\n\t\t\t\t\t\t\t<\/div>\n\t\t<\/div>\n\t\t\t\t\t<\/div>\n\t\t<\/section>\n\t\t\t\t<\/div>\n\t\t\t\t<\/div>\n\t\t\t\t\t\t<\/div>\n\t\t\t\t<\/div>\n\t\t\t\t\t<\/div>\n\t\t<\/div>\n\t\t\t\t\t<\/div>\n\t\t<\/section>\n\t\t\t\t<section class=\"elementor-section elementor-top-section elementor-element elementor-element-e644bcc elementor-section-boxed elementor-section-height-default elementor-section-height-default\" data-id=\"e644bcc\" data-element_type=\"section\" data-e-type=\"section\">\n\t\t\t\t\t\t<div class=\"elementor-container elementor-column-gap-no\">\n\t\t\t\t\t<div class=\"elementor-column elementor-col-50 elementor-top-column elementor-element elementor-element-364b315 animated-fast elementor-invisible\" data-id=\"364b315\" data-element_type=\"column\" data-e-type=\"column\" data-settings=\"{&quot;background_background&quot;:&quot;classic&quot;,&quot;animation&quot;:&quot;fadeIn&quot;,&quot;animation_tablet&quot;:&quot;none&quot;,&quot;animation_mobile&quot;:&quot;none&quot;,&quot;animation_delay&quot;:100}\">\n\t\t\t<div class=\"elementor-widget-wrap elementor-element-populated\">\n\t\t\t\t\t\t<div class=\"elementor-element elementor-element-6ae1957 elementor-widget elementor-widget-heading\" data-id=\"6ae1957\" data-element_type=\"widget\" data-e-type=\"widget\" data-widget_type=\"heading.default\">\n\t\t\t\t<div class=\"elementor-widget-container\">\n\t\t\t\t\t<h1 class=\"elementor-heading-title elementor-size-default\">Useful documents<\/h1>\t\t\t\t<\/div>\n\t\t\t\t<\/div>\n\t\t\t\t\t<\/div>\n\t\t<\/div>\n\t\t\t\t<div class=\"elementor-column elementor-col-50 elementor-top-column elementor-element elementor-element-e8319ff elementor-hidden-desktop elementor-hidden-tablet elementor-hidden-phone\" data-id=\"e8319ff\" data-element_type=\"column\" data-e-type=\"column\">\n\t\t\t<div class=\"elementor-widget-wrap\">\n\t\t\t\t\t\t\t<\/div>\n\t\t<\/div>\n\t\t\t\t\t<\/div>\n\t\t<\/section>\n\t\t\t\t<section class=\"elementor-section elementor-top-section elementor-element elementor-element-89f0b3b elementor-section-boxed elementor-section-height-default elementor-section-height-default\" data-id=\"89f0b3b\" data-element_type=\"section\" data-e-type=\"section\">\n\t\t\t\t\t\t<div class=\"elementor-container elementor-column-gap-default\">\n\t\t\t\t\t<div class=\"elementor-column elementor-col-100 elementor-top-column elementor-element elementor-element-55e1074\" data-id=\"55e1074\" data-element_type=\"column\" data-e-type=\"column\">\n\t\t\t<div class=\"elementor-widget-wrap elementor-element-populated\">\n\t\t\t\t\t\t<div class=\"elementor-element elementor-element-5688761 elementor-widget elementor-widget-text-editor\" data-id=\"5688761\" data-element_type=\"widget\" data-e-type=\"widget\" data-widget_type=\"text-editor.default\">\n\t\t\t\t<div class=\"elementor-widget-container\">\n\t\t\t\t\t\t\t\t\t<ul>\n<li><a href=\"\/wp-content\/uploads\/2026\/03\/ORAR-defalcat-sem-II-2025-2026-SDMD.pdf\"><strong>Orar \u0219coala doctoral\u0103 medicin\u0103 dentar\u0103\u00a0<\/strong><\/a><\/li>\n<li><a href=\"\/wp-content\/uploads\/2026\/03\/Contract-studii-MEDICINA-DENTARA-2025-2026.pdf\"><strong>Contract studii domeniul medicin\u0103 dentar\u0103<\/strong><\/a><\/li>\n<li><a href=\"\/wp-content\/uploads\/2026\/03\/PROGRAM-PREGATIRE-Medicina-dentara-2025-2026.docx\"><strong>Program preg\u0103tire medicin\u0103 dentar\u0103\u00a0<\/strong><\/a><\/li>\n<li><a href=\"\/wp-content\/uploads\/2026\/03\/Anexa-2-Cerere-inscriere-Medicina-Dentara-2.docx\"><strong>Anexa 2 Cerere \u00eenscriere Medicin\u0103 Dentar\u0103<\/strong><\/a><\/li>\n<li><a href=\"\/wp-content\/uploads\/2026\/03\/Anexa-3-Nota-de-informare-si-formular-de-consimtamant_.pdf\"><strong>Anexa 3-Not\u0103 de informare \u0219i formular consim\u021b\u0103m\u00e2nt<\/strong><\/a><\/li>\n<li><a href=\"\/wp-content\/uploads\/2026\/03\/Anexa-4-Cerere-aprobare-conducator-admitere-1.docx\"><strong>Anexa 4 \u2013 Cerere aprobare conduc\u0103tor admitere<\/strong><\/a><\/li>\n<li><a href=\"\/wp-content\/uploads\/2026\/03\/Raport-de-progres-2025-2026.doc\"><strong>Raport de progres 2025-2026<\/strong><\/a><\/li>\n<li><strong><a href=\"\/wp-content\/uploads\/2026\/03\/GHID_referat_cercetare.pdf\">Ghid referat cercetare\u00a0<\/a><\/strong><\/li>\n<li><a href=\"\/wp-content\/uploads\/2026\/03\/Cerere-retragere.docx\"><strong>Cerere retragere<\/strong><\/a><\/li>\n<li><a href=\"\/wp-content\/uploads\/2026\/03\/Cerere-revenire-din-intrerupere-2025-2026.docx\"><strong>Cerere revenire din \u00eentrerupere 2025-2026<\/strong><\/a><\/li>\n<li><a href=\"\/wp-content\/uploads\/2026\/03\/Cerere-schimbare-conducator.pdf\"><strong>Cerere schimbare conduc\u0103tor<\/strong><\/a><\/li>\n<li><a href=\"\/wp-content\/uploads\/2026\/03\/Cerere-transfer-de-la-alta-univ-la-Utm.pdf\"><strong>Cerere transfer de la alt\u0103 universitate la UTM<\/strong><\/a><\/li>\n<li><strong><a href=\"\/wp-content\/uploads\/2026\/03\/Cerere-aprobare-a-conducatorului-de-doctorat-pentru-admitere.docx\">Cerere aprobare a conduc\u0103torului de doctorat pentru admitere<\/a><\/strong><\/li>\n<li><strong><a href=\"\/wp-content\/uploads\/2026\/03\/Cerere-inscriere-in-an-2024.docx\">Cerere \u00eenscriere \u00een an 2024<\/a><\/strong><\/li>\n<li><a href=\"\/wp-content\/uploads\/2026\/03\/Cerere-intrerupere-2025-2026.docx\"><strong>Cerere \u00eentrerupere 2025-2026<\/strong><\/a><\/li>\n<li><a href=\"\/wp-content\/uploads\/2026\/03\/Cerere-prelungire-studii-universitare-de-doctorat._.docx\"><strong>Cerere prelungire 2025-2026<\/strong><\/a><\/li>\n<li><strong><a href=\"\/wp-content\/uploads\/2026\/03\/Cerere-pentru-fixarea-datei-sustinerii-tezei.doc\">Cerere pentru fixarea datei sus\u021binerii tezei<\/a><\/strong><\/li>\n<li><strong><a href=\"\/wp-content\/uploads\/2026\/03\/Cerere-pentru-estimare-datei-sustinerii-tezei.doc\">Cerere pentru estimare datei sus\u021binerii tezei<\/a><\/strong><\/li>\n<li><strong><a href=\"\/wp-content\/uploads\/2026\/03\/Declaratie-publicare-teza.docx\">Declara\u021bie publicare teza<\/a><\/strong><\/li>\n<li><strong><a href=\"\/wp-content\/uploads\/2026\/03\/Declaratie-nepublicare-teza.docx\">Declara\u021bie nepublicare tez\u0103<\/a><\/strong><\/li>\n<li><strong><a href=\"\/wp-content\/uploads\/2026\/03\/Declaratie-depunere-teza-biblioteca.doc\">Declara\u021bie depunere tez\u0103 biblioteca<\/a><\/strong><\/li>\n<li><strong><a href=\"\/wp-content\/uploads\/2026\/03\/Declaratie-asumarea-raspunderii.docx\">Declaratie asumarea raspunderii<\/a><\/strong><\/li>\n<li><strong><a href=\"\/wp-content\/uploads\/2026\/03\/Cerere-presustinere.doc\">Cerere presus\u021binere<\/a><\/strong><\/li>\n<li><a href=\"\/wp-content\/uploads\/2026\/03\/Cerere-conducator-doctorat.docx\"><strong>Cerere conducator doctorat<\/strong><\/a><\/li>\n<li><strong><a href=\"\/wp-content\/uploads\/2026\/03\/Declaratie-de-conformitate.docx\">Declaratie de conformitate<\/a><\/strong><\/li>\n<li><strong><a href=\"\/wp-content\/uploads\/2026\/03\/Declaratie-autenticitate-teza-doctorat.docx\">Declaratie autenticitate teza doctorat<\/a><\/strong><\/li>\n<li><strong><a href=\"\/wp-content\/uploads\/2026\/03\/Cerere-doctorand-pentru-antiplagiat.docx\">Cerere doctorand pentru antiplagiat<\/a><\/strong><\/li>\n<li><strong><a href=\"\/wp-content\/uploads\/2026\/03\/Quartilele-revistelor-indexate-in-Web-of-Science-Core-Collection_iunie_2024.pdf\">Reviste indexate \u00een Web of Science Core Collection<\/a><\/strong><\/li>\n<li><a href=\"\/wp-content\/uploads\/2026\/03\/Rev_Rom_SCIE_SSCI_AHCI_20_06_2024.pdf\"><strong>Reviste Rom\u00e2ne\u0219ti indexate \u00een Web of Science Core Collection<\/strong><\/a><\/li>\n<\/ul>\t\t\t\t\t\t\t\t<\/div>\n\t\t\t\t<\/div>\n\t\t\t\t\t<\/div>\n\t\t<\/div>\n\t\t\t\t\t<\/div>\n\t\t<\/section>\n\t\t\t\t<section class=\"elementor-section elementor-top-section elementor-element elementor-element-fd895b7 elementor-section-boxed elementor-section-height-default elementor-section-height-default\" data-id=\"fd895b7\" data-element_type=\"section\" data-e-type=\"section\">\n\t\t\t\t\t\t<div class=\"elementor-container elementor-column-gap-default\">\n\t\t\t\t\t<div class=\"elementor-column elementor-col-100 elementor-top-column elementor-element elementor-element-05b3fa5\" data-id=\"05b3fa5\" data-element_type=\"column\" data-e-type=\"column\">\n\t\t\t<div class=\"elementor-widget-wrap elementor-element-populated\">\n\t\t\t\t\t\t<div class=\"elementor-element elementor-element-d854764 elementor-widget elementor-widget-spacer\" data-id=\"d854764\" data-element_type=\"widget\" data-e-type=\"widget\" data-widget_type=\"spacer.default\">\n\t\t\t\t<div class=\"elementor-widget-container\">\n\t\t\t\t\t\t\t<div class=\"elementor-spacer\">\n\t\t\t<div class=\"elementor-spacer-inner\"><\/div>\n\t\t<\/div>\n\t\t\t\t\t\t<\/div>\n\t\t\t\t<\/div>\n\t\t\t\t\t<\/div>\n\t\t<\/div>\n\t\t\t\t\t<\/div>\n\t\t<\/section>\n\t\t\t\t<\/div>","protected":false},"excerpt":{"rendered":"<p>Documente utile Orar \u0219coala doctoral\u0103 medicin\u0103 dentar\u0103\u00a0 Contract studii domeniul medicin\u0103 dentar\u0103 Program preg\u0103tire medicin\u0103 dentar\u0103\u00a0 Anexa 2 Cerere \u00eenscriere Medicin\u0103 Dentar\u0103 Anexa 3-Not\u0103 de informare \u0219i formular consim\u021b\u0103m\u00e2nt Anexa 4 \u2013 Cerere aprobare conduc\u0103tor admitere Raport de progres 2025-2026 Ghid referat cercetare\u00a0 Cerere retragere Cerere revenire din \u00eentrerupere 2025-2026 Cerere schimbare conduc\u0103tor Cerere transfer&#8230;<\/p>","protected":false},"author":1,"featured_media":0,"parent":33129,"menu_order":0,"comment_status":"closed","ping_status":"closed","template":"","meta":{"footnotes":""},"class_list":["post-33267","page","type-page","status-publish","hentry"],"_links":{"self":[{"href":"https:\/\/site.utm.ro\/en\/wp-json\/wp\/v2\/pages\/33267","targetHints":{"allow":["GET"]}}],"collection":[{"href":"https:\/\/site.utm.ro\/en\/wp-json\/wp\/v2\/pages"}],"about":[{"href":"https:\/\/site.utm.ro\/en\/wp-json\/wp\/v2\/types\/page"}],"author":[{"embeddable":true,"href":"https:\/\/site.utm.ro\/en\/wp-json\/wp\/v2\/users\/1"}],"replies":[{"embeddable":true,"href":"https:\/\/site.utm.ro\/en\/wp-json\/wp\/v2\/comments?post=33267"}],"version-history":[{"count":0,"href":"https:\/\/site.utm.ro\/en\/wp-json\/wp\/v2\/pages\/33267\/revisions"}],"up":[{"embeddable":true,"href":"https:\/\/site.utm.ro\/en\/wp-json\/wp\/v2\/pages\/33129"}],"wp:attachment":[{"href":"https:\/\/site.utm.ro\/en\/wp-json\/wp\/v2\/media?parent=33267"}],"curies":[{"name":"wp","href":"https:\/\/api.w.org\/{rel}","templated":true}]}}