{"id":33259,"date":"2026-03-11T14:56:06","date_gmt":"2026-03-11T14:56:06","guid":{"rendered":"https:\/\/site.utm.ro\/?page_id=33259"},"modified":"2026-03-26T16:52:38","modified_gmt":"2026-03-26T16:52:38","slug":"regulamente-si-metodologii","status":"publish","type":"page","link":"https:\/\/site.utm.ro\/en\/doctorat\/scoala-doctorala-medicina-dentara\/regulamente-si-metodologii\/","title":{"rendered":"\u0218coala Doctoral\u0103 Medicin\u0103 Dentar\u0103 &#8211; Regulamente \u0219i metodologii"},"content":{"rendered":"<div data-elementor-type=\"wp-page\" data-elementor-id=\"33259\" class=\"elementor elementor-33259\" data-elementor-post-type=\"page\">\n\t\t\t\t\t\t<section class=\"elementor-section elementor-top-section elementor-element elementor-element-faeb428 elementor-section-full_width elementor-section-height-default elementor-section-height-default\" data-id=\"faeb428\" data-element_type=\"section\" data-e-type=\"section\">\n\t\t\t\t\t\t<div class=\"elementor-container elementor-column-gap-default\">\n\t\t\t\t\t<div class=\"elementor-column elementor-col-100 elementor-top-column elementor-element elementor-element-84172bf\" data-id=\"84172bf\" data-element_type=\"column\" data-e-type=\"column\">\n\t\t\t<div class=\"elementor-widget-wrap elementor-element-populated\">\n\t\t\t\t\t\t<div class=\"elementor-element elementor-element-0f1ebc2 elementor-widget elementor-widget-template\" data-id=\"0f1ebc2\" data-element_type=\"widget\" data-e-type=\"widget\" data-widget_type=\"template.default\">\n\t\t\t\t<div class=\"elementor-widget-container\">\n\t\t\t\t\t\t\t<div class=\"elementor-template\">\n\t\t\t\t\t<div data-elementor-type=\"section\" data-elementor-id=\"29951\" class=\"elementor elementor-29951\" data-elementor-post-type=\"elementor_library\">\n\t\t\t\t\t<section class=\"elementor-section elementor-top-section elementor-element elementor-element-5400a803 elementor-section-height-min-height elementor-section-full_width elementor-section-height-default elementor-section-items-middle\" data-id=\"5400a803\" data-element_type=\"section\" data-e-type=\"section\" data-settings=\"{&quot;background_background&quot;:&quot;classic&quot;}\">\n\t\t\t\t\t\t\t<div class=\"elementor-background-overlay\"><\/div>\n\t\t\t\t\t\t\t<div class=\"elementor-container elementor-column-gap-default\">\n\t\t\t\t\t<div class=\"elementor-column elementor-col-100 elementor-top-column elementor-element elementor-element-53ad9f51\" data-id=\"53ad9f51\" data-element_type=\"column\" data-e-type=\"column\" data-settings=\"{&quot;background_background&quot;:&quot;classic&quot;}\">\n\t\t\t<div class=\"elementor-widget-wrap\">\n\t\t\t\t\t\t\t<\/div>\n\t\t<\/div>\n\t\t\t\t\t<\/div>\n\t\t<\/section>\n\t\t\t\t<\/div>\n\t\t\t\t<\/div>\n\t\t\t\t\t\t<\/div>\n\t\t\t\t<\/div>\n\t\t\t\t\t<\/div>\n\t\t<\/div>\n\t\t\t\t\t<\/div>\n\t\t<\/section>\n\t\t\t\t<section class=\"elementor-section elementor-top-section elementor-element elementor-element-e644bcc elementor-section-boxed elementor-section-height-default elementor-section-height-default\" data-id=\"e644bcc\" data-element_type=\"section\" data-e-type=\"section\">\n\t\t\t\t\t\t<div class=\"elementor-container elementor-column-gap-no\">\n\t\t\t\t\t<div class=\"elementor-column elementor-col-50 elementor-top-column elementor-element elementor-element-364b315 animated-fast elementor-invisible\" data-id=\"364b315\" data-element_type=\"column\" data-e-type=\"column\" data-settings=\"{&quot;background_background&quot;:&quot;classic&quot;,&quot;animation&quot;:&quot;fadeIn&quot;,&quot;animation_tablet&quot;:&quot;none&quot;,&quot;animation_mobile&quot;:&quot;none&quot;,&quot;animation_delay&quot;:100}\">\n\t\t\t<div class=\"elementor-widget-wrap elementor-element-populated\">\n\t\t\t\t\t\t<div class=\"elementor-element elementor-element-6ae1957 elementor-widget elementor-widget-heading\" data-id=\"6ae1957\" data-element_type=\"widget\" data-e-type=\"widget\" data-widget_type=\"heading.default\">\n\t\t\t\t<div class=\"elementor-widget-container\">\n\t\t\t\t\t<h1 class=\"elementor-heading-title elementor-size-default\">Regulations and methodologies <\/h1>\t\t\t\t<\/div>\n\t\t\t\t<\/div>\n\t\t\t\t\t<\/div>\n\t\t<\/div>\n\t\t\t\t<div class=\"elementor-column elementor-col-50 elementor-top-column elementor-element elementor-element-e8319ff elementor-hidden-desktop elementor-hidden-tablet elementor-hidden-phone\" data-id=\"e8319ff\" data-element_type=\"column\" data-e-type=\"column\">\n\t\t\t<div class=\"elementor-widget-wrap\">\n\t\t\t\t\t\t\t<\/div>\n\t\t<\/div>\n\t\t\t\t\t<\/div>\n\t\t<\/section>\n\t\t\t\t<section class=\"elementor-section elementor-top-section elementor-element elementor-element-596d8fb elementor-section-boxed elementor-section-height-default elementor-section-height-default\" data-id=\"596d8fb\" data-element_type=\"section\" data-e-type=\"section\" data-settings=\"{&quot;animation&quot;:&quot;none&quot;,&quot;animation_tablet&quot;:&quot;none&quot;,&quot;animation_mobile&quot;:&quot;none&quot;,&quot;animation_delay&quot;:300}\">\n\t\t\t\t\t\t<div class=\"elementor-container elementor-column-gap-no\">\n\t\t\t\t\t<div class=\"elementor-column elementor-col-100 elementor-top-column elementor-element elementor-element-43f64c4\" data-id=\"43f64c4\" data-element_type=\"column\" data-e-type=\"column\">\n\t\t\t<div class=\"elementor-widget-wrap elementor-element-populated\">\n\t\t\t\t\t\t<div class=\"elementor-element elementor-element-5bebba8 vamtam-theme-table-styles elementor-widget elementor-widget-toggle\" data-id=\"5bebba8\" data-element_type=\"widget\" data-e-type=\"widget\" data-widget_type=\"toggle.default\">\n\t\t\t\t<div class=\"elementor-widget-container\">\n\t\t\t\t\t\t\t<div class=\"elementor-toggle\">\n\t\t\t\t\t\t\t<div class=\"elementor-toggle-item\">\n\t\t\t\t\t<h3 id=\"elementor-tab-title-9631\" class=\"elementor-tab-title\" data-tab=\"1\" role=\"button\" aria-controls=\"elementor-tab-content-9631\" aria-expanded=\"false\">\n\t\t\t\t\t\t\t\t\t\t\t\t<span class=\"elementor-toggle-icon elementor-toggle-icon-right\" aria-hidden=\"true\">\n\t\t\t\t\t\t\t\t\t\t\t\t\t\t\t<span class=\"elementor-toggle-icon-closed\"><i class=\"vamtamtheme- vamtam-theme-arrow-down\"><\/i><\/span>\n\t\t\t\t\t\t\t\t<span class=\"elementor-toggle-icon-opened\"><i class=\"elementor-toggle-icon-opened vamtamtheme- vamtam-theme-arrow-up\"><\/i><\/span>\n\t\t\t\t\t\t\t\t\t\t\t\t\t<\/span>\n\t\t\t\t\t\t\t\t\t\t\t\t<a class=\"elementor-toggle-title\" tabindex=\"0\">Finan\u021barea studiilor<\/a>\n\t\t\t\t\t<\/h3>\n\n\t\t\t\t\t<div id=\"elementor-tab-content-9631\" class=\"elementor-tab-content elementor-clearfix\" data-tab=\"1\" role=\"region\" aria-labelledby=\"elementor-tab-title-9631\"><p><embed src=\"\/wp-content\/uploads\/2026\/03\/Studentii-doctoranzi-sustinuti-financiar.pdf\" width=\"100%\" height=\"900px\"><\/embed><\/p><\/div>\n\t\t\t\t<\/div>\n\t\t\t\t\t\t\t<div class=\"elementor-toggle-item\">\n\t\t\t\t\t<h3 id=\"elementor-tab-title-9632\" class=\"elementor-tab-title\" data-tab=\"2\" role=\"button\" aria-controls=\"elementor-tab-content-9632\" aria-expanded=\"false\">\n\t\t\t\t\t\t\t\t\t\t\t\t<span class=\"elementor-toggle-icon elementor-toggle-icon-right\" aria-hidden=\"true\">\n\t\t\t\t\t\t\t\t\t\t\t\t\t\t\t<span class=\"elementor-toggle-icon-closed\"><i class=\"vamtamtheme- vamtam-theme-arrow-down\"><\/i><\/span>\n\t\t\t\t\t\t\t\t<span class=\"elementor-toggle-icon-opened\"><i class=\"elementor-toggle-icon-opened vamtamtheme- vamtam-theme-arrow-up\"><\/i><\/span>\n\t\t\t\t\t\t\t\t\t\t\t\t\t<\/span>\n\t\t\t\t\t\t\t\t\t\t\t\t<a class=\"elementor-toggle-title\" tabindex=\"0\">Etic\u0103 \u0219i Integritate academic\u0103 <\/a>\n\t\t\t\t\t<\/h3>\n\n\t\t\t\t\t<div id=\"elementor-tab-content-9632\" class=\"elementor-tab-content elementor-clearfix\" data-tab=\"2\" role=\"region\" aria-labelledby=\"elementor-tab-title-9632\"><h3>Ghid norme etice pentru studen\u021bi<\/h3><p>\u00a0 <embed src=\"\/wp-content\/uploads\/2026\/03\/Ghid_norme_etice_studenti.pdf\" width=\"100%\" height=\"900px\" data-mce-fragment=\"1\"><\/embed><\/p><\/div>\n\t\t\t\t<\/div>\n\t\t\t\t\t\t\t<div class=\"elementor-toggle-item\">\n\t\t\t\t\t<h3 id=\"elementor-tab-title-9633\" class=\"elementor-tab-title\" data-tab=\"3\" role=\"button\" aria-controls=\"elementor-tab-content-9633\" aria-expanded=\"false\">\n\t\t\t\t\t\t\t\t\t\t\t\t<span class=\"elementor-toggle-icon elementor-toggle-icon-right\" aria-hidden=\"true\">\n\t\t\t\t\t\t\t\t\t\t\t\t\t\t\t<span class=\"elementor-toggle-icon-closed\"><i class=\"vamtamtheme- vamtam-theme-arrow-down\"><\/i><\/span>\n\t\t\t\t\t\t\t\t<span class=\"elementor-toggle-icon-opened\"><i class=\"elementor-toggle-icon-opened vamtamtheme- vamtam-theme-arrow-up\"><\/i><\/span>\n\t\t\t\t\t\t\t\t\t\t\t\t\t<\/span>\n\t\t\t\t\t\t\t\t\t\t\t\t<a class=\"elementor-toggle-title\" tabindex=\"0\">Quality assurance<\/a>\n\t\t\t\t\t<\/h3>\n\n\t\t\t\t\t<div id=\"elementor-tab-content-9633\" class=\"elementor-tab-content elementor-clearfix\" data-tab=\"3\" role=\"region\" aria-labelledby=\"elementor-tab-title-9633\"><p><strong>Politica de asigurare a calit\u0103\u021bii \u00een cadrul \u0218colii Doctorale de Medicin\u0103 Dentar\u0103<\/strong><\/p><p>Asigurarea calit\u0103\u021bii reprezint\u0103 o component\u0103 fundamental\u0103 a activit\u0103\u021bii academice \u0219i de cercetare desf\u0103\u0219urate \u00een cadrul \u0218colii Doctorale de Medicin\u0103 Dentar\u0103. Politica de calitate are ca obiectiv dezvoltarea unui cadru institu\u021bional care s\u0103 garanteze excelen\u021ba \u00een cercetarea \u0219tiin\u021bific\u0103, formarea doctoranzilor \u0219i respectarea standardelor academice \u0219i etice specifice domeniului medical.<\/p><p>Prin implementarea unui sistem coerent de management al calit\u0103\u021bii, \u0218coala Doctoral\u0103 de Medicin\u0103 Dentar\u0103 urm\u0103re\u0219te \u00eembun\u0103t\u0103\u021birea continu\u0103 a activit\u0103\u021bilor de cercetare doctoral\u0103, dezvoltarea competen\u021belor avansate ale doctoranzilor \u0219i cre\u0219terea impactului rezultatelor \u0219tiin\u021bifice \u00een domeniul medicinei dentare.<\/p><p><strong>Obiectivele asigur\u0103rii calit\u0103\u021bii<\/strong><\/p><p>Principalele obiective ale politicii de asigurare a calit\u0103\u021bii sunt:<\/p><ul><li>dezvoltarea unui program doctoral centrat pe doctorand \u0219i pe formarea competen\u021belor avansate de cercetare biomedical\u0103 \u0219i clinic\u0103;<\/li><li>promovarea excelen\u021bei academice \u0219i a integrit\u0103\u021bii \u00een cercetarea \u0219tiin\u021bific\u0103 din domeniul medicinei dentare;<\/li><li>cre\u0219terea calit\u0103\u021bii \u0219i relevan\u021bei rezultatelor cercet\u0103rii \u00een stomatologie;<\/li><li>dezvoltarea cooper\u0103rii academice \u0219i \u0219tiin\u021bifice la nivel na\u021bional \u0219i interna\u021bional;<\/li><li>corelarea temelor de cercetare doctoral\u0103 cu evolu\u021biile \u0219tiin\u021bifice din domeniul medicinei dentare \u0219i al \u0219tiin\u021belor biomedicale;<\/li><li>respectarea standardelor \u0219i indicatorilor de performan\u021b\u0103 prev\u0103zu\u021bi de legisla\u021bia \u00een vigoare \u0219i de organismele de evaluare a calit\u0103\u021bii \u00een \u00eenv\u0103\u021b\u0103m\u00e2ntul superior.<\/li><\/ul><p><strong>Monitorizarea programului doctoral<\/strong><\/p><p>Programul de studii universitare de doctorat \u00een domeniul Medicin\u0103 Dentar\u0103 este monitorizat permanent \u00een vederea asigur\u0103rii calit\u0103\u021bii activit\u0103\u021bilor academice \u0219i de cercetare.<\/p><p>Monitorizarea programului doctoral vizeaz\u0103:<\/p><ul><li>actualizarea permanent\u0103 a temelor de cercetare doctoral\u0103 \u00een concordan\u021b\u0103 cu evolu\u021biile \u0219tiin\u021bifice \u0219i tehnologice din domeniul stomatologiei;<\/li><li>evaluarea periodic\u0103 a activit\u0103\u021bii doctoranzilor;<\/li><li>analiza performan\u021belor \u0219tiin\u021bifice ale conduc\u0103torilor de doctorat;<\/li><li>monitorizarea activit\u0103\u021bilor de cercetare desf\u0103\u0219urate \u00een laboratoare, clinici universitare \u0219i centre de cercetare;<\/li><li>dezvoltarea colabor\u0103rilor interdisciplinare \u0219i interna\u021bionale \u00een domeniul cercet\u0103rii biomedicale.<\/li><\/ul><p>Evaluarea periodic\u0103 a programului doctoral contribuie la \u00eembun\u0103t\u0103\u021birea continu\u0103 a procesului de formare doctoral\u0103 \u0219i la men\u021binerea standardelor academice ridicate.<\/p><p><strong>Evaluarea activit\u0103\u021bii doctoranzilor<\/strong><\/p><p>Activitatea doctoranzilor este evaluat\u0103 periodic pe parcursul programului doctoral, \u00een conformitate cu regulamentele privind organizarea \u0219i desf\u0103\u0219urarea studiilor universitare de doctorat.<\/p><p>Evaluarea include:<\/p><ul><li>analiza rapoartelor anuale de progres;<\/li><li>evaluarea activit\u0103\u021bii de cercetare experimental\u0103, clinic\u0103 sau teoretic\u0103 desf\u0103\u0219urate de doctoranzi;<\/li><li>participarea la conferin\u021be \u0219tiin\u021bifice \u0219i publicarea rezultatelor cercet\u0103rii \u00een reviste de specialitate;<\/li><li>prezentarea rezultatelor intermediare ale cercet\u0103rii \u00een cadrul activit\u0103\u021bilor academice ale \u0219colii doctorale.<\/li><\/ul><p>Finalizarea studiilor doctorale se realizeaz\u0103 prin sus\u021binerea public\u0103 a tezei de doctorat, \u00een conformitate cu legisla\u021bia na\u021bional\u0103 \u0219i cu regulamentele institu\u021bionale.<\/p><p><strong>Evaluarea conduc\u0103torilor de doctorat<\/strong><\/p><p>Calitatea activit\u0103\u021bii de conducere doctoral\u0103 este monitorizat\u0103 \u0219i evaluat\u0103 periodic \u00een cadrul sistemului institu\u021bional de asigurare a calit\u0103\u021bii.<\/p><p>Evaluarea conduc\u0103torilor de doctorat are \u00een vedere:<\/p><ul><li>performan\u021ba \u0219tiin\u021bific\u0103 \u0219i activitatea de cercetare \u00een domeniul medicinei dentare;<\/li><li>implicarea \u00een coordonarea activit\u0103\u021bii doctoranzilor;<\/li><li>rezultatele cercet\u0103rii realizate \u00een cadrul programului doctoral;<\/li><li>participarea la proiecte de cercetare \u0219i activit\u0103\u021bi academice na\u021bionale \u0219i interna\u021bionale;<\/li><li>respectarea standardelor etice \u0219i de integritate academic\u0103 \u00een cercetarea biomedical\u0103.<\/li><\/ul><p>Rezultatele evalu\u0103rilor contribuie la \u00eembun\u0103t\u0103\u021birea activit\u0103\u021bii academice \u0219i la dezvoltarea programului doctoral.<\/p><p><strong>Accesul la resurse pentru cercetare<\/strong><\/p><p>Doctoranzii beneficiaz\u0103 de acces la resurse academice \u0219i de cercetare necesare desf\u0103\u0219ur\u0103rii activit\u0103\u021bii \u0219tiin\u021bifice, inclusiv:<\/p><ul><li>biblioteca universit\u0103\u021bii \u0219i publica\u021bii de specialitate din domeniul medicinei dentare;<\/li><li>baze de date \u0219tiin\u021bifice \u0219i biomedicale interna\u021bionale;<\/li><li>laboratoare de cercetare \u0219i infrastructur\u0103 clinic\u0103 universitar\u0103;<\/li><li>echipamente \u0219i tehnologii utilizate \u00een cercetarea stomatologic\u0103;<\/li><li>infrastructur\u0103 IT \u0219i platforme electronice pentru activit\u0103\u021bi academice \u0219i de cercetare.<\/li><\/ul><p>Universitatea sprijin\u0103 dezvoltarea cercet\u0103rii \u0219tiin\u021bifice \u0219i diseminarea rezultatelor prin participarea la proiecte de cercetare, conferin\u021be \u0219i publica\u021bii academice.<\/p><p><strong>Sistemul de management al calit\u0103\u021bii<\/strong><\/p><p>Asigurarea calit\u0103\u021bii \u00een cadrul \u0218colii Doctorale de Medicin\u0103 Dentar\u0103 este coordonat\u0103 de structurile institu\u021bionale de evaluare \u0219i asigurare a calit\u0103\u021bii, constituite conform legisla\u021biei \u00een vigoare.<\/p><p>Aceste structuri monitorizeaz\u0103 aplicarea procedurilor privind calitatea, analizeaz\u0103 rezultatele activit\u0103\u021bilor academice \u0219i de cercetare \u0219i formuleaz\u0103 recomand\u0103ri pentru \u00eembun\u0103t\u0103\u021birea continu\u0103 a programului doctoral.<\/p><p>Rapoartele de evaluare intern\u0103 privind calitatea sunt elaborate periodic \u0219i sunt aduse la cuno\u0219tin\u021ba comunit\u0103\u021bii academice \u0219i a publicului interesat.<\/p><p><strong>Transparen\u021ba informa\u021biilor<\/strong><\/p><p>\u0218coala Doctoral\u0103 de Medicin\u0103 Dentar\u0103 asigur\u0103 transparen\u021ba informa\u021biilor de interes public privind:<\/p><ul><li>organizarea programului doctoral;<\/li><li>conduc\u0103torii de doctorat;<\/li><li>temele de cercetare doctoral\u0103;<\/li><li>procedurile de admitere \u0219i finalizare a studiilor;<\/li><li>activit\u0103\u021bile academice \u0219i \u0219tiin\u021bifice.<\/li><\/ul><p>Aceste informa\u021bii sunt publicate pe site-ul universit\u0103\u021bii \u0219i sunt actualizate periodic.<\/p><\/div>\n\t\t\t\t<\/div>\n\t\t\t\t\t\t\t\t<\/div>\n\t\t\t\t\t\t<\/div>\n\t\t\t\t<\/div>\n\t\t\t\t\t<\/div>\n\t\t<\/div>\n\t\t\t\t\t<\/div>\n\t\t<\/section>\n\t\t\t\t<section class=\"elementor-section elementor-top-section elementor-element elementor-element-fd895b7 elementor-section-boxed elementor-section-height-default elementor-section-height-default\" data-id=\"fd895b7\" data-element_type=\"section\" data-e-type=\"section\">\n\t\t\t\t\t\t<div class=\"elementor-container elementor-column-gap-default\">\n\t\t\t\t\t<div class=\"elementor-column elementor-col-100 elementor-top-column elementor-element elementor-element-05b3fa5\" data-id=\"05b3fa5\" data-element_type=\"column\" data-e-type=\"column\">\n\t\t\t<div class=\"elementor-widget-wrap elementor-element-populated\">\n\t\t\t\t\t\t<div class=\"elementor-element elementor-element-d854764 elementor-widget elementor-widget-spacer\" data-id=\"d854764\" data-element_type=\"widget\" data-e-type=\"widget\" data-widget_type=\"spacer.default\">\n\t\t\t\t<div class=\"elementor-widget-container\">\n\t\t\t\t\t\t\t<div class=\"elementor-spacer\">\n\t\t\t<div class=\"elementor-spacer-inner\"><\/div>\n\t\t<\/div>\n\t\t\t\t\t\t<\/div>\n\t\t\t\t<\/div>\n\t\t\t\t\t<\/div>\n\t\t<\/div>\n\t\t\t\t\t<\/div>\n\t\t<\/section>\n\t\t\t\t<\/div>","protected":false},"excerpt":{"rendered":"<p>Regulamente \u0219i metodologii Finan\u021barea studiilor Etic\u0103 \u0219i Integritate academic\u0103 Ghid norme etice pentru studen\u021bi \u00a0 Asigurarea calit\u0103\u021bii Politica de asigurare a calit\u0103\u021bii \u00een cadrul \u0218colii Doctorale de Medicin\u0103 Dentar\u0103 Asigurarea calit\u0103\u021bii reprezint\u0103 o component\u0103 fundamental\u0103 a activit\u0103\u021bii academice \u0219i de cercetare desf\u0103\u0219urate \u00een cadrul \u0218colii Doctorale de Medicin\u0103 Dentar\u0103. Politica de calitate are ca obiectiv&#8230;<\/p>","protected":false},"author":1,"featured_media":0,"parent":33129,"menu_order":0,"comment_status":"closed","ping_status":"closed","template":"","meta":{"footnotes":""},"class_list":["post-33259","page","type-page","status-publish","hentry"],"_links":{"self":[{"href":"https:\/\/site.utm.ro\/en\/wp-json\/wp\/v2\/pages\/33259","targetHints":{"allow":["GET"]}}],"collection":[{"href":"https:\/\/site.utm.ro\/en\/wp-json\/wp\/v2\/pages"}],"about":[{"href":"https:\/\/site.utm.ro\/en\/wp-json\/wp\/v2\/types\/page"}],"author":[{"embeddable":true,"href":"https:\/\/site.utm.ro\/en\/wp-json\/wp\/v2\/users\/1"}],"replies":[{"embeddable":true,"href":"https:\/\/site.utm.ro\/en\/wp-json\/wp\/v2\/comments?post=33259"}],"version-history":[{"count":0,"href":"https:\/\/site.utm.ro\/en\/wp-json\/wp\/v2\/pages\/33259\/revisions"}],"up":[{"embeddable":true,"href":"https:\/\/site.utm.ro\/en\/wp-json\/wp\/v2\/pages\/33129"}],"wp:attachment":[{"href":"https:\/\/site.utm.ro\/en\/wp-json\/wp\/v2\/media?parent=33259"}],"curies":[{"name":"wp","href":"https:\/\/api.w.org\/{rel}","templated":true}]}}