{"id":33202,"date":"2026-03-11T14:51:57","date_gmt":"2026-03-11T14:51:57","guid":{"rendered":"https:\/\/site.utm.ro\/?page_id=33202"},"modified":"2026-03-11T14:54:15","modified_gmt":"2026-03-11T14:54:15","slug":"conducatori-de-doctorat","status":"publish","type":"page","link":"https:\/\/site.utm.ro\/en\/doctorat\/scoala-doctorala-medicina-dentara\/conducatori-de-doctorat\/","title":{"rendered":"\u0218coala Doctoral\u0103 Medicin\u0103 Dentar\u0103 Conduc\u0103tori de doctorat"},"content":{"rendered":"<div data-elementor-type=\"wp-page\" data-elementor-id=\"33202\" class=\"elementor elementor-33202\" data-elementor-post-type=\"page\">\n\t\t\t\t\t\t<section class=\"elementor-section elementor-top-section elementor-element elementor-element-faeb428 elementor-section-full_width elementor-section-height-default elementor-section-height-default\" data-id=\"faeb428\" data-element_type=\"section\" data-e-type=\"section\">\n\t\t\t\t\t\t<div class=\"elementor-container elementor-column-gap-default\">\n\t\t\t\t\t<div class=\"elementor-column elementor-col-100 elementor-top-column elementor-element elementor-element-84172bf\" data-id=\"84172bf\" data-element_type=\"column\" data-e-type=\"column\">\n\t\t\t<div class=\"elementor-widget-wrap elementor-element-populated\">\n\t\t\t\t\t\t<div class=\"elementor-element elementor-element-0f1ebc2 elementor-widget elementor-widget-template\" data-id=\"0f1ebc2\" data-element_type=\"widget\" data-e-type=\"widget\" data-widget_type=\"template.default\">\n\t\t\t\t<div class=\"elementor-widget-container\">\n\t\t\t\t\t\t\t<div class=\"elementor-template\">\n\t\t\t\t\t<div data-elementor-type=\"section\" data-elementor-id=\"29951\" class=\"elementor elementor-29951\" data-elementor-post-type=\"elementor_library\">\n\t\t\t\t\t<section class=\"elementor-section elementor-top-section elementor-element elementor-element-5400a803 elementor-section-height-min-height elementor-section-full_width elementor-section-height-default elementor-section-items-middle\" data-id=\"5400a803\" data-element_type=\"section\" data-e-type=\"section\" data-settings=\"{&quot;background_background&quot;:&quot;classic&quot;}\">\n\t\t\t\t\t\t\t<div class=\"elementor-background-overlay\"><\/div>\n\t\t\t\t\t\t\t<div class=\"elementor-container elementor-column-gap-default\">\n\t\t\t\t\t<div class=\"elementor-column elementor-col-100 elementor-top-column elementor-element elementor-element-53ad9f51\" data-id=\"53ad9f51\" data-element_type=\"column\" data-e-type=\"column\" data-settings=\"{&quot;background_background&quot;:&quot;classic&quot;}\">\n\t\t\t<div class=\"elementor-widget-wrap\">\n\t\t\t\t\t\t\t<\/div>\n\t\t<\/div>\n\t\t\t\t\t<\/div>\n\t\t<\/section>\n\t\t\t\t<\/div>\n\t\t\t\t<\/div>\n\t\t\t\t\t\t<\/div>\n\t\t\t\t<\/div>\n\t\t\t\t\t<\/div>\n\t\t<\/div>\n\t\t\t\t\t<\/div>\n\t\t<\/section>\n\t\t\t\t<section class=\"elementor-section elementor-top-section elementor-element elementor-element-e644bcc elementor-section-boxed elementor-section-height-default elementor-section-height-default\" data-id=\"e644bcc\" data-element_type=\"section\" data-e-type=\"section\">\n\t\t\t\t\t\t<div class=\"elementor-container elementor-column-gap-no\">\n\t\t\t\t\t<div class=\"elementor-column elementor-col-50 elementor-top-column elementor-element elementor-element-364b315 animated-fast elementor-invisible\" data-id=\"364b315\" data-element_type=\"column\" data-e-type=\"column\" data-settings=\"{&quot;background_background&quot;:&quot;classic&quot;,&quot;animation&quot;:&quot;fadeIn&quot;,&quot;animation_tablet&quot;:&quot;none&quot;,&quot;animation_mobile&quot;:&quot;none&quot;,&quot;animation_delay&quot;:100}\">\n\t\t\t<div class=\"elementor-widget-wrap elementor-element-populated\">\n\t\t\t\t\t\t<div class=\"elementor-element elementor-element-6ae1957 elementor-widget elementor-widget-heading\" data-id=\"6ae1957\" data-element_type=\"widget\" data-e-type=\"widget\" data-widget_type=\"heading.default\">\n\t\t\t\t<div class=\"elementor-widget-container\">\n\t\t\t\t\t<h1 class=\"elementor-heading-title elementor-size-default\">Doctoral supervisors<\/h1>\t\t\t\t<\/div>\n\t\t\t\t<\/div>\n\t\t\t\t\t<\/div>\n\t\t<\/div>\n\t\t\t\t<div class=\"elementor-column elementor-col-50 elementor-top-column elementor-element elementor-element-e8319ff elementor-hidden-desktop elementor-hidden-tablet elementor-hidden-phone\" data-id=\"e8319ff\" data-element_type=\"column\" data-e-type=\"column\">\n\t\t\t<div class=\"elementor-widget-wrap\">\n\t\t\t\t\t\t\t<\/div>\n\t\t<\/div>\n\t\t\t\t\t<\/div>\n\t\t<\/section>\n\t\t\t\t<section class=\"elementor-section elementor-top-section elementor-element elementor-element-27b04bf elementor-section-boxed elementor-section-height-default elementor-section-height-default\" data-id=\"27b04bf\" data-element_type=\"section\" data-e-type=\"section\">\n\t\t\t\t\t\t<div class=\"elementor-container elementor-column-gap-default\">\n\t\t\t\t\t<div class=\"elementor-column elementor-col-100 elementor-top-column elementor-element elementor-element-78487f9\" data-id=\"78487f9\" data-element_type=\"column\" data-e-type=\"column\">\n\t\t\t<div class=\"elementor-widget-wrap elementor-element-populated\">\n\t\t\t\t\t\t<div class=\"elementor-element elementor-element-841880c elementor-widget elementor-widget-text-editor\" data-id=\"841880c\" data-element_type=\"widget\" data-e-type=\"widget\" data-widget_type=\"text-editor.default\">\n\t\t\t\t<div class=\"elementor-widget-container\">\n\t\t\t\t\t\t\t\t\t<table>\n<tbody>\n<tr>\n<td width=\"159\">Nume<\/td>\n<td width=\"163\">CV\/List\u0103 de lucr\u0103ri<\/td>\n<td width=\"155\">E-mail<\/td>\n<\/tr>\n<tr>\n<td width=\"159\"><strong>Prof.univ.dr. Bechir Anamaria\u00a0<\/strong><\/td>\n<td width=\"163\"><a href=\"\/wp-content\/uploads\/2026\/03\/CV_Bechir.pdf\">CV<\/a>\/\u00a0<a href=\"\/wp-content\/uploads\/2026\/03\/Bechir-A-Lista-lucrari.pdf\">List\u0103 lucr\u0103ri<\/a><\/td>\n<td width=\"155\">anamaria.bechir@prof.utm.ro<\/td>\n<\/tr>\n<tr>\n<td width=\"159\"><strong>Prof.univ.dr. Florentina Cornelia B\u00eecle\u0219anu<\/strong><\/td>\n<td width=\"163\"><a href=\"\/wp-content\/uploads\/2026\/03\/CV_BICLESANU.pdf\">CV<\/a>\/\u00a0<a href=\"\/wp-content\/uploads\/2026\/03\/Biclesanu-Lista-lucrari.pdf\">List\u0103 lucr\u0103ri<\/a><\/td>\n<td width=\"155\">florentina.biclesanu@prof.utm.ro<\/td>\n<\/tr>\n<tr>\n<td width=\"159\"><strong>Prof.univ.dr. Doina Lucia Ghergic<\/strong><\/td>\n<td width=\"163\"><a href=\"\/wp-content\/uploads\/2026\/03\/CV_Ghergic.pdf\">CV<\/a>\/\u00a0<a href=\"\/wp-content\/uploads\/2026\/03\/Ghergic-Lista-de-lucrari.pdf\">List\u0103 lucr\u0103ri<\/a><\/td>\n<td width=\"155\">doina.ghergic@prof.utm.ro<\/td>\n<\/tr>\n<tr>\n<td width=\"159\"><strong>Prof.univ.dr. Com\u0103neanu Raluca Monica\u00a0<\/strong><\/td>\n<td width=\"163\"><a href=\"\/wp-content\/uploads\/2026\/03\/CV_Comaneanu.pdf\">CV<\/a>\/\u00a0<a href=\"\/wp-content\/uploads\/2026\/03\/Comaneanu_Lista-lucrari.pdf\">List\u0103 lucr\u0103ri<\/a><\/td>\n<td width=\"155\">monica.comaneanu@prof.utm.ro<\/td>\n<\/tr>\n<tr>\n<td width=\"159\"><strong>CSI Kozma Andrei<\/strong><\/td>\n<td width=\"163\"><a href=\"\/wp-content\/uploads\/2026\/03\/CV_-Kozma_Andrei.pdf\">CV<\/a>\/\u00a0<a href=\"\/wp-content\/uploads\/2026\/03\/Kozma-_Lista-lucrari.pdf\">List\u0103 lucr\u0103ri<\/a><\/td>\n<td width=\"155\">Andrei.Kozma@prof.utm.ro<\/td>\n<\/tr>\n<\/tbody>\n<\/table>\t\t\t\t\t\t\t\t<\/div>\n\t\t\t\t<\/div>\n\t\t\t\t\t<\/div>\n\t\t<\/div>\n\t\t\t\t\t<\/div>\n\t\t<\/section>\n\t\t\t\t<section class=\"elementor-section elementor-top-section elementor-element elementor-element-fd895b7 elementor-section-boxed elementor-section-height-default elementor-section-height-default\" data-id=\"fd895b7\" data-element_type=\"section\" data-e-type=\"section\">\n\t\t\t\t\t\t<div class=\"elementor-container elementor-column-gap-default\">\n\t\t\t\t\t<div class=\"elementor-column elementor-col-100 elementor-top-column elementor-element elementor-element-05b3fa5\" data-id=\"05b3fa5\" data-element_type=\"column\" data-e-type=\"column\">\n\t\t\t<div class=\"elementor-widget-wrap elementor-element-populated\">\n\t\t\t\t\t\t<div class=\"elementor-element elementor-element-d854764 elementor-widget elementor-widget-spacer\" data-id=\"d854764\" data-element_type=\"widget\" data-e-type=\"widget\" data-widget_type=\"spacer.default\">\n\t\t\t\t<div class=\"elementor-widget-container\">\n\t\t\t\t\t\t\t<div class=\"elementor-spacer\">\n\t\t\t<div class=\"elementor-spacer-inner\"><\/div>\n\t\t<\/div>\n\t\t\t\t\t\t<\/div>\n\t\t\t\t<\/div>\n\t\t\t\t\t<\/div>\n\t\t<\/div>\n\t\t\t\t\t<\/div>\n\t\t<\/section>\n\t\t\t\t<\/div>","protected":false},"excerpt":{"rendered":"<p>Conduc\u0103tori de doctorat Nume CV\/List\u0103 de lucr\u0103ri E-mail Prof.univ.dr. Bechir Anamaria\u00a0 CV\/\u00a0List\u0103 lucr\u0103ri anamaria.bechir@prof.utm.ro Prof.univ.dr. Florentina Cornelia B\u00eecle\u0219anu CV\/\u00a0List\u0103 lucr\u0103ri florentina.biclesanu@prof.utm.ro Prof.univ.dr. Doina Lucia Ghergic CV\/\u00a0List\u0103 lucr\u0103ri doina.ghergic@prof.utm.ro Prof.univ.dr. Com\u0103neanu Raluca Monica\u00a0 CV\/\u00a0List\u0103 lucr\u0103ri monica.comaneanu@prof.utm.ro CSI Kozma Andrei CV\/\u00a0List\u0103 lucr\u0103ri Andrei.Kozma@prof.utm.ro<\/p>","protected":false},"author":1,"featured_media":0,"parent":33129,"menu_order":0,"comment_status":"closed","ping_status":"closed","template":"","meta":{"footnotes":""},"class_list":["post-33202","page","type-page","status-publish","hentry"],"_links":{"self":[{"href":"https:\/\/site.utm.ro\/en\/wp-json\/wp\/v2\/pages\/33202","targetHints":{"allow":["GET"]}}],"collection":[{"href":"https:\/\/site.utm.ro\/en\/wp-json\/wp\/v2\/pages"}],"about":[{"href":"https:\/\/site.utm.ro\/en\/wp-json\/wp\/v2\/types\/page"}],"author":[{"embeddable":true,"href":"https:\/\/site.utm.ro\/en\/wp-json\/wp\/v2\/users\/1"}],"replies":[{"embeddable":true,"href":"https:\/\/site.utm.ro\/en\/wp-json\/wp\/v2\/comments?post=33202"}],"version-history":[{"count":0,"href":"https:\/\/site.utm.ro\/en\/wp-json\/wp\/v2\/pages\/33202\/revisions"}],"up":[{"embeddable":true,"href":"https:\/\/site.utm.ro\/en\/wp-json\/wp\/v2\/pages\/33129"}],"wp:attachment":[{"href":"https:\/\/site.utm.ro\/en\/wp-json\/wp\/v2\/media?parent=33202"}],"curies":[{"name":"wp","href":"https:\/\/api.w.org\/{rel}","templated":true}]}}