{"id":33136,"date":"2026-03-11T14:35:04","date_gmt":"2026-03-11T14:35:04","guid":{"rendered":"https:\/\/site.utm.ro\/?page_id=33136"},"modified":"2026-03-11T14:40:31","modified_gmt":"2026-03-11T14:40:31","slug":"admitere","status":"publish","type":"page","link":"https:\/\/site.utm.ro\/en\/doctorat\/scoala-doctorala-medicina-dentara\/admitere\/","title":{"rendered":"\u0218coala Doctoral\u0103 Medicin\u0103 Dentar\u0103 Admitere"},"content":{"rendered":"<div data-elementor-type=\"wp-page\" data-elementor-id=\"33136\" class=\"elementor elementor-33136\" data-elementor-post-type=\"page\">\n\t\t\t\t\t\t<section class=\"elementor-section elementor-top-section elementor-element elementor-element-faeb428 elementor-section-full_width elementor-section-height-default elementor-section-height-default\" data-id=\"faeb428\" data-element_type=\"section\" data-e-type=\"section\">\n\t\t\t\t\t\t<div class=\"elementor-container elementor-column-gap-default\">\n\t\t\t\t\t<div class=\"elementor-column elementor-col-100 elementor-top-column elementor-element elementor-element-84172bf\" data-id=\"84172bf\" data-element_type=\"column\" data-e-type=\"column\">\n\t\t\t<div class=\"elementor-widget-wrap elementor-element-populated\">\n\t\t\t\t\t\t<div class=\"elementor-element elementor-element-0f1ebc2 elementor-widget elementor-widget-template\" data-id=\"0f1ebc2\" data-element_type=\"widget\" data-e-type=\"widget\" data-widget_type=\"template.default\">\n\t\t\t\t<div class=\"elementor-widget-container\">\n\t\t\t\t\t\t\t<div class=\"elementor-template\">\n\t\t\t\t\t<div data-elementor-type=\"section\" data-elementor-id=\"29951\" class=\"elementor elementor-29951\" data-elementor-post-type=\"elementor_library\">\n\t\t\t\t\t<section class=\"elementor-section elementor-top-section elementor-element elementor-element-5400a803 elementor-section-height-min-height elementor-section-full_width elementor-section-height-default elementor-section-items-middle\" data-id=\"5400a803\" data-element_type=\"section\" data-e-type=\"section\" data-settings=\"{&quot;background_background&quot;:&quot;classic&quot;}\">\n\t\t\t\t\t\t\t<div class=\"elementor-background-overlay\"><\/div>\n\t\t\t\t\t\t\t<div class=\"elementor-container elementor-column-gap-default\">\n\t\t\t\t\t<div class=\"elementor-column elementor-col-100 elementor-top-column elementor-element elementor-element-53ad9f51\" data-id=\"53ad9f51\" data-element_type=\"column\" data-e-type=\"column\" data-settings=\"{&quot;background_background&quot;:&quot;classic&quot;}\">\n\t\t\t<div class=\"elementor-widget-wrap\">\n\t\t\t\t\t\t\t<\/div>\n\t\t<\/div>\n\t\t\t\t\t<\/div>\n\t\t<\/section>\n\t\t\t\t<\/div>\n\t\t\t\t<\/div>\n\t\t\t\t\t\t<\/div>\n\t\t\t\t<\/div>\n\t\t\t\t\t<\/div>\n\t\t<\/div>\n\t\t\t\t\t<\/div>\n\t\t<\/section>\n\t\t\t\t<section class=\"elementor-section elementor-top-section elementor-element elementor-element-e644bcc elementor-section-boxed elementor-section-height-default elementor-section-height-default\" data-id=\"e644bcc\" data-element_type=\"section\" data-e-type=\"section\">\n\t\t\t\t\t\t<div class=\"elementor-container elementor-column-gap-no\">\n\t\t\t\t\t<div class=\"elementor-column elementor-col-50 elementor-top-column elementor-element elementor-element-364b315 animated-fast elementor-invisible\" data-id=\"364b315\" data-element_type=\"column\" data-e-type=\"column\" data-settings=\"{&quot;background_background&quot;:&quot;classic&quot;,&quot;animation&quot;:&quot;fadeIn&quot;,&quot;animation_tablet&quot;:&quot;none&quot;,&quot;animation_mobile&quot;:&quot;none&quot;,&quot;animation_delay&quot;:100}\">\n\t\t\t<div class=\"elementor-widget-wrap elementor-element-populated\">\n\t\t\t\t\t\t<div class=\"elementor-element elementor-element-6ae1957 elementor-widget elementor-widget-heading\" data-id=\"6ae1957\" data-element_type=\"widget\" data-e-type=\"widget\" data-widget_type=\"heading.default\">\n\t\t\t\t<div class=\"elementor-widget-container\">\n\t\t\t\t\t<h1 class=\"elementor-heading-title elementor-size-default\">Admission<\/h1>\t\t\t\t<\/div>\n\t\t\t\t<\/div>\n\t\t\t\t\t<\/div>\n\t\t<\/div>\n\t\t\t\t<div class=\"elementor-column elementor-col-50 elementor-top-column elementor-element elementor-element-e8319ff elementor-hidden-desktop elementor-hidden-tablet elementor-hidden-phone\" data-id=\"e8319ff\" data-element_type=\"column\" data-e-type=\"column\">\n\t\t\t<div class=\"elementor-widget-wrap\">\n\t\t\t\t\t\t\t<\/div>\n\t\t<\/div>\n\t\t\t\t\t<\/div>\n\t\t<\/section>\n\t\t\t\t<section class=\"elementor-section elementor-top-section elementor-element elementor-element-27b04bf elementor-section-boxed elementor-section-height-default elementor-section-height-default\" data-id=\"27b04bf\" data-element_type=\"section\" data-e-type=\"section\">\n\t\t\t\t\t\t<div class=\"elementor-container elementor-column-gap-default\">\n\t\t\t\t\t<div class=\"elementor-column elementor-col-100 elementor-top-column elementor-element elementor-element-78487f9\" data-id=\"78487f9\" data-element_type=\"column\" data-e-type=\"column\">\n\t\t\t<div class=\"elementor-widget-wrap elementor-element-populated\">\n\t\t\t\t\t\t<div class=\"elementor-element elementor-element-841880c elementor-widget elementor-widget-text-editor\" data-id=\"841880c\" data-element_type=\"widget\" data-e-type=\"widget\" data-widget_type=\"text-editor.default\">\n\t\t\t\t<div class=\"elementor-widget-container\">\n\t\t\t\t\t\t\t\t\t<div>\n<div>\n<p><a href=\"\/wp-content\/uploads\/2026\/03\/Anexa-1-Certificate-de-competenta-1.docx\">Anexa 1 -Certificate de competen\u021b\u0103<\/a><\/p>\n<p><a href=\"\/wp-content\/uploads\/2026\/03\/Anexa-2-Cerere-inscriere-Medicina-Dentara.docx\">Anexa 2 Cerere \u00eenscriere<\/a><\/p>\n<p><a href=\"\/wp-content\/uploads\/2026\/03\/Anexa-3-Nota-de-informare-si-formular-de-consimtamant-2.docx\">Anexa 3-Not\u0103 de informare \u0219i formular consim\u021b\u0103m\u00e2nt<\/a><\/p>\n<p><a href=\"\/wp-content\/uploads\/2026\/03\/Anexa-4-Cerere-aprobare-conducator.docx\">Anex\u0103 4 \u2013 Cerere aprobare conduc\u0103tor&nbsp;<\/a><\/p>\n<p><a href=\"\/wp-content\/uploads\/2026\/03\/TEME-DE-CERCETARE-CONDUCATORI-DE-DOCTORAT-2025-MEDICINA-DENTARA.docx\">TEME DE CERCETARE PENTRU ADMITERE \u2013 an universitar 2025-2026<\/a><\/p>\n<p><a href=\"\/wp-content\/uploads\/2026\/03\/Cotutela-Informatii-generale-iosud.pdf\">Cotutela \u2013 informa\u021bii generale<\/a><\/p>\n<p><a href=\"\/wp-content\/uploads\/2026\/03\/ANUNT-ADMITERE-SCOALA-DOCTORALA-MEDICINA-DENTARA-CETATENI-ROMANI.docx\">ANUNT ADMITERE \u0218COALA DOCTORAL\u0102 MEDICIN\u0102 DENTAR\u0102- CET\u0102\u021aENI ROM\u00c2NI<\/a><\/p>\n<p><a href=\"\/wp-content\/uploads\/2026\/03\/ANUNT-ADMITERE-SCOALA-DOCTORALA-MEDICINA-DENTARA-CETATENI-ROMANI-SI-CETATENI-STRAINI-CU-STUDII-IN-AFARA-ROMANIEI.docx\">ANUNT ADMITERE \u0218COALA DOCTORAL\u0102 MEDICIN\u0102 DENTAR\u0102- CET\u0102\u021aENI ROM\u00c2NI \u0218I CET\u0102\u021aENI STR\u0102INI CU STUDII \u00ceN AFARA ROM\u00c2NIEI<\/a><\/p>\n<p><a href=\"\/wp-content\/uploads\/2026\/03\/Lista-definitiva-admitere-Medicina-Dentara.pdf\">Lista definitiva candidati admisi<\/a><\/p>\n<\/div>\n<\/div>\t\t\t\t\t\t\t\t<\/div>\n\t\t\t\t<\/div>\n\t\t\t\t\t<\/div>\n\t\t<\/div>\n\t\t\t\t\t<\/div>\n\t\t<\/section>\n\t\t\t\t<section class=\"elementor-section elementor-top-section elementor-element elementor-element-fd895b7 elementor-section-boxed elementor-section-height-default elementor-section-height-default\" data-id=\"fd895b7\" data-element_type=\"section\" data-e-type=\"section\">\n\t\t\t\t\t\t<div class=\"elementor-container elementor-column-gap-default\">\n\t\t\t\t\t<div class=\"elementor-column elementor-col-100 elementor-top-column elementor-element elementor-element-05b3fa5\" data-id=\"05b3fa5\" data-element_type=\"column\" data-e-type=\"column\">\n\t\t\t<div class=\"elementor-widget-wrap elementor-element-populated\">\n\t\t\t\t\t\t<div class=\"elementor-element elementor-element-d854764 elementor-widget elementor-widget-spacer\" data-id=\"d854764\" data-element_type=\"widget\" data-e-type=\"widget\" data-widget_type=\"spacer.default\">\n\t\t\t\t<div class=\"elementor-widget-container\">\n\t\t\t\t\t\t\t<div class=\"elementor-spacer\">\n\t\t\t<div class=\"elementor-spacer-inner\"><\/div>\n\t\t<\/div>\n\t\t\t\t\t\t<\/div>\n\t\t\t\t<\/div>\n\t\t\t\t\t<\/div>\n\t\t<\/div>\n\t\t\t\t\t<\/div>\n\t\t<\/section>\n\t\t\t\t<\/div>","protected":false},"excerpt":{"rendered":"<p>Admitere Anexa 1 -Certificate de competen\u021b\u0103 Anexa 2 Cerere \u00eenscriere Anexa 3-Not\u0103 de informare \u0219i formular consim\u021b\u0103m\u00e2nt Anex\u0103 4 \u2013 Cerere aprobare conduc\u0103tor&nbsp; TEME DE CERCETARE PENTRU ADMITERE \u2013 an universitar 2025-2026 Cotutela \u2013 informa\u021bii generale ANUNT ADMITERE \u0218COALA DOCTORAL\u0102 MEDICIN\u0102 DENTAR\u0102- CET\u0102\u021aENI ROM\u00c2NI ANUNT ADMITERE \u0218COALA DOCTORAL\u0102 MEDICIN\u0102 DENTAR\u0102- CET\u0102\u021aENI ROM\u00c2NI \u0218I CET\u0102\u021aENI STR\u0102INI&#8230;<\/p>","protected":false},"author":1,"featured_media":0,"parent":33129,"menu_order":0,"comment_status":"closed","ping_status":"closed","template":"","meta":{"footnotes":""},"class_list":["post-33136","page","type-page","status-publish","hentry"],"_links":{"self":[{"href":"https:\/\/site.utm.ro\/en\/wp-json\/wp\/v2\/pages\/33136","targetHints":{"allow":["GET"]}}],"collection":[{"href":"https:\/\/site.utm.ro\/en\/wp-json\/wp\/v2\/pages"}],"about":[{"href":"https:\/\/site.utm.ro\/en\/wp-json\/wp\/v2\/types\/page"}],"author":[{"embeddable":true,"href":"https:\/\/site.utm.ro\/en\/wp-json\/wp\/v2\/users\/1"}],"replies":[{"embeddable":true,"href":"https:\/\/site.utm.ro\/en\/wp-json\/wp\/v2\/comments?post=33136"}],"version-history":[{"count":0,"href":"https:\/\/site.utm.ro\/en\/wp-json\/wp\/v2\/pages\/33136\/revisions"}],"up":[{"embeddable":true,"href":"https:\/\/site.utm.ro\/en\/wp-json\/wp\/v2\/pages\/33129"}],"wp:attachment":[{"href":"https:\/\/site.utm.ro\/en\/wp-json\/wp\/v2\/media?parent=33136"}],"curies":[{"name":"wp","href":"https:\/\/api.w.org\/{rel}","templated":true}]}}