{"id":33129,"date":"2026-03-11T14:33:19","date_gmt":"2026-03-11T14:33:19","guid":{"rendered":"https:\/\/site.utm.ro\/?page_id=33129"},"modified":"2026-03-11T14:33:40","modified_gmt":"2026-03-11T14:33:40","slug":"dental-medicine-doctoral-school","status":"publish","type":"page","link":"https:\/\/site.utm.ro\/en\/doctorat\/scoala-doctorala-medicina-dentara\/","title":{"rendered":"Doctoral School of Dental Medicine"},"content":{"rendered":"<div data-elementor-type=\"wp-page\" data-elementor-id=\"33129\" class=\"elementor elementor-33129\" data-elementor-post-type=\"page\">\n\t\t\t\t\t\t<section class=\"elementor-section elementor-top-section elementor-element elementor-element-faeb428 elementor-section-full_width elementor-section-height-default elementor-section-height-default\" data-id=\"faeb428\" data-element_type=\"section\" data-e-type=\"section\">\n\t\t\t\t\t\t<div class=\"elementor-container elementor-column-gap-default\">\n\t\t\t\t\t<div class=\"elementor-column elementor-col-100 elementor-top-column elementor-element elementor-element-84172bf\" data-id=\"84172bf\" data-element_type=\"column\" data-e-type=\"column\">\n\t\t\t<div class=\"elementor-widget-wrap elementor-element-populated\">\n\t\t\t\t\t\t<div class=\"elementor-element elementor-element-0f1ebc2 elementor-widget elementor-widget-template\" data-id=\"0f1ebc2\" data-element_type=\"widget\" data-e-type=\"widget\" data-widget_type=\"template.default\">\n\t\t\t\t<div class=\"elementor-widget-container\">\n\t\t\t\t\t\t\t<div class=\"elementor-template\">\n\t\t\t\t\t<div data-elementor-type=\"section\" data-elementor-id=\"29951\" class=\"elementor elementor-29951\" data-elementor-post-type=\"elementor_library\">\n\t\t\t\t\t<section class=\"elementor-section elementor-top-section elementor-element elementor-element-5400a803 elementor-section-height-min-height elementor-section-full_width elementor-section-height-default elementor-section-items-middle\" data-id=\"5400a803\" data-element_type=\"section\" data-e-type=\"section\" data-settings=\"{&quot;background_background&quot;:&quot;classic&quot;}\">\n\t\t\t\t\t\t\t<div class=\"elementor-background-overlay\"><\/div>\n\t\t\t\t\t\t\t<div class=\"elementor-container elementor-column-gap-default\">\n\t\t\t\t\t<div class=\"elementor-column elementor-col-100 elementor-top-column elementor-element elementor-element-53ad9f51\" data-id=\"53ad9f51\" data-element_type=\"column\" data-e-type=\"column\" data-settings=\"{&quot;background_background&quot;:&quot;classic&quot;}\">\n\t\t\t<div class=\"elementor-widget-wrap\">\n\t\t\t\t\t\t\t<\/div>\n\t\t<\/div>\n\t\t\t\t\t<\/div>\n\t\t<\/section>\n\t\t\t\t<\/div>\n\t\t\t\t<\/div>\n\t\t\t\t\t\t<\/div>\n\t\t\t\t<\/div>\n\t\t\t\t\t<\/div>\n\t\t<\/div>\n\t\t\t\t\t<\/div>\n\t\t<\/section>\n\t\t\t\t<section class=\"elementor-section elementor-top-section elementor-element elementor-element-e644bcc elementor-section-boxed elementor-section-height-default elementor-section-height-default\" data-id=\"e644bcc\" data-element_type=\"section\" data-e-type=\"section\">\n\t\t\t\t\t\t<div class=\"elementor-container elementor-column-gap-no\">\n\t\t\t\t\t<div class=\"elementor-column elementor-col-50 elementor-top-column elementor-element elementor-element-364b315 animated-fast elementor-invisible\" data-id=\"364b315\" data-element_type=\"column\" data-e-type=\"column\" data-settings=\"{&quot;background_background&quot;:&quot;classic&quot;,&quot;animation&quot;:&quot;fadeIn&quot;,&quot;animation_tablet&quot;:&quot;none&quot;,&quot;animation_mobile&quot;:&quot;none&quot;,&quot;animation_delay&quot;:100}\">\n\t\t\t<div class=\"elementor-widget-wrap elementor-element-populated\">\n\t\t\t\t\t\t<div class=\"elementor-element elementor-element-6ae1957 elementor-widget elementor-widget-heading\" data-id=\"6ae1957\" data-element_type=\"widget\" data-e-type=\"widget\" data-widget_type=\"heading.default\">\n\t\t\t\t<div class=\"elementor-widget-container\">\n\t\t\t\t\t<h1 class=\"elementor-heading-title elementor-size-default\">About<\/h1>\t\t\t\t<\/div>\n\t\t\t\t<\/div>\n\t\t\t\t\t<\/div>\n\t\t<\/div>\n\t\t\t\t<div class=\"elementor-column elementor-col-50 elementor-top-column elementor-element elementor-element-e8319ff elementor-hidden-desktop elementor-hidden-tablet elementor-hidden-phone\" data-id=\"e8319ff\" data-element_type=\"column\" data-e-type=\"column\">\n\t\t\t<div class=\"elementor-widget-wrap\">\n\t\t\t\t\t\t\t<\/div>\n\t\t<\/div>\n\t\t\t\t\t<\/div>\n\t\t<\/section>\n\t\t\t\t<section class=\"elementor-section elementor-top-section elementor-element elementor-element-27b04bf elementor-section-boxed elementor-section-height-default elementor-section-height-default\" data-id=\"27b04bf\" data-element_type=\"section\" data-e-type=\"section\">\n\t\t\t\t\t\t<div class=\"elementor-container elementor-column-gap-default\">\n\t\t\t\t\t<div class=\"elementor-column elementor-col-100 elementor-top-column elementor-element elementor-element-78487f9\" data-id=\"78487f9\" data-element_type=\"column\" data-e-type=\"column\">\n\t\t\t<div class=\"elementor-widget-wrap elementor-element-populated\">\n\t\t\t\t\t\t<div class=\"elementor-element elementor-element-841880c elementor-widget elementor-widget-text-editor\" data-id=\"841880c\" data-element_type=\"widget\" data-e-type=\"widget\" data-widget_type=\"text-editor.default\">\n\t\t\t\t<div class=\"elementor-widget-container\">\n\t\t\t\t\t\t\t\t\t<div class=\"wpb_text_column wpb_content_element\"><div class=\"wpb_wrapper\"><div>The doctorate is a higher cycle of university studies aimed at developing knowledge through original scientific research.<\/div><div>\u00a0<\/div><div>\u201eTITU MAIORESCU\u201d University of Bucharest is an Organizing Institution of Doctoral Studies (I.O.S.U.D.), according to the Order of the Minister of Education and Research no. 4632\/07.09.2004.<\/div><div>Facultatea de Medicin\u0103 \u015fi Medicin\u0103 Dentar\u0103 organizeaz\u0103 \u015fi desf\u0103\u015foar\u0103 un doctorat de tip doctorat \u015ftiin\u0163ific iar doctoranzii pot ob\u0163ine titlul de doctor \u00een \u015ftiin\u0163e medicale, \u00een domeniul Medicin\u0103 Dentar\u0103.<\/div><div><strong>\u00a0<\/strong><\/div><div><strong>Scientific doctorate\u00a0<\/strong>is based on creation and advanced scientific research, contributing to the development of cognitive knowledge, competences and skills. The general and specialized knowledge, competences and skills give the scientific doctoral graduate the ability:<\/div><ul><li class=\"first-child\">have a systematic and comprehensive understanding of the field of study and use the research methods associated with it;<\/li><li>to design and implement a research project and to manage research in a professionally ethical manner;<\/li><li>to contribute to the advancement of knowledge through original research with national or international impact, demonstrated through scientific publications;<\/li><li>critical analysis, evaluation and synthesis of new and complex ideas;<\/li><li>communicating with the professional community and civil society in the context of its field of research;<\/li><li class=\"last-child\">to help promote technological, social and cultural development in the context of a knowledge-based society and economy.<\/li><\/ul><\/div><\/div><div class=\"wpb_text_column wpb_content_element\"><div class=\"wpb_wrapper\"><p><strong>Misiunea domeniului de studii universitare de doctorat Medicin\u0103 Dentar\u0103<\/strong>\u00a0este formarea cercet\u0103torilor \u0219i a speciali\u0219tilor de \u00eenalt\u0103 calificare, capabili s\u0103 genereze cunoa\u0219tere \u0219tiin\u021bific\u0103 original\u0103, relevant\u0103 \u0219i aplicabil\u0103 \u00een domeniul s\u0103n\u0103t\u0103\u021bii orale, al \u0219tiin\u021belor stomatologice fundamentale, clinice \u0219i aplicative. Programul doctoral urm\u0103re\u0219te consolidarea unei culturi academice bazate pe excelen\u021b\u0103 profesional\u0103, rigoare metodologic\u0103, integritate \u0219tiin\u021bific\u0103 \u0219i responsabilitate fa\u021b\u0103 de s\u0103n\u0103tatea public\u0103.<\/p><p><strong>The domain's strategic objectives include:<\/strong><\/p><ul><li>dezvoltarea competen\u021belor avansate de cercetare \u0219tiin\u021bific\u0103 independent\u0103 \u00een domeniul medicinei dentare;<\/li><li>formarea capacit\u0103\u021bii de analiz\u0103 critic\u0103, interpretare \u0219i integrare interdisciplinar\u0103 a datelor clinice \u0219i experimentale;<\/li><li>stimularea inov\u0103rii \u00een diagnostic, tratament \u0219i preven\u021bie \u00een patologia oral\u0103 \u0219i maxilo-facial\u0103;<\/li><li>promovarea utiliz\u0103rii tehnologiilor moderne (imagistic\u0103 digital\u0103, CAD\/CAM, biomateriale dentare, tehnici minim invazive);<\/li><li>promovarea eticii \u0219i integrit\u0103\u021bii \u00een cercetarea clinic\u0103 \u0219i fundamental\u0103;<\/li><li>integrarea doctoranzilor \u00een re\u021bele na\u021bionale \u0219i interna\u021bionale de cercetare \u00een domeniul s\u0103n\u0103t\u0103\u021bii orale;<\/li><li>cre\u0219terea vizibilit\u0103\u021bii interna\u021bionale a rezultatelor \u0219tiin\u021bifice ob\u021binute \u00een domeniul medicinei dentare.<\/li><\/ul><p>Programul doctoral contribuie direct la dezvoltarea capitalului uman \u00eenalt calificat necesar sistemului de s\u0103n\u0103tate oral\u0103, mediului universitar \u0219i de cercetare, precum \u0219i la consolidarea pozi\u021biei institu\u021biei \u00een spa\u021biul european al educa\u021biei \u0219i cercet\u0103rii.<\/p><\/div><\/div>\t\t\t\t\t\t\t\t<\/div>\n\t\t\t\t<\/div>\n\t\t\t\t\t<\/div>\n\t\t<\/div>\n\t\t\t\t\t<\/div>\n\t\t<\/section>\n\t\t\t\t<section class=\"elementor-section elementor-top-section elementor-element elementor-element-fd895b7 elementor-section-boxed elementor-section-height-default elementor-section-height-default\" data-id=\"fd895b7\" data-element_type=\"section\" data-e-type=\"section\">\n\t\t\t\t\t\t<div class=\"elementor-container elementor-column-gap-default\">\n\t\t\t\t\t<div class=\"elementor-column elementor-col-100 elementor-top-column elementor-element elementor-element-05b3fa5\" data-id=\"05b3fa5\" data-element_type=\"column\" data-e-type=\"column\">\n\t\t\t<div class=\"elementor-widget-wrap elementor-element-populated\">\n\t\t\t\t\t\t<div class=\"elementor-element elementor-element-d854764 elementor-widget elementor-widget-spacer\" data-id=\"d854764\" data-element_type=\"widget\" data-e-type=\"widget\" data-widget_type=\"spacer.default\">\n\t\t\t\t<div class=\"elementor-widget-container\">\n\t\t\t\t\t\t\t<div class=\"elementor-spacer\">\n\t\t\t<div class=\"elementor-spacer-inner\"><\/div>\n\t\t<\/div>\n\t\t\t\t\t\t<\/div>\n\t\t\t\t<\/div>\n\t\t\t\t\t<\/div>\n\t\t<\/div>\n\t\t\t\t\t<\/div>\n\t\t<\/section>\n\t\t\t\t<\/div>","protected":false},"excerpt":{"rendered":"<p>Despre Doctoratul constituie ciclul superior de studii universitare, a c\u0103rui finalitate este dezvoltarea cunoa\u015fterii prin cercetare \u015ftiin\u0163ific\u0103 original\u0103.\u00a0Universitatea \u201eTITU MAIORESCU\u201d din Bucure\u015fti este Institu\u0163ie Organizatoare de Studii Universitare de Doctorat (I.O.S.U.D.), conform Ordinului Ministrului Educa\u0163iei \u015fi Cercet\u0103rii nr. 4632\/07.09.2004.Facultatea de Medicin\u0103 \u015fi Medicin\u0103 Dentar\u0103 organizeaz\u0103 \u015fi desf\u0103\u015foar\u0103 un doctorat de tip doctorat \u015ftiin\u0163ific iar doctoranzii&#8230;<\/p>","protected":false},"author":1,"featured_media":0,"parent":28822,"menu_order":0,"comment_status":"closed","ping_status":"closed","template":"","meta":{"footnotes":""},"class_list":["post-33129","page","type-page","status-publish","hentry"],"_links":{"self":[{"href":"https:\/\/site.utm.ro\/en\/wp-json\/wp\/v2\/pages\/33129","targetHints":{"allow":["GET"]}}],"collection":[{"href":"https:\/\/site.utm.ro\/en\/wp-json\/wp\/v2\/pages"}],"about":[{"href":"https:\/\/site.utm.ro\/en\/wp-json\/wp\/v2\/types\/page"}],"author":[{"embeddable":true,"href":"https:\/\/site.utm.ro\/en\/wp-json\/wp\/v2\/users\/1"}],"replies":[{"embeddable":true,"href":"https:\/\/site.utm.ro\/en\/wp-json\/wp\/v2\/comments?post=33129"}],"version-history":[{"count":0,"href":"https:\/\/site.utm.ro\/en\/wp-json\/wp\/v2\/pages\/33129\/revisions"}],"up":[{"embeddable":true,"href":"https:\/\/site.utm.ro\/en\/wp-json\/wp\/v2\/pages\/28822"}],"wp:attachment":[{"href":"https:\/\/site.utm.ro\/en\/wp-json\/wp\/v2\/media?parent=33129"}],"curies":[{"name":"wp","href":"https:\/\/api.w.org\/{rel}","templated":true}]}}