{"id":32799,"date":"2026-03-11T14:05:28","date_gmt":"2026-03-11T14:05:28","guid":{"rendered":"https:\/\/site.utm.ro\/?page_id=32799"},"modified":"2026-03-11T14:07:28","modified_gmt":"2026-03-11T14:07:28","slug":"conducatori-de-doctorat","status":"publish","type":"page","link":"https:\/\/site.utm.ro\/en\/doctorat\/scoala-doctorala-medicina\/conducatori-de-doctorat\/","title":{"rendered":"\u0218coala Doctoral\u0103 Medicin\u0103 Conduc\u0103tori de doctorat"},"content":{"rendered":"<div data-elementor-type=\"wp-page\" data-elementor-id=\"32799\" class=\"elementor elementor-32799\" data-elementor-post-type=\"page\">\n\t\t\t\t\t\t<section class=\"elementor-section elementor-top-section elementor-element elementor-element-faeb428 elementor-section-full_width elementor-section-height-default elementor-section-height-default\" data-id=\"faeb428\" data-element_type=\"section\" data-e-type=\"section\">\n\t\t\t\t\t\t<div class=\"elementor-container elementor-column-gap-default\">\n\t\t\t\t\t<div class=\"elementor-column elementor-col-100 elementor-top-column elementor-element elementor-element-84172bf\" data-id=\"84172bf\" data-element_type=\"column\" data-e-type=\"column\">\n\t\t\t<div class=\"elementor-widget-wrap elementor-element-populated\">\n\t\t\t\t\t\t<div class=\"elementor-element elementor-element-0f1ebc2 elementor-widget elementor-widget-template\" data-id=\"0f1ebc2\" data-element_type=\"widget\" data-e-type=\"widget\" data-widget_type=\"template.default\">\n\t\t\t\t<div class=\"elementor-widget-container\">\n\t\t\t\t\t\t\t<div class=\"elementor-template\">\n\t\t\t\t\t<div data-elementor-type=\"section\" data-elementor-id=\"29951\" class=\"elementor elementor-29951\" data-elementor-post-type=\"elementor_library\">\n\t\t\t\t\t<section class=\"elementor-section elementor-top-section elementor-element elementor-element-5400a803 elementor-section-height-min-height elementor-section-full_width elementor-section-height-default elementor-section-items-middle\" data-id=\"5400a803\" data-element_type=\"section\" data-e-type=\"section\" data-settings=\"{&quot;background_background&quot;:&quot;classic&quot;}\">\n\t\t\t\t\t\t\t<div class=\"elementor-background-overlay\"><\/div>\n\t\t\t\t\t\t\t<div class=\"elementor-container elementor-column-gap-default\">\n\t\t\t\t\t<div class=\"elementor-column elementor-col-100 elementor-top-column elementor-element elementor-element-53ad9f51\" data-id=\"53ad9f51\" data-element_type=\"column\" data-e-type=\"column\" data-settings=\"{&quot;background_background&quot;:&quot;classic&quot;}\">\n\t\t\t<div class=\"elementor-widget-wrap\">\n\t\t\t\t\t\t\t<\/div>\n\t\t<\/div>\n\t\t\t\t\t<\/div>\n\t\t<\/section>\n\t\t\t\t<\/div>\n\t\t\t\t<\/div>\n\t\t\t\t\t\t<\/div>\n\t\t\t\t<\/div>\n\t\t\t\t\t<\/div>\n\t\t<\/div>\n\t\t\t\t\t<\/div>\n\t\t<\/section>\n\t\t\t\t<section class=\"elementor-section elementor-top-section elementor-element elementor-element-e644bcc elementor-section-boxed elementor-section-height-default elementor-section-height-default\" data-id=\"e644bcc\" data-element_type=\"section\" data-e-type=\"section\">\n\t\t\t\t\t\t<div class=\"elementor-container elementor-column-gap-no\">\n\t\t\t\t\t<div class=\"elementor-column elementor-col-50 elementor-top-column elementor-element elementor-element-364b315 animated-fast elementor-invisible\" data-id=\"364b315\" data-element_type=\"column\" data-e-type=\"column\" data-settings=\"{&quot;background_background&quot;:&quot;classic&quot;,&quot;animation&quot;:&quot;fadeIn&quot;,&quot;animation_tablet&quot;:&quot;none&quot;,&quot;animation_mobile&quot;:&quot;none&quot;,&quot;animation_delay&quot;:100}\">\n\t\t\t<div class=\"elementor-widget-wrap elementor-element-populated\">\n\t\t\t\t\t\t<div class=\"elementor-element elementor-element-6ae1957 elementor-widget elementor-widget-heading\" data-id=\"6ae1957\" data-element_type=\"widget\" data-e-type=\"widget\" data-widget_type=\"heading.default\">\n\t\t\t\t<div class=\"elementor-widget-container\">\n\t\t\t\t\t<h1 class=\"elementor-heading-title elementor-size-default\">Doctoral supervisors <\/h1>\t\t\t\t<\/div>\n\t\t\t\t<\/div>\n\t\t\t\t\t<\/div>\n\t\t<\/div>\n\t\t\t\t<div class=\"elementor-column elementor-col-50 elementor-top-column elementor-element elementor-element-e8319ff elementor-hidden-desktop elementor-hidden-tablet elementor-hidden-phone\" data-id=\"e8319ff\" data-element_type=\"column\" data-e-type=\"column\">\n\t\t\t<div class=\"elementor-widget-wrap\">\n\t\t\t\t\t\t\t<\/div>\n\t\t<\/div>\n\t\t\t\t\t<\/div>\n\t\t<\/section>\n\t\t\t\t<section class=\"elementor-section elementor-top-section elementor-element elementor-element-27b04bf elementor-section-boxed elementor-section-height-default elementor-section-height-default\" data-id=\"27b04bf\" data-element_type=\"section\" data-e-type=\"section\">\n\t\t\t\t\t\t<div class=\"elementor-container elementor-column-gap-default\">\n\t\t\t\t\t<div class=\"elementor-column elementor-col-100 elementor-top-column elementor-element elementor-element-78487f9\" data-id=\"78487f9\" data-element_type=\"column\" data-e-type=\"column\">\n\t\t\t<div class=\"elementor-widget-wrap elementor-element-populated\">\n\t\t\t\t\t\t<div class=\"elementor-element elementor-element-841880c elementor-widget elementor-widget-text-editor\" data-id=\"841880c\" data-element_type=\"widget\" data-e-type=\"widget\" data-widget_type=\"text-editor.default\">\n\t\t\t\t<div class=\"elementor-widget-container\">\n\t\t\t\t\t\t\t\t\t<table>\n<tbody>\n<tr>\n<td width=\"159\">Nume<\/td>\n<td width=\"163\">CV\/List\u0103 de lucr\u0103ri<\/td>\n<td width=\"155\">E-mail<\/td>\n<\/tr>\n<tr>\n<td width=\"159\"><strong>Prof. univ. dr. Ungureanu Florin Dan<\/strong><\/td>\n<td width=\"163\"><a href=\"\/wp-content\/uploads\/2026\/03\/Florin-Dan-Ungureanu-CV-Model-EURO-RO-Update-Ianuarie-2020_280120.pdf\">CV<\/a><\/td>\n<td width=\"155\">florin.ungureanu@prof.utm.ro<\/td>\n<\/tr>\n<tr>\n<td width=\"159\"><strong>Prof. univ. dr. Cochior Daniel\u00a0<\/strong><\/td>\n<td width=\"163\"><a href=\"\/wp-content\/uploads\/2026\/03\/CV_Cochior_Daniel.pdf\">CV<\/a><\/td>\n<td width=\"155\">daniel.cochior@prof.utm.ro<\/td>\n<\/tr>\n<tr>\n<td width=\"159\"><strong>Prof.univ.dr. Victor Costache\u00a0<\/strong><\/td>\n<td width=\"163\"><a href=\"\/wp-content\/uploads\/2026\/03\/CV-Costache-Victor.pdf\">CV<\/a><\/td>\n<td width=\"155\">Victor.Costache@prof.utm.ro<\/td>\n<\/tr>\n<tr>\n<td width=\"159\"><strong>Prof. univ. dr. T\u0103nase Cristiana\u00a0<\/strong><\/td>\n<td width=\"163\"><a href=\"\/wp-content\/uploads\/2026\/03\/CV_Tanase_Cristiana.pdf\">CV<\/a><\/td>\n<td width=\"155\">cristiana.tanase@prof.utm.ro<\/td>\n<\/tr>\n<tr>\n<td width=\"159\"><strong>Prof. univ. dr. Niculescu Marius<\/strong><\/td>\n<td width=\"163\"><a href=\"\/wp-content\/uploads\/2026\/03\/CV_Prof.univ_.dr_.-Niculescu-Marius_160120.pdf\">CV<\/a><\/td>\n<td width=\"155\">marius.niculescu@prof.utm.ro<\/td>\n<\/tr>\n<tr>\n<td width=\"159\"><strong>Prof. univ. dr. Ana C\u0103runtu\u00a0<\/strong><\/td>\n<td width=\"163\">CV<\/td>\n<td width=\"155\">ana.caruntu@prof.utm.ro<\/td>\n<\/tr>\n<tr>\n<td width=\"159\"><strong>Prof. univ. dr. Vladislav Bra\u0219oveanu\u00a0<\/strong><\/td>\n<td width=\"163\"><a href=\"\/wp-content\/uploads\/2026\/03\/CV-Brasoveanu-Vladislav.pdf\">CV<\/a><\/td>\n<td width=\"155\">\u00a0<\/td>\n<\/tr>\n<tr>\n<td width=\"159\"><strong>Prof. univ. dr. Lucian Florin Doroban\u021bu\u00a0<\/strong><\/td>\n<td width=\"163\"><a href=\"\/wp-content\/uploads\/2026\/03\/CV-Lucian-Dorobantu.pdf\">CV<\/a><\/td>\n<td width=\"155\">lucian.dorobantu@prof.utm.ro<\/td>\n<\/tr>\n<tr>\n<td width=\"159\"><strong>Conf. univ.dr. Nemes Roxana<\/strong><\/td>\n<td width=\"163\"><a href=\"\/wp-content\/uploads\/2026\/03\/CV_Prof.univ_.dr-NEMES-ROXANA_160120.pdf\">CV<\/a><\/td>\n<td width=\"155\">roxana.nemes@prof.utm.ro<\/td>\n<\/tr>\n<tr>\n<td width=\"159\"><strong>Conf. univ.dr. Adina Emilia Croitoru<\/strong><\/td>\n<td width=\"163\"><a href=\"\/wp-content\/uploads\/2026\/03\/Conf.univ_.dr_.-Adina-Emilia-Croitoru.pdf\">CV<\/a><\/td>\n<td width=\"155\">adina.croitoru@prof.utm.ro<\/td>\n<\/tr>\n<tr>\n<td width=\"159\"><strong>Conf.univ.dr. Florin Botea\u00a0<\/strong><\/td>\n<td width=\"163\"><a href=\"\/wp-content\/uploads\/2026\/03\/CV-Conf.univ_.dr_.-Florin-Botea.pdf\">CV<\/a><\/td>\n<td width=\"155\">florin.botea@prof.utm.ro<\/td>\n<\/tr>\n<tr>\n<td width=\"159\"><strong>CS I Simona Dima<\/strong><\/td>\n<td width=\"163\"><a href=\"\/wp-content\/uploads\/2026\/03\/CV_CSI-DIMA-SIMONA_160120.pdf\">CV<\/a><\/td>\n<td width=\"155\">simona.dima@prof.utm.ro<\/td>\n<\/tr>\n<tr>\n<td width=\"159\"><strong>Prof.univ.dr. Cristian Vl\u0103descu\u00a0<\/strong><\/td>\n<td width=\"163\"><a href=\"\/wp-content\/uploads\/2026\/03\/CV-CristianVladescu.pdf\">CV<\/a><\/td>\n<td width=\"155\">cristian.vladescu@prof.utm.ro<\/td>\n<\/tr>\n<\/tbody>\n<\/table>\t\t\t\t\t\t\t\t<\/div>\n\t\t\t\t<\/div>\n\t\t\t\t\t<\/div>\n\t\t<\/div>\n\t\t\t\t\t<\/div>\n\t\t<\/section>\n\t\t\t\t<section class=\"elementor-section elementor-top-section elementor-element elementor-element-fd895b7 elementor-section-boxed elementor-section-height-default elementor-section-height-default\" data-id=\"fd895b7\" data-element_type=\"section\" data-e-type=\"section\">\n\t\t\t\t\t\t<div class=\"elementor-container elementor-column-gap-default\">\n\t\t\t\t\t<div class=\"elementor-column elementor-col-100 elementor-top-column elementor-element elementor-element-05b3fa5\" data-id=\"05b3fa5\" data-element_type=\"column\" data-e-type=\"column\">\n\t\t\t<div class=\"elementor-widget-wrap elementor-element-populated\">\n\t\t\t\t\t\t<div class=\"elementor-element elementor-element-d854764 elementor-widget elementor-widget-spacer\" data-id=\"d854764\" data-element_type=\"widget\" data-e-type=\"widget\" data-widget_type=\"spacer.default\">\n\t\t\t\t<div class=\"elementor-widget-container\">\n\t\t\t\t\t\t\t<div class=\"elementor-spacer\">\n\t\t\t<div class=\"elementor-spacer-inner\"><\/div>\n\t\t<\/div>\n\t\t\t\t\t\t<\/div>\n\t\t\t\t<\/div>\n\t\t\t\t\t<\/div>\n\t\t<\/div>\n\t\t\t\t\t<\/div>\n\t\t<\/section>\n\t\t\t\t<\/div>","protected":false},"excerpt":{"rendered":"<p>Conduc\u0103tori de doctorat Nume CV\/List\u0103 de lucr\u0103ri E-mail Prof. univ. dr. Ungureanu Florin Dan CV florin.ungureanu@prof.utm.ro Prof. univ. dr. Cochior Daniel\u00a0 CV daniel.cochior@prof.utm.ro Prof.univ.dr. Victor Costache\u00a0 CV Victor.Costache@prof.utm.ro Prof. univ. dr. T\u0103nase Cristiana\u00a0 CV cristiana.tanase@prof.utm.ro Prof. univ. dr. Niculescu Marius CV marius.niculescu@prof.utm.ro Prof. univ. dr. Ana C\u0103runtu\u00a0 CV ana.caruntu@prof.utm.ro Prof. univ. dr. Vladislav Bra\u0219oveanu\u00a0 CV&#8230;<\/p>","protected":false},"author":1,"featured_media":0,"parent":32656,"menu_order":0,"comment_status":"closed","ping_status":"closed","template":"","meta":{"footnotes":""},"class_list":["post-32799","page","type-page","status-publish","hentry"],"_links":{"self":[{"href":"https:\/\/site.utm.ro\/en\/wp-json\/wp\/v2\/pages\/32799","targetHints":{"allow":["GET"]}}],"collection":[{"href":"https:\/\/site.utm.ro\/en\/wp-json\/wp\/v2\/pages"}],"about":[{"href":"https:\/\/site.utm.ro\/en\/wp-json\/wp\/v2\/types\/page"}],"author":[{"embeddable":true,"href":"https:\/\/site.utm.ro\/en\/wp-json\/wp\/v2\/users\/1"}],"replies":[{"embeddable":true,"href":"https:\/\/site.utm.ro\/en\/wp-json\/wp\/v2\/comments?post=32799"}],"version-history":[{"count":0,"href":"https:\/\/site.utm.ro\/en\/wp-json\/wp\/v2\/pages\/32799\/revisions"}],"up":[{"embeddable":true,"href":"https:\/\/site.utm.ro\/en\/wp-json\/wp\/v2\/pages\/32656"}],"wp:attachment":[{"href":"https:\/\/site.utm.ro\/en\/wp-json\/wp\/v2\/media?parent=32799"}],"curies":[{"name":"wp","href":"https:\/\/api.w.org\/{rel}","templated":true}]}}