{"id":32798,"date":"2026-03-11T14:22:44","date_gmt":"2026-03-11T14:22:44","guid":{"rendered":"https:\/\/site.utm.ro\/?page_id=32798"},"modified":"2026-03-11T14:23:06","modified_gmt":"2026-03-11T14:23:06","slug":"scoala-doctorala-medicina-cercetare","status":"publish","type":"page","link":"https:\/\/site.utm.ro\/en\/doctorat\/scoala-doctorala-medicina\/scoala-doctorala-medicina-cercetare\/","title":{"rendered":"\u0218coala Doctoral\u0103 Medicin\u0103 Cercetare"},"content":{"rendered":"<div data-elementor-type=\"wp-page\" data-elementor-id=\"32798\" class=\"elementor elementor-32798\" data-elementor-post-type=\"page\">\n\t\t\t\t\t\t<section class=\"elementor-section elementor-top-section elementor-element elementor-element-faeb428 elementor-section-full_width elementor-section-height-default elementor-section-height-default\" data-id=\"faeb428\" data-element_type=\"section\" data-e-type=\"section\">\n\t\t\t\t\t\t<div class=\"elementor-container elementor-column-gap-default\">\n\t\t\t\t\t<div class=\"elementor-column elementor-col-100 elementor-top-column elementor-element elementor-element-84172bf\" data-id=\"84172bf\" data-element_type=\"column\" data-e-type=\"column\">\n\t\t\t<div class=\"elementor-widget-wrap elementor-element-populated\">\n\t\t\t\t\t\t<div class=\"elementor-element elementor-element-0f1ebc2 elementor-widget elementor-widget-template\" data-id=\"0f1ebc2\" data-element_type=\"widget\" data-e-type=\"widget\" data-widget_type=\"template.default\">\n\t\t\t\t<div class=\"elementor-widget-container\">\n\t\t\t\t\t\t\t<div class=\"elementor-template\">\n\t\t\t\t\t<div data-elementor-type=\"section\" data-elementor-id=\"29951\" class=\"elementor elementor-29951\" data-elementor-post-type=\"elementor_library\">\n\t\t\t\t\t<section class=\"elementor-section elementor-top-section elementor-element elementor-element-5400a803 elementor-section-height-min-height elementor-section-full_width elementor-section-height-default elementor-section-items-middle\" data-id=\"5400a803\" data-element_type=\"section\" data-e-type=\"section\" data-settings=\"{&quot;background_background&quot;:&quot;classic&quot;}\">\n\t\t\t\t\t\t\t<div class=\"elementor-background-overlay\"><\/div>\n\t\t\t\t\t\t\t<div class=\"elementor-container elementor-column-gap-default\">\n\t\t\t\t\t<div class=\"elementor-column elementor-col-100 elementor-top-column elementor-element elementor-element-53ad9f51\" data-id=\"53ad9f51\" data-element_type=\"column\" data-e-type=\"column\" data-settings=\"{&quot;background_background&quot;:&quot;classic&quot;}\">\n\t\t\t<div class=\"elementor-widget-wrap\">\n\t\t\t\t\t\t\t<\/div>\n\t\t<\/div>\n\t\t\t\t\t<\/div>\n\t\t<\/section>\n\t\t\t\t<\/div>\n\t\t\t\t<\/div>\n\t\t\t\t\t\t<\/div>\n\t\t\t\t<\/div>\n\t\t\t\t\t<\/div>\n\t\t<\/div>\n\t\t\t\t\t<\/div>\n\t\t<\/section>\n\t\t\t\t<section class=\"elementor-section elementor-top-section elementor-element elementor-element-e644bcc elementor-section-boxed elementor-section-height-default elementor-section-height-default\" data-id=\"e644bcc\" data-element_type=\"section\" data-e-type=\"section\">\n\t\t\t\t\t\t<div class=\"elementor-container elementor-column-gap-no\">\n\t\t\t\t\t<div class=\"elementor-column elementor-col-50 elementor-top-column elementor-element elementor-element-364b315 animated-fast elementor-invisible\" data-id=\"364b315\" data-element_type=\"column\" data-e-type=\"column\" data-settings=\"{&quot;background_background&quot;:&quot;classic&quot;,&quot;animation&quot;:&quot;fadeIn&quot;,&quot;animation_tablet&quot;:&quot;none&quot;,&quot;animation_mobile&quot;:&quot;none&quot;,&quot;animation_delay&quot;:100}\">\n\t\t\t<div class=\"elementor-widget-wrap elementor-element-populated\">\n\t\t\t\t\t\t<div class=\"elementor-element elementor-element-6ae1957 elementor-widget elementor-widget-heading\" data-id=\"6ae1957\" data-element_type=\"widget\" data-e-type=\"widget\" data-widget_type=\"heading.default\">\n\t\t\t\t<div class=\"elementor-widget-container\">\n\t\t\t\t\t<h1 class=\"elementor-heading-title elementor-size-default\">Research<\/h1>\t\t\t\t<\/div>\n\t\t\t\t<\/div>\n\t\t\t\t\t<\/div>\n\t\t<\/div>\n\t\t\t\t<div class=\"elementor-column elementor-col-50 elementor-top-column elementor-element elementor-element-e8319ff elementor-hidden-desktop elementor-hidden-tablet elementor-hidden-phone\" data-id=\"e8319ff\" data-element_type=\"column\" data-e-type=\"column\">\n\t\t\t<div class=\"elementor-widget-wrap\">\n\t\t\t\t\t\t\t<\/div>\n\t\t<\/div>\n\t\t\t\t\t<\/div>\n\t\t<\/section>\n\t\t\t\t<section class=\"elementor-section elementor-top-section elementor-element elementor-element-27b04bf elementor-section-boxed elementor-section-height-default elementor-section-height-default\" data-id=\"27b04bf\" data-element_type=\"section\" data-e-type=\"section\">\n\t\t\t\t\t\t<div class=\"elementor-container elementor-column-gap-default\">\n\t\t\t\t\t<div class=\"elementor-column elementor-col-100 elementor-top-column elementor-element elementor-element-78487f9\" data-id=\"78487f9\" data-element_type=\"column\" data-e-type=\"column\">\n\t\t\t<div class=\"elementor-widget-wrap elementor-element-populated\">\n\t\t\t\t\t\t<div class=\"elementor-element elementor-element-841880c elementor-widget elementor-widget-text-editor\" data-id=\"841880c\" data-element_type=\"widget\" data-e-type=\"widget\" data-widget_type=\"text-editor.default\">\n\t\t\t\t<div class=\"elementor-widget-container\">\n\t\t\t\t\t\t\t\t\t<p>La nivelul\u00a0<strong>\u0218colii Doctorale \u2013 domeniul Medicin\u0103 (SDM)<\/strong>, Strategia \u00een domeniul Cercet\u0103rii \u0218tiin\u021bifice este fundamentat\u0103 pe specificul cercet\u0103rii medicale fundamentale, clinice \u0219i translative, av\u00e2nd \u00een vedere necesitatea consolid\u0103rii excelen\u021bei academice, a impactului \u0219tiin\u021bific \u0219i a relevan\u021bei sociale a rezultatelor cercet\u0103rii, precum \u0219i racordarea permanent\u0103 la evolu\u021biile medicinei moderne \u0219i la standardele interna\u021bionale \u00een domeniul s\u0103n\u0103t\u0103\u021bii.<\/p><p>Activitatea de cercetare-dezvoltare-inovare \u00een cadrul SDM trebuie s\u0103 contribuie la:<\/p><ul><li>Cre\u0219terea performan\u021bei \u0219i vizibilit\u0103\u021bii \u0219colii doctorale \u00een domeniul \u0219tiin\u021belor medicale, la nivel regional, na\u021bional \u0219i interna\u021bional;<\/li><li>Generarea de resurse prin atragerea de granturi, proiecte \u0219i parteneriate institu\u021bionale \u00een domeniul biomedical \u0219i clinic;<\/li><li>Consolidarea pozi\u021biei institu\u021biei \u00een cercetarea medical\u0103 avansat\u0103 \u0219i \u00een fundamentarea \u0219tiin\u021bific\u0103 a practicii clinice \u0219i a politicilor de s\u0103n\u0103tate.<\/li><\/ul><p>\u00cen acest sens, \u00een cadrul SDM se va urm\u0103ri:<\/p><ul><li>Participarea activ\u0103 la dezvoltarea unui sistem eficient de management al cercet\u0103rii medicale \u0219i al disemin\u0103rii rezultatelor \u0219tiin\u021bifice;<\/li><li>Crearea unui cadru academic transparent, bazat pe criterii de performan\u021b\u0103 \u0219i excelen\u021b\u0103, care s\u0103 stimuleze implicarea conduc\u0103torilor de doctorat \u0219i a doctoranzilor \u00een activit\u0103\u021bi de cercetare fundamental\u0103, clinic\u0103 \u0219i aplicativ\u0103;<\/li><li>Valorificarea competen\u021belor \u0219tiin\u021bifice \u0219i clinice ale cadrelor didactice \u0219i integrarea experien\u021bei profesionale a acestora (medici speciali\u0219ti, medici primari, cercet\u0103tori, biologi, biochimi\u0219ti etc.) \u00een activitatea de cercetare;<\/li><li>Acordarea de expertiz\u0103 \u0219tiin\u021bific\u0103 institu\u021biilor din domeniul s\u0103n\u0103t\u0103\u021bii, autorit\u0103\u021bilor publice \u0219i altor entit\u0103\u021bi relevante, \u00een vederea solu\u021bion\u0103rii unor probleme medicale complexe prin cercetare aplicativ\u0103 \u0219i inovare.<\/li><\/ul><p><strong>Obiective strategice \u0219i direc\u021bii de ac\u021biune<\/strong><\/p><ol><li><strong>Sus\u021binerea cercet\u0103rii medicale avansate \u0219i promovarea direc\u021biilor de excelen\u021b\u0103<\/strong><\/li><\/ol><p>\u00cen plan opera\u021bional, obiectivul se materializeaz\u0103 prin urm\u0103toarele direc\u021bii:<\/p><ul><li>Constituirea unor echipe de sprijin pentru elaborarea \u0219i publicarea de articole \u00een reviste medicale indexate \u00een baze de date interna\u021bionale, precum \u0219i pentru dezvoltarea proiectelor de cercetare cu finan\u021bare na\u021bional\u0103 \u0219i interna\u021bional\u0103;<\/li><li>Identificarea \u0219i dezvoltarea unor noi direc\u021bii de cercetare \u00een domenii precum medicina personalizat\u0103, oncologia, cardiologia, neurologia, bolile infec\u021bioase, s\u0103n\u0103tatea public\u0103, genetica medical\u0103, medicina regenerativ\u0103 sau tehnologiile medicale avansate;<\/li><li>Participarea la congrese \u0219i conferin\u021be \u0219tiin\u021bifice na\u021bionale \u0219i interna\u021bionale de prestigiu, publicarea \u00een reviste cu factor de impact ridicat \u0219i editarea de volume la edituri recunoscute;<\/li><li>Organizarea periodic\u0103 a Conferin\u021bei Interna\u021bionale a \u0218colii Doctorale \u00een domeniul Medicin\u0103, precum \u0219i a unor workshop-uri \u0219i mese rotunde dedicate temelor de actualitate \u00een cercetarea biomedical\u0103 \u0219i practica medical\u0103;<\/li><li>Dezvoltarea de parteneriate cu reviste \u0219tiin\u021bifice, centre de cercetare \u0219i institu\u021bii medicale din \u021bar\u0103 \u0219i din str\u0103in\u0103tate, \u00een vederea cre\u0219terii vizibilit\u0103\u021bii produc\u021biei \u0219tiin\u021bifice;<\/li><li>Crearea cadrului necesar pentru cre\u0219terea prestigiului publica\u021biilor institu\u021biei \u0219i pentru includerea acestora \u00een baze de date interna\u021bionale relevante.<\/li><\/ul><ol start=\"2\"><li><strong>Dezvoltarea unei resurse umane de excelen\u021b\u0103 \u00een cercetarea medical\u0103<\/strong><\/li><\/ol><p>Pentru realizarea acestui obiectiv strategic, sunt promovate urm\u0103toarele ini\u021biative:<\/p><ul><li>Integrarea doctoranzilor \u00een colectivele \u0219i centrele de cercetare biomedical\u0103 \u0219i clinic\u0103 ale facult\u0103\u021bii, precum \u0219i implicarea acestora \u00een proiecte \u0219tiin\u021bifice;<\/li><li>Sprijinirea mobilit\u0103\u021bilor academice \u0219i a stagiilor de documentare sau cercetare \u00een universit\u0103\u021bi, spitale \u0219i institute de cercetare din \u021bar\u0103 \u0219i din str\u0103in\u0103tate;<\/li><li>Organizarea de \u0219coli de var\u0103, cursuri avansate, seminare metodologice \u0219i ateliere privind metodologia cercet\u0103rii clinice, biostatistica, etica cercet\u0103rii \u0219i redactarea lucr\u0103rilor \u0219tiin\u021bifice;<\/li><li>Cooptarea unor speciali\u0219ti de prestigiu din mediul academic \u0219i medical (na\u021bional \u0219i interna\u021bional) pentru sus\u021binerea de cursuri, prelegeri \u0219i dezvoltarea unor proiecte comune de cercetare.<\/li><\/ul><ol start=\"3\"><li><strong>Cre\u0219terea volumului de fonduri atrase pentru cercetarea medical\u0103<\/strong><\/li><\/ol><p>Implementarea acestui obiectiv se realizeaz\u0103 prin:<\/p><ul><li>Sprijinirea elabor\u0103rii \u0219i depunerii de proiecte \u00een competi\u021bii na\u021bionale \u0219i interna\u021bionale din domeniul s\u0103n\u0103t\u0103\u021bii \u0219i cercet\u0103rii biomedicale;<\/li><li>Stimularea cercet\u0103rii interdisciplinare, prin colabor\u0103ri cu domenii precum biologia, biochimia, farmacologia, informatica medical\u0103, ingineria biomedical\u0103 sau s\u0103n\u0103tatea public\u0103;<\/li><li>Dezvoltarea de parteneriate cu alte universit\u0103\u021bi, institute de cercetare, spitale, companii farmaceutice \u0219i entit\u0103\u021bi din domeniul tehnologiilor medicale, pentru realizarea unor proiecte comune relevante;<\/li><li>\u00cencheierea de contracte de cercetare clinic\u0103, studii observa\u021bionale sau proiecte de inovare \u00een domeniul medical.<\/li><\/ul><ol start=\"4\"><li><strong>Dezvoltarea unui sistem eficient de management al cercet\u0103rii medicale<\/strong><\/li><\/ol><p>Realizarea acestui obiectiv presupune implementarea urm\u0103toarelor m\u0103suri:<\/p><ul><li>Constituirea unei echipe de cadre didactice \u0219i cercet\u0103tori implica\u021bi \u00een coordonarea \u0219i monitorizarea activit\u0103\u021bilor de cercetare la nivelul \u0218colii Doctorale;<\/li><li>Elaborarea unor proceduri clare privind evaluarea performan\u021bei \u0219tiin\u021bifice, respectarea normelor de etic\u0103 \u0219i raportarea rezultatelor cercet\u0103rii;<\/li><li>Implicarea reprezentan\u021bilor \u0218colii Doctorale \u00een structurile universitare dedicate cercet\u0103rii \u0219i inov\u0103rii;<\/li><li>Sprijinirea dezvolt\u0103rii unor centre \u0219i laboratoare de cercetare \u00een domenii medicale de specialitate (medicin\u0103 intern\u0103, chirurgie, pediatrie, oncologie, cardiologie etc.);<\/li><li>Optimizarea gestion\u0103rii fondurilor provenite din granturi \u0219i contracte de cercetare, \u00een vederea asigur\u0103rii transparen\u021bei, eficien\u021bei \u0219i sustenabilit\u0103\u021bii activit\u0103\u021bilor \u0219tiin\u021bifice.<\/li><\/ul>\t\t\t\t\t\t\t\t<\/div>\n\t\t\t\t<\/div>\n\t\t\t\t\t<\/div>\n\t\t<\/div>\n\t\t\t\t\t<\/div>\n\t\t<\/section>\n\t\t\t\t<section class=\"elementor-section elementor-top-section elementor-element elementor-element-fd895b7 elementor-section-boxed elementor-section-height-default elementor-section-height-default\" data-id=\"fd895b7\" data-element_type=\"section\" data-e-type=\"section\">\n\t\t\t\t\t\t<div class=\"elementor-container elementor-column-gap-default\">\n\t\t\t\t\t<div class=\"elementor-column elementor-col-100 elementor-top-column elementor-element elementor-element-05b3fa5\" data-id=\"05b3fa5\" data-element_type=\"column\" data-e-type=\"column\">\n\t\t\t<div class=\"elementor-widget-wrap elementor-element-populated\">\n\t\t\t\t\t\t<div class=\"elementor-element elementor-element-d854764 elementor-widget elementor-widget-spacer\" data-id=\"d854764\" data-element_type=\"widget\" data-e-type=\"widget\" data-widget_type=\"spacer.default\">\n\t\t\t\t<div class=\"elementor-widget-container\">\n\t\t\t\t\t\t\t<div class=\"elementor-spacer\">\n\t\t\t<div class=\"elementor-spacer-inner\"><\/div>\n\t\t<\/div>\n\t\t\t\t\t\t<\/div>\n\t\t\t\t<\/div>\n\t\t\t\t\t<\/div>\n\t\t<\/div>\n\t\t\t\t\t<\/div>\n\t\t<\/section>\n\t\t\t\t<\/div>","protected":false},"excerpt":{"rendered":"<p>Cercetare La nivelul\u00a0\u0218colii Doctorale \u2013 domeniul Medicin\u0103 (SDM), Strategia \u00een domeniul Cercet\u0103rii \u0218tiin\u021bifice este fundamentat\u0103 pe specificul cercet\u0103rii medicale fundamentale, clinice \u0219i translative, av\u00e2nd \u00een vedere necesitatea consolid\u0103rii excelen\u021bei academice, a impactului \u0219tiin\u021bific \u0219i a relevan\u021bei sociale a rezultatelor cercet\u0103rii, precum \u0219i racordarea permanent\u0103 la evolu\u021biile medicinei moderne \u0219i la standardele interna\u021bionale \u00een domeniul s\u0103n\u0103t\u0103\u021bii&#8230;.<\/p>","protected":false},"author":1,"featured_media":0,"parent":32656,"menu_order":0,"comment_status":"closed","ping_status":"closed","template":"","meta":{"footnotes":""},"class_list":["post-32798","page","type-page","status-publish","hentry"],"_links":{"self":[{"href":"https:\/\/site.utm.ro\/en\/wp-json\/wp\/v2\/pages\/32798","targetHints":{"allow":["GET"]}}],"collection":[{"href":"https:\/\/site.utm.ro\/en\/wp-json\/wp\/v2\/pages"}],"about":[{"href":"https:\/\/site.utm.ro\/en\/wp-json\/wp\/v2\/types\/page"}],"author":[{"embeddable":true,"href":"https:\/\/site.utm.ro\/en\/wp-json\/wp\/v2\/users\/1"}],"replies":[{"embeddable":true,"href":"https:\/\/site.utm.ro\/en\/wp-json\/wp\/v2\/comments?post=32798"}],"version-history":[{"count":0,"href":"https:\/\/site.utm.ro\/en\/wp-json\/wp\/v2\/pages\/32798\/revisions"}],"up":[{"embeddable":true,"href":"https:\/\/site.utm.ro\/en\/wp-json\/wp\/v2\/pages\/32656"}],"wp:attachment":[{"href":"https:\/\/site.utm.ro\/en\/wp-json\/wp\/v2\/media?parent=32798"}],"curies":[{"name":"wp","href":"https:\/\/api.w.org\/{rel}","templated":true}]}}