{"id":32797,"date":"2026-03-11T13:43:53","date_gmt":"2026-03-11T13:43:53","guid":{"rendered":"https:\/\/site.utm.ro\/?page_id=32797"},"modified":"2026-03-11T14:04:31","modified_gmt":"2026-03-11T14:04:31","slug":"structura","status":"publish","type":"page","link":"https:\/\/site.utm.ro\/en\/doctorat\/scoala-doctorala-medicina\/structura\/","title":{"rendered":"\u0218coala Doctoral\u0103 Medicin\u0103 Structur\u0103"},"content":{"rendered":"<div data-elementor-type=\"wp-page\" data-elementor-id=\"32797\" class=\"elementor elementor-32797\" data-elementor-post-type=\"page\">\n\t\t\t\t\t\t<section class=\"elementor-section elementor-top-section elementor-element elementor-element-faeb428 elementor-section-full_width elementor-section-height-default elementor-section-height-default\" data-id=\"faeb428\" data-element_type=\"section\" data-e-type=\"section\">\n\t\t\t\t\t\t<div class=\"elementor-container elementor-column-gap-default\">\n\t\t\t\t\t<div class=\"elementor-column elementor-col-100 elementor-top-column elementor-element elementor-element-84172bf\" data-id=\"84172bf\" data-element_type=\"column\" data-e-type=\"column\">\n\t\t\t<div class=\"elementor-widget-wrap elementor-element-populated\">\n\t\t\t\t\t\t<div class=\"elementor-element elementor-element-0f1ebc2 elementor-widget elementor-widget-template\" data-id=\"0f1ebc2\" data-element_type=\"widget\" data-e-type=\"widget\" data-widget_type=\"template.default\">\n\t\t\t\t<div class=\"elementor-widget-container\">\n\t\t\t\t\t\t\t<div class=\"elementor-template\">\n\t\t\t\t\t<div data-elementor-type=\"section\" data-elementor-id=\"29951\" class=\"elementor elementor-29951\" data-elementor-post-type=\"elementor_library\">\n\t\t\t\t\t<section class=\"elementor-section elementor-top-section elementor-element elementor-element-5400a803 elementor-section-height-min-height elementor-section-full_width elementor-section-height-default elementor-section-items-middle\" data-id=\"5400a803\" data-element_type=\"section\" data-e-type=\"section\" data-settings=\"{&quot;background_background&quot;:&quot;classic&quot;}\">\n\t\t\t\t\t\t\t<div class=\"elementor-background-overlay\"><\/div>\n\t\t\t\t\t\t\t<div class=\"elementor-container elementor-column-gap-default\">\n\t\t\t\t\t<div class=\"elementor-column elementor-col-100 elementor-top-column elementor-element elementor-element-53ad9f51\" data-id=\"53ad9f51\" data-element_type=\"column\" data-e-type=\"column\" data-settings=\"{&quot;background_background&quot;:&quot;classic&quot;}\">\n\t\t\t<div class=\"elementor-widget-wrap\">\n\t\t\t\t\t\t\t<\/div>\n\t\t<\/div>\n\t\t\t\t\t<\/div>\n\t\t<\/section>\n\t\t\t\t<\/div>\n\t\t\t\t<\/div>\n\t\t\t\t\t\t<\/div>\n\t\t\t\t<\/div>\n\t\t\t\t\t<\/div>\n\t\t<\/div>\n\t\t\t\t\t<\/div>\n\t\t<\/section>\n\t\t\t\t<section class=\"elementor-section elementor-top-section elementor-element elementor-element-e644bcc elementor-section-boxed elementor-section-height-default elementor-section-height-default\" data-id=\"e644bcc\" data-element_type=\"section\" data-e-type=\"section\">\n\t\t\t\t\t\t<div class=\"elementor-container elementor-column-gap-no\">\n\t\t\t\t\t<div class=\"elementor-column elementor-col-50 elementor-top-column elementor-element elementor-element-364b315 animated-fast elementor-invisible\" data-id=\"364b315\" data-element_type=\"column\" data-e-type=\"column\" data-settings=\"{&quot;background_background&quot;:&quot;classic&quot;,&quot;animation&quot;:&quot;fadeIn&quot;,&quot;animation_tablet&quot;:&quot;none&quot;,&quot;animation_mobile&quot;:&quot;none&quot;,&quot;animation_delay&quot;:100}\">\n\t\t\t<div class=\"elementor-widget-wrap elementor-element-populated\">\n\t\t\t\t\t\t<div class=\"elementor-element elementor-element-6ae1957 elementor-widget elementor-widget-heading\" data-id=\"6ae1957\" data-element_type=\"widget\" data-e-type=\"widget\" data-widget_type=\"heading.default\">\n\t\t\t\t<div class=\"elementor-widget-container\">\n\t\t\t\t\t<h1 class=\"elementor-heading-title elementor-size-default\">Structura \u0219colii doctorale Medicin\u0103<\/h1>\t\t\t\t<\/div>\n\t\t\t\t<\/div>\n\t\t\t\t\t<\/div>\n\t\t<\/div>\n\t\t\t\t<div class=\"elementor-column elementor-col-50 elementor-top-column elementor-element elementor-element-e8319ff elementor-hidden-desktop elementor-hidden-tablet elementor-hidden-phone\" data-id=\"e8319ff\" data-element_type=\"column\" data-e-type=\"column\">\n\t\t\t<div class=\"elementor-widget-wrap\">\n\t\t\t\t\t\t\t<\/div>\n\t\t<\/div>\n\t\t\t\t\t<\/div>\n\t\t<\/section>\n\t\t\t\t<section class=\"elementor-section elementor-top-section elementor-element elementor-element-27b04bf elementor-section-boxed elementor-section-height-default elementor-section-height-default\" data-id=\"27b04bf\" data-element_type=\"section\" data-e-type=\"section\">\n\t\t\t\t\t\t<div class=\"elementor-container elementor-column-gap-default\">\n\t\t\t\t\t<div class=\"elementor-column elementor-col-100 elementor-top-column elementor-element elementor-element-78487f9\" data-id=\"78487f9\" data-element_type=\"column\" data-e-type=\"column\">\n\t\t\t<div class=\"elementor-widget-wrap elementor-element-populated\">\n\t\t\t\t\t\t<div class=\"elementor-element elementor-element-841880c elementor-widget elementor-widget-text-editor\" data-id=\"841880c\" data-element_type=\"widget\" data-e-type=\"widget\" data-widget_type=\"text-editor.default\">\n\t\t\t\t<div class=\"elementor-widget-container\">\n\t\t\t\t\t\t\t\t\t<h3><strong>DIRECTOR \u015eCOALA DOCTORAL\u0102<\/strong><\/h3>\n<h3>Conf.univ.dr. Magdalena Budi\u0219teanu<\/h3>\n<h2>&nbsp;<\/h2>\n<h3><strong>CONDUC\u0102TORI DE DOCTORAT<\/strong><\/h3>\n<ol>\n<li><strong>Prof. univ. dr. Daniel Cochior<\/strong><\/li>\n<li><strong>Prof. univ. dr. Florin Dan Ungureanu<\/strong><\/li>\n<li><strong>Prof. univ. dr. Cristiana T\u0103nase<\/strong><\/li>\n<li><strong>Prof.univ.dr. Lucian Florin Doroban\u021bu<\/strong><\/li>\n<li><strong>Prof.univ.dr. Victor Costache<\/strong><\/li>\n<li><strong>Prof. univ. dr. Marius Niculescu<\/strong><\/li>\n<li><strong>Prof. univ. dr Neme\u0219 Roxana<\/strong><\/li>\n<li>&nbsp;<strong>Prof.univ.dr. Cristian Vl\u0103descu&nbsp;<\/strong><\/li>\n<li><strong>Conf.univ.dr. Adina Emilia Croitoru<\/strong><\/li>\n<li><strong>Prof.univ.dr. Ana C\u0103runtu<\/strong><\/li>\n<li><strong>Prof.univ.dr \u2013 Victor \u2013 Mihail&nbsp; Cauni<\/strong><\/li>\n<li><strong>Conf.univ.dr. Magdalena Budi\u0219teanu<\/strong><\/li>\n<li>&nbsp;<strong>Conf.univ.dr. Florin Botea<\/strong><\/li>\n<li><strong>Conf.univ.dr. \u2013 Horia Mocanu<\/strong><\/li>\n<li><strong>Conf.univ.dr. Corina Seiman<\/strong><\/li>\n<\/ol>\n<h3><strong><br><\/strong><\/h3><h3><strong>MEMBRII CONSILIULUI \u015eCOLII DOCTORALE<\/strong><\/h3>\n<ol>\n<li><strong>Conf.univ.dr. Magdalena Budi\u0219teanu<\/strong><\/li>\n<li><strong>Prof. univ. dr. Cristiana T\u0103nase<\/strong><\/li>\n<li><strong>Prof. univ. dr. Mihaela Cezarina Mehedin\u021bi<\/strong><\/li>\n<li><strong>Prof.univ.dr. Ana C\u0103runtu<\/strong><\/li>\n<li><strong>Drd. Batis Laura<\/strong><\/li>\n<\/ol>\n<h3><strong><br><\/strong><\/h3><h3><strong>PROGRAM AUDIEN\u021aE DIRECTORUL \u0218COLII DOCTORALE MEDICIN<\/strong><strong>\u0102<\/strong><\/h3>\n<p>Conf.univ.dr. Magdalena BUDI\u0218TEANU<\/p>\n<p>Miercuri, orele 12.00-14.00, Calea V\u0103c\u0103re\u015fti nr.189, sector 4, Bucure\u015fti, sala M209, cu programare prealabil\u0103 prin e-mail:&nbsp;<a href=\"mailto:magdalena.budisteanu@prof.utm.ro\">magdalena.budisteanu@prof.utm.ro<\/a><\/p>\n<p>&nbsp;<\/p>\n<hr>\n<div>&nbsp;<\/div>\n<ul>\n<li><strong><a href=\"\/wp-content\/uploads\/2026\/03\/5EDecizie-CSD-Medicina-29757_27.06.2025.pdf\">DECIZIA nr. 29757\/27.06.2025<\/a><\/strong><\/li>\n<li><strong><a href=\"\/wp-content\/uploads\/2026\/03\/CENTRALIZATORUL-SEDINTELOR-CONSILIULUI-SCOLII-DOCTORALE-MEDICINA.pdf\">CENTRALIZATORUL SEDINTELOR CONSILIULUI SCOLII DOCTORALE MEDICINA<\/a><\/strong><\/li>\n<\/ul>\t\t\t\t\t\t\t\t<\/div>\n\t\t\t\t<\/div>\n\t\t\t\t\t<\/div>\n\t\t<\/div>\n\t\t\t\t\t<\/div>\n\t\t<\/section>\n\t\t\t\t<section class=\"elementor-section elementor-top-section elementor-element elementor-element-fd895b7 elementor-section-boxed elementor-section-height-default elementor-section-height-default\" data-id=\"fd895b7\" data-element_type=\"section\" data-e-type=\"section\">\n\t\t\t\t\t\t<div class=\"elementor-container elementor-column-gap-default\">\n\t\t\t\t\t<div class=\"elementor-column elementor-col-100 elementor-top-column elementor-element elementor-element-05b3fa5\" data-id=\"05b3fa5\" data-element_type=\"column\" data-e-type=\"column\">\n\t\t\t<div class=\"elementor-widget-wrap elementor-element-populated\">\n\t\t\t\t\t\t<div class=\"elementor-element elementor-element-d854764 elementor-widget elementor-widget-spacer\" data-id=\"d854764\" data-element_type=\"widget\" data-e-type=\"widget\" data-widget_type=\"spacer.default\">\n\t\t\t\t<div class=\"elementor-widget-container\">\n\t\t\t\t\t\t\t<div class=\"elementor-spacer\">\n\t\t\t<div class=\"elementor-spacer-inner\"><\/div>\n\t\t<\/div>\n\t\t\t\t\t\t<\/div>\n\t\t\t\t<\/div>\n\t\t\t\t\t<\/div>\n\t\t<\/div>\n\t\t\t\t\t<\/div>\n\t\t<\/section>\n\t\t\t\t<\/div>","protected":false},"excerpt":{"rendered":"<p>Structura \u0219colii doctorale Medicin\u0103 DIRECTOR \u015eCOALA DOCTORAL\u0102 Conf.univ.dr. Magdalena Budi\u0219teanu &nbsp; CONDUC\u0102TORI DE DOCTORAT Prof. univ. dr. Daniel Cochior Prof. univ. dr. Florin Dan Ungureanu Prof. univ. dr. Cristiana T\u0103nase Prof.univ.dr. Lucian Florin Doroban\u021bu Prof.univ.dr. Victor Costache Prof. univ. dr. Marius Niculescu Prof. univ. dr Neme\u0219 Roxana &nbsp;Prof.univ.dr. Cristian Vl\u0103descu&nbsp; Conf.univ.dr. Adina Emilia Croitoru Prof.univ.dr&#8230;.<\/p>","protected":false},"author":1,"featured_media":0,"parent":32656,"menu_order":0,"comment_status":"closed","ping_status":"closed","template":"","meta":{"footnotes":""},"class_list":["post-32797","page","type-page","status-publish","hentry"],"_links":{"self":[{"href":"https:\/\/site.utm.ro\/en\/wp-json\/wp\/v2\/pages\/32797","targetHints":{"allow":["GET"]}}],"collection":[{"href":"https:\/\/site.utm.ro\/en\/wp-json\/wp\/v2\/pages"}],"about":[{"href":"https:\/\/site.utm.ro\/en\/wp-json\/wp\/v2\/types\/page"}],"author":[{"embeddable":true,"href":"https:\/\/site.utm.ro\/en\/wp-json\/wp\/v2\/users\/1"}],"replies":[{"embeddable":true,"href":"https:\/\/site.utm.ro\/en\/wp-json\/wp\/v2\/comments?post=32797"}],"version-history":[{"count":0,"href":"https:\/\/site.utm.ro\/en\/wp-json\/wp\/v2\/pages\/32797\/revisions"}],"up":[{"embeddable":true,"href":"https:\/\/site.utm.ro\/en\/wp-json\/wp\/v2\/pages\/32656"}],"wp:attachment":[{"href":"https:\/\/site.utm.ro\/en\/wp-json\/wp\/v2\/media?parent=32797"}],"curies":[{"name":"wp","href":"https:\/\/api.w.org\/{rel}","templated":true}]}}