{"id":30552,"date":"2026-03-11T10:54:14","date_gmt":"2026-03-11T10:54:14","guid":{"rendered":"https:\/\/site.utm.ro\/?page_id=30552"},"modified":"2026-03-11T10:57:55","modified_gmt":"2026-03-11T10:57:55","slug":"structura","status":"publish","type":"page","link":"https:\/\/site.utm.ro\/en\/doctorat\/scoala-doctorala-drept\/structura\/","title":{"rendered":"\u0218coala Doctoral\u0103 Drept &#8211; Structura"},"content":{"rendered":"<div data-elementor-type=\"wp-page\" data-elementor-id=\"30552\" class=\"elementor elementor-30552\" data-elementor-post-type=\"page\">\n\t\t\t\t\t\t<section class=\"elementor-section elementor-top-section elementor-element elementor-element-faeb428 elementor-section-full_width elementor-section-height-default elementor-section-height-default\" data-id=\"faeb428\" data-element_type=\"section\" data-e-type=\"section\">\n\t\t\t\t\t\t<div class=\"elementor-container elementor-column-gap-default\">\n\t\t\t\t\t<div class=\"elementor-column elementor-col-100 elementor-top-column elementor-element elementor-element-84172bf\" data-id=\"84172bf\" data-element_type=\"column\" data-e-type=\"column\">\n\t\t\t<div class=\"elementor-widget-wrap elementor-element-populated\">\n\t\t\t\t\t\t<div class=\"elementor-element elementor-element-0f1ebc2 elementor-widget elementor-widget-template\" data-id=\"0f1ebc2\" data-element_type=\"widget\" data-e-type=\"widget\" data-widget_type=\"template.default\">\n\t\t\t\t<div class=\"elementor-widget-container\">\n\t\t\t\t\t\t\t<div class=\"elementor-template\">\n\t\t\t\t\t<div data-elementor-type=\"section\" data-elementor-id=\"29951\" class=\"elementor elementor-29951\" data-elementor-post-type=\"elementor_library\">\n\t\t\t\t\t<section class=\"elementor-section elementor-top-section elementor-element elementor-element-5400a803 elementor-section-height-min-height elementor-section-full_width elementor-section-height-default elementor-section-items-middle\" data-id=\"5400a803\" data-element_type=\"section\" data-e-type=\"section\" data-settings=\"{&quot;background_background&quot;:&quot;classic&quot;}\">\n\t\t\t\t\t\t\t<div class=\"elementor-background-overlay\"><\/div>\n\t\t\t\t\t\t\t<div class=\"elementor-container elementor-column-gap-default\">\n\t\t\t\t\t<div class=\"elementor-column elementor-col-100 elementor-top-column elementor-element elementor-element-53ad9f51\" data-id=\"53ad9f51\" data-element_type=\"column\" data-e-type=\"column\" data-settings=\"{&quot;background_background&quot;:&quot;classic&quot;}\">\n\t\t\t<div class=\"elementor-widget-wrap\">\n\t\t\t\t\t\t\t<\/div>\n\t\t<\/div>\n\t\t\t\t\t<\/div>\n\t\t<\/section>\n\t\t\t\t<\/div>\n\t\t\t\t<\/div>\n\t\t\t\t\t\t<\/div>\n\t\t\t\t<\/div>\n\t\t\t\t\t<\/div>\n\t\t<\/div>\n\t\t\t\t\t<\/div>\n\t\t<\/section>\n\t\t\t\t<section class=\"elementor-section elementor-top-section elementor-element elementor-element-e644bcc elementor-section-boxed elementor-section-height-default elementor-section-height-default\" data-id=\"e644bcc\" data-element_type=\"section\" data-e-type=\"section\">\n\t\t\t\t\t\t<div class=\"elementor-container elementor-column-gap-no\">\n\t\t\t\t\t<div class=\"elementor-column elementor-col-50 elementor-top-column elementor-element elementor-element-364b315 animated-fast elementor-invisible\" data-id=\"364b315\" data-element_type=\"column\" data-e-type=\"column\" data-settings=\"{&quot;background_background&quot;:&quot;classic&quot;,&quot;animation&quot;:&quot;fadeIn&quot;,&quot;animation_tablet&quot;:&quot;none&quot;,&quot;animation_mobile&quot;:&quot;none&quot;,&quot;animation_delay&quot;:100}\">\n\t\t\t<div class=\"elementor-widget-wrap elementor-element-populated\">\n\t\t\t\t\t\t<div class=\"elementor-element elementor-element-6ae1957 elementor-widget elementor-widget-heading\" data-id=\"6ae1957\" data-element_type=\"widget\" data-e-type=\"widget\" data-widget_type=\"heading.default\">\n\t\t\t\t<div class=\"elementor-widget-container\">\n\t\t\t\t\t<h1 class=\"elementor-heading-title elementor-size-default\">Structura \u0219colii doctorale Drept <\/h1>\t\t\t\t<\/div>\n\t\t\t\t<\/div>\n\t\t\t\t\t<\/div>\n\t\t<\/div>\n\t\t\t\t<div class=\"elementor-column elementor-col-50 elementor-top-column elementor-element elementor-element-e8319ff elementor-hidden-desktop elementor-hidden-tablet elementor-hidden-phone\" data-id=\"e8319ff\" data-element_type=\"column\" data-e-type=\"column\">\n\t\t\t<div class=\"elementor-widget-wrap\">\n\t\t\t\t\t\t\t<\/div>\n\t\t<\/div>\n\t\t\t\t\t<\/div>\n\t\t<\/section>\n\t\t\t\t<section class=\"elementor-section elementor-top-section elementor-element elementor-element-27b04bf elementor-section-boxed elementor-section-height-default elementor-section-height-default\" data-id=\"27b04bf\" data-element_type=\"section\" data-e-type=\"section\">\n\t\t\t\t\t\t<div class=\"elementor-container elementor-column-gap-default\">\n\t\t\t\t\t<div class=\"elementor-column elementor-col-100 elementor-top-column elementor-element elementor-element-78487f9\" data-id=\"78487f9\" data-element_type=\"column\" data-e-type=\"column\">\n\t\t\t<div class=\"elementor-widget-wrap elementor-element-populated\">\n\t\t\t\t\t\t<div class=\"elementor-element elementor-element-841880c elementor-widget elementor-widget-text-editor\" data-id=\"841880c\" data-element_type=\"widget\" data-e-type=\"widget\" data-widget_type=\"text-editor.default\">\n\t\t\t\t<div class=\"elementor-widget-container\">\n\t\t\t\t\t\t\t\t\t<h3>DIRECTOR \u015eCOALA DOCTORAL\u0102<\/h3>\n<p><strong>Prof.univ.dr. Sebastian Valentin Bodu\u00a0<\/strong><\/p>\n<p><strong>\u00a0<\/strong><\/p>\n<h3>CONDUC\u0102TORI DE DOCTORAT<\/h3>\n<ol>\n<li><strong>Drept comercial<\/strong>\u00a0\u2013 conduc\u0103tor \u015ftiin\u0163ific\u00a0<strong>Prof. univ. dr. Smaranda Angheni\u00a0<\/strong><\/li>\n<li><strong>Drept comercial<\/strong>\u00a0\u2013 conduc\u0103tor \u015ftiin\u0163ific\u00a0<strong>Prof. univ. dr. Ionel Didea<\/strong><\/li>\n<li><strong>Civil law\u00a0<\/strong>\u2013 conduc\u0103tor \u015ftiin\u0163ific\u00a0<strong>Prof. univ. dr. Iosif R. Urs<\/strong><\/li>\n<li><strong>Civil law\u00a0<\/strong>\u2013 conduc\u0103tor \u015ftiin\u0163ific\u00a0<strong>Prof. univ. dr. Ioan Adam<\/strong><\/li>\n<li><strong>Civil law\u00a0<\/strong>\u2013 conduc\u0103tor \u015ftiin\u0163ific\u00a0<strong>Prof. univ. dr. Cristinel Ioan Murzea<\/strong><\/li>\n<li><strong>Criminalistic\u0103 \u2013<\/strong>\u00a0conduc\u0103tor \u015ftiin\u0163ific\u00a0<strong>Prof. univ. dr. Gheorghe Popa<\/strong><\/li>\n<li><strong>Labor law<\/strong>\u00a0\u2013 conduc\u0103tor \u015ftiin\u0163ific\u00a0<strong>Prof. univ. dr. Magda Volonciu<\/strong><\/li>\n<li><strong>Criminal law<\/strong>\u00a0\u2013 conduc\u0103tor \u015ftiin\u0163ific\u00a0<strong>University Professor, Dr. Alexandru Boroi<\/strong><\/li>\n<li><strong>Criminal law<\/strong>\u00a0\u2013 conduc\u0103tor \u015ftiin\u0163ific\u00a0<strong>Prof. univ. dr. Constantin Sima<\/strong><\/li>\n<li><strong>Dreptul Uniunii Europene \u0219i Drepturile omului<\/strong>\u00a0\u2013 conduc\u0103tor \u015ftiin\u0163ific\u00a0<strong>Prof. univ. dr. Nicolae Voiculescu<\/strong><\/li>\n<li><strong>Drept interna\u021bional public \u2013\u00a0<\/strong>conduc\u0103tor \u015ftiin\u0163ific<strong>\u00a0prof.univ.dr. Adrian N\u0103stase\u00a0<\/strong><\/li>\n<li><strong>Drept interna\u021bional al drepturilor omului \u2013\u00a0<\/strong>conduc\u0103tor \u015ftiin\u0163ific<strong>\u00a0prof.univ.dr. Aurora Ciuc\u0103<\/strong><\/li>\n<li><strong>\u00a0Drept comercial si bancar \u2013\u00a0<\/strong>conduc\u0103tor \u015ftiin\u0163ific prof. univ.dr.\u00a0<strong>Sebastian Valentin Bodu\u00a0<\/strong><\/li>\n<\/ol>\n<h2>\u00a0<\/h2>\n<h3>MEMBRII CONSILIULUI \u015eCOLII DOCTORALE<\/h3>\n<ol>\n<li><strong>Prof.univ.dr. Sebastian Valentin Bodu<\/strong><\/li>\n<li><strong>Prof.univ.dr. \u00a0Alexandru Boroi<\/strong><\/li>\n<li><strong>Prof. univ. dr. Smaranda Angheni<\/strong><\/li>\n<li><strong>Prof. univ. dr. Nicolae Voiculescu<\/strong><\/li>\n<li><strong>Prof.univ.dr. Magda Volonciu<\/strong><\/li>\n<li><strong>Drd. Zodianu Alexandra Dana c\u0103s. Zodianu \u2013 Fr\u00eenculescu<br \/><\/strong><\/li>\n<li><strong>Drd. Albu Andrei<\/strong><\/li>\n<\/ol>\n<h3><strong>\u00a0<\/strong><\/h3>\n<h3><strong>PROGRAM AUDIEN\u021aE DIRECTORUL \u0218COLII DOCTORALE DREPT<\/strong><\/h3>\n<p>Prof.univ.dr. Sebastian Valentin BODU<\/p>\n<p>Luni, orele 12.00-14.00, Calea V\u0103c\u0103re\u015fti nr.189, sector 4, Bucure\u015fti, sala M209, cu programare prealabil\u0103 prin e-mail:\u00a0<a href=\"mailto:sebastian.bodu@prof.utm.ro\">sebastian.bodu@prof.utm.ro<\/a><\/p>\n<p><strong>\u00a0<\/strong><\/p>\n<hr \/>\n<ul>\n<li><strong><a href=\"\/wp-content\/uploads\/2026\/03\/5EDecizie-CSD-Drept-nr.29763_30.06.2025.pdf\">DECIZIA nr. 29763\/30.06.2025<\/a><\/strong><\/li>\n<li><strong><a href=\"\/wp-content\/uploads\/2026\/03\/CENTRALIZATORUL-SEDINTELOR-CONSILIULUI-SCOLII-DOCTORALE-DREPT.pdf\">CENTRALIZATORUL SEDINTELOR CONSILIULUI SCOLII DOCTORALE DREPT<\/a><\/strong><\/li>\n<\/ul>\t\t\t\t\t\t\t\t<\/div>\n\t\t\t\t<\/div>\n\t\t\t\t\t<\/div>\n\t\t<\/div>\n\t\t\t\t\t<\/div>\n\t\t<\/section>\n\t\t\t\t<section class=\"elementor-section elementor-top-section elementor-element elementor-element-fd895b7 elementor-section-boxed elementor-section-height-default elementor-section-height-default\" data-id=\"fd895b7\" data-element_type=\"section\" data-e-type=\"section\">\n\t\t\t\t\t\t<div class=\"elementor-container elementor-column-gap-default\">\n\t\t\t\t\t<div class=\"elementor-column elementor-col-100 elementor-top-column elementor-element elementor-element-05b3fa5\" data-id=\"05b3fa5\" data-element_type=\"column\" data-e-type=\"column\">\n\t\t\t<div class=\"elementor-widget-wrap elementor-element-populated\">\n\t\t\t\t\t\t<div class=\"elementor-element elementor-element-d854764 elementor-widget elementor-widget-spacer\" data-id=\"d854764\" data-element_type=\"widget\" data-e-type=\"widget\" data-widget_type=\"spacer.default\">\n\t\t\t\t<div class=\"elementor-widget-container\">\n\t\t\t\t\t\t\t<div class=\"elementor-spacer\">\n\t\t\t<div class=\"elementor-spacer-inner\"><\/div>\n\t\t<\/div>\n\t\t\t\t\t\t<\/div>\n\t\t\t\t<\/div>\n\t\t\t\t\t<\/div>\n\t\t<\/div>\n\t\t\t\t\t<\/div>\n\t\t<\/section>\n\t\t\t\t<\/div>","protected":false},"excerpt":{"rendered":"<p>Structura \u0219colii doctorale Drept DIRECTOR \u015eCOALA DOCTORAL\u0102 Prof.univ.dr. Sebastian Valentin Bodu\u00a0 \u00a0 CONDUC\u0102TORI DE DOCTORAT Drept comercial\u00a0\u2013 conduc\u0103tor \u015ftiin\u0163ific\u00a0Prof. univ. dr. Smaranda Angheni\u00a0 Drept comercial\u00a0\u2013 conduc\u0103tor \u015ftiin\u0163ific\u00a0Prof. univ. dr. Ionel Didea Drept civil\u00a0\u2013 conduc\u0103tor \u015ftiin\u0163ific\u00a0Prof. univ. dr. Iosif R. Urs Drept civil\u00a0\u2013 conduc\u0103tor \u015ftiin\u0163ific\u00a0Prof. univ. dr. Ioan Adam Drept civil\u00a0\u2013 conduc\u0103tor \u015ftiin\u0163ific\u00a0Prof. univ. dr. Cristinel&#8230;<\/p>","protected":false},"author":1,"featured_media":0,"parent":29945,"menu_order":0,"comment_status":"closed","ping_status":"closed","template":"","meta":{"footnotes":""},"class_list":["post-30552","page","type-page","status-publish","hentry"],"_links":{"self":[{"href":"https:\/\/site.utm.ro\/en\/wp-json\/wp\/v2\/pages\/30552","targetHints":{"allow":["GET"]}}],"collection":[{"href":"https:\/\/site.utm.ro\/en\/wp-json\/wp\/v2\/pages"}],"about":[{"href":"https:\/\/site.utm.ro\/en\/wp-json\/wp\/v2\/types\/page"}],"author":[{"embeddable":true,"href":"https:\/\/site.utm.ro\/en\/wp-json\/wp\/v2\/users\/1"}],"replies":[{"embeddable":true,"href":"https:\/\/site.utm.ro\/en\/wp-json\/wp\/v2\/comments?post=30552"}],"version-history":[{"count":0,"href":"https:\/\/site.utm.ro\/en\/wp-json\/wp\/v2\/pages\/30552\/revisions"}],"up":[{"embeddable":true,"href":"https:\/\/site.utm.ro\/en\/wp-json\/wp\/v2\/pages\/29945"}],"wp:attachment":[{"href":"https:\/\/site.utm.ro\/en\/wp-json\/wp\/v2\/media?parent=30552"}],"curies":[{"name":"wp","href":"https:\/\/api.w.org\/{rel}","templated":true}]}}