{"id":29777,"date":"2026-03-10T13:03:36","date_gmt":"2026-03-10T13:03:36","guid":{"rendered":"https:\/\/site.utm.ro\/?page_id=29777"},"modified":"2026-03-10T13:04:26","modified_gmt":"2026-03-10T13:04:26","slug":"admitere-master","status":"publish","type":"page","link":"https:\/\/site.utm.ro\/en\/facultatea-de-psihologie\/admitere-master\/","title":{"rendered":"Psihologie Admitere master"},"content":{"rendered":"<div data-elementor-type=\"wp-page\" data-elementor-id=\"29777\" class=\"elementor elementor-29777\" data-elementor-post-type=\"page\">\n\t\t\t\t\t\t<section class=\"elementor-section elementor-top-section elementor-element elementor-element-9cbfce8 elementor-section-full_width elementor-section-height-default elementor-section-height-default\" data-id=\"9cbfce8\" data-element_type=\"section\" data-e-type=\"section\">\n\t\t\t\t\t\t<div class=\"elementor-container elementor-column-gap-default\">\n\t\t\t\t\t<div class=\"elementor-column elementor-col-100 elementor-top-column elementor-element elementor-element-6c276d5\" data-id=\"6c276d5\" data-element_type=\"column\" data-e-type=\"column\">\n\t\t\t<div class=\"elementor-widget-wrap elementor-element-populated\">\n\t\t\t\t\t\t<div class=\"elementor-element elementor-element-ca38a6f elementor--h-position-center elementor--v-position-middle elementor-pagination-position-inside elementor-widget elementor-widget-slides\" data-id=\"ca38a6f\" data-element_type=\"widget\" data-e-type=\"widget\" data-settings=\"{&quot;navigation&quot;:&quot;dots&quot;,&quot;autoplay&quot;:&quot;yes&quot;,&quot;pause_on_hover&quot;:&quot;yes&quot;,&quot;pause_on_interaction&quot;:&quot;yes&quot;,&quot;autoplay_speed&quot;:5000,&quot;infinite&quot;:&quot;yes&quot;,&quot;transition&quot;:&quot;slide&quot;,&quot;transition_speed&quot;:500}\" data-widget_type=\"slides.default\">\n\t\t\t\t<div class=\"elementor-widget-container\">\n\t\t\t\t\t\t\t\t<div class=\"elementor-swiper\">\n\t\t\t\t<div class=\"elementor-slides-wrapper elementor-main-swiper swiper-container\" dir=\"ltr\" data-animation=\"fadeInUp\">\n\t\t\t\t\t<div class=\"swiper-wrapper elementor-slides\">\n\t\t\t\t\t\t\t\t\t\t\t\t<div class=\"elementor-repeater-item-301adab swiper-slide\"><div class=\"swiper-slide-bg\" role=\"img\"><\/div><div class=\"swiper-slide-inner\" ><div class=\"swiper-slide-contents\"><\/div><\/div><\/div><div class=\"elementor-repeater-item-acfa06a swiper-slide\"><div class=\"swiper-slide-bg\" role=\"img\"><\/div><div class=\"swiper-slide-inner\" ><div class=\"swiper-slide-contents\"><\/div><\/div><\/div>\t\t\t\t\t<\/div>\n\t\t\t\t\t\t\t\t\t\t\t\t\t\t\t\t\t\t<div class=\"swiper-pagination\"><\/div>\n\t\t\t\t\t\t\t\t\t\t\t\t\t\t\t\t\t\t\t\t\t<\/div>\n\t\t\t<\/div>\n\t\t\t\t\t\t\t<\/div>\n\t\t\t\t<\/div>\n\t\t\t\t\t<\/div>\n\t\t<\/div>\n\t\t\t\t\t<\/div>\n\t\t<\/section>\n\t\t\t\t<section class=\"elementor-section elementor-top-section elementor-element elementor-element-5ee4744 elementor-section-boxed elementor-section-height-default elementor-section-height-default\" data-id=\"5ee4744\" data-element_type=\"section\" data-e-type=\"section\">\n\t\t\t\t\t\t<div class=\"elementor-container elementor-column-gap-no\">\n\t\t\t\t\t<div class=\"elementor-column elementor-col-50 elementor-top-column elementor-element elementor-element-f8c6a64 animated-fast elementor-invisible\" data-id=\"f8c6a64\" data-element_type=\"column\" data-e-type=\"column\" data-settings=\"{&quot;background_background&quot;:&quot;classic&quot;,&quot;animation&quot;:&quot;fadeIn&quot;,&quot;animation_tablet&quot;:&quot;none&quot;,&quot;animation_mobile&quot;:&quot;none&quot;,&quot;animation_delay&quot;:100}\">\n\t\t\t<div class=\"elementor-widget-wrap elementor-element-populated\">\n\t\t\t\t\t\t<div class=\"elementor-element elementor-element-cec8449 elementor-widget elementor-widget-heading\" data-id=\"cec8449\" data-element_type=\"widget\" data-e-type=\"widget\" data-widget_type=\"heading.default\">\n\t\t\t\t<div class=\"elementor-widget-container\">\n\t\t\t\t\t<h1 class=\"elementor-heading-title elementor-size-default\">Master admission<\/h1>\t\t\t\t<\/div>\n\t\t\t\t<\/div>\n\t\t\t\t\t<\/div>\n\t\t<\/div>\n\t\t\t\t<div class=\"elementor-column elementor-col-50 elementor-top-column elementor-element elementor-element-169ec67 elementor-hidden-desktop elementor-hidden-tablet elementor-hidden-phone\" data-id=\"169ec67\" data-element_type=\"column\" data-e-type=\"column\">\n\t\t\t<div class=\"elementor-widget-wrap\">\n\t\t\t\t\t\t\t<\/div>\n\t\t<\/div>\n\t\t\t\t\t<\/div>\n\t\t<\/section>\n\t\t\t\t<section class=\"elementor-section elementor-top-section elementor-element elementor-element-362219f elementor-section-boxed elementor-section-height-default elementor-section-height-default\" data-id=\"362219f\" data-element_type=\"section\" data-e-type=\"section\">\n\t\t\t\t\t\t<div class=\"elementor-container elementor-column-gap-default\">\n\t\t\t\t\t<div class=\"elementor-column elementor-col-100 elementor-top-column elementor-element elementor-element-a93d174\" data-id=\"a93d174\" data-element_type=\"column\" data-e-type=\"column\">\n\t\t\t<div class=\"elementor-widget-wrap elementor-element-populated\">\n\t\t\t\t\t\t<div class=\"elementor-element elementor-element-23420eb elementor-widget elementor-widget-text-editor\" data-id=\"23420eb\" data-element_type=\"widget\" data-e-type=\"widget\" data-widget_type=\"text-editor.default\">\n\t\t\t\t<div class=\"elementor-widget-container\">\n\t\t\t\t\t\t\t\t\t<div><div><div><div><div><div><p>Calea V\u0103c\u0103re\u015fti nr. 187, sector 4, Bucure\u0219ti<\/p><\/div><\/div><\/div><\/div><\/div><div><div><div><div><div><p>Tel.:\u00a0 021 3161646;<\/p><\/div><\/div><\/div><\/div><\/div><div><div><div><div><div><p>E-mail:\u00a0<a href=\"mailto:farmacie@univ.utm.ro\" target=\"_blank\" rel=\"noopener\">psihologie@univ.utm.ro<\/a><\/p><\/div><\/div><\/div><\/div><\/div><\/div><div><div><div><div><div><div><p><a href=\"\/wp-content\/uploads\/2026\/03\/Buton-Program-de-studii.pdf\"><strong>Click aici! \u2013 Programe de studii universitare de licen\u021b\u0103<\/strong><\/a><\/p><p><strong>\u00a0<\/strong><\/p><p><strong>FACULTATEA DE PSIHOLOGIE<\/strong>\u00a0organize\u00a0<strong>concurs de admitere<\/strong>\u00a0pentru anul universitar 2026-2027 la urm\u0103toarele\u00a0<strong>programe de studii universitare de licen\u021b\u0103<\/strong>:<\/p><table width=\"103%\"><tbody><tr><td rowspan=\"2\" width=\"9%\"><strong>Item No.<\/strong><\/td><td rowspan=\"2\" width=\"12%\"><strong>Domeniul de licen\u0163\u0103<\/strong><\/td><td rowspan=\"2\" width=\"16%\"><strong>Study program<\/strong><\/td><td colspan=\"2\" width=\"30%\"><strong>Taxa de studii anual\u0103<\/strong><\/td><td rowspan=\"2\" width=\"15%\"><strong>Nr. credite\/<br \/>Durata studiilor<\/strong><\/td><td rowspan=\"2\" width=\"16%\"><strong>Num\u0103r de locuri<\/strong><\/td><\/tr><tr><td width=\"15%\"><strong>Cet\u0103\u021beni rom\u00e2ni\/UE (Euro)<\/strong><\/td><td width=\"15%\"><strong>Cet\u0103\u021beni din state ter\u021be UE (Euro)<\/strong><\/td><\/tr><tr><td width=\"9%\">1.<\/td><td width=\"12%\"><strong>Psychology<\/strong><\/td><td width=\"16%\">Psihologie, forma de \u00eenv\u0103\u021b\u0103m\u00e2nt cu frecven\u021b\u0103 (IF)<\/td><td width=\"15%\">2.250 Euro<\/td><td width=\"15%\">3000 Euro<\/td><td width=\"15%\"><p>180 de credite \/ 3 ani<\/p><p>(6 semestre)<\/p><\/td><td width=\"16%\">200 de locuri,\u00a0<strong>Acreditat<\/strong><\/td><\/tr><tr><td width=\"9%\">2.<\/td><td width=\"12%\"><strong>Psychology<\/strong><\/td><td width=\"16%\">Psihologie, forma de \u00eenv\u0103\u021b\u0103m\u00e2nt la distan\u021b\u0103 (ID)<\/td><td width=\"15%\">2.750 Euro<\/td><td width=\"15%\">3000 Euro<\/td><td width=\"15%\"><p>180 de credite \/ 3 ani<\/p><p>(6 semestre)<\/p><\/td><td width=\"16%\"><p>100 de locuri<\/p><p><strong>Acreditat<\/strong><\/p><\/td><\/tr><\/tbody><\/table><\/div><\/div><\/div><\/div><\/div><\/div>\t\t\t\t\t\t\t\t<\/div>\n\t\t\t\t<\/div>\n\t\t\t\t\t<\/div>\n\t\t<\/div>\n\t\t\t\t\t<\/div>\n\t\t<\/section>\n\t\t\t\t<section class=\"elementor-section elementor-top-section elementor-element elementor-element-0b13f98 elementor-section-boxed elementor-section-height-default elementor-section-height-default\" data-id=\"0b13f98\" data-element_type=\"section\" data-e-type=\"section\">\n\t\t\t\t\t\t<div class=\"elementor-container elementor-column-gap-default\">\n\t\t\t\t\t<div class=\"elementor-column elementor-col-100 elementor-top-column elementor-element elementor-element-215a6bd\" data-id=\"215a6bd\" data-element_type=\"column\" data-e-type=\"column\">\n\t\t\t<div class=\"elementor-widget-wrap elementor-element-populated\">\n\t\t\t\t\t\t<div class=\"elementor-element elementor-element-ad32030 elementor-widget elementor-widget-spacer\" data-id=\"ad32030\" data-element_type=\"widget\" data-e-type=\"widget\" data-widget_type=\"spacer.default\">\n\t\t\t\t<div class=\"elementor-widget-container\">\n\t\t\t\t\t\t\t<div class=\"elementor-spacer\">\n\t\t\t<div class=\"elementor-spacer-inner\"><\/div>\n\t\t<\/div>\n\t\t\t\t\t\t<\/div>\n\t\t\t\t<\/div>\n\t\t\t\t\t<\/div>\n\t\t<\/div>\n\t\t\t\t\t<\/div>\n\t\t<\/section>\n\t\t\t\t<\/div>","protected":false},"excerpt":{"rendered":"<p>Admitere master Calea V\u0103c\u0103re\u015fti nr. 187, sector 4, Bucure\u0219ti Tel.:\u00a0 021 3161646; E-mail:\u00a0psihologie@univ.utm.ro Click aici! \u2013 Programe de studii universitare de licen\u021b\u0103 \u00a0 FACULTATEA DE PSIHOLOGIE\u00a0organizeaz\u0103\u00a0concurs de admitere\u00a0pentru anul universitar 2026-2027 la urm\u0103toarele\u00a0programe de studii universitare de licen\u021b\u0103: Nr. crt. Domeniul de licen\u0163\u0103 Programul de studii Taxa de studii anual\u0103 Nr. credite\/Durata studiilor Num\u0103r de&#8230;<\/p>","protected":false},"author":1,"featured_media":0,"parent":24988,"menu_order":0,"comment_status":"closed","ping_status":"closed","template":"","meta":{"footnotes":""},"class_list":["post-29777","page","type-page","status-publish","hentry"],"_links":{"self":[{"href":"https:\/\/site.utm.ro\/en\/wp-json\/wp\/v2\/pages\/29777","targetHints":{"allow":["GET"]}}],"collection":[{"href":"https:\/\/site.utm.ro\/en\/wp-json\/wp\/v2\/pages"}],"about":[{"href":"https:\/\/site.utm.ro\/en\/wp-json\/wp\/v2\/types\/page"}],"author":[{"embeddable":true,"href":"https:\/\/site.utm.ro\/en\/wp-json\/wp\/v2\/users\/1"}],"replies":[{"embeddable":true,"href":"https:\/\/site.utm.ro\/en\/wp-json\/wp\/v2\/comments?post=29777"}],"version-history":[{"count":0,"href":"https:\/\/site.utm.ro\/en\/wp-json\/wp\/v2\/pages\/29777\/revisions"}],"up":[{"embeddable":true,"href":"https:\/\/site.utm.ro\/en\/wp-json\/wp\/v2\/pages\/24988"}],"wp:attachment":[{"href":"https:\/\/site.utm.ro\/en\/wp-json\/wp\/v2\/media?parent=29777"}],"curies":[{"name":"wp","href":"https:\/\/api.w.org\/{rel}","templated":true}]}}