{"id":29664,"date":"2026-03-09T15:27:02","date_gmt":"2026-03-09T15:27:02","guid":{"rendered":"https:\/\/site.utm.ro\/?page_id=29664"},"modified":"2026-03-16T13:41:21","modified_gmt":"2026-03-16T13:41:21","slug":"public-interest-documents","status":"publish","type":"page","link":"https:\/\/site.utm.ro\/en\/departamentul-psihopedagogic\/documente-de-interes-public\/","title":{"rendered":"Documents of public interest"},"content":{"rendered":"<div data-elementor-type=\"wp-page\" data-elementor-id=\"29664\" class=\"elementor elementor-29664\" data-elementor-post-type=\"page\">\n\t\t\t\t\t\t<section class=\"elementor-section elementor-top-section elementor-element elementor-element-0fd3a5d elementor-section-full_width elementor-section-height-default elementor-section-height-default\" data-id=\"0fd3a5d\" data-element_type=\"section\" data-e-type=\"section\">\n\t\t\t\t\t\t<div class=\"elementor-container elementor-column-gap-default\">\n\t\t\t\t\t<div class=\"elementor-column elementor-col-100 elementor-top-column elementor-element elementor-element-9c9bcff\" data-id=\"9c9bcff\" data-element_type=\"column\" data-e-type=\"column\">\n\t\t\t<div class=\"elementor-widget-wrap elementor-element-populated\">\n\t\t\t\t\t\t<div class=\"elementor-element elementor-element-e6339ee elementor-widget elementor-widget-template\" data-id=\"e6339ee\" data-element_type=\"widget\" data-e-type=\"widget\" data-widget_type=\"template.default\">\n\t\t\t\t<div class=\"elementor-widget-container\">\n\t\t\t\t\t\t\t<div class=\"elementor-template\">\n\t\t\t\t\t<div data-elementor-type=\"section\" data-elementor-id=\"29611\" class=\"elementor elementor-29611\" data-elementor-post-type=\"elementor_library\">\n\t\t\t\t\t<section class=\"elementor-section elementor-top-section elementor-element elementor-element-30b361f4 elementor-section-full_width elementor-section-height-default elementor-section-height-default\" data-id=\"30b361f4\" data-element_type=\"section\" data-e-type=\"section\">\n\t\t\t\t\t\t<div class=\"elementor-container elementor-column-gap-default\">\n\t\t\t\t\t<div class=\"elementor-column elementor-col-100 elementor-top-column elementor-element elementor-element-170f6fff\" data-id=\"170f6fff\" data-element_type=\"column\" data-e-type=\"column\">\n\t\t\t<div class=\"elementor-widget-wrap elementor-element-populated\">\n\t\t\t\t\t\t<div class=\"elementor-element elementor-element-224e85d9 elementor--h-position-center elementor--v-position-middle elementor-pagination-position-inside elementor-widget elementor-widget-slides\" data-id=\"224e85d9\" data-element_type=\"widget\" data-e-type=\"widget\" data-settings=\"{&quot;navigation&quot;:&quot;dots&quot;,&quot;autoplay&quot;:&quot;yes&quot;,&quot;pause_on_hover&quot;:&quot;yes&quot;,&quot;pause_on_interaction&quot;:&quot;yes&quot;,&quot;autoplay_speed&quot;:5000,&quot;infinite&quot;:&quot;yes&quot;,&quot;transition&quot;:&quot;slide&quot;,&quot;transition_speed&quot;:500}\" data-widget_type=\"slides.default\">\n\t\t\t\t<div class=\"elementor-widget-container\">\n\t\t\t\t\t\t\t\t<div class=\"elementor-swiper\">\n\t\t\t\t<div class=\"elementor-slides-wrapper elementor-main-swiper swiper-container\" dir=\"ltr\" data-animation=\"fadeInUp\">\n\t\t\t\t\t<div class=\"swiper-wrapper elementor-slides\">\n\t\t\t\t\t\t\t\t\t\t\t\t<div class=\"elementor-repeater-item-1da68ce swiper-slide\"><div class=\"swiper-slide-bg\" role=\"img\"><\/div><div class=\"swiper-slide-inner\" ><div class=\"swiper-slide-contents\"><\/div><\/div><\/div>\t\t\t\t\t<\/div>\n\t\t\t\t\t\t\t\t\t<\/div>\n\t\t\t<\/div>\n\t\t\t\t\t\t\t<\/div>\n\t\t\t\t<\/div>\n\t\t\t\t\t<\/div>\n\t\t<\/div>\n\t\t\t\t\t<\/div>\n\t\t<\/section>\n\t\t\t\t<\/div>\n\t\t\t\t<\/div>\n\t\t\t\t\t\t<\/div>\n\t\t\t\t<\/div>\n\t\t\t\t\t<\/div>\n\t\t<\/div>\n\t\t\t\t\t<\/div>\n\t\t<\/section>\n\t\t\t\t<section class=\"elementor-section elementor-top-section elementor-element elementor-element-748cbc8 elementor-section-boxed elementor-section-height-default elementor-section-height-default\" data-id=\"748cbc8\" data-element_type=\"section\" data-e-type=\"section\">\n\t\t\t\t\t\t<div class=\"elementor-container elementor-column-gap-no\">\n\t\t\t\t\t<div class=\"elementor-column elementor-col-50 elementor-top-column elementor-element elementor-element-1d612d7 animated-fast elementor-invisible\" data-id=\"1d612d7\" data-element_type=\"column\" data-e-type=\"column\" data-settings=\"{&quot;background_background&quot;:&quot;classic&quot;,&quot;animation&quot;:&quot;fadeIn&quot;,&quot;animation_tablet&quot;:&quot;none&quot;,&quot;animation_mobile&quot;:&quot;none&quot;,&quot;animation_delay&quot;:100}\">\n\t\t\t<div class=\"elementor-widget-wrap elementor-element-populated\">\n\t\t\t\t\t\t<div class=\"elementor-element elementor-element-af797b8 elementor-widget elementor-widget-heading\" data-id=\"af797b8\" data-element_type=\"widget\" data-e-type=\"widget\" data-widget_type=\"heading.default\">\n\t\t\t\t<div class=\"elementor-widget-container\">\n\t\t\t\t\t<h1 class=\"elementor-heading-title elementor-size-default\">Documents of public interest<\/h1>\t\t\t\t<\/div>\n\t\t\t\t<\/div>\n\t\t\t\t\t<\/div>\n\t\t<\/div>\n\t\t\t\t<div class=\"elementor-column elementor-col-50 elementor-top-column elementor-element elementor-element-cd569d3 elementor-hidden-desktop elementor-hidden-tablet elementor-hidden-phone\" data-id=\"cd569d3\" data-element_type=\"column\" data-e-type=\"column\">\n\t\t\t<div class=\"elementor-widget-wrap\">\n\t\t\t\t\t\t\t<\/div>\n\t\t<\/div>\n\t\t\t\t\t<\/div>\n\t\t<\/section>\n\t\t\t\t<section class=\"elementor-section elementor-top-section elementor-element elementor-element-439ad94 elementor-section-boxed elementor-section-height-default elementor-section-height-default\" data-id=\"439ad94\" data-element_type=\"section\" data-e-type=\"section\" data-settings=\"{&quot;animation&quot;:&quot;none&quot;,&quot;animation_tablet&quot;:&quot;none&quot;,&quot;animation_mobile&quot;:&quot;none&quot;,&quot;animation_delay&quot;:300}\">\n\t\t\t\t\t\t<div class=\"elementor-container elementor-column-gap-no\">\n\t\t\t\t\t<div class=\"elementor-column elementor-col-100 elementor-top-column elementor-element elementor-element-984fda1\" data-id=\"984fda1\" data-element_type=\"column\" data-e-type=\"column\">\n\t\t\t<div class=\"elementor-widget-wrap elementor-element-populated\">\n\t\t\t\t\t\t<div class=\"elementor-element elementor-element-a839c6e vamtam-theme-table-styles elementor-widget elementor-widget-toggle\" data-id=\"a839c6e\" data-element_type=\"widget\" data-e-type=\"widget\" data-widget_type=\"toggle.default\">\n\t\t\t\t<div class=\"elementor-widget-container\">\n\t\t\t\t\t\t\t<div class=\"elementor-toggle\">\n\t\t\t\t\t\t\t<div class=\"elementor-toggle-item\">\n\t\t\t\t\t<h3 id=\"elementor-tab-title-1761\" class=\"elementor-tab-title\" data-tab=\"1\" role=\"button\" aria-controls=\"elementor-tab-content-1761\" aria-expanded=\"false\">\n\t\t\t\t\t\t\t\t\t\t\t\t<span class=\"elementor-toggle-icon elementor-toggle-icon-right\" aria-hidden=\"true\">\n\t\t\t\t\t\t\t\t\t\t\t\t\t\t\t<span class=\"elementor-toggle-icon-closed\"><i class=\"vamtamtheme- vamtam-theme-arrow-down\"><\/i><\/span>\n\t\t\t\t\t\t\t\t<span class=\"elementor-toggle-icon-opened\"><i class=\"elementor-toggle-icon-opened vamtamtheme- vamtam-theme-arrow-up\"><\/i><\/span>\n\t\t\t\t\t\t\t\t\t\t\t\t\t<\/span>\n\t\t\t\t\t\t\t\t\t\t\t\t<a class=\"elementor-toggle-title\" tabindex=\"0\">Discipline de studiu<\/a>\n\t\t\t\t\t<\/h3>\n\n\t\t\t\t\t<div id=\"elementor-tab-content-1761\" class=\"elementor-tab-content elementor-clearfix\" data-tab=\"1\" role=\"region\" aria-labelledby=\"elementor-tab-title-1761\"><h3 class=\"vc_custom_heading vc_do_custom_heading vc_custom_1496569389584\">Level I<\/h3><div class=\"wpb_text_column wpb_content_element vc_custom_1556971861618\"><div class=\"wpb_wrapper\"><ul><li class=\"first-child\">Psihologia educa\u021biei<\/li><li>Pedagogie I \u2013 Fundamentele pedagogiei \/Teoria \u0219i metodologia curricumu-lui<\/li><li>Pedagogie II\u00a0\u2013 Teoria \u0219i metodologia instruirii\/Teoria \u0219i metodologia evaluarii<\/li><li>Didactica specializ\u0103rii<\/li><li>Instruire asistat\u0103 de calculator<\/li><li>Managementul clasei de elevi<\/li><li>Practic\u0103 pedagogic\u0103 \u00een inv\u0103\u021b\u0103m\u00e2ntul preuniversitar I<\/li><li class=\"last-child\">Practic\u0103 pedagogic\u0103 \u00een \u00eenv\u0103\u021b\u0103m\u00e2ntul preuniveristar II<\/li><\/ul><\/div><\/div><h3 class=\"vc_custom_heading vc_do_custom_heading vc_custom_1496569417250\">Nivelul II<\/h3><div class=\"wpb_text_column wpb_content_element vc_custom_1556971870105\"><div class=\"wpb_wrapper\"><ul><li class=\"first-child\">Psihopedagogia adolescen\u021bilor,tinerilor \u0219i adul\u021bilor<\/li><li>Proiectarea \u0219i managamentul programelor educa\u021bionale<\/li><li>Didactica domeniului \u0219i dezvolt\u0103rii \u00een didactica specializ\u0103rii<\/li><li>Managementul organiza\u021biei \u0219colare<\/li><li>Comunicare educa\u021bional\u0103<\/li><li class=\"last-child\">Practic\u0103 pedagogic\u0103 \u00een \u00eenv\u0103\u021b\u0103m\u00e2ntul liceal , postliceal \u0219i universitar<\/li><\/ul><\/div><\/div><h3 class=\"vc_custom_heading vc_do_custom_heading vc_custom_1496569435438\">Programul compact<\/h3><div class=\"wpb_text_column wpb_content_element vc_custom_1556971880752\"><div class=\"wpb_wrapper\"><ul><li class=\"first-child\">Psihologia educa\u021biei<\/li><li>Pedagogie I \u2013 Fundamentele pedagogiei \/Teoria \u0219i metodologia curricumu-lui<\/li><li>Pedagogie II- Teoria \u0219i metodologia instruirii\/Teoria \u0219i metodologia evaluarii<\/li><li>Managementul clasei de elevi<\/li><li>Instruire asistat\u0103 de calculator<\/li><li>Didactica specializ\u0103rii<\/li><li>Psihopedagogia adolescen\u021bilor,tinerilor \u0219i adul\u021bilor<\/li><li>Managementul organiza\u021biei \u0219colare<\/li><li>Proiectarea \u0219i managamentul programelor educa\u021bionale<\/li><li>Didactica domeniului \u0219i dezvolt\u0103rii \u00een didactica specializ\u0103rii<\/li><li>Practic\u0103 pedagogic\u0103 \u00een inv\u0103\u021b\u0103m\u00e2ntul preuniversitar<\/li><li>Practic\u0103 \u00een \u00eenv\u0103\u021b\u0103m\u00e2ntul liceal, postliceal, universitar<\/li><li class=\"last-child\">Comunicare educa\u021bional\u0103<\/li><\/ul><\/div><\/div><\/div>\n\t\t\t\t<\/div>\n\t\t\t\t\t\t\t<div class=\"elementor-toggle-item\">\n\t\t\t\t\t<h3 id=\"elementor-tab-title-1762\" class=\"elementor-tab-title\" data-tab=\"2\" role=\"button\" aria-controls=\"elementor-tab-content-1762\" aria-expanded=\"false\">\n\t\t\t\t\t\t\t\t\t\t\t\t<span class=\"elementor-toggle-icon elementor-toggle-icon-right\" aria-hidden=\"true\">\n\t\t\t\t\t\t\t\t\t\t\t\t\t\t\t<span class=\"elementor-toggle-icon-closed\"><i class=\"vamtamtheme- vamtam-theme-arrow-down\"><\/i><\/span>\n\t\t\t\t\t\t\t\t<span class=\"elementor-toggle-icon-opened\"><i class=\"elementor-toggle-icon-opened vamtamtheme- vamtam-theme-arrow-up\"><\/i><\/span>\n\t\t\t\t\t\t\t\t\t\t\t\t\t<\/span>\n\t\t\t\t\t\t\t\t\t\t\t\t<a class=\"elementor-toggle-title\" tabindex=\"0\">Regulations<\/a>\n\t\t\t\t\t<\/h3>\n\n\t\t\t\t\t<div id=\"elementor-tab-content-1762\" class=\"elementor-tab-content elementor-clearfix\" data-tab=\"2\" role=\"region\" aria-labelledby=\"elementor-tab-title-1762\"><ul><li><a href=\"\/wp-content\/uploads\/2026\/03\/Regulament-DSPP-1.pdf\"><strong>Regulament de organizare si functionare a Departamentului de Specialitate cu Profil Psihopedagogic<\/strong><\/a><\/li><li><a href=\"\/wp-content\/uploads\/2026\/03\/Regulament-DSPP-examene-absolvire-1.pdf\"><strong>Regulament de organizare si desfasurare a examenelor de absolvire a programelor de formare psihopedagogica<\/strong><\/a><\/li><li><a href=\"\/wp-content\/uploads\/2026\/03\/METODOLOGIE-DSPP-UTM-1.pdf\"><strong>Metodologia de organizare a programelor de formare psihopedagogica prin Departamentul de Specialitate cu Profil Psihopedagogic<\/strong><\/a><\/li><li><strong><a href=\"\/wp-content\/uploads\/2026\/03\/Regulament-de-evaluare-a-competentelor-si-eliberare-a-certificatelor-de-competenta-lingvistica-pentru-limba-romana.pdf\">Regulament de evaluare a competen\u021belor \u0219i eliberare a certificatelor de competen\u021b\u0103 lingvistic\u0103 pentru limba rom\u00e2n\u0103<\/a><\/strong><\/li><\/ul><\/div>\n\t\t\t\t<\/div>\n\t\t\t\t\t\t\t<div class=\"elementor-toggle-item\">\n\t\t\t\t\t<h3 id=\"elementor-tab-title-1763\" class=\"elementor-tab-title\" data-tab=\"3\" role=\"button\" aria-controls=\"elementor-tab-content-1763\" aria-expanded=\"false\">\n\t\t\t\t\t\t\t\t\t\t\t\t<span class=\"elementor-toggle-icon elementor-toggle-icon-right\" aria-hidden=\"true\">\n\t\t\t\t\t\t\t\t\t\t\t\t\t\t\t<span class=\"elementor-toggle-icon-closed\"><i class=\"vamtamtheme- vamtam-theme-arrow-down\"><\/i><\/span>\n\t\t\t\t\t\t\t\t<span class=\"elementor-toggle-icon-opened\"><i class=\"elementor-toggle-icon-opened vamtamtheme- vamtam-theme-arrow-up\"><\/i><\/span>\n\t\t\t\t\t\t\t\t\t\t\t\t\t<\/span>\n\t\t\t\t\t\t\t\t\t\t\t\t<a class=\"elementor-toggle-title\" tabindex=\"0\">Legisla\u021bie specific\u0103<\/a>\n\t\t\t\t\t<\/h3>\n\n\t\t\t\t\t<div id=\"elementor-tab-content-1763\" class=\"elementor-tab-content elementor-clearfix\" data-tab=\"3\" role=\"region\" aria-labelledby=\"elementor-tab-title-1763\"><p><embed src=\"\/wp-content\/uploads\/2026\/03\/METODOLOGIE-DSPP-UTM.pdf\" width=\"100%\" height=\"900px\"><\/embed><\/p><p><embed src=\"\/wp-content\/uploads\/2026\/03\/METODOLOGIA-de-organizare-a-programelor-de-formare-psihopedagogice-prin-DSPP-.pdf\" width=\"100%\" height=\"900px\"><\/embed><\/p><p><embed src=\"\/wp-content\/uploads\/2026\/03\/REGULAMENT-de-organizare-si-functionare-a-DSPP.pdf\" width=\"100%\" height=\"900px\"><\/embed><\/p><p><embed src=\"\/wp-content\/uploads\/2026\/03\/REGULAMENT-DSPP-privind-organizarea-si-desfasurarea-examenelor-de-absolvire.pdf\" width=\"100%\" height=\"900px\"><\/embed><\/p><p>\u00a0<\/p><hr \/><p>\u00a0<\/p><p><embed src=\"\/wp-content\/uploads\/2026\/03\/ordinul-3850-2017-forma-sintetica-pentru-data-2018-09-24.pdf\" width=\"100%\" height=\"900px\"><\/embed><\/p><\/div>\n\t\t\t\t<\/div>\n\t\t\t\t\t\t\t<div class=\"elementor-toggle-item\">\n\t\t\t\t\t<h3 id=\"elementor-tab-title-1764\" class=\"elementor-tab-title\" data-tab=\"4\" role=\"button\" aria-controls=\"elementor-tab-content-1764\" aria-expanded=\"false\">\n\t\t\t\t\t\t\t\t\t\t\t\t<span class=\"elementor-toggle-icon elementor-toggle-icon-right\" aria-hidden=\"true\">\n\t\t\t\t\t\t\t\t\t\t\t\t\t\t\t<span class=\"elementor-toggle-icon-closed\"><i class=\"vamtamtheme- vamtam-theme-arrow-down\"><\/i><\/span>\n\t\t\t\t\t\t\t\t<span class=\"elementor-toggle-icon-opened\"><i class=\"elementor-toggle-icon-opened vamtamtheme- vamtam-theme-arrow-up\"><\/i><\/span>\n\t\t\t\t\t\t\t\t\t\t\t\t\t<\/span>\n\t\t\t\t\t\t\t\t\t\t\t\t<a class=\"elementor-toggle-title\" tabindex=\"0\">Curriculum<\/a>\n\t\t\t\t\t<\/h3>\n\n\t\t\t\t\t<div id=\"elementor-tab-content-1764\" class=\"elementor-tab-content elementor-clearfix\" data-tab=\"4\" role=\"region\" aria-labelledby=\"elementor-tab-title-1764\"><ul>\n<li><a href=\"\/wp-content\/uploads\/2026\/03\/DSPP-plan-invatamant-compact-nivel-II.pdf\"><strong>DSPP plan \u00eenv\u0103\u021b\u0103m\u00e2nt compact nivel II<\/strong><\/a><\/li>\n<li><a href=\"\/wp-content\/uploads\/2026\/03\/DSPP-plan-invatamant-compact-nivel-I.pdf\"><strong>DSPP plan \u00eenv\u0103\u021b\u0103m\u00e2nt compact nivel I<\/strong><\/a><\/li>\n<li><a href=\"\/wp-content\/uploads\/2026\/03\/DSPP-plan-invatamant-2022-2023.pdf\"><strong>DSPP plan \u00eenv\u0103\u021b\u0103m\u00e2nt 2022-2023<\/strong><\/a><\/li>\n<\/ul>\n<\/div>\n\t\t\t\t<\/div>\n\t\t\t\t\t\t\t\t<\/div>\n\t\t\t\t\t\t<\/div>\n\t\t\t\t<\/div>\n\t\t\t\t\t<\/div>\n\t\t<\/div>\n\t\t\t\t\t<\/div>\n\t\t<\/section>\n\t\t\t\t<section class=\"elementor-section elementor-top-section elementor-element elementor-element-0b13f98 elementor-section-boxed elementor-section-height-default elementor-section-height-default\" data-id=\"0b13f98\" data-element_type=\"section\" data-e-type=\"section\">\n\t\t\t\t\t\t<div class=\"elementor-container elementor-column-gap-default\">\n\t\t\t\t\t<div class=\"elementor-column elementor-col-100 elementor-top-column elementor-element elementor-element-215a6bd\" data-id=\"215a6bd\" data-element_type=\"column\" data-e-type=\"column\">\n\t\t\t<div class=\"elementor-widget-wrap elementor-element-populated\">\n\t\t\t\t\t\t<div class=\"elementor-element elementor-element-ad32030 elementor-widget elementor-widget-spacer\" data-id=\"ad32030\" data-element_type=\"widget\" data-e-type=\"widget\" data-widget_type=\"spacer.default\">\n\t\t\t\t<div class=\"elementor-widget-container\">\n\t\t\t\t\t\t\t<div class=\"elementor-spacer\">\n\t\t\t<div class=\"elementor-spacer-inner\"><\/div>\n\t\t<\/div>\n\t\t\t\t\t\t<\/div>\n\t\t\t\t<\/div>\n\t\t\t\t\t<\/div>\n\t\t<\/div>\n\t\t\t\t\t<\/div>\n\t\t<\/section>\n\t\t\t\t<\/div>","protected":false},"excerpt":{"rendered":"<p>Documente de interes public Discipline de studiu Nivelul I Psihologia educa\u021biei Pedagogie I \u2013 Fundamentele pedagogiei \/Teoria \u0219i metodologia curricumu-lui Pedagogie II\u00a0\u2013 Teoria \u0219i metodologia instruirii\/Teoria \u0219i metodologia evaluarii Didactica specializ\u0103rii Instruire asistat\u0103 de calculator Managementul clasei de elevi Practic\u0103 pedagogic\u0103 \u00een inv\u0103\u021b\u0103m\u00e2ntul preuniversitar I Practic\u0103 pedagogic\u0103 \u00een \u00eenv\u0103\u021b\u0103m\u00e2ntul preuniveristar II Nivelul II Psihopedagogia adolescen\u021bilor,tinerilor&#8230;<\/p>","protected":false},"author":1,"featured_media":0,"parent":29595,"menu_order":0,"comment_status":"closed","ping_status":"closed","template":"","meta":{"footnotes":""},"class_list":["post-29664","page","type-page","status-publish","hentry"],"_links":{"self":[{"href":"https:\/\/site.utm.ro\/en\/wp-json\/wp\/v2\/pages\/29664","targetHints":{"allow":["GET"]}}],"collection":[{"href":"https:\/\/site.utm.ro\/en\/wp-json\/wp\/v2\/pages"}],"about":[{"href":"https:\/\/site.utm.ro\/en\/wp-json\/wp\/v2\/types\/page"}],"author":[{"embeddable":true,"href":"https:\/\/site.utm.ro\/en\/wp-json\/wp\/v2\/users\/1"}],"replies":[{"embeddable":true,"href":"https:\/\/site.utm.ro\/en\/wp-json\/wp\/v2\/comments?post=29664"}],"version-history":[{"count":0,"href":"https:\/\/site.utm.ro\/en\/wp-json\/wp\/v2\/pages\/29664\/revisions"}],"up":[{"embeddable":true,"href":"https:\/\/site.utm.ro\/en\/wp-json\/wp\/v2\/pages\/29595"}],"wp:attachment":[{"href":"https:\/\/site.utm.ro\/en\/wp-json\/wp\/v2\/media?parent=29664"}],"curies":[{"name":"wp","href":"https:\/\/api.w.org\/{rel}","templated":true}]}}