{"id":29641,"date":"2026-03-09T15:19:16","date_gmt":"2026-03-09T15:19:16","guid":{"rendered":"https:\/\/site.utm.ro\/?page_id=29641"},"modified":"2026-03-09T15:21:34","modified_gmt":"2026-03-09T15:21:34","slug":"cuvantul-directorului","status":"publish","type":"page","link":"https:\/\/site.utm.ro\/en\/departamentul-psihopedagogic\/cuvantul-directorului\/","title":{"rendered":"Word from the Director"},"content":{"rendered":"<div data-elementor-type=\"wp-page\" data-elementor-id=\"29641\" class=\"elementor elementor-29641\" data-elementor-post-type=\"page\">\n\t\t\t\t\t\t<section class=\"elementor-section elementor-top-section elementor-element elementor-element-ed035c7 elementor-section-full_width elementor-section-height-default elementor-section-height-default\" data-id=\"ed035c7\" data-element_type=\"section\" data-e-type=\"section\">\n\t\t\t\t\t\t<div class=\"elementor-container elementor-column-gap-default\">\n\t\t\t\t\t<div class=\"elementor-column elementor-col-100 elementor-top-column elementor-element elementor-element-3d1c1bd\" data-id=\"3d1c1bd\" data-element_type=\"column\" data-e-type=\"column\">\n\t\t\t<div class=\"elementor-widget-wrap elementor-element-populated\">\n\t\t\t\t\t\t<div class=\"elementor-element elementor-element-1f10558 elementor-widget elementor-widget-template\" data-id=\"1f10558\" data-element_type=\"widget\" data-e-type=\"widget\" data-widget_type=\"template.default\">\n\t\t\t\t<div class=\"elementor-widget-container\">\n\t\t\t\t\t\t\t<div class=\"elementor-template\">\n\t\t\t\t\t<div data-elementor-type=\"section\" data-elementor-id=\"29611\" class=\"elementor elementor-29611\" data-elementor-post-type=\"elementor_library\">\n\t\t\t\t\t<section class=\"elementor-section elementor-top-section elementor-element elementor-element-30b361f4 elementor-section-full_width elementor-section-height-default elementor-section-height-default\" data-id=\"30b361f4\" data-element_type=\"section\" data-e-type=\"section\">\n\t\t\t\t\t\t<div class=\"elementor-container elementor-column-gap-default\">\n\t\t\t\t\t<div class=\"elementor-column elementor-col-100 elementor-top-column elementor-element elementor-element-170f6fff\" data-id=\"170f6fff\" data-element_type=\"column\" data-e-type=\"column\">\n\t\t\t<div class=\"elementor-widget-wrap elementor-element-populated\">\n\t\t\t\t\t\t<div class=\"elementor-element elementor-element-224e85d9 elementor--h-position-center elementor--v-position-middle elementor-pagination-position-inside elementor-widget elementor-widget-slides\" data-id=\"224e85d9\" data-element_type=\"widget\" data-e-type=\"widget\" data-settings=\"{&quot;navigation&quot;:&quot;dots&quot;,&quot;autoplay&quot;:&quot;yes&quot;,&quot;pause_on_hover&quot;:&quot;yes&quot;,&quot;pause_on_interaction&quot;:&quot;yes&quot;,&quot;autoplay_speed&quot;:5000,&quot;infinite&quot;:&quot;yes&quot;,&quot;transition&quot;:&quot;slide&quot;,&quot;transition_speed&quot;:500}\" data-widget_type=\"slides.default\">\n\t\t\t\t<div class=\"elementor-widget-container\">\n\t\t\t\t\t\t\t\t<div class=\"elementor-swiper\">\n\t\t\t\t<div class=\"elementor-slides-wrapper elementor-main-swiper swiper-container\" dir=\"ltr\" data-animation=\"fadeInUp\">\n\t\t\t\t\t<div class=\"swiper-wrapper elementor-slides\">\n\t\t\t\t\t\t\t\t\t\t\t\t<div class=\"elementor-repeater-item-1da68ce swiper-slide\"><div class=\"swiper-slide-bg\" role=\"img\"><\/div><div class=\"swiper-slide-inner\" ><div class=\"swiper-slide-contents\"><\/div><\/div><\/div>\t\t\t\t\t<\/div>\n\t\t\t\t\t\t\t\t\t<\/div>\n\t\t\t<\/div>\n\t\t\t\t\t\t\t<\/div>\n\t\t\t\t<\/div>\n\t\t\t\t\t<\/div>\n\t\t<\/div>\n\t\t\t\t\t<\/div>\n\t\t<\/section>\n\t\t\t\t<\/div>\n\t\t\t\t<\/div>\n\t\t\t\t\t\t<\/div>\n\t\t\t\t<\/div>\n\t\t\t\t\t<\/div>\n\t\t<\/div>\n\t\t\t\t\t<\/div>\n\t\t<\/section>\n\t\t\t\t<section class=\"elementor-section elementor-top-section elementor-element elementor-element-5ee4744 elementor-section-boxed elementor-section-height-default elementor-section-height-default\" data-id=\"5ee4744\" data-element_type=\"section\" data-e-type=\"section\">\n\t\t\t\t\t\t<div class=\"elementor-container elementor-column-gap-no\">\n\t\t\t\t\t<div class=\"elementor-column elementor-col-50 elementor-top-column elementor-element elementor-element-f8c6a64 animated-fast elementor-invisible\" data-id=\"f8c6a64\" data-element_type=\"column\" data-e-type=\"column\" data-settings=\"{&quot;background_background&quot;:&quot;classic&quot;,&quot;animation&quot;:&quot;fadeIn&quot;,&quot;animation_tablet&quot;:&quot;none&quot;,&quot;animation_mobile&quot;:&quot;none&quot;,&quot;animation_delay&quot;:100}\">\n\t\t\t<div class=\"elementor-widget-wrap elementor-element-populated\">\n\t\t\t\t\t\t<div class=\"elementor-element elementor-element-cec8449 elementor-widget elementor-widget-heading\" data-id=\"cec8449\" data-element_type=\"widget\" data-e-type=\"widget\" data-widget_type=\"heading.default\">\n\t\t\t\t<div class=\"elementor-widget-container\">\n\t\t\t\t\t<h1 class=\"elementor-heading-title elementor-size-default\">Word from the Director<\/h1>\t\t\t\t<\/div>\n\t\t\t\t<\/div>\n\t\t\t\t\t<\/div>\n\t\t<\/div>\n\t\t\t\t<div class=\"elementor-column elementor-col-50 elementor-top-column elementor-element elementor-element-169ec67 elementor-hidden-desktop elementor-hidden-tablet elementor-hidden-phone\" data-id=\"169ec67\" data-element_type=\"column\" data-e-type=\"column\">\n\t\t\t<div class=\"elementor-widget-wrap\">\n\t\t\t\t\t\t\t<\/div>\n\t\t<\/div>\n\t\t\t\t\t<\/div>\n\t\t<\/section>\n\t\t\t\t<section class=\"elementor-section elementor-top-section elementor-element elementor-element-362219f elementor-section-boxed elementor-section-height-default elementor-section-height-default\" data-id=\"362219f\" data-element_type=\"section\" data-e-type=\"section\">\n\t\t\t\t\t\t<div class=\"elementor-container elementor-column-gap-default\">\n\t\t\t\t\t<div class=\"elementor-column elementor-col-100 elementor-top-column elementor-element elementor-element-a93d174\" data-id=\"a93d174\" data-element_type=\"column\" data-e-type=\"column\">\n\t\t\t<div class=\"elementor-widget-wrap elementor-element-populated\">\n\t\t\t\t\t\t<div class=\"elementor-element elementor-element-23420eb elementor-widget elementor-widget-text-editor\" data-id=\"23420eb\" data-element_type=\"widget\" data-e-type=\"widget\" data-widget_type=\"text-editor.default\">\n\t\t\t\t<div class=\"elementor-widget-container\">\n\t\t\t\t\t\t\t\t\t<div align=\"center\"><p align=\"justify\">Obiectivul strategic al\u00a0<strong>Department of Specialization with Psychopedagogical Profile (D.S.P.P.)<\/strong>\u00a0within\u00a0<strong>Universit\u0103\u0163ii \u201eTitu Maiorescu\u201d<\/strong>, \u00eel reprezint\u0103 construc\u0163ia unei entit\u0103\u0163i didactice \u015fi pedagogice moderne, care s\u0103 fie fundamentat\u0103 pe noile achizi\u0163ii ale \u015ftiin\u0163elor neuropsihologiei, psihosociologiei grupurilor \u015fi dezvolt\u0103rii automotiva\u0163iei pentru \u00eenv\u0103\u0163are.<\/p><\/div><p>Adaptarea mental\u0103 \u2013 \u201ereflex contemporan de urgen\u0163\u0103\u201d \u2013 \u015fi noua filozofie a educa\u0163iei vor facilita acceptarea \u015fi participarea la reforma \u00een \u00eenv\u0103\u0163\u0103m\u00e2nt a unei viziuni moderne, programatice, prin instrumentele didactice \u015fi metodice centrate pe inova\u0163ie, perfectare \u015fi generalizarea bunelor practici \u00een educa\u0163ie. Complexul cognitiv \u201e3S\u201d (stimulare, solu\u0163ie, setting) va aduce o important\u0103 schimbare la nivelul abord\u0103rii \u201eCulturii \u00eenv\u0103\u0163\u0103rii\u201d.<\/p><p>D.S.P.P.\u00a0este conceput, institu\u0163ional, ca structur\u0103 autonom\u0103 \u00een cadrul Universit\u0103\u0163ii \u201eTitu Maiorescu\u201d \u00een baza O.M.Ed.C. nr.4160\/12.06.2003, privind \u00eenfiin\u0163area D.S.P.P. \u00een cadrul Universit\u0103\u0163ii \u201eTitu Maiorescu\u201d din Bucure\u015fti, fapt ce i-a conferit autorizarea de func\u0163ionare. \u00cen \u00eentreaga sa activitate,\u00a0D.S.P.P. func\u0163ioneaz\u0103 conform Ordinului Ministrului nr.4316 din 03.06.2008 privind aprobarea programului de studii psihopedagogice \u00een vederea certific\u0103rii pentru profesia didactic\u0103 prin D.S.P.P.<\/p><p>D.S.P.P.\u00a0\u00ee\u015fi desf\u0103\u015foar\u0103 activitatea la standarde de calitate, urm\u0103rind \u00eendeplinirea criteriilor de performan\u0163\u0103 europene ale Ministerului Educa\u0163iei, Cercet\u0103rii \u015fi Tineretului \u015fi ARACIS.<\/p><p>Pe pia\u0163a muncii cre\u015fterea competen\u0163elor resurselor urmane este deja o necesitate urgent\u0103 care cap\u0103t\u0103, accentuat, valen\u0163e institu\u0163ionale: calitate, eficien\u0163\u0103, pragmatism, creativitate. \u00cen acest sens,\u00a0D.S.P.P. a proiectat \u015fi implementat planurile de \u00eenv\u0103\u0163\u0103m\u00e2nt, programele analitice \u015fi programele de preg\u0103tire \u015fi studiu, astfel \u00eenc\u00e2t acestea s\u0103 r\u0103spund\u0103 obiectivului nostru fundamental: formare ini\u0163ial\u0103, perfec\u0163ionare \u015fi consultan\u0163\u0103 \u00een profesia \u015fi pentru cariera didactic\u0103, educativ\u0103 \u015fi pedagogic\u0103.<\/p><p>Declara\u0163ia de la Bologna \u00eencurajeaz\u0103 o cultur\u0103 a \u00eenv\u0103\u0163\u0103rii care reclam\u0103 schimb\u0103ri importante la nivelul abord\u0103rii didactice, crearea unui cadru optim pentru actul \u00eenv\u0103\u0163\u0103rii, al form\u0103rii \u015fi dezvolt\u0103rii personale. Proiectarea acestor noi strategii educative solicit\u0103 implicit un spa\u0163iu al cercet\u0103rii \u015fi reflec\u0163iei psihopedagogice, unde\u00a0D.S.P.P. are un rol prioritar.<\/p><p>Definirea conceptelor de baz\u0103 ale domeniului educa\u0163iei, formarea competen\u0163elor necesare pentru proiectarea \u015fi realizarea activit\u0103\u0163ilor didactice, structurarea personalit\u0103\u0163ii pentru profesia didactic\u0103, reprezint\u0103 obiectivele generale ale D.S.P.P.<\/p><p>Dac\u0103 toate cele de mai sus v\u0103 motiveaz\u0103 \u015fi corespund nevoilor dumneavoastr\u0103, nu ezita\u0163i \u015fi aborda\u0163i-ne cu \u00eencredere!<\/p><p>D.S.P.P.\u00a0v\u0103 st\u0103 la dispozi\u0163ie \u015fi v\u0103 ofer\u0103 programele sale de studii psihopedagogice \u00een vederea certific\u0103rii pentru profesia didactic\u0103.<\/p><div align=\"center\">\u00a0<\/div><h4 align=\"center\">\u00a0<\/h4><div align=\"center\"><strong>Director al Departamentului de Specialitate cu Profil Psihopedagogic<\/strong><\/div><div align=\"center\"><p>DSPP organizeaza programele de pregatire psihopedagogica in baza Legii Educatiei Nr.1 \/ 2011 , Ordonanta Mininstrului nr. 3850\/ 2 mai 2017 si Ordonanata Ministrului nr. 4129 \/ 16.07.2018<\/p><\/div>\t\t\t\t\t\t\t\t<\/div>\n\t\t\t\t<\/div>\n\t\t\t\t\t<\/div>\n\t\t<\/div>\n\t\t\t\t\t<\/div>\n\t\t<\/section>\n\t\t\t\t<section class=\"elementor-section elementor-top-section elementor-element elementor-element-0b13f98 elementor-section-boxed elementor-section-height-default elementor-section-height-default\" data-id=\"0b13f98\" data-element_type=\"section\" data-e-type=\"section\">\n\t\t\t\t\t\t<div class=\"elementor-container elementor-column-gap-default\">\n\t\t\t\t\t<div class=\"elementor-column elementor-col-100 elementor-top-column elementor-element elementor-element-215a6bd\" data-id=\"215a6bd\" data-element_type=\"column\" data-e-type=\"column\">\n\t\t\t<div class=\"elementor-widget-wrap elementor-element-populated\">\n\t\t\t\t\t\t<div class=\"elementor-element elementor-element-ad32030 elementor-widget elementor-widget-spacer\" data-id=\"ad32030\" data-element_type=\"widget\" data-e-type=\"widget\" data-widget_type=\"spacer.default\">\n\t\t\t\t<div class=\"elementor-widget-container\">\n\t\t\t\t\t\t\t<div class=\"elementor-spacer\">\n\t\t\t<div class=\"elementor-spacer-inner\"><\/div>\n\t\t<\/div>\n\t\t\t\t\t\t<\/div>\n\t\t\t\t<\/div>\n\t\t\t\t\t<\/div>\n\t\t<\/div>\n\t\t\t\t\t<\/div>\n\t\t<\/section>\n\t\t\t\t<\/div>","protected":false},"excerpt":{"rendered":"<p>Cuv\u00e2ntul directorului Obiectivul strategic al\u00a0Departamentului de Specialitate cu Profil Psihopedagogic (D.S.P.P.)\u00a0din cadrul\u00a0Universit\u0103\u0163ii \u201eTitu Maiorescu\u201d, \u00eel reprezint\u0103 construc\u0163ia unei entit\u0103\u0163i didactice \u015fi pedagogice moderne, care s\u0103 fie fundamentat\u0103 pe noile achizi\u0163ii ale \u015ftiin\u0163elor neuropsihologiei, psihosociologiei grupurilor \u015fi dezvolt\u0103rii automotiva\u0163iei pentru \u00eenv\u0103\u0163are. Adaptarea mental\u0103 \u2013 \u201ereflex contemporan de urgen\u0163\u0103\u201d \u2013 \u015fi noua filozofie a educa\u0163iei vor facilita&#8230;<\/p>","protected":false},"author":1,"featured_media":0,"parent":29595,"menu_order":0,"comment_status":"closed","ping_status":"closed","template":"","meta":{"footnotes":""},"class_list":["post-29641","page","type-page","status-publish","hentry"],"_links":{"self":[{"href":"https:\/\/site.utm.ro\/en\/wp-json\/wp\/v2\/pages\/29641","targetHints":{"allow":["GET"]}}],"collection":[{"href":"https:\/\/site.utm.ro\/en\/wp-json\/wp\/v2\/pages"}],"about":[{"href":"https:\/\/site.utm.ro\/en\/wp-json\/wp\/v2\/types\/page"}],"author":[{"embeddable":true,"href":"https:\/\/site.utm.ro\/en\/wp-json\/wp\/v2\/users\/1"}],"replies":[{"embeddable":true,"href":"https:\/\/site.utm.ro\/en\/wp-json\/wp\/v2\/comments?post=29641"}],"version-history":[{"count":0,"href":"https:\/\/site.utm.ro\/en\/wp-json\/wp\/v2\/pages\/29641\/revisions"}],"up":[{"embeddable":true,"href":"https:\/\/site.utm.ro\/en\/wp-json\/wp\/v2\/pages\/29595"}],"wp:attachment":[{"href":"https:\/\/site.utm.ro\/en\/wp-json\/wp\/v2\/media?parent=29641"}],"curies":[{"name":"wp","href":"https:\/\/api.w.org\/{rel}","templated":true}]}}